{"id":4893,"date":"2022-04-01T12:48:56","date_gmt":"2022-04-01T12:48:56","guid":{"rendered":"https:\/\/govalf.com\/%d8%a7%d8%ad%d8%b5%d9%84-%d8%b9%d9%84%d9%89-%d8%b9%d8%b1%d8%b6\/"},"modified":"2022-04-01T12:48:56","modified_gmt":"2022-04-01T12:48:56","slug":"%d8%a7%d8%ad%d8%b5%d9%84-%d8%b9%d9%84%d9%89-%d8%b9%d8%b1%d8%b6","status":"publish","type":"page","link":"http:\/\/govalf.com\/ar\/%d8%a7%d8%ad%d8%b5%d9%84-%d8%b9%d9%84%d9%89-%d8%b9%d8%b1%d8%b6\/","title":{"rendered":"\u0627\u062d\u0635\u0644 \u0639\u0644\u0649 \u0639\u0631\u0636"},"content":{"rendered":"\t\t<div data-elementor-type=\"wp-page\" data-elementor-id=\"4893\" class=\"elementor elementor-4893\" data-elementor-post-type=\"page\">\n\t\t\t\t\t\t<section class=\"elementor-section elementor-top-section elementor-element elementor-element-2f2b58c elementor-section-boxed elementor-section-height-default elementor-section-height-default\" data-id=\"2f2b58c\" data-element_type=\"section\" data-e-type=\"section\">\n\t\t\t\t\t\t<div class=\"elementor-container elementor-column-gap-default\">\n\t\t\t\t\t<div class=\"elementor-column elementor-col-50 elementor-top-column elementor-element elementor-element-32b1c2c\" data-id=\"32b1c2c\" data-element_type=\"column\" data-e-type=\"column\">\n\t\t\t<div class=\"elementor-widget-wrap elementor-element-populated\">\n\t\t\t\t\t\t<div class=\"elementor-element elementor-element-7cba22c elementor-button-align-stretch elementor-widget elementor-widget-form\" data-id=\"7cba22c\" data-element_type=\"widget\" data-e-type=\"widget\" data-settings=\"{&quot;step_next_label&quot;:&quot;Next&quot;,&quot;step_previous_label&quot;:&quot;Previous&quot;,&quot;button_width&quot;:&quot;100&quot;,&quot;step_type&quot;:&quot;number_text&quot;,&quot;step_icon_shape&quot;:&quot;circle&quot;}\" data-widget_type=\"form.default\">\n\t\t\t\t<div class=\"elementor-widget-container\">\n\t\t\t\t\t\t\t<form class=\"elementor-form\" method=\"post\" name=\"\u0635\u064a\u063a\u0629 \u062c\u062f\u064a\u062f\u0629\">\n\t\t\t<input type=\"hidden\" name=\"post_id\" value=\"4893\"\/>\n\t\t\t<input type=\"hidden\" name=\"form_id\" value=\"7cba22c\"\/>\n\t\t\t<input type=\"hidden\" name=\"referer_title\" value=\"Go Valf Vana ve Pompa Sistemleri\" \/>\n\n\t\t\t\n\t\t\t<div class=\"elementor-form-fields-wrapper elementor-labels-above\">\n\t\t\t\t\t\t\t\t<div class=\"elementor-field-type-text elementor-field-group elementor-column elementor-field-group-name elementor-col-100 elementor-field-required elementor-mark-required\">\n\t\t\t\t\t\t\t\t\t\t\t\t<label for=\"form-field-name\" class=\"elementor-field-label\">\n\t\t\t\t\t\t\t\t\u0627\u0644\u0627\u0633\u0645 \u0648\u0627\u0644\u0644\u0642\u0628 \/ \u0627\u0633\u0645 \u0627\u0644\u0634\u0631\u0643\u0629\t\t\t\t\t\t\t<\/label>\n\t\t\t\t\t\t\t\t\t\t\t\t\t\t<input size=\"1\" type=\"text\" name=\"form_fields[name]\" id=\"form-field-name\" class=\"elementor-field elementor-size-sm  elementor-field-textual\" placeholder=\"\u0627\u0644\u0627\u0633\u0645 \u0648\u0627\u0644\u0644\u0642\u0628 \/ \u0627\u0633\u0645 \u0627\u0644\u0634\u0631\u0643\u0629\" required=\"required\" aria-required=\"true\">\n\t\t\t\t\t\t\t\t\t\t\t<\/div>\n\t\t\t\t\t\t\t\t<div class=\"elementor-field-type-email elementor-field-group elementor-column elementor-field-group-email elementor-col-50 elementor-field-required elementor-mark-required\">\n\t\t\t\t\t\t\t\t\t\t\t\t<label for=\"form-field-email\" class=\"elementor-field-label\">\n\t\t\t\t\t\t\t\t\u0628\u0631\u064a\u062f\u0643\u0645 \u0627\u0644\u0627\u0644\u0643\u062a\u0631\u0648\u0646\u064a\t\t\t\t\t\t\t<\/label>\n\t\t\t\t\t\t\t\t\t\t\t\t\t\t<input size=\"1\" type=\"email\" name=\"form_fields[email]\" id=\"form-field-email\" class=\"elementor-field elementor-size-sm  elementor-field-textual\" placeholder=\"\u0628\u0631\u064a\u062f\u0643\u0645 \u0627\u0644\u0627\u0644\u0643\u062a\u0631\u0648\u0646\u064a\" required=\"required\" aria-required=\"true\">\n\t\t\t\t\t\t\t\t\t\t\t<\/div>\n\t\t\t\t\t\t\t\t<div class=\"elementor-field-type-tel elementor-field-group elementor-column elementor-field-group-field_b90b58c elementor-col-50\">\n\t\t\t\t\t\t\t\t\t\t\t\t<label for=\"form-field-field_b90b58c\" class=\"elementor-field-label\">\n\t\t\t\t\t\t\t\t\u0631\u0642\u0645 \u0647\u0627\u062a\u0641\u0643\t\t\t\t\t\t\t<\/label>\n\t\t\t\t\t\t\t\t<input size=\"1\" type=\"tel\" name=\"form_fields[field_b90b58c]\" id=\"form-field-field_b90b58c\" class=\"elementor-field elementor-size-sm  elementor-field-textual\" placeholder=\"\u0631\u0642\u0645 \u0647\u0627\u062a\u0641\u0643\" pattern=\"[0-9()#&amp;+*-=.]+\" title=\"Only numbers and phone characters (#, -, *, etc) are accepted.\">\n\n\t\t\t\t\t\t<\/div>\n\t\t\t\t\t\t\t\t<div class=\"elementor-field-type-upload elementor-field-group elementor-column elementor-field-group-field_0e1458f elementor-col-30\">\n\t\t\t\t\t\t\t\t\t\t\t\t<label for=\"form-field-field_0e1458f\" class=\"elementor-field-label\">\n\t\t\t\t\t\t\t\t\u0631\u0641\u0639 \u0645\u0644\u0641\t\t\t\t\t\t\t<\/label>\n\t\t\t\t\t\t\t\t<input type=\"file\" name=\"form_fields[field_0e1458f]\" id=\"form-field-field_0e1458f\" class=\"elementor-field elementor-size-sm  elementor-upload-field\">\n\n\t\t\t\t\t\t<\/div>\n\t\t\t\t\t\t\t\t<div class=\"elementor-field-type-textarea elementor-field-group elementor-column elementor-field-group-message elementor-col-70 elementor-field-required elementor-mark-required\">\n\t\t\t\t\t\t\t\t\t\t\t\t<label for=\"form-field-message\" class=\"elementor-field-label\">\n\t\t\t\t\t\t\t\t\u0631\u0633\u0627\u0644\u062a\u0643\t\t\t\t\t\t\t<\/label>\n\t\t\t\t\t\t<textarea class=\"elementor-field-textual elementor-field  elementor-size-sm\" name=\"form_fields[message]\" id=\"form-field-message\" rows=\"4\" placeholder=\"\u0631\u0633\u0627\u0644\u062a\u0643\" required=\"required\" aria-required=\"true\"><\/textarea>\t\t\t\t<\/div>\n\t\t\t\t\t\t\t\t<div class=\"elementor-field-group elementor-column elementor-field-type-submit elementor-col-100 e-form__buttons\">\n\t\t\t\t\t<button class=\"elementor-button elementor-size-sm elementor-animation-shrink\" type=\"submit\">\n\t\t\t\t\t\t<span class=\"elementor-button-content-wrapper\">\n\t\t\t\t\t\t\t\t\t\t\t\t\t\t\t\t\t\t\t\t\t\t<span class=\"elementor-button-text\">\u0625\u0631\u0633\u0627\u0644<\/span>\n\t\t\t\t\t\t\t\t\t\t\t\t\t<\/span>\n\t\t\t\t\t<\/button>\n\t\t\t\t<\/div>\n\t\t\t<\/div>\n\t\t<\/form>\n\t\t\t\t\t\t<\/div>\n\t\t\t\t<\/div>\n\t\t\t\t\t<\/div>\n\t\t<\/div>\n\t\t\t\t<div class=\"elementor-column elementor-col-50 elementor-top-column elementor-element elementor-element-593e2b7\" data-id=\"593e2b7\" data-element_type=\"column\" data-e-type=\"column\">\n\t\t\t<div class=\"elementor-widget-wrap elementor-element-populated\">\n\t\t\t\t\t\t<div class=\"elementor-element elementor-element-a0befb4 elementor-widget elementor-widget-image\" data-id=\"a0befb4\" data-element_type=\"widget\" data-e-type=\"widget\" data-widget_type=\"image.default\">\n\t\t\t\t<div class=\"elementor-widget-container\">\n\t\t\t\t\t\t\t\t\t\t\t\t\t\t\t<img fetchpriority=\"high\" decoding=\"async\" width=\"2480\" height=\"3508\" src=\"http:\/\/govalf.com\/wp-content\/uploads\/2022\/02\/banner-1.png\" class=\"attachment-full size-full wp-image-3133\" alt=\"\" srcset=\"http:\/\/govalf.com\/wp-content\/uploads\/2022\/02\/banner-1.png 2480w, http:\/\/govalf.com\/wp-content\/uploads\/2022\/02\/banner-1-212x300.png 212w, http:\/\/govalf.com\/wp-content\/uploads\/2022\/02\/banner-1-724x1024.png 724w, http:\/\/govalf.com\/wp-content\/uploads\/2022\/02\/banner-1-768x1086.png 768w, http:\/\/govalf.com\/wp-content\/uploads\/2022\/02\/banner-1-1086x1536.png 1086w, http:\/\/govalf.com\/wp-content\/uploads\/2022\/02\/banner-1-1448x2048.png 1448w, http:\/\/govalf.com\/wp-content\/uploads\/2022\/02\/banner-1-600x849.png 600w\" sizes=\"(max-width: 2480px) 100vw, 2480px\" \/>\t\t\t\t\t\t\t\t\t\t\t\t\t\t\t<\/div>\n\t\t\t\t<\/div>\n\t\t\t\t\t<\/div>\n\t\t<\/div>\n\t\t\t\t\t<\/div>\n\t\t<\/section>\n\t\t\t\t<\/div>\n\t\t","protected":false},"excerpt":{"rendered":"","protected":false},"author":1,"featured_media":0,"parent":0,"menu_order":0,"comment_status":"closed","ping_status":"closed","template":"","meta":{"_acf_changed":false,"footnotes":""},"class_list":["post-4893","page","type-page","status-publish","hentry"],"acf":[],"yoast_head":"<!-- This site is optimized with the Yoast SEO plugin v27.4 - https:\/\/yoast.com\/product\/yoast-seo-wordpress\/ -->\n<title>\u0627\u062d\u0635\u0644 \u0639\u0644\u0649 \u0639\u0631\u0636 - Go Valf Vana ve Pompa Sistemleri<\/title>\n<meta name=\"robots\" content=\"index, follow, max-snippet:-1, max-image-preview:large, max-video-preview:-1\" \/>\n<link rel=\"canonical\" href=\"http:\/\/govalf.com\/ar\/\u0627\u062d\u0635\u0644-\u0639\u0644\u0649-\u0639\u0631\u0636\/\" \/>\n<meta property=\"og:locale\" content=\"ar_AR\" \/>\n<meta property=\"og:type\" content=\"article\" \/>\n<meta property=\"og:title\" content=\"\u0627\u062d\u0635\u0644 \u0639\u0644\u0649 \u0639\u0631\u0636 - Go Valf Vana ve Pompa Sistemleri\" \/>\n<meta property=\"og:url\" content=\"http:\/\/govalf.com\/ar\/\u0627\u062d\u0635\u0644-\u0639\u0644\u0649-\u0639\u0631\u0636\/\" \/>\n<meta property=\"og:site_name\" content=\"Go Valf Vana ve Pompa Sistemleri\" \/>\n<meta property=\"og:image\" content=\"https:\/\/govalf.com\/wp-content\/uploads\/2022\/02\/banner-1.png\" \/>\n<meta name=\"twitter:card\" content=\"summary_large_image\" \/>\n<script type=\"application\/ld+json\" class=\"yoast-schema-graph\">{\"@context\":\"https:\\\/\\\/schema.org\",\"@graph\":[{\"@type\":\"WebPage\",\"@id\":\"http:\\\/\\\/govalf.com\\\/ar\\\/%d8%a7%d8%ad%d8%b5%d9%84-%d8%b9%d9%84%d9%89-%d8%b9%d8%b1%d8%b6\\\/\",\"url\":\"http:\\\/\\\/govalf.com\\\/ar\\\/%d8%a7%d8%ad%d8%b5%d9%84-%d8%b9%d9%84%d9%89-%d8%b9%d8%b1%d8%b6\\\/\",\"name\":\"\u0627\u062d\u0635\u0644 \u0639\u0644\u0649 \u0639\u0631\u0636 - Go Valf Vana ve Pompa Sistemleri\",\"isPartOf\":{\"@id\":\"http:\\\/\\\/govalf.com\\\/ru\\\/#website\"},\"primaryImageOfPage\":{\"@id\":\"http:\\\/\\\/govalf.com\\\/ar\\\/%d8%a7%d8%ad%d8%b5%d9%84-%d8%b9%d9%84%d9%89-%d8%b9%d8%b1%d8%b6\\\/#primaryimage\"},\"image\":{\"@id\":\"http:\\\/\\\/govalf.com\\\/ar\\\/%d8%a7%d8%ad%d8%b5%d9%84-%d8%b9%d9%84%d9%89-%d8%b9%d8%b1%d8%b6\\\/#primaryimage\"},\"thumbnailUrl\":\"https:\\\/\\\/govalf.com\\\/wp-content\\\/uploads\\\/2022\\\/02\\\/banner-1.png\",\"datePublished\":\"2022-04-01T12:48:56+00:00\",\"breadcrumb\":{\"@id\":\"http:\\\/\\\/govalf.com\\\/ar\\\/%d8%a7%d8%ad%d8%b5%d9%84-%d8%b9%d9%84%d9%89-%d8%b9%d8%b1%d8%b6\\\/#breadcrumb\"},\"inLanguage\":\"ar\",\"potentialAction\":[{\"@type\":\"ReadAction\",\"target\":[\"http:\\\/\\\/govalf.com\\\/ar\\\/%d8%a7%d8%ad%d8%b5%d9%84-%d8%b9%d9%84%d9%89-%d8%b9%d8%b1%d8%b6\\\/\"]}]},{\"@type\":\"ImageObject\",\"inLanguage\":\"ar\",\"@id\":\"http:\\\/\\\/govalf.com\\\/ar\\\/%d8%a7%d8%ad%d8%b5%d9%84-%d8%b9%d9%84%d9%89-%d8%b9%d8%b1%d8%b6\\\/#primaryimage\",\"url\":\"https:\\\/\\\/govalf.com\\\/wp-content\\\/uploads\\\/2022\\\/02\\\/banner-1.png\",\"contentUrl\":\"https:\\\/\\\/govalf.com\\\/wp-content\\\/uploads\\\/2022\\\/02\\\/banner-1.png\"},{\"@type\":\"BreadcrumbList\",\"@id\":\"http:\\\/\\\/govalf.com\\\/ar\\\/%d8%a7%d8%ad%d8%b5%d9%84-%d8%b9%d9%84%d9%89-%d8%b9%d8%b1%d8%b6\\\/#breadcrumb\",\"itemListElement\":[{\"@type\":\"ListItem\",\"position\":1,\"name\":\"Anasayfa\",\"item\":\"http:\\\/\\\/govalf.com\\\/ar\\\/\"},{\"@type\":\"ListItem\",\"position\":2,\"name\":\"\u0627\u062d\u0635\u0644 \u0639\u0644\u0649 \u0639\u0631\u0636\"}]},{\"@type\":\"WebSite\",\"@id\":\"http:\\\/\\\/govalf.com\\\/ru\\\/#website\",\"url\":\"http:\\\/\\\/govalf.com\\\/ru\\\/\",\"name\":\"Go Valf Vana ve Pompa Sistemleri\",\"description\":\"Yang\u0131n S\u00f6nd\u00fcrme Sistemleri ve Ekipmanlar\u0131\",\"publisher\":{\"@id\":\"http:\\\/\\\/govalf.com\\\/ru\\\/#organization\"},\"potentialAction\":[{\"@type\":\"SearchAction\",\"target\":{\"@type\":\"EntryPoint\",\"urlTemplate\":\"http:\\\/\\\/govalf.com\\\/ru\\\/?s={search_term_string}\"},\"query-input\":{\"@type\":\"PropertyValueSpecification\",\"valueRequired\":true,\"valueName\":\"search_term_string\"}}],\"inLanguage\":\"ar\"},{\"@type\":\"Organization\",\"@id\":\"http:\\\/\\\/govalf.com\\\/ru\\\/#organization\",\"name\":\"Go Valf\",\"url\":\"http:\\\/\\\/govalf.com\\\/ru\\\/\",\"logo\":{\"@type\":\"ImageObject\",\"inLanguage\":\"ar\",\"@id\":\"http:\\\/\\\/govalf.com\\\/ru\\\/#\\\/schema\\\/logo\\\/image\\\/\",\"url\":\"https:\\\/\\\/govalf.com\\\/wp-content\\\/uploads\\\/2022\\\/02\\\/go-valf-logo.png\",\"contentUrl\":\"https:\\\/\\\/govalf.com\\\/wp-content\\\/uploads\\\/2022\\\/02\\\/go-valf-logo.png\",\"width\":504,\"height\":120,\"caption\":\"Go Valf\"},\"image\":{\"@id\":\"http:\\\/\\\/govalf.com\\\/ru\\\/#\\\/schema\\\/logo\\\/image\\\/\"}}]}<\/script>\n<!-- \/ Yoast SEO plugin. -->","yoast_head_json":{"title":"\u0627\u062d\u0635\u0644 \u0639\u0644\u0649 \u0639\u0631\u0636 - Go Valf Vana ve Pompa Sistemleri","robots":{"index":"index","follow":"follow","max-snippet":"max-snippet:-1","max-image-preview":"max-image-preview:large","max-video-preview":"max-video-preview:-1"},"canonical":"http:\/\/govalf.com\/ar\/\u0627\u062d\u0635\u0644-\u0639\u0644\u0649-\u0639\u0631\u0636\/","og_locale":"ar_AR","og_type":"article","og_title":"\u0627\u062d\u0635\u0644 \u0639\u0644\u0649 \u0639\u0631\u0636 - Go Valf Vana ve Pompa Sistemleri","og_url":"http:\/\/govalf.com\/ar\/\u0627\u062d\u0635\u0644-\u0639\u0644\u0649-\u0639\u0631\u0636\/","og_site_name":"Go Valf Vana ve Pompa Sistemleri","og_image":[{"url":"https:\/\/govalf.com\/wp-content\/uploads\/2022\/02\/banner-1.png","type":"","width":"","height":""}],"twitter_card":"summary_large_image","schema":{"@context":"https:\/\/schema.org","@graph":[{"@type":"WebPage","@id":"http:\/\/govalf.com\/ar\/%d8%a7%d8%ad%d8%b5%d9%84-%d8%b9%d9%84%d9%89-%d8%b9%d8%b1%d8%b6\/","url":"http:\/\/govalf.com\/ar\/%d8%a7%d8%ad%d8%b5%d9%84-%d8%b9%d9%84%d9%89-%d8%b9%d8%b1%d8%b6\/","name":"\u0627\u062d\u0635\u0644 \u0639\u0644\u0649 \u0639\u0631\u0636 - Go Valf Vana ve Pompa Sistemleri","isPartOf":{"@id":"http:\/\/govalf.com\/ru\/#website"},"primaryImageOfPage":{"@id":"http:\/\/govalf.com\/ar\/%d8%a7%d8%ad%d8%b5%d9%84-%d8%b9%d9%84%d9%89-%d8%b9%d8%b1%d8%b6\/#primaryimage"},"image":{"@id":"http:\/\/govalf.com\/ar\/%d8%a7%d8%ad%d8%b5%d9%84-%d8%b9%d9%84%d9%89-%d8%b9%d8%b1%d8%b6\/#primaryimage"},"thumbnailUrl":"https:\/\/govalf.com\/wp-content\/uploads\/2022\/02\/banner-1.png","datePublished":"2022-04-01T12:48:56+00:00","breadcrumb":{"@id":"http:\/\/govalf.com\/ar\/%d8%a7%d8%ad%d8%b5%d9%84-%d8%b9%d9%84%d9%89-%d8%b9%d8%b1%d8%b6\/#breadcrumb"},"inLanguage":"ar","potentialAction":[{"@type":"ReadAction","target":["http:\/\/govalf.com\/ar\/%d8%a7%d8%ad%d8%b5%d9%84-%d8%b9%d9%84%d9%89-%d8%b9%d8%b1%d8%b6\/"]}]},{"@type":"ImageObject","inLanguage":"ar","@id":"http:\/\/govalf.com\/ar\/%d8%a7%d8%ad%d8%b5%d9%84-%d8%b9%d9%84%d9%89-%d8%b9%d8%b1%d8%b6\/#primaryimage","url":"https:\/\/govalf.com\/wp-content\/uploads\/2022\/02\/banner-1.png","contentUrl":"https:\/\/govalf.com\/wp-content\/uploads\/2022\/02\/banner-1.png"},{"@type":"BreadcrumbList","@id":"http:\/\/govalf.com\/ar\/%d8%a7%d8%ad%d8%b5%d9%84-%d8%b9%d9%84%d9%89-%d8%b9%d8%b1%d8%b6\/#breadcrumb","itemListElement":[{"@type":"ListItem","position":1,"name":"Anasayfa","item":"http:\/\/govalf.com\/ar\/"},{"@type":"ListItem","position":2,"name":"\u0627\u062d\u0635\u0644 \u0639\u0644\u0649 \u0639\u0631\u0636"}]},{"@type":"WebSite","@id":"http:\/\/govalf.com\/ru\/#website","url":"http:\/\/govalf.com\/ru\/","name":"Go Valf Vana ve Pompa Sistemleri","description":"Yang\u0131n S\u00f6nd\u00fcrme Sistemleri ve Ekipmanlar\u0131","publisher":{"@id":"http:\/\/govalf.com\/ru\/#organization"},"potentialAction":[{"@type":"SearchAction","target":{"@type":"EntryPoint","urlTemplate":"http:\/\/govalf.com\/ru\/?s={search_term_string}"},"query-input":{"@type":"PropertyValueSpecification","valueRequired":true,"valueName":"search_term_string"}}],"inLanguage":"ar"},{"@type":"Organization","@id":"http:\/\/govalf.com\/ru\/#organization","name":"Go Valf","url":"http:\/\/govalf.com\/ru\/","logo":{"@type":"ImageObject","inLanguage":"ar","@id":"http:\/\/govalf.com\/ru\/#\/schema\/logo\/image\/","url":"https:\/\/govalf.com\/wp-content\/uploads\/2022\/02\/go-valf-logo.png","contentUrl":"https:\/\/govalf.com\/wp-content\/uploads\/2022\/02\/go-valf-logo.png","width":504,"height":120,"caption":"Go Valf"},"image":{"@id":"http:\/\/govalf.com\/ru\/#\/schema\/logo\/image\/"}}]}},"_links":{"self":[{"href":"http:\/\/govalf.com\/ar\/wp-json\/wp\/v2\/pages\/4893","targetHints":{"allow":["GET"]}}],"collection":[{"href":"http:\/\/govalf.com\/ar\/wp-json\/wp\/v2\/pages"}],"about":[{"href":"http:\/\/govalf.com\/ar\/wp-json\/wp\/v2\/types\/page"}],"author":[{"embeddable":true,"href":"http:\/\/govalf.com\/ar\/wp-json\/wp\/v2\/users\/1"}],"replies":[{"embeddable":true,"href":"http:\/\/govalf.com\/ar\/wp-json\/wp\/v2\/comments?post=4893"}],"version-history":[{"count":0,"href":"http:\/\/govalf.com\/ar\/wp-json\/wp\/v2\/pages\/4893\/revisions"}],"wp:attachment":[{"href":"http:\/\/govalf.com\/ar\/wp-json\/wp\/v2\/media?parent=4893"}],"curies":[{"name":"wp","href":"https:\/\/api.w.org\/{rel}","templated":true}]}}