{"id":4223,"date":"2022-03-22T10:25:31","date_gmt":"2022-03-22T10:25:31","guid":{"rendered":"https:\/\/govalf.com\/product\/systemes-dextinction-dincendie-de-type-conteneur\/"},"modified":"2022-06-21T16:48:30","modified_gmt":"2022-06-21T16:48:30","slug":"systemes-dextinction-dincendie-de-type-conteneur","status":"publish","type":"product","link":"http:\/\/govalf.com\/fr\/product\/systemes-dextinction-dincendie-de-type-conteneur\/","title":{"rendered":"Syst\u00e8mes D&rsquo;extinction D&rsquo;incendie de Type Conteneur"},"content":{"rendered":"<p><strong>Syst\u00e8mes d&rsquo;extinction d&rsquo;incendie de type conteneur<\/strong><\/p>\n<p>Les syst\u00e8mes d&rsquo;extinction d&rsquo;incendie de type conteneur sont une solution d&rsquo;extinction d&rsquo;incendie tr\u00e8s efficace, sp\u00e9cialement con\u00e7ue pour une utilisation dans les zones industrielles o\u00f9 le risque d&rsquo;incendie est \u00e9lev\u00e9. Gr\u00e2ce \u00e0 un syst\u00e8me sp\u00e9cial plac\u00e9 dans le conteneur, il peut lutter contre l&rsquo;incendie dans une certaine zone et peut \u00eatre appliqu\u00e9 \u00e0 tous les types de pompes du groupe d&rsquo;incendie. Ces syst\u00e8mes, qui promettent un haut niveau de fiabilit\u00e9 contre les risques d&rsquo;incendie, sont largement utilis\u00e9s notamment dans le domaine industriel et minier. Il peut \u00eatre utilis\u00e9 dans n&rsquo;importe quelle zone conforme \u00e0 l&rsquo;initiative, en particulier dans les zones de travail qui ne disposent pas d&rsquo;une zone appropri\u00e9e pour les syst\u00e8mes d&rsquo;incendie.<\/p>\n<h2><strong>Que sont les syst\u00e8mes d&rsquo;extinction d&rsquo;incendie de type conteneur et ce qu&rsquo;ils font?<\/strong><\/h2>\n<p>Les syst\u00e8mes d&rsquo;extinction d&rsquo;incendie de type conteneur offrent de nombreux avantages \u00e0 l&rsquo;utilisateur. Le plus important de ces avantages est qu&rsquo;il permet une installation facile. Un autre avantage important est qu&rsquo;il s&rsquo;agit d&rsquo;un syst\u00e8me ind\u00e9pendant de la structure ou de la zone \u00e0 prot\u00e9ger contre l&rsquo;incendie. Par cons\u00e9quent, il offre un espace important et un gain de place dans la structure.<\/p>\n<p>Cependant, un autre avantage des syst\u00e8mes d&rsquo;extinction d&rsquo;incendie de type conteneur est l&rsquo;\u00e9limination de la pollution sonore. Ce syst\u00e8me, qui a une structure hautement isol\u00e9e, permet d&rsquo;isoler le son. Le bruit caus\u00e9 par les moteurs qui tournent \u00e0 l&rsquo;int\u00e9rieur du conteneur n&rsquo;est pas transmis \u00e0 l&rsquo;ext\u00e9rieur et il n&rsquo;y a donc pas de nuisance sonore.<\/p>\n<h3><strong>Qu&rsquo;est-ce que les syst\u00e8mes d&rsquo;extinction d&rsquo;incendie de type conteneur?<\/strong><\/h3>\n<p>Les syst\u00e8mes d&rsquo;extinction d&rsquo;incendie de type conteneur sont un syst\u00e8me qui permet au syst\u00e8me dans un conteneur d&rsquo;intervenir dans l&rsquo;incendie avec un gaz chimique appel\u00e9 FM200. Bien que le gaz FM200 ait une structure chimique, il ne cause aucun dommage \u00e0 l&rsquo;homme ou \u00e0 l&rsquo;environnement. En m\u00eame temps, ce gaz, qui ne laisse pas de couleur, a une odeur distincte.<\/p>\n<p>La caract\u00e9ristique la plus importante des syst\u00e8mes d&rsquo;extinction d&rsquo;incendie de type conteneur est qu&rsquo;ils offrent une protection tr\u00e8s efficace et efficace dans les zones o\u00f9 l&rsquo;espace de stockage est limit\u00e9. Il peut \u00e9galement \u00eatre facilement utilis\u00e9 dans les zones o\u00f9 le risque d&rsquo;incendie est \u00e9lev\u00e9. Ces syst\u00e8mes peuvent \u00eatre utilis\u00e9s dans presque toutes les zones o\u00f9 le danger est \u00e9lev\u00e9, en particulier dans les zones o\u00f9 des mat\u00e9riaux inflammables sont stock\u00e9s.<\/p>\n<h3><strong>Que font les syst\u00e8mes d&rsquo;extinction d&rsquo;incendie de type conteneur?<\/strong><\/h3>\n<p>Les syst\u00e8mes d&rsquo;extinction d&rsquo;incendie de type conteneur ont une mission tr\u00e8s sp\u00e9ciale dans la protection de produits ou de zones de valeur. Des coffres de banque, des zones de stockage, des zones prot\u00e9g\u00e9es, des mus\u00e9es ou des archives peuvent figurer parmi ces zones pr\u00e9cieuses. La fonction la plus fondamentale de ce syst\u00e8me est de contr\u00f4ler le feu quelle que soit sa taille et de cr\u00e9er une solution efficace en minimisant les risques possibles.<\/p>\n<h3><strong>O\u00f9 sont utilis\u00e9s les syst\u00e8mes d&rsquo;extinction d&rsquo;incendie de type conteneur? <\/strong><\/h3>\n<p>Les syst\u00e8mes d&rsquo;extinction d&rsquo;incendie de type conteneur conviennent \u00e0 une utilisation dans presque tous les domaines o\u00f9 il existe des exigences en mati\u00e8re de pr\u00e9vention des incendies. Le syst\u00e8me, qui offre la solution la plus fiable dans ces domaines, est \u00e9galement largement pr\u00e9f\u00e9r\u00e9. Le syst\u00e8me fonctionne avec un dispositif d&rsquo;alerte et de d\u00e9tection pr\u00e9coce et permet de prendre des mesures de s\u00e9curit\u00e9 maximales.<\/p>\n<p>&nbsp;<\/p>\n<p>Il est possible de pr\u00e9f\u00e9rer ces syst\u00e8mes dans tous les domaines o\u00f9 une s\u00e9curit\u00e9 incendie maximale est requise. Les zones o\u00f9 les syst\u00e8mes d&rsquo;extinction d&rsquo;incendie de type conteneur sont pr\u00e9f\u00e9r\u00e9s peuvent \u00eatre r\u00e9pertori\u00e9es comme suit:<\/p>\n<ul>\n<li>Dans les domaines de l&rsquo;agriculture, de l&rsquo;\u00e9nergie, des mines,<\/li>\n<li>Dans les installations industrielles, les grandes usines et les zones de travail o\u00f9 le risque d&rsquo;incendie est \u00e9lev\u00e9,<\/li>\n<li>Dans les zones o\u00f9 sont fabriqu\u00e9s des entrep\u00f4ts de mati\u00e8res explosives ou dans des installations industrielles produisant des explosifs,<\/li>\n<li>Dans tous les b\u00e2timents o\u00f9 il n&rsquo;y a pas de zone appropri\u00e9e dans le b\u00e2timent,<\/li>\n<li>Dans les installations de nettoyage \u00e0 sec,,<\/li>\n<li>Dans les chambres fortes des banques, les centres des grandes institutions financi\u00e8res, les entrep\u00f4ts et les archives,<\/li>\n<li>Dans les mus\u00e9es et les installations de production chimique,<\/li>\n<\/ul>\n<p>Il est possible d&rsquo;utiliser des syst\u00e8mes d&rsquo;extinction d&rsquo;incendie de type conteneur dans presque tous les domaines n\u00e9cessaires. Si vous le souhaitez, plusieurs pompes peuvent \u00eatre int\u00e9gr\u00e9es au syst\u00e8me. Par cons\u00e9quent, si des mesures de s\u00e9curit\u00e9 suppl\u00e9mentaires sont n\u00e9cessaires, il est possible de r\u00e9aliser des \u00e9tudes suppl\u00e9mentaires.<\/p>\n","protected":false},"excerpt":{"rendered":"<p>Syst\u00e8mes d&rsquo;extinction d&rsquo;incendie de type conteneur Les syst\u00e8mes d&rsquo;extinction d&rsquo;incendie de type conteneur sont une solution d&rsquo;extinction d&rsquo;incendie tr\u00e8s efficace, sp\u00e9cialement con\u00e7ue pour une utilisation dans les zones industrielles o\u00f9 le risque d&rsquo;incendie est \u00e9lev\u00e9. Gr\u00e2ce \u00e0 un syst\u00e8me sp\u00e9cial plac\u00e9 dans le conteneur, il peut lutter contre l&rsquo;incendie dans une certaine zone et peut [&hellip;]<\/p>\n","protected":false},"featured_media":3760,"comment_status":"open","ping_status":"closed","template":"","meta":{"_acf_changed":false},"product_brand":[],"product_cat":[114],"product_tag":[],"class_list":{"0":"post-4223","1":"product","2":"type-product","3":"status-publish","4":"has-post-thumbnail","6":"product_cat-pompe","8":"first","9":"instock","10":"shipping-taxable","11":"product-type-simple"},"acf":[],"yoast_head":"<!-- This site is optimized with the Yoast SEO plugin v27.4 - https:\/\/yoast.com\/product\/yoast-seo-wordpress\/ -->\n<title>Syst\u00e8mes D&#039;extinction D&#039;incendie de Type Conteneur - Go Valf Vana ve Pompa Sistemleri<\/title>\n<meta name=\"robots\" content=\"index, follow, max-snippet:-1, max-image-preview:large, max-video-preview:-1\" \/>\n<link rel=\"canonical\" href=\"http:\/\/govalf.com\/fr\/product\/systemes-dextinction-dincendie-de-type-conteneur\/\" \/>\n<meta property=\"og:locale\" content=\"fr_FR\" \/>\n<meta property=\"og:type\" content=\"article\" \/>\n<meta property=\"og:title\" content=\"Syst\u00e8mes D&#039;extinction D&#039;incendie de Type Conteneur - Go Valf Vana ve Pompa Sistemleri\" \/>\n<meta property=\"og:description\" content=\"Syst\u00e8mes d&rsquo;extinction d&rsquo;incendie de type conteneur Les syst\u00e8mes d&rsquo;extinction d&rsquo;incendie de type conteneur sont une solution d&rsquo;extinction d&rsquo;incendie tr\u00e8s efficace, sp\u00e9cialement con\u00e7ue pour une utilisation dans les zones industrielles o\u00f9 le risque d&rsquo;incendie est \u00e9lev\u00e9. Gr\u00e2ce \u00e0 un syst\u00e8me sp\u00e9cial plac\u00e9 dans le conteneur, il peut lutter contre l&rsquo;incendie dans une certaine zone et peut [&hellip;]\" \/>\n<meta property=\"og:url\" content=\"http:\/\/govalf.com\/fr\/product\/systemes-dextinction-dincendie-de-type-conteneur\/\" \/>\n<meta property=\"og:site_name\" content=\"Go Valf Vana ve Pompa Sistemleri\" \/>\n<meta property=\"article:modified_time\" content=\"2022-06-21T16:48:30+00:00\" \/>\n<meta property=\"og:image\" content=\"http:\/\/govalf.com\/wp-content\/uploads\/2022\/03\/KONTEYNER-TI\u0307PI\u0307-YANGIN-SO\u0308NDU\u0308RME-SI\u0307STEMLERI\u0307-1024x1024.png\" \/>\n\t<meta property=\"og:image:width\" content=\"1024\" \/>\n\t<meta property=\"og:image:height\" content=\"1024\" \/>\n\t<meta property=\"og:image:type\" content=\"image\/png\" \/>\n<meta name=\"twitter:card\" content=\"summary_large_image\" \/>\n<meta name=\"twitter:label1\" content=\"Dur\u00e9e de lecture estim\u00e9e\" \/>\n\t<meta name=\"twitter:data1\" content=\"2 minutes\" \/>\n<script type=\"application\/ld+json\" class=\"yoast-schema-graph\">{\"@context\":\"https:\\\/\\\/schema.org\",\"@graph\":[{\"@type\":\"WebPage\",\"@id\":\"http:\\\/\\\/govalf.com\\\/fr\\\/product\\\/systemes-dextinction-dincendie-de-type-conteneur\\\/\",\"url\":\"http:\\\/\\\/govalf.com\\\/fr\\\/product\\\/systemes-dextinction-dincendie-de-type-conteneur\\\/\",\"name\":\"Syst\u00e8mes D'extinction D'incendie de Type Conteneur - Go Valf Vana ve Pompa Sistemleri\",\"isPartOf\":{\"@id\":\"http:\\\/\\\/govalf.com\\\/ru\\\/#website\"},\"primaryImageOfPage\":{\"@id\":\"http:\\\/\\\/govalf.com\\\/fr\\\/product\\\/systemes-dextinction-dincendie-de-type-conteneur\\\/#primaryimage\"},\"image\":{\"@id\":\"http:\\\/\\\/govalf.com\\\/fr\\\/product\\\/systemes-dextinction-dincendie-de-type-conteneur\\\/#primaryimage\"},\"thumbnailUrl\":\"http:\\\/\\\/govalf.com\\\/wp-content\\\/uploads\\\/2022\\\/03\\\/KONTEYNER-TI\u0307PI\u0307-YANGIN-SO\u0308NDU\u0308RME-SI\u0307STEMLERI\u0307.png\",\"datePublished\":\"2022-03-22T10:25:31+00:00\",\"dateModified\":\"2022-06-21T16:48:30+00:00\",\"breadcrumb\":{\"@id\":\"http:\\\/\\\/govalf.com\\\/fr\\\/product\\\/systemes-dextinction-dincendie-de-type-conteneur\\\/#breadcrumb\"},\"inLanguage\":\"fr-FR\",\"potentialAction\":[{\"@type\":\"ReadAction\",\"target\":[\"http:\\\/\\\/govalf.com\\\/fr\\\/product\\\/systemes-dextinction-dincendie-de-type-conteneur\\\/\"]}]},{\"@type\":\"ImageObject\",\"inLanguage\":\"fr-FR\",\"@id\":\"http:\\\/\\\/govalf.com\\\/fr\\\/product\\\/systemes-dextinction-dincendie-de-type-conteneur\\\/#primaryimage\",\"url\":\"http:\\\/\\\/govalf.com\\\/wp-content\\\/uploads\\\/2022\\\/03\\\/KONTEYNER-TI\u0307PI\u0307-YANGIN-SO\u0308NDU\u0308RME-SI\u0307STEMLERI\u0307.png\",\"contentUrl\":\"http:\\\/\\\/govalf.com\\\/wp-content\\\/uploads\\\/2022\\\/03\\\/KONTEYNER-TI\u0307PI\u0307-YANGIN-SO\u0308NDU\u0308RME-SI\u0307STEMLERI\u0307.png\",\"width\":5000,\"height\":5000,\"caption\":\"Konteyner Tipi Yang\u0131n S\u00f6nd\u00fcrme Sistemleri\"},{\"@type\":\"BreadcrumbList\",\"@id\":\"http:\\\/\\\/govalf.com\\\/fr\\\/product\\\/systemes-dextinction-dincendie-de-type-conteneur\\\/#breadcrumb\",\"itemListElement\":[{\"@type\":\"ListItem\",\"position\":1,\"name\":\"Anasayfa\",\"item\":\"http:\\\/\\\/govalf.com\\\/fr\\\/\"},{\"@type\":\"ListItem\",\"position\":2,\"name\":\"Products\",\"item\":\"http:\\\/\\\/govalf.com\\\/ru\\\/%d0%bf%d1%80%d0%be%d0%b4%d1%83%d0%ba%d1%82%d1%8b\\\/\"},{\"@type\":\"ListItem\",\"position\":3,\"name\":\"Syst\u00e8mes D&rsquo;extinction D&rsquo;incendie de Type Conteneur\"}]},{\"@type\":\"WebSite\",\"@id\":\"http:\\\/\\\/govalf.com\\\/ru\\\/#website\",\"url\":\"http:\\\/\\\/govalf.com\\\/ru\\\/\",\"name\":\"Go Valf Vana ve Pompa Sistemleri\",\"description\":\"Yang\u0131n S\u00f6nd\u00fcrme Sistemleri ve Ekipmanlar\u0131\",\"publisher\":{\"@id\":\"http:\\\/\\\/govalf.com\\\/ru\\\/#organization\"},\"potentialAction\":[{\"@type\":\"SearchAction\",\"target\":{\"@type\":\"EntryPoint\",\"urlTemplate\":\"http:\\\/\\\/govalf.com\\\/ru\\\/?s={search_term_string}\"},\"query-input\":{\"@type\":\"PropertyValueSpecification\",\"valueRequired\":true,\"valueName\":\"search_term_string\"}}],\"inLanguage\":\"fr-FR\"},{\"@type\":\"Organization\",\"@id\":\"http:\\\/\\\/govalf.com\\\/ru\\\/#organization\",\"name\":\"Go Valf\",\"url\":\"http:\\\/\\\/govalf.com\\\/ru\\\/\",\"logo\":{\"@type\":\"ImageObject\",\"inLanguage\":\"fr-FR\",\"@id\":\"http:\\\/\\\/govalf.com\\\/ru\\\/#\\\/schema\\\/logo\\\/image\\\/\",\"url\":\"https:\\\/\\\/govalf.com\\\/wp-content\\\/uploads\\\/2022\\\/02\\\/go-valf-logo.png\",\"contentUrl\":\"https:\\\/\\\/govalf.com\\\/wp-content\\\/uploads\\\/2022\\\/02\\\/go-valf-logo.png\",\"width\":504,\"height\":120,\"caption\":\"Go Valf\"},\"image\":{\"@id\":\"http:\\\/\\\/govalf.com\\\/ru\\\/#\\\/schema\\\/logo\\\/image\\\/\"}}]}<\/script>\n<!-- \/ Yoast SEO plugin. -->","yoast_head_json":{"title":"Syst\u00e8mes D'extinction D'incendie de Type Conteneur - Go Valf Vana ve Pompa Sistemleri","robots":{"index":"index","follow":"follow","max-snippet":"max-snippet:-1","max-image-preview":"max-image-preview:large","max-video-preview":"max-video-preview:-1"},"canonical":"http:\/\/govalf.com\/fr\/product\/systemes-dextinction-dincendie-de-type-conteneur\/","og_locale":"fr_FR","og_type":"article","og_title":"Syst\u00e8mes D'extinction D'incendie de Type Conteneur - Go Valf Vana ve Pompa Sistemleri","og_description":"Syst\u00e8mes d&rsquo;extinction d&rsquo;incendie de type conteneur Les syst\u00e8mes d&rsquo;extinction d&rsquo;incendie de type conteneur sont une solution d&rsquo;extinction d&rsquo;incendie tr\u00e8s efficace, sp\u00e9cialement con\u00e7ue pour une utilisation dans les zones industrielles o\u00f9 le risque d&rsquo;incendie est \u00e9lev\u00e9. Gr\u00e2ce \u00e0 un syst\u00e8me sp\u00e9cial plac\u00e9 dans le conteneur, il peut lutter contre l&rsquo;incendie dans une certaine zone et peut [&hellip;]","og_url":"http:\/\/govalf.com\/fr\/product\/systemes-dextinction-dincendie-de-type-conteneur\/","og_site_name":"Go Valf Vana ve Pompa Sistemleri","article_modified_time":"2022-06-21T16:48:30+00:00","og_image":[{"width":1024,"height":1024,"url":"http:\/\/govalf.com\/wp-content\/uploads\/2022\/03\/KONTEYNER-TI\u0307PI\u0307-YANGIN-SO\u0308NDU\u0308RME-SI\u0307STEMLERI\u0307-1024x1024.png","type":"image\/png"}],"twitter_card":"summary_large_image","twitter_misc":{"Dur\u00e9e de lecture estim\u00e9e":"2 minutes"},"schema":{"@context":"https:\/\/schema.org","@graph":[{"@type":"WebPage","@id":"http:\/\/govalf.com\/fr\/product\/systemes-dextinction-dincendie-de-type-conteneur\/","url":"http:\/\/govalf.com\/fr\/product\/systemes-dextinction-dincendie-de-type-conteneur\/","name":"Syst\u00e8mes D'extinction D'incendie de Type Conteneur - Go Valf Vana ve Pompa Sistemleri","isPartOf":{"@id":"http:\/\/govalf.com\/ru\/#website"},"primaryImageOfPage":{"@id":"http:\/\/govalf.com\/fr\/product\/systemes-dextinction-dincendie-de-type-conteneur\/#primaryimage"},"image":{"@id":"http:\/\/govalf.com\/fr\/product\/systemes-dextinction-dincendie-de-type-conteneur\/#primaryimage"},"thumbnailUrl":"http:\/\/govalf.com\/wp-content\/uploads\/2022\/03\/KONTEYNER-TI\u0307PI\u0307-YANGIN-SO\u0308NDU\u0308RME-SI\u0307STEMLERI\u0307.png","datePublished":"2022-03-22T10:25:31+00:00","dateModified":"2022-06-21T16:48:30+00:00","breadcrumb":{"@id":"http:\/\/govalf.com\/fr\/product\/systemes-dextinction-dincendie-de-type-conteneur\/#breadcrumb"},"inLanguage":"fr-FR","potentialAction":[{"@type":"ReadAction","target":["http:\/\/govalf.com\/fr\/product\/systemes-dextinction-dincendie-de-type-conteneur\/"]}]},{"@type":"ImageObject","inLanguage":"fr-FR","@id":"http:\/\/govalf.com\/fr\/product\/systemes-dextinction-dincendie-de-type-conteneur\/#primaryimage","url":"http:\/\/govalf.com\/wp-content\/uploads\/2022\/03\/KONTEYNER-TI\u0307PI\u0307-YANGIN-SO\u0308NDU\u0308RME-SI\u0307STEMLERI\u0307.png","contentUrl":"http:\/\/govalf.com\/wp-content\/uploads\/2022\/03\/KONTEYNER-TI\u0307PI\u0307-YANGIN-SO\u0308NDU\u0308RME-SI\u0307STEMLERI\u0307.png","width":5000,"height":5000,"caption":"Konteyner Tipi Yang\u0131n S\u00f6nd\u00fcrme Sistemleri"},{"@type":"BreadcrumbList","@id":"http:\/\/govalf.com\/fr\/product\/systemes-dextinction-dincendie-de-type-conteneur\/#breadcrumb","itemListElement":[{"@type":"ListItem","position":1,"name":"Anasayfa","item":"http:\/\/govalf.com\/fr\/"},{"@type":"ListItem","position":2,"name":"Products","item":"http:\/\/govalf.com\/ru\/%d0%bf%d1%80%d0%be%d0%b4%d1%83%d0%ba%d1%82%d1%8b\/"},{"@type":"ListItem","position":3,"name":"Syst\u00e8mes D&rsquo;extinction D&rsquo;incendie de Type Conteneur"}]},{"@type":"WebSite","@id":"http:\/\/govalf.com\/ru\/#website","url":"http:\/\/govalf.com\/ru\/","name":"Go Valf Vana ve Pompa Sistemleri","description":"Yang\u0131n S\u00f6nd\u00fcrme Sistemleri ve Ekipmanlar\u0131","publisher":{"@id":"http:\/\/govalf.com\/ru\/#organization"},"potentialAction":[{"@type":"SearchAction","target":{"@type":"EntryPoint","urlTemplate":"http:\/\/govalf.com\/ru\/?s={search_term_string}"},"query-input":{"@type":"PropertyValueSpecification","valueRequired":true,"valueName":"search_term_string"}}],"inLanguage":"fr-FR"},{"@type":"Organization","@id":"http:\/\/govalf.com\/ru\/#organization","name":"Go Valf","url":"http:\/\/govalf.com\/ru\/","logo":{"@type":"ImageObject","inLanguage":"fr-FR","@id":"http:\/\/govalf.com\/ru\/#\/schema\/logo\/image\/","url":"https:\/\/govalf.com\/wp-content\/uploads\/2022\/02\/go-valf-logo.png","contentUrl":"https:\/\/govalf.com\/wp-content\/uploads\/2022\/02\/go-valf-logo.png","width":504,"height":120,"caption":"Go Valf"},"image":{"@id":"http:\/\/govalf.com\/ru\/#\/schema\/logo\/image\/"}}]}},"_links":{"self":[{"href":"http:\/\/govalf.com\/fr\/wp-json\/wp\/v2\/product\/4223","targetHints":{"allow":["GET"]}}],"collection":[{"href":"http:\/\/govalf.com\/fr\/wp-json\/wp\/v2\/product"}],"about":[{"href":"http:\/\/govalf.com\/fr\/wp-json\/wp\/v2\/types\/product"}],"replies":[{"embeddable":true,"href":"http:\/\/govalf.com\/fr\/wp-json\/wp\/v2\/comments?post=4223"}],"wp:featuredmedia":[{"embeddable":true,"href":"http:\/\/govalf.com\/fr\/wp-json\/wp\/v2\/media\/3760"}],"wp:attachment":[{"href":"http:\/\/govalf.com\/fr\/wp-json\/wp\/v2\/media?parent=4223"}],"wp:term":[{"taxonomy":"product_brand","embeddable":true,"href":"http:\/\/govalf.com\/fr\/wp-json\/wp\/v2\/product_brand?post=4223"},{"taxonomy":"product_cat","embeddable":true,"href":"http:\/\/govalf.com\/fr\/wp-json\/wp\/v2\/product_cat?post=4223"},{"taxonomy":"product_tag","embeddable":true,"href":"http:\/\/govalf.com\/fr\/wp-json\/wp\/v2\/product_tag?post=4223"}],"curies":[{"name":"wp","href":"https:\/\/api.w.org\/{rel}","templated":true}]}}