{"id":4227,"date":"2022-03-11T11:38:08","date_gmt":"2022-03-22T10:38:23","guid":{"rendered":"https:\/\/govalf.com\/product\/pompe-a-chaleur-eau-air-wshp\/"},"modified":"2022-06-22T06:22:13","modified_gmt":"2022-06-22T06:22:13","slug":"pompe-a-chaleur-eau-air-wshp","status":"publish","type":"product","link":"http:\/\/govalf.com\/fr\/product\/pompe-a-chaleur-eau-air-wshp\/","title":{"rendered":"Pompe \u00e0 Chaleur Eau-Air \/ WSHP"},"content":{"rendered":"<p>Les pompes \u00e0 chaleur eau-air \/ WSHP sont des pompes qui soufflent la chaleur extraite de l&rsquo;eau en la convertissant en air. \u00a0Il est largement pr\u00e9f\u00e9r\u00e9 dans le cadre de solutions de climatisation, en particulier dans certaines r\u00e9gions, car il n\u00e9cessite un niveau \u00e9lev\u00e9 d&rsquo;approvisionnement en eau. Cependant, les syst\u00e8mes de pompes \u00e0 chaleur eau-air pr\u00e9sentent de nombreux avantages. Ces syst\u00e8mes, tr\u00e8s avantageux en termes d&rsquo;efficacit\u00e9 de climatisation, sont \u00e9galement avantageux en termes de co\u00fbts initiaux. En plus d&rsquo;un rendement \u00e9lev\u00e9, gr\u00e2ce \u00e0 ces syst\u00e8mes, aucun probl\u00e8me de son n&rsquo;est rencontr\u00e9 tout en \u00e9liminant les probl\u00e8mes de climatisation. De m\u00eame, ces syst\u00e8mes ont une forte isolation phonique.<\/p>\n<h3><strong>Pompe \u00e0 chaleur eau-air \/ Qu&rsquo;est-ce que WSHP et comment \u00e7a marche ?<\/strong><\/h3>\n<p>La pompe \u00e0 chaleur eau-air \/ WSHP est une solution de climatisation qui convertit la chaleur de l&rsquo;eau en air \u00e0 l&rsquo;aide d&rsquo;un ventilateur radial. Il est pr\u00e9f\u00e9r\u00e9 intens\u00e9ment car il s&rsquo;agit d&rsquo;une solution peu co\u00fbteuse ainsi que d&rsquo;une fonctionnalit\u00e9 extr\u00eamement silencieuse. En particulier, les co\u00fbts d&rsquo;installation initiaux du syst\u00e8me sont extr\u00eamement satisfaisants.<\/p>\n<p>Les syst\u00e8mes de pompes \u00e0 chaleur eau-air offrent des avantages significatifs en termes d&rsquo;efficacit\u00e9 thermique avec un \u00e9changeur de chaleur coaxial \u00e9lev\u00e9 . Deux syst\u00e8mes de tuyauterie, une tour de refroidissement et une chaudi\u00e8re sont utilis\u00e9s dans l&rsquo;installation de ce syst\u00e8me. Par cons\u00e9quent, le processus d&rsquo;installation est \u00e9galement tr\u00e8s rapide. Dans le processus d&rsquo;installation, le syst\u00e8me n&rsquo;a pas besoin d&rsquo;exigences \u00e9lev\u00e9es. Une autre raison du faible co\u00fbt est cette caract\u00e9ristique du syst\u00e8me.<\/p>\n<p><strong>Pompe \u00e0 chaleur eau-air \/ Qu&rsquo;est-ce que la WSHP ?<\/strong><\/p>\n<p>La pompe \u00e0 chaleur eau-air \/ WSHP est l&rsquo;une des solutions de climatisation \u00e0 source d&rsquo;eau. \u00a0Bien qu&rsquo;il existe de nombreuses raisons pour lesquelles il est pr\u00e9f\u00e9r\u00e9 aujourd&rsquo;hui, son \u00e9mission est inf\u00e9rieure aux solutions conventionnelles. Ainsi, il consomme moins d&rsquo;\u00e9nergie. Dans le m\u00eame temps, le syst\u00e8me a besoin d&rsquo;une faible pression de gaz, ce qui se traduit par un rendement tout aussi \u00e9lev\u00e9.<\/p>\n<p>Promettant un haut niveau d&rsquo;efficacit\u00e9 avec un minimum d&rsquo;\u00e9nergie, les solutions de climatisation \u00e0 base d&rsquo;eau exploitent au mieux toutes les propri\u00e9t\u00e9s de l&rsquo;eau. C&rsquo;est l&rsquo;un des mat\u00e9riaux avec la conductivit\u00e9 la plus \u00e9lev\u00e9e due \u00e0 l&rsquo;eau, au soleil et \u00e0 d&rsquo;autres sources de nutrition. Dans les syst\u00e8mes de chauffage eau-air, cette caract\u00e9ristique de l&rsquo;eau est utilis\u00e9e pour s&rsquo;assurer que l&rsquo;\u00e9nergie est utilis\u00e9e dans la climatisation de la mani\u00e8re la plus efficace.<\/p>\n<p><strong>Que fait une pompe \u00e0 chaleur eau-air<\/strong> <strong>\/ WSHP ?<\/strong><\/p>\n<p>La pompe \u00e0 chaleur eau-air \/ WSHP a un principe de fonctionnement unique. Dans ce syst\u00e8me, qui a une structure tr\u00e8s compliqu\u00e9e, des vannes \u00e0 3 voies permettent d&rsquo;utiliser la chaleur obtenue \u00e0 partir de l&rsquo;eau en circulation pour la climatisation. De plus, le syst\u00e8me promet un tr\u00e8s haut niveau d&rsquo;efficacit\u00e9 en termes d&rsquo;\u00e9conomies d&rsquo;\u00e9nergie.<\/p>\n<p>Le syst\u00e8me, qui est r\u00e9gl\u00e9 entre 15 et 30 degr\u00e9s, s&rsquo;active si la temp\u00e9rature est sup\u00e9rieure ou inf\u00e9rieure \u00e0 cette plage. Si la temp\u00e9rature est au niveau souhait\u00e9, au lieu de produire une nouvelle \u00e9nergie, il \u00e9quilibre la temp\u00e9rature en gagnant de la chaleur en lui-m\u00eame. Pendant ce processus, la tour et la chaudi\u00e8re, qui sont les deux parties les plus importantes du syst\u00e8me, ne sont pas en fonctionnement actif. \u00a0Autrement dit, cela ne fonctionne pas et une \u00e9conomie d&rsquo;\u00e9nergie significative est r\u00e9alis\u00e9e.<\/p>\n<p><strong>\u00a0<\/strong><\/p>\n<p><strong>\u00a0<\/strong><strong>O\u00f9 utiliser la pompe \u00e0 chaleur eau-air \/ WSHP\u00a0?<\/strong><\/p>\n<p>La pompe \u00e0 chaleur eau-air \/ WSHP convient \u00e0 une utilisation dans presque tous les domaines aujourd&rsquo;hui. On s&rsquo;attend \u00e0 ce que les grands b\u00e2timents et les structures g\u00e9antes soient dans la m\u00eame plage de temp\u00e9rature en toutes saisons de l&rsquo;ann\u00e9e. Le nombre de syst\u00e8mes de climatisation qui peuvent \u00eatre pr\u00e9f\u00e9r\u00e9s pour r\u00e9pondre \u00e0 de telles demandes est extr\u00eamement faible.<\/p>\n<p>Les zones int\u00e9rieures \u00e0 haute densit\u00e9 telles que les centres commerciaux, les immeubles \u00e0 plusieurs \u00e9tages, les h\u00f4tels, les \u00e9tablissements d&rsquo;h\u00e9bergement, les h\u00f4pitaux, les \u00e9tablissements d&rsquo;enseignement, les grands \u00e9tablissements de sant\u00e9 peuvent b\u00e9n\u00e9ficier de cette solution de climatisation. \u00a0Le syst\u00e8me de pompe \u00e0 chaleur eau-air est \u00e9galement une solution de climatisation respectueuse de l&rsquo;environnement. \u00a0En termes de design, on peut dire que le syst\u00e8me a une conception tr\u00e8s satisfaisante et esth\u00e9tique.<\/p>\n","protected":false},"excerpt":{"rendered":"<p>Les pompes \u00e0 chaleur eau-air \/ WSHP sont des pompes qui soufflent la chaleur extraite de l&rsquo;eau en la convertissant en air. \u00a0Il est largement pr\u00e9f\u00e9r\u00e9 dans le cadre de solutions de climatisation, en particulier dans certaines r\u00e9gions, car il n\u00e9cessite un niveau \u00e9lev\u00e9 d&rsquo;approvisionnement en eau. Cependant, les syst\u00e8mes de pompes \u00e0 chaleur eau-air [&hellip;]<\/p>\n","protected":false},"featured_media":3736,"comment_status":"open","ping_status":"closed","template":"","meta":{"_acf_changed":false},"product_brand":[],"product_cat":[115],"product_tag":[],"class_list":{"0":"post-4227","1":"product","2":"type-product","3":"status-publish","4":"has-post-thumbnail","6":"product_cat-dispositif-de-paquet","8":"first","9":"instock","10":"shipping-taxable","11":"product-type-simple"},"acf":[],"yoast_head":"<!-- This site is optimized with the Yoast SEO plugin v27.4 - https:\/\/yoast.com\/product\/yoast-seo-wordpress\/ -->\n<title>Pompe \u00e0 Chaleur Eau-Air \/ WSHP - Go Valf Vana ve Pompa Sistemleri<\/title>\n<meta name=\"robots\" content=\"index, follow, max-snippet:-1, max-image-preview:large, max-video-preview:-1\" \/>\n<link rel=\"canonical\" href=\"http:\/\/govalf.com\/fr\/product\/pompe-a-chaleur-eau-air-wshp\/\" \/>\n<meta property=\"og:locale\" content=\"fr_FR\" \/>\n<meta property=\"og:type\" content=\"article\" \/>\n<meta property=\"og:title\" content=\"Pompe \u00e0 Chaleur Eau-Air \/ WSHP - Go Valf Vana ve Pompa Sistemleri\" \/>\n<meta property=\"og:description\" content=\"Les pompes \u00e0 chaleur eau-air \/ WSHP sont des pompes qui soufflent la chaleur extraite de l&rsquo;eau en la convertissant en air. \u00a0Il est largement pr\u00e9f\u00e9r\u00e9 dans le cadre de solutions de climatisation, en particulier dans certaines r\u00e9gions, car il n\u00e9cessite un niveau \u00e9lev\u00e9 d&rsquo;approvisionnement en eau. Cependant, les syst\u00e8mes de pompes \u00e0 chaleur eau-air [&hellip;]\" \/>\n<meta property=\"og:url\" content=\"http:\/\/govalf.com\/fr\/product\/pompe-a-chaleur-eau-air-wshp\/\" \/>\n<meta property=\"og:site_name\" content=\"Go Valf Vana ve Pompa Sistemleri\" \/>\n<meta property=\"article:modified_time\" content=\"2022-06-22T06:22:13+00:00\" \/>\n<meta property=\"og:image\" content=\"http:\/\/govalf.com\/wp-content\/uploads\/2022\/03\/Sudan-Havaya-Isi-Pompasi-WSHP-1024x1024.png\" \/>\n\t<meta property=\"og:image:width\" content=\"1024\" \/>\n\t<meta property=\"og:image:height\" content=\"1024\" \/>\n\t<meta property=\"og:image:type\" content=\"image\/png\" \/>\n<meta name=\"twitter:card\" content=\"summary_large_image\" \/>\n<meta name=\"twitter:label1\" content=\"Dur\u00e9e de lecture estim\u00e9e\" \/>\n\t<meta name=\"twitter:data1\" content=\"1 minute\" \/>\n<script type=\"application\/ld+json\" class=\"yoast-schema-graph\">{\"@context\":\"https:\\\/\\\/schema.org\",\"@graph\":[{\"@type\":\"WebPage\",\"@id\":\"http:\\\/\\\/govalf.com\\\/fr\\\/product\\\/pompe-a-chaleur-eau-air-wshp\\\/\",\"url\":\"http:\\\/\\\/govalf.com\\\/fr\\\/product\\\/pompe-a-chaleur-eau-air-wshp\\\/\",\"name\":\"Pompe \u00e0 Chaleur Eau-Air \\\/ WSHP - Go Valf Vana ve Pompa Sistemleri\",\"isPartOf\":{\"@id\":\"http:\\\/\\\/govalf.com\\\/ru\\\/#website\"},\"primaryImageOfPage\":{\"@id\":\"http:\\\/\\\/govalf.com\\\/fr\\\/product\\\/pompe-a-chaleur-eau-air-wshp\\\/#primaryimage\"},\"image\":{\"@id\":\"http:\\\/\\\/govalf.com\\\/fr\\\/product\\\/pompe-a-chaleur-eau-air-wshp\\\/#primaryimage\"},\"thumbnailUrl\":\"http:\\\/\\\/govalf.com\\\/wp-content\\\/uploads\\\/2022\\\/03\\\/Sudan-Havaya-Isi-Pompasi-WSHP.png\",\"datePublished\":\"2022-03-22T10:38:23+00:00\",\"dateModified\":\"2022-06-22T06:22:13+00:00\",\"breadcrumb\":{\"@id\":\"http:\\\/\\\/govalf.com\\\/fr\\\/product\\\/pompe-a-chaleur-eau-air-wshp\\\/#breadcrumb\"},\"inLanguage\":\"fr-FR\",\"potentialAction\":[{\"@type\":\"ReadAction\",\"target\":[\"http:\\\/\\\/govalf.com\\\/fr\\\/product\\\/pompe-a-chaleur-eau-air-wshp\\\/\"]}]},{\"@type\":\"ImageObject\",\"inLanguage\":\"fr-FR\",\"@id\":\"http:\\\/\\\/govalf.com\\\/fr\\\/product\\\/pompe-a-chaleur-eau-air-wshp\\\/#primaryimage\",\"url\":\"http:\\\/\\\/govalf.com\\\/wp-content\\\/uploads\\\/2022\\\/03\\\/Sudan-Havaya-Isi-Pompasi-WSHP.png\",\"contentUrl\":\"http:\\\/\\\/govalf.com\\\/wp-content\\\/uploads\\\/2022\\\/03\\\/Sudan-Havaya-Isi-Pompasi-WSHP.png\",\"width\":5000,\"height\":5000,\"caption\":\"Sudan Havaya Is\u0131 Pompas\u0131 \\\/ WSHP\"},{\"@type\":\"BreadcrumbList\",\"@id\":\"http:\\\/\\\/govalf.com\\\/fr\\\/product\\\/pompe-a-chaleur-eau-air-wshp\\\/#breadcrumb\",\"itemListElement\":[{\"@type\":\"ListItem\",\"position\":1,\"name\":\"Anasayfa\",\"item\":\"http:\\\/\\\/govalf.com\\\/fr\\\/\"},{\"@type\":\"ListItem\",\"position\":2,\"name\":\"Products\",\"item\":\"http:\\\/\\\/govalf.com\\\/fr\\\/des-produits\\\/\"},{\"@type\":\"ListItem\",\"position\":3,\"name\":\"Pompe \u00e0 Chaleur Eau-Air \\\/ WSHP\"}]},{\"@type\":\"WebSite\",\"@id\":\"http:\\\/\\\/govalf.com\\\/ru\\\/#website\",\"url\":\"http:\\\/\\\/govalf.com\\\/ru\\\/\",\"name\":\"Go Valf Vana ve Pompa Sistemleri\",\"description\":\"Yang\u0131n S\u00f6nd\u00fcrme Sistemleri ve Ekipmanlar\u0131\",\"publisher\":{\"@id\":\"http:\\\/\\\/govalf.com\\\/ru\\\/#organization\"},\"potentialAction\":[{\"@type\":\"SearchAction\",\"target\":{\"@type\":\"EntryPoint\",\"urlTemplate\":\"http:\\\/\\\/govalf.com\\\/ru\\\/?s={search_term_string}\"},\"query-input\":{\"@type\":\"PropertyValueSpecification\",\"valueRequired\":true,\"valueName\":\"search_term_string\"}}],\"inLanguage\":\"fr-FR\"},{\"@type\":\"Organization\",\"@id\":\"http:\\\/\\\/govalf.com\\\/ru\\\/#organization\",\"name\":\"Go Valf\",\"url\":\"http:\\\/\\\/govalf.com\\\/ru\\\/\",\"logo\":{\"@type\":\"ImageObject\",\"inLanguage\":\"fr-FR\",\"@id\":\"http:\\\/\\\/govalf.com\\\/ru\\\/#\\\/schema\\\/logo\\\/image\\\/\",\"url\":\"https:\\\/\\\/govalf.com\\\/wp-content\\\/uploads\\\/2022\\\/02\\\/go-valf-logo.png\",\"contentUrl\":\"https:\\\/\\\/govalf.com\\\/wp-content\\\/uploads\\\/2022\\\/02\\\/go-valf-logo.png\",\"width\":504,\"height\":120,\"caption\":\"Go Valf\"},\"image\":{\"@id\":\"http:\\\/\\\/govalf.com\\\/ru\\\/#\\\/schema\\\/logo\\\/image\\\/\"}}]}<\/script>\n<!-- \/ Yoast SEO plugin. -->","yoast_head_json":{"title":"Pompe \u00e0 Chaleur Eau-Air \/ WSHP - Go Valf Vana ve Pompa Sistemleri","robots":{"index":"index","follow":"follow","max-snippet":"max-snippet:-1","max-image-preview":"max-image-preview:large","max-video-preview":"max-video-preview:-1"},"canonical":"http:\/\/govalf.com\/fr\/product\/pompe-a-chaleur-eau-air-wshp\/","og_locale":"fr_FR","og_type":"article","og_title":"Pompe \u00e0 Chaleur Eau-Air \/ WSHP - Go Valf Vana ve Pompa Sistemleri","og_description":"Les pompes \u00e0 chaleur eau-air \/ WSHP sont des pompes qui soufflent la chaleur extraite de l&rsquo;eau en la convertissant en air. \u00a0Il est largement pr\u00e9f\u00e9r\u00e9 dans le cadre de solutions de climatisation, en particulier dans certaines r\u00e9gions, car il n\u00e9cessite un niveau \u00e9lev\u00e9 d&rsquo;approvisionnement en eau. Cependant, les syst\u00e8mes de pompes \u00e0 chaleur eau-air [&hellip;]","og_url":"http:\/\/govalf.com\/fr\/product\/pompe-a-chaleur-eau-air-wshp\/","og_site_name":"Go Valf Vana ve Pompa Sistemleri","article_modified_time":"2022-06-22T06:22:13+00:00","og_image":[{"width":1024,"height":1024,"url":"http:\/\/govalf.com\/wp-content\/uploads\/2022\/03\/Sudan-Havaya-Isi-Pompasi-WSHP-1024x1024.png","type":"image\/png"}],"twitter_card":"summary_large_image","twitter_misc":{"Dur\u00e9e de lecture estim\u00e9e":"1 minute"},"schema":{"@context":"https:\/\/schema.org","@graph":[{"@type":"WebPage","@id":"http:\/\/govalf.com\/fr\/product\/pompe-a-chaleur-eau-air-wshp\/","url":"http:\/\/govalf.com\/fr\/product\/pompe-a-chaleur-eau-air-wshp\/","name":"Pompe \u00e0 Chaleur Eau-Air \/ WSHP - Go Valf Vana ve Pompa Sistemleri","isPartOf":{"@id":"http:\/\/govalf.com\/ru\/#website"},"primaryImageOfPage":{"@id":"http:\/\/govalf.com\/fr\/product\/pompe-a-chaleur-eau-air-wshp\/#primaryimage"},"image":{"@id":"http:\/\/govalf.com\/fr\/product\/pompe-a-chaleur-eau-air-wshp\/#primaryimage"},"thumbnailUrl":"http:\/\/govalf.com\/wp-content\/uploads\/2022\/03\/Sudan-Havaya-Isi-Pompasi-WSHP.png","datePublished":"2022-03-22T10:38:23+00:00","dateModified":"2022-06-22T06:22:13+00:00","breadcrumb":{"@id":"http:\/\/govalf.com\/fr\/product\/pompe-a-chaleur-eau-air-wshp\/#breadcrumb"},"inLanguage":"fr-FR","potentialAction":[{"@type":"ReadAction","target":["http:\/\/govalf.com\/fr\/product\/pompe-a-chaleur-eau-air-wshp\/"]}]},{"@type":"ImageObject","inLanguage":"fr-FR","@id":"http:\/\/govalf.com\/fr\/product\/pompe-a-chaleur-eau-air-wshp\/#primaryimage","url":"http:\/\/govalf.com\/wp-content\/uploads\/2022\/03\/Sudan-Havaya-Isi-Pompasi-WSHP.png","contentUrl":"http:\/\/govalf.com\/wp-content\/uploads\/2022\/03\/Sudan-Havaya-Isi-Pompasi-WSHP.png","width":5000,"height":5000,"caption":"Sudan Havaya Is\u0131 Pompas\u0131 \/ WSHP"},{"@type":"BreadcrumbList","@id":"http:\/\/govalf.com\/fr\/product\/pompe-a-chaleur-eau-air-wshp\/#breadcrumb","itemListElement":[{"@type":"ListItem","position":1,"name":"Anasayfa","item":"http:\/\/govalf.com\/fr\/"},{"@type":"ListItem","position":2,"name":"Products","item":"http:\/\/govalf.com\/fr\/des-produits\/"},{"@type":"ListItem","position":3,"name":"Pompe \u00e0 Chaleur Eau-Air \/ WSHP"}]},{"@type":"WebSite","@id":"http:\/\/govalf.com\/ru\/#website","url":"http:\/\/govalf.com\/ru\/","name":"Go Valf Vana ve Pompa Sistemleri","description":"Yang\u0131n S\u00f6nd\u00fcrme Sistemleri ve Ekipmanlar\u0131","publisher":{"@id":"http:\/\/govalf.com\/ru\/#organization"},"potentialAction":[{"@type":"SearchAction","target":{"@type":"EntryPoint","urlTemplate":"http:\/\/govalf.com\/ru\/?s={search_term_string}"},"query-input":{"@type":"PropertyValueSpecification","valueRequired":true,"valueName":"search_term_string"}}],"inLanguage":"fr-FR"},{"@type":"Organization","@id":"http:\/\/govalf.com\/ru\/#organization","name":"Go Valf","url":"http:\/\/govalf.com\/ru\/","logo":{"@type":"ImageObject","inLanguage":"fr-FR","@id":"http:\/\/govalf.com\/ru\/#\/schema\/logo\/image\/","url":"https:\/\/govalf.com\/wp-content\/uploads\/2022\/02\/go-valf-logo.png","contentUrl":"https:\/\/govalf.com\/wp-content\/uploads\/2022\/02\/go-valf-logo.png","width":504,"height":120,"caption":"Go Valf"},"image":{"@id":"http:\/\/govalf.com\/ru\/#\/schema\/logo\/image\/"}}]}},"_links":{"self":[{"href":"http:\/\/govalf.com\/fr\/wp-json\/wp\/v2\/product\/4227","targetHints":{"allow":["GET"]}}],"collection":[{"href":"http:\/\/govalf.com\/fr\/wp-json\/wp\/v2\/product"}],"about":[{"href":"http:\/\/govalf.com\/fr\/wp-json\/wp\/v2\/types\/product"}],"replies":[{"embeddable":true,"href":"http:\/\/govalf.com\/fr\/wp-json\/wp\/v2\/comments?post=4227"}],"wp:featuredmedia":[{"embeddable":true,"href":"http:\/\/govalf.com\/fr\/wp-json\/wp\/v2\/media\/3736"}],"wp:attachment":[{"href":"http:\/\/govalf.com\/fr\/wp-json\/wp\/v2\/media?parent=4227"}],"wp:term":[{"taxonomy":"product_brand","embeddable":true,"href":"http:\/\/govalf.com\/fr\/wp-json\/wp\/v2\/product_brand?post=4227"},{"taxonomy":"product_cat","embeddable":true,"href":"http:\/\/govalf.com\/fr\/wp-json\/wp\/v2\/product_cat?post=4227"},{"taxonomy":"product_tag","embeddable":true,"href":"http:\/\/govalf.com\/fr\/wp-json\/wp\/v2\/product_tag?post=4227"}],"curies":[{"name":"wp","href":"https:\/\/api.w.org\/{rel}","templated":true}]}}