{"id":4230,"date":"2022-03-22T10:44:59","date_gmt":"2022-03-22T10:44:59","guid":{"rendered":"https:\/\/govalf.com\/product\/amortisseurs-dair\/"},"modified":"2022-06-11T19:52:35","modified_gmt":"2022-06-11T19:52:35","slug":"amortisseurs-dair","status":"publish","type":"product","link":"http:\/\/govalf.com\/fr\/product\/amortisseurs-dair\/","title":{"rendered":"Amortisseurs D&rsquo;air"},"content":{"rendered":"<p>Amortisseurs d&rsquo;air; Les registres d&rsquo;air sont des outils utilis\u00e9s pour \u00e9vacuer les fum\u00e9es de mani\u00e8re contr\u00f4l\u00e9e en cas d&rsquo;un \u00e9ventuel incendie. Aujourd&rsquo;hui, les fonctions des volets d&rsquo;air, qui ont de nombreux types diff\u00e9rents, sont \u00e9galement diff\u00e9rentes les unes des autres. Les registres peuvent \u00eatre int\u00e9gr\u00e9s dans les syst\u00e8mes d&rsquo;extinction d&rsquo;incendie, ainsi que des mod\u00e8les avec une conception appropri\u00e9e pour une utilisation dans l&rsquo;\u00e9vacuation de l&rsquo;air. La principale caract\u00e9ristique des registres d&rsquo;air est de fournir \u00e9ventuellement un air confortable ou d&rsquo;\u00e9vacuer les fum\u00e9es en cas d&rsquo;incendie \u00e9ventuel. Ici, la fonction des registres d&rsquo;air peut \u00eatre d\u00e9termin\u00e9e en fonction des exigences d&rsquo;utilisation. En m\u00eame temps, ce type de registres peut \u00eatre utilis\u00e9 pour r\u00e9gler le d\u00e9bit d&rsquo;air et cr\u00e9er un niveau d&rsquo;air stable.<\/p>\n<h2><strong>Que sont les amortisseurs d&rsquo;air et ce qu&rsquo;ils font?<\/strong><\/h2>\n<p>Les registres d&rsquo;air ont pour t\u00e2che de r\u00e9guler le d\u00e9bit d&rsquo;air dans le syst\u00e8me. Cette t\u00e2che de r\u00e9gulation de l&rsquo;air peut \u00eatre effectu\u00e9e \u00e0 diff\u00e9rentes fins. Les types de registres d&rsquo;air qui r\u00e9gulent le processus d&rsquo;entr\u00e9e et de sortie d&rsquo;air ext\u00e9rieur, qui sont assez vari\u00e9s, sont les plus couramment pr\u00e9f\u00e9r\u00e9s aujourd&rsquo;hui. Ces registres permettent la circulation de l&rsquo;air en cassant la r\u00e9sistance \u00e9mergeant \u00e0 la prise d&rsquo;air ext\u00e9rieur.<\/p>\n<p>Les registres d&rsquo;entr\u00e9e-sortie d&rsquo;air ext\u00e9rieur ou les registres mixtes ont \u00e9galement une fonction d&rsquo;\u00e9tanch\u00e9it\u00e9. Gr\u00e2ce \u00e0 cette \u00e9tanch\u00e9it\u00e9, il emp\u00eache l&rsquo;eau de pluie d&rsquo;atteindre la zone int\u00e9rieure. Des sections distinctes de registres doivent \u00eatre utilis\u00e9es pour les demandes maximales et minimales d&rsquo;air ext\u00e9rieur.<\/p>\n<h3><strong>Que sont les amortisseurs d&rsquo;air? <\/strong><\/h3>\n<p>Les registres d&rsquo;air sont des produits utilis\u00e9s pour fournir un air confortable \u00e0 l&rsquo;int\u00e9rieur et pour d\u00e9terminer le d\u00e9bit d&rsquo;air ext\u00e9rieur. Comme on le sait, les entr\u00e9es d&rsquo;air ext\u00e9rieur ne sont pas toujours \u00e0 la m\u00eame r\u00e9sistance selon la construction locale. Il est donc possible d&rsquo;utiliser les registres d&rsquo;air de diff\u00e9rentes mani\u00e8res pour diff\u00e9rentes situations locales et pour r\u00e9pondre \u00e0 diff\u00e9rents objectifs.<\/p>\n<p>L&rsquo;un des probl\u00e8mes les plus fondamentaux rencontr\u00e9s dans la prise d&rsquo;air ext\u00e9rieur est la r\u00e9sistance. Une pression de vent particuli\u00e8rement \u00e9lev\u00e9e a un effet significatif sur la sortie et l&rsquo;entr\u00e9e d&rsquo;air ext\u00e9rieur. Des clapets anti-retour sont n\u00e9cessaires pour minimiser et \u00e9liminer cet effet. La t\u00e2che principale de ces registres est de stabiliser le d\u00e9bit d&rsquo;air ext\u00e9rieur en r\u00e9duisant autant que possible le refoulement.<\/p>\n<h3><strong>Que font les amortisseurs d&rsquo;air?<\/strong><\/h3>\n<p>Les registres d&rsquo;air peuvent \u00eatre pr\u00e9f\u00e9r\u00e9s pour une gamme extr\u00eamement large d&rsquo;exigences d&rsquo;utilisation, comme indiqu\u00e9. Cependant, la fonction la plus \u00e9l\u00e9mentaire des volets d&rsquo;air est de r\u00e9guler le syst\u00e8me d&rsquo;entr\u00e9e et de sortie d&rsquo;air. Les registres dot\u00e9s de cette fonction sont constitu\u00e9s de deux lamelles positionn\u00e9es \u00e0 100 mm d&rsquo;intervalle sur le profil\u00e9.<\/p>\n<p>Ces ailes se d\u00e9placent dans des directions oppos\u00e9es les unes aux autres. Ajust\u00e9 pour de faibles niveaux de r\u00e9sistance, le volet d&rsquo;air a une structure a\u00e9rodynamique. Les registres d&rsquo;air, dans lesquels le r\u00e9glage du d\u00e9bit s&rsquo;effectue \u00e0 l&rsquo;aide d&rsquo;un servomoteur, disposent \u00e9galement d&rsquo;un bras de registre. Il est possible de r\u00e9gler manuellement le d\u00e9bit \u00e0 l&rsquo;aide de la manette des gaz. Les sections d&rsquo;ouverture et d&rsquo;entr\u00e9e sur le bras du registre indiquent si le registre est en position ouverte ou ferm\u00e9e.<\/p>\n<h3><strong>O\u00f9 sont utilis\u00e9s les amortisseurs d&rsquo;air? <\/strong><\/h3>\n<p>Les registres d&rsquo;air sont des produits de r\u00e9glage du d\u00e9bit d&rsquo;air largement pr\u00e9f\u00e9r\u00e9s dans les immeubles de grande hauteur. Dans le m\u00eame temps, les volets d&rsquo;air peuvent \u00eatre utilis\u00e9s dans les r\u00e9gions \u00e0 forte pression de vent. Il est possible d&rsquo;utiliser des registres d&rsquo;air \u00e0 diff\u00e9rentes fins, qui sont aujourd&rsquo;hui largement utilis\u00e9s dans le secteur industriel ou du commerce de d\u00e9tail.<\/p>\n<p>La tr\u00e8s grande vari\u00e9t\u00e9 de volets d&rsquo;air peut poser des probl\u00e8mes dans le choix du bon produit. Le fait que les fabricants utilisent des d\u00e9nominations diff\u00e9rentes est le facteur le plus fondamental dans la r\u00e9solution de certains probl\u00e8mes terminologiques et d\u00e9finitionnels. Par cons\u00e9quent, si des volets d&rsquo;air sont utilis\u00e9s, il convient de s&rsquo;assurer que le bon produit est choisi.<\/p>\n<p>&nbsp;<\/p>\n","protected":false},"excerpt":{"rendered":"<p>Amortisseurs d&rsquo;air; Les registres d&rsquo;air sont des outils utilis\u00e9s pour \u00e9vacuer les fum\u00e9es de mani\u00e8re contr\u00f4l\u00e9e en cas d&rsquo;un \u00e9ventuel incendie. Aujourd&rsquo;hui, les fonctions des volets d&rsquo;air, qui ont de nombreux types diff\u00e9rents, sont \u00e9galement diff\u00e9rentes les unes des autres. Les registres peuvent \u00eatre int\u00e9gr\u00e9s dans les syst\u00e8mes d&rsquo;extinction d&rsquo;incendie, ainsi que des mod\u00e8les avec [&hellip;]<\/p>\n","protected":false},"featured_media":5590,"comment_status":"open","ping_status":"closed","template":"","meta":{"_acf_changed":false},"product_brand":[],"product_cat":[117],"product_tag":[],"class_list":{"0":"post-4230","1":"product","2":"type-product","3":"status-publish","4":"has-post-thumbnail","6":"product_cat-ventilateurs","8":"first","9":"instock","10":"shipping-taxable","11":"product-type-simple"},"acf":[],"yoast_head":"<!-- This site is optimized with the Yoast SEO plugin v27.4 - https:\/\/yoast.com\/product\/yoast-seo-wordpress\/ -->\n<title>Amortisseurs D&#039;air - Go Valf Vana ve Pompa Sistemleri<\/title>\n<meta name=\"description\" content=\"Amortisseurs d&#039;air; Les registres d&#039;air sont des outils utilis\u00e9s pour \u00e9vacuer les fum\u00e9es de mani\u00e8re contr\u00f4l\u00e9e en cas d&#039;un \u00e9ventuel incendie.\" \/>\n<meta name=\"robots\" content=\"index, follow, max-snippet:-1, max-image-preview:large, max-video-preview:-1\" \/>\n<link rel=\"canonical\" href=\"http:\/\/govalf.com\/fr\/product\/amortisseurs-dair\/\" \/>\n<meta property=\"og:locale\" content=\"fr_FR\" \/>\n<meta property=\"og:type\" content=\"article\" \/>\n<meta property=\"og:title\" content=\"Amortisseurs D&#039;air - Go Valf Vana ve Pompa Sistemleri\" \/>\n<meta property=\"og:description\" content=\"Amortisseurs d&#039;air; Les registres d&#039;air sont des outils utilis\u00e9s pour \u00e9vacuer les fum\u00e9es de mani\u00e8re contr\u00f4l\u00e9e en cas d&#039;un \u00e9ventuel incendie.\" \/>\n<meta property=\"og:url\" content=\"http:\/\/govalf.com\/fr\/product\/amortisseurs-dair\/\" \/>\n<meta property=\"og:site_name\" content=\"Go Valf Vana ve Pompa Sistemleri\" \/>\n<meta property=\"article:modified_time\" content=\"2022-06-11T19:52:35+00:00\" \/>\n<meta property=\"og:image\" content=\"http:\/\/govalf.com\/wp-content\/uploads\/2022\/03\/Amortisseurs-dair-scaled.webp\" \/>\n\t<meta property=\"og:image:width\" content=\"2560\" \/>\n\t<meta property=\"og:image:height\" content=\"2560\" \/>\n\t<meta property=\"og:image:type\" content=\"image\/webp\" \/>\n<meta name=\"twitter:card\" content=\"summary_large_image\" \/>\n<meta name=\"twitter:label1\" content=\"Dur\u00e9e de lecture estim\u00e9e\" \/>\n\t<meta name=\"twitter:data1\" content=\"4 minutes\" \/>\n<script type=\"application\/ld+json\" class=\"yoast-schema-graph\">{\"@context\":\"https:\\\/\\\/schema.org\",\"@graph\":[{\"@type\":\"WebPage\",\"@id\":\"http:\\\/\\\/govalf.com\\\/fr\\\/product\\\/amortisseurs-dair\\\/\",\"url\":\"http:\\\/\\\/govalf.com\\\/fr\\\/product\\\/amortisseurs-dair\\\/\",\"name\":\"Amortisseurs D'air - Go Valf Vana ve Pompa Sistemleri\",\"isPartOf\":{\"@id\":\"http:\\\/\\\/govalf.com\\\/ru\\\/#website\"},\"primaryImageOfPage\":{\"@id\":\"http:\\\/\\\/govalf.com\\\/fr\\\/product\\\/amortisseurs-dair\\\/#primaryimage\"},\"image\":{\"@id\":\"http:\\\/\\\/govalf.com\\\/fr\\\/product\\\/amortisseurs-dair\\\/#primaryimage\"},\"thumbnailUrl\":\"http:\\\/\\\/govalf.com\\\/wp-content\\\/uploads\\\/2022\\\/03\\\/Amortisseurs-dair-scaled.webp\",\"datePublished\":\"2022-03-22T10:44:59+00:00\",\"dateModified\":\"2022-06-11T19:52:35+00:00\",\"description\":\"Amortisseurs d'air; Les registres d'air sont des outils utilis\u00e9s pour \u00e9vacuer les fum\u00e9es de mani\u00e8re contr\u00f4l\u00e9e en cas d'un \u00e9ventuel incendie.\",\"breadcrumb\":{\"@id\":\"http:\\\/\\\/govalf.com\\\/fr\\\/product\\\/amortisseurs-dair\\\/#breadcrumb\"},\"inLanguage\":\"fr-FR\",\"potentialAction\":[{\"@type\":\"ReadAction\",\"target\":[\"http:\\\/\\\/govalf.com\\\/fr\\\/product\\\/amortisseurs-dair\\\/\"]}]},{\"@type\":\"ImageObject\",\"inLanguage\":\"fr-FR\",\"@id\":\"http:\\\/\\\/govalf.com\\\/fr\\\/product\\\/amortisseurs-dair\\\/#primaryimage\",\"url\":\"http:\\\/\\\/govalf.com\\\/wp-content\\\/uploads\\\/2022\\\/03\\\/Amortisseurs-dair-scaled.webp\",\"contentUrl\":\"http:\\\/\\\/govalf.com\\\/wp-content\\\/uploads\\\/2022\\\/03\\\/Amortisseurs-dair-scaled.webp\",\"width\":2560,\"height\":2560,\"caption\":\"Amortisseurs d'air\"},{\"@type\":\"BreadcrumbList\",\"@id\":\"http:\\\/\\\/govalf.com\\\/fr\\\/product\\\/amortisseurs-dair\\\/#breadcrumb\",\"itemListElement\":[{\"@type\":\"ListItem\",\"position\":1,\"name\":\"Anasayfa\",\"item\":\"http:\\\/\\\/govalf.com\\\/fr\\\/\"},{\"@type\":\"ListItem\",\"position\":2,\"name\":\"Products\",\"item\":\"http:\\\/\\\/govalf.com\\\/ru\\\/%d0%bf%d1%80%d0%be%d0%b4%d1%83%d0%ba%d1%82%d1%8b\\\/\"},{\"@type\":\"ListItem\",\"position\":3,\"name\":\"Amortisseurs D&rsquo;air\"}]},{\"@type\":\"WebSite\",\"@id\":\"http:\\\/\\\/govalf.com\\\/ru\\\/#website\",\"url\":\"http:\\\/\\\/govalf.com\\\/ru\\\/\",\"name\":\"Go Valf Vana ve Pompa Sistemleri\",\"description\":\"Yang\u0131n S\u00f6nd\u00fcrme Sistemleri ve Ekipmanlar\u0131\",\"publisher\":{\"@id\":\"http:\\\/\\\/govalf.com\\\/ru\\\/#organization\"},\"potentialAction\":[{\"@type\":\"SearchAction\",\"target\":{\"@type\":\"EntryPoint\",\"urlTemplate\":\"http:\\\/\\\/govalf.com\\\/ru\\\/?s={search_term_string}\"},\"query-input\":{\"@type\":\"PropertyValueSpecification\",\"valueRequired\":true,\"valueName\":\"search_term_string\"}}],\"inLanguage\":\"fr-FR\"},{\"@type\":\"Organization\",\"@id\":\"http:\\\/\\\/govalf.com\\\/ru\\\/#organization\",\"name\":\"Go Valf\",\"url\":\"http:\\\/\\\/govalf.com\\\/ru\\\/\",\"logo\":{\"@type\":\"ImageObject\",\"inLanguage\":\"fr-FR\",\"@id\":\"http:\\\/\\\/govalf.com\\\/ru\\\/#\\\/schema\\\/logo\\\/image\\\/\",\"url\":\"https:\\\/\\\/govalf.com\\\/wp-content\\\/uploads\\\/2022\\\/02\\\/go-valf-logo.png\",\"contentUrl\":\"https:\\\/\\\/govalf.com\\\/wp-content\\\/uploads\\\/2022\\\/02\\\/go-valf-logo.png\",\"width\":504,\"height\":120,\"caption\":\"Go Valf\"},\"image\":{\"@id\":\"http:\\\/\\\/govalf.com\\\/ru\\\/#\\\/schema\\\/logo\\\/image\\\/\"}}]}<\/script>\n<!-- \/ Yoast SEO plugin. -->","yoast_head_json":{"title":"Amortisseurs D'air - Go Valf Vana ve Pompa Sistemleri","description":"Amortisseurs d'air; Les registres d'air sont des outils utilis\u00e9s pour \u00e9vacuer les fum\u00e9es de mani\u00e8re contr\u00f4l\u00e9e en cas d'un \u00e9ventuel incendie.","robots":{"index":"index","follow":"follow","max-snippet":"max-snippet:-1","max-image-preview":"max-image-preview:large","max-video-preview":"max-video-preview:-1"},"canonical":"http:\/\/govalf.com\/fr\/product\/amortisseurs-dair\/","og_locale":"fr_FR","og_type":"article","og_title":"Amortisseurs D'air - Go Valf Vana ve Pompa Sistemleri","og_description":"Amortisseurs d'air; Les registres d'air sont des outils utilis\u00e9s pour \u00e9vacuer les fum\u00e9es de mani\u00e8re contr\u00f4l\u00e9e en cas d'un \u00e9ventuel incendie.","og_url":"http:\/\/govalf.com\/fr\/product\/amortisseurs-dair\/","og_site_name":"Go Valf Vana ve Pompa Sistemleri","article_modified_time":"2022-06-11T19:52:35+00:00","og_image":[{"width":2560,"height":2560,"url":"http:\/\/govalf.com\/wp-content\/uploads\/2022\/03\/Amortisseurs-dair-scaled.webp","type":"image\/webp"}],"twitter_card":"summary_large_image","twitter_misc":{"Dur\u00e9e de lecture estim\u00e9e":"4 minutes"},"schema":{"@context":"https:\/\/schema.org","@graph":[{"@type":"WebPage","@id":"http:\/\/govalf.com\/fr\/product\/amortisseurs-dair\/","url":"http:\/\/govalf.com\/fr\/product\/amortisseurs-dair\/","name":"Amortisseurs D'air - Go Valf Vana ve Pompa Sistemleri","isPartOf":{"@id":"http:\/\/govalf.com\/ru\/#website"},"primaryImageOfPage":{"@id":"http:\/\/govalf.com\/fr\/product\/amortisseurs-dair\/#primaryimage"},"image":{"@id":"http:\/\/govalf.com\/fr\/product\/amortisseurs-dair\/#primaryimage"},"thumbnailUrl":"http:\/\/govalf.com\/wp-content\/uploads\/2022\/03\/Amortisseurs-dair-scaled.webp","datePublished":"2022-03-22T10:44:59+00:00","dateModified":"2022-06-11T19:52:35+00:00","description":"Amortisseurs d'air; Les registres d'air sont des outils utilis\u00e9s pour \u00e9vacuer les fum\u00e9es de mani\u00e8re contr\u00f4l\u00e9e en cas d'un \u00e9ventuel incendie.","breadcrumb":{"@id":"http:\/\/govalf.com\/fr\/product\/amortisseurs-dair\/#breadcrumb"},"inLanguage":"fr-FR","potentialAction":[{"@type":"ReadAction","target":["http:\/\/govalf.com\/fr\/product\/amortisseurs-dair\/"]}]},{"@type":"ImageObject","inLanguage":"fr-FR","@id":"http:\/\/govalf.com\/fr\/product\/amortisseurs-dair\/#primaryimage","url":"http:\/\/govalf.com\/wp-content\/uploads\/2022\/03\/Amortisseurs-dair-scaled.webp","contentUrl":"http:\/\/govalf.com\/wp-content\/uploads\/2022\/03\/Amortisseurs-dair-scaled.webp","width":2560,"height":2560,"caption":"Amortisseurs d'air"},{"@type":"BreadcrumbList","@id":"http:\/\/govalf.com\/fr\/product\/amortisseurs-dair\/#breadcrumb","itemListElement":[{"@type":"ListItem","position":1,"name":"Anasayfa","item":"http:\/\/govalf.com\/fr\/"},{"@type":"ListItem","position":2,"name":"Products","item":"http:\/\/govalf.com\/ru\/%d0%bf%d1%80%d0%be%d0%b4%d1%83%d0%ba%d1%82%d1%8b\/"},{"@type":"ListItem","position":3,"name":"Amortisseurs D&rsquo;air"}]},{"@type":"WebSite","@id":"http:\/\/govalf.com\/ru\/#website","url":"http:\/\/govalf.com\/ru\/","name":"Go Valf Vana ve Pompa Sistemleri","description":"Yang\u0131n S\u00f6nd\u00fcrme Sistemleri ve Ekipmanlar\u0131","publisher":{"@id":"http:\/\/govalf.com\/ru\/#organization"},"potentialAction":[{"@type":"SearchAction","target":{"@type":"EntryPoint","urlTemplate":"http:\/\/govalf.com\/ru\/?s={search_term_string}"},"query-input":{"@type":"PropertyValueSpecification","valueRequired":true,"valueName":"search_term_string"}}],"inLanguage":"fr-FR"},{"@type":"Organization","@id":"http:\/\/govalf.com\/ru\/#organization","name":"Go Valf","url":"http:\/\/govalf.com\/ru\/","logo":{"@type":"ImageObject","inLanguage":"fr-FR","@id":"http:\/\/govalf.com\/ru\/#\/schema\/logo\/image\/","url":"https:\/\/govalf.com\/wp-content\/uploads\/2022\/02\/go-valf-logo.png","contentUrl":"https:\/\/govalf.com\/wp-content\/uploads\/2022\/02\/go-valf-logo.png","width":504,"height":120,"caption":"Go Valf"},"image":{"@id":"http:\/\/govalf.com\/ru\/#\/schema\/logo\/image\/"}}]}},"_links":{"self":[{"href":"http:\/\/govalf.com\/fr\/wp-json\/wp\/v2\/product\/4230","targetHints":{"allow":["GET"]}}],"collection":[{"href":"http:\/\/govalf.com\/fr\/wp-json\/wp\/v2\/product"}],"about":[{"href":"http:\/\/govalf.com\/fr\/wp-json\/wp\/v2\/types\/product"}],"replies":[{"embeddable":true,"href":"http:\/\/govalf.com\/fr\/wp-json\/wp\/v2\/comments?post=4230"}],"wp:featuredmedia":[{"embeddable":true,"href":"http:\/\/govalf.com\/fr\/wp-json\/wp\/v2\/media\/5590"}],"wp:attachment":[{"href":"http:\/\/govalf.com\/fr\/wp-json\/wp\/v2\/media?parent=4230"}],"wp:term":[{"taxonomy":"product_brand","embeddable":true,"href":"http:\/\/govalf.com\/fr\/wp-json\/wp\/v2\/product_brand?post=4230"},{"taxonomy":"product_cat","embeddable":true,"href":"http:\/\/govalf.com\/fr\/wp-json\/wp\/v2\/product_cat?post=4230"},{"taxonomy":"product_tag","embeddable":true,"href":"http:\/\/govalf.com\/fr\/wp-json\/wp\/v2\/product_tag?post=4230"}],"curies":[{"name":"wp","href":"https:\/\/api.w.org\/{rel}","templated":true}]}}