{"id":4232,"date":"2022-03-22T10:47:48","date_gmt":"2022-03-22T10:47:48","guid":{"rendered":"https:\/\/govalf.com\/product\/serie-ifht\/"},"modified":"2022-06-20T20:20:07","modified_gmt":"2022-06-20T20:20:07","slug":"ventilateurs-a-jet-de-la-serie-ifht","status":"publish","type":"product","link":"http:\/\/govalf.com\/fr\/product\/ventilateurs-a-jet-de-la-serie-ifht\/","title":{"rendered":"Ventilateurs \u00e0 Jet de la S\u00e9rie IFHT"},"content":{"rendered":"<p>Ventilateurs \u00e0 jet de la s\u00e9rie IFHT ont une fonction d&rsquo;induction. Les ventilateurs \u00e0 jet, qui permettent d&rsquo;activer l&rsquo;air sans avoir recours \u00e0 aucun conduit d&rsquo;air, assurent une circulation d&rsquo;air \u00e9lev\u00e9e, en particulier dans les zones \u00e0 plafond bas. La fonction la plus \u00e9l\u00e9mentaire de ces ventilateurs est de cr\u00e9er une faible pression d&rsquo;air et de permettre aux gaz de l&rsquo;environnement de s&rsquo;\u00e9chapper. Les gaz en question peuvent \u00eatre des gaz d&rsquo;\u00e9chappement, de la fum\u00e9e ou des composants volatils similaires. Le fait que les ventilateurs \u00e0 jet aient cette fonction les a amen\u00e9s \u00e0 \u00eatre largement pr\u00e9f\u00e9r\u00e9s, en particulier dans les zones ferm\u00e9es telles que les parkings. Une autre raison importante pour laquelle les ventilateurs \u00e0 r\u00e9action sont pr\u00e9f\u00e9r\u00e9s est qu&rsquo;ils offrent des avantages \u00e0 de nombreux \u00e9gards.<\/p>\n<h2><strong>Qu&rsquo;est-ce que la s\u00e9rie IFHT et ce qu&rsquo;elle fait?<\/strong><\/h2>\n<p>Les ventilateurs \u00e0 jet de la s\u00e9rie IFHT ont \u00e9t\u00e9 d\u00e9velopp\u00e9s pour \u00e9conomiser du temps et de l&rsquo;argent. Contrairement aux syst\u00e8mes de purification d&rsquo;air conventionnels, les ventilateurs \u00e0 jet n&rsquo;ont pas de grilles ni de conduits de sortie d&rsquo;air. De cette fa\u00e7on, les entreprises peuvent commencer \u00e0 utiliser le syst\u00e8me de purification de l&rsquo;air en l&rsquo;int\u00e9grant facilement et confortablement dans leurs zones de service d\u00e8s que possible.<\/p>\n<p>Les ventilateurs \u00e0 jet co\u00fbtent \u00e9galement moins cher que les autres solutions de purification de l&rsquo;air. Un autre avantage des ventilateurs \u00e0 jet est qu&rsquo;ils permettent d&rsquo;importantes \u00e9conomies d&rsquo;\u00e9nergie. La consommation d&rsquo;\u00e9nergie \u00e9lev\u00e9e requise dans d&rsquo;autres syst\u00e8mes n&rsquo;est pas n\u00e9cessaire dans les ventilateurs \u00e0 jet. Par cons\u00e9quent, le niveau d&rsquo;efficacit\u00e9 le plus \u00e9lev\u00e9 est obtenu avec une \u00e9nergie inf\u00e9rieure.<\/p>\n<h3><strong>Qu&rsquo;est-ce que la s\u00e9rie IFHT?<\/strong><\/h3>\n<p>La s\u00e9rie IFHT est un type de ventilateur \u00e0 jet d&rsquo;air principalement utilis\u00e9 dans les zones ferm\u00e9es avec des plafonds bas. Ces ventilateurs \u00e0 jet, qui ont une structure tr\u00e8s minimale, peuvent \u00eatre install\u00e9s en peu de temps et adapt\u00e9s \u00e0 l&rsquo;utilisation. Un autre avantage des ventilateurs \u00e0 jet est qu&rsquo;ils ont un aspect esth\u00e9tique. Par cons\u00e9quent, il ne cr\u00e9e pas une mauvaise image dans l&rsquo;environnement et peut s&rsquo;adapter aux caract\u00e9ristiques structurelles de l&rsquo;environnement.<\/p>\n<p>La caract\u00e9ristique la plus importante de la s\u00e9rie IFHT, qui a une structure de lame radiale, est qu&rsquo;elle renouvelle l&rsquo;air ambiant sans avoir besoin d&rsquo;un conduit d&rsquo;air. Le ventilateur \u00e0 jet, dont le corps est en acier galvanis\u00e9, a une structure r\u00e9sistante aux chocs et aux d\u00e9formations. Fabriqu\u00e9e conform\u00e9ment aux normes ISO 1940-1 : G 6.3, la s\u00e9rie IFHT promet \u00e9galement une protection sup\u00e9rieure avec son treillis m\u00e9tallique.<\/p>\n<h3><strong>Ce que fait la s\u00e9rie IFHT? Ventilateurs \u00e0 Jet de la S\u00e9rie IFHT<\/strong><\/h3>\n<p>Le ventilateur \u00e0 jet de la s\u00e9rie IFHT a la fonction de purification de l&rsquo;air dans les zones ferm\u00e9es \u00e0 plafond bas, avec 3 mod\u00e8les diff\u00e9rents avec une pouss\u00e9e de 50, 75 et 100 N. Les bo\u00eetes \u00e0 bornes \u00e9lectriques des ventilateurs \u00e0 jet, qui promettent de nombreux avantages avec leurs qualit\u00e9s, ont une structure r\u00e9sistante \u00e0 un \u00e9ventuel risque d&rsquo;incendie. Une autre fonction des ventilateurs \u00e0 jet est d&rsquo;assurer l&rsquo;\u00e9vacuation de l&rsquo;air et de la fum\u00e9e en cas d&rsquo;incendie.<\/p>\n<p>Il est extr\u00eamement difficile d&rsquo;effectuer une \u00e9vacuation d&rsquo;air dans une formation de fum\u00e9e dense caus\u00e9e par un incendie, en particulier dans les zones \u00e0 plafond bas. Les ventilateurs \u00e0 jet, qui n&rsquo;ont pas de grilles ni de conduits de sortie d&rsquo;air, minimisent consid\u00e9rablement les effets n\u00e9gatifs caus\u00e9s par le feu en rejetant la fum\u00e9e dense dans l&rsquo;environnement.<\/p>\n<h3><strong>O\u00f9 la s\u00e9rie IFHT est utilis\u00e9e? Ventilateurs \u00e0 Jet de la S\u00e9rie IFHT<\/strong><\/h3>\n<p>Comme mentionn\u00e9, les ventilateurs \u00e0 jet de la s\u00e9rie IFHT sont le plus souvent pr\u00e9f\u00e9r\u00e9s dans les parkings int\u00e9rieurs aujourd&rsquo;hui. \u00c9tant donn\u00e9 que ce type de stationnement a une structure de plafond bas, cela cr\u00e9e de s\u00e9rieux probl\u00e8mes en termes de ventilation. Les ventilateurs \u00e0 jet ne prennent pas beaucoup de place et permettent \u00e0 l&rsquo;air d&rsquo;atteindre les normes souhait\u00e9es en peu de temps.<\/p>\n<p>Les tunnels sont un autre domaine o\u00f9 les ventilateurs \u00e0 r\u00e9action sont le plus souvent pr\u00e9f\u00e9r\u00e9s aujourd&rsquo;hui. De plus, les syst\u00e8mes de ventilation dans les tunnels, qui attirent l&rsquo;attention par leur structure \u00e0 plafond bas, impliquent un co\u00fbt \u00e9lev\u00e9. Les ventilateurs \u00e0 jet, d&rsquo;autre part, ont des solutions qui permettront le meilleur contr\u00f4le de l&rsquo;air ambiant \u00e0 faible co\u00fbt.<\/p>\n","protected":false},"excerpt":{"rendered":"<p>Ventilateurs \u00e0 jet de la s\u00e9rie IFHT ont une fonction d&rsquo;induction. Les ventilateurs \u00e0 jet, qui permettent d&rsquo;activer l&rsquo;air sans avoir recours \u00e0 aucun conduit d&rsquo;air, assurent une circulation d&rsquo;air \u00e9lev\u00e9e, en particulier dans les zones \u00e0 plafond bas. La fonction la plus \u00e9l\u00e9mentaire de ces ventilateurs est de cr\u00e9er une faible pression d&rsquo;air et [&hellip;]<\/p>\n","protected":false},"featured_media":5626,"comment_status":"open","ping_status":"closed","template":"","meta":{"_acf_changed":false},"product_brand":[],"product_cat":[117],"product_tag":[],"class_list":{"0":"post-4232","1":"product","2":"type-product","3":"status-publish","4":"has-post-thumbnail","6":"product_cat-ventilateurs","8":"first","9":"instock","10":"shipping-taxable","11":"product-type-simple"},"acf":[],"yoast_head":"<!-- This site is optimized with the Yoast SEO plugin v27.4 - https:\/\/yoast.com\/product\/yoast-seo-wordpress\/ -->\n<title>Ventilateurs \u00e0 Jet de la S\u00e9rie IFHT - Go Valf Vana ve Pompa Sistemleri<\/title>\n<meta name=\"description\" content=\"Ventilateurs \u00e0 jet de la s\u00e9rie IFHT ont une fonction d&#039;induction. Les ventilateurs \u00e0 jet, qui permettent d&#039;activer l&#039;air sans avoir\" \/>\n<meta name=\"robots\" content=\"index, follow, max-snippet:-1, max-image-preview:large, max-video-preview:-1\" \/>\n<link rel=\"canonical\" href=\"https:\/\/govalf.com\/fr\/product\/ventilateurs-a-jet-de-la-serie-ifht\/\" \/>\n<meta property=\"og:locale\" content=\"fr_FR\" \/>\n<meta property=\"og:type\" content=\"article\" \/>\n<meta property=\"og:title\" content=\"Ventilateurs \u00e0 Jet de la S\u00e9rie IFHT - Go Valf Vana ve Pompa Sistemleri\" \/>\n<meta property=\"og:description\" content=\"Ventilateurs \u00e0 jet de la s\u00e9rie IFHT ont une fonction d&#039;induction. Les ventilateurs \u00e0 jet, qui permettent d&#039;activer l&#039;air sans avoir\" \/>\n<meta property=\"og:url\" content=\"https:\/\/govalf.com\/fr\/product\/ventilateurs-a-jet-de-la-serie-ifht\/\" \/>\n<meta property=\"og:site_name\" content=\"Go Valf Vana ve Pompa Sistemleri\" \/>\n<meta property=\"article:modified_time\" content=\"2022-06-20T20:20:07+00:00\" \/>\n<meta property=\"og:image\" content=\"https:\/\/govalf.com\/wp-content\/uploads\/2022\/03\/Ventilateurs-a\u0300-Jet-de-la-Se\u0301rie-IFHT-scaled.webp\" \/>\n\t<meta property=\"og:image:width\" content=\"2560\" \/>\n\t<meta property=\"og:image:height\" content=\"2560\" \/>\n\t<meta property=\"og:image:type\" content=\"image\/webp\" \/>\n<meta name=\"twitter:card\" content=\"summary_large_image\" \/>\n<meta name=\"twitter:label1\" content=\"Dur\u00e9e de lecture estim\u00e9e\" \/>\n\t<meta name=\"twitter:data1\" content=\"1 minute\" \/>\n<script type=\"application\/ld+json\" class=\"yoast-schema-graph\">{\"@context\":\"https:\\\/\\\/schema.org\",\"@graph\":[{\"@type\":\"WebPage\",\"@id\":\"https:\\\/\\\/govalf.com\\\/fr\\\/product\\\/ventilateurs-a-jet-de-la-serie-ifht\\\/\",\"url\":\"https:\\\/\\\/govalf.com\\\/fr\\\/product\\\/ventilateurs-a-jet-de-la-serie-ifht\\\/\",\"name\":\"Ventilateurs \u00e0 Jet de la S\u00e9rie IFHT - Go Valf Vana ve Pompa Sistemleri\",\"isPartOf\":{\"@id\":\"http:\\\/\\\/govalf.com\\\/ru\\\/#website\"},\"primaryImageOfPage\":{\"@id\":\"https:\\\/\\\/govalf.com\\\/fr\\\/product\\\/ventilateurs-a-jet-de-la-serie-ifht\\\/#primaryimage\"},\"image\":{\"@id\":\"https:\\\/\\\/govalf.com\\\/fr\\\/product\\\/ventilateurs-a-jet-de-la-serie-ifht\\\/#primaryimage\"},\"thumbnailUrl\":\"http:\\\/\\\/govalf.com\\\/wp-content\\\/uploads\\\/2022\\\/03\\\/Ventilateurs-a\u0300-Jet-de-la-Se\u0301rie-IFHT-scaled.webp\",\"datePublished\":\"2022-03-22T10:47:48+00:00\",\"dateModified\":\"2022-06-20T20:20:07+00:00\",\"description\":\"Ventilateurs \u00e0 jet de la s\u00e9rie IFHT ont une fonction d'induction. Les ventilateurs \u00e0 jet, qui permettent d'activer l'air sans avoir\",\"breadcrumb\":{\"@id\":\"https:\\\/\\\/govalf.com\\\/fr\\\/product\\\/ventilateurs-a-jet-de-la-serie-ifht\\\/#breadcrumb\"},\"inLanguage\":\"fr-FR\",\"potentialAction\":[{\"@type\":\"ReadAction\",\"target\":[\"https:\\\/\\\/govalf.com\\\/fr\\\/product\\\/ventilateurs-a-jet-de-la-serie-ifht\\\/\"]}]},{\"@type\":\"ImageObject\",\"inLanguage\":\"fr-FR\",\"@id\":\"https:\\\/\\\/govalf.com\\\/fr\\\/product\\\/ventilateurs-a-jet-de-la-serie-ifht\\\/#primaryimage\",\"url\":\"http:\\\/\\\/govalf.com\\\/wp-content\\\/uploads\\\/2022\\\/03\\\/Ventilateurs-a\u0300-Jet-de-la-Se\u0301rie-IFHT-scaled.webp\",\"contentUrl\":\"http:\\\/\\\/govalf.com\\\/wp-content\\\/uploads\\\/2022\\\/03\\\/Ventilateurs-a\u0300-Jet-de-la-Se\u0301rie-IFHT-scaled.webp\",\"width\":2560,\"height\":2560,\"caption\":\"Ventilateurs \u00e0 Jet de la S\u00e9rie IFHT\"},{\"@type\":\"BreadcrumbList\",\"@id\":\"https:\\\/\\\/govalf.com\\\/fr\\\/product\\\/ventilateurs-a-jet-de-la-serie-ifht\\\/#breadcrumb\",\"itemListElement\":[{\"@type\":\"ListItem\",\"position\":1,\"name\":\"Anasayfa\",\"item\":\"http:\\\/\\\/govalf.com\\\/fr\\\/\"},{\"@type\":\"ListItem\",\"position\":2,\"name\":\"Products\",\"item\":\"http:\\\/\\\/govalf.com\\\/ru\\\/%d0%bf%d1%80%d0%be%d0%b4%d1%83%d0%ba%d1%82%d1%8b\\\/\"},{\"@type\":\"ListItem\",\"position\":3,\"name\":\"Ventilateurs \u00e0 Jet de la S\u00e9rie IFHT\"}]},{\"@type\":\"WebSite\",\"@id\":\"http:\\\/\\\/govalf.com\\\/ru\\\/#website\",\"url\":\"http:\\\/\\\/govalf.com\\\/ru\\\/\",\"name\":\"Go Valf Vana ve Pompa Sistemleri\",\"description\":\"Yang\u0131n S\u00f6nd\u00fcrme Sistemleri ve Ekipmanlar\u0131\",\"publisher\":{\"@id\":\"http:\\\/\\\/govalf.com\\\/ru\\\/#organization\"},\"potentialAction\":[{\"@type\":\"SearchAction\",\"target\":{\"@type\":\"EntryPoint\",\"urlTemplate\":\"http:\\\/\\\/govalf.com\\\/ru\\\/?s={search_term_string}\"},\"query-input\":{\"@type\":\"PropertyValueSpecification\",\"valueRequired\":true,\"valueName\":\"search_term_string\"}}],\"inLanguage\":\"fr-FR\"},{\"@type\":\"Organization\",\"@id\":\"http:\\\/\\\/govalf.com\\\/ru\\\/#organization\",\"name\":\"Go Valf\",\"url\":\"http:\\\/\\\/govalf.com\\\/ru\\\/\",\"logo\":{\"@type\":\"ImageObject\",\"inLanguage\":\"fr-FR\",\"@id\":\"http:\\\/\\\/govalf.com\\\/ru\\\/#\\\/schema\\\/logo\\\/image\\\/\",\"url\":\"https:\\\/\\\/govalf.com\\\/wp-content\\\/uploads\\\/2022\\\/02\\\/go-valf-logo.png\",\"contentUrl\":\"https:\\\/\\\/govalf.com\\\/wp-content\\\/uploads\\\/2022\\\/02\\\/go-valf-logo.png\",\"width\":504,\"height\":120,\"caption\":\"Go Valf\"},\"image\":{\"@id\":\"http:\\\/\\\/govalf.com\\\/ru\\\/#\\\/schema\\\/logo\\\/image\\\/\"}}]}<\/script>\n<!-- \/ Yoast SEO plugin. -->","yoast_head_json":{"title":"Ventilateurs \u00e0 Jet de la S\u00e9rie IFHT - Go Valf Vana ve Pompa Sistemleri","description":"Ventilateurs \u00e0 jet de la s\u00e9rie IFHT ont une fonction d'induction. Les ventilateurs \u00e0 jet, qui permettent d'activer l'air sans avoir","robots":{"index":"index","follow":"follow","max-snippet":"max-snippet:-1","max-image-preview":"max-image-preview:large","max-video-preview":"max-video-preview:-1"},"canonical":"https:\/\/govalf.com\/fr\/product\/ventilateurs-a-jet-de-la-serie-ifht\/","og_locale":"fr_FR","og_type":"article","og_title":"Ventilateurs \u00e0 Jet de la S\u00e9rie IFHT - Go Valf Vana ve Pompa Sistemleri","og_description":"Ventilateurs \u00e0 jet de la s\u00e9rie IFHT ont une fonction d'induction. Les ventilateurs \u00e0 jet, qui permettent d'activer l'air sans avoir","og_url":"https:\/\/govalf.com\/fr\/product\/ventilateurs-a-jet-de-la-serie-ifht\/","og_site_name":"Go Valf Vana ve Pompa Sistemleri","article_modified_time":"2022-06-20T20:20:07+00:00","og_image":[{"width":2560,"height":2560,"url":"https:\/\/govalf.com\/wp-content\/uploads\/2022\/03\/Ventilateurs-a\u0300-Jet-de-la-Se\u0301rie-IFHT-scaled.webp","type":"image\/webp"}],"twitter_card":"summary_large_image","twitter_misc":{"Dur\u00e9e de lecture estim\u00e9e":"1 minute"},"schema":{"@context":"https:\/\/schema.org","@graph":[{"@type":"WebPage","@id":"https:\/\/govalf.com\/fr\/product\/ventilateurs-a-jet-de-la-serie-ifht\/","url":"https:\/\/govalf.com\/fr\/product\/ventilateurs-a-jet-de-la-serie-ifht\/","name":"Ventilateurs \u00e0 Jet de la S\u00e9rie IFHT - Go Valf Vana ve Pompa Sistemleri","isPartOf":{"@id":"http:\/\/govalf.com\/ru\/#website"},"primaryImageOfPage":{"@id":"https:\/\/govalf.com\/fr\/product\/ventilateurs-a-jet-de-la-serie-ifht\/#primaryimage"},"image":{"@id":"https:\/\/govalf.com\/fr\/product\/ventilateurs-a-jet-de-la-serie-ifht\/#primaryimage"},"thumbnailUrl":"http:\/\/govalf.com\/wp-content\/uploads\/2022\/03\/Ventilateurs-a\u0300-Jet-de-la-Se\u0301rie-IFHT-scaled.webp","datePublished":"2022-03-22T10:47:48+00:00","dateModified":"2022-06-20T20:20:07+00:00","description":"Ventilateurs \u00e0 jet de la s\u00e9rie IFHT ont une fonction d'induction. Les ventilateurs \u00e0 jet, qui permettent d'activer l'air sans avoir","breadcrumb":{"@id":"https:\/\/govalf.com\/fr\/product\/ventilateurs-a-jet-de-la-serie-ifht\/#breadcrumb"},"inLanguage":"fr-FR","potentialAction":[{"@type":"ReadAction","target":["https:\/\/govalf.com\/fr\/product\/ventilateurs-a-jet-de-la-serie-ifht\/"]}]},{"@type":"ImageObject","inLanguage":"fr-FR","@id":"https:\/\/govalf.com\/fr\/product\/ventilateurs-a-jet-de-la-serie-ifht\/#primaryimage","url":"http:\/\/govalf.com\/wp-content\/uploads\/2022\/03\/Ventilateurs-a\u0300-Jet-de-la-Se\u0301rie-IFHT-scaled.webp","contentUrl":"http:\/\/govalf.com\/wp-content\/uploads\/2022\/03\/Ventilateurs-a\u0300-Jet-de-la-Se\u0301rie-IFHT-scaled.webp","width":2560,"height":2560,"caption":"Ventilateurs \u00e0 Jet de la S\u00e9rie IFHT"},{"@type":"BreadcrumbList","@id":"https:\/\/govalf.com\/fr\/product\/ventilateurs-a-jet-de-la-serie-ifht\/#breadcrumb","itemListElement":[{"@type":"ListItem","position":1,"name":"Anasayfa","item":"http:\/\/govalf.com\/fr\/"},{"@type":"ListItem","position":2,"name":"Products","item":"http:\/\/govalf.com\/ru\/%d0%bf%d1%80%d0%be%d0%b4%d1%83%d0%ba%d1%82%d1%8b\/"},{"@type":"ListItem","position":3,"name":"Ventilateurs \u00e0 Jet de la S\u00e9rie IFHT"}]},{"@type":"WebSite","@id":"http:\/\/govalf.com\/ru\/#website","url":"http:\/\/govalf.com\/ru\/","name":"Go Valf Vana ve Pompa Sistemleri","description":"Yang\u0131n S\u00f6nd\u00fcrme Sistemleri ve Ekipmanlar\u0131","publisher":{"@id":"http:\/\/govalf.com\/ru\/#organization"},"potentialAction":[{"@type":"SearchAction","target":{"@type":"EntryPoint","urlTemplate":"http:\/\/govalf.com\/ru\/?s={search_term_string}"},"query-input":{"@type":"PropertyValueSpecification","valueRequired":true,"valueName":"search_term_string"}}],"inLanguage":"fr-FR"},{"@type":"Organization","@id":"http:\/\/govalf.com\/ru\/#organization","name":"Go Valf","url":"http:\/\/govalf.com\/ru\/","logo":{"@type":"ImageObject","inLanguage":"fr-FR","@id":"http:\/\/govalf.com\/ru\/#\/schema\/logo\/image\/","url":"https:\/\/govalf.com\/wp-content\/uploads\/2022\/02\/go-valf-logo.png","contentUrl":"https:\/\/govalf.com\/wp-content\/uploads\/2022\/02\/go-valf-logo.png","width":504,"height":120,"caption":"Go Valf"},"image":{"@id":"http:\/\/govalf.com\/ru\/#\/schema\/logo\/image\/"}}]}},"_links":{"self":[{"href":"http:\/\/govalf.com\/fr\/wp-json\/wp\/v2\/product\/4232","targetHints":{"allow":["GET"]}}],"collection":[{"href":"http:\/\/govalf.com\/fr\/wp-json\/wp\/v2\/product"}],"about":[{"href":"http:\/\/govalf.com\/fr\/wp-json\/wp\/v2\/types\/product"}],"replies":[{"embeddable":true,"href":"http:\/\/govalf.com\/fr\/wp-json\/wp\/v2\/comments?post=4232"}],"wp:featuredmedia":[{"embeddable":true,"href":"http:\/\/govalf.com\/fr\/wp-json\/wp\/v2\/media\/5626"}],"wp:attachment":[{"href":"http:\/\/govalf.com\/fr\/wp-json\/wp\/v2\/media?parent=4232"}],"wp:term":[{"taxonomy":"product_brand","embeddable":true,"href":"http:\/\/govalf.com\/fr\/wp-json\/wp\/v2\/product_brand?post=4232"},{"taxonomy":"product_cat","embeddable":true,"href":"http:\/\/govalf.com\/fr\/wp-json\/wp\/v2\/product_cat?post=4232"},{"taxonomy":"product_tag","embeddable":true,"href":"http:\/\/govalf.com\/fr\/wp-json\/wp\/v2\/product_tag?post=4232"}],"curies":[{"name":"wp","href":"https:\/\/api.w.org\/{rel}","templated":true}]}}