{"id":4233,"date":"2022-03-22T10:49:36","date_gmt":"2022-03-22T10:49:36","guid":{"rendered":"https:\/\/govalf.com\/product\/serie-cvht\/"},"modified":"2022-06-07T10:59:22","modified_gmt":"2022-06-07T10:59:22","slug":"serie-cvht","status":"publish","type":"product","link":"http:\/\/govalf.com\/fr\/product\/serie-cvht\/","title":{"rendered":"S\u00e9rie CVHT"},"content":{"rendered":"<p><strong>S\u00e9rie CVHT<\/strong><\/p>\n<p>S\u00e9rie CVHT sont des ventilateurs utilis\u00e9s pour assurer la circulation de l&rsquo;air dans les syst\u00e8mes de contr\u00f4le de la temp\u00e9rature et de ventilation. En plus d&rsquo;avoir un domaine d&rsquo;utilisation tr\u00e8s large aujourd&rsquo;hui, ces ventilateurs offrent des avantages aux utilisateurs \u00e0 bien des \u00e9gards. L&rsquo;avantage le plus important de la s\u00e9rie CVHT est sa conception tr\u00e8s compacte. Ainsi, tout en cr\u00e9ant une atmosph\u00e8re esth\u00e9tique dans l&rsquo;environnement, il ne prend pas beaucoup de place. Un autre avantage de la s\u00e9rie est qu&rsquo;elle peut \u00eatre facilement install\u00e9e. Les ventilateurs cellulaires, qui peuvent \u00eatre facilement mont\u00e9s sur les plafonds et les murs, sont fabriqu\u00e9s pour \u00eatre tr\u00e8s r\u00e9sistants \u00e0 la temp\u00e9rature avec des poulies \u00e0 courroie. Il existe de nombreux mod\u00e8les dans la s\u00e9rie de ventilateurs qui peuvent r\u00e9pondre \u00e0 diff\u00e9rents besoins et offrir diff\u00e9rentes valeurs de d\u00e9bit de ventilateur.<\/p>\n<h2><strong>Qu&rsquo;est-ce que la s\u00e9rie CVHT et ce qu&rsquo;elle fait?<\/strong><\/h2>\n<p>La s\u00e9rie CVHT avec un ventilateur de cellule dispose d&rsquo;un syst\u00e8me de tension automatique. Bien que l&rsquo;entretien soit facile, les ventilateurs de cette s\u00e9rie ne n\u00e9cessitent pas d&rsquo;entretien important. Par cons\u00e9quent, il est possible d&rsquo;effectuer une utilisation confortable et efficace pendant une longue p\u00e9riode. De plus, dans ces ventilateurs, le moteur est positionn\u00e9 \u00e0 l&rsquo;int\u00e9rieur de la cellule du ventilateur. Cela signifie une utilisation beaucoup plus efficace et une taille plus petite.<\/p>\n<p>Gr\u00e2ce \u00e0 sa structure minimale, la s\u00e9rie CVHT est facile \u00e0 utiliser dans presque tous les domaines. La caract\u00e9ristique des ventilateurs \u00e0 cellule standard de la s\u00e9rie est bas\u00e9e sur le principe de projection horizontale. Il existe \u00e9galement des mod\u00e8les qui peuvent tirer verticalement dans la s\u00e9rie. Selon les besoins, vous pouvez choisir parmi des centaines de mod\u00e8les de la s\u00e9rie.<\/p>\n<h3><strong>Qu&rsquo;est-ce que la s\u00e9rie CVHT?<\/strong><\/h3>\n<p>Les s\u00e9ries CVHT sont des ventilateurs fabriqu\u00e9s \u00e0 partir de t\u00f4le galvanis\u00e9e, ont une tendance vers l&rsquo;avant et ont une structure dense de pales et de cellules. De tels ventilateurs sont g\u00e9n\u00e9ralement appel\u00e9s ventilateurs cellulaires. Afin de r\u00e9pondre aux diff\u00e9rents besoins de la s\u00e9rie, il existe diff\u00e9rents mod\u00e8les qui produisent des d\u00e9bits de l&rsquo;ordre de 4,400 \u00e0 57,000 m\u00e8tres cubes. Sur tous les mod\u00e8les, la ligne principale de la gamme est le montage de la courroie sur le c\u00f4t\u00e9 droit de la cellule.<\/p>\n<p>Le design int\u00e9rieur des mod\u00e8les de la s\u00e9rie est con\u00e7u pour obtenir les meilleures performances du moteur du ventilateur. Dans ce sens, le moteur plac\u00e9 \u00e0 l&rsquo;int\u00e9rieur de la cellule assure l&rsquo;\u00e9tirement le plus efficace de la bande. Ainsi, le d\u00e9bit produit peut \u00eatre atteint au niveau souhait\u00e9. Il est possible d&rsquo;utiliser la s\u00e9rie CVHT facilement et confortablement dans n&rsquo;importe quel environnement.<\/p>\n<h3><strong>Ce que fait la s\u00e9rie CVHT?<\/strong><\/h3>\n<p>La s\u00e9rie CVHT est une solution de ventilation dont la chambre du ventilateur est fabriqu\u00e9e en acier galvanique au plus haut niveau. L&rsquo;objectif principal de la s\u00e9rie est de fournir une circulation d&rsquo;air efficace en \u00e9conomisant de l&rsquo;espace. La caract\u00e9ristique commune de tous les mod\u00e8les de la s\u00e9rie est qu&rsquo;ils ont un principe de fonctionnement entra\u00een\u00e9 par courroie et une structure sp\u00e9ciale avec des lames fr\u00e9quentes. De plus, tous les mod\u00e8les sont fabriqu\u00e9s en acier galvanis\u00e9.<\/p>\n<p>De plus, tous les moteurs de ventilateur de la s\u00e9rie sont de classe F et IP44. La classe F signifie que les mod\u00e8les de la s\u00e9rie ont des normes appropri\u00e9es en termes de conception. La norme IP44 est une norme qui montre que le produit r\u00e9siste \u00e0 tout type de contact liquide avec des dimensions sup\u00e9rieures \u00e0 1 mm. Tous les mod\u00e8les de la s\u00e9rie sont con\u00e7us pour r\u00e9pondre \u00e0 ces deux normes.<\/p>\n<p><strong>O\u00f9 la s\u00e9rie CVHT est-elle utilis\u00e9e?<\/strong><\/p>\n<p>Le domaine d&rsquo;utilisation des ventilateurs cellulaires de la s\u00e9rie CVHT est extr\u00eamement large. Les ventilateurs cellulaires, malgr\u00e9 leur structure minimale, conviennent \u00e0 une utilisation dans toutes les zones o\u00f9 une ventilation est n\u00e9cessaire. Les domaines d&rsquo;utilisation des ventilateurs cellulaires sont les suivants:<\/p>\n<ul>\n<li>Bureaux, bureaux,<\/li>\n<li>Les espaces publics tels que les h\u00f4pitaux, les banques, les \u00e9coles, les magasins,<\/li>\n<li>Salles de sport, centres commerciaux,<\/li>\n<li>Grands amphith\u00e9\u00e2tres, salles de th\u00e9\u00e2tre ou de conf\u00e9rence<\/li>\n<\/ul>\n<p>Il est possible d&rsquo;utiliser des ventilateurs cellulaires dans de tr\u00e8s grandes surfaces en termes de taille. Un autre avantage important des ventilateurs cellulaires est la facilit\u00e9 d&rsquo;entretien. Il est possible d&rsquo;acc\u00e9der facilement \u00e0 l&rsquo;ensemble interne du ventilateur, qui dispose d&rsquo;un couvercle de maintenance sp\u00e9cial, pour effectuer les op\u00e9rations de maintenance n\u00e9cessaires et effectuer des r\u00e9parations.<\/p>\n<p>La cellule des ventilateurs cellulaires r\u00e9sistants \u00e0 la temp\u00e9rature des poulies \u00e0 courroie de la s\u00e9rie CVHT est fabriqu\u00e9e \u00e0 partir de t\u00f4le d&rsquo;acier galvanis\u00e9e de haute qualit\u00e9. L&rsquo;ensemble de poulie \u00e0 courroie des ventilateurs \u00e0 pales denses et incurv\u00e9es vers l&rsquo;avant se trouve \u00e0 l&rsquo;ext\u00e9rieur du flux d&rsquo;air. Il existe des centaines de mod\u00e8les diff\u00e9rents dans la s\u00e9rie qui offrent des d\u00e9bits compris entre 4 400 et 57 000 m\u00b3\/h. Le moteur du ventilateur \u00e0 l&rsquo;int\u00e9rieur de la cellule est mont\u00e9 sur une base sp\u00e9ciale con\u00e7ue pour fournir la tension la plus appropri\u00e9e pour la courroie. L&rsquo;ensemble courroie et poulie se trouve sur le c\u00f4t\u00e9 droit de la chambre lorsqu&rsquo;il est vu depuis l&rsquo;orifice de refoulement du ventilateur.<\/p>\n<div class=\"title_style1\">\n<h2><a href=\"https:\/\/govalf.com\/fr\/la-communication\/\">LA COMMUNICATION<\/a><\/h2>\n<\/div>\n<div class=\"contact_list__wrapper\">\n<div class=\"contact1__item border-bottom-widget pb-35 mt-40\">\n<div class=\"contact1__thumb\"><\/div>\n<\/div>\n<\/div>\n","protected":false},"excerpt":{"rendered":"<p>S\u00e9rie CVHT S\u00e9rie CVHT sont des ventilateurs utilis\u00e9s pour assurer la circulation de l&rsquo;air dans les syst\u00e8mes de contr\u00f4le de la temp\u00e9rature et de ventilation. En plus d&rsquo;avoir un domaine d&rsquo;utilisation tr\u00e8s large aujourd&rsquo;hui, ces ventilateurs offrent des avantages aux utilisateurs \u00e0 bien des \u00e9gards. L&rsquo;avantage le plus important de la s\u00e9rie CVHT est sa [&hellip;]<\/p>\n","protected":false},"featured_media":5486,"comment_status":"open","ping_status":"closed","template":"","meta":{"_acf_changed":false},"product_brand":[],"product_cat":[117],"product_tag":[],"class_list":{"0":"post-4233","1":"product","2":"type-product","3":"status-publish","4":"has-post-thumbnail","6":"product_cat-ventilateurs","8":"first","9":"instock","10":"shipping-taxable","11":"product-type-simple"},"acf":[],"yoast_head":"<!-- This site is optimized with the Yoast SEO plugin v27.4 - https:\/\/yoast.com\/product\/yoast-seo-wordpress\/ -->\n<title>S\u00e9rie CVHT - Go Valf Vana ve Pompa Sistemleri<\/title>\n<meta name=\"description\" content=\"s\u00e9rie CVHT sont des ventilateurs utilis\u00e9s pour assurer la circulation de l&#039;air dans les syst\u00e8mes de contr\u00f4le de la temp\u00e9rature et de\" \/>\n<meta name=\"robots\" content=\"index, follow, max-snippet:-1, max-image-preview:large, max-video-preview:-1\" \/>\n<link rel=\"canonical\" href=\"http:\/\/govalf.com\/fr\/product\/serie-cvht\/\" \/>\n<meta property=\"og:locale\" content=\"fr_FR\" \/>\n<meta property=\"og:type\" content=\"article\" \/>\n<meta property=\"og:title\" content=\"S\u00e9rie CVHT - Go Valf Vana ve Pompa Sistemleri\" \/>\n<meta property=\"og:description\" content=\"s\u00e9rie CVHT sont des ventilateurs utilis\u00e9s pour assurer la circulation de l&#039;air dans les syst\u00e8mes de contr\u00f4le de la temp\u00e9rature et de\" \/>\n<meta property=\"og:url\" content=\"http:\/\/govalf.com\/fr\/product\/serie-cvht\/\" \/>\n<meta property=\"og:site_name\" content=\"Go Valf Vana ve Pompa Sistemleri\" \/>\n<meta property=\"article:modified_time\" content=\"2022-06-07T10:59:22+00:00\" \/>\n<meta property=\"og:image\" content=\"http:\/\/govalf.com\/wp-content\/uploads\/2022\/03\/se\u0301ries-CVHT--scaled.webp\" \/>\n\t<meta property=\"og:image:width\" content=\"2560\" \/>\n\t<meta property=\"og:image:height\" content=\"2560\" \/>\n\t<meta property=\"og:image:type\" content=\"image\/webp\" \/>\n<meta name=\"twitter:card\" content=\"summary_large_image\" \/>\n<meta name=\"twitter:label1\" content=\"Dur\u00e9e de lecture estim\u00e9e\" \/>\n\t<meta name=\"twitter:data1\" content=\"1 minute\" \/>\n<script type=\"application\/ld+json\" class=\"yoast-schema-graph\">{\"@context\":\"https:\\\/\\\/schema.org\",\"@graph\":[{\"@type\":\"WebPage\",\"@id\":\"http:\\\/\\\/govalf.com\\\/fr\\\/product\\\/serie-cvht\\\/\",\"url\":\"http:\\\/\\\/govalf.com\\\/fr\\\/product\\\/serie-cvht\\\/\",\"name\":\"S\u00e9rie CVHT - Go Valf Vana ve Pompa Sistemleri\",\"isPartOf\":{\"@id\":\"http:\\\/\\\/govalf.com\\\/ru\\\/#website\"},\"primaryImageOfPage\":{\"@id\":\"http:\\\/\\\/govalf.com\\\/fr\\\/product\\\/serie-cvht\\\/#primaryimage\"},\"image\":{\"@id\":\"http:\\\/\\\/govalf.com\\\/fr\\\/product\\\/serie-cvht\\\/#primaryimage\"},\"thumbnailUrl\":\"http:\\\/\\\/govalf.com\\\/wp-content\\\/uploads\\\/2022\\\/03\\\/se\u0301ries-CVHT--scaled.webp\",\"datePublished\":\"2022-03-22T10:49:36+00:00\",\"dateModified\":\"2022-06-07T10:59:22+00:00\",\"description\":\"s\u00e9rie CVHT sont des ventilateurs utilis\u00e9s pour assurer la circulation de l'air dans les syst\u00e8mes de contr\u00f4le de la temp\u00e9rature et de\",\"breadcrumb\":{\"@id\":\"http:\\\/\\\/govalf.com\\\/fr\\\/product\\\/serie-cvht\\\/#breadcrumb\"},\"inLanguage\":\"fr-FR\",\"potentialAction\":[{\"@type\":\"ReadAction\",\"target\":[\"http:\\\/\\\/govalf.com\\\/fr\\\/product\\\/serie-cvht\\\/\"]}]},{\"@type\":\"ImageObject\",\"inLanguage\":\"fr-FR\",\"@id\":\"http:\\\/\\\/govalf.com\\\/fr\\\/product\\\/serie-cvht\\\/#primaryimage\",\"url\":\"http:\\\/\\\/govalf.com\\\/wp-content\\\/uploads\\\/2022\\\/03\\\/se\u0301ries-CVHT--scaled.webp\",\"contentUrl\":\"http:\\\/\\\/govalf.com\\\/wp-content\\\/uploads\\\/2022\\\/03\\\/se\u0301ries-CVHT--scaled.webp\",\"width\":2560,\"height\":2560,\"caption\":\"s\u00e9ries CVHT\"},{\"@type\":\"BreadcrumbList\",\"@id\":\"http:\\\/\\\/govalf.com\\\/fr\\\/product\\\/serie-cvht\\\/#breadcrumb\",\"itemListElement\":[{\"@type\":\"ListItem\",\"position\":1,\"name\":\"Anasayfa\",\"item\":\"http:\\\/\\\/govalf.com\\\/fr\\\/\"},{\"@type\":\"ListItem\",\"position\":2,\"name\":\"Products\",\"item\":\"http:\\\/\\\/govalf.com\\\/ru\\\/%d0%bf%d1%80%d0%be%d0%b4%d1%83%d0%ba%d1%82%d1%8b\\\/\"},{\"@type\":\"ListItem\",\"position\":3,\"name\":\"S\u00e9rie CVHT\"}]},{\"@type\":\"WebSite\",\"@id\":\"http:\\\/\\\/govalf.com\\\/ru\\\/#website\",\"url\":\"http:\\\/\\\/govalf.com\\\/ru\\\/\",\"name\":\"Go Valf Vana ve Pompa Sistemleri\",\"description\":\"Yang\u0131n S\u00f6nd\u00fcrme Sistemleri ve Ekipmanlar\u0131\",\"publisher\":{\"@id\":\"http:\\\/\\\/govalf.com\\\/ru\\\/#organization\"},\"potentialAction\":[{\"@type\":\"SearchAction\",\"target\":{\"@type\":\"EntryPoint\",\"urlTemplate\":\"http:\\\/\\\/govalf.com\\\/ru\\\/?s={search_term_string}\"},\"query-input\":{\"@type\":\"PropertyValueSpecification\",\"valueRequired\":true,\"valueName\":\"search_term_string\"}}],\"inLanguage\":\"fr-FR\"},{\"@type\":\"Organization\",\"@id\":\"http:\\\/\\\/govalf.com\\\/ru\\\/#organization\",\"name\":\"Go Valf\",\"url\":\"http:\\\/\\\/govalf.com\\\/ru\\\/\",\"logo\":{\"@type\":\"ImageObject\",\"inLanguage\":\"fr-FR\",\"@id\":\"http:\\\/\\\/govalf.com\\\/ru\\\/#\\\/schema\\\/logo\\\/image\\\/\",\"url\":\"https:\\\/\\\/govalf.com\\\/wp-content\\\/uploads\\\/2022\\\/02\\\/go-valf-logo.png\",\"contentUrl\":\"https:\\\/\\\/govalf.com\\\/wp-content\\\/uploads\\\/2022\\\/02\\\/go-valf-logo.png\",\"width\":504,\"height\":120,\"caption\":\"Go Valf\"},\"image\":{\"@id\":\"http:\\\/\\\/govalf.com\\\/ru\\\/#\\\/schema\\\/logo\\\/image\\\/\"}}]}<\/script>\n<!-- \/ Yoast SEO plugin. -->","yoast_head_json":{"title":"S\u00e9rie CVHT - Go Valf Vana ve Pompa Sistemleri","description":"s\u00e9rie CVHT sont des ventilateurs utilis\u00e9s pour assurer la circulation de l'air dans les syst\u00e8mes de contr\u00f4le de la temp\u00e9rature et de","robots":{"index":"index","follow":"follow","max-snippet":"max-snippet:-1","max-image-preview":"max-image-preview:large","max-video-preview":"max-video-preview:-1"},"canonical":"http:\/\/govalf.com\/fr\/product\/serie-cvht\/","og_locale":"fr_FR","og_type":"article","og_title":"S\u00e9rie CVHT - Go Valf Vana ve Pompa Sistemleri","og_description":"s\u00e9rie CVHT sont des ventilateurs utilis\u00e9s pour assurer la circulation de l'air dans les syst\u00e8mes de contr\u00f4le de la temp\u00e9rature et de","og_url":"http:\/\/govalf.com\/fr\/product\/serie-cvht\/","og_site_name":"Go Valf Vana ve Pompa Sistemleri","article_modified_time":"2022-06-07T10:59:22+00:00","og_image":[{"width":2560,"height":2560,"url":"http:\/\/govalf.com\/wp-content\/uploads\/2022\/03\/se\u0301ries-CVHT--scaled.webp","type":"image\/webp"}],"twitter_card":"summary_large_image","twitter_misc":{"Dur\u00e9e de lecture estim\u00e9e":"1 minute"},"schema":{"@context":"https:\/\/schema.org","@graph":[{"@type":"WebPage","@id":"http:\/\/govalf.com\/fr\/product\/serie-cvht\/","url":"http:\/\/govalf.com\/fr\/product\/serie-cvht\/","name":"S\u00e9rie CVHT - Go Valf Vana ve Pompa Sistemleri","isPartOf":{"@id":"http:\/\/govalf.com\/ru\/#website"},"primaryImageOfPage":{"@id":"http:\/\/govalf.com\/fr\/product\/serie-cvht\/#primaryimage"},"image":{"@id":"http:\/\/govalf.com\/fr\/product\/serie-cvht\/#primaryimage"},"thumbnailUrl":"http:\/\/govalf.com\/wp-content\/uploads\/2022\/03\/se\u0301ries-CVHT--scaled.webp","datePublished":"2022-03-22T10:49:36+00:00","dateModified":"2022-06-07T10:59:22+00:00","description":"s\u00e9rie CVHT sont des ventilateurs utilis\u00e9s pour assurer la circulation de l'air dans les syst\u00e8mes de contr\u00f4le de la temp\u00e9rature et de","breadcrumb":{"@id":"http:\/\/govalf.com\/fr\/product\/serie-cvht\/#breadcrumb"},"inLanguage":"fr-FR","potentialAction":[{"@type":"ReadAction","target":["http:\/\/govalf.com\/fr\/product\/serie-cvht\/"]}]},{"@type":"ImageObject","inLanguage":"fr-FR","@id":"http:\/\/govalf.com\/fr\/product\/serie-cvht\/#primaryimage","url":"http:\/\/govalf.com\/wp-content\/uploads\/2022\/03\/se\u0301ries-CVHT--scaled.webp","contentUrl":"http:\/\/govalf.com\/wp-content\/uploads\/2022\/03\/se\u0301ries-CVHT--scaled.webp","width":2560,"height":2560,"caption":"s\u00e9ries CVHT"},{"@type":"BreadcrumbList","@id":"http:\/\/govalf.com\/fr\/product\/serie-cvht\/#breadcrumb","itemListElement":[{"@type":"ListItem","position":1,"name":"Anasayfa","item":"http:\/\/govalf.com\/fr\/"},{"@type":"ListItem","position":2,"name":"Products","item":"http:\/\/govalf.com\/ru\/%d0%bf%d1%80%d0%be%d0%b4%d1%83%d0%ba%d1%82%d1%8b\/"},{"@type":"ListItem","position":3,"name":"S\u00e9rie CVHT"}]},{"@type":"WebSite","@id":"http:\/\/govalf.com\/ru\/#website","url":"http:\/\/govalf.com\/ru\/","name":"Go Valf Vana ve Pompa Sistemleri","description":"Yang\u0131n S\u00f6nd\u00fcrme Sistemleri ve Ekipmanlar\u0131","publisher":{"@id":"http:\/\/govalf.com\/ru\/#organization"},"potentialAction":[{"@type":"SearchAction","target":{"@type":"EntryPoint","urlTemplate":"http:\/\/govalf.com\/ru\/?s={search_term_string}"},"query-input":{"@type":"PropertyValueSpecification","valueRequired":true,"valueName":"search_term_string"}}],"inLanguage":"fr-FR"},{"@type":"Organization","@id":"http:\/\/govalf.com\/ru\/#organization","name":"Go Valf","url":"http:\/\/govalf.com\/ru\/","logo":{"@type":"ImageObject","inLanguage":"fr-FR","@id":"http:\/\/govalf.com\/ru\/#\/schema\/logo\/image\/","url":"https:\/\/govalf.com\/wp-content\/uploads\/2022\/02\/go-valf-logo.png","contentUrl":"https:\/\/govalf.com\/wp-content\/uploads\/2022\/02\/go-valf-logo.png","width":504,"height":120,"caption":"Go Valf"},"image":{"@id":"http:\/\/govalf.com\/ru\/#\/schema\/logo\/image\/"}}]}},"_links":{"self":[{"href":"http:\/\/govalf.com\/fr\/wp-json\/wp\/v2\/product\/4233","targetHints":{"allow":["GET"]}}],"collection":[{"href":"http:\/\/govalf.com\/fr\/wp-json\/wp\/v2\/product"}],"about":[{"href":"http:\/\/govalf.com\/fr\/wp-json\/wp\/v2\/types\/product"}],"replies":[{"embeddable":true,"href":"http:\/\/govalf.com\/fr\/wp-json\/wp\/v2\/comments?post=4233"}],"wp:featuredmedia":[{"embeddable":true,"href":"http:\/\/govalf.com\/fr\/wp-json\/wp\/v2\/media\/5486"}],"wp:attachment":[{"href":"http:\/\/govalf.com\/fr\/wp-json\/wp\/v2\/media?parent=4233"}],"wp:term":[{"taxonomy":"product_brand","embeddable":true,"href":"http:\/\/govalf.com\/fr\/wp-json\/wp\/v2\/product_brand?post=4233"},{"taxonomy":"product_cat","embeddable":true,"href":"http:\/\/govalf.com\/fr\/wp-json\/wp\/v2\/product_cat?post=4233"},{"taxonomy":"product_tag","embeddable":true,"href":"http:\/\/govalf.com\/fr\/wp-json\/wp\/v2\/product_tag?post=4233"}],"curies":[{"name":"wp","href":"https:\/\/api.w.org\/{rel}","templated":true}]}}