{"id":4235,"date":"2022-03-22T10:52:52","date_gmt":"2022-03-22T10:52:52","guid":{"rendered":"https:\/\/govalf.com\/product\/serie-ilb-ilt\/"},"modified":"2022-06-21T16:37:59","modified_gmt":"2022-06-21T16:37:59","slug":"serie-ilb-ilt","status":"publish","type":"product","link":"http:\/\/govalf.com\/fr\/product\/serie-ilb-ilt\/","title":{"rendered":"S\u00e9rie ILB \/ ILT"},"content":{"rendered":"<p>S\u00e9rie ILB \/ ILT est un produit utilis\u00e9 dans la ventilation de mat\u00e9riaux inflammables ou explosifs. Gr\u00e2ce \u00e0 sa structure en cuivre anti-\u00e9tincelles, il peut \u00eatre utilis\u00e9 confortablement. Il a un type de canal rectangulaire. La raison pour laquelle la t\u00f4le d&rsquo;acier est pr\u00e9f\u00e9r\u00e9e dans le corps et les ailes est de permettre une utilisation \u00e0 long terme.<\/p>\n<p>Le produit, qui permet l&rsquo;\u00e9vacuation des gaz dangereux et explosifs et r\u00e9alise ces op\u00e9rations sans effort gr\u00e2ce \u00e0 son principe, se fait remarquer avec ses diff\u00e9rents mod\u00e8les. \u00c9tant donn\u00e9 que l&#8217;emplacement de montage est de type conduit, il est possible de gagner du temps lors de l&rsquo;assemblage. Gr\u00e2ce au capot de commande, il est possible d&rsquo;intervenir rapidement et pratiquement sur les sections d&rsquo;aile et de moteur sans retirer le raccordement du conduit.<\/p>\n<h2>Qu&rsquo;est-ce que la s\u00e9rie ILB \/ ILT et ce qu&rsquo;elle fait?<\/h2>\n<p>Il est tr\u00e8s important de ventiler correctement les mat\u00e9riaux inflammables ou explosifs. Ces produits ont des propri\u00e9t\u00e9s dangereuses. Pour cette raison, le gaz \u00e0 l&rsquo;int\u00e9rieur doit \u00eatre syst\u00e9matiquement \u00e9vacu\u00e9. Les produits utilis\u00e9s dans les syst\u00e8mes de ventilation des mati\u00e8res explosives assurent la ventilation de ces mati\u00e8res.<\/p>\n<p>Les s\u00e9ries ILB \/ ILT sont des syst\u00e8mes de ventilation utilis\u00e9s dans de telles substances. Il a une structure de carrosserie r\u00e9sistante au feu. De cette mani\u00e8re, il est possible d&rsquo;effectuer une ventilation dans des mat\u00e9riaux combustibles sans aucun probl\u00e8me. La t\u00f4le d&rsquo;acier galvanis\u00e9e est pr\u00e9f\u00e9r\u00e9e pour les structures de carrosserie et d&rsquo;aile du produit. Les ventilateurs du produit ont des pales avant, inclin\u00e9es, serr\u00e9es et radiales.<\/p>\n<h3>Qu&rsquo;est-ce que la s\u00e9rie ILB \/ ILT?<\/h3>\n<p>La s\u00e9rie ILB \/ ILT, qui comprend de nombreuses fonctionnalit\u00e9s, assure une ventilation correcte et syst\u00e9matique des mati\u00e8res dangereuses. Gr\u00e2ce \u00e0 sa fonction de ventilateur antid\u00e9flagrant, il peut \u00eatre utilis\u00e9 dans de tels mat\u00e9riaux sans aucun probl\u00e8me. Les caract\u00e9ristiques du produit sont les suivantes:<\/p>\n<ul>\n<li>Le moteur est \u00e9quip\u00e9 d&rsquo;un roulement \u00e0 rouleaux lubrifi\u00e9. De cette fa\u00e7on, les moteurs peuvent \u00eatre utilis\u00e9s pendant une longue p\u00e9riode.<\/li>\n<li>Sa couverture de contr\u00f4le assure une maintenance et des contr\u00f4les rapides et syst\u00e9matiques.<\/li>\n<li>Il est \u00e9quip\u00e9 de ventilateurs radiaux de type conduit rectangulaire. La t\u00f4le d&rsquo;acier galvanis\u00e9e est pr\u00e9f\u00e9r\u00e9e dans la production du corps et des canaux.<\/li>\n<li>12 mod\u00e8les diff\u00e9rents ont des tailles d&rsquo;ouverture de raccordement de gaine allant de 400 x 200 \u00e0 1000&#215;500 mm.<\/li>\n<li>Selon le mod\u00e8le, des options de moteur 4, 6 ou 8 p\u00f4les sont propos\u00e9es \u00e0 la vente.<\/li>\n<li>L&#8217;emplacement de montage du produit est de type conduit.<\/li>\n<li>Le d\u00e9bit d&rsquo;air est fourni radialement.<\/li>\n<li>Il est tr\u00e8s facile \u00e0 utiliser et \u00e0 entretenir.<\/li>\n<\/ul>\n<p>Les propri\u00e9t\u00e9s sp\u00e9cifi\u00e9es permettent d&rsquo;utiliser le produit dans la ventilation de mat\u00e9riaux inflammables. Dans le m\u00eame temps, les mat\u00e9riaux privil\u00e9gi\u00e9s lors de la fabrication du produit garantissent une utilisation \u00e0 long terme.<\/p>\n<h3>Ce que fait la s\u00e9rie ILB \/ ILT?<\/h3>\n<p>La s\u00e9rie ILB \/ ILT, produite pour la ventilation syst\u00e9matique de mat\u00e9riaux inflammables ou explosifs, a une structure anti-\u00e9tincelles. Le produit, qui peut \u00eatre consid\u00e9r\u00e9 comme un ventilateur anti-\u00e9tincelles, se distingue par son large domaine d&rsquo;utilisation. La bo\u00eete \u00e0 bornes externe IP55 et le capot de commande assurent un c\u00e2blage efficace. De plus, il devient possible de contr\u00f4ler les connexions des c\u00e2bles.<\/p>\n<h3>O\u00f9 les s\u00e9ries ILB \/ ILT sont utilis\u00e9es?<\/h3>\n<p>Les produits de la s\u00e9rie ILB \/ ILT, qui peuvent \u00eatre \u00e9valu\u00e9s dans un ventilateur anti-\u00e9tincelles, ont une structure qui n&rsquo;est pas affect\u00e9e par les \u00e9tincelles. Il est pr\u00e9f\u00e9rable dans les zones \u00e0 gaz explosifs et garantit le fonctionnement s\u00fbr du syst\u00e8me. Le syst\u00e8me de ventilateur du produit a un syst\u00e8me radial. \u00c9tant donn\u00e9 que le corps et les ailes ne sont pas affect\u00e9s par l&rsquo;explosif, le produit est pr\u00e9f\u00e9r\u00e9 dans de nombreux domaines.<\/p>\n<p>La s\u00e9rie comprend des mod\u00e8les avec des d\u00e9bits allant de 1.090 \u00e0 10.850 m2\/h. De plus, il existe des mod\u00e8les avec des dimensions de bouche de raccordement de conduit qui peuvent varier entre 400 x 200 et 1000 x 500 mm. Chaque mod\u00e8le a des normes de qualit\u00e9 \u00e9lev\u00e9es et peut \u00eatre utilis\u00e9 pendant longtemps.<\/p>\n","protected":false},"excerpt":{"rendered":"<p>S\u00e9rie ILB \/ ILT est un produit utilis\u00e9 dans la ventilation de mat\u00e9riaux inflammables ou explosifs. Gr\u00e2ce \u00e0 sa structure en cuivre anti-\u00e9tincelles, il peut \u00eatre utilis\u00e9 confortablement. Il a un type de canal rectangulaire. La raison pour laquelle la t\u00f4le d&rsquo;acier est pr\u00e9f\u00e9r\u00e9e dans le corps et les ailes est de permettre une utilisation [&hellip;]<\/p>\n","protected":false},"featured_media":5658,"comment_status":"open","ping_status":"closed","template":"","meta":{"_acf_changed":false},"product_brand":[],"product_cat":[117],"product_tag":[],"class_list":{"0":"post-4235","1":"product","2":"type-product","3":"status-publish","4":"has-post-thumbnail","6":"product_cat-ventilateurs","8":"first","9":"instock","10":"shipping-taxable","11":"product-type-simple"},"acf":[],"yoast_head":"<!-- This site is optimized with the Yoast SEO plugin v27.4 - https:\/\/yoast.com\/product\/yoast-seo-wordpress\/ -->\n<title>S\u00e9rie ILB \/ ILT - Go Valf Vana ve Pompa Sistemleri<\/title>\n<meta name=\"description\" content=\"S\u00e9rie ILB \/ ILT est un produit utilis\u00e9 dans la ventilation de mat\u00e9riaux inflammables ou explosifs. Gr\u00e2ce \u00e0 sa structure en cuivre\" \/>\n<meta name=\"robots\" content=\"index, follow, max-snippet:-1, max-image-preview:large, max-video-preview:-1\" \/>\n<link rel=\"canonical\" href=\"http:\/\/govalf.com\/fr\/product\/serie-ilb-ilt\/\" \/>\n<meta property=\"og:locale\" content=\"fr_FR\" \/>\n<meta property=\"og:type\" content=\"article\" \/>\n<meta property=\"og:title\" content=\"S\u00e9rie ILB \/ ILT - Go Valf Vana ve Pompa Sistemleri\" \/>\n<meta property=\"og:description\" content=\"S\u00e9rie ILB \/ ILT est un produit utilis\u00e9 dans la ventilation de mat\u00e9riaux inflammables ou explosifs. Gr\u00e2ce \u00e0 sa structure en cuivre\" \/>\n<meta property=\"og:url\" content=\"http:\/\/govalf.com\/fr\/product\/serie-ilb-ilt\/\" \/>\n<meta property=\"og:site_name\" content=\"Go Valf Vana ve Pompa Sistemleri\" \/>\n<meta property=\"article:modified_time\" content=\"2022-06-21T16:37:59+00:00\" \/>\n<meta property=\"og:image\" content=\"http:\/\/govalf.com\/wp-content\/uploads\/2022\/03\/Se\u0301rie-ILB-ILT-scaled.webp\" \/>\n\t<meta property=\"og:image:width\" content=\"2560\" \/>\n\t<meta property=\"og:image:height\" content=\"2560\" \/>\n\t<meta property=\"og:image:type\" content=\"image\/webp\" \/>\n<meta name=\"twitter:card\" content=\"summary_large_image\" \/>\n<meta name=\"twitter:label1\" content=\"Dur\u00e9e de lecture estim\u00e9e\" \/>\n\t<meta name=\"twitter:data1\" content=\"1 minute\" \/>\n<script type=\"application\/ld+json\" class=\"yoast-schema-graph\">{\"@context\":\"https:\\\/\\\/schema.org\",\"@graph\":[{\"@type\":\"WebPage\",\"@id\":\"http:\\\/\\\/govalf.com\\\/fr\\\/product\\\/serie-ilb-ilt\\\/\",\"url\":\"http:\\\/\\\/govalf.com\\\/fr\\\/product\\\/serie-ilb-ilt\\\/\",\"name\":\"S\u00e9rie ILB \\\/ ILT - Go Valf Vana ve Pompa Sistemleri\",\"isPartOf\":{\"@id\":\"https:\\\/\\\/govalf.com\\\/ar\\\/#website\"},\"primaryImageOfPage\":{\"@id\":\"http:\\\/\\\/govalf.com\\\/fr\\\/product\\\/serie-ilb-ilt\\\/#primaryimage\"},\"image\":{\"@id\":\"http:\\\/\\\/govalf.com\\\/fr\\\/product\\\/serie-ilb-ilt\\\/#primaryimage\"},\"thumbnailUrl\":\"http:\\\/\\\/govalf.com\\\/wp-content\\\/uploads\\\/2022\\\/03\\\/Se\u0301rie-ILB-ILT-scaled.webp\",\"datePublished\":\"2022-03-22T10:52:52+00:00\",\"dateModified\":\"2022-06-21T16:37:59+00:00\",\"description\":\"S\u00e9rie ILB \\\/ ILT est un produit utilis\u00e9 dans la ventilation de mat\u00e9riaux inflammables ou explosifs. Gr\u00e2ce \u00e0 sa structure en cuivre\",\"breadcrumb\":{\"@id\":\"http:\\\/\\\/govalf.com\\\/fr\\\/product\\\/serie-ilb-ilt\\\/#breadcrumb\"},\"inLanguage\":\"fr-FR\",\"potentialAction\":[{\"@type\":\"ReadAction\",\"target\":[\"http:\\\/\\\/govalf.com\\\/fr\\\/product\\\/serie-ilb-ilt\\\/\"]}]},{\"@type\":\"ImageObject\",\"inLanguage\":\"fr-FR\",\"@id\":\"http:\\\/\\\/govalf.com\\\/fr\\\/product\\\/serie-ilb-ilt\\\/#primaryimage\",\"url\":\"http:\\\/\\\/govalf.com\\\/wp-content\\\/uploads\\\/2022\\\/03\\\/Se\u0301rie-ILB-ILT-scaled.webp\",\"contentUrl\":\"http:\\\/\\\/govalf.com\\\/wp-content\\\/uploads\\\/2022\\\/03\\\/Se\u0301rie-ILB-ILT-scaled.webp\",\"width\":2560,\"height\":2560,\"caption\":\"S\u00e9rie ILB \\\/ ILT\"},{\"@type\":\"BreadcrumbList\",\"@id\":\"http:\\\/\\\/govalf.com\\\/fr\\\/product\\\/serie-ilb-ilt\\\/#breadcrumb\",\"itemListElement\":[{\"@type\":\"ListItem\",\"position\":1,\"name\":\"Anasayfa\",\"item\":\"https:\\\/\\\/govalf.com\\\/fr\\\/\"},{\"@type\":\"ListItem\",\"position\":2,\"name\":\"Products\",\"item\":\"https:\\\/\\\/govalf.com\\\/ar\\\/urunler%d9%85%d9%86%d8%aa%d8%ac%d8%a7%d8%aa\\\/\"},{\"@type\":\"ListItem\",\"position\":3,\"name\":\"S\u00e9rie ILB \\\/ ILT\"}]},{\"@type\":\"WebSite\",\"@id\":\"https:\\\/\\\/govalf.com\\\/ar\\\/#website\",\"url\":\"https:\\\/\\\/govalf.com\\\/ar\\\/\",\"name\":\"Go Valf Vana ve Pompa Sistemleri\",\"description\":\"Yang\u0131n S\u00f6nd\u00fcrme Sistemleri ve Ekipmanlar\u0131\",\"publisher\":{\"@id\":\"https:\\\/\\\/govalf.com\\\/ar\\\/#organization\"},\"potentialAction\":[{\"@type\":\"SearchAction\",\"target\":{\"@type\":\"EntryPoint\",\"urlTemplate\":\"https:\\\/\\\/govalf.com\\\/ar\\\/?s={search_term_string}\"},\"query-input\":{\"@type\":\"PropertyValueSpecification\",\"valueRequired\":true,\"valueName\":\"search_term_string\"}}],\"inLanguage\":\"fr-FR\"},{\"@type\":\"Organization\",\"@id\":\"https:\\\/\\\/govalf.com\\\/ar\\\/#organization\",\"name\":\"Go Valf\",\"url\":\"https:\\\/\\\/govalf.com\\\/ar\\\/\",\"logo\":{\"@type\":\"ImageObject\",\"inLanguage\":\"fr-FR\",\"@id\":\"https:\\\/\\\/govalf.com\\\/ar\\\/#\\\/schema\\\/logo\\\/image\\\/\",\"url\":\"https:\\\/\\\/govalf.com\\\/wp-content\\\/uploads\\\/2022\\\/02\\\/go-valf-logo.png\",\"contentUrl\":\"https:\\\/\\\/govalf.com\\\/wp-content\\\/uploads\\\/2022\\\/02\\\/go-valf-logo.png\",\"width\":504,\"height\":120,\"caption\":\"Go Valf\"},\"image\":{\"@id\":\"https:\\\/\\\/govalf.com\\\/ar\\\/#\\\/schema\\\/logo\\\/image\\\/\"}}]}<\/script>\n<!-- \/ Yoast SEO plugin. -->","yoast_head_json":{"title":"S\u00e9rie ILB \/ ILT - Go Valf Vana ve Pompa Sistemleri","description":"S\u00e9rie ILB \/ ILT est un produit utilis\u00e9 dans la ventilation de mat\u00e9riaux inflammables ou explosifs. Gr\u00e2ce \u00e0 sa structure en cuivre","robots":{"index":"index","follow":"follow","max-snippet":"max-snippet:-1","max-image-preview":"max-image-preview:large","max-video-preview":"max-video-preview:-1"},"canonical":"http:\/\/govalf.com\/fr\/product\/serie-ilb-ilt\/","og_locale":"fr_FR","og_type":"article","og_title":"S\u00e9rie ILB \/ ILT - Go Valf Vana ve Pompa Sistemleri","og_description":"S\u00e9rie ILB \/ ILT est un produit utilis\u00e9 dans la ventilation de mat\u00e9riaux inflammables ou explosifs. Gr\u00e2ce \u00e0 sa structure en cuivre","og_url":"http:\/\/govalf.com\/fr\/product\/serie-ilb-ilt\/","og_site_name":"Go Valf Vana ve Pompa Sistemleri","article_modified_time":"2022-06-21T16:37:59+00:00","og_image":[{"width":2560,"height":2560,"url":"http:\/\/govalf.com\/wp-content\/uploads\/2022\/03\/Se\u0301rie-ILB-ILT-scaled.webp","type":"image\/webp"}],"twitter_card":"summary_large_image","twitter_misc":{"Dur\u00e9e de lecture estim\u00e9e":"1 minute"},"schema":{"@context":"https:\/\/schema.org","@graph":[{"@type":"WebPage","@id":"http:\/\/govalf.com\/fr\/product\/serie-ilb-ilt\/","url":"http:\/\/govalf.com\/fr\/product\/serie-ilb-ilt\/","name":"S\u00e9rie ILB \/ ILT - Go Valf Vana ve Pompa Sistemleri","isPartOf":{"@id":"https:\/\/govalf.com\/ar\/#website"},"primaryImageOfPage":{"@id":"http:\/\/govalf.com\/fr\/product\/serie-ilb-ilt\/#primaryimage"},"image":{"@id":"http:\/\/govalf.com\/fr\/product\/serie-ilb-ilt\/#primaryimage"},"thumbnailUrl":"http:\/\/govalf.com\/wp-content\/uploads\/2022\/03\/Se\u0301rie-ILB-ILT-scaled.webp","datePublished":"2022-03-22T10:52:52+00:00","dateModified":"2022-06-21T16:37:59+00:00","description":"S\u00e9rie ILB \/ ILT est un produit utilis\u00e9 dans la ventilation de mat\u00e9riaux inflammables ou explosifs. Gr\u00e2ce \u00e0 sa structure en cuivre","breadcrumb":{"@id":"http:\/\/govalf.com\/fr\/product\/serie-ilb-ilt\/#breadcrumb"},"inLanguage":"fr-FR","potentialAction":[{"@type":"ReadAction","target":["http:\/\/govalf.com\/fr\/product\/serie-ilb-ilt\/"]}]},{"@type":"ImageObject","inLanguage":"fr-FR","@id":"http:\/\/govalf.com\/fr\/product\/serie-ilb-ilt\/#primaryimage","url":"http:\/\/govalf.com\/wp-content\/uploads\/2022\/03\/Se\u0301rie-ILB-ILT-scaled.webp","contentUrl":"http:\/\/govalf.com\/wp-content\/uploads\/2022\/03\/Se\u0301rie-ILB-ILT-scaled.webp","width":2560,"height":2560,"caption":"S\u00e9rie ILB \/ ILT"},{"@type":"BreadcrumbList","@id":"http:\/\/govalf.com\/fr\/product\/serie-ilb-ilt\/#breadcrumb","itemListElement":[{"@type":"ListItem","position":1,"name":"Anasayfa","item":"https:\/\/govalf.com\/fr\/"},{"@type":"ListItem","position":2,"name":"Products","item":"https:\/\/govalf.com\/ar\/urunler%d9%85%d9%86%d8%aa%d8%ac%d8%a7%d8%aa\/"},{"@type":"ListItem","position":3,"name":"S\u00e9rie ILB \/ ILT"}]},{"@type":"WebSite","@id":"https:\/\/govalf.com\/ar\/#website","url":"https:\/\/govalf.com\/ar\/","name":"Go Valf Vana ve Pompa Sistemleri","description":"Yang\u0131n S\u00f6nd\u00fcrme Sistemleri ve Ekipmanlar\u0131","publisher":{"@id":"https:\/\/govalf.com\/ar\/#organization"},"potentialAction":[{"@type":"SearchAction","target":{"@type":"EntryPoint","urlTemplate":"https:\/\/govalf.com\/ar\/?s={search_term_string}"},"query-input":{"@type":"PropertyValueSpecification","valueRequired":true,"valueName":"search_term_string"}}],"inLanguage":"fr-FR"},{"@type":"Organization","@id":"https:\/\/govalf.com\/ar\/#organization","name":"Go Valf","url":"https:\/\/govalf.com\/ar\/","logo":{"@type":"ImageObject","inLanguage":"fr-FR","@id":"https:\/\/govalf.com\/ar\/#\/schema\/logo\/image\/","url":"https:\/\/govalf.com\/wp-content\/uploads\/2022\/02\/go-valf-logo.png","contentUrl":"https:\/\/govalf.com\/wp-content\/uploads\/2022\/02\/go-valf-logo.png","width":504,"height":120,"caption":"Go Valf"},"image":{"@id":"https:\/\/govalf.com\/ar\/#\/schema\/logo\/image\/"}}]}},"_links":{"self":[{"href":"http:\/\/govalf.com\/fr\/wp-json\/wp\/v2\/product\/4235","targetHints":{"allow":["GET"]}}],"collection":[{"href":"http:\/\/govalf.com\/fr\/wp-json\/wp\/v2\/product"}],"about":[{"href":"http:\/\/govalf.com\/fr\/wp-json\/wp\/v2\/types\/product"}],"replies":[{"embeddable":true,"href":"http:\/\/govalf.com\/fr\/wp-json\/wp\/v2\/comments?post=4235"}],"wp:featuredmedia":[{"embeddable":true,"href":"http:\/\/govalf.com\/fr\/wp-json\/wp\/v2\/media\/5658"}],"wp:attachment":[{"href":"http:\/\/govalf.com\/fr\/wp-json\/wp\/v2\/media?parent=4235"}],"wp:term":[{"taxonomy":"product_brand","embeddable":true,"href":"http:\/\/govalf.com\/fr\/wp-json\/wp\/v2\/product_brand?post=4235"},{"taxonomy":"product_cat","embeddable":true,"href":"http:\/\/govalf.com\/fr\/wp-json\/wp\/v2\/product_cat?post=4235"},{"taxonomy":"product_tag","embeddable":true,"href":"http:\/\/govalf.com\/fr\/wp-json\/wp\/v2\/product_tag?post=4235"}],"curies":[{"name":"wp","href":"https:\/\/api.w.org\/{rel}","templated":true}]}}