{"id":4236,"date":"2022-03-11T11:03:11","date_gmt":"2022-03-22T10:54:50","guid":{"rendered":"https:\/\/govalf.com\/product\/event-serie\/"},"modified":"2022-06-22T06:43:45","modified_gmt":"2022-06-22T06:43:45","slug":"event-serie","status":"publish","type":"product","link":"http:\/\/govalf.com\/fr\/product\/event-serie\/","title":{"rendered":"\u00c9VENT S\u00e9rie"},"content":{"rendered":"<p>Les ventilateurs de la s\u00e9rie Vent ont diff\u00e9rentes zones d&rsquo;utilisation et assurent la ventilation de l&rsquo;environnement ou du syst\u00e8me. De tels ventilateurs, qui cr\u00e9ent une diff\u00e9rence de pression, sont souvent pr\u00e9f\u00e9r\u00e9s car ils fournissent le flux d&rsquo;air de mani\u00e8re syst\u00e9matique. L&rsquo;air circule parall\u00e8lement \u00e0 l&rsquo;arbre du ventilateur. Ensuite, l&rsquo;air pr\u00e9lev\u00e9 est transf\u00e9r\u00e9 \u00e0 l&rsquo;ext\u00e9rieur. Il est tr\u00e8s pratique \u00e0 utiliser, il est donc utilis\u00e9 pour fournir un flux d&rsquo;air.<\/p>\n<p>Il est utilis\u00e9 depuis longtemps car une galvanisation de haute qualit\u00e9 est pr\u00e9f\u00e9r\u00e9e dans le corps et les pales de la s\u00e9rie des \u00e9vents, qui est consid\u00e9r\u00e9e parmi les ventilateurs radiaux \u00e0 canal rond. Il r\u00e9siste aux impacts ext\u00e9rieurs et assure un flux d&rsquo;air de mani\u00e8re syst\u00e9matique. Le ventilateur \u00e0 pales \u00e9parses incurv\u00e9es vers l&rsquo;arri\u00e8re int\u00e8gre des caract\u00e9ristiques innovantes et technologiques.<\/p>\n<p>Qu&rsquo;est-ce que la s\u00e9rie Vent et \u00e0 quoi sert-elle ?<\/p>\n<p>La s\u00e9rie Vent, qui est pr\u00e9f\u00e9r\u00e9e dans de nombreux domaines ou syst\u00e8mes, est consid\u00e9r\u00e9e comme faisant partie du syst\u00e8me de ventilation. Ils sont pr\u00e9f\u00e9r\u00e9s entre deux canaux dans les syst\u00e8mes de ventilation. Il est facile \u00e0 installer car une connexion directe au syst\u00e8me de conduits est possible. Ils sont utilis\u00e9s dans de nombreux domaines car ils \u00e9conomisent \u00e9galement de l&rsquo;espace.<\/p>\n<p>Les ventilateurs de la s\u00e9rie Vent offrent un confort gr\u00e2ce aux caract\u00e9ristiques suivantes:<\/p>\n<ul>\n<li>Haute efficacit\u00e9,<\/li>\n<li>A niveau de pression stable,<\/li>\n<li>Parce qu&rsquo;ils fonctionnent avec un minimum de bruit<\/li>\n<\/ul>\n<p>On voit que les pieds de connexion du produit s&rsquo;adaptent \u00e0 chaque syst\u00e8me. Ainsi, l&rsquo;installation peut se faire simplement. De plus, comme il est produit \u00e0 partir de mat\u00e9riaux de qualit\u00e9, il permet de l&rsquo;utiliser longtemps.<\/p>\n<p>Qu&rsquo;est-ce que la s\u00e9rie Vent ?<\/p>\n<p>\u00c9valu\u00e9e parmi les ventilateurs radiaux de type conduit rond, la s\u00e9rie Vent fournit une ventilation efficace en \u00e9tant utilis\u00e9e comme partie du syst\u00e8me de ventilation. Particuli\u00e8rement utilis\u00e9e dans les v\u00e9hicules de transport en commun, la s\u00e9rie Vent fonctionne avec une grande efficacit\u00e9 gr\u00e2ce \u00e0 ses caract\u00e9ristiques innovantes et technologiques. Le produit, qui assure le transport de l&rsquo;air frais, permet \u00e9galement de transf\u00e9rer l&rsquo;air pollu\u00e9 hors de l&rsquo;environnement.<\/p>\n<p>Il y a une bo\u00eete de jonction sur les ventilateurs de la s\u00e9rie Vent, qui est simple \u00e0 appliquer au syst\u00e8me. Ainsi, le raccordement \u00e9lectrique peut \u00eatre effectu\u00e9 rapidement, facilement et sans effort. Des capteurs \u00e0 fournir \u00e0 l&rsquo;ext\u00e9rieur du produit garantissent son fonctionnement avec contr\u00f4le de la temp\u00e9rature, de l&rsquo;humidit\u00e9 et de la fum\u00e9e. De plus, il peut \u00eatre utilis\u00e9 pendant longtemps gr\u00e2ce \u00e0 sa structure r\u00e9sistante aux chocs.<\/p>\n<p>Que fait la s\u00e9rie Vent ?<\/p>\n<p>La s\u00e9rie Vent, qui fait partie des syst\u00e8mes de ventilation, est un appareil \u00e0 haute efficacit\u00e9. Bien qu&rsquo;il poss\u00e8de de nombreuses fonctionnalit\u00e9s innovantes, il est possible d&rsquo;\u00e9num\u00e9rer ses caract\u00e9ristiques remarquables comme suit:<\/p>\n<ul>\n<li>Il est inclus dans les ventilateurs radiaux \u00e0 conduit rond.<\/li>\n<li>L&rsquo;acier galvanis\u00e9 de haute qualit\u00e9 a \u00e9t\u00e9 privil\u00e9gi\u00e9 dans la fabrication de la carrosserie et des ailes.<\/li>\n<li>Comme les ventilateurs ont des pales incurv\u00e9es vers l&rsquo;arri\u00e8re, ils offrent une ventilation efficace.<\/li>\n<li>Les mat\u00e9riaux utilis\u00e9s dans la fabrication des carters de ventilateur garantissent une r\u00e9sistance \u00e9lev\u00e9e du corps \u00e0 la corrosion.<\/li>\n<li>Il existe 13 mod\u00e8les diff\u00e9rents dans la s\u00e9rie avec des d\u00e9bits compris entre 290 et 3 380 m3\/h. De plus, il est possible de dire que les mod\u00e8les ont des diam\u00e8tres de connexion variant entre 100 et 400 mm.<\/li>\n<li>La bo\u00eete de jonction qui s&rsquo;y trouve fournit une connexion \u00e9lectrique pratique.<\/li>\n<li>Gr\u00e2ce aux diff\u00e9rents modes de fonctionnement, le mode de fonctionnement peut \u00eatre ajust\u00e9.<\/li>\n<\/ul>\n<p>Le produit, qui permet une efficacit\u00e9 \u00e9lev\u00e9e avec chaque fonctionnalit\u00e9, offre \u00e9galement une utilisation facile.<\/p>\n<h3>O\u00f9 la s\u00e9rie Vent est-elle utilis\u00e9e?<\/h3>\n<p>La s\u00e9rie Vent est un syst\u00e8me de ventilation efficace qui peut \u00eatre utilis\u00e9 dans diff\u00e9rentes zones. Les domaines o\u00f9 il est utilis\u00e9 peuvent \u00eatre \u00e9num\u00e9r\u00e9s comme suit:<\/p>\n<ul>\n<li>Ventilation des bureaux<\/li>\n<li>Ventilation des v\u00e9hicules de transport en commun<\/li>\n<li>Syst\u00e8mes de ventilation du centre commercial<\/li>\n<li>Syst\u00e8mes de ventilation d&rsquo;usine<\/li>\n<li>Syst\u00e8mes de ventilation scolaire<\/li>\n<li>Syst\u00e8mes de ventilation hospitaliers<\/li>\n<\/ul>\n<p>Le produit, qui garantit que l&rsquo;air sale de la zone ferm\u00e9e est \u00e9vacu\u00e9 du syst\u00e8me, pr\u00e9sente des caract\u00e9ristiques innovantes et technologiques. I De cette fa\u00e7on, il affiche des performances maximales avec un style de travail minimal. En m\u00eame temps, il fournit l&rsquo;environnement pour obtenir une structure beaucoup plus spacieuse et saine. Pour cette raison, il est possible d&rsquo;affirmer qu&rsquo;il est pr\u00e9f\u00e9r\u00e9 dans de nombreux domaines.<\/p>\n","protected":false},"excerpt":{"rendered":"<p>Les ventilateurs de la s\u00e9rie Vent ont diff\u00e9rentes zones d&rsquo;utilisation et assurent la ventilation de l&rsquo;environnement ou du syst\u00e8me. De tels ventilateurs, qui cr\u00e9ent une diff\u00e9rence de pression, sont souvent pr\u00e9f\u00e9r\u00e9s car ils fournissent le flux d&rsquo;air de mani\u00e8re syst\u00e9matique. L&rsquo;air circule parall\u00e8lement \u00e0 l&rsquo;arbre du ventilateur. Ensuite, l&rsquo;air pr\u00e9lev\u00e9 est transf\u00e9r\u00e9 \u00e0 l&rsquo;ext\u00e9rieur. Il [&hellip;]<\/p>\n","protected":false},"featured_media":3682,"comment_status":"open","ping_status":"closed","template":"","meta":{"_acf_changed":false},"product_brand":[],"product_cat":[117],"product_tag":[],"class_list":{"0":"post-4236","1":"product","2":"type-product","3":"status-publish","4":"has-post-thumbnail","6":"product_cat-ventilateurs","8":"first","9":"instock","10":"shipping-taxable","11":"product-type-simple"},"acf":[],"yoast_head":"<!-- This site is optimized with the Yoast SEO plugin v27.4 - https:\/\/yoast.com\/product\/yoast-seo-wordpress\/ -->\n<title>\u00c9VENT S\u00e9rie - Go Valf Vana ve Pompa Sistemleri<\/title>\n<meta name=\"robots\" content=\"index, follow, max-snippet:-1, max-image-preview:large, max-video-preview:-1\" \/>\n<link rel=\"canonical\" href=\"http:\/\/govalf.com\/fr\/product\/event-serie\/\" \/>\n<meta property=\"og:locale\" content=\"fr_FR\" \/>\n<meta property=\"og:type\" content=\"article\" \/>\n<meta property=\"og:title\" content=\"\u00c9VENT S\u00e9rie - Go Valf Vana ve Pompa Sistemleri\" \/>\n<meta property=\"og:description\" content=\"Les ventilateurs de la s\u00e9rie Vent ont diff\u00e9rentes zones d&rsquo;utilisation et assurent la ventilation de l&rsquo;environnement ou du syst\u00e8me. De tels ventilateurs, qui cr\u00e9ent une diff\u00e9rence de pression, sont souvent pr\u00e9f\u00e9r\u00e9s car ils fournissent le flux d&rsquo;air de mani\u00e8re syst\u00e9matique. L&rsquo;air circule parall\u00e8lement \u00e0 l&rsquo;arbre du ventilateur. Ensuite, l&rsquo;air pr\u00e9lev\u00e9 est transf\u00e9r\u00e9 \u00e0 l&rsquo;ext\u00e9rieur. Il [&hellip;]\" \/>\n<meta property=\"og:url\" content=\"http:\/\/govalf.com\/fr\/product\/event-serie\/\" \/>\n<meta property=\"og:site_name\" content=\"Go Valf Vana ve Pompa Sistemleri\" \/>\n<meta property=\"article:modified_time\" content=\"2022-06-22T06:43:45+00:00\" \/>\n<meta property=\"og:image\" content=\"http:\/\/govalf.com\/wp-content\/uploads\/2022\/03\/VENT-Serisi-1024x1024.png\" \/>\n\t<meta property=\"og:image:width\" content=\"1024\" \/>\n\t<meta property=\"og:image:height\" content=\"1024\" \/>\n\t<meta property=\"og:image:type\" content=\"image\/png\" \/>\n<meta name=\"twitter:card\" content=\"summary_large_image\" \/>\n<meta name=\"twitter:label1\" content=\"Dur\u00e9e de lecture estim\u00e9e\" \/>\n\t<meta name=\"twitter:data1\" content=\"1 minute\" \/>\n<script type=\"application\/ld+json\" class=\"yoast-schema-graph\">{\"@context\":\"https:\\\/\\\/schema.org\",\"@graph\":[{\"@type\":\"WebPage\",\"@id\":\"http:\\\/\\\/govalf.com\\\/fr\\\/product\\\/event-serie\\\/\",\"url\":\"http:\\\/\\\/govalf.com\\\/fr\\\/product\\\/event-serie\\\/\",\"name\":\"\u00c9VENT S\u00e9rie - Go Valf Vana ve Pompa Sistemleri\",\"isPartOf\":{\"@id\":\"http:\\\/\\\/govalf.com\\\/ru\\\/#website\"},\"primaryImageOfPage\":{\"@id\":\"http:\\\/\\\/govalf.com\\\/fr\\\/product\\\/event-serie\\\/#primaryimage\"},\"image\":{\"@id\":\"http:\\\/\\\/govalf.com\\\/fr\\\/product\\\/event-serie\\\/#primaryimage\"},\"thumbnailUrl\":\"http:\\\/\\\/govalf.com\\\/wp-content\\\/uploads\\\/2022\\\/03\\\/VENT-Serisi.png\",\"datePublished\":\"2022-03-22T10:54:50+00:00\",\"dateModified\":\"2022-06-22T06:43:45+00:00\",\"breadcrumb\":{\"@id\":\"http:\\\/\\\/govalf.com\\\/fr\\\/product\\\/event-serie\\\/#breadcrumb\"},\"inLanguage\":\"fr-FR\",\"potentialAction\":[{\"@type\":\"ReadAction\",\"target\":[\"http:\\\/\\\/govalf.com\\\/fr\\\/product\\\/event-serie\\\/\"]}]},{\"@type\":\"ImageObject\",\"inLanguage\":\"fr-FR\",\"@id\":\"http:\\\/\\\/govalf.com\\\/fr\\\/product\\\/event-serie\\\/#primaryimage\",\"url\":\"http:\\\/\\\/govalf.com\\\/wp-content\\\/uploads\\\/2022\\\/03\\\/VENT-Serisi.png\",\"contentUrl\":\"http:\\\/\\\/govalf.com\\\/wp-content\\\/uploads\\\/2022\\\/03\\\/VENT-Serisi.png\",\"width\":5000,\"height\":5000,\"caption\":\"Vent Serisi fanlar\"},{\"@type\":\"BreadcrumbList\",\"@id\":\"http:\\\/\\\/govalf.com\\\/fr\\\/product\\\/event-serie\\\/#breadcrumb\",\"itemListElement\":[{\"@type\":\"ListItem\",\"position\":1,\"name\":\"Anasayfa\",\"item\":\"http:\\\/\\\/govalf.com\\\/fr\\\/\"},{\"@type\":\"ListItem\",\"position\":2,\"name\":\"Products\",\"item\":\"http:\\\/\\\/govalf.com\\\/ru\\\/%d0%bf%d1%80%d0%be%d0%b4%d1%83%d0%ba%d1%82%d1%8b\\\/\"},{\"@type\":\"ListItem\",\"position\":3,\"name\":\"\u00c9VENT S\u00e9rie\"}]},{\"@type\":\"WebSite\",\"@id\":\"http:\\\/\\\/govalf.com\\\/ru\\\/#website\",\"url\":\"http:\\\/\\\/govalf.com\\\/ru\\\/\",\"name\":\"Go Valf Vana ve Pompa Sistemleri\",\"description\":\"Yang\u0131n S\u00f6nd\u00fcrme Sistemleri ve Ekipmanlar\u0131\",\"publisher\":{\"@id\":\"http:\\\/\\\/govalf.com\\\/ru\\\/#organization\"},\"potentialAction\":[{\"@type\":\"SearchAction\",\"target\":{\"@type\":\"EntryPoint\",\"urlTemplate\":\"http:\\\/\\\/govalf.com\\\/ru\\\/?s={search_term_string}\"},\"query-input\":{\"@type\":\"PropertyValueSpecification\",\"valueRequired\":true,\"valueName\":\"search_term_string\"}}],\"inLanguage\":\"fr-FR\"},{\"@type\":\"Organization\",\"@id\":\"http:\\\/\\\/govalf.com\\\/ru\\\/#organization\",\"name\":\"Go Valf\",\"url\":\"http:\\\/\\\/govalf.com\\\/ru\\\/\",\"logo\":{\"@type\":\"ImageObject\",\"inLanguage\":\"fr-FR\",\"@id\":\"http:\\\/\\\/govalf.com\\\/ru\\\/#\\\/schema\\\/logo\\\/image\\\/\",\"url\":\"https:\\\/\\\/govalf.com\\\/wp-content\\\/uploads\\\/2022\\\/02\\\/go-valf-logo.png\",\"contentUrl\":\"https:\\\/\\\/govalf.com\\\/wp-content\\\/uploads\\\/2022\\\/02\\\/go-valf-logo.png\",\"width\":504,\"height\":120,\"caption\":\"Go Valf\"},\"image\":{\"@id\":\"http:\\\/\\\/govalf.com\\\/ru\\\/#\\\/schema\\\/logo\\\/image\\\/\"}}]}<\/script>\n<!-- \/ Yoast SEO plugin. -->","yoast_head_json":{"title":"\u00c9VENT S\u00e9rie - Go Valf Vana ve Pompa Sistemleri","robots":{"index":"index","follow":"follow","max-snippet":"max-snippet:-1","max-image-preview":"max-image-preview:large","max-video-preview":"max-video-preview:-1"},"canonical":"http:\/\/govalf.com\/fr\/product\/event-serie\/","og_locale":"fr_FR","og_type":"article","og_title":"\u00c9VENT S\u00e9rie - Go Valf Vana ve Pompa Sistemleri","og_description":"Les ventilateurs de la s\u00e9rie Vent ont diff\u00e9rentes zones d&rsquo;utilisation et assurent la ventilation de l&rsquo;environnement ou du syst\u00e8me. De tels ventilateurs, qui cr\u00e9ent une diff\u00e9rence de pression, sont souvent pr\u00e9f\u00e9r\u00e9s car ils fournissent le flux d&rsquo;air de mani\u00e8re syst\u00e9matique. L&rsquo;air circule parall\u00e8lement \u00e0 l&rsquo;arbre du ventilateur. Ensuite, l&rsquo;air pr\u00e9lev\u00e9 est transf\u00e9r\u00e9 \u00e0 l&rsquo;ext\u00e9rieur. Il [&hellip;]","og_url":"http:\/\/govalf.com\/fr\/product\/event-serie\/","og_site_name":"Go Valf Vana ve Pompa Sistemleri","article_modified_time":"2022-06-22T06:43:45+00:00","og_image":[{"width":1024,"height":1024,"url":"http:\/\/govalf.com\/wp-content\/uploads\/2022\/03\/VENT-Serisi-1024x1024.png","type":"image\/png"}],"twitter_card":"summary_large_image","twitter_misc":{"Dur\u00e9e de lecture estim\u00e9e":"1 minute"},"schema":{"@context":"https:\/\/schema.org","@graph":[{"@type":"WebPage","@id":"http:\/\/govalf.com\/fr\/product\/event-serie\/","url":"http:\/\/govalf.com\/fr\/product\/event-serie\/","name":"\u00c9VENT S\u00e9rie - Go Valf Vana ve Pompa Sistemleri","isPartOf":{"@id":"http:\/\/govalf.com\/ru\/#website"},"primaryImageOfPage":{"@id":"http:\/\/govalf.com\/fr\/product\/event-serie\/#primaryimage"},"image":{"@id":"http:\/\/govalf.com\/fr\/product\/event-serie\/#primaryimage"},"thumbnailUrl":"http:\/\/govalf.com\/wp-content\/uploads\/2022\/03\/VENT-Serisi.png","datePublished":"2022-03-22T10:54:50+00:00","dateModified":"2022-06-22T06:43:45+00:00","breadcrumb":{"@id":"http:\/\/govalf.com\/fr\/product\/event-serie\/#breadcrumb"},"inLanguage":"fr-FR","potentialAction":[{"@type":"ReadAction","target":["http:\/\/govalf.com\/fr\/product\/event-serie\/"]}]},{"@type":"ImageObject","inLanguage":"fr-FR","@id":"http:\/\/govalf.com\/fr\/product\/event-serie\/#primaryimage","url":"http:\/\/govalf.com\/wp-content\/uploads\/2022\/03\/VENT-Serisi.png","contentUrl":"http:\/\/govalf.com\/wp-content\/uploads\/2022\/03\/VENT-Serisi.png","width":5000,"height":5000,"caption":"Vent Serisi fanlar"},{"@type":"BreadcrumbList","@id":"http:\/\/govalf.com\/fr\/product\/event-serie\/#breadcrumb","itemListElement":[{"@type":"ListItem","position":1,"name":"Anasayfa","item":"http:\/\/govalf.com\/fr\/"},{"@type":"ListItem","position":2,"name":"Products","item":"http:\/\/govalf.com\/ru\/%d0%bf%d1%80%d0%be%d0%b4%d1%83%d0%ba%d1%82%d1%8b\/"},{"@type":"ListItem","position":3,"name":"\u00c9VENT S\u00e9rie"}]},{"@type":"WebSite","@id":"http:\/\/govalf.com\/ru\/#website","url":"http:\/\/govalf.com\/ru\/","name":"Go Valf Vana ve Pompa Sistemleri","description":"Yang\u0131n S\u00f6nd\u00fcrme Sistemleri ve Ekipmanlar\u0131","publisher":{"@id":"http:\/\/govalf.com\/ru\/#organization"},"potentialAction":[{"@type":"SearchAction","target":{"@type":"EntryPoint","urlTemplate":"http:\/\/govalf.com\/ru\/?s={search_term_string}"},"query-input":{"@type":"PropertyValueSpecification","valueRequired":true,"valueName":"search_term_string"}}],"inLanguage":"fr-FR"},{"@type":"Organization","@id":"http:\/\/govalf.com\/ru\/#organization","name":"Go Valf","url":"http:\/\/govalf.com\/ru\/","logo":{"@type":"ImageObject","inLanguage":"fr-FR","@id":"http:\/\/govalf.com\/ru\/#\/schema\/logo\/image\/","url":"https:\/\/govalf.com\/wp-content\/uploads\/2022\/02\/go-valf-logo.png","contentUrl":"https:\/\/govalf.com\/wp-content\/uploads\/2022\/02\/go-valf-logo.png","width":504,"height":120,"caption":"Go Valf"},"image":{"@id":"http:\/\/govalf.com\/ru\/#\/schema\/logo\/image\/"}}]}},"_links":{"self":[{"href":"http:\/\/govalf.com\/fr\/wp-json\/wp\/v2\/product\/4236","targetHints":{"allow":["GET"]}}],"collection":[{"href":"http:\/\/govalf.com\/fr\/wp-json\/wp\/v2\/product"}],"about":[{"href":"http:\/\/govalf.com\/fr\/wp-json\/wp\/v2\/types\/product"}],"replies":[{"embeddable":true,"href":"http:\/\/govalf.com\/fr\/wp-json\/wp\/v2\/comments?post=4236"}],"wp:featuredmedia":[{"embeddable":true,"href":"http:\/\/govalf.com\/fr\/wp-json\/wp\/v2\/media\/3682"}],"wp:attachment":[{"href":"http:\/\/govalf.com\/fr\/wp-json\/wp\/v2\/media?parent=4236"}],"wp:term":[{"taxonomy":"product_brand","embeddable":true,"href":"http:\/\/govalf.com\/fr\/wp-json\/wp\/v2\/product_brand?post=4236"},{"taxonomy":"product_cat","embeddable":true,"href":"http:\/\/govalf.com\/fr\/wp-json\/wp\/v2\/product_cat?post=4236"},{"taxonomy":"product_tag","embeddable":true,"href":"http:\/\/govalf.com\/fr\/wp-json\/wp\/v2\/product_tag?post=4236"}],"curies":[{"name":"wp","href":"https:\/\/api.w.org\/{rel}","templated":true}]}}