{"id":4244,"date":"2022-02-18T06:45:00","date_gmt":"2022-03-22T11:14:14","guid":{"rendered":"https:\/\/govalf.com\/product\/compensateur-de-dilatation-flexible-de-type-omega\/"},"modified":"2022-07-20T08:06:16","modified_gmt":"2022-07-20T08:06:16","slug":"compensateur-de-dilatation-flexible-de-type-omega","status":"publish","type":"product","link":"http:\/\/govalf.com\/fr\/product\/compensateur-de-dilatation-flexible-de-type-omega\/","title":{"rendered":"Compensateur de Dilatation Flexible de Type Omega"},"content":{"rendered":"<p><strong>Compensateur de dilatation flexible de type Omega; <\/strong>Les compensateurs de dilatation flexibles de type Omega sont des \u00e9l\u00e9ments auxiliaires utilis\u00e9s dans le syst\u00e8me de gicleurs pour pr\u00e9venir les probl\u00e8mes pouvant survenir en raison des mouvements sismiques. Ils ont une importance extr\u00eamement vitale dans le syst\u00e8me. Il est tr\u00e8s important pour la s\u00e9curit\u00e9 du syst\u00e8me, en particulier dans les zones o\u00f9 les activit\u00e9s sismiques ou les mouvements souterrains sont intenses. Le compensateur de dilatation flex de type om\u00e9ga, qui a la particularit\u00e9 d&rsquo;absorber les contraintes caus\u00e9es par les mouvements du sol, est \u00e9galement tr\u00e8s facile \u00e0 installer. De plus, ces compensateurs ont une structure flexible et peuvent \u00eatre d\u00e9plac\u00e9s dans toutes les directions. Une autre caract\u00e9ristique est qu&rsquo;il offre une s\u00e9curit\u00e9 importante contre les mouvements thermiques.<\/p>\n<h2><strong>Qu&rsquo;est-ce que le compensateur de dilatation Omega Type Flex et \u00e0 quoi sert-il ?<\/strong><\/h2>\n<p>Le compensateur de dilatation flexible de type Omega est utilis\u00e9 pour assurer la plus grande s\u00e9curit\u00e9 des syst\u00e8mes d&rsquo;extinction d&rsquo;incendie et des pi\u00e8ces sensibles du syst\u00e8me. Il assume une t\u00e2che tr\u00e8s critique, notamment en termes de s\u00e9curit\u00e9 de la ligne de gicleurs. En m\u00eame temps, il a la particularit\u00e9 d&#8217;emp\u00eacher les n\u00e9gativit\u00e9s telles que la rupture, la d\u00e9chirure et la fissuration qui peuvent survenir dans les canalisations rigides.<\/p>\n<p>La caract\u00e9ristique la plus importante du compensateur de dilatation flexible de type Omega est qu&rsquo;il a une structure flexible. Pratique et s\u00fbr, ce compensateur est \u00e9galement adapt\u00e9 \u00e0 la production dans les diff\u00e9rentes tailles et diam\u00e8tres demand\u00e9s. Le fait qu&rsquo;ils aient besoin d&rsquo;un seul point d&rsquo;appui s&rsquo;adapte facilement au syst\u00e8me et permet de terminer rapidement les processus d&rsquo;assemblage.<\/p>\n<h2><strong>Qu&rsquo;est-ce que le compensateur de dilatation Omega Type Flex ?<\/strong><\/h2>\n<p>Les compensateurs de dilatation flexibles de type Omega sont des fixations qui sont reli\u00e9es aux points de passage de dilatation dans les installations anti-incendie et assurent la protection du syst\u00e8me contre d&rsquo;\u00e9ventuels mouvements sismiques. Il assure la s\u00e9curit\u00e9 des parties sensibles du syst\u00e8me. En m\u00eame temps, cela \u00e9vite les probl\u00e8mes que le syst\u00e8me de gicleurs peut rencontrer en raison d&rsquo;\u00e9ventuelles activit\u00e9s au sol.<\/p>\n<p>Il assure la s\u00e9curit\u00e9 des canalisations rigides reli\u00e9es au syst\u00e8me d&rsquo;extinction d&rsquo;incendie. Il pr\u00e9vient les probl\u00e8mes tels que la rupture et la fissuration qui peuvent survenir en raison des activit\u00e9s sismiques dans ces lignes. Gr\u00e2ce \u00e0 leur structure flexible, ils peuvent \u00eatre d\u00e9plac\u00e9s dans diff\u00e9rentes directions. Ce compensateur, \u00e9galement r\u00e9sistant aux mouvements thermiques, a la capacit\u00e9 de reprendre les efforts sur la ligne.<\/p>\n<h2><strong>Que fait le compensateur de dilatation Omega Type Flex ?<\/strong><\/h2>\n<p>Le compensateur de dilatation flexible de type Omega a essentiellement pour fonction d&rsquo;assurer la s\u00e9curit\u00e9 des syst\u00e8mes d&rsquo;extinction d&rsquo;incendie. Il assure non seulement la s\u00e9curit\u00e9 du syst\u00e8me en termes g\u00e9n\u00e9raux, mais assure \u00e9galement la s\u00e9curit\u00e9 d&rsquo;autres parties sensibles et co\u00fbteuses du syst\u00e8me. Il est d&rsquo;une importance vitale pour les installations d&rsquo;extinction d&rsquo;incendie, en particulier dans les zones de mouvements de terrain intenses et d&rsquo;activit\u00e9s sismiques.<\/p>\n<p>Le compensateur de dilatation Flex a la particularit\u00e9 d&rsquo;effectuer un mouvement parall\u00e8le \u00e0 la structure. Par cons\u00e9quent, il peut s&rsquo;adapter aux mouvements caus\u00e9s par les activit\u00e9s sismiques. Le compensateur de dilatation de flex, qui permet \u00e9galement au syst\u00e8me d&rsquo;extinction d&rsquo;incendie de fonctionner correctement face \u00e0 de telles n\u00e9gativit\u00e9s, a \u00e9galement pour fonction de reprendre les mouvements thermiques.<\/p>\n<h2><strong>O\u00f9 est utilis\u00e9 le compensateur de dilatation Flex de type Omega\u00a0?<\/strong><\/h2>\n<p>Le compensateur de dilatation flexible de type Omega est principalement utilis\u00e9 dans les syst\u00e8mes d&rsquo;extinction d&rsquo;incendie. En plus d&rsquo;assurer la s\u00e9curit\u00e9 globale du syst\u00e8me, il promet des avantages tr\u00e8s efficaces. Il s&rsquo;adapte facilement au syst\u00e8me gr\u00e2ce \u00e0 sa structure facile \u00e0 installer, r\u00e9sistante, flexible et mobile. Ce type de compensateurs est \u00e9galement tr\u00e8s pratique en termes d&rsquo;utilisation.<\/p>\n<p>La zone d&rsquo;utilisation du compensateur de dilatation flexible de type Omega dans l&rsquo;installation incendie est les points de passage de dilatation. Il peut \u00eatre mont\u00e9 facilement et rapidement sur ces points de dilatation, qui sont cr\u00e9\u00e9s pour assurer la s\u00e9curit\u00e9 du syst\u00e8me en g\u00e9n\u00e9ral contre les activit\u00e9s sismiques telles que les tremblements de terre ou les mouvements souterrains. Surtout dans les r\u00e9gions o\u00f9 le risque sismique est \u00e9lev\u00e9, le r\u00f4le des mesures d&rsquo;extinction d&rsquo;incendie contre d&rsquo;\u00e9ventuels incendies dans le syst\u00e8me a une <a href=\"https:\/\/govalf.com\/fr\/la-communication\/\">importance<\/a> cruciale.<\/p>\n","protected":false},"excerpt":{"rendered":"<h2>caract\u00e9ristiques<br \/>\nMat\u00e9riau du tuyau : AISI 304, AISI 316L<br \/>\nMat\u00e9riel de tricot : AISI 304<br \/>\nMat\u00e9riau du coude : St37.2<br \/>\nMat\u00e9riau de la mari\u00e9e : St37.2<br \/>\nPresse : PN16<br \/>\nTemp\u00e9rature : 550o<br \/>\nFacile \u00e0 assembler et plus court<\/h2>\n","protected":false},"featured_media":5971,"comment_status":"closed","ping_status":"closed","template":"","meta":{"_acf_changed":false},"product_brand":[],"product_cat":[119],"product_tag":[],"class_list":{"0":"post-4244","1":"product","2":"type-product","3":"status-publish","4":"has-post-thumbnail","6":"product_cat-compensateur-de-dilatation","8":"first","9":"instock","10":"shipping-taxable","11":"purchasable","12":"product-type-simple"},"acf":[],"yoast_head":"<!-- This site is optimized with the Yoast SEO plugin v27.4 - https:\/\/yoast.com\/product\/yoast-seo-wordpress\/ -->\n<title>Compensateur de Dilatation Flexible de Type Omega - GOVALF<\/title>\n<meta name=\"description\" content=\"Compensateur de dilatation flexible de type Omega; Les compensateurs de dilatation flexibles de type Omega sont des \u00e9l\u00e9ments\" \/>\n<meta name=\"robots\" content=\"index, follow, max-snippet:-1, max-image-preview:large, max-video-preview:-1\" \/>\n<link rel=\"canonical\" href=\"http:\/\/govalf.com\/fr\/product\/compensateur-de-dilatation-flexible-de-type-omega\/\" \/>\n<meta property=\"og:locale\" content=\"fr_FR\" \/>\n<meta property=\"og:type\" content=\"article\" \/>\n<meta property=\"og:title\" content=\"Compensateur de Dilatation Flexible de Type Omega - GOVALF\" \/>\n<meta property=\"og:description\" content=\"Compensateur de dilatation flexible de type Omega; Les compensateurs de dilatation flexibles de type Omega sont des \u00e9l\u00e9ments\" \/>\n<meta property=\"og:url\" content=\"http:\/\/govalf.com\/fr\/product\/compensateur-de-dilatation-flexible-de-type-omega\/\" \/>\n<meta property=\"og:site_name\" content=\"Go Valf Vana ve Pompa Sistemleri\" \/>\n<meta property=\"article:modified_time\" content=\"2022-07-20T08:06:16+00:00\" \/>\n<meta property=\"og:image\" content=\"http:\/\/govalf.com\/wp-content\/uploads\/2022\/02\/Compensateur-de-dilatation-flexible-de-type-Omega.png\" \/>\n\t<meta property=\"og:image:width\" content=\"878\" \/>\n\t<meta property=\"og:image:height\" content=\"724\" \/>\n\t<meta property=\"og:image:type\" content=\"image\/png\" \/>\n<meta name=\"twitter:card\" content=\"summary_large_image\" \/>\n<meta name=\"twitter:label1\" content=\"Dur\u00e9e de lecture estim\u00e9e\" \/>\n\t<meta name=\"twitter:data1\" content=\"4 minutes\" \/>\n<script type=\"application\/ld+json\" class=\"yoast-schema-graph\">{\"@context\":\"https:\\\/\\\/schema.org\",\"@graph\":[{\"@type\":\"WebPage\",\"@id\":\"http:\\\/\\\/govalf.com\\\/fr\\\/product\\\/compensateur-de-dilatation-flexible-de-type-omega\\\/\",\"url\":\"http:\\\/\\\/govalf.com\\\/fr\\\/product\\\/compensateur-de-dilatation-flexible-de-type-omega\\\/\",\"name\":\"Compensateur de Dilatation Flexible de Type Omega - GOVALF\",\"isPartOf\":{\"@id\":\"http:\\\/\\\/govalf.com\\\/ru\\\/#website\"},\"primaryImageOfPage\":{\"@id\":\"http:\\\/\\\/govalf.com\\\/fr\\\/product\\\/compensateur-de-dilatation-flexible-de-type-omega\\\/#primaryimage\"},\"image\":{\"@id\":\"http:\\\/\\\/govalf.com\\\/fr\\\/product\\\/compensateur-de-dilatation-flexible-de-type-omega\\\/#primaryimage\"},\"thumbnailUrl\":\"http:\\\/\\\/govalf.com\\\/wp-content\\\/uploads\\\/2022\\\/02\\\/Compensateur-de-dilatation-flexible-de-type-Omega.png\",\"datePublished\":\"2022-03-22T11:14:14+00:00\",\"dateModified\":\"2022-07-20T08:06:16+00:00\",\"description\":\"Compensateur de dilatation flexible de type Omega; Les compensateurs de dilatation flexibles de type Omega sont des \u00e9l\u00e9ments\",\"breadcrumb\":{\"@id\":\"http:\\\/\\\/govalf.com\\\/fr\\\/product\\\/compensateur-de-dilatation-flexible-de-type-omega\\\/#breadcrumb\"},\"inLanguage\":\"fr-FR\",\"potentialAction\":[{\"@type\":\"ReadAction\",\"target\":[\"http:\\\/\\\/govalf.com\\\/fr\\\/product\\\/compensateur-de-dilatation-flexible-de-type-omega\\\/\"]}]},{\"@type\":\"ImageObject\",\"inLanguage\":\"fr-FR\",\"@id\":\"http:\\\/\\\/govalf.com\\\/fr\\\/product\\\/compensateur-de-dilatation-flexible-de-type-omega\\\/#primaryimage\",\"url\":\"http:\\\/\\\/govalf.com\\\/wp-content\\\/uploads\\\/2022\\\/02\\\/Compensateur-de-dilatation-flexible-de-type-Omega.png\",\"contentUrl\":\"http:\\\/\\\/govalf.com\\\/wp-content\\\/uploads\\\/2022\\\/02\\\/Compensateur-de-dilatation-flexible-de-type-Omega.png\",\"width\":878,\"height\":724,\"caption\":\"Compensateur de dilatation flexible de type Omega\"},{\"@type\":\"BreadcrumbList\",\"@id\":\"http:\\\/\\\/govalf.com\\\/fr\\\/product\\\/compensateur-de-dilatation-flexible-de-type-omega\\\/#breadcrumb\",\"itemListElement\":[{\"@type\":\"ListItem\",\"position\":1,\"name\":\"Anasayfa\",\"item\":\"http:\\\/\\\/govalf.com\\\/fr\\\/\"},{\"@type\":\"ListItem\",\"position\":2,\"name\":\"Products\",\"item\":\"http:\\\/\\\/govalf.com\\\/fr\\\/des-produits\\\/\"},{\"@type\":\"ListItem\",\"position\":3,\"name\":\"Compensateur de Dilatation Flexible de Type Omega\"}]},{\"@type\":\"WebSite\",\"@id\":\"http:\\\/\\\/govalf.com\\\/ru\\\/#website\",\"url\":\"http:\\\/\\\/govalf.com\\\/ru\\\/\",\"name\":\"Go Valf Vana ve Pompa Sistemleri\",\"description\":\"Yang\u0131n S\u00f6nd\u00fcrme Sistemleri ve Ekipmanlar\u0131\",\"publisher\":{\"@id\":\"http:\\\/\\\/govalf.com\\\/ru\\\/#organization\"},\"potentialAction\":[{\"@type\":\"SearchAction\",\"target\":{\"@type\":\"EntryPoint\",\"urlTemplate\":\"http:\\\/\\\/govalf.com\\\/ru\\\/?s={search_term_string}\"},\"query-input\":{\"@type\":\"PropertyValueSpecification\",\"valueRequired\":true,\"valueName\":\"search_term_string\"}}],\"inLanguage\":\"fr-FR\"},{\"@type\":\"Organization\",\"@id\":\"http:\\\/\\\/govalf.com\\\/ru\\\/#organization\",\"name\":\"Go Valf\",\"url\":\"http:\\\/\\\/govalf.com\\\/ru\\\/\",\"logo\":{\"@type\":\"ImageObject\",\"inLanguage\":\"fr-FR\",\"@id\":\"http:\\\/\\\/govalf.com\\\/ru\\\/#\\\/schema\\\/logo\\\/image\\\/\",\"url\":\"https:\\\/\\\/govalf.com\\\/wp-content\\\/uploads\\\/2022\\\/02\\\/go-valf-logo.png\",\"contentUrl\":\"https:\\\/\\\/govalf.com\\\/wp-content\\\/uploads\\\/2022\\\/02\\\/go-valf-logo.png\",\"width\":504,\"height\":120,\"caption\":\"Go Valf\"},\"image\":{\"@id\":\"http:\\\/\\\/govalf.com\\\/ru\\\/#\\\/schema\\\/logo\\\/image\\\/\"}}]}<\/script>\n<!-- \/ Yoast SEO plugin. -->","yoast_head_json":{"title":"Compensateur de Dilatation Flexible de Type Omega - GOVALF","description":"Compensateur de dilatation flexible de type Omega; Les compensateurs de dilatation flexibles de type Omega sont des \u00e9l\u00e9ments","robots":{"index":"index","follow":"follow","max-snippet":"max-snippet:-1","max-image-preview":"max-image-preview:large","max-video-preview":"max-video-preview:-1"},"canonical":"http:\/\/govalf.com\/fr\/product\/compensateur-de-dilatation-flexible-de-type-omega\/","og_locale":"fr_FR","og_type":"article","og_title":"Compensateur de Dilatation Flexible de Type Omega - GOVALF","og_description":"Compensateur de dilatation flexible de type Omega; Les compensateurs de dilatation flexibles de type Omega sont des \u00e9l\u00e9ments","og_url":"http:\/\/govalf.com\/fr\/product\/compensateur-de-dilatation-flexible-de-type-omega\/","og_site_name":"Go Valf Vana ve Pompa Sistemleri","article_modified_time":"2022-07-20T08:06:16+00:00","og_image":[{"width":878,"height":724,"url":"http:\/\/govalf.com\/wp-content\/uploads\/2022\/02\/Compensateur-de-dilatation-flexible-de-type-Omega.png","type":"image\/png"}],"twitter_card":"summary_large_image","twitter_misc":{"Dur\u00e9e de lecture estim\u00e9e":"4 minutes"},"schema":{"@context":"https:\/\/schema.org","@graph":[{"@type":"WebPage","@id":"http:\/\/govalf.com\/fr\/product\/compensateur-de-dilatation-flexible-de-type-omega\/","url":"http:\/\/govalf.com\/fr\/product\/compensateur-de-dilatation-flexible-de-type-omega\/","name":"Compensateur de Dilatation Flexible de Type Omega - GOVALF","isPartOf":{"@id":"http:\/\/govalf.com\/ru\/#website"},"primaryImageOfPage":{"@id":"http:\/\/govalf.com\/fr\/product\/compensateur-de-dilatation-flexible-de-type-omega\/#primaryimage"},"image":{"@id":"http:\/\/govalf.com\/fr\/product\/compensateur-de-dilatation-flexible-de-type-omega\/#primaryimage"},"thumbnailUrl":"http:\/\/govalf.com\/wp-content\/uploads\/2022\/02\/Compensateur-de-dilatation-flexible-de-type-Omega.png","datePublished":"2022-03-22T11:14:14+00:00","dateModified":"2022-07-20T08:06:16+00:00","description":"Compensateur de dilatation flexible de type Omega; Les compensateurs de dilatation flexibles de type Omega sont des \u00e9l\u00e9ments","breadcrumb":{"@id":"http:\/\/govalf.com\/fr\/product\/compensateur-de-dilatation-flexible-de-type-omega\/#breadcrumb"},"inLanguage":"fr-FR","potentialAction":[{"@type":"ReadAction","target":["http:\/\/govalf.com\/fr\/product\/compensateur-de-dilatation-flexible-de-type-omega\/"]}]},{"@type":"ImageObject","inLanguage":"fr-FR","@id":"http:\/\/govalf.com\/fr\/product\/compensateur-de-dilatation-flexible-de-type-omega\/#primaryimage","url":"http:\/\/govalf.com\/wp-content\/uploads\/2022\/02\/Compensateur-de-dilatation-flexible-de-type-Omega.png","contentUrl":"http:\/\/govalf.com\/wp-content\/uploads\/2022\/02\/Compensateur-de-dilatation-flexible-de-type-Omega.png","width":878,"height":724,"caption":"Compensateur de dilatation flexible de type Omega"},{"@type":"BreadcrumbList","@id":"http:\/\/govalf.com\/fr\/product\/compensateur-de-dilatation-flexible-de-type-omega\/#breadcrumb","itemListElement":[{"@type":"ListItem","position":1,"name":"Anasayfa","item":"http:\/\/govalf.com\/fr\/"},{"@type":"ListItem","position":2,"name":"Products","item":"http:\/\/govalf.com\/fr\/des-produits\/"},{"@type":"ListItem","position":3,"name":"Compensateur de Dilatation Flexible de Type Omega"}]},{"@type":"WebSite","@id":"http:\/\/govalf.com\/ru\/#website","url":"http:\/\/govalf.com\/ru\/","name":"Go Valf Vana ve Pompa Sistemleri","description":"Yang\u0131n S\u00f6nd\u00fcrme Sistemleri ve Ekipmanlar\u0131","publisher":{"@id":"http:\/\/govalf.com\/ru\/#organization"},"potentialAction":[{"@type":"SearchAction","target":{"@type":"EntryPoint","urlTemplate":"http:\/\/govalf.com\/ru\/?s={search_term_string}"},"query-input":{"@type":"PropertyValueSpecification","valueRequired":true,"valueName":"search_term_string"}}],"inLanguage":"fr-FR"},{"@type":"Organization","@id":"http:\/\/govalf.com\/ru\/#organization","name":"Go Valf","url":"http:\/\/govalf.com\/ru\/","logo":{"@type":"ImageObject","inLanguage":"fr-FR","@id":"http:\/\/govalf.com\/ru\/#\/schema\/logo\/image\/","url":"https:\/\/govalf.com\/wp-content\/uploads\/2022\/02\/go-valf-logo.png","contentUrl":"https:\/\/govalf.com\/wp-content\/uploads\/2022\/02\/go-valf-logo.png","width":504,"height":120,"caption":"Go Valf"},"image":{"@id":"http:\/\/govalf.com\/ru\/#\/schema\/logo\/image\/"}}]}},"_links":{"self":[{"href":"http:\/\/govalf.com\/fr\/wp-json\/wp\/v2\/product\/4244","targetHints":{"allow":["GET"]}}],"collection":[{"href":"http:\/\/govalf.com\/fr\/wp-json\/wp\/v2\/product"}],"about":[{"href":"http:\/\/govalf.com\/fr\/wp-json\/wp\/v2\/types\/product"}],"replies":[{"embeddable":true,"href":"http:\/\/govalf.com\/fr\/wp-json\/wp\/v2\/comments?post=4244"}],"wp:featuredmedia":[{"embeddable":true,"href":"http:\/\/govalf.com\/fr\/wp-json\/wp\/v2\/media\/5971"}],"wp:attachment":[{"href":"http:\/\/govalf.com\/fr\/wp-json\/wp\/v2\/media?parent=4244"}],"wp:term":[{"taxonomy":"product_brand","embeddable":true,"href":"http:\/\/govalf.com\/fr\/wp-json\/wp\/v2\/product_brand?post=4244"},{"taxonomy":"product_cat","embeddable":true,"href":"http:\/\/govalf.com\/fr\/wp-json\/wp\/v2\/product_cat?post=4244"},{"taxonomy":"product_tag","embeddable":true,"href":"http:\/\/govalf.com\/fr\/wp-json\/wp\/v2\/product_tag?post=4244"}],"curies":[{"name":"wp","href":"https:\/\/api.w.org\/{rel}","templated":true}]}}