{"id":4245,"date":"2022-02-18T06:43:49","date_gmt":"2022-03-22T11:15:59","guid":{"rendered":"https:\/\/govalf.com\/product\/compensateur-de-tremblement-de-terre-articule-par-cardan\/"},"modified":"2022-07-30T07:55:21","modified_gmt":"2022-07-30T07:55:21","slug":"compensateur-de-tremblement-de-terre-articule-par-cardan","status":"publish","type":"product","link":"http:\/\/govalf.com\/fr\/product\/compensateur-de-tremblement-de-terre-articule-par-cardan\/","title":{"rendered":"Compensateur de tremblement de terre articul\u00e9 par cardan"},"content":{"rendered":"<p><strong>Compensateur de tremblement de terre articul\u00e9 par cardan; <\/strong>Les joints de dilatation et de dilatation sismique sont des \u00e9l\u00e9ments qui garantissent un fonctionnement s\u00fbr des syst\u00e8mes de tuyauterie contre les mouvements angulaires, axiaux ou lat\u00e9raux. En particulier lors d&rsquo;\u00e9v\u00e9nements au sol tels que les tremblements de terre, une accumulation de contraintes importante se produit sur les syst\u00e8mes de tuyauterie. Cette accumulation de contraintes peut emp\u00eacher le syst\u00e8me de fonctionner compl\u00e8tement ou peut provoquer une d\u00e9formation et limiter le fonctionnement du syst\u00e8me de tuyauterie. En plus des \u00e9v\u00e9nements au sol tels que les tremblements de terre, des mouvements angulaires, axiaux ou lat\u00e9raux peuvent se produire en fonction des raisons d\u00e9coulant de la mobilit\u00e9 propre du syst\u00e8me. Alors que les mouvements provenant du syst\u00e8me ont principalement des effets lat\u00e9raux, les perturbations caus\u00e9es par le s\u00e9isme peuvent se produire de trois mani\u00e8res diff\u00e9rentes. Dans de tels cas, des compensateurs sismiques doivent \u00eatre utilis\u00e9s pour assurer la s\u00e9curit\u00e9 du syst\u00e8me de tuyauterie.<\/p>\n<p><strong>Qu&rsquo;est-ce qu&rsquo;un joint de dilatation sismique \u00e0 dilatation et que fait-il\u00a0?<\/strong><\/p>\n<p>Le joint de dilatation et de tremblement de terre est l&rsquo;\u00e9l\u00e9ment antid\u00e9rapant anti-axe le plus couramment pr\u00e9f\u00e9r\u00e9, en particulier dans les syst\u00e8mes d&rsquo;extinction d&rsquo;incendie. La caract\u00e9ristique la plus fondamentale qui distingue ces compensateurs des autres types de compensateurs est qu&rsquo;ils assurent la s\u00e9curit\u00e9 du syst\u00e8me contre les mouvements de flexion qui se produisent de 3 mani\u00e8res diff\u00e9rentes.<\/p>\n<p>La principale raison de cette situation est qu&rsquo;il ne peut pas pr\u00e9dire les effets des \u00e9v\u00e9nements au sol tels que les tremblements de terre sur le syst\u00e8me. Par cons\u00e9quent, les compensateurs qui promettent une protection dans plus d&rsquo;un axe doivent \u00eatre pr\u00e9f\u00e9r\u00e9s afin de prot\u00e9ger les syst\u00e8mes de tuyauterie contre les n\u00e9gativit\u00e9s caus\u00e9es par les \u00e9v\u00e9nements au sol tels que les tremblements de terre. En particulier pour les installations de tuyauterie utilis\u00e9es dans les zones sismiques, de tels compensateurs sont d&rsquo;une importance vitale.<\/p>\n<p><strong>Qu&rsquo;est-ce qu&rsquo;un joint de dilatation et de tremblement de terre\u00a0?<\/strong><\/p>\n<p>Le joint de dilatation et de tremblement de terre prot\u00e8ge les installations de tuyauterie contre les mouvements du sol tels que les tremblements de terre ou les effondrements de terrain. Il assure la s\u00e9curit\u00e9 du syst\u00e8me en absorbant le mouvement et est un type de compensateur qui r\u00e9siste \u00e0 3 d\u00e9calages d&rsquo;axes diff\u00e9rents. Le joint de dilatation et de tremblement de terre absorbe toutes sortes de mouvements lat\u00e9raux, axiaux et angulaires.<\/p>\n<p>Ainsi, il peut compl\u00e8tement prot\u00e9ger le syst\u00e8me contre les probl\u00e8mes sismiques. Les joints de dilatation et de dilatation sismique ne sont pas produits selon un type de mat\u00e9riau standard. Bien qu&rsquo;il soit principalement fabriqu\u00e9 en acier au carbone, il peut \u00e9galement \u00eatre fabriqu\u00e9 en acier inoxydable sur demande. En m\u00eame temps, vous devriez avoir des d\u00e9tails sur l&rsquo;installation de la tuyauterie et la r\u00e9gion o\u00f9 elle sera install\u00e9e pendant le processus de production.<\/p>\n<p><strong>Que font les joints de dilatation et de tremblement de terre\u00a0?<\/strong><\/p>\n<p>Lors du choix d&rsquo;un joint de dilatation et de dilatation antisismique, des d\u00e9tails tels que la quantit\u00e9 et la qualit\u00e9 du liquide dans la conduite de tuyauterie, les types de connexion, le niveau de mouvements possibles et la zone d&rsquo;utilisation doivent \u00eatre pris en compte. La fonction la plus fondamentale du joint universel de dilatation et de dilatation sismique est d&rsquo;absorber les mouvements lat\u00e9raux, axiaux et angulaires.<\/p>\n<p>Les compensateurs, qui ont la capacit\u00e9 d&rsquo;absorber le mouvement de trois mani\u00e8res diff\u00e9rentes, emp\u00eachent les situations telles que la rupture ou la d\u00e9formation qui peuvent survenir dans l&rsquo;installation de tuyauterie. En particulier, les n\u00e9gativit\u00e9s telles que les ruptures subies \u00e0 la suite d&rsquo;activit\u00e9s sismiques peuvent causer des dommages tr\u00e8s graves dans tous les syst\u00e8mes de tuyauterie, en particulier dans les installations d&rsquo;incendie.<\/p>\n<p>&nbsp;<\/p>\n<p><strong>O\u00f9 le joint de dilatation et de tremblement de terre est-il utilis\u00e9\u00a0?<\/strong><\/p>\n<p>Le joint de dilatation et de dilatation sismique peut \u00eatre utilis\u00e9 pour prot\u00e9ger les syst\u00e8mes de tuyauterie dans les zones \u00e0 haut risque sismique ou dans les zones o\u00f9 l&rsquo;activit\u00e9 sismique est intense. Bien qu&rsquo;il ait un domaine d&rsquo;utilisation extr\u00eamement large, il est indispensable en particulier pour les syst\u00e8mes d&rsquo;extinction d&rsquo;incendie. Des compensateurs sismiques \u00e0 cardan sont n\u00e9cessaires pour assurer la s\u00e9curit\u00e9 du syst\u00e8me et garantir son fonctionnement en toute s\u00e9curit\u00e9.<\/p>\n<p>Lors du choix d&rsquo;un joint de dilatation et de dilatation antisismique, le fabricant doit \u00eatre contact\u00e9. Des informations doivent \u00eatre donn\u00e9es sur les caract\u00e9ristiques structurelles de l&rsquo;installation et le mat\u00e9riau \u00e0 partir duquel le compensateur est fabriqu\u00e9 doit \u00eatre pr\u00e9f\u00e9r\u00e9. Dans le m\u00eame temps, les joints de dilatation universels, qui peuvent \u00eatre produits en diff\u00e9rentes tailles et diam\u00e8tres, peuvent ne pas convenir \u00e0 toutes les installations de tuyauterie.<\/p>\n<p>Pour la s\u00e9lection de joints de dilatation sup\u00e9rieurs \u00e0 \u00d8250 mm, veuillez contacter notre service technique.<br \/>\nLe mat\u00e9riau de connexion standard est l&rsquo;acier au carbone st37. En option, il peut \u00eatre fabriqu\u00e9 en acier inoxydable AISI304, AISI316 ou d&rsquo;autres mat\u00e9riaux <a href=\"https:\/\/govalf.com\/fr\/la-communication\/\">demand\u00e9s<\/a>.<\/p>\n<p>Caract\u00e9ristiques<br \/>\nMat\u00e9riau d&rsquo;ondulation\u00a0: AISI304, 316, 316L, 321, 309, 310<br \/>\nMat\u00e9riau de la bride : st37-2, AISI304, 316<br \/>\nMat\u00e9riau du tuyau : st37-2, AISI304, 316<br \/>\nMat\u00e9riau de la tige limite\u00a0: st37-2, AISI304, 316<\/p>\n","protected":false},"excerpt":{"rendered":"<p>Compensateur de tremblement de terre articul\u00e9 par cardan; Les joints de dilatation et de dilatation sismique sont des \u00e9l\u00e9ments qui garantissent un fonctionnement s\u00fbr des syst\u00e8mes de tuyauterie contre les mouvements angulaires, axiaux ou lat\u00e9raux. En particulier lors d&rsquo;\u00e9v\u00e9nements au sol tels que les tremblements de terre, une accumulation de contraintes importante se produit sur [&hellip;]<\/p>\n","protected":false},"featured_media":6179,"comment_status":"closed","ping_status":"closed","template":"","meta":{"_acf_changed":false},"product_brand":[],"product_cat":[119],"product_tag":[],"class_list":{"0":"post-4245","1":"product","2":"type-product","3":"status-publish","4":"has-post-thumbnail","6":"product_cat-compensateur-de-dilatation","8":"first","9":"instock","10":"shipping-taxable","11":"purchasable","12":"product-type-simple"},"acf":[],"yoast_head":"<!-- This site is optimized with the Yoast SEO plugin v27.4 - https:\/\/yoast.com\/product\/yoast-seo-wordpress\/ -->\n<title>Compensateur de tremblement de terre articul\u00e9 par cardan<\/title>\n<meta name=\"description\" content=\"Compensateur de tremblement de terre articul\u00e9 par cardan; Les joints de dilatation et de dilatation sismique sont des \u00e9l\u00e9ments\" \/>\n<meta name=\"robots\" content=\"index, follow, max-snippet:-1, max-image-preview:large, max-video-preview:-1\" \/>\n<link rel=\"canonical\" href=\"http:\/\/govalf.com\/fr\/product\/compensateur-de-tremblement-de-terre-articule-par-cardan\/\" \/>\n<meta property=\"og:locale\" content=\"fr_FR\" \/>\n<meta property=\"og:type\" content=\"article\" \/>\n<meta property=\"og:title\" content=\"Compensateur de tremblement de terre articul\u00e9 par cardan\" \/>\n<meta property=\"og:description\" content=\"Compensateur de tremblement de terre articul\u00e9 par cardan; Les joints de dilatation et de dilatation sismique sont des \u00e9l\u00e9ments\" \/>\n<meta property=\"og:url\" content=\"http:\/\/govalf.com\/fr\/product\/compensateur-de-tremblement-de-terre-articule-par-cardan\/\" \/>\n<meta property=\"og:site_name\" content=\"Go Valf Vana ve Pompa Sistemleri\" \/>\n<meta property=\"article:modified_time\" content=\"2022-07-30T07:55:21+00:00\" \/>\n<meta property=\"og:image\" content=\"http:\/\/govalf.com\/wp-content\/uploads\/2022\/02\/Compensateur-de-tremblement-de-terre-articule\u0301-par-cardan.jpeg\" \/>\n\t<meta property=\"og:image:width\" content=\"440\" \/>\n\t<meta property=\"og:image:height\" content=\"365\" \/>\n\t<meta property=\"og:image:type\" content=\"image\/jpeg\" \/>\n<meta name=\"twitter:card\" content=\"summary_large_image\" \/>\n<meta name=\"twitter:label1\" content=\"Dur\u00e9e de lecture estim\u00e9e\" \/>\n\t<meta name=\"twitter:data1\" content=\"1 minute\" \/>\n<script type=\"application\/ld+json\" class=\"yoast-schema-graph\">{\"@context\":\"https:\\\/\\\/schema.org\",\"@graph\":[{\"@type\":\"WebPage\",\"@id\":\"http:\\\/\\\/govalf.com\\\/fr\\\/product\\\/compensateur-de-tremblement-de-terre-articule-par-cardan\\\/\",\"url\":\"http:\\\/\\\/govalf.com\\\/fr\\\/product\\\/compensateur-de-tremblement-de-terre-articule-par-cardan\\\/\",\"name\":\"Compensateur de tremblement de terre articul\u00e9 par cardan\",\"isPartOf\":{\"@id\":\"http:\\\/\\\/govalf.com\\\/ru\\\/#website\"},\"primaryImageOfPage\":{\"@id\":\"http:\\\/\\\/govalf.com\\\/fr\\\/product\\\/compensateur-de-tremblement-de-terre-articule-par-cardan\\\/#primaryimage\"},\"image\":{\"@id\":\"http:\\\/\\\/govalf.com\\\/fr\\\/product\\\/compensateur-de-tremblement-de-terre-articule-par-cardan\\\/#primaryimage\"},\"thumbnailUrl\":\"http:\\\/\\\/govalf.com\\\/wp-content\\\/uploads\\\/2022\\\/02\\\/Compensateur-de-tremblement-de-terre-articule\u0301-par-cardan.jpeg\",\"datePublished\":\"2022-03-22T11:15:59+00:00\",\"dateModified\":\"2022-07-30T07:55:21+00:00\",\"description\":\"Compensateur de tremblement de terre articul\u00e9 par cardan; Les joints de dilatation et de dilatation sismique sont des \u00e9l\u00e9ments\",\"breadcrumb\":{\"@id\":\"http:\\\/\\\/govalf.com\\\/fr\\\/product\\\/compensateur-de-tremblement-de-terre-articule-par-cardan\\\/#breadcrumb\"},\"inLanguage\":\"fr-FR\",\"potentialAction\":[{\"@type\":\"ReadAction\",\"target\":[\"http:\\\/\\\/govalf.com\\\/fr\\\/product\\\/compensateur-de-tremblement-de-terre-articule-par-cardan\\\/\"]}]},{\"@type\":\"ImageObject\",\"inLanguage\":\"fr-FR\",\"@id\":\"http:\\\/\\\/govalf.com\\\/fr\\\/product\\\/compensateur-de-tremblement-de-terre-articule-par-cardan\\\/#primaryimage\",\"url\":\"http:\\\/\\\/govalf.com\\\/wp-content\\\/uploads\\\/2022\\\/02\\\/Compensateur-de-tremblement-de-terre-articule\u0301-par-cardan.jpeg\",\"contentUrl\":\"http:\\\/\\\/govalf.com\\\/wp-content\\\/uploads\\\/2022\\\/02\\\/Compensateur-de-tremblement-de-terre-articule\u0301-par-cardan.jpeg\",\"width\":440,\"height\":365,\"caption\":\"Compensateur de tremblement de terre articul\u00e9 par cardan\"},{\"@type\":\"BreadcrumbList\",\"@id\":\"http:\\\/\\\/govalf.com\\\/fr\\\/product\\\/compensateur-de-tremblement-de-terre-articule-par-cardan\\\/#breadcrumb\",\"itemListElement\":[{\"@type\":\"ListItem\",\"position\":1,\"name\":\"Anasayfa\",\"item\":\"http:\\\/\\\/govalf.com\\\/fr\\\/\"},{\"@type\":\"ListItem\",\"position\":2,\"name\":\"Products\",\"item\":\"http:\\\/\\\/govalf.com\\\/fr\\\/des-produits\\\/\"},{\"@type\":\"ListItem\",\"position\":3,\"name\":\"Compensateur de tremblement de terre articul\u00e9 par cardan\"}]},{\"@type\":\"WebSite\",\"@id\":\"http:\\\/\\\/govalf.com\\\/ru\\\/#website\",\"url\":\"http:\\\/\\\/govalf.com\\\/ru\\\/\",\"name\":\"Go Valf Vana ve Pompa Sistemleri\",\"description\":\"Yang\u0131n S\u00f6nd\u00fcrme Sistemleri ve Ekipmanlar\u0131\",\"publisher\":{\"@id\":\"http:\\\/\\\/govalf.com\\\/ru\\\/#organization\"},\"potentialAction\":[{\"@type\":\"SearchAction\",\"target\":{\"@type\":\"EntryPoint\",\"urlTemplate\":\"http:\\\/\\\/govalf.com\\\/ru\\\/?s={search_term_string}\"},\"query-input\":{\"@type\":\"PropertyValueSpecification\",\"valueRequired\":true,\"valueName\":\"search_term_string\"}}],\"inLanguage\":\"fr-FR\"},{\"@type\":\"Organization\",\"@id\":\"http:\\\/\\\/govalf.com\\\/ru\\\/#organization\",\"name\":\"Go Valf\",\"url\":\"http:\\\/\\\/govalf.com\\\/ru\\\/\",\"logo\":{\"@type\":\"ImageObject\",\"inLanguage\":\"fr-FR\",\"@id\":\"http:\\\/\\\/govalf.com\\\/ru\\\/#\\\/schema\\\/logo\\\/image\\\/\",\"url\":\"https:\\\/\\\/govalf.com\\\/wp-content\\\/uploads\\\/2022\\\/02\\\/go-valf-logo.png\",\"contentUrl\":\"https:\\\/\\\/govalf.com\\\/wp-content\\\/uploads\\\/2022\\\/02\\\/go-valf-logo.png\",\"width\":504,\"height\":120,\"caption\":\"Go Valf\"},\"image\":{\"@id\":\"http:\\\/\\\/govalf.com\\\/ru\\\/#\\\/schema\\\/logo\\\/image\\\/\"}}]}<\/script>\n<!-- \/ Yoast SEO plugin. -->","yoast_head_json":{"title":"Compensateur de tremblement de terre articul\u00e9 par cardan","description":"Compensateur de tremblement de terre articul\u00e9 par cardan; Les joints de dilatation et de dilatation sismique sont des \u00e9l\u00e9ments","robots":{"index":"index","follow":"follow","max-snippet":"max-snippet:-1","max-image-preview":"max-image-preview:large","max-video-preview":"max-video-preview:-1"},"canonical":"http:\/\/govalf.com\/fr\/product\/compensateur-de-tremblement-de-terre-articule-par-cardan\/","og_locale":"fr_FR","og_type":"article","og_title":"Compensateur de tremblement de terre articul\u00e9 par cardan","og_description":"Compensateur de tremblement de terre articul\u00e9 par cardan; Les joints de dilatation et de dilatation sismique sont des \u00e9l\u00e9ments","og_url":"http:\/\/govalf.com\/fr\/product\/compensateur-de-tremblement-de-terre-articule-par-cardan\/","og_site_name":"Go Valf Vana ve Pompa Sistemleri","article_modified_time":"2022-07-30T07:55:21+00:00","og_image":[{"width":440,"height":365,"url":"http:\/\/govalf.com\/wp-content\/uploads\/2022\/02\/Compensateur-de-tremblement-de-terre-articule\u0301-par-cardan.jpeg","type":"image\/jpeg"}],"twitter_card":"summary_large_image","twitter_misc":{"Dur\u00e9e de lecture estim\u00e9e":"1 minute"},"schema":{"@context":"https:\/\/schema.org","@graph":[{"@type":"WebPage","@id":"http:\/\/govalf.com\/fr\/product\/compensateur-de-tremblement-de-terre-articule-par-cardan\/","url":"http:\/\/govalf.com\/fr\/product\/compensateur-de-tremblement-de-terre-articule-par-cardan\/","name":"Compensateur de tremblement de terre articul\u00e9 par cardan","isPartOf":{"@id":"http:\/\/govalf.com\/ru\/#website"},"primaryImageOfPage":{"@id":"http:\/\/govalf.com\/fr\/product\/compensateur-de-tremblement-de-terre-articule-par-cardan\/#primaryimage"},"image":{"@id":"http:\/\/govalf.com\/fr\/product\/compensateur-de-tremblement-de-terre-articule-par-cardan\/#primaryimage"},"thumbnailUrl":"http:\/\/govalf.com\/wp-content\/uploads\/2022\/02\/Compensateur-de-tremblement-de-terre-articule\u0301-par-cardan.jpeg","datePublished":"2022-03-22T11:15:59+00:00","dateModified":"2022-07-30T07:55:21+00:00","description":"Compensateur de tremblement de terre articul\u00e9 par cardan; Les joints de dilatation et de dilatation sismique sont des \u00e9l\u00e9ments","breadcrumb":{"@id":"http:\/\/govalf.com\/fr\/product\/compensateur-de-tremblement-de-terre-articule-par-cardan\/#breadcrumb"},"inLanguage":"fr-FR","potentialAction":[{"@type":"ReadAction","target":["http:\/\/govalf.com\/fr\/product\/compensateur-de-tremblement-de-terre-articule-par-cardan\/"]}]},{"@type":"ImageObject","inLanguage":"fr-FR","@id":"http:\/\/govalf.com\/fr\/product\/compensateur-de-tremblement-de-terre-articule-par-cardan\/#primaryimage","url":"http:\/\/govalf.com\/wp-content\/uploads\/2022\/02\/Compensateur-de-tremblement-de-terre-articule\u0301-par-cardan.jpeg","contentUrl":"http:\/\/govalf.com\/wp-content\/uploads\/2022\/02\/Compensateur-de-tremblement-de-terre-articule\u0301-par-cardan.jpeg","width":440,"height":365,"caption":"Compensateur de tremblement de terre articul\u00e9 par cardan"},{"@type":"BreadcrumbList","@id":"http:\/\/govalf.com\/fr\/product\/compensateur-de-tremblement-de-terre-articule-par-cardan\/#breadcrumb","itemListElement":[{"@type":"ListItem","position":1,"name":"Anasayfa","item":"http:\/\/govalf.com\/fr\/"},{"@type":"ListItem","position":2,"name":"Products","item":"http:\/\/govalf.com\/fr\/des-produits\/"},{"@type":"ListItem","position":3,"name":"Compensateur de tremblement de terre articul\u00e9 par cardan"}]},{"@type":"WebSite","@id":"http:\/\/govalf.com\/ru\/#website","url":"http:\/\/govalf.com\/ru\/","name":"Go Valf Vana ve Pompa Sistemleri","description":"Yang\u0131n S\u00f6nd\u00fcrme Sistemleri ve Ekipmanlar\u0131","publisher":{"@id":"http:\/\/govalf.com\/ru\/#organization"},"potentialAction":[{"@type":"SearchAction","target":{"@type":"EntryPoint","urlTemplate":"http:\/\/govalf.com\/ru\/?s={search_term_string}"},"query-input":{"@type":"PropertyValueSpecification","valueRequired":true,"valueName":"search_term_string"}}],"inLanguage":"fr-FR"},{"@type":"Organization","@id":"http:\/\/govalf.com\/ru\/#organization","name":"Go Valf","url":"http:\/\/govalf.com\/ru\/","logo":{"@type":"ImageObject","inLanguage":"fr-FR","@id":"http:\/\/govalf.com\/ru\/#\/schema\/logo\/image\/","url":"https:\/\/govalf.com\/wp-content\/uploads\/2022\/02\/go-valf-logo.png","contentUrl":"https:\/\/govalf.com\/wp-content\/uploads\/2022\/02\/go-valf-logo.png","width":504,"height":120,"caption":"Go Valf"},"image":{"@id":"http:\/\/govalf.com\/ru\/#\/schema\/logo\/image\/"}}]}},"_links":{"self":[{"href":"http:\/\/govalf.com\/fr\/wp-json\/wp\/v2\/product\/4245","targetHints":{"allow":["GET"]}}],"collection":[{"href":"http:\/\/govalf.com\/fr\/wp-json\/wp\/v2\/product"}],"about":[{"href":"http:\/\/govalf.com\/fr\/wp-json\/wp\/v2\/types\/product"}],"replies":[{"embeddable":true,"href":"http:\/\/govalf.com\/fr\/wp-json\/wp\/v2\/comments?post=4245"}],"wp:featuredmedia":[{"embeddable":true,"href":"http:\/\/govalf.com\/fr\/wp-json\/wp\/v2\/media\/6179"}],"wp:attachment":[{"href":"http:\/\/govalf.com\/fr\/wp-json\/wp\/v2\/media?parent=4245"}],"wp:term":[{"taxonomy":"product_brand","embeddable":true,"href":"http:\/\/govalf.com\/fr\/wp-json\/wp\/v2\/product_brand?post=4245"},{"taxonomy":"product_cat","embeddable":true,"href":"http:\/\/govalf.com\/fr\/wp-json\/wp\/v2\/product_cat?post=4245"},{"taxonomy":"product_tag","embeddable":true,"href":"http:\/\/govalf.com\/fr\/wp-json\/wp\/v2\/product_tag?post=4245"}],"curies":[{"name":"wp","href":"https:\/\/api.w.org\/{rel}","templated":true}]}}