{"id":4253,"date":"2022-02-18T06:41:09","date_gmt":"2022-03-22T11:56:10","guid":{"rendered":"https:\/\/govalf.com\/product\/compensateur-de-tremblement-de-terre-a-tige-limite\/"},"modified":"2022-08-10T11:41:32","modified_gmt":"2022-08-10T11:41:32","slug":"compensateur-de-tremblement-de-terre-a-tige-limite","status":"publish","type":"product","link":"http:\/\/govalf.com\/fr\/product\/compensateur-de-tremblement-de-terre-a-tige-limite\/","title":{"rendered":"Compensateur de Tremblement de Terre \u00e0 Tige Limite"},"content":{"rendered":"<p>Compensateur de tremblement de terre \u00e0 tige limite; Les joints de dilatation sismique Limit Rod sont des \u00e9l\u00e9ments de tension utilis\u00e9s dans les syst\u00e8mes de tuyauterie qui emp\u00eachent des situations telles que la tension et la rupture qui peuvent se produire dans les pipelines au sein de sa structure flexible en cas de mobilisation ou d&rsquo;effondrement du b\u00e2timent. Il y a deux soufflets dans ce type de compensateurs. Les deux soufflets assurent l&rsquo;absorption des mouvements lat\u00e9raux et des mouvements axiaux.<\/p>\n<p>Il est produit avec des valeurs de dilatation pour absorber les mouvements lat\u00e9raux de 50, 100, 150, 200 mm en standard. On observe \u00e9galement qu&rsquo;une fabrication sp\u00e9ciale est r\u00e9alis\u00e9e pour diff\u00e9rentes valeurs de dilatation. Les compensateurs sismiques \u00e0 tige limite ont des tiges de contr\u00f4le.<\/p>\n<p>Qu&rsquo;est-ce qu&rsquo;un compensateur de tremblement de terre \u00e0 tige limite et \u00e0 quoi sert-il\u00a0?<\/p>\n<p>Le compensateur sismique \u00e0 tige limite, qui fait partie des \u00e9l\u00e9ments d&rsquo;expansion, est un type de compensateur qui permet d&rsquo;\u00e9liminer les d\u00e9viations lat\u00e9rales caus\u00e9es par les mouvements du syst\u00e8me dans les canalisations.<\/p>\n<ul>\n<li>Trop de mouvements lat\u00e9raux pour un seul \u00e9l\u00e9ment de dilatation axiale,<\/li>\n<li>De tels compensateurs sont n\u00e9cessaires lorsque la quantit\u00e9 de forces lat\u00e9rales sur les tuyaux de raccordement est limit\u00e9e dans une certaine mesure.<\/li>\n<\/ul>\n<p>Deux soufflets sont utilis\u00e9s dans la production de compensateurs. Ces soufflets sont s\u00e9par\u00e9s les uns des autres par le port principal. Le produit, qui a le pouvoir d&rsquo;absorber de larges mouvements lat\u00e9raux, a une large zone d&rsquo;utilisation. En cas d&rsquo;\u00e9ventuel tremblement de terre, il assure la protection des canalisations. Il permet de prot\u00e9ger le syst\u00e8me de tels mouvements lat\u00e9raux en travaillant avec de hautes performances.<\/p>\n<p>Qu&rsquo;est-ce qu&rsquo;un compensateur de tremblement de terre \u00e0 tige limite?<\/p>\n<p>Le compensateur sismique \u00e0 tige limite sp\u00e9cialement fabriqu\u00e9 est l&rsquo;un des \u00e9l\u00e9ments d&rsquo;expansion qui assure la protection du syst\u00e8me en cas de mouvements ou d&rsquo;effondrements du b\u00e2timent. Le compensateur, qui est plac\u00e9 \u00e0 des endroits pr\u00e9d\u00e9termin\u00e9s dans les syst\u00e8mes de tuyauterie, emp\u00eache les mouvements lat\u00e9raux importants.<\/p>\n<p>Le principe de fonctionnement de base est d&rsquo;absorber les rotations angulaires, les plots lat\u00e9raux et les d\u00e9placements axiaux. Pour cette raison, chacun des mat\u00e9riaux utilis\u00e9s lors de la production permet d&rsquo;utiliser le produit pendant une longue p\u00e9riode. \u00c9tant donn\u00e9 que le mat\u00e9riau standard pr\u00e9f\u00e9r\u00e9 dans le produit est l&rsquo;acier au carbone st 37, on sait que le niveau de r\u00e9sistance du produit est \u00e9lev\u00e9.<\/p>\n<p>Quelle est l&rsquo;utilisation du compensateur de tremblement de terre \u00e0 tige limite\u00a0?<\/p>\n<p>Les compensateurs de tremblement de terre avec tige de limite, qui sont \u00e9valu\u00e9s dans la cat\u00e9gorie des compensateurs de dilatation, sont les pi\u00e8ces plac\u00e9es aux points de transition de dilatation dans les syst\u00e8mes de tuyauterie. Avec sa structure \u00e0 double soufflet, il emp\u00eache les mouvements ind\u00e9pendants provoqu\u00e9s par diff\u00e9rentes masses assises au sol. De plus, il absorbe les mouvements verticaux et horizontaux apport\u00e9s au syst\u00e8me par toutes sortes de mouvements de terrain.<\/p>\n<p>Comme ils ont une conception simple, la phase d&rsquo;assemblage est \u00e9galement tr\u00e8s facile. De plus, il permet des \u00e9conomies de co\u00fbts gr\u00e2ce \u00e0 sa structure \u00e0 faible co\u00fbt. En emp\u00eachant de grands mouvements lat\u00e9raux, il prend le stress qui peut se produire dans le syst\u00e8me et assure la s\u00e9curit\u00e9 du syst\u00e8me. Pour cette raison, on peut dire qu&rsquo;ils sont utilis\u00e9s en particulier dans les conceptions de b\u00e2timents.<\/p>\n<p>Il se distingue des autres compensateurs par ses types de connexion. Mais le principe de fonctionnement de base des compensateurs est similaire. Le produit, qui se monte facilement, permet de l&rsquo;utiliser confortablement.<\/p>\n<p>O\u00f9 est utilis\u00e9 le compensateur de tremblement de terre \u00e0 tige limite\u00a0?<\/p>\n<p>Le compensateur sismique \u00e0 tige limite, qui garantit la s\u00e9curit\u00e9 des conduites en cas de tremblement de terre \u00e9ventuel, attire l&rsquo;attention par son large domaine d&rsquo;utilisation. Les domaines d&rsquo;utilisation de l&rsquo;\u00e9l\u00e9ment d&rsquo;extension, qui comprend de nombreuses fonctionnalit\u00e9s, sont les suivants:<\/p>\n<ul>\n<li>Syst\u00e8mes d&rsquo;eau chaude et froide<\/li>\n<li>R\u00e9servoirs de stockage<\/li>\n<li>R\u00e9servoir d&rsquo;essence<\/li>\n<li>Lignes souterraines et a\u00e9riennes<\/li>\n<li>Points de dilatation aux transitions des b\u00e2timents<\/li>\n<li>Circuits incendie<\/li>\n<\/ul>\n<p>De tels compensateurs assurent une protection efficace du syst\u00e8me dans les cas o\u00f9 des mouvements lat\u00e9raux importants se produisent. Par cons\u00e9quent, il est tr\u00e8s important qu&rsquo;il soit produit m\u00e9ticuleusement. Bien qu&rsquo;il soit habituellement r\u00e9alis\u00e9 en acier au carbone, on observe \u00e9galement qu&rsquo;il est \u00e9ventuellement r\u00e9alis\u00e9 en acier inoxydable.<\/p>\n<p>Bien qu&rsquo;il soit produit dans une certaine norme, il peut \u00e9galement \u00eatre produit dans des tailles plus grandes sur demande. Dans de tels cas, il est n\u00e9cessaire de d\u00e9terminer la zone o\u00f9 le produit sera utilis\u00e9.<\/p>\n<div class=\"title_style1\">\n<h2><a href=\"https:\/\/govalf.com\/fr\/la-communication\/\">Compensateur de tremblement de terre \u00e0 tige limite LA COMMUNICATION<\/a><\/h2>\n<\/div>\n<div class=\"contact_list__wrapper\">\n<div class=\"contact1__item border-bottom-widget pb-35 mt-40\">\n<div class=\"contact1__thumb\">Pour la s\u00e9lection de joints de dilatation sup\u00e9rieurs \u00e0 \u00d8250 mm, veuillez contacter notre service technique.<\/div>\n<\/div>\n<\/div>\n<p>Le mat\u00e9riau de connexion standard est l&rsquo;acier au carbone st37. En option, il peut \u00eatre fabriqu\u00e9 en acier inoxydable AISI304, AISI316 ou d&rsquo;autres mat\u00e9riaux demand\u00e9s.<\/p>\n<p>Caract\u00e9ristiques<br \/>\nMat\u00e9riau d&rsquo;ondulation\u00a0: AISI304, 316, 316L, 321, 309, 310<br \/>\nMat\u00e9riau de la bride : st37-2, AISI304, 316<br \/>\nMat\u00e9riau de la tige limite\u00a0: st37-2, AISI304, 316<\/p>\n","protected":false},"excerpt":{"rendered":"<p>Compensateur de tremblement de terre \u00e0 tige limite; Les joints de dilatation sismique Limit Rod sont des \u00e9l\u00e9ments de tension utilis\u00e9s dans les syst\u00e8mes de tuyauterie qui emp\u00eachent des situations telles que la tension et la rupture qui peuvent se produire dans les pipelines au sein de sa structure flexible en cas de mobilisation ou [&hellip;]<\/p>\n","protected":false},"featured_media":2915,"comment_status":"closed","ping_status":"closed","template":"","meta":{"_acf_changed":false},"product_brand":[],"product_cat":[119],"product_tag":[],"class_list":{"0":"post-4253","1":"product","2":"type-product","3":"status-publish","4":"has-post-thumbnail","6":"product_cat-compensateur-de-dilatation","8":"first","9":"instock","10":"shipping-taxable","11":"purchasable","12":"product-type-simple"},"acf":[],"yoast_head":"<!-- This site is optimized with the Yoast SEO plugin v27.4 - https:\/\/yoast.com\/product\/yoast-seo-wordpress\/ -->\n<title>Compensateur de Tremblement de Terre \u00e0 Tige Limite - GOVALF<\/title>\n<meta name=\"description\" content=\"Compensateur de tremblement de terre \u00e0 tige limite; Les joints de dilatation sismique Limit Rod sont des \u00e9l\u00e9ments de tension utilis\u00e9s dans\" \/>\n<meta name=\"robots\" content=\"index, follow, max-snippet:-1, max-image-preview:large, max-video-preview:-1\" \/>\n<link rel=\"canonical\" href=\"http:\/\/govalf.com\/fr\/product\/compensateur-de-tremblement-de-terre-a-tige-limite\/\" \/>\n<meta property=\"og:locale\" content=\"fr_FR\" \/>\n<meta property=\"og:type\" content=\"article\" \/>\n<meta property=\"og:title\" content=\"Compensateur de Tremblement de Terre \u00e0 Tige Limite - GOVALF\" \/>\n<meta property=\"og:description\" content=\"Compensateur de tremblement de terre \u00e0 tige limite; Les joints de dilatation sismique Limit Rod sont des \u00e9l\u00e9ments de tension utilis\u00e9s dans\" \/>\n<meta property=\"og:url\" content=\"http:\/\/govalf.com\/fr\/product\/compensateur-de-tremblement-de-terre-a-tige-limite\/\" \/>\n<meta property=\"og:site_name\" content=\"Go Valf Vana ve Pompa Sistemleri\" \/>\n<meta property=\"article:modified_time\" content=\"2022-08-10T11:41:32+00:00\" \/>\n<meta property=\"og:image\" content=\"http:\/\/govalf.com\/wp-content\/uploads\/2022\/02\/Limit-Rodlu-Deprem-Kompansatoru.jpg\" \/>\n\t<meta property=\"og:image:width\" content=\"440\" \/>\n\t<meta property=\"og:image:height\" content=\"365\" \/>\n\t<meta property=\"og:image:type\" content=\"image\/jpeg\" \/>\n<meta name=\"twitter:card\" content=\"summary_large_image\" \/>\n<meta name=\"twitter:label1\" content=\"Dur\u00e9e de lecture estim\u00e9e\" \/>\n\t<meta name=\"twitter:data1\" content=\"1 minute\" \/>\n<script type=\"application\/ld+json\" class=\"yoast-schema-graph\">{\"@context\":\"https:\\\/\\\/schema.org\",\"@graph\":[{\"@type\":\"WebPage\",\"@id\":\"http:\\\/\\\/govalf.com\\\/fr\\\/product\\\/compensateur-de-tremblement-de-terre-a-tige-limite\\\/\",\"url\":\"http:\\\/\\\/govalf.com\\\/fr\\\/product\\\/compensateur-de-tremblement-de-terre-a-tige-limite\\\/\",\"name\":\"Compensateur de Tremblement de Terre \u00e0 Tige Limite - GOVALF\",\"isPartOf\":{\"@id\":\"http:\\\/\\\/govalf.com\\\/ru\\\/#website\"},\"primaryImageOfPage\":{\"@id\":\"http:\\\/\\\/govalf.com\\\/fr\\\/product\\\/compensateur-de-tremblement-de-terre-a-tige-limite\\\/#primaryimage\"},\"image\":{\"@id\":\"http:\\\/\\\/govalf.com\\\/fr\\\/product\\\/compensateur-de-tremblement-de-terre-a-tige-limite\\\/#primaryimage\"},\"thumbnailUrl\":\"http:\\\/\\\/govalf.com\\\/wp-content\\\/uploads\\\/2022\\\/02\\\/Limit-Rodlu-Deprem-Kompansatoru.jpg\",\"datePublished\":\"2022-03-22T11:56:10+00:00\",\"dateModified\":\"2022-08-10T11:41:32+00:00\",\"description\":\"Compensateur de tremblement de terre \u00e0 tige limite; Les joints de dilatation sismique Limit Rod sont des \u00e9l\u00e9ments de tension utilis\u00e9s dans\",\"breadcrumb\":{\"@id\":\"http:\\\/\\\/govalf.com\\\/fr\\\/product\\\/compensateur-de-tremblement-de-terre-a-tige-limite\\\/#breadcrumb\"},\"inLanguage\":\"fr-FR\",\"potentialAction\":[{\"@type\":\"ReadAction\",\"target\":[\"http:\\\/\\\/govalf.com\\\/fr\\\/product\\\/compensateur-de-tremblement-de-terre-a-tige-limite\\\/\"]}]},{\"@type\":\"ImageObject\",\"inLanguage\":\"fr-FR\",\"@id\":\"http:\\\/\\\/govalf.com\\\/fr\\\/product\\\/compensateur-de-tremblement-de-terre-a-tige-limite\\\/#primaryimage\",\"url\":\"http:\\\/\\\/govalf.com\\\/wp-content\\\/uploads\\\/2022\\\/02\\\/Limit-Rodlu-Deprem-Kompansatoru.jpg\",\"contentUrl\":\"http:\\\/\\\/govalf.com\\\/wp-content\\\/uploads\\\/2022\\\/02\\\/Limit-Rodlu-Deprem-Kompansatoru.jpg\",\"width\":440,\"height\":365,\"caption\":\"Limit Rodlu Deprem Kompansat\u00f6r\u00fc\"},{\"@type\":\"BreadcrumbList\",\"@id\":\"http:\\\/\\\/govalf.com\\\/fr\\\/product\\\/compensateur-de-tremblement-de-terre-a-tige-limite\\\/#breadcrumb\",\"itemListElement\":[{\"@type\":\"ListItem\",\"position\":1,\"name\":\"Anasayfa\",\"item\":\"http:\\\/\\\/govalf.com\\\/fr\\\/\"},{\"@type\":\"ListItem\",\"position\":2,\"name\":\"Products\",\"item\":\"http:\\\/\\\/govalf.com\\\/fr\\\/des-produits\\\/\"},{\"@type\":\"ListItem\",\"position\":3,\"name\":\"Compensateur de Tremblement de Terre \u00e0 Tige Limite\"}]},{\"@type\":\"WebSite\",\"@id\":\"http:\\\/\\\/govalf.com\\\/ru\\\/#website\",\"url\":\"http:\\\/\\\/govalf.com\\\/ru\\\/\",\"name\":\"Go Valf Vana ve Pompa Sistemleri\",\"description\":\"Yang\u0131n S\u00f6nd\u00fcrme Sistemleri ve Ekipmanlar\u0131\",\"publisher\":{\"@id\":\"http:\\\/\\\/govalf.com\\\/ru\\\/#organization\"},\"potentialAction\":[{\"@type\":\"SearchAction\",\"target\":{\"@type\":\"EntryPoint\",\"urlTemplate\":\"http:\\\/\\\/govalf.com\\\/ru\\\/?s={search_term_string}\"},\"query-input\":{\"@type\":\"PropertyValueSpecification\",\"valueRequired\":true,\"valueName\":\"search_term_string\"}}],\"inLanguage\":\"fr-FR\"},{\"@type\":\"Organization\",\"@id\":\"http:\\\/\\\/govalf.com\\\/ru\\\/#organization\",\"name\":\"Go Valf\",\"url\":\"http:\\\/\\\/govalf.com\\\/ru\\\/\",\"logo\":{\"@type\":\"ImageObject\",\"inLanguage\":\"fr-FR\",\"@id\":\"http:\\\/\\\/govalf.com\\\/ru\\\/#\\\/schema\\\/logo\\\/image\\\/\",\"url\":\"https:\\\/\\\/govalf.com\\\/wp-content\\\/uploads\\\/2022\\\/02\\\/go-valf-logo.png\",\"contentUrl\":\"https:\\\/\\\/govalf.com\\\/wp-content\\\/uploads\\\/2022\\\/02\\\/go-valf-logo.png\",\"width\":504,\"height\":120,\"caption\":\"Go Valf\"},\"image\":{\"@id\":\"http:\\\/\\\/govalf.com\\\/ru\\\/#\\\/schema\\\/logo\\\/image\\\/\"}}]}<\/script>\n<!-- \/ Yoast SEO plugin. -->","yoast_head_json":{"title":"Compensateur de Tremblement de Terre \u00e0 Tige Limite - GOVALF","description":"Compensateur de tremblement de terre \u00e0 tige limite; Les joints de dilatation sismique Limit Rod sont des \u00e9l\u00e9ments de tension utilis\u00e9s dans","robots":{"index":"index","follow":"follow","max-snippet":"max-snippet:-1","max-image-preview":"max-image-preview:large","max-video-preview":"max-video-preview:-1"},"canonical":"http:\/\/govalf.com\/fr\/product\/compensateur-de-tremblement-de-terre-a-tige-limite\/","og_locale":"fr_FR","og_type":"article","og_title":"Compensateur de Tremblement de Terre \u00e0 Tige Limite - GOVALF","og_description":"Compensateur de tremblement de terre \u00e0 tige limite; Les joints de dilatation sismique Limit Rod sont des \u00e9l\u00e9ments de tension utilis\u00e9s dans","og_url":"http:\/\/govalf.com\/fr\/product\/compensateur-de-tremblement-de-terre-a-tige-limite\/","og_site_name":"Go Valf Vana ve Pompa Sistemleri","article_modified_time":"2022-08-10T11:41:32+00:00","og_image":[{"width":440,"height":365,"url":"http:\/\/govalf.com\/wp-content\/uploads\/2022\/02\/Limit-Rodlu-Deprem-Kompansatoru.jpg","type":"image\/jpeg"}],"twitter_card":"summary_large_image","twitter_misc":{"Dur\u00e9e de lecture estim\u00e9e":"1 minute"},"schema":{"@context":"https:\/\/schema.org","@graph":[{"@type":"WebPage","@id":"http:\/\/govalf.com\/fr\/product\/compensateur-de-tremblement-de-terre-a-tige-limite\/","url":"http:\/\/govalf.com\/fr\/product\/compensateur-de-tremblement-de-terre-a-tige-limite\/","name":"Compensateur de Tremblement de Terre \u00e0 Tige Limite - GOVALF","isPartOf":{"@id":"http:\/\/govalf.com\/ru\/#website"},"primaryImageOfPage":{"@id":"http:\/\/govalf.com\/fr\/product\/compensateur-de-tremblement-de-terre-a-tige-limite\/#primaryimage"},"image":{"@id":"http:\/\/govalf.com\/fr\/product\/compensateur-de-tremblement-de-terre-a-tige-limite\/#primaryimage"},"thumbnailUrl":"http:\/\/govalf.com\/wp-content\/uploads\/2022\/02\/Limit-Rodlu-Deprem-Kompansatoru.jpg","datePublished":"2022-03-22T11:56:10+00:00","dateModified":"2022-08-10T11:41:32+00:00","description":"Compensateur de tremblement de terre \u00e0 tige limite; Les joints de dilatation sismique Limit Rod sont des \u00e9l\u00e9ments de tension utilis\u00e9s dans","breadcrumb":{"@id":"http:\/\/govalf.com\/fr\/product\/compensateur-de-tremblement-de-terre-a-tige-limite\/#breadcrumb"},"inLanguage":"fr-FR","potentialAction":[{"@type":"ReadAction","target":["http:\/\/govalf.com\/fr\/product\/compensateur-de-tremblement-de-terre-a-tige-limite\/"]}]},{"@type":"ImageObject","inLanguage":"fr-FR","@id":"http:\/\/govalf.com\/fr\/product\/compensateur-de-tremblement-de-terre-a-tige-limite\/#primaryimage","url":"http:\/\/govalf.com\/wp-content\/uploads\/2022\/02\/Limit-Rodlu-Deprem-Kompansatoru.jpg","contentUrl":"http:\/\/govalf.com\/wp-content\/uploads\/2022\/02\/Limit-Rodlu-Deprem-Kompansatoru.jpg","width":440,"height":365,"caption":"Limit Rodlu Deprem Kompansat\u00f6r\u00fc"},{"@type":"BreadcrumbList","@id":"http:\/\/govalf.com\/fr\/product\/compensateur-de-tremblement-de-terre-a-tige-limite\/#breadcrumb","itemListElement":[{"@type":"ListItem","position":1,"name":"Anasayfa","item":"http:\/\/govalf.com\/fr\/"},{"@type":"ListItem","position":2,"name":"Products","item":"http:\/\/govalf.com\/fr\/des-produits\/"},{"@type":"ListItem","position":3,"name":"Compensateur de Tremblement de Terre \u00e0 Tige Limite"}]},{"@type":"WebSite","@id":"http:\/\/govalf.com\/ru\/#website","url":"http:\/\/govalf.com\/ru\/","name":"Go Valf Vana ve Pompa Sistemleri","description":"Yang\u0131n S\u00f6nd\u00fcrme Sistemleri ve Ekipmanlar\u0131","publisher":{"@id":"http:\/\/govalf.com\/ru\/#organization"},"potentialAction":[{"@type":"SearchAction","target":{"@type":"EntryPoint","urlTemplate":"http:\/\/govalf.com\/ru\/?s={search_term_string}"},"query-input":{"@type":"PropertyValueSpecification","valueRequired":true,"valueName":"search_term_string"}}],"inLanguage":"fr-FR"},{"@type":"Organization","@id":"http:\/\/govalf.com\/ru\/#organization","name":"Go Valf","url":"http:\/\/govalf.com\/ru\/","logo":{"@type":"ImageObject","inLanguage":"fr-FR","@id":"http:\/\/govalf.com\/ru\/#\/schema\/logo\/image\/","url":"https:\/\/govalf.com\/wp-content\/uploads\/2022\/02\/go-valf-logo.png","contentUrl":"https:\/\/govalf.com\/wp-content\/uploads\/2022\/02\/go-valf-logo.png","width":504,"height":120,"caption":"Go Valf"},"image":{"@id":"http:\/\/govalf.com\/ru\/#\/schema\/logo\/image\/"}}]}},"_links":{"self":[{"href":"http:\/\/govalf.com\/fr\/wp-json\/wp\/v2\/product\/4253","targetHints":{"allow":["GET"]}}],"collection":[{"href":"http:\/\/govalf.com\/fr\/wp-json\/wp\/v2\/product"}],"about":[{"href":"http:\/\/govalf.com\/fr\/wp-json\/wp\/v2\/types\/product"}],"replies":[{"embeddable":true,"href":"http:\/\/govalf.com\/fr\/wp-json\/wp\/v2\/comments?post=4253"}],"wp:featuredmedia":[{"embeddable":true,"href":"http:\/\/govalf.com\/fr\/wp-json\/wp\/v2\/media\/2915"}],"wp:attachment":[{"href":"http:\/\/govalf.com\/fr\/wp-json\/wp\/v2\/media?parent=4253"}],"wp:term":[{"taxonomy":"product_brand","embeddable":true,"href":"http:\/\/govalf.com\/fr\/wp-json\/wp\/v2\/product_brand?post=4253"},{"taxonomy":"product_cat","embeddable":true,"href":"http:\/\/govalf.com\/fr\/wp-json\/wp\/v2\/product_cat?post=4253"},{"taxonomy":"product_tag","embeddable":true,"href":"http:\/\/govalf.com\/fr\/wp-json\/wp\/v2\/product_tag?post=4253"}],"curies":[{"name":"wp","href":"https:\/\/api.w.org\/{rel}","templated":true}]}}