{"id":4254,"date":"2022-02-18T06:38:03","date_gmt":"2022-03-22T11:58:14","guid":{"rendered":"https:\/\/govalf.com\/product\/compensateur-de-pression-externe\/"},"modified":"2022-08-08T11:23:49","modified_gmt":"2022-08-08T11:23:49","slug":"compensateur-de-pression-externe","status":"publish","type":"product","link":"http:\/\/govalf.com\/fr\/product\/compensateur-de-pression-externe\/","title":{"rendered":"Compensateur de Pression Externe"},"content":{"rendered":"<p>Compensateur de pression externe; Le joint de dilatation \u00e0 pression externe est un type de compensateur utilis\u00e9 dans les tr\u00e8s longues canalisations. Il est tr\u00e8s difficile d&rsquo;absorber des quantit\u00e9s de dilatation \u00e9lev\u00e9es dans de tels pipelines. Il est imp\u00e9ratif d&rsquo;utiliser des compensateurs multi-n\u0153uds pour une forte absorption. Cependant, la possibilit\u00e9 de torsion des compensateurs multi-n\u0153uds est tr\u00e8s \u00e9lev\u00e9e.<\/p>\n<p>Les compensateurs de pression externes modifient essentiellement la direction du fluide. Ainsi, la pression est appliqu\u00e9e \u00e0 l&rsquo;ext\u00e9rieur du soufflet et des compensateurs r\u00e9sistant aux hautes pressions et quantit\u00e9s de dilatation se forment. On peut affirmer que de tels compensateurs ont de larges domaines d&rsquo;utilisation gr\u00e2ce \u00e0 leur pouvoir d&rsquo;absorption \u00e9lev\u00e9.<\/p>\n<p>Les produits d\u00e9pendant de diff\u00e9rentes quantit\u00e9s d&rsquo;expansion sont fabriqu\u00e9s avec une expansion de 30, 60, 90 et 120 mm. La quantit\u00e9 d&rsquo;expansion \u00e0 privil\u00e9gier selon le lieu \u00e0 utiliser peut \u00eatre diff\u00e9rente.<\/p>\n<p>Qu&rsquo;est-ce qu&rsquo;un compensateur de pression externe et qu&rsquo;est-ce que c&rsquo;est\u00a0?<\/p>\n<p>Les compensateurs de pression externes, qui sont g\u00e9n\u00e9ralement pr\u00e9f\u00e9r\u00e9s dans les applications souterraines, sont ceux qui ont la capacit\u00e9 d&rsquo;absorber une dilatation et une contraction \u00e9lev\u00e9es. Il se compose essentiellement de soufflets et de pi\u00e8ces de tuyau. L&rsquo;acier inoxydable est utilis\u00e9 dans la partie soufflet. L&rsquo;acier inoxydable emp\u00eache le soufflet de se corroder.<\/p>\n<p>Dans la partie tuyau, l&rsquo;acier au carbone est pr\u00e9f\u00e9r\u00e9 et a une utilisation \u00e0 long terme. Bien qu&rsquo;il soit n\u00e9cessaire d&rsquo;utiliser un grand nombre de compensateurs pour une absorption \u00e9lev\u00e9e dans les longues conduites, les compensateurs de pression externes \u00e9liminent ce besoin gr\u00e2ce \u00e0 leur principe de fonctionnement de base. Ainsi, le co\u00fbt est minimis\u00e9.<\/p>\n<p>Le soufflet du produit a des caract\u00e9ristiques qui prot\u00e8gent l&rsquo;axe et augmentent la r\u00e9sistance \u00e0 la pression du compensateur. De cette fa\u00e7on, il fonctionne efficacement dans la canalisation et garantit que le syst\u00e8me est prot\u00e9g\u00e9 contre les changements de chaleur et les vibrations.<\/p>\n<p>Qu&rsquo;est-ce qu&rsquo;un compensateur de pression externe\u00a0?<\/p>\n<p>Le compensateur de pression externe a un principe de fonctionnement sp\u00e9cial. De tels compensateurs utilis\u00e9s dans de longues canalisations modifient la direction du fluide et permettent d&rsquo;appliquer le fluide \u00e0 l&rsquo;ext\u00e9rieur du soufflet. Cela permet \u00e0 un pouvoir d&rsquo;absorption \u00e9lev\u00e9 d&rsquo;entrer en jeu dans des situations de forte expansion ou de contraction.<\/p>\n<p>Bien qu&rsquo;il existe des compensateurs avec des taux de dilatation de 30, 60, 90 et 120 mm, des fabrications sp\u00e9ciales peuvent \u00e9galement \u00eatre r\u00e9alis\u00e9es. Ainsi, la conception du compensateur adapt\u00e9e \u00e0 l&rsquo;installation \u00e0 utiliser est r\u00e9alis\u00e9e et une puissance d&rsquo;absorption \u00e9lev\u00e9e est obtenue dans le syst\u00e8me.<\/p>\n<p>Que fait un compensateur de pression externe ?<\/p>\n<p>Le compensateur de pression externe, qui attire l&rsquo;attention avec ses caract\u00e9ristiques innovantes et son principe de fonctionnement avanc\u00e9, est un \u00e9l\u00e9ment d&rsquo;expansion pr\u00e9f\u00e9r\u00e9 dans les longues canalisations. De tels \u00e9l\u00e9ments, qui garantissent que la canalisation ne change pas de forme en raison de changements de temp\u00e9rature ou de vibrations, emp\u00eachent l&rsquo;utilisation d&rsquo;un trop grand nombre de compensateurs.<\/p>\n<p>On peut dire qu&rsquo;ils sont souvent pr\u00e9f\u00e9r\u00e9s dans les canalisations longues car ils permettent des \u00e9conomies en termes de co\u00fbt et d&rsquo;espace. Le compensateur, qui comprend le soufflet et la partie tuyau, est fabriqu\u00e9 avec des mat\u00e9riaux innovants. La corrosion ne se voit pas dans le soufflet gr\u00e2ce \u00e0 l&rsquo;inox. De plus, de l&rsquo;acier au carbone est utilis\u00e9 dans la partie tuyau. Ainsi, le compensateur permet une utilisation \u00e0 long terme.<\/p>\n<p>&nbsp;<\/p>\n<p>O\u00f9 est utilis\u00e9 le joint de dilatation \u00e0 pression externe\u00a0?<\/p>\n<p>Le compensateur de pression externe est un type de compensateur g\u00e9n\u00e9ralement pr\u00e9f\u00e9r\u00e9 dans les installations souterraines. Le produit, qui est un sauveur dans les syst\u00e8mes de canalisations longues, est \u00e9galement pr\u00e9f\u00e9r\u00e9 dans les domaines suivants :<\/p>\n<ul>\n<li>Fluides \u00e0 coefficients de s\u00e9curit\u00e9 \u00e9lev\u00e9s (huile chaude, etc.)<\/li>\n<li>Air comprim\u00e9<\/li>\n<li>Syst\u00e8mes d&rsquo;eau chaude et froide<\/li>\n<\/ul>\n<p>La pi\u00e8ce qui permet de minimiser le co\u00fbt du compensateur est un \u00e9l\u00e9ment de dilatation. Gr\u00e2ce \u00e0 ses caract\u00e9ristiques innovantes et technologiques, il absorbe une dilatation et une contraction \u00e9lev\u00e9es dans la zone o\u00f9 il est utilis\u00e9.<\/p>\n<p>Ce produit, qui est g\u00e9n\u00e9ralement fabriqu\u00e9 dans des tailles standard, peut \u00e9galement \u00eatre con\u00e7u pour diff\u00e9rentes tailles. De plus, les mat\u00e9riaux utilis\u00e9s peuvent varier selon la demande. Gr\u00e2ce \u00e0 ses caract\u00e9ristiques et \u00e0 sa structure durable, il peut \u00eatre utilis\u00e9 dans le syst\u00e8me dans lequel il se trouve pendant longtemps et sans aucun probl\u00e8me.<\/p>\n","protected":false},"excerpt":{"rendered":"<p>Pour la s\u00e9lection de joints de dilatation sup\u00e9rieurs \u00e0 \u00d8250 mm, veuillez contacter notre service technique.<br \/>\nLe mat\u00e9riau de connexion standard est l&rsquo;acier au carbone st37. En option, il peut \u00eatre fabriqu\u00e9 en acier inoxydable AISI304, AISI316 ou d&rsquo;autres mat\u00e9riaux demand\u00e9s.<\/p>\n<p>caract\u00e9ristiques<br \/>\nMat\u00e9riel d&rsquo;ondulation : AISI304, 316, 316L, 321, 309, 310<br \/>\nMat\u00e9riau de la mari\u00e9e : st37-2, AISI304, 316<\/p>\n","protected":false},"featured_media":6483,"comment_status":"closed","ping_status":"closed","template":"","meta":{"_acf_changed":false},"product_brand":[],"product_cat":[119],"product_tag":[],"class_list":{"0":"post-4254","1":"product","2":"type-product","3":"status-publish","4":"has-post-thumbnail","6":"product_cat-compensateur-de-dilatation","8":"first","9":"instock","10":"shipping-taxable","11":"purchasable","12":"product-type-simple"},"acf":[],"yoast_head":"<!-- This site is optimized with the Yoast SEO plugin v27.4 - https:\/\/yoast.com\/product\/yoast-seo-wordpress\/ -->\n<title>Compensateur de Pression Externe<\/title>\n<meta name=\"description\" content=\"Compensateur de pression externe; Le joint de dilatation \u00e0 pression externe est un type de compensateur utilis\u00e9 dans les tr\u00e8s longues canalisations.\" \/>\n<meta name=\"robots\" content=\"index, follow, max-snippet:-1, max-image-preview:large, max-video-preview:-1\" \/>\n<link rel=\"canonical\" href=\"http:\/\/govalf.com\/fr\/product\/compensateur-de-pression-externe\/\" \/>\n<meta property=\"og:locale\" content=\"fr_FR\" \/>\n<meta property=\"og:type\" content=\"article\" \/>\n<meta property=\"og:title\" content=\"Compensateur de Pression Externe\" \/>\n<meta property=\"og:description\" content=\"Compensateur de pression externe; Le joint de dilatation \u00e0 pression externe est un type de compensateur utilis\u00e9 dans les tr\u00e8s longues canalisations.\" \/>\n<meta property=\"og:url\" content=\"http:\/\/govalf.com\/fr\/product\/compensateur-de-pression-externe\/\" \/>\n<meta property=\"og:site_name\" content=\"Go Valf Vana ve Pompa Sistemleri\" \/>\n<meta property=\"article:modified_time\" content=\"2022-08-08T11:23:49+00:00\" \/>\n<meta property=\"og:image\" content=\"http:\/\/govalf.com\/wp-content\/uploads\/2022\/02\/Compensateur-de-Pression-Externe.jpeg\" \/>\n\t<meta property=\"og:image:width\" content=\"440\" \/>\n\t<meta property=\"og:image:height\" content=\"365\" \/>\n\t<meta property=\"og:image:type\" content=\"image\/jpeg\" \/>\n<meta name=\"twitter:card\" content=\"summary_large_image\" \/>\n<meta name=\"twitter:label1\" content=\"Dur\u00e9e de lecture estim\u00e9e\" \/>\n\t<meta name=\"twitter:data1\" content=\"4 minutes\" \/>\n<script type=\"application\/ld+json\" class=\"yoast-schema-graph\">{\"@context\":\"https:\\\/\\\/schema.org\",\"@graph\":[{\"@type\":\"WebPage\",\"@id\":\"http:\\\/\\\/govalf.com\\\/fr\\\/product\\\/compensateur-de-pression-externe\\\/\",\"url\":\"http:\\\/\\\/govalf.com\\\/fr\\\/product\\\/compensateur-de-pression-externe\\\/\",\"name\":\"Compensateur de Pression Externe\",\"isPartOf\":{\"@id\":\"http:\\\/\\\/govalf.com\\\/ru\\\/#website\"},\"primaryImageOfPage\":{\"@id\":\"http:\\\/\\\/govalf.com\\\/fr\\\/product\\\/compensateur-de-pression-externe\\\/#primaryimage\"},\"image\":{\"@id\":\"http:\\\/\\\/govalf.com\\\/fr\\\/product\\\/compensateur-de-pression-externe\\\/#primaryimage\"},\"thumbnailUrl\":\"http:\\\/\\\/govalf.com\\\/wp-content\\\/uploads\\\/2022\\\/02\\\/Compensateur-de-Pression-Externe.jpeg\",\"datePublished\":\"2022-03-22T11:58:14+00:00\",\"dateModified\":\"2022-08-08T11:23:49+00:00\",\"description\":\"Compensateur de pression externe; Le joint de dilatation \u00e0 pression externe est un type de compensateur utilis\u00e9 dans les tr\u00e8s longues canalisations.\",\"breadcrumb\":{\"@id\":\"http:\\\/\\\/govalf.com\\\/fr\\\/product\\\/compensateur-de-pression-externe\\\/#breadcrumb\"},\"inLanguage\":\"fr-FR\",\"potentialAction\":[{\"@type\":\"ReadAction\",\"target\":[\"http:\\\/\\\/govalf.com\\\/fr\\\/product\\\/compensateur-de-pression-externe\\\/\"]}]},{\"@type\":\"ImageObject\",\"inLanguage\":\"fr-FR\",\"@id\":\"http:\\\/\\\/govalf.com\\\/fr\\\/product\\\/compensateur-de-pression-externe\\\/#primaryimage\",\"url\":\"http:\\\/\\\/govalf.com\\\/wp-content\\\/uploads\\\/2022\\\/02\\\/Compensateur-de-Pression-Externe.jpeg\",\"contentUrl\":\"http:\\\/\\\/govalf.com\\\/wp-content\\\/uploads\\\/2022\\\/02\\\/Compensateur-de-Pression-Externe.jpeg\",\"width\":440,\"height\":365,\"caption\":\"Compensateur de Pression Externe\"},{\"@type\":\"BreadcrumbList\",\"@id\":\"http:\\\/\\\/govalf.com\\\/fr\\\/product\\\/compensateur-de-pression-externe\\\/#breadcrumb\",\"itemListElement\":[{\"@type\":\"ListItem\",\"position\":1,\"name\":\"Anasayfa\",\"item\":\"http:\\\/\\\/govalf.com\\\/fr\\\/\"},{\"@type\":\"ListItem\",\"position\":2,\"name\":\"Products\",\"item\":\"http:\\\/\\\/govalf.com\\\/fr\\\/des-produits\\\/\"},{\"@type\":\"ListItem\",\"position\":3,\"name\":\"Compensateur de Pression Externe\"}]},{\"@type\":\"WebSite\",\"@id\":\"http:\\\/\\\/govalf.com\\\/ru\\\/#website\",\"url\":\"http:\\\/\\\/govalf.com\\\/ru\\\/\",\"name\":\"Go Valf Vana ve Pompa Sistemleri\",\"description\":\"Yang\u0131n S\u00f6nd\u00fcrme Sistemleri ve Ekipmanlar\u0131\",\"publisher\":{\"@id\":\"http:\\\/\\\/govalf.com\\\/ru\\\/#organization\"},\"potentialAction\":[{\"@type\":\"SearchAction\",\"target\":{\"@type\":\"EntryPoint\",\"urlTemplate\":\"http:\\\/\\\/govalf.com\\\/ru\\\/?s={search_term_string}\"},\"query-input\":{\"@type\":\"PropertyValueSpecification\",\"valueRequired\":true,\"valueName\":\"search_term_string\"}}],\"inLanguage\":\"fr-FR\"},{\"@type\":\"Organization\",\"@id\":\"http:\\\/\\\/govalf.com\\\/ru\\\/#organization\",\"name\":\"Go Valf\",\"url\":\"http:\\\/\\\/govalf.com\\\/ru\\\/\",\"logo\":{\"@type\":\"ImageObject\",\"inLanguage\":\"fr-FR\",\"@id\":\"http:\\\/\\\/govalf.com\\\/ru\\\/#\\\/schema\\\/logo\\\/image\\\/\",\"url\":\"https:\\\/\\\/govalf.com\\\/wp-content\\\/uploads\\\/2022\\\/02\\\/go-valf-logo.png\",\"contentUrl\":\"https:\\\/\\\/govalf.com\\\/wp-content\\\/uploads\\\/2022\\\/02\\\/go-valf-logo.png\",\"width\":504,\"height\":120,\"caption\":\"Go Valf\"},\"image\":{\"@id\":\"http:\\\/\\\/govalf.com\\\/ru\\\/#\\\/schema\\\/logo\\\/image\\\/\"}}]}<\/script>\n<!-- \/ Yoast SEO plugin. -->","yoast_head_json":{"title":"Compensateur de Pression Externe","description":"Compensateur de pression externe; Le joint de dilatation \u00e0 pression externe est un type de compensateur utilis\u00e9 dans les tr\u00e8s longues canalisations.","robots":{"index":"index","follow":"follow","max-snippet":"max-snippet:-1","max-image-preview":"max-image-preview:large","max-video-preview":"max-video-preview:-1"},"canonical":"http:\/\/govalf.com\/fr\/product\/compensateur-de-pression-externe\/","og_locale":"fr_FR","og_type":"article","og_title":"Compensateur de Pression Externe","og_description":"Compensateur de pression externe; Le joint de dilatation \u00e0 pression externe est un type de compensateur utilis\u00e9 dans les tr\u00e8s longues canalisations.","og_url":"http:\/\/govalf.com\/fr\/product\/compensateur-de-pression-externe\/","og_site_name":"Go Valf Vana ve Pompa Sistemleri","article_modified_time":"2022-08-08T11:23:49+00:00","og_image":[{"width":440,"height":365,"url":"http:\/\/govalf.com\/wp-content\/uploads\/2022\/02\/Compensateur-de-Pression-Externe.jpeg","type":"image\/jpeg"}],"twitter_card":"summary_large_image","twitter_misc":{"Dur\u00e9e de lecture estim\u00e9e":"4 minutes"},"schema":{"@context":"https:\/\/schema.org","@graph":[{"@type":"WebPage","@id":"http:\/\/govalf.com\/fr\/product\/compensateur-de-pression-externe\/","url":"http:\/\/govalf.com\/fr\/product\/compensateur-de-pression-externe\/","name":"Compensateur de Pression Externe","isPartOf":{"@id":"http:\/\/govalf.com\/ru\/#website"},"primaryImageOfPage":{"@id":"http:\/\/govalf.com\/fr\/product\/compensateur-de-pression-externe\/#primaryimage"},"image":{"@id":"http:\/\/govalf.com\/fr\/product\/compensateur-de-pression-externe\/#primaryimage"},"thumbnailUrl":"http:\/\/govalf.com\/wp-content\/uploads\/2022\/02\/Compensateur-de-Pression-Externe.jpeg","datePublished":"2022-03-22T11:58:14+00:00","dateModified":"2022-08-08T11:23:49+00:00","description":"Compensateur de pression externe; Le joint de dilatation \u00e0 pression externe est un type de compensateur utilis\u00e9 dans les tr\u00e8s longues canalisations.","breadcrumb":{"@id":"http:\/\/govalf.com\/fr\/product\/compensateur-de-pression-externe\/#breadcrumb"},"inLanguage":"fr-FR","potentialAction":[{"@type":"ReadAction","target":["http:\/\/govalf.com\/fr\/product\/compensateur-de-pression-externe\/"]}]},{"@type":"ImageObject","inLanguage":"fr-FR","@id":"http:\/\/govalf.com\/fr\/product\/compensateur-de-pression-externe\/#primaryimage","url":"http:\/\/govalf.com\/wp-content\/uploads\/2022\/02\/Compensateur-de-Pression-Externe.jpeg","contentUrl":"http:\/\/govalf.com\/wp-content\/uploads\/2022\/02\/Compensateur-de-Pression-Externe.jpeg","width":440,"height":365,"caption":"Compensateur de Pression Externe"},{"@type":"BreadcrumbList","@id":"http:\/\/govalf.com\/fr\/product\/compensateur-de-pression-externe\/#breadcrumb","itemListElement":[{"@type":"ListItem","position":1,"name":"Anasayfa","item":"http:\/\/govalf.com\/fr\/"},{"@type":"ListItem","position":2,"name":"Products","item":"http:\/\/govalf.com\/fr\/des-produits\/"},{"@type":"ListItem","position":3,"name":"Compensateur de Pression Externe"}]},{"@type":"WebSite","@id":"http:\/\/govalf.com\/ru\/#website","url":"http:\/\/govalf.com\/ru\/","name":"Go Valf Vana ve Pompa Sistemleri","description":"Yang\u0131n S\u00f6nd\u00fcrme Sistemleri ve Ekipmanlar\u0131","publisher":{"@id":"http:\/\/govalf.com\/ru\/#organization"},"potentialAction":[{"@type":"SearchAction","target":{"@type":"EntryPoint","urlTemplate":"http:\/\/govalf.com\/ru\/?s={search_term_string}"},"query-input":{"@type":"PropertyValueSpecification","valueRequired":true,"valueName":"search_term_string"}}],"inLanguage":"fr-FR"},{"@type":"Organization","@id":"http:\/\/govalf.com\/ru\/#organization","name":"Go Valf","url":"http:\/\/govalf.com\/ru\/","logo":{"@type":"ImageObject","inLanguage":"fr-FR","@id":"http:\/\/govalf.com\/ru\/#\/schema\/logo\/image\/","url":"https:\/\/govalf.com\/wp-content\/uploads\/2022\/02\/go-valf-logo.png","contentUrl":"https:\/\/govalf.com\/wp-content\/uploads\/2022\/02\/go-valf-logo.png","width":504,"height":120,"caption":"Go Valf"},"image":{"@id":"http:\/\/govalf.com\/ru\/#\/schema\/logo\/image\/"}}]}},"_links":{"self":[{"href":"http:\/\/govalf.com\/fr\/wp-json\/wp\/v2\/product\/4254","targetHints":{"allow":["GET"]}}],"collection":[{"href":"http:\/\/govalf.com\/fr\/wp-json\/wp\/v2\/product"}],"about":[{"href":"http:\/\/govalf.com\/fr\/wp-json\/wp\/v2\/types\/product"}],"replies":[{"embeddable":true,"href":"http:\/\/govalf.com\/fr\/wp-json\/wp\/v2\/comments?post=4254"}],"wp:featuredmedia":[{"embeddable":true,"href":"http:\/\/govalf.com\/fr\/wp-json\/wp\/v2\/media\/6483"}],"wp:attachment":[{"href":"http:\/\/govalf.com\/fr\/wp-json\/wp\/v2\/media?parent=4254"}],"wp:term":[{"taxonomy":"product_brand","embeddable":true,"href":"http:\/\/govalf.com\/fr\/wp-json\/wp\/v2\/product_brand?post=4254"},{"taxonomy":"product_cat","embeddable":true,"href":"http:\/\/govalf.com\/fr\/wp-json\/wp\/v2\/product_cat?post=4254"},{"taxonomy":"product_tag","embeddable":true,"href":"http:\/\/govalf.com\/fr\/wp-json\/wp\/v2\/product_tag?post=4254"}],"curies":[{"name":"wp","href":"https:\/\/api.w.org\/{rel}","templated":true}]}}