{"id":4277,"date":"2022-02-18T06:33:51","date_gmt":"2022-03-22T12:07:21","guid":{"rendered":"https:\/\/govalf.com\/product\/joints-de-dilatation-a-bride-fixe\/"},"modified":"2022-07-04T10:25:15","modified_gmt":"2022-07-04T10:25:15","slug":"joints-de-dilatation-a-bride-fixe","status":"publish","type":"product","link":"http:\/\/govalf.com\/fr\/product\/joints-de-dilatation-a-bride-fixe\/","title":{"rendered":"Joints de dilatation \u00e0 bride fixe"},"content":{"rendered":"<p>Joints de dilatation \u00e0 bride fixe; Les compensateurs de dilatation \u00e0 bride fixe sont con\u00e7us pour compenser les changements dimensionnels caus\u00e9s par la dilatation ou la contraction des canalisations transportant des fluides chauds et froids. Ces produits, qui sont fabriqu\u00e9s avec une conception sp\u00e9ciale, peuvent \u00e9galement \u00eatre consid\u00e9r\u00e9s comme des pi\u00e8ces d&rsquo;extension. Les compensateurs \u00e0 bride fixe, qui absorbent \u00e9galement les vibrations m\u00e9caniques qui se produisent dans la canalisation, attirent l&rsquo;attention avec leurs larges domaines d&rsquo;utilisation.<\/p>\n<p>\u00c9tant donn\u00e9 que le mat\u00e9riau standard du produit est l&rsquo;acier au carbone ST37, il peut \u00eatre utilis\u00e9 en toute s\u00e9curit\u00e9. Il est \u00e9galement possible de produire avec diff\u00e9rents mat\u00e9riaux. Par cons\u00e9quent, on peut dire qu&rsquo;ils ont \u00e9t\u00e9 produits m\u00e9ticuleusement. Bien qu&rsquo;ils soient produits selon une taille standard, il est \u00e9galement possible de fabriquer des compensateurs plus grands.<\/p>\n<p>Que sont les joints de dilatation \u00e0 bride fixe et \u00e0 quoi servent-ils ?<\/p>\n<p>Une dilatation ou une d\u00e9t\u00e9rioration peut se produire dans les canalisations en raison des changements de temp\u00e9rature. Dans un tel cas, si des pr\u00e9cautions ne sont pas prises, divers probl\u00e8mes peuvent survenir au sein du syst\u00e8me. Les compensateurs \u00e0 bride fixe sont con\u00e7us pour \u00e9viter les d\u00e9faillances du syst\u00e8me. Les conduites qui transportent des fluides chauds ou froids, ainsi que les conduites expos\u00e9es \u00e0 des changements de temp\u00e9rature \u00e9lev\u00e9s, peuvent se dilater ou se contracter.<\/p>\n<p>De telles situations provoquent des changements dimensionnels dans les pipelines. Les pi\u00e8ces qui permettent aux changements dimensionnels de se produire sont appel\u00e9es compensateurs. Il a des soufflets m\u00e9talliques flexibles et donc il se d\u00e9place facilement. Les compensateurs \u00e0 brides fixes, qui sont pr\u00e9f\u00e9r\u00e9s dans de nombreux domaines, attirent l&rsquo;attention avec leurs caract\u00e9ristiques innovantes.<\/p>\n<p>Que sont les joints de dilatation \u00e0 bride fixe\u00a0?<\/p>\n<p>Il est important d&rsquo;utiliser des \u00e9quipements qui apporteront un soutien \u00e0 cet \u00e9gard, car le changement dimensionnel des canalisations lors des changements de chaleur peut entra\u00eener la d\u00e9t\u00e9rioration du syst\u00e8me. Les compensateurs \u00e0 bride fixe attirent l&rsquo;attention en tant que pi\u00e8ces qui assurent la protection du syst\u00e8me en raison des changements de temp\u00e9rature.<\/p>\n<p>Ces compensateurs, qui contiennent de nombreuses fonctionnalit\u00e9s, permettent une utilisation avanc\u00e9e. Il offre une utilisation en toute s\u00e9curit\u00e9 car il est con\u00e7u \u00e0 partir de mat\u00e9riaux de qualit\u00e9. De cette fa\u00e7on, il peut \u00eatre utilis\u00e9 pendant une longue p\u00e9riode et \u00e9vite les dysfonctionnements des canalisations. Gr\u00e2ce \u00e0 ses soufflets, brides et bien d&rsquo;autres caract\u00e9ristiques, il permet une utilisation flexible.<\/p>\n<p>Que font les joints de dilatation \u00e0 bride fixe\u00a0?<\/p>\n<p>Les joints de dilatation \u00e0 bride fixe sont l&rsquo;une des parties des pipelines. Les mouvements d&rsquo;allongement et de contraction dans le sens axial longitudinal des canalisations sont absorb\u00e9s par les compensateurs. Par cons\u00e9quent, il est possible d&rsquo;affirmer qu&rsquo;ils ont une large zone d&rsquo;utilisation.<\/p>\n<p>Les compensateurs \u00e0 bride fixe incluent des fonctionnalit\u00e9s telles que:<\/p>\n<ul>\n<li>Les mouvements de contraction et de dilatation qui se produisent en raison des changements de temp\u00e9rature dans la canalisation sont absorb\u00e9s.<\/li>\n<li>Il dispose d&rsquo;un syst\u00e8me de soufflet con\u00e7u en acier inoxydable.<\/li>\n<li>Les brides en acier au carbone permettent l&rsquo;\u00e9tanch\u00e9it\u00e9 du syst\u00e8me.<\/li>\n<li>Ses caract\u00e9ristiques permettent de l&rsquo;utiliser facilement dans diff\u00e9rents domaines.<\/li>\n<li>Une mise en \u0153uvre m\u00e9ticuleuse est obligatoire.<\/li>\n<\/ul>\n<p>Chacune des caract\u00e9ristiques sp\u00e9cifi\u00e9es garantit que les compensateurs sont souvent pr\u00e9f\u00e9r\u00e9s. Ils peuvent \u00eatre utilis\u00e9s confortablement car ils sont con\u00e7us de mani\u00e8re innovante. Bien que des compensateurs jusqu&rsquo;\u00e0 250 mm de diam\u00e8tre soient con\u00e7us, des expansions sup\u00e9rieures \u00e0 250 mm peuvent \u00e9galement \u00eatre con\u00e7ues.<\/p>\n<p>O\u00f9 sont utilis\u00e9s les joints de dilatation \u00e0 bride fixe\u00a0?<\/p>\n<p>GOLes compensateurs, qui ont diff\u00e9rents types de mod\u00e8les, sont un produit qui int\u00e8gre des fonctionnalit\u00e9s technologiques. Les joints de dilatation \u00e0 bride fixe sont utilis\u00e9s dans de nombreux domaines. Les domaines d&rsquo;utilisation de ces compensateurs peuvent \u00eatre r\u00e9pertori\u00e9s comme suit:<\/p>\n<ul>\n<li>Applications industrielles<\/li>\n<li>Pour absorber les dilatations axiales<\/li>\n<li>Toutes les machines<\/li>\n<li>Tous les moteurs<\/li>\n<li>R\u00e9duction de la tension et du bruit dans le syst\u00e8me<\/li>\n<li>Conduites de gaz et d&rsquo;eau<\/li>\n<li>Toutes les pompes<\/li>\n<li>Conduites d&rsquo;eau potable<\/li>\n<\/ul>\n<p>Les compensateurs \u00e0 brides fixes utilis\u00e9s dans chacun des domaines sp\u00e9cifi\u00e9s attirent l&rsquo;attention par leurs caract\u00e9ristiques technologiques. Ce type de compensateurs, utilis\u00e9s dans les conduites transportant des fluides chauds et froids, \u00e9limine les changements dimensionnels qui se produisent lors de la dilatation ou de la contraction. Il est possible d&rsquo;affirmer que les compensateurs sont tr\u00e8s importants car ils emp\u00eachent les canalisations de tomber en panne.<\/p>\n","protected":false},"excerpt":{"rendered":"<p>\u00d8250 mm \u00e7aptan b\u00fcy\u00fck kompansat\u00f6rlerin se\u00e7imi i\u00e7in teknik servisimize ba\u015fvurunuz.<br \/>\nStandart ba\u011flant\u0131 malzemesi st37 karbon \u00e7eliktir. \u0130ste\u011fe ba\u011fl\u0131 olarak AISI304, AISI316 paslanmaz \u00e7elik veya talep edilen di\u011fer malzemelere g\u00f6re imalat yap\u0131labilir.<\/p>\n<h2>\u00d6zellikler<\/h2>\n<ul>\n<li>Ond\u00fclasyon Malzemesi:AISI304, 316, 316L, 321, 309, 310<\/li>\n<li>Flan\u015f Malzemesi:st37-2, AISI304, 316<\/li>\n<\/ul>\n","protected":false},"featured_media":5836,"comment_status":"closed","ping_status":"closed","template":"","meta":{"_acf_changed":false},"product_brand":[],"product_cat":[119],"product_tag":[],"class_list":{"0":"post-4277","1":"product","2":"type-product","3":"status-publish","4":"has-post-thumbnail","6":"product_cat-compensateur-de-dilatation","8":"first","9":"instock","10":"shipping-taxable","11":"purchasable","12":"product-type-simple"},"acf":[],"yoast_head":"<!-- This site is optimized with the Yoast SEO plugin v27.4 - https:\/\/yoast.com\/product\/yoast-seo-wordpress\/ -->\n<title>Joints de dilatation \u00e0 bride fixe - GOVALF<\/title>\n<meta name=\"description\" content=\"Joints de dilatation \u00e0 bride fixe; Les compensateurs de dilatation \u00e0 bride fixe sont con\u00e7us pour compenser les changements\" \/>\n<meta name=\"robots\" content=\"index, follow, max-snippet:-1, max-image-preview:large, max-video-preview:-1\" \/>\n<link rel=\"canonical\" href=\"http:\/\/govalf.com\/fr\/product\/joints-de-dilatation-a-bride-fixe\/\" \/>\n<meta property=\"og:locale\" content=\"fr_FR\" \/>\n<meta property=\"og:type\" content=\"article\" \/>\n<meta property=\"og:title\" content=\"Joints de dilatation \u00e0 bride fixe - GOVALF\" \/>\n<meta property=\"og:description\" content=\"Joints de dilatation \u00e0 bride fixe; Les compensateurs de dilatation \u00e0 bride fixe sont con\u00e7us pour compenser les changements\" \/>\n<meta property=\"og:url\" content=\"http:\/\/govalf.com\/fr\/product\/joints-de-dilatation-a-bride-fixe\/\" \/>\n<meta property=\"og:site_name\" content=\"Go Valf Vana ve Pompa Sistemleri\" \/>\n<meta property=\"article:modified_time\" content=\"2022-07-04T10:25:15+00:00\" \/>\n<meta property=\"og:image\" content=\"http:\/\/govalf.com\/wp-content\/uploads\/2022\/02\/Joints-de-dilatation-a\u0300-bride-fixe.jpeg\" \/>\n\t<meta property=\"og:image:width\" content=\"440\" \/>\n\t<meta property=\"og:image:height\" content=\"365\" \/>\n\t<meta property=\"og:image:type\" content=\"image\/jpeg\" \/>\n<meta name=\"twitter:card\" content=\"summary_large_image\" \/>\n<meta name=\"twitter:label1\" content=\"Dur\u00e9e de lecture estim\u00e9e\" \/>\n\t<meta name=\"twitter:data1\" content=\"4 minutes\" \/>\n<script type=\"application\/ld+json\" class=\"yoast-schema-graph\">{\"@context\":\"https:\\\/\\\/schema.org\",\"@graph\":[{\"@type\":\"WebPage\",\"@id\":\"http:\\\/\\\/govalf.com\\\/fr\\\/product\\\/joints-de-dilatation-a-bride-fixe\\\/\",\"url\":\"http:\\\/\\\/govalf.com\\\/fr\\\/product\\\/joints-de-dilatation-a-bride-fixe\\\/\",\"name\":\"Joints de dilatation \u00e0 bride fixe - GOVALF\",\"isPartOf\":{\"@id\":\"http:\\\/\\\/govalf.com\\\/ru\\\/#website\"},\"primaryImageOfPage\":{\"@id\":\"http:\\\/\\\/govalf.com\\\/fr\\\/product\\\/joints-de-dilatation-a-bride-fixe\\\/#primaryimage\"},\"image\":{\"@id\":\"http:\\\/\\\/govalf.com\\\/fr\\\/product\\\/joints-de-dilatation-a-bride-fixe\\\/#primaryimage\"},\"thumbnailUrl\":\"http:\\\/\\\/govalf.com\\\/wp-content\\\/uploads\\\/2022\\\/02\\\/Joints-de-dilatation-a\u0300-bride-fixe.jpeg\",\"datePublished\":\"2022-03-22T12:07:21+00:00\",\"dateModified\":\"2022-07-04T10:25:15+00:00\",\"description\":\"Joints de dilatation \u00e0 bride fixe; Les compensateurs de dilatation \u00e0 bride fixe sont con\u00e7us pour compenser les changements\",\"breadcrumb\":{\"@id\":\"http:\\\/\\\/govalf.com\\\/fr\\\/product\\\/joints-de-dilatation-a-bride-fixe\\\/#breadcrumb\"},\"inLanguage\":\"fr-FR\",\"potentialAction\":[{\"@type\":\"ReadAction\",\"target\":[\"http:\\\/\\\/govalf.com\\\/fr\\\/product\\\/joints-de-dilatation-a-bride-fixe\\\/\"]}]},{\"@type\":\"ImageObject\",\"inLanguage\":\"fr-FR\",\"@id\":\"http:\\\/\\\/govalf.com\\\/fr\\\/product\\\/joints-de-dilatation-a-bride-fixe\\\/#primaryimage\",\"url\":\"http:\\\/\\\/govalf.com\\\/wp-content\\\/uploads\\\/2022\\\/02\\\/Joints-de-dilatation-a\u0300-bride-fixe.jpeg\",\"contentUrl\":\"http:\\\/\\\/govalf.com\\\/wp-content\\\/uploads\\\/2022\\\/02\\\/Joints-de-dilatation-a\u0300-bride-fixe.jpeg\",\"width\":440,\"height\":365,\"caption\":\"Joints de dilatation \u00e0 bride fixe\"},{\"@type\":\"BreadcrumbList\",\"@id\":\"http:\\\/\\\/govalf.com\\\/fr\\\/product\\\/joints-de-dilatation-a-bride-fixe\\\/#breadcrumb\",\"itemListElement\":[{\"@type\":\"ListItem\",\"position\":1,\"name\":\"Anasayfa\",\"item\":\"http:\\\/\\\/govalf.com\\\/fr\\\/\"},{\"@type\":\"ListItem\",\"position\":2,\"name\":\"Products\",\"item\":\"http:\\\/\\\/govalf.com\\\/fr\\\/des-produits\\\/\"},{\"@type\":\"ListItem\",\"position\":3,\"name\":\"Joints de dilatation \u00e0 bride fixe\"}]},{\"@type\":\"WebSite\",\"@id\":\"http:\\\/\\\/govalf.com\\\/ru\\\/#website\",\"url\":\"http:\\\/\\\/govalf.com\\\/ru\\\/\",\"name\":\"Go Valf Vana ve Pompa Sistemleri\",\"description\":\"Yang\u0131n S\u00f6nd\u00fcrme Sistemleri ve Ekipmanlar\u0131\",\"publisher\":{\"@id\":\"http:\\\/\\\/govalf.com\\\/ru\\\/#organization\"},\"potentialAction\":[{\"@type\":\"SearchAction\",\"target\":{\"@type\":\"EntryPoint\",\"urlTemplate\":\"http:\\\/\\\/govalf.com\\\/ru\\\/?s={search_term_string}\"},\"query-input\":{\"@type\":\"PropertyValueSpecification\",\"valueRequired\":true,\"valueName\":\"search_term_string\"}}],\"inLanguage\":\"fr-FR\"},{\"@type\":\"Organization\",\"@id\":\"http:\\\/\\\/govalf.com\\\/ru\\\/#organization\",\"name\":\"Go Valf\",\"url\":\"http:\\\/\\\/govalf.com\\\/ru\\\/\",\"logo\":{\"@type\":\"ImageObject\",\"inLanguage\":\"fr-FR\",\"@id\":\"http:\\\/\\\/govalf.com\\\/ru\\\/#\\\/schema\\\/logo\\\/image\\\/\",\"url\":\"https:\\\/\\\/govalf.com\\\/wp-content\\\/uploads\\\/2022\\\/02\\\/go-valf-logo.png\",\"contentUrl\":\"https:\\\/\\\/govalf.com\\\/wp-content\\\/uploads\\\/2022\\\/02\\\/go-valf-logo.png\",\"width\":504,\"height\":120,\"caption\":\"Go Valf\"},\"image\":{\"@id\":\"http:\\\/\\\/govalf.com\\\/ru\\\/#\\\/schema\\\/logo\\\/image\\\/\"}}]}<\/script>\n<!-- \/ Yoast SEO plugin. -->","yoast_head_json":{"title":"Joints de dilatation \u00e0 bride fixe - GOVALF","description":"Joints de dilatation \u00e0 bride fixe; Les compensateurs de dilatation \u00e0 bride fixe sont con\u00e7us pour compenser les changements","robots":{"index":"index","follow":"follow","max-snippet":"max-snippet:-1","max-image-preview":"max-image-preview:large","max-video-preview":"max-video-preview:-1"},"canonical":"http:\/\/govalf.com\/fr\/product\/joints-de-dilatation-a-bride-fixe\/","og_locale":"fr_FR","og_type":"article","og_title":"Joints de dilatation \u00e0 bride fixe - GOVALF","og_description":"Joints de dilatation \u00e0 bride fixe; Les compensateurs de dilatation \u00e0 bride fixe sont con\u00e7us pour compenser les changements","og_url":"http:\/\/govalf.com\/fr\/product\/joints-de-dilatation-a-bride-fixe\/","og_site_name":"Go Valf Vana ve Pompa Sistemleri","article_modified_time":"2022-07-04T10:25:15+00:00","og_image":[{"width":440,"height":365,"url":"http:\/\/govalf.com\/wp-content\/uploads\/2022\/02\/Joints-de-dilatation-a\u0300-bride-fixe.jpeg","type":"image\/jpeg"}],"twitter_card":"summary_large_image","twitter_misc":{"Dur\u00e9e de lecture estim\u00e9e":"4 minutes"},"schema":{"@context":"https:\/\/schema.org","@graph":[{"@type":"WebPage","@id":"http:\/\/govalf.com\/fr\/product\/joints-de-dilatation-a-bride-fixe\/","url":"http:\/\/govalf.com\/fr\/product\/joints-de-dilatation-a-bride-fixe\/","name":"Joints de dilatation \u00e0 bride fixe - GOVALF","isPartOf":{"@id":"http:\/\/govalf.com\/ru\/#website"},"primaryImageOfPage":{"@id":"http:\/\/govalf.com\/fr\/product\/joints-de-dilatation-a-bride-fixe\/#primaryimage"},"image":{"@id":"http:\/\/govalf.com\/fr\/product\/joints-de-dilatation-a-bride-fixe\/#primaryimage"},"thumbnailUrl":"http:\/\/govalf.com\/wp-content\/uploads\/2022\/02\/Joints-de-dilatation-a\u0300-bride-fixe.jpeg","datePublished":"2022-03-22T12:07:21+00:00","dateModified":"2022-07-04T10:25:15+00:00","description":"Joints de dilatation \u00e0 bride fixe; Les compensateurs de dilatation \u00e0 bride fixe sont con\u00e7us pour compenser les changements","breadcrumb":{"@id":"http:\/\/govalf.com\/fr\/product\/joints-de-dilatation-a-bride-fixe\/#breadcrumb"},"inLanguage":"fr-FR","potentialAction":[{"@type":"ReadAction","target":["http:\/\/govalf.com\/fr\/product\/joints-de-dilatation-a-bride-fixe\/"]}]},{"@type":"ImageObject","inLanguage":"fr-FR","@id":"http:\/\/govalf.com\/fr\/product\/joints-de-dilatation-a-bride-fixe\/#primaryimage","url":"http:\/\/govalf.com\/wp-content\/uploads\/2022\/02\/Joints-de-dilatation-a\u0300-bride-fixe.jpeg","contentUrl":"http:\/\/govalf.com\/wp-content\/uploads\/2022\/02\/Joints-de-dilatation-a\u0300-bride-fixe.jpeg","width":440,"height":365,"caption":"Joints de dilatation \u00e0 bride fixe"},{"@type":"BreadcrumbList","@id":"http:\/\/govalf.com\/fr\/product\/joints-de-dilatation-a-bride-fixe\/#breadcrumb","itemListElement":[{"@type":"ListItem","position":1,"name":"Anasayfa","item":"http:\/\/govalf.com\/fr\/"},{"@type":"ListItem","position":2,"name":"Products","item":"http:\/\/govalf.com\/fr\/des-produits\/"},{"@type":"ListItem","position":3,"name":"Joints de dilatation \u00e0 bride fixe"}]},{"@type":"WebSite","@id":"http:\/\/govalf.com\/ru\/#website","url":"http:\/\/govalf.com\/ru\/","name":"Go Valf Vana ve Pompa Sistemleri","description":"Yang\u0131n S\u00f6nd\u00fcrme Sistemleri ve Ekipmanlar\u0131","publisher":{"@id":"http:\/\/govalf.com\/ru\/#organization"},"potentialAction":[{"@type":"SearchAction","target":{"@type":"EntryPoint","urlTemplate":"http:\/\/govalf.com\/ru\/?s={search_term_string}"},"query-input":{"@type":"PropertyValueSpecification","valueRequired":true,"valueName":"search_term_string"}}],"inLanguage":"fr-FR"},{"@type":"Organization","@id":"http:\/\/govalf.com\/ru\/#organization","name":"Go Valf","url":"http:\/\/govalf.com\/ru\/","logo":{"@type":"ImageObject","inLanguage":"fr-FR","@id":"http:\/\/govalf.com\/ru\/#\/schema\/logo\/image\/","url":"https:\/\/govalf.com\/wp-content\/uploads\/2022\/02\/go-valf-logo.png","contentUrl":"https:\/\/govalf.com\/wp-content\/uploads\/2022\/02\/go-valf-logo.png","width":504,"height":120,"caption":"Go Valf"},"image":{"@id":"http:\/\/govalf.com\/ru\/#\/schema\/logo\/image\/"}}]}},"_links":{"self":[{"href":"http:\/\/govalf.com\/fr\/wp-json\/wp\/v2\/product\/4277","targetHints":{"allow":["GET"]}}],"collection":[{"href":"http:\/\/govalf.com\/fr\/wp-json\/wp\/v2\/product"}],"about":[{"href":"http:\/\/govalf.com\/fr\/wp-json\/wp\/v2\/types\/product"}],"replies":[{"embeddable":true,"href":"http:\/\/govalf.com\/fr\/wp-json\/wp\/v2\/comments?post=4277"}],"wp:featuredmedia":[{"embeddable":true,"href":"http:\/\/govalf.com\/fr\/wp-json\/wp\/v2\/media\/5836"}],"wp:attachment":[{"href":"http:\/\/govalf.com\/fr\/wp-json\/wp\/v2\/media?parent=4277"}],"wp:term":[{"taxonomy":"product_brand","embeddable":true,"href":"http:\/\/govalf.com\/fr\/wp-json\/wp\/v2\/product_brand?post=4277"},{"taxonomy":"product_cat","embeddable":true,"href":"http:\/\/govalf.com\/fr\/wp-json\/wp\/v2\/product_cat?post=4277"},{"taxonomy":"product_tag","embeddable":true,"href":"http:\/\/govalf.com\/fr\/wp-json\/wp\/v2\/product_tag?post=4277"}],"curies":[{"name":"wp","href":"https:\/\/api.w.org\/{rel}","templated":true}]}}