{"id":4278,"date":"2022-02-18T06:32:14","date_gmt":"2022-03-22T12:09:17","guid":{"rendered":"https:\/\/govalf.com\/product\/joints-de-dilatation-a-bride-rotative\/"},"modified":"2022-08-15T11:35:27","modified_gmt":"2022-08-15T11:35:27","slug":"joints-de-dilatation-a-bride-rotative","status":"publish","type":"product","link":"http:\/\/govalf.com\/fr\/product\/joints-de-dilatation-a-bride-rotative\/","title":{"rendered":"Joints de Dilatation \u00e0 Bride Rotative"},"content":{"rendered":"<p><strong>Joints de dilatation \u00e0 bride rotative; <\/strong>Les joints de dilatation \u00e0 bride rotative sont des pi\u00e8ces essentielles pour les pipelines. Ces compensateurs, qui offrent une flexibilit\u00e9 dans le pipeline et permettent un mouvement confortable, peuvent \u00e9galement \u00eatre utilis\u00e9s \u00e0 diff\u00e9rentes fins. L&rsquo;une des raisons pour lesquelles il est largement utilis\u00e9 est qu&rsquo;il peut \u00e9liminer les n\u00e9gativit\u00e9s telles que l&rsquo;expansion et la contraction qui se produisent dans les canalisations chaudes ou froides. Les probl\u00e8mes qui se d\u00e9veloppent en raison du chauffage ou du refroidissement dans les conduites avec un \u00e9coulement de liquide froid ou chaud peuvent atteindre des dimensions tr\u00e8s graves. L&rsquo;utilisation de compensateurs \u00e0 bride rotative dans ces conduites garantira que la conduite comporte des parties ind\u00e9pendantes. Ainsi, les pi\u00e8ces qui se d\u00e9placent ind\u00e9pendamment sont peu affect\u00e9es par les effets n\u00e9gatifs du chauffage ou du refroidissement. Les joints de dilatation \u00e0 brides tournantes peuvent \u00e9galement \u00eatre produits dans diff\u00e9rents diam\u00e8tres sur demande. Par cons\u00e9quent, il est possible de b\u00e9n\u00e9ficier de joints de dilatation \u00e0 bride rotative pour des tuyaux de presque toutes les tailles.<\/p>\n<h2><strong>Que sont les joints de dilatation \u00e0 bride rotative et \u00e0 quoi servent-ils ?<\/strong><\/h2>\n<p>Les joints de dilatation \u00e0 brides tournantes, en plus de leur flexibilit\u00e9, ont \u00e9galement une fonction anti-vibration dans les canalisations. Il peut \u00e9galement \u00eatre pr\u00e9f\u00e9r\u00e9 comme solution contre les vibrations se produisant dans les canalisations et les d\u00e9formations dues \u00e0 ces vibrations. Le mat\u00e9riau standard des compensateurs \u00e0 bride tournante, qui sont \u00e9galement adapt\u00e9s \u00e0 une utilisation facile en termes de montage, est l&rsquo;acier au carbone.<\/p>\n<p>Cependant, il est \u00e9galement possible de fabriquer des compensateurs \u00e0 bride rotative en acier inoxydable ou autre mat\u00e9riau, en fonction du domaine d&rsquo;utilisation ou des exigences personnelles. Diff\u00e9rents mat\u00e9riaux peuvent \u00eatre pr\u00e9f\u00e9r\u00e9s en fonction de la nature du pipeline ou des situations n\u00e9cessaires dans la ligne. Ceci s&rsquo;applique \u00e9galement aux diam\u00e8tres des joints de dilatation \u00e0 bride tournante. Encore une fois, il est possible de produire le mat\u00e9riau dans diff\u00e9rents diam\u00e8tres en fonction des demandes.<\/p>\n<h2><strong>Que sont les joints de dilatation \u00e0 bride rotative\u00a0?<\/strong><\/h2>\n<p>Les joints de dilatation \u00e0 bride tournante sont un produit qui \u00e9vite que les canalisations ne soient affect\u00e9es par les effets n\u00e9gatifs de l&rsquo;\u00e9coulement de liquide froid ou chaud en gagnant en flexibilit\u00e9. Le compensateur \u00e0 bride rotative, facile \u00e0 monter, garantit que les probl\u00e8mes de canalisation caus\u00e9s par le r\u00e9tr\u00e9cissement et la dilatation sont compl\u00e8tement \u00e9limin\u00e9s.<\/p>\n<p>Dans certains cas, en particulier dans les installations de canalisations externes, des d\u00e9formations tr\u00e8s importantes peuvent se produire dans les canalisations en raison de la temp\u00e9rature du liquide circulant dans l&rsquo;installation ou de facteurs externes. Si ces d\u00e9formations affectent toute une ligne, dans certains cas, elles peuvent avoir un effet r\u00e9gional. Le compensateur \u00e0 bride rotative garantit que la canalisation continue \u00e0 fonctionner de mani\u00e8re saine, quel que soit l&rsquo;effet de la temp\u00e9rature. Ainsi, les d\u00e9formations caus\u00e9es par des facteurs externes peuvent \u00eatre \u00e9vit\u00e9es.<\/p>\n<h2><strong>Que font les joints de dilatation \u00e0 bride rotative\u00a0?<\/strong><\/h2>\n<p>Essentiellement trois fonctions diff\u00e9rentes. Dans les pipelines o\u00f9 le d\u00e9bit de liquide chaud est intense, de s\u00e9rieux probl\u00e8mes de dilatation peuvent \u00eatre rencontr\u00e9s. Le probl\u00e8me de dilatation affecte non seulement directement toutes les caract\u00e9ristiques de l&rsquo;installation, mais a \u00e9galement un effet sur la pression du liquide. La premi\u00e8re fonction des joints de dilatation \u00e0 bride tournante est d&#8217;emp\u00eacher cette dilatation.<\/p>\n<p>Une autre fonction de ce type de compensateur est d&#8217;emp\u00eacher le r\u00e9tr\u00e9cissement dans la canalisation provoqu\u00e9 par l&rsquo;\u00e9coulement de liquide froid. Les joints de dilatation \u00e0 brides rotatives emp\u00eachent le r\u00e9tr\u00e9cissement et garantissent que la canalisation continue de fonctionner sans perte de pression. Une autre fonction des joints de dilatation \u00e0 bride rotative est d&#8217;emp\u00eacher les vibrations dans la canalisation. Des pressions \u00e9lev\u00e9es dans certaines conduites peuvent provoquer des d\u00e9formations dans la conduite ou dans le syst\u00e8me de conduites.<\/p>\n<h2><strong>O\u00f9 sont utilis\u00e9s les joints de dilatation \u00e0 bride rotative\u00a0?<\/strong><\/h2>\n<p>Les joints de dilatation \u00e0 bride rotative conviennent \u00e0 une utilisation dans toutes les canalisations o\u00f9 des probl\u00e8mes tels que la dilatation, la contraction et les vibrations sont rencontr\u00e9s. Le fait qu&rsquo;il puisse \u00eatre produit \u00e0 partir de diff\u00e9rents mat\u00e9riaux lui a permis d&rsquo;avoir une large gamme d&rsquo;utilisationsDans le m\u00eame temps, le compensateur \u00e0 bride rotative peut \u00eatre produit dans diff\u00e9rents diam\u00e8tres, ce qui le rend adapt\u00e9 \u00e0 chaque installation de tuyauterie.<\/p>\n<p>Pour la s\u00e9lection de joints de dilatation sup\u00e9rieurs \u00e0 \u00d8250 mm, veuillez contacter notre service technique.<br \/>\nLe mat\u00e9riau de connexion standard est l&rsquo;acier au carbone st37. En option, il peut \u00eatre fabriqu\u00e9 en acier inoxydable AISI304, AISI316 ou d&rsquo;autres mat\u00e9riaux demand\u00e9s.<\/p>\n<p><a href=\"https:\/\/govalf.com\/fr\/des-produits\/\">Caract\u00e9ristiques<\/a><br \/>\nMat\u00e9riau d&rsquo;ondulation\u00a0: AISI304, 316, 316L, 321, 309, 310<br \/>\nMat\u00e9riau de la bride : st37-2, AISI304, 316<\/p>\n","protected":false},"excerpt":{"rendered":"<p>Joints de dilatation \u00e0 bride rotative; Les joints de dilatation \u00e0 bride rotative sont des pi\u00e8ces essentielles pour les pipelines. Ces compensateurs, qui offrent une flexibilit\u00e9 dans le pipeline et permettent un mouvement confortable, peuvent \u00e9galement \u00eatre utilis\u00e9s \u00e0 diff\u00e9rentes fins. L&rsquo;une des raisons pour lesquelles il est largement utilis\u00e9 est qu&rsquo;il peut \u00e9liminer les [&hellip;]<\/p>\n","protected":false},"featured_media":6727,"comment_status":"closed","ping_status":"closed","template":"","meta":{"_acf_changed":false},"product_brand":[],"product_cat":[119],"product_tag":[],"class_list":{"0":"post-4278","1":"product","2":"type-product","3":"status-publish","4":"has-post-thumbnail","6":"product_cat-compensateur-de-dilatation","8":"first","9":"instock","10":"shipping-taxable","11":"purchasable","12":"product-type-simple"},"acf":[],"yoast_head":"<!-- This site is optimized with the Yoast SEO plugin v27.4 - https:\/\/yoast.com\/product\/yoast-seo-wordpress\/ -->\n<title>Joints de Dilatation \u00e0 Bride Rotative - GOVALF<\/title>\n<meta name=\"description\" content=\"Joints de dilatation \u00e0 bride rotative; Les joints de dilatation \u00e0 bride rotative sont des pi\u00e8ces essentielles pour les pipelines.\" \/>\n<meta name=\"robots\" content=\"index, follow, max-snippet:-1, max-image-preview:large, max-video-preview:-1\" \/>\n<link rel=\"canonical\" href=\"http:\/\/govalf.com\/fr\/product\/joints-de-dilatation-a-bride-rotative\/\" \/>\n<meta property=\"og:locale\" content=\"fr_FR\" \/>\n<meta property=\"og:type\" content=\"article\" \/>\n<meta property=\"og:title\" content=\"Joints de Dilatation \u00e0 Bride Rotative - GOVALF\" \/>\n<meta property=\"og:description\" content=\"Joints de dilatation \u00e0 bride rotative; Les joints de dilatation \u00e0 bride rotative sont des pi\u00e8ces essentielles pour les pipelines.\" \/>\n<meta property=\"og:url\" content=\"http:\/\/govalf.com\/fr\/product\/joints-de-dilatation-a-bride-rotative\/\" \/>\n<meta property=\"og:site_name\" content=\"Go Valf Vana ve Pompa Sistemleri\" \/>\n<meta property=\"article:modified_time\" content=\"2022-08-15T11:35:27+00:00\" \/>\n<meta property=\"og:image\" content=\"http:\/\/govalf.com\/wp-content\/uploads\/2022\/02\/Joints-de-dilatation-a\u0300-bride-rotative.jpeg\" \/>\n\t<meta property=\"og:image:width\" content=\"440\" \/>\n\t<meta property=\"og:image:height\" content=\"365\" \/>\n\t<meta property=\"og:image:type\" content=\"image\/jpeg\" \/>\n<meta name=\"twitter:card\" content=\"summary_large_image\" \/>\n<meta name=\"twitter:label1\" content=\"Dur\u00e9e de lecture estim\u00e9e\" \/>\n\t<meta name=\"twitter:data1\" content=\"1 minute\" \/>\n<script type=\"application\/ld+json\" class=\"yoast-schema-graph\">{\"@context\":\"https:\\\/\\\/schema.org\",\"@graph\":[{\"@type\":\"WebPage\",\"@id\":\"http:\\\/\\\/govalf.com\\\/fr\\\/product\\\/joints-de-dilatation-a-bride-rotative\\\/\",\"url\":\"http:\\\/\\\/govalf.com\\\/fr\\\/product\\\/joints-de-dilatation-a-bride-rotative\\\/\",\"name\":\"Joints de Dilatation \u00e0 Bride Rotative - GOVALF\",\"isPartOf\":{\"@id\":\"http:\\\/\\\/govalf.com\\\/ru\\\/#website\"},\"primaryImageOfPage\":{\"@id\":\"http:\\\/\\\/govalf.com\\\/fr\\\/product\\\/joints-de-dilatation-a-bride-rotative\\\/#primaryimage\"},\"image\":{\"@id\":\"http:\\\/\\\/govalf.com\\\/fr\\\/product\\\/joints-de-dilatation-a-bride-rotative\\\/#primaryimage\"},\"thumbnailUrl\":\"http:\\\/\\\/govalf.com\\\/wp-content\\\/uploads\\\/2022\\\/02\\\/Joints-de-dilatation-a\u0300-bride-rotative.jpeg\",\"datePublished\":\"2022-03-22T12:09:17+00:00\",\"dateModified\":\"2022-08-15T11:35:27+00:00\",\"description\":\"Joints de dilatation \u00e0 bride rotative; Les joints de dilatation \u00e0 bride rotative sont des pi\u00e8ces essentielles pour les pipelines.\",\"breadcrumb\":{\"@id\":\"http:\\\/\\\/govalf.com\\\/fr\\\/product\\\/joints-de-dilatation-a-bride-rotative\\\/#breadcrumb\"},\"inLanguage\":\"fr-FR\",\"potentialAction\":[{\"@type\":\"ReadAction\",\"target\":[\"http:\\\/\\\/govalf.com\\\/fr\\\/product\\\/joints-de-dilatation-a-bride-rotative\\\/\"]}]},{\"@type\":\"ImageObject\",\"inLanguage\":\"fr-FR\",\"@id\":\"http:\\\/\\\/govalf.com\\\/fr\\\/product\\\/joints-de-dilatation-a-bride-rotative\\\/#primaryimage\",\"url\":\"http:\\\/\\\/govalf.com\\\/wp-content\\\/uploads\\\/2022\\\/02\\\/Joints-de-dilatation-a\u0300-bride-rotative.jpeg\",\"contentUrl\":\"http:\\\/\\\/govalf.com\\\/wp-content\\\/uploads\\\/2022\\\/02\\\/Joints-de-dilatation-a\u0300-bride-rotative.jpeg\",\"width\":440,\"height\":365,\"caption\":\"Joints de dilatation \u00e0 bride rotative\"},{\"@type\":\"BreadcrumbList\",\"@id\":\"http:\\\/\\\/govalf.com\\\/fr\\\/product\\\/joints-de-dilatation-a-bride-rotative\\\/#breadcrumb\",\"itemListElement\":[{\"@type\":\"ListItem\",\"position\":1,\"name\":\"Anasayfa\",\"item\":\"http:\\\/\\\/govalf.com\\\/fr\\\/\"},{\"@type\":\"ListItem\",\"position\":2,\"name\":\"Products\",\"item\":\"http:\\\/\\\/govalf.com\\\/fr\\\/des-produits\\\/\"},{\"@type\":\"ListItem\",\"position\":3,\"name\":\"Joints de Dilatation \u00e0 Bride Rotative\"}]},{\"@type\":\"WebSite\",\"@id\":\"http:\\\/\\\/govalf.com\\\/ru\\\/#website\",\"url\":\"http:\\\/\\\/govalf.com\\\/ru\\\/\",\"name\":\"Go Valf Vana ve Pompa Sistemleri\",\"description\":\"Yang\u0131n S\u00f6nd\u00fcrme Sistemleri ve Ekipmanlar\u0131\",\"publisher\":{\"@id\":\"http:\\\/\\\/govalf.com\\\/ru\\\/#organization\"},\"potentialAction\":[{\"@type\":\"SearchAction\",\"target\":{\"@type\":\"EntryPoint\",\"urlTemplate\":\"http:\\\/\\\/govalf.com\\\/ru\\\/?s={search_term_string}\"},\"query-input\":{\"@type\":\"PropertyValueSpecification\",\"valueRequired\":true,\"valueName\":\"search_term_string\"}}],\"inLanguage\":\"fr-FR\"},{\"@type\":\"Organization\",\"@id\":\"http:\\\/\\\/govalf.com\\\/ru\\\/#organization\",\"name\":\"Go Valf\",\"url\":\"http:\\\/\\\/govalf.com\\\/ru\\\/\",\"logo\":{\"@type\":\"ImageObject\",\"inLanguage\":\"fr-FR\",\"@id\":\"http:\\\/\\\/govalf.com\\\/ru\\\/#\\\/schema\\\/logo\\\/image\\\/\",\"url\":\"https:\\\/\\\/govalf.com\\\/wp-content\\\/uploads\\\/2022\\\/02\\\/go-valf-logo.png\",\"contentUrl\":\"https:\\\/\\\/govalf.com\\\/wp-content\\\/uploads\\\/2022\\\/02\\\/go-valf-logo.png\",\"width\":504,\"height\":120,\"caption\":\"Go Valf\"},\"image\":{\"@id\":\"http:\\\/\\\/govalf.com\\\/ru\\\/#\\\/schema\\\/logo\\\/image\\\/\"}}]}<\/script>\n<!-- \/ Yoast SEO plugin. -->","yoast_head_json":{"title":"Joints de Dilatation \u00e0 Bride Rotative - GOVALF","description":"Joints de dilatation \u00e0 bride rotative; Les joints de dilatation \u00e0 bride rotative sont des pi\u00e8ces essentielles pour les pipelines.","robots":{"index":"index","follow":"follow","max-snippet":"max-snippet:-1","max-image-preview":"max-image-preview:large","max-video-preview":"max-video-preview:-1"},"canonical":"http:\/\/govalf.com\/fr\/product\/joints-de-dilatation-a-bride-rotative\/","og_locale":"fr_FR","og_type":"article","og_title":"Joints de Dilatation \u00e0 Bride Rotative - GOVALF","og_description":"Joints de dilatation \u00e0 bride rotative; Les joints de dilatation \u00e0 bride rotative sont des pi\u00e8ces essentielles pour les pipelines.","og_url":"http:\/\/govalf.com\/fr\/product\/joints-de-dilatation-a-bride-rotative\/","og_site_name":"Go Valf Vana ve Pompa Sistemleri","article_modified_time":"2022-08-15T11:35:27+00:00","og_image":[{"width":440,"height":365,"url":"http:\/\/govalf.com\/wp-content\/uploads\/2022\/02\/Joints-de-dilatation-a\u0300-bride-rotative.jpeg","type":"image\/jpeg"}],"twitter_card":"summary_large_image","twitter_misc":{"Dur\u00e9e de lecture estim\u00e9e":"1 minute"},"schema":{"@context":"https:\/\/schema.org","@graph":[{"@type":"WebPage","@id":"http:\/\/govalf.com\/fr\/product\/joints-de-dilatation-a-bride-rotative\/","url":"http:\/\/govalf.com\/fr\/product\/joints-de-dilatation-a-bride-rotative\/","name":"Joints de Dilatation \u00e0 Bride Rotative - GOVALF","isPartOf":{"@id":"http:\/\/govalf.com\/ru\/#website"},"primaryImageOfPage":{"@id":"http:\/\/govalf.com\/fr\/product\/joints-de-dilatation-a-bride-rotative\/#primaryimage"},"image":{"@id":"http:\/\/govalf.com\/fr\/product\/joints-de-dilatation-a-bride-rotative\/#primaryimage"},"thumbnailUrl":"http:\/\/govalf.com\/wp-content\/uploads\/2022\/02\/Joints-de-dilatation-a\u0300-bride-rotative.jpeg","datePublished":"2022-03-22T12:09:17+00:00","dateModified":"2022-08-15T11:35:27+00:00","description":"Joints de dilatation \u00e0 bride rotative; Les joints de dilatation \u00e0 bride rotative sont des pi\u00e8ces essentielles pour les pipelines.","breadcrumb":{"@id":"http:\/\/govalf.com\/fr\/product\/joints-de-dilatation-a-bride-rotative\/#breadcrumb"},"inLanguage":"fr-FR","potentialAction":[{"@type":"ReadAction","target":["http:\/\/govalf.com\/fr\/product\/joints-de-dilatation-a-bride-rotative\/"]}]},{"@type":"ImageObject","inLanguage":"fr-FR","@id":"http:\/\/govalf.com\/fr\/product\/joints-de-dilatation-a-bride-rotative\/#primaryimage","url":"http:\/\/govalf.com\/wp-content\/uploads\/2022\/02\/Joints-de-dilatation-a\u0300-bride-rotative.jpeg","contentUrl":"http:\/\/govalf.com\/wp-content\/uploads\/2022\/02\/Joints-de-dilatation-a\u0300-bride-rotative.jpeg","width":440,"height":365,"caption":"Joints de dilatation \u00e0 bride rotative"},{"@type":"BreadcrumbList","@id":"http:\/\/govalf.com\/fr\/product\/joints-de-dilatation-a-bride-rotative\/#breadcrumb","itemListElement":[{"@type":"ListItem","position":1,"name":"Anasayfa","item":"http:\/\/govalf.com\/fr\/"},{"@type":"ListItem","position":2,"name":"Products","item":"http:\/\/govalf.com\/fr\/des-produits\/"},{"@type":"ListItem","position":3,"name":"Joints de Dilatation \u00e0 Bride Rotative"}]},{"@type":"WebSite","@id":"http:\/\/govalf.com\/ru\/#website","url":"http:\/\/govalf.com\/ru\/","name":"Go Valf Vana ve Pompa Sistemleri","description":"Yang\u0131n S\u00f6nd\u00fcrme Sistemleri ve Ekipmanlar\u0131","publisher":{"@id":"http:\/\/govalf.com\/ru\/#organization"},"potentialAction":[{"@type":"SearchAction","target":{"@type":"EntryPoint","urlTemplate":"http:\/\/govalf.com\/ru\/?s={search_term_string}"},"query-input":{"@type":"PropertyValueSpecification","valueRequired":true,"valueName":"search_term_string"}}],"inLanguage":"fr-FR"},{"@type":"Organization","@id":"http:\/\/govalf.com\/ru\/#organization","name":"Go Valf","url":"http:\/\/govalf.com\/ru\/","logo":{"@type":"ImageObject","inLanguage":"fr-FR","@id":"http:\/\/govalf.com\/ru\/#\/schema\/logo\/image\/","url":"https:\/\/govalf.com\/wp-content\/uploads\/2022\/02\/go-valf-logo.png","contentUrl":"https:\/\/govalf.com\/wp-content\/uploads\/2022\/02\/go-valf-logo.png","width":504,"height":120,"caption":"Go Valf"},"image":{"@id":"http:\/\/govalf.com\/ru\/#\/schema\/logo\/image\/"}}]}},"_links":{"self":[{"href":"http:\/\/govalf.com\/fr\/wp-json\/wp\/v2\/product\/4278","targetHints":{"allow":["GET"]}}],"collection":[{"href":"http:\/\/govalf.com\/fr\/wp-json\/wp\/v2\/product"}],"about":[{"href":"http:\/\/govalf.com\/fr\/wp-json\/wp\/v2\/types\/product"}],"replies":[{"embeddable":true,"href":"http:\/\/govalf.com\/fr\/wp-json\/wp\/v2\/comments?post=4278"}],"wp:featuredmedia":[{"embeddable":true,"href":"http:\/\/govalf.com\/fr\/wp-json\/wp\/v2\/media\/6727"}],"wp:attachment":[{"href":"http:\/\/govalf.com\/fr\/wp-json\/wp\/v2\/media?parent=4278"}],"wp:term":[{"taxonomy":"product_brand","embeddable":true,"href":"http:\/\/govalf.com\/fr\/wp-json\/wp\/v2\/product_brand?post=4278"},{"taxonomy":"product_cat","embeddable":true,"href":"http:\/\/govalf.com\/fr\/wp-json\/wp\/v2\/product_cat?post=4278"},{"taxonomy":"product_tag","embeddable":true,"href":"http:\/\/govalf.com\/fr\/wp-json\/wp\/v2\/product_tag?post=4278"}],"curies":[{"name":"wp","href":"https:\/\/api.w.org\/{rel}","templated":true}]}}