{"id":4284,"date":"2022-02-18T06:30:56","date_gmt":"2022-03-22T12:10:49","guid":{"rendered":"https:\/\/govalf.com\/product\/connecteurs-de-ventilo-convecteur\/"},"modified":"2022-08-15T11:55:39","modified_gmt":"2022-08-15T11:55:39","slug":"connecteurs-de-ventilo-convecteur","status":"publish","type":"product","link":"http:\/\/govalf.com\/fr\/product\/connecteurs-de-ventilo-convecteur\/","title":{"rendered":"Connecteurs de ventilo-convecteur"},"content":{"rendered":"<p>Connecteurs de ventilo-convecteur; Les raccords pour ventilo-convecteurs sont des pi\u00e8ces qui permettent aux syst\u00e8mes de refroidissement ou de chauffage \u00e0 base d&rsquo;eau de fonctionner efficacement. Les connecteurs de ventilo-convecteur sont utilis\u00e9s pour connecter les syst\u00e8mes de refroidissement et de chauffage aux ventilo-convecteurs. Le mat\u00e9riau du tuyau du produit est AISI 304 et AISI 316L.<\/p>\n<p>Le mat\u00e9riau d&rsquo;isolation est en mousse de polypropyl\u00e8ne, le raccord de mamelon est en acier inoxydable. Gr\u00e2ce \u00e0 ses caract\u00e9ristiques, il \u00e9vite la formation de bruit ou de vibrations dans l&rsquo;installation. On voit que les corrosions ponctuelles qui peuvent se produire avec l&rsquo;humidit\u00e9 aux points de soudure sont \u00e9vit\u00e9es. Il est utilis\u00e9 dans des domaines tels que les connexions de chauffe-eau, les syst\u00e8mes de chauffage, les connexions d&rsquo;entrep\u00f4t.<\/p>\n<p>Que sont les connecteurs de ventilo-convecteur et \u00e0 quoi servent-ils ?<\/p>\n<p>Les connecteurs Fan-Coil, qui offrent une utilisation facile gr\u00e2ce \u00e0 leur structure pliable et pliable, sont constitu\u00e9s de tuyaux r\u00e9sistants \u00e0 la pression et \u00e0 la temp\u00e9rature. Le ventilo-convecteur, qui est bas\u00e9 sur la consommation d&rsquo;eau, est pr\u00e9f\u00e9r\u00e9 dans diff\u00e9rentes zones comme solution d&rsquo;\u00e9quilibrage de la temp\u00e9rature. Les flexibles hautes performances utilis\u00e9s pour connecter les ventilo-convecteurs au syst\u00e8me sont appel\u00e9s connecteurs de ventilo-convecteurs.<\/p>\n<p>Les fixations \u00e0 longue dur\u00e9e de vie peuvent \u00eatre utilis\u00e9es longtemps dans le syst\u00e8me. De plus, les mat\u00e9riaux utilis\u00e9s lors de la production emp\u00eachent la fixation d&rsquo;\u00eatre expos\u00e9e \u00e0 la corrosion. Ayant un large domaine d&rsquo;utilisation, les ventilo-convecteurs permettent de r\u00e9pondre aux besoins de chauffage et de refroidissement avec des solutions alternatives.<\/p>\n<p>Que sont les connecteurs de ventilo-convecteur\u00a0?<\/p>\n<p>Les connecteurs de ventilo-convecteur sont des produits qui connectent le ventilo-convecteur au syst\u00e8me de chauffage ou de refroidissement. Les fixations, qui permettent de r\u00e9aliser la connexion de mani\u00e8re syst\u00e9matique, pr\u00e9sentent des caract\u00e9ristiques innovantes. Le mat\u00e9riel de tuyau est produit selon certaines normes. De plus, des mousses de polypropyl\u00e8ne sont utilis\u00e9es dans la production du mat\u00e9riau isolant, ce qui permet au produit d&rsquo;avoir une longue dur\u00e9e de vie.<\/p>\n<p>Le montage du produit est tr\u00e8s pratique. Pour l&rsquo;assemblage, le c\u00f4t\u00e9 mamelon du tuyau est envelopp\u00e9 de t\u00e9flon ou de lin en premier lieu. La fixation est ensuite m\u00e9ticuleusement connect\u00e9e \u00e0 la ligne. Afin d&rsquo;\u00e9viter toute torsion dans le tuyau, le mamelon doit d&rsquo;abord \u00eatre connect\u00e9 au raccord fixe. L&rsquo;utilisation du ventilo-convecteur peut \u00eatre d\u00e9marr\u00e9e apr\u00e8s que la connexion soit effectu\u00e9e de mani\u00e8re syst\u00e9matique.<\/p>\n<p>Que font les connecteurs de ventilo-convecteur ?<\/p>\n<p>Aujourd&rsquo;hui, diff\u00e9rentes solutions sont utilis\u00e9es pour les syst\u00e8mes de chauffage et de refroidissement. Le ventilo-convecteur, l&rsquo;une de ces solutions, peut \u00eatre d\u00e9fini comme une solution d&rsquo;\u00e9quilibrage de temp\u00e9rature compos\u00e9e d&rsquo;un serpentin de type r\u00e9sistance et d&rsquo;un ventilateur. Les ventilo-convecteurs, bas\u00e9s sur le principe de l&rsquo;utilisation de l&rsquo;eau, permettent de modifier la temp\u00e9rature de l&rsquo;environnement en soufflant de l&rsquo;air chaud ou froid en fonction de la temp\u00e9rature de l&rsquo;eau de l&rsquo;installation.<\/p>\n<p>Les connecteurs Fan-Coil sont utilis\u00e9s pour connecter les ventilo-convecteurs, qui se distinguent comme un syst\u00e8me innovant, aux syst\u00e8mes de chauffage et de refroidissement. Les raccords, constitu\u00e9s de flexibles de diff\u00e9rentes tailles, sont fabriqu\u00e9s avec beaucoup de minutie afin d&rsquo;assurer une connexion efficace. Comme il a une structure simple, le processus d&rsquo;assemblage est \u00e9galement assez simple. Cependant, certaines questions doivent \u00eatre prises en compte lors de l&rsquo;assemblage, afin que la phase d&rsquo;installation puisse \u00eatre compl\u00e9t\u00e9e sans aucun probl\u00e8me.<\/p>\n<p>O\u00f9 sont utilis\u00e9s les connecteurs de ventilo-convecteur\u00a0?<\/p>\n<p>Les connecteurs Fan-Coil sont pr\u00e9f\u00e9r\u00e9s partout o\u00f9 des ventilo-convecteurs sont utilis\u00e9s. Ces pi\u00e8ces sont n\u00e9cessaires car elles assurent la connexion des ventilo-convecteurs au syst\u00e8me de chauffage ou de refroidissement. Dans ce contexte, il est possible de lister les domaines o\u00f9 les ventilo-convecteurs et donc les connecteurs de ventilo-convecteurs sont utilis\u00e9s comme suit :<\/p>\n<ul>\n<li>Grands b\u00e2timents avec des demandes de chauffage et de refroidissement partag\u00e9es<\/li>\n<li>Installations d&rsquo;h\u00e9bergement<\/li>\n<li>H\u00f4pitaux<\/li>\n<li>H\u00f4tels<\/li>\n<li>Des bureaux<\/li>\n<li>Immeubles de grande hauteur<\/li>\n<\/ul>\n<p>Il est possible de dire que les ventilo-convecteurs peuvent \u00eatre utilis\u00e9s dans chacune des zones sp\u00e9cifi\u00e9es. Les \u00e9l\u00e9ments de connexion pr\u00e9f\u00e9r\u00e9s pour l&rsquo;int\u00e9gration efficace des ventilo-convecteurs dans le syst\u00e8me sont produits selon une certaine norme.<\/p>\n<p>De plus, des mat\u00e9riaux r\u00e9sistants \u00e0 l&rsquo;usure sont utilis\u00e9s pendant la production. De cette fa\u00e7on, le produit a une longue dur\u00e9e de vie. Les fixations, qui permettent des \u00e9conomies de co\u00fbts et d&rsquo;espace, sont un produit pr\u00e9f\u00e9r\u00e9 dans de nombreux secteurs avec leurs caract\u00e9ristiques innovantes.<\/p>\n<p>&nbsp;<\/p>\n<p>Les raccords pour ventilo-convecteurs sont utilis\u00e9s pour le raccordement flexible des tuyaux du syst\u00e8me de distribution aux ventilo-convecteurs dans les syst\u00e8mes de chauffage\/refroidissement.<\/p>\n<p>Caract\u00e9ristiques<br \/>\nMat\u00e9riau du tuyau : AISI 304, AISI 316L<br \/>\nMat\u00e9riau d&rsquo;isolation\u00a0: mousse de polypropyl\u00e8ne<br \/>\nEnregistrement de mamelon\u00a0: acier au carbone (rev\u00eatement Cr-Ni)<\/p>\n","protected":false},"excerpt":{"rendered":"<p>Connecteurs de ventilo-convecteur; Les raccords pour ventilo-convecteurs sont des pi\u00e8ces qui permettent aux syst\u00e8mes de refroidissement ou de chauffage \u00e0 base d&rsquo;eau de fonctionner efficacement. Les connecteurs de ventilo-convecteur sont utilis\u00e9s pour connecter les syst\u00e8mes de refroidissement et de chauffage aux ventilo-convecteurs. Le mat\u00e9riau du tuyau du produit est AISI 304 et AISI 316L. Le [&hellip;]<\/p>\n","protected":false},"featured_media":6762,"comment_status":"closed","ping_status":"closed","template":"","meta":{"_acf_changed":false},"product_brand":[],"product_cat":[119],"product_tag":[],"class_list":{"0":"post-4284","1":"product","2":"type-product","3":"status-publish","4":"has-post-thumbnail","6":"product_cat-compensateur-de-dilatation","8":"first","9":"instock","10":"shipping-taxable","11":"purchasable","12":"product-type-simple"},"acf":[],"yoast_head":"<!-- This site is optimized with the Yoast SEO plugin v27.4 - https:\/\/yoast.com\/product\/yoast-seo-wordpress\/ -->\n<title>Connecteurs de ventilo-convecteur - GOVALF<\/title>\n<meta name=\"description\" content=\"Connecteurs de ventilo-convecteur; Les raccords pour ventilo-convecteurs sont des pi\u00e8ces qui permettent aux syst\u00e8mes de refroidissement ou de chauffage\" \/>\n<meta name=\"robots\" content=\"index, follow, max-snippet:-1, max-image-preview:large, max-video-preview:-1\" \/>\n<link rel=\"canonical\" href=\"http:\/\/govalf.com\/fr\/product\/connecteurs-de-ventilo-convecteur\/\" \/>\n<meta property=\"og:locale\" content=\"fr_FR\" \/>\n<meta property=\"og:type\" content=\"article\" \/>\n<meta property=\"og:title\" content=\"Connecteurs de ventilo-convecteur - GOVALF\" \/>\n<meta property=\"og:description\" content=\"Connecteurs de ventilo-convecteur; Les raccords pour ventilo-convecteurs sont des pi\u00e8ces qui permettent aux syst\u00e8mes de refroidissement ou de chauffage\" \/>\n<meta property=\"og:url\" content=\"http:\/\/govalf.com\/fr\/product\/connecteurs-de-ventilo-convecteur\/\" \/>\n<meta property=\"og:site_name\" content=\"Go Valf Vana ve Pompa Sistemleri\" \/>\n<meta property=\"article:modified_time\" content=\"2022-08-15T11:55:39+00:00\" \/>\n<meta property=\"og:image\" content=\"http:\/\/govalf.com\/wp-content\/uploads\/2022\/02\/Connecteurs-de-ventilo-convecteur-1.jpeg\" \/>\n\t<meta property=\"og:image:width\" content=\"440\" \/>\n\t<meta property=\"og:image:height\" content=\"365\" \/>\n\t<meta property=\"og:image:type\" content=\"image\/jpeg\" \/>\n<meta name=\"twitter:card\" content=\"summary_large_image\" \/>\n<meta name=\"twitter:label1\" content=\"Dur\u00e9e de lecture estim\u00e9e\" \/>\n\t<meta name=\"twitter:data1\" content=\"4 minutes\" \/>\n<script type=\"application\/ld+json\" class=\"yoast-schema-graph\">{\"@context\":\"https:\\\/\\\/schema.org\",\"@graph\":[{\"@type\":\"WebPage\",\"@id\":\"http:\\\/\\\/govalf.com\\\/fr\\\/product\\\/connecteurs-de-ventilo-convecteur\\\/\",\"url\":\"http:\\\/\\\/govalf.com\\\/fr\\\/product\\\/connecteurs-de-ventilo-convecteur\\\/\",\"name\":\"Connecteurs de ventilo-convecteur - GOVALF\",\"isPartOf\":{\"@id\":\"http:\\\/\\\/govalf.com\\\/ru\\\/#website\"},\"primaryImageOfPage\":{\"@id\":\"http:\\\/\\\/govalf.com\\\/fr\\\/product\\\/connecteurs-de-ventilo-convecteur\\\/#primaryimage\"},\"image\":{\"@id\":\"http:\\\/\\\/govalf.com\\\/fr\\\/product\\\/connecteurs-de-ventilo-convecteur\\\/#primaryimage\"},\"thumbnailUrl\":\"http:\\\/\\\/govalf.com\\\/wp-content\\\/uploads\\\/2022\\\/02\\\/Connecteurs-de-ventilo-convecteur-1.jpeg\",\"datePublished\":\"2022-03-22T12:10:49+00:00\",\"dateModified\":\"2022-08-15T11:55:39+00:00\",\"description\":\"Connecteurs de ventilo-convecteur; Les raccords pour ventilo-convecteurs sont des pi\u00e8ces qui permettent aux syst\u00e8mes de refroidissement ou de chauffage\",\"breadcrumb\":{\"@id\":\"http:\\\/\\\/govalf.com\\\/fr\\\/product\\\/connecteurs-de-ventilo-convecteur\\\/#breadcrumb\"},\"inLanguage\":\"fr-FR\",\"potentialAction\":[{\"@type\":\"ReadAction\",\"target\":[\"http:\\\/\\\/govalf.com\\\/fr\\\/product\\\/connecteurs-de-ventilo-convecteur\\\/\"]}]},{\"@type\":\"ImageObject\",\"inLanguage\":\"fr-FR\",\"@id\":\"http:\\\/\\\/govalf.com\\\/fr\\\/product\\\/connecteurs-de-ventilo-convecteur\\\/#primaryimage\",\"url\":\"http:\\\/\\\/govalf.com\\\/wp-content\\\/uploads\\\/2022\\\/02\\\/Connecteurs-de-ventilo-convecteur-1.jpeg\",\"contentUrl\":\"http:\\\/\\\/govalf.com\\\/wp-content\\\/uploads\\\/2022\\\/02\\\/Connecteurs-de-ventilo-convecteur-1.jpeg\",\"width\":440,\"height\":365,\"caption\":\"Connecteurs de ventilo-convecteur\"},{\"@type\":\"BreadcrumbList\",\"@id\":\"http:\\\/\\\/govalf.com\\\/fr\\\/product\\\/connecteurs-de-ventilo-convecteur\\\/#breadcrumb\",\"itemListElement\":[{\"@type\":\"ListItem\",\"position\":1,\"name\":\"Anasayfa\",\"item\":\"http:\\\/\\\/govalf.com\\\/fr\\\/\"},{\"@type\":\"ListItem\",\"position\":2,\"name\":\"Products\",\"item\":\"http:\\\/\\\/govalf.com\\\/fr\\\/des-produits\\\/\"},{\"@type\":\"ListItem\",\"position\":3,\"name\":\"Connecteurs de ventilo-convecteur\"}]},{\"@type\":\"WebSite\",\"@id\":\"http:\\\/\\\/govalf.com\\\/ru\\\/#website\",\"url\":\"http:\\\/\\\/govalf.com\\\/ru\\\/\",\"name\":\"Go Valf Vana ve Pompa Sistemleri\",\"description\":\"Yang\u0131n S\u00f6nd\u00fcrme Sistemleri ve Ekipmanlar\u0131\",\"publisher\":{\"@id\":\"http:\\\/\\\/govalf.com\\\/ru\\\/#organization\"},\"potentialAction\":[{\"@type\":\"SearchAction\",\"target\":{\"@type\":\"EntryPoint\",\"urlTemplate\":\"http:\\\/\\\/govalf.com\\\/ru\\\/?s={search_term_string}\"},\"query-input\":{\"@type\":\"PropertyValueSpecification\",\"valueRequired\":true,\"valueName\":\"search_term_string\"}}],\"inLanguage\":\"fr-FR\"},{\"@type\":\"Organization\",\"@id\":\"http:\\\/\\\/govalf.com\\\/ru\\\/#organization\",\"name\":\"Go Valf\",\"url\":\"http:\\\/\\\/govalf.com\\\/ru\\\/\",\"logo\":{\"@type\":\"ImageObject\",\"inLanguage\":\"fr-FR\",\"@id\":\"http:\\\/\\\/govalf.com\\\/ru\\\/#\\\/schema\\\/logo\\\/image\\\/\",\"url\":\"https:\\\/\\\/govalf.com\\\/wp-content\\\/uploads\\\/2022\\\/02\\\/go-valf-logo.png\",\"contentUrl\":\"https:\\\/\\\/govalf.com\\\/wp-content\\\/uploads\\\/2022\\\/02\\\/go-valf-logo.png\",\"width\":504,\"height\":120,\"caption\":\"Go Valf\"},\"image\":{\"@id\":\"http:\\\/\\\/govalf.com\\\/ru\\\/#\\\/schema\\\/logo\\\/image\\\/\"}}]}<\/script>\n<!-- \/ Yoast SEO plugin. -->","yoast_head_json":{"title":"Connecteurs de ventilo-convecteur - GOVALF","description":"Connecteurs de ventilo-convecteur; Les raccords pour ventilo-convecteurs sont des pi\u00e8ces qui permettent aux syst\u00e8mes de refroidissement ou de chauffage","robots":{"index":"index","follow":"follow","max-snippet":"max-snippet:-1","max-image-preview":"max-image-preview:large","max-video-preview":"max-video-preview:-1"},"canonical":"http:\/\/govalf.com\/fr\/product\/connecteurs-de-ventilo-convecteur\/","og_locale":"fr_FR","og_type":"article","og_title":"Connecteurs de ventilo-convecteur - GOVALF","og_description":"Connecteurs de ventilo-convecteur; Les raccords pour ventilo-convecteurs sont des pi\u00e8ces qui permettent aux syst\u00e8mes de refroidissement ou de chauffage","og_url":"http:\/\/govalf.com\/fr\/product\/connecteurs-de-ventilo-convecteur\/","og_site_name":"Go Valf Vana ve Pompa Sistemleri","article_modified_time":"2022-08-15T11:55:39+00:00","og_image":[{"width":440,"height":365,"url":"http:\/\/govalf.com\/wp-content\/uploads\/2022\/02\/Connecteurs-de-ventilo-convecteur-1.jpeg","type":"image\/jpeg"}],"twitter_card":"summary_large_image","twitter_misc":{"Dur\u00e9e de lecture estim\u00e9e":"4 minutes"},"schema":{"@context":"https:\/\/schema.org","@graph":[{"@type":"WebPage","@id":"http:\/\/govalf.com\/fr\/product\/connecteurs-de-ventilo-convecteur\/","url":"http:\/\/govalf.com\/fr\/product\/connecteurs-de-ventilo-convecteur\/","name":"Connecteurs de ventilo-convecteur - GOVALF","isPartOf":{"@id":"http:\/\/govalf.com\/ru\/#website"},"primaryImageOfPage":{"@id":"http:\/\/govalf.com\/fr\/product\/connecteurs-de-ventilo-convecteur\/#primaryimage"},"image":{"@id":"http:\/\/govalf.com\/fr\/product\/connecteurs-de-ventilo-convecteur\/#primaryimage"},"thumbnailUrl":"http:\/\/govalf.com\/wp-content\/uploads\/2022\/02\/Connecteurs-de-ventilo-convecteur-1.jpeg","datePublished":"2022-03-22T12:10:49+00:00","dateModified":"2022-08-15T11:55:39+00:00","description":"Connecteurs de ventilo-convecteur; Les raccords pour ventilo-convecteurs sont des pi\u00e8ces qui permettent aux syst\u00e8mes de refroidissement ou de chauffage","breadcrumb":{"@id":"http:\/\/govalf.com\/fr\/product\/connecteurs-de-ventilo-convecteur\/#breadcrumb"},"inLanguage":"fr-FR","potentialAction":[{"@type":"ReadAction","target":["http:\/\/govalf.com\/fr\/product\/connecteurs-de-ventilo-convecteur\/"]}]},{"@type":"ImageObject","inLanguage":"fr-FR","@id":"http:\/\/govalf.com\/fr\/product\/connecteurs-de-ventilo-convecteur\/#primaryimage","url":"http:\/\/govalf.com\/wp-content\/uploads\/2022\/02\/Connecteurs-de-ventilo-convecteur-1.jpeg","contentUrl":"http:\/\/govalf.com\/wp-content\/uploads\/2022\/02\/Connecteurs-de-ventilo-convecteur-1.jpeg","width":440,"height":365,"caption":"Connecteurs de ventilo-convecteur"},{"@type":"BreadcrumbList","@id":"http:\/\/govalf.com\/fr\/product\/connecteurs-de-ventilo-convecteur\/#breadcrumb","itemListElement":[{"@type":"ListItem","position":1,"name":"Anasayfa","item":"http:\/\/govalf.com\/fr\/"},{"@type":"ListItem","position":2,"name":"Products","item":"http:\/\/govalf.com\/fr\/des-produits\/"},{"@type":"ListItem","position":3,"name":"Connecteurs de ventilo-convecteur"}]},{"@type":"WebSite","@id":"http:\/\/govalf.com\/ru\/#website","url":"http:\/\/govalf.com\/ru\/","name":"Go Valf Vana ve Pompa Sistemleri","description":"Yang\u0131n S\u00f6nd\u00fcrme Sistemleri ve Ekipmanlar\u0131","publisher":{"@id":"http:\/\/govalf.com\/ru\/#organization"},"potentialAction":[{"@type":"SearchAction","target":{"@type":"EntryPoint","urlTemplate":"http:\/\/govalf.com\/ru\/?s={search_term_string}"},"query-input":{"@type":"PropertyValueSpecification","valueRequired":true,"valueName":"search_term_string"}}],"inLanguage":"fr-FR"},{"@type":"Organization","@id":"http:\/\/govalf.com\/ru\/#organization","name":"Go Valf","url":"http:\/\/govalf.com\/ru\/","logo":{"@type":"ImageObject","inLanguage":"fr-FR","@id":"http:\/\/govalf.com\/ru\/#\/schema\/logo\/image\/","url":"https:\/\/govalf.com\/wp-content\/uploads\/2022\/02\/go-valf-logo.png","contentUrl":"https:\/\/govalf.com\/wp-content\/uploads\/2022\/02\/go-valf-logo.png","width":504,"height":120,"caption":"Go Valf"},"image":{"@id":"http:\/\/govalf.com\/ru\/#\/schema\/logo\/image\/"}}]}},"_links":{"self":[{"href":"http:\/\/govalf.com\/fr\/wp-json\/wp\/v2\/product\/4284","targetHints":{"allow":["GET"]}}],"collection":[{"href":"http:\/\/govalf.com\/fr\/wp-json\/wp\/v2\/product"}],"about":[{"href":"http:\/\/govalf.com\/fr\/wp-json\/wp\/v2\/types\/product"}],"replies":[{"embeddable":true,"href":"http:\/\/govalf.com\/fr\/wp-json\/wp\/v2\/comments?post=4284"}],"wp:featuredmedia":[{"embeddable":true,"href":"http:\/\/govalf.com\/fr\/wp-json\/wp\/v2\/media\/6762"}],"wp:attachment":[{"href":"http:\/\/govalf.com\/fr\/wp-json\/wp\/v2\/media?parent=4284"}],"wp:term":[{"taxonomy":"product_brand","embeddable":true,"href":"http:\/\/govalf.com\/fr\/wp-json\/wp\/v2\/product_brand?post=4284"},{"taxonomy":"product_cat","embeddable":true,"href":"http:\/\/govalf.com\/fr\/wp-json\/wp\/v2\/product_cat?post=4284"},{"taxonomy":"product_tag","embeddable":true,"href":"http:\/\/govalf.com\/fr\/wp-json\/wp\/v2\/product_tag?post=4284"}],"curies":[{"name":"wp","href":"https:\/\/api.w.org\/{rel}","templated":true}]}}