{"id":4285,"date":"2022-02-18T06:29:12","date_gmt":"2022-03-22T12:12:32","guid":{"rendered":"https:\/\/govalf.com\/product\/tuyaux-de-raccordement-pour-gicleurs\/"},"modified":"2022-07-20T08:40:12","modified_gmt":"2022-07-20T08:40:12","slug":"tuyaux-de-raccordement-pour-gicleurs","status":"publish","type":"product","link":"http:\/\/govalf.com\/fr\/product\/tuyaux-de-raccordement-pour-gicleurs\/","title":{"rendered":"Tuyaux de Raccordement Pour Gicleurs"},"content":{"rendered":"<p>Tuyaux de raccordement pour gicleurs; Les tuyaux de raccordement aux gicleurs sont les premiers intervenants lorsque le syst\u00e8me d&rsquo;extinction d&rsquo;incendie est activ\u00e9 en cas d&rsquo;incendie potentiel. Les tuyaux de raccordement, \u00e9tant l&rsquo;une des parties les plus importantes des syst\u00e8mes d&rsquo;extinction d&rsquo;incendie, ont une structure flexible. Gr\u00e2ce \u00e0 ses structures flexibles, il a \u00e9galement la capacit\u00e9 d&rsquo;amortir les mouvements du sol. Le tuyau de raccordement des gicleurs, qui est principalement mont\u00e9 au plafond dans les zones en hauteur, tire son \u00e9nergie fluidique de l&rsquo;installation \u00e0 laquelle il est connect\u00e9. En g\u00e9n\u00e9ral, le syst\u00e8me de gicleurs est le syst\u00e8me le plus couramment pr\u00e9f\u00e9r\u00e9 pour la lutte contre les incendies aujourd&rsquo;hui. Ces syst\u00e8mes, qui peuvent \u00eatre utilis\u00e9s dans presque toutes les zones o\u00f9 il est difficile d&rsquo;intervenir en cas d&rsquo;incendie, r\u00e9agissent instantan\u00e9ment et rapidement \u00e0 l&rsquo;incendie.<\/p>\n<h2>Que sont les tuyaux de raccordement pour gicleurs et \u00e0 quoi servent-ils\u00a0?<\/h2>\n<p>Les tuyaux de raccordement aux gicleurs se trouvent dans le syst\u00e8me de gicleurs; Ce sont des \u00e9l\u00e9ments flexibles qui relient la ligne incendie et le syst\u00e8me. La t\u00e2che la plus fondamentale des tuyaux de raccordement est de fournir un \u00e9coulement de fluide et d&rsquo;effectuer un amortissement dans le syst\u00e8me avec sa flexibilit\u00e9. Les tuyaux d&rsquo;arrosage en acier inoxydable ont une structure durable.<\/p>\n<p>Une autre fonction des flexibles de raccordement pour gicleurs est d&rsquo;augmenter la s\u00e9curit\u00e9 globale du syst\u00e8me et d&rsquo;assurer un fonctionnement sans probl\u00e8me. De plus, ils sont extr\u00eamement faciles et rapides \u00e0 monter, ce qui offre \u00e9galement un confort d&rsquo;utilisation. En m\u00eame temps, il pr\u00e9sente un haut niveau de r\u00e9sistance et de durabilit\u00e9 contre des effets tels que la corrosion caus\u00e9e par le liquide restant longtemps dans le syst\u00e8me.<\/p>\n<h2>Que sont les tuyaux de raccordement pour gicleurs\u00a0?<\/h2>\n<p>Les tuyaux de raccordement des gicleurs sont les pi\u00e8ces qui assurent la connexion dans les conduites rigides des syst\u00e8mes d&rsquo;extinction d&rsquo;incendie. Ils ont une structure tr\u00e8s flexible. Avec ces caract\u00e9ristiques, ils montrent \u00e9galement la capacit\u00e9 d&rsquo;absorber les contraintes accumul\u00e9es dans l&rsquo;installation. Un autre nom est les tuyaux flexibles d&rsquo;extinction d&rsquo;incendie.<\/p>\n<p>Les flexibles de raccordement aux gicleurs pr\u00e9sentent de nombreux avantages. Cela permet d&rsquo;\u00e9conomiser du travail, du temps et de l&rsquo;argent, en particulier contre les \u00e9ventuels dysfonctionnements pouvant survenir dans le syst\u00e8me. Il permet d&rsquo;\u00e9liminer les \u00e9ventuels dysfonctionnements pouvant survenir dans la zone de raccordement ou dans le reste de l&rsquo;installation, ou d&rsquo;effectuer plus facilement des applications de routine telles que la maintenance. Ainsi, il offre l&rsquo;avantage d&rsquo;\u00e9conomiser une quantit\u00e9 importante de main-d&rsquo;\u0153uvre.<\/p>\n<h2>\u00c0 quoi servent les tuyaux de raccordement des arroseurs\u00a0?<\/h2>\n<p>Les tuyaux de raccordement aux gicleurs ont pour fonction de fournir une connexion afin d&rsquo;\u00e9liminer les risques \u00e9ventuels pouvant survenir dans les conduites de l&rsquo;installation de gicleurs. Les flexibles de raccordement, qui permettent de n&rsquo;intervenir qu&rsquo;en r\u00e9gion au lieu d&rsquo;intervenir sur l&rsquo;ensemble du syst\u00e8me en cas d&rsquo;\u00e9ventuels dysfonctionnements, contribuent \u00e9galement \u00e0 la s\u00e9curit\u00e9 du syst\u00e8me gr\u00e2ce \u00e0 leurs structures souples. Ces maisons, qui ont de nombreuses fonctions, promettent \u00e9galement des avantages significatifs en termes de co\u00fbt.<\/p>\n<p>De plus, les flexibles de raccordement des arroseurs n&rsquo;ont pas besoin d&rsquo;\u00eatre chang\u00e9s en fonction de l&rsquo;augmentation du niveau de pression dans l&rsquo;installation. Ces attaches peuvent rester dans la m\u00eame position malgr\u00e9 le changement d&rsquo;\u00e9quilibre de pression en s&rsquo;adaptant au syst\u00e8me. Gr\u00e2ce \u00e0 leur structure en acier inoxydable, ils sont tr\u00e8s r\u00e9sistants aux hautes temp\u00e9ratures. Ils sont tr\u00e8s peu co\u00fbteux en termes de co\u00fbt, car les processus d&rsquo;assemblage peuvent \u00eatre compl\u00e9t\u00e9s facilement.<\/p>\n<h2>O\u00f9 sont utilis\u00e9s les tuyaux de raccordement des gicleurs\u00a0?<\/h2>\n<p>Les flexibles de raccordement aux arroseurs ont une pression de service allant jusqu&rsquo;\u00e0 16 bar. Les tuyaux de raccordement avec un rayon de courbure allant jusqu&rsquo;\u00e0 200 mm couvrent aujourd&rsquo;hui un large \u00e9ventail d&rsquo;utilisations. Il est possible de les utiliser facilement dans presque tous les domaines o\u00f9 il y a des canalisations rigides dans les installations d&rsquo;incendie. Surtout dans les espaces publics, des tuyaux de raccordement sont n\u00e9cessaires pour assurer la s\u00e9curit\u00e9 globale de l&rsquo;installation de gicleurs. Les zones o\u00f9 le syst\u00e8me d&rsquo;arrosage et donc les flexibles de raccordement sont utilis\u00e9s peuvent \u00eatre exprim\u00e9es comme suit :<\/p>\n<ul>\n<li>H\u00f4pitaux, centres d&rsquo;affaires et espaces publics,<\/li>\n<li>\u00c9tablissements d&rsquo;enseignement, divers \u00e9tablissements de sant\u00e9,<\/li>\n<li>Sites de production, usines,<\/li>\n<li>Centres commerciaux et magasins<\/li>\n<\/ul>\n<p>En dehors de ces zones, il est possible d&rsquo;utiliser le syst\u00e8me de gicleurs dans toutes sortes de situations et de zones o\u00f9 des <a href=\"https:\/\/govalf.com\/fr\/la-communication\/\">pr\u00e9cautions<\/a> contre l&rsquo;incendie sont requises.<\/p>\n","protected":false},"excerpt":{"rendered":"<p>Les syst\u00e8mes de gicleurs sont des syst\u00e8mes qui s&rsquo;activent automatiquement lors d&rsquo;un incendie et emp\u00eachent la propagation du feu en pulv\u00e9risant de l&rsquo;eau sur les flammes ou en \u00e9teignant le feu. Ces syst\u00e8mes sont plac\u00e9s pr\u00e8s du plafond des b\u00e2timents et acheminent l&rsquo;eau par le syst\u00e8me de canalisations auquel ils sont raccord\u00e9s. Les syst\u00e8mes de gicleurs sont pr\u00e9f\u00e9r\u00e9s dans les endroits o\u00f9 il est difficile ou inaccessible de tirer.<\/p>\n<p>Caract\u00e9ristiques<br \/>\nMat\u00e9riau du tuyau : AISI 316L<br \/>\nMat\u00e9riel de tricot: AISI304<br \/>\nMat\u00e9riau du raccord : St37.2<br \/>\nConnexion\u00a0: 1&Prime;\u00a0Ligne \/ 1\u20442&Prime; Arroseur<br \/>\nTuyau\u00a0: DN20 \/ DN25<br \/>\nPression de travail : 16 bars<br \/>\nRayon de courbure : Min. 200mm<br \/>\nZones d&rsquo;utilisation<br \/>\nCentres commerciaux<br \/>\nH\u00f4pitaux<br \/>\nCentres d&rsquo;affaires<br \/>\n\u00c9coles<br \/>\nDes usines<br \/>\nB\u00e2timents publiques<\/p>\n","protected":false},"featured_media":5994,"comment_status":"closed","ping_status":"closed","template":"","meta":{"_acf_changed":false},"product_brand":[],"product_cat":[119],"product_tag":[],"class_list":{"0":"post-4285","1":"product","2":"type-product","3":"status-publish","4":"has-post-thumbnail","6":"product_cat-compensateur-de-dilatation","8":"first","9":"instock","10":"shipping-taxable","11":"purchasable","12":"product-type-simple"},"acf":[],"yoast_head":"<!-- This site is optimized with the Yoast SEO plugin v27.4 - https:\/\/yoast.com\/product\/yoast-seo-wordpress\/ -->\n<title>Tuyaux de Raccordement Pour Gicleurs - GOVALF<\/title>\n<meta name=\"description\" content=\"Tuyaux de raccordement pour gicleurs; Les tuyaux de raccordement aux gicleurs sont les premiers intervenants lorsque le syst\u00e8me\" \/>\n<meta name=\"robots\" content=\"index, follow, max-snippet:-1, max-image-preview:large, max-video-preview:-1\" \/>\n<link rel=\"canonical\" href=\"http:\/\/govalf.com\/fr\/product\/tuyaux-de-raccordement-pour-gicleurs\/\" \/>\n<meta property=\"og:locale\" content=\"fr_FR\" \/>\n<meta property=\"og:type\" content=\"article\" \/>\n<meta property=\"og:title\" content=\"Tuyaux de Raccordement Pour Gicleurs - GOVALF\" \/>\n<meta property=\"og:description\" content=\"Tuyaux de raccordement pour gicleurs; Les tuyaux de raccordement aux gicleurs sont les premiers intervenants lorsque le syst\u00e8me\" \/>\n<meta property=\"og:url\" content=\"http:\/\/govalf.com\/fr\/product\/tuyaux-de-raccordement-pour-gicleurs\/\" \/>\n<meta property=\"og:site_name\" content=\"Go Valf Vana ve Pompa Sistemleri\" \/>\n<meta property=\"article:modified_time\" content=\"2022-07-20T08:40:12+00:00\" \/>\n<meta property=\"og:image\" content=\"http:\/\/govalf.com\/wp-content\/uploads\/2022\/02\/Tuyaux-de-raccordement-pour-gicleurs.png\" \/>\n\t<meta property=\"og:image:width\" content=\"880\" \/>\n\t<meta property=\"og:image:height\" content=\"730\" \/>\n\t<meta property=\"og:image:type\" content=\"image\/png\" \/>\n<meta name=\"twitter:card\" content=\"summary_large_image\" \/>\n<meta name=\"twitter:label1\" content=\"Dur\u00e9e de lecture estim\u00e9e\" \/>\n\t<meta name=\"twitter:data1\" content=\"1 minute\" \/>\n<script type=\"application\/ld+json\" class=\"yoast-schema-graph\">{\"@context\":\"https:\\\/\\\/schema.org\",\"@graph\":[{\"@type\":\"WebPage\",\"@id\":\"http:\\\/\\\/govalf.com\\\/fr\\\/product\\\/tuyaux-de-raccordement-pour-gicleurs\\\/\",\"url\":\"http:\\\/\\\/govalf.com\\\/fr\\\/product\\\/tuyaux-de-raccordement-pour-gicleurs\\\/\",\"name\":\"Tuyaux de Raccordement Pour Gicleurs - GOVALF\",\"isPartOf\":{\"@id\":\"http:\\\/\\\/govalf.com\\\/ru\\\/#website\"},\"primaryImageOfPage\":{\"@id\":\"http:\\\/\\\/govalf.com\\\/fr\\\/product\\\/tuyaux-de-raccordement-pour-gicleurs\\\/#primaryimage\"},\"image\":{\"@id\":\"http:\\\/\\\/govalf.com\\\/fr\\\/product\\\/tuyaux-de-raccordement-pour-gicleurs\\\/#primaryimage\"},\"thumbnailUrl\":\"http:\\\/\\\/govalf.com\\\/wp-content\\\/uploads\\\/2022\\\/02\\\/Tuyaux-de-raccordement-pour-gicleurs.png\",\"datePublished\":\"2022-03-22T12:12:32+00:00\",\"dateModified\":\"2022-07-20T08:40:12+00:00\",\"description\":\"Tuyaux de raccordement pour gicleurs; Les tuyaux de raccordement aux gicleurs sont les premiers intervenants lorsque le syst\u00e8me\",\"breadcrumb\":{\"@id\":\"http:\\\/\\\/govalf.com\\\/fr\\\/product\\\/tuyaux-de-raccordement-pour-gicleurs\\\/#breadcrumb\"},\"inLanguage\":\"fr-FR\",\"potentialAction\":[{\"@type\":\"ReadAction\",\"target\":[\"http:\\\/\\\/govalf.com\\\/fr\\\/product\\\/tuyaux-de-raccordement-pour-gicleurs\\\/\"]}]},{\"@type\":\"ImageObject\",\"inLanguage\":\"fr-FR\",\"@id\":\"http:\\\/\\\/govalf.com\\\/fr\\\/product\\\/tuyaux-de-raccordement-pour-gicleurs\\\/#primaryimage\",\"url\":\"http:\\\/\\\/govalf.com\\\/wp-content\\\/uploads\\\/2022\\\/02\\\/Tuyaux-de-raccordement-pour-gicleurs.png\",\"contentUrl\":\"http:\\\/\\\/govalf.com\\\/wp-content\\\/uploads\\\/2022\\\/02\\\/Tuyaux-de-raccordement-pour-gicleurs.png\",\"width\":880,\"height\":730,\"caption\":\"Tuyaux de raccordement pour gicleurs\"},{\"@type\":\"BreadcrumbList\",\"@id\":\"http:\\\/\\\/govalf.com\\\/fr\\\/product\\\/tuyaux-de-raccordement-pour-gicleurs\\\/#breadcrumb\",\"itemListElement\":[{\"@type\":\"ListItem\",\"position\":1,\"name\":\"Anasayfa\",\"item\":\"http:\\\/\\\/govalf.com\\\/fr\\\/\"},{\"@type\":\"ListItem\",\"position\":2,\"name\":\"Products\",\"item\":\"http:\\\/\\\/govalf.com\\\/fr\\\/des-produits\\\/\"},{\"@type\":\"ListItem\",\"position\":3,\"name\":\"Tuyaux de Raccordement Pour Gicleurs\"}]},{\"@type\":\"WebSite\",\"@id\":\"http:\\\/\\\/govalf.com\\\/ru\\\/#website\",\"url\":\"http:\\\/\\\/govalf.com\\\/ru\\\/\",\"name\":\"Go Valf Vana ve Pompa Sistemleri\",\"description\":\"Yang\u0131n S\u00f6nd\u00fcrme Sistemleri ve Ekipmanlar\u0131\",\"publisher\":{\"@id\":\"http:\\\/\\\/govalf.com\\\/ru\\\/#organization\"},\"potentialAction\":[{\"@type\":\"SearchAction\",\"target\":{\"@type\":\"EntryPoint\",\"urlTemplate\":\"http:\\\/\\\/govalf.com\\\/ru\\\/?s={search_term_string}\"},\"query-input\":{\"@type\":\"PropertyValueSpecification\",\"valueRequired\":true,\"valueName\":\"search_term_string\"}}],\"inLanguage\":\"fr-FR\"},{\"@type\":\"Organization\",\"@id\":\"http:\\\/\\\/govalf.com\\\/ru\\\/#organization\",\"name\":\"Go Valf\",\"url\":\"http:\\\/\\\/govalf.com\\\/ru\\\/\",\"logo\":{\"@type\":\"ImageObject\",\"inLanguage\":\"fr-FR\",\"@id\":\"http:\\\/\\\/govalf.com\\\/ru\\\/#\\\/schema\\\/logo\\\/image\\\/\",\"url\":\"https:\\\/\\\/govalf.com\\\/wp-content\\\/uploads\\\/2022\\\/02\\\/go-valf-logo.png\",\"contentUrl\":\"https:\\\/\\\/govalf.com\\\/wp-content\\\/uploads\\\/2022\\\/02\\\/go-valf-logo.png\",\"width\":504,\"height\":120,\"caption\":\"Go Valf\"},\"image\":{\"@id\":\"http:\\\/\\\/govalf.com\\\/ru\\\/#\\\/schema\\\/logo\\\/image\\\/\"}}]}<\/script>\n<!-- \/ Yoast SEO plugin. -->","yoast_head_json":{"title":"Tuyaux de Raccordement Pour Gicleurs - GOVALF","description":"Tuyaux de raccordement pour gicleurs; Les tuyaux de raccordement aux gicleurs sont les premiers intervenants lorsque le syst\u00e8me","robots":{"index":"index","follow":"follow","max-snippet":"max-snippet:-1","max-image-preview":"max-image-preview:large","max-video-preview":"max-video-preview:-1"},"canonical":"http:\/\/govalf.com\/fr\/product\/tuyaux-de-raccordement-pour-gicleurs\/","og_locale":"fr_FR","og_type":"article","og_title":"Tuyaux de Raccordement Pour Gicleurs - GOVALF","og_description":"Tuyaux de raccordement pour gicleurs; Les tuyaux de raccordement aux gicleurs sont les premiers intervenants lorsque le syst\u00e8me","og_url":"http:\/\/govalf.com\/fr\/product\/tuyaux-de-raccordement-pour-gicleurs\/","og_site_name":"Go Valf Vana ve Pompa Sistemleri","article_modified_time":"2022-07-20T08:40:12+00:00","og_image":[{"width":880,"height":730,"url":"http:\/\/govalf.com\/wp-content\/uploads\/2022\/02\/Tuyaux-de-raccordement-pour-gicleurs.png","type":"image\/png"}],"twitter_card":"summary_large_image","twitter_misc":{"Dur\u00e9e de lecture estim\u00e9e":"1 minute"},"schema":{"@context":"https:\/\/schema.org","@graph":[{"@type":"WebPage","@id":"http:\/\/govalf.com\/fr\/product\/tuyaux-de-raccordement-pour-gicleurs\/","url":"http:\/\/govalf.com\/fr\/product\/tuyaux-de-raccordement-pour-gicleurs\/","name":"Tuyaux de Raccordement Pour Gicleurs - GOVALF","isPartOf":{"@id":"http:\/\/govalf.com\/ru\/#website"},"primaryImageOfPage":{"@id":"http:\/\/govalf.com\/fr\/product\/tuyaux-de-raccordement-pour-gicleurs\/#primaryimage"},"image":{"@id":"http:\/\/govalf.com\/fr\/product\/tuyaux-de-raccordement-pour-gicleurs\/#primaryimage"},"thumbnailUrl":"http:\/\/govalf.com\/wp-content\/uploads\/2022\/02\/Tuyaux-de-raccordement-pour-gicleurs.png","datePublished":"2022-03-22T12:12:32+00:00","dateModified":"2022-07-20T08:40:12+00:00","description":"Tuyaux de raccordement pour gicleurs; Les tuyaux de raccordement aux gicleurs sont les premiers intervenants lorsque le syst\u00e8me","breadcrumb":{"@id":"http:\/\/govalf.com\/fr\/product\/tuyaux-de-raccordement-pour-gicleurs\/#breadcrumb"},"inLanguage":"fr-FR","potentialAction":[{"@type":"ReadAction","target":["http:\/\/govalf.com\/fr\/product\/tuyaux-de-raccordement-pour-gicleurs\/"]}]},{"@type":"ImageObject","inLanguage":"fr-FR","@id":"http:\/\/govalf.com\/fr\/product\/tuyaux-de-raccordement-pour-gicleurs\/#primaryimage","url":"http:\/\/govalf.com\/wp-content\/uploads\/2022\/02\/Tuyaux-de-raccordement-pour-gicleurs.png","contentUrl":"http:\/\/govalf.com\/wp-content\/uploads\/2022\/02\/Tuyaux-de-raccordement-pour-gicleurs.png","width":880,"height":730,"caption":"Tuyaux de raccordement pour gicleurs"},{"@type":"BreadcrumbList","@id":"http:\/\/govalf.com\/fr\/product\/tuyaux-de-raccordement-pour-gicleurs\/#breadcrumb","itemListElement":[{"@type":"ListItem","position":1,"name":"Anasayfa","item":"http:\/\/govalf.com\/fr\/"},{"@type":"ListItem","position":2,"name":"Products","item":"http:\/\/govalf.com\/fr\/des-produits\/"},{"@type":"ListItem","position":3,"name":"Tuyaux de Raccordement Pour Gicleurs"}]},{"@type":"WebSite","@id":"http:\/\/govalf.com\/ru\/#website","url":"http:\/\/govalf.com\/ru\/","name":"Go Valf Vana ve Pompa Sistemleri","description":"Yang\u0131n S\u00f6nd\u00fcrme Sistemleri ve Ekipmanlar\u0131","publisher":{"@id":"http:\/\/govalf.com\/ru\/#organization"},"potentialAction":[{"@type":"SearchAction","target":{"@type":"EntryPoint","urlTemplate":"http:\/\/govalf.com\/ru\/?s={search_term_string}"},"query-input":{"@type":"PropertyValueSpecification","valueRequired":true,"valueName":"search_term_string"}}],"inLanguage":"fr-FR"},{"@type":"Organization","@id":"http:\/\/govalf.com\/ru\/#organization","name":"Go Valf","url":"http:\/\/govalf.com\/ru\/","logo":{"@type":"ImageObject","inLanguage":"fr-FR","@id":"http:\/\/govalf.com\/ru\/#\/schema\/logo\/image\/","url":"https:\/\/govalf.com\/wp-content\/uploads\/2022\/02\/go-valf-logo.png","contentUrl":"https:\/\/govalf.com\/wp-content\/uploads\/2022\/02\/go-valf-logo.png","width":504,"height":120,"caption":"Go Valf"},"image":{"@id":"http:\/\/govalf.com\/ru\/#\/schema\/logo\/image\/"}}]}},"_links":{"self":[{"href":"http:\/\/govalf.com\/fr\/wp-json\/wp\/v2\/product\/4285","targetHints":{"allow":["GET"]}}],"collection":[{"href":"http:\/\/govalf.com\/fr\/wp-json\/wp\/v2\/product"}],"about":[{"href":"http:\/\/govalf.com\/fr\/wp-json\/wp\/v2\/types\/product"}],"replies":[{"embeddable":true,"href":"http:\/\/govalf.com\/fr\/wp-json\/wp\/v2\/comments?post=4285"}],"wp:featuredmedia":[{"embeddable":true,"href":"http:\/\/govalf.com\/fr\/wp-json\/wp\/v2\/media\/5994"}],"wp:attachment":[{"href":"http:\/\/govalf.com\/fr\/wp-json\/wp\/v2\/media?parent=4285"}],"wp:term":[{"taxonomy":"product_brand","embeddable":true,"href":"http:\/\/govalf.com\/fr\/wp-json\/wp\/v2\/product_brand?post=4285"},{"taxonomy":"product_cat","embeddable":true,"href":"http:\/\/govalf.com\/fr\/wp-json\/wp\/v2\/product_cat?post=4285"},{"taxonomy":"product_tag","embeddable":true,"href":"http:\/\/govalf.com\/fr\/wp-json\/wp\/v2\/product_tag?post=4285"}],"curies":[{"name":"wp","href":"https:\/\/api.w.org\/{rel}","templated":true}]}}