{"id":4291,"date":"2022-02-17T19:43:52","date_gmt":"2022-03-22T12:14:38","guid":{"rendered":"https:\/\/govalf.com\/product\/automatique-air-air-air\/"},"modified":"2022-08-15T12:02:44","modified_gmt":"2022-08-15T12:02:44","slug":"automatique-purgeur","status":"publish","type":"product","link":"http:\/\/govalf.com\/fr\/product\/automatique-purgeur\/","title":{"rendered":"Automatique Purgeur"},"content":{"rendered":"<p>Automatique Purgeur; Robinet de purge d&rsquo;air automatique; Le purgeur d&rsquo;air automatique est l&rsquo;\u00e9quipement qui permet \u00e0 l&rsquo;air des syst\u00e8mes de chauffage et de ventilation d&rsquo;\u00eatre \u00e9vacu\u00e9 du syst\u00e8me. \u00c9tant donn\u00e9 que l&rsquo;air du syst\u00e8me est automatiquement \u00e9limin\u00e9 du syst\u00e8me, les bruits ind\u00e9sirables ou la cavitation dans la pompe sont \u00e9vit\u00e9s. De plus, les d\u00e9s\u00e9quilibres thermiques pouvant survenir dans les unit\u00e9s de chauffage sont \u00e9limin\u00e9s.<\/p>\n<p>Dans les syst\u00e8mes \u00e0 circuit ferm\u00e9, de l&rsquo;air peut rester dans le syst\u00e8me pour diverses raisons, ce qui emp\u00eache le syst\u00e8me de fonctionner efficacement. Par cons\u00e9quent, il est tr\u00e8s important d&rsquo;\u00e9vacuer l&rsquo;air du syst\u00e8me. Le robinet de purge d&rsquo;air automatique de la cat\u00e9gorie des vannes en laiton garantit que l&rsquo;air du syst\u00e8me est \u00e9limin\u00e9 et que les probl\u00e8mes existants sont \u00e9limin\u00e9s. Par cons\u00e9quent, il est possible d&rsquo;affirmer que les domaines d&rsquo;utilisation des purgeurs d&rsquo;air automatiques sont assez larges.<\/p>\n<p>Qu&rsquo;est-ce que le robinet de d\u00e9charge d&rsquo;air automatique, \u00e0 quoi sert-il\u00a0?<\/p>\n<p>C&rsquo;est un produit utilis\u00e9 dans les syst\u00e8mes de chauffage ainsi que dans les syst\u00e8mes de purge d&rsquo;air automatique en laiton forg\u00e9 \u00e0 chaud. Le principe de fonctionnement du produit, qui \u00e9vacue automatiquement l&rsquo;air du syst\u00e8me, est assez simple. Un flotteur et un bras de levier sont n\u00e9cessaires dans le processus de ventilation.<\/p>\n<p>Les deux parties permettent au syst\u00e8me de fonctionner efficacement pour \u00e9liminer l&rsquo;air. Le robinet de purge d&rsquo;air agit sur le flotteur avec l&rsquo;air accumul\u00e9 dans son corps. Cela d\u00e9clenche le flotteur vers le bas. Apr\u00e8s chaque pas, la bouche d&rsquo;air s&rsquo;ouvre.<\/p>\n<p>Avec l&rsquo;\u00e9vacuation de l&rsquo;air, le fluide dans le syst\u00e8me commence \u00e0 monter en remplissant le corps de l&rsquo;\u00e9vent. Ensuite, la bouche d&rsquo;a\u00e9ration est ferm\u00e9e. Chacune des \u00e9tapes mentionn\u00e9es garantit que l&rsquo;air du syst\u00e8me est efficacement \u00e9limin\u00e9 du syst\u00e8me.<\/p>\n<p>Qu&rsquo;est-ce que le robinet de d\u00e9charge d&rsquo;air automatique\u00a0?<\/p>\n<p>Le robinet de purge d&rsquo;air automatique est une sorte de purge d&rsquo;air. On constate qu&rsquo;il peut subsister de l&rsquo;air dans le syst\u00e8me en cas de manque d&rsquo;eau dans une installation en circuit ferm\u00e9 ou lors du remplissage de l&rsquo;installation de chauffage. \u00c9tant donn\u00e9 que cette situation emp\u00eache le bon fonctionnement du syst\u00e8me, l&rsquo;air de l&rsquo;installation doit \u00eatre \u00e9vacu\u00e9 de mani\u00e8re efficace.<\/p>\n<p>Les robinets de d\u00e9charge d&rsquo;air \u00e0 fonctionnement automatique sont activ\u00e9s en cas d&rsquo;air dans le syst\u00e8me et permettent un mouvement vers le bas du flotteur. Apr\u00e8s cette \u00e9tape, les canaux d&rsquo;\u00e9vacuation d&rsquo;air sont inclin\u00e9s et l&rsquo;air du syst\u00e8me est extrait du syst\u00e8me sans aucun probl\u00e8me. Une fois l&rsquo;\u00e9vacuation de l&rsquo;air termin\u00e9e, les canaux d&rsquo;\u00e9vacuation de l&rsquo;air sont ferm\u00e9s.<\/p>\n<p>Que fait le robinet de purge d&rsquo;air automatique\u00a0?<\/p>\n<p>Il est utilis\u00e9 comme robinet de purge d&rsquo;air automatique, utilis\u00e9 dans les syst\u00e8mes en circuit ferm\u00e9 avec ses caract\u00e9ristiques innovantes. Il est tr\u00e8s important qu&rsquo;ils soient toujours au sommet du syst\u00e8me dans lequel ils sont utilis\u00e9s. Le produit, qui fonctionne automatiquement, prend en charge le transfert d&rsquo;air dans le syst\u00e8me qui cause des probl\u00e8mes dans le syst\u00e8me.<\/p>\n<p>Les robinets de purge d&rsquo;air automatiques, qui sont produits efficacement et ont une fonction d&rsquo;\u00e9tanch\u00e9it\u00e9, ont une large zone d&rsquo;utilisation. Le produit est g\u00e9n\u00e9ralement connu pour fournir une assistance sur les probl\u00e8mes suivants:<\/p>\n<p>&nbsp;<\/p>\n<ul>\n<li>Il \u00e9vacue automatiquement l&rsquo;air des syst\u00e8mes de chauffage et de ventilation.<\/li>\n<li>La corrosion des appareils dans le circuit est \u00e9vit\u00e9e.<\/li>\n<li>Les d\u00e9s\u00e9quilibres thermiques r\u00e9gionaux qui peuvent survenir dans les unit\u00e9s de chauffage sont \u00e9vit\u00e9s.<\/li>\n<li>Les bruits ind\u00e9sirables susceptibles de se produire dans le syst\u00e8me sont \u00e9vit\u00e9s.<\/li>\n<li>Les cavitations pouvant se produire dans la pompe sont \u00e9vit\u00e9es.<\/li>\n<\/ul>\n<p>O\u00f9 est utilis\u00e9 le robinet de purge d&rsquo;air automatique\u00a0?<\/p>\n<p>Le purgeur d&rsquo;air automatique, qui assure l&rsquo;\u00e9vacuation de l&rsquo;air du syst\u00e8me, est un \u00e9quipement utilis\u00e9 dans de nombreux domaines. Gr\u00e2ce \u00e0 son principe de fonctionnement de base, il \u00e9vite les probl\u00e8mes a\u00e9riens dans le syst\u00e8me. Domaines d&rsquo;utilisation g\u00e9n\u00e9raux;<\/p>\n<ul>\n<li>Syst\u00e8mes de chauffage en circuit ferm\u00e9<\/li>\n<li>Le point le plus \u00e9lev\u00e9 de chaque ligne de colonne dans les grands b\u00e2timents tels que les appartements<\/li>\n<li>Point culminant des installations de chauffage<\/li>\n<\/ul>\n<p>Il est recommand\u00e9 de mettre de l&rsquo;air sous le robinet de purge d&rsquo;air automatique utilis\u00e9 dans cette zone et dans des zones similaires. De cette mani\u00e8re, il devient possible de collecter l&rsquo;air plus rapidement et de l&rsquo;expulser en s\u00e9rie. On sait que les bouches d&rsquo;a\u00e9ration automatiques, qui peuvent \u00eatre utilis\u00e9es dans les zones industrielles, sont \u00e9galement fr\u00e9quemment pr\u00e9f\u00e9r\u00e9es dans les r\u00e9sidences. Il est possible d&rsquo;affirmer que le produit attire l&rsquo;attention avec ses caract\u00e9ristiques innovantes et son infrastructure technologique.<\/p>\n<p>&nbsp;<\/p>\n<p>EXPLICATION<\/p>\n<p>Souffleur automatique.<br \/>\nRiz forg\u00e9 \u00e0 chaud.<br \/>\nMax. pression de service : 10 bars.<br \/>\nMax. pression de refoulement : 6 bars.<br \/>\nMax. temp\u00e9rature de fonctionnement : 115\u00b0C.<\/p>\n","protected":false},"excerpt":{"rendered":"<p>Automatique Purgeur; Robinet de purge d&rsquo;air automatique; Le purgeur d&rsquo;air automatique est l&rsquo;\u00e9quipement qui permet \u00e0 l&rsquo;air des syst\u00e8mes de chauffage et de ventilation d&rsquo;\u00eatre \u00e9vacu\u00e9 du syst\u00e8me. \u00c9tant donn\u00e9 que l&rsquo;air du syst\u00e8me est automatiquement \u00e9limin\u00e9 du syst\u00e8me, les bruits ind\u00e9sirables ou la cavitation dans la pompe sont \u00e9vit\u00e9s. De plus, les d\u00e9s\u00e9quilibres thermiques [&hellip;]<\/p>\n","protected":false},"featured_media":6778,"comment_status":"closed","ping_status":"closed","template":"","meta":{"_acf_changed":false},"product_brand":[],"product_cat":[120],"product_tag":[],"class_list":{"0":"post-4291","1":"product","2":"type-product","3":"status-publish","4":"has-post-thumbnail","6":"product_cat-soupape-en-laiton","8":"first","9":"instock","10":"shipping-taxable","11":"purchasable","12":"product-type-simple"},"acf":[],"yoast_head":"<!-- This site is optimized with the Yoast SEO plugin v27.4 - https:\/\/yoast.com\/product\/yoast-seo-wordpress\/ -->\n<title>Automatique Purgeur - Go Valf Vana ve Pompa Sistemleri<\/title>\n<meta name=\"description\" content=\"Robinet de purge d&#039;air automatique; Le purgeur d&#039;air automatique est l&#039;\u00e9quipement qui permet \u00e0 l&#039;air des syst\u00e8mes de chauffage Automatique Purgeur\" \/>\n<meta name=\"robots\" content=\"index, follow, max-snippet:-1, max-image-preview:large, max-video-preview:-1\" \/>\n<link rel=\"canonical\" href=\"https:\/\/govalf.com\/fr\/product\/automatique-purgeur\/\" \/>\n<meta property=\"og:locale\" content=\"fr_FR\" \/>\n<meta property=\"og:type\" content=\"article\" \/>\n<meta property=\"og:title\" content=\"Automatique Purgeur - Go Valf Vana ve Pompa Sistemleri\" \/>\n<meta property=\"og:description\" content=\"Robinet de purge d&#039;air automatique; Le purgeur d&#039;air automatique est l&#039;\u00e9quipement qui permet \u00e0 l&#039;air des syst\u00e8mes de chauffage Automatique Purgeur\" \/>\n<meta property=\"og:url\" content=\"https:\/\/govalf.com\/fr\/product\/automatique-purgeur\/\" \/>\n<meta property=\"og:site_name\" content=\"Go Valf Vana ve Pompa Sistemleri\" \/>\n<meta property=\"article:modified_time\" content=\"2022-08-15T12:02:44+00:00\" \/>\n<meta property=\"og:image\" content=\"https:\/\/govalf.com\/wp-content\/uploads\/2022\/02\/Robinet-de-purge-dair-automatique.png\" \/>\n\t<meta property=\"og:image:width\" content=\"768\" \/>\n\t<meta property=\"og:image:height\" content=\"768\" \/>\n\t<meta property=\"og:image:type\" content=\"image\/png\" \/>\n<meta name=\"twitter:card\" content=\"summary_large_image\" \/>\n<meta name=\"twitter:label1\" content=\"Dur\u00e9e de lecture estim\u00e9e\" \/>\n\t<meta name=\"twitter:data1\" content=\"1 minute\" \/>\n<script type=\"application\/ld+json\" class=\"yoast-schema-graph\">{\"@context\":\"https:\\\/\\\/schema.org\",\"@graph\":[{\"@type\":\"WebPage\",\"@id\":\"https:\\\/\\\/govalf.com\\\/fr\\\/product\\\/automatique-purgeur\\\/\",\"url\":\"https:\\\/\\\/govalf.com\\\/fr\\\/product\\\/automatique-purgeur\\\/\",\"name\":\"Automatique Purgeur - Go Valf Vana ve Pompa Sistemleri\",\"isPartOf\":{\"@id\":\"http:\\\/\\\/govalf.com\\\/ru\\\/#website\"},\"primaryImageOfPage\":{\"@id\":\"https:\\\/\\\/govalf.com\\\/fr\\\/product\\\/automatique-purgeur\\\/#primaryimage\"},\"image\":{\"@id\":\"https:\\\/\\\/govalf.com\\\/fr\\\/product\\\/automatique-purgeur\\\/#primaryimage\"},\"thumbnailUrl\":\"http:\\\/\\\/govalf.com\\\/wp-content\\\/uploads\\\/2022\\\/02\\\/Robinet-de-purge-dair-automatique.png\",\"datePublished\":\"2022-03-22T12:14:38+00:00\",\"dateModified\":\"2022-08-15T12:02:44+00:00\",\"description\":\"Robinet de purge d'air automatique; Le purgeur d'air automatique est l'\u00e9quipement qui permet \u00e0 l'air des syst\u00e8mes de chauffage Automatique Purgeur\",\"breadcrumb\":{\"@id\":\"https:\\\/\\\/govalf.com\\\/fr\\\/product\\\/automatique-purgeur\\\/#breadcrumb\"},\"inLanguage\":\"fr-FR\",\"potentialAction\":[{\"@type\":\"ReadAction\",\"target\":[\"https:\\\/\\\/govalf.com\\\/fr\\\/product\\\/automatique-purgeur\\\/\"]}]},{\"@type\":\"ImageObject\",\"inLanguage\":\"fr-FR\",\"@id\":\"https:\\\/\\\/govalf.com\\\/fr\\\/product\\\/automatique-purgeur\\\/#primaryimage\",\"url\":\"http:\\\/\\\/govalf.com\\\/wp-content\\\/uploads\\\/2022\\\/02\\\/Robinet-de-purge-dair-automatique.png\",\"contentUrl\":\"http:\\\/\\\/govalf.com\\\/wp-content\\\/uploads\\\/2022\\\/02\\\/Robinet-de-purge-dair-automatique.png\",\"width\":768,\"height\":768,\"caption\":\"Robinet de purge d'air automatique\"},{\"@type\":\"BreadcrumbList\",\"@id\":\"https:\\\/\\\/govalf.com\\\/fr\\\/product\\\/automatique-purgeur\\\/#breadcrumb\",\"itemListElement\":[{\"@type\":\"ListItem\",\"position\":1,\"name\":\"Anasayfa\",\"item\":\"http:\\\/\\\/govalf.com\\\/fr\\\/\"},{\"@type\":\"ListItem\",\"position\":2,\"name\":\"Products\",\"item\":\"http:\\\/\\\/govalf.com\\\/fr\\\/des-produits\\\/\"},{\"@type\":\"ListItem\",\"position\":3,\"name\":\"Automatique Purgeur\"}]},{\"@type\":\"WebSite\",\"@id\":\"http:\\\/\\\/govalf.com\\\/ru\\\/#website\",\"url\":\"http:\\\/\\\/govalf.com\\\/ru\\\/\",\"name\":\"Go Valf Vana ve Pompa Sistemleri\",\"description\":\"Yang\u0131n S\u00f6nd\u00fcrme Sistemleri ve Ekipmanlar\u0131\",\"publisher\":{\"@id\":\"http:\\\/\\\/govalf.com\\\/ru\\\/#organization\"},\"potentialAction\":[{\"@type\":\"SearchAction\",\"target\":{\"@type\":\"EntryPoint\",\"urlTemplate\":\"http:\\\/\\\/govalf.com\\\/ru\\\/?s={search_term_string}\"},\"query-input\":{\"@type\":\"PropertyValueSpecification\",\"valueRequired\":true,\"valueName\":\"search_term_string\"}}],\"inLanguage\":\"fr-FR\"},{\"@type\":\"Organization\",\"@id\":\"http:\\\/\\\/govalf.com\\\/ru\\\/#organization\",\"name\":\"Go Valf\",\"url\":\"http:\\\/\\\/govalf.com\\\/ru\\\/\",\"logo\":{\"@type\":\"ImageObject\",\"inLanguage\":\"fr-FR\",\"@id\":\"http:\\\/\\\/govalf.com\\\/ru\\\/#\\\/schema\\\/logo\\\/image\\\/\",\"url\":\"https:\\\/\\\/govalf.com\\\/wp-content\\\/uploads\\\/2022\\\/02\\\/go-valf-logo.png\",\"contentUrl\":\"https:\\\/\\\/govalf.com\\\/wp-content\\\/uploads\\\/2022\\\/02\\\/go-valf-logo.png\",\"width\":504,\"height\":120,\"caption\":\"Go Valf\"},\"image\":{\"@id\":\"http:\\\/\\\/govalf.com\\\/ru\\\/#\\\/schema\\\/logo\\\/image\\\/\"}}]}<\/script>\n<!-- \/ Yoast SEO plugin. -->","yoast_head_json":{"title":"Automatique Purgeur - Go Valf Vana ve Pompa Sistemleri","description":"Robinet de purge d'air automatique; Le purgeur d'air automatique est l'\u00e9quipement qui permet \u00e0 l'air des syst\u00e8mes de chauffage Automatique Purgeur","robots":{"index":"index","follow":"follow","max-snippet":"max-snippet:-1","max-image-preview":"max-image-preview:large","max-video-preview":"max-video-preview:-1"},"canonical":"https:\/\/govalf.com\/fr\/product\/automatique-purgeur\/","og_locale":"fr_FR","og_type":"article","og_title":"Automatique Purgeur - Go Valf Vana ve Pompa Sistemleri","og_description":"Robinet de purge d'air automatique; Le purgeur d'air automatique est l'\u00e9quipement qui permet \u00e0 l'air des syst\u00e8mes de chauffage Automatique Purgeur","og_url":"https:\/\/govalf.com\/fr\/product\/automatique-purgeur\/","og_site_name":"Go Valf Vana ve Pompa Sistemleri","article_modified_time":"2022-08-15T12:02:44+00:00","og_image":[{"width":768,"height":768,"url":"https:\/\/govalf.com\/wp-content\/uploads\/2022\/02\/Robinet-de-purge-dair-automatique.png","type":"image\/png"}],"twitter_card":"summary_large_image","twitter_misc":{"Dur\u00e9e de lecture estim\u00e9e":"1 minute"},"schema":{"@context":"https:\/\/schema.org","@graph":[{"@type":"WebPage","@id":"https:\/\/govalf.com\/fr\/product\/automatique-purgeur\/","url":"https:\/\/govalf.com\/fr\/product\/automatique-purgeur\/","name":"Automatique Purgeur - Go Valf Vana ve Pompa Sistemleri","isPartOf":{"@id":"http:\/\/govalf.com\/ru\/#website"},"primaryImageOfPage":{"@id":"https:\/\/govalf.com\/fr\/product\/automatique-purgeur\/#primaryimage"},"image":{"@id":"https:\/\/govalf.com\/fr\/product\/automatique-purgeur\/#primaryimage"},"thumbnailUrl":"http:\/\/govalf.com\/wp-content\/uploads\/2022\/02\/Robinet-de-purge-dair-automatique.png","datePublished":"2022-03-22T12:14:38+00:00","dateModified":"2022-08-15T12:02:44+00:00","description":"Robinet de purge d'air automatique; Le purgeur d'air automatique est l'\u00e9quipement qui permet \u00e0 l'air des syst\u00e8mes de chauffage Automatique Purgeur","breadcrumb":{"@id":"https:\/\/govalf.com\/fr\/product\/automatique-purgeur\/#breadcrumb"},"inLanguage":"fr-FR","potentialAction":[{"@type":"ReadAction","target":["https:\/\/govalf.com\/fr\/product\/automatique-purgeur\/"]}]},{"@type":"ImageObject","inLanguage":"fr-FR","@id":"https:\/\/govalf.com\/fr\/product\/automatique-purgeur\/#primaryimage","url":"http:\/\/govalf.com\/wp-content\/uploads\/2022\/02\/Robinet-de-purge-dair-automatique.png","contentUrl":"http:\/\/govalf.com\/wp-content\/uploads\/2022\/02\/Robinet-de-purge-dair-automatique.png","width":768,"height":768,"caption":"Robinet de purge d'air automatique"},{"@type":"BreadcrumbList","@id":"https:\/\/govalf.com\/fr\/product\/automatique-purgeur\/#breadcrumb","itemListElement":[{"@type":"ListItem","position":1,"name":"Anasayfa","item":"http:\/\/govalf.com\/fr\/"},{"@type":"ListItem","position":2,"name":"Products","item":"http:\/\/govalf.com\/fr\/des-produits\/"},{"@type":"ListItem","position":3,"name":"Automatique Purgeur"}]},{"@type":"WebSite","@id":"http:\/\/govalf.com\/ru\/#website","url":"http:\/\/govalf.com\/ru\/","name":"Go Valf Vana ve Pompa Sistemleri","description":"Yang\u0131n S\u00f6nd\u00fcrme Sistemleri ve Ekipmanlar\u0131","publisher":{"@id":"http:\/\/govalf.com\/ru\/#organization"},"potentialAction":[{"@type":"SearchAction","target":{"@type":"EntryPoint","urlTemplate":"http:\/\/govalf.com\/ru\/?s={search_term_string}"},"query-input":{"@type":"PropertyValueSpecification","valueRequired":true,"valueName":"search_term_string"}}],"inLanguage":"fr-FR"},{"@type":"Organization","@id":"http:\/\/govalf.com\/ru\/#organization","name":"Go Valf","url":"http:\/\/govalf.com\/ru\/","logo":{"@type":"ImageObject","inLanguage":"fr-FR","@id":"http:\/\/govalf.com\/ru\/#\/schema\/logo\/image\/","url":"https:\/\/govalf.com\/wp-content\/uploads\/2022\/02\/go-valf-logo.png","contentUrl":"https:\/\/govalf.com\/wp-content\/uploads\/2022\/02\/go-valf-logo.png","width":504,"height":120,"caption":"Go Valf"},"image":{"@id":"http:\/\/govalf.com\/ru\/#\/schema\/logo\/image\/"}}]}},"_links":{"self":[{"href":"http:\/\/govalf.com\/fr\/wp-json\/wp\/v2\/product\/4291","targetHints":{"allow":["GET"]}}],"collection":[{"href":"http:\/\/govalf.com\/fr\/wp-json\/wp\/v2\/product"}],"about":[{"href":"http:\/\/govalf.com\/fr\/wp-json\/wp\/v2\/types\/product"}],"replies":[{"embeddable":true,"href":"http:\/\/govalf.com\/fr\/wp-json\/wp\/v2\/comments?post=4291"}],"wp:featuredmedia":[{"embeddable":true,"href":"http:\/\/govalf.com\/fr\/wp-json\/wp\/v2\/media\/6778"}],"wp:attachment":[{"href":"http:\/\/govalf.com\/fr\/wp-json\/wp\/v2\/media?parent=4291"}],"wp:term":[{"taxonomy":"product_brand","embeddable":true,"href":"http:\/\/govalf.com\/fr\/wp-json\/wp\/v2\/product_brand?post=4291"},{"taxonomy":"product_cat","embeddable":true,"href":"http:\/\/govalf.com\/fr\/wp-json\/wp\/v2\/product_cat?post=4291"},{"taxonomy":"product_tag","embeddable":true,"href":"http:\/\/govalf.com\/fr\/wp-json\/wp\/v2\/product_tag?post=4291"}],"curies":[{"name":"wp","href":"https:\/\/api.w.org\/{rel}","templated":true}]}}