{"id":4368,"date":"2022-02-17T18:55:08","date_gmt":"2022-03-22T13:15:03","guid":{"rendered":"https:\/\/govalf.com\/product\/bouche-dincendie-hors-sol\/"},"modified":"2022-07-25T13:57:17","modified_gmt":"2022-07-25T13:57:17","slug":"bouche-dincendie-hors-sol","status":"publish","type":"product","link":"http:\/\/govalf.com\/fr\/product\/bouche-dincendie-hors-sol\/","title":{"rendered":"Bouche D&rsquo;incendie Hors Sol"},"content":{"rendered":"<p>Bouche d&rsquo;incendie hors sol; La bouche d&rsquo;incendie hors-sol est con\u00e7ue pour r\u00e9pondre aux besoins en eau des autorit\u00e9s lors d&rsquo;un incendie. \u00c9tant donn\u00e9 que les bouches d&rsquo;irrigation sont situ\u00e9es au sol, elles diff\u00e8rent des bouches d&rsquo;incendie souterraines \u00e0 cet \u00e9gard. Ils l&rsquo;utilisent pour que le feu puisse \u00eatre \u00e9teint beaucoup plus facilement. Il est utilis\u00e9 dans de nombreux domaines dans le cadre des principes de travail de base.<\/p>\n<p>Ils doivent \u00eatre mont\u00e9s \u00e0 l&rsquo;ext\u00e9rieur du b\u00e2timent dans un certain syst\u00e8me. \u00a0En cas d&rsquo;incendie, l&rsquo;alimentation en eau des camions de pompiers s&rsquo;effectue \u00e0 l&rsquo;aide de bouches d&rsquo;incendie. De plus, il est possible de raccorder un tuyau directement \u00e0 la bouche d&rsquo;incendie et ainsi d&rsquo;intervenir en cas d&rsquo;incendie. Les r\u00e9seaux d&rsquo;eau de ville peuvent \u00eatre utilis\u00e9s dans les raccordements des lignes d&rsquo;hydrant. On voit que les pompes \u00e0 incendie sont utilis\u00e9es dans les grandes entreprises.<\/p>\n<h2>Qu&rsquo;est-ce que la bouche d&rsquo;incendie hors sol et \u00e0 quoi sert-elle ?<\/h2>\n<p>La bouche d&rsquo;incendie hors-sol, dont les buses d&rsquo;irrigation sont situ\u00e9es au sol, est mont\u00e9e \u00e0 l&rsquo;ext\u00e9rieur du b\u00e2timent \u00e0 certains intervalles afin de faciliter l&rsquo;intervention en cas d&rsquo;incendie \u00e9ventuel. Il existe de nombreuses pi\u00e8ces dans le cadre de la bouche d&rsquo;incendie, ces pi\u00e8ces;<\/p>\n<ul>\n<li>L&rsquo;arbre contr\u00f4lant la vanne<\/li>\n<li>Pi\u00e8ces moul\u00e9es formant le corps principal<\/li>\n<li>Clapets anti-retour \u00e0 ressort qui agissent comme d\u00e9charge automatique<\/li>\n<li>Unions de raccordement de tuyaux.<\/li>\n<\/ul>\n<p>Chaque partie a une connexion les unes avec les autres, de sorte que le syst\u00e8me fonctionne efficacement. L&rsquo;approvisionnement en eau des camions de pompiers se fait avec des bouches d&rsquo;incendie. De plus, il est possible de raccorder un boyau directement aux bouches d&rsquo;incendie hors-sol lors d&rsquo;un incendie.<\/p>\n<h2>Qu&rsquo;est-ce que la bouche d&rsquo;incendie hors sol\u00a0?<\/h2>\n<p>La bouche d&rsquo;incendie a\u00e9rienne, qui est con\u00e7ue pour r\u00e9pondre aux besoins en eau des autorit\u00e9s en cas d&rsquo;incendie dans les zones \u00e0 risque, pr\u00e9sente des caract\u00e9ristiques similaires aux bouches d&rsquo;incendie souterraines. La seule diff\u00e9rence est que les becs d&rsquo;irrigation sont au-dessus du sol. On sait que le principe de fonctionnement de base des bouches d&rsquo;incendie est similaire les uns aux autres. Le fonctionnement efficace du syst\u00e8me permet d&rsquo;intervenir beaucoup plus rapidement en cas d&rsquo;incendie.<\/p>\n<p>Il y a un corps en fonte avec deux sorties \u00e0 l&rsquo;int\u00e9rieur de la bouche d&rsquo;incendie. De plus, il est connu que le m\u00e9canisme de soupape et l&rsquo;arbre charg\u00e9 de commander le m\u00e9canisme sont \u00e9galement inclus dans le syst\u00e8me. Les bouches d&rsquo;incendie hors sol, qui sont utilis\u00e9es dans de nombreux domaines, fonctionnent syst\u00e9matiquement. De cette fa\u00e7on, pendant l&rsquo;incendie, il aide \u00e0 \u00e9teindre le feu avant qu&rsquo;il ne grossisse beaucoup.<\/p>\n<h2>Qu&rsquo;est-ce que la bouche d&rsquo;incendie hors sol et \u00e0 quoi \u00e7a sert\u00a0?<\/h2>\n<p>La bouche d&rsquo;incendie hors sol est utilis\u00e9e pour le r\u00e9approvisionnement en eau lors d&rsquo;un incendie. Il est possible d&rsquo;affirmer qu&rsquo;il existe des pi\u00e8ces \u00e0 cet effet dans sa conception. Les principales caract\u00e9ristiques de ces bouches d&rsquo;incendie, qui pr\u00e9sentent de nombreuses caract\u00e9ristiques, peuvent \u00eatre \u00e9num\u00e9r\u00e9es comme suit\u00a0:<\/p>\n<ul>\n<li>La buse d&rsquo;irrigation est situ\u00e9e au-dessus du sol.<\/li>\n<li>L&rsquo;arbre dans la bouche d&rsquo;incendie est utilis\u00e9 pour contr\u00f4ler la vanne.<\/li>\n<li>Le clapet anti-retour \u00e0 ressort agit comme une d\u00e9charge automatique.<\/li>\n<li>Il y a des pi\u00e8ces moul\u00e9es dans le corps principal. Il existe \u00e9galement des connecteurs de tuyaux.<\/li>\n<li>L&rsquo;interrupteur d&rsquo;hydrant permet de contr\u00f4ler la broche. De cette fa\u00e7on, les op\u00e9rations marche \/ arr\u00eat sont effectu\u00e9es sans aucun probl\u00e8me.<\/li>\n<li>Tourner la broche dans le sens inverse des aiguilles d&rsquo;une montre fait descendre le tube d&rsquo;entra\u00eenement. Les pi\u00e8ces de valve dans le corps se d\u00e9placent vers le bas. Dans ce cas, la bouche d&rsquo;incendie s&rsquo;ouvre et devient pr\u00eate \u00e0 l&#8217;emploi.<\/li>\n<li>Turning the spindle clockwise enables the hydrant to be closed..<\/li>\n<\/ul>\n<h2>O\u00f9 la bouche d&rsquo;incendie hors sol est-elle utilis\u00e9e\u00a0?<\/h2>\n<p>Les zones d&rsquo;utilisation des bouches d&rsquo;incendie hors sol sont assez \u00e9lev\u00e9es. Il est utilis\u00e9 dans les zones \u00e0 risque d&rsquo;incendie. Les becs d&rsquo;irrigation sont situ\u00e9s au-dessus du sol. Avec cette caract\u00e9ristique, il se distingue des bouches d&rsquo;incendie souterraines. Il est destin\u00e9 aux pompiers pour r\u00e9pondre \u00e0 leurs besoins en eau lors d&rsquo;un incendie. Par cons\u00e9quent, il est possible d&rsquo;affirmer qu&rsquo;ils fonctionnent de mani\u00e8re syst\u00e9matique.<\/p>\n<p>Puisqu&rsquo;ils sont utilis\u00e9s pour refroidir la surface ext\u00e9rieure de la zone d&rsquo;incendie, ils ont une caract\u00e9ristique telle qu&#8217;emp\u00eacher la croissance du feu. Il offre une utilisation efficace car il a un design innovant et technologique. Il est durable et peut \u00eatre facilement utilis\u00e9 dans diff\u00e9rents domaines.<\/p>\n<div class=\"title_style1\">\n<h2><a href=\"https:\/\/govalf.com\/fr\/la-communication\/\">LA COMMUNICATION<\/a><\/h2>\n<\/div>\n<div class=\"contact_list__wrapper\">\n<div class=\"contact1__item border-bottom-widget pb-35 mt-40\">\n<div class=\"contact1__thumb\"><\/div>\n<\/div>\n<\/div>\n<p>Description du produit<\/p>\n<p>C&rsquo;est la bouche d&rsquo;incendie dont les becs d&rsquo;irrigation sont au-dessus du sol. L&rsquo;arbre qui commande la vanne d&rsquo;hydrant, le clapet anti-retour \u00e0 ressort qui agit comme une d\u00e9charge automatique, les pi\u00e8ces de fonderie formant le corps principal et les raccords de raccordement des tuyaux sont form\u00e9s. \u00c0 l&rsquo;aide de l&rsquo;interrupteur de bouche d&rsquo;incendie, l&rsquo;op\u00e9ration marche-arr\u00eat est effectu\u00e9e en contr\u00f4lant la broche. Lorsque la broche est tourn\u00e9e dans le sens inverse des aiguilles d&rsquo;une montre, le tube d&rsquo;entra\u00eenement descend. Ainsi, les parties de soupape dans le corps descendent et la bouche d&rsquo;incendie est ouverte. Lorsque la broche est tourn\u00e9e dans le sens des aiguilles d&rsquo;une montre, la bouche d&rsquo;incendie est ferm\u00e9e. Les bouches d&rsquo;incendie hors sol sont utilis\u00e9es pour l&rsquo;alimentation en eau des pompiers dans les usines, les entrep\u00f4ts, les installations industrielles, autour des b\u00e2timents, dans les zones foresti\u00e8res sensibles au feu et dans les zones r\u00e9sidentielles.<\/p>\n","protected":false},"excerpt":{"rendered":"<p>Bouche d&rsquo;incendie hors sol; La bouche d&rsquo;incendie hors-sol est con\u00e7ue pour r\u00e9pondre aux besoins en eau des autorit\u00e9s lors d&rsquo;un incendie. \u00c9tant donn\u00e9 que les bouches d&rsquo;irrigation sont situ\u00e9es au sol, elles diff\u00e8rent des bouches d&rsquo;incendie souterraines \u00e0 cet \u00e9gard. Ils l&rsquo;utilisent pour que le feu puisse \u00eatre \u00e9teint beaucoup plus facilement. Il est utilis\u00e9 [&hellip;]<\/p>\n","protected":false},"featured_media":6093,"comment_status":"closed","ping_status":"closed","template":"","meta":{"_acf_changed":false},"product_brand":[],"product_cat":[118],"product_tag":[],"class_list":{"0":"post-4368","1":"product","2":"type-product","3":"status-publish","4":"has-post-thumbnail","6":"product_cat-equipement-dincendie","8":"first","9":"instock","10":"shipping-taxable","11":"purchasable","12":"product-type-simple"},"acf":[],"yoast_head":"<!-- This site is optimized with the Yoast SEO plugin v27.4 - https:\/\/yoast.com\/product\/yoast-seo-wordpress\/ -->\n<title>Bouche D&#039;incendie Hors Sol - GOVALF<\/title>\n<meta name=\"description\" content=\"Bouche d&#039;incendie hors sol; La bouche d&#039;incendie hors-sol est con\u00e7ue pour r\u00e9pondre aux besoins en eau des autorit\u00e9s lors d&#039;un incendie.\" \/>\n<meta name=\"robots\" content=\"index, follow, max-snippet:-1, max-image-preview:large, max-video-preview:-1\" \/>\n<link rel=\"canonical\" href=\"http:\/\/govalf.com\/fr\/product\/bouche-dincendie-hors-sol\/\" \/>\n<meta property=\"og:locale\" content=\"fr_FR\" \/>\n<meta property=\"og:type\" content=\"article\" \/>\n<meta property=\"og:title\" content=\"Bouche D&#039;incendie Hors Sol - GOVALF\" \/>\n<meta property=\"og:description\" content=\"Bouche d&#039;incendie hors sol; La bouche d&#039;incendie hors-sol est con\u00e7ue pour r\u00e9pondre aux besoins en eau des autorit\u00e9s lors d&#039;un incendie.\" \/>\n<meta property=\"og:url\" content=\"http:\/\/govalf.com\/fr\/product\/bouche-dincendie-hors-sol\/\" \/>\n<meta property=\"og:site_name\" content=\"Go Valf Vana ve Pompa Sistemleri\" \/>\n<meta property=\"article:modified_time\" content=\"2022-07-25T13:57:17+00:00\" \/>\n<meta property=\"og:image\" content=\"http:\/\/govalf.com\/wp-content\/uploads\/2022\/02\/Bouche-Dincendie-Hors-Sol.png\" \/>\n\t<meta property=\"og:image:width\" content=\"768\" \/>\n\t<meta property=\"og:image:height\" content=\"768\" \/>\n\t<meta property=\"og:image:type\" content=\"image\/png\" \/>\n<meta name=\"twitter:card\" content=\"summary_large_image\" \/>\n<meta name=\"twitter:label1\" content=\"Dur\u00e9e de lecture estim\u00e9e\" \/>\n\t<meta name=\"twitter:data1\" content=\"1 minute\" \/>\n<script type=\"application\/ld+json\" class=\"yoast-schema-graph\">{\"@context\":\"https:\\\/\\\/schema.org\",\"@graph\":[{\"@type\":\"WebPage\",\"@id\":\"http:\\\/\\\/govalf.com\\\/fr\\\/product\\\/bouche-dincendie-hors-sol\\\/\",\"url\":\"http:\\\/\\\/govalf.com\\\/fr\\\/product\\\/bouche-dincendie-hors-sol\\\/\",\"name\":\"Bouche D'incendie Hors Sol - GOVALF\",\"isPartOf\":{\"@id\":\"https:\\\/\\\/govalf.com\\\/ar\\\/#website\"},\"primaryImageOfPage\":{\"@id\":\"http:\\\/\\\/govalf.com\\\/fr\\\/product\\\/bouche-dincendie-hors-sol\\\/#primaryimage\"},\"image\":{\"@id\":\"http:\\\/\\\/govalf.com\\\/fr\\\/product\\\/bouche-dincendie-hors-sol\\\/#primaryimage\"},\"thumbnailUrl\":\"http:\\\/\\\/govalf.com\\\/wp-content\\\/uploads\\\/2022\\\/02\\\/Bouche-Dincendie-Hors-Sol.png\",\"datePublished\":\"2022-03-22T13:15:03+00:00\",\"dateModified\":\"2022-07-25T13:57:17+00:00\",\"description\":\"Bouche d'incendie hors sol; La bouche d'incendie hors-sol est con\u00e7ue pour r\u00e9pondre aux besoins en eau des autorit\u00e9s lors d'un incendie.\",\"breadcrumb\":{\"@id\":\"http:\\\/\\\/govalf.com\\\/fr\\\/product\\\/bouche-dincendie-hors-sol\\\/#breadcrumb\"},\"inLanguage\":\"fr-FR\",\"potentialAction\":[{\"@type\":\"ReadAction\",\"target\":[\"http:\\\/\\\/govalf.com\\\/fr\\\/product\\\/bouche-dincendie-hors-sol\\\/\"]}]},{\"@type\":\"ImageObject\",\"inLanguage\":\"fr-FR\",\"@id\":\"http:\\\/\\\/govalf.com\\\/fr\\\/product\\\/bouche-dincendie-hors-sol\\\/#primaryimage\",\"url\":\"http:\\\/\\\/govalf.com\\\/wp-content\\\/uploads\\\/2022\\\/02\\\/Bouche-Dincendie-Hors-Sol.png\",\"contentUrl\":\"http:\\\/\\\/govalf.com\\\/wp-content\\\/uploads\\\/2022\\\/02\\\/Bouche-Dincendie-Hors-Sol.png\",\"width\":768,\"height\":768,\"caption\":\"Bouche D'incendie Hors Sol\"},{\"@type\":\"BreadcrumbList\",\"@id\":\"http:\\\/\\\/govalf.com\\\/fr\\\/product\\\/bouche-dincendie-hors-sol\\\/#breadcrumb\",\"itemListElement\":[{\"@type\":\"ListItem\",\"position\":1,\"name\":\"Anasayfa\",\"item\":\"https:\\\/\\\/govalf.com\\\/fr\\\/\"},{\"@type\":\"ListItem\",\"position\":2,\"name\":\"Products\",\"item\":\"https:\\\/\\\/govalf.com\\\/ar\\\/urunler%d9%85%d9%86%d8%aa%d8%ac%d8%a7%d8%aa\\\/\"},{\"@type\":\"ListItem\",\"position\":3,\"name\":\"Bouche D&rsquo;incendie Hors Sol\"}]},{\"@type\":\"WebSite\",\"@id\":\"https:\\\/\\\/govalf.com\\\/ar\\\/#website\",\"url\":\"https:\\\/\\\/govalf.com\\\/ar\\\/\",\"name\":\"Go Valf Vana ve Pompa Sistemleri\",\"description\":\"Yang\u0131n S\u00f6nd\u00fcrme Sistemleri ve Ekipmanlar\u0131\",\"publisher\":{\"@id\":\"https:\\\/\\\/govalf.com\\\/ar\\\/#organization\"},\"potentialAction\":[{\"@type\":\"SearchAction\",\"target\":{\"@type\":\"EntryPoint\",\"urlTemplate\":\"https:\\\/\\\/govalf.com\\\/ar\\\/?s={search_term_string}\"},\"query-input\":{\"@type\":\"PropertyValueSpecification\",\"valueRequired\":true,\"valueName\":\"search_term_string\"}}],\"inLanguage\":\"fr-FR\"},{\"@type\":\"Organization\",\"@id\":\"https:\\\/\\\/govalf.com\\\/ar\\\/#organization\",\"name\":\"Go Valf\",\"url\":\"https:\\\/\\\/govalf.com\\\/ar\\\/\",\"logo\":{\"@type\":\"ImageObject\",\"inLanguage\":\"fr-FR\",\"@id\":\"https:\\\/\\\/govalf.com\\\/ar\\\/#\\\/schema\\\/logo\\\/image\\\/\",\"url\":\"https:\\\/\\\/govalf.com\\\/wp-content\\\/uploads\\\/2022\\\/02\\\/go-valf-logo.png\",\"contentUrl\":\"https:\\\/\\\/govalf.com\\\/wp-content\\\/uploads\\\/2022\\\/02\\\/go-valf-logo.png\",\"width\":504,\"height\":120,\"caption\":\"Go Valf\"},\"image\":{\"@id\":\"https:\\\/\\\/govalf.com\\\/ar\\\/#\\\/schema\\\/logo\\\/image\\\/\"}}]}<\/script>\n<!-- \/ Yoast SEO plugin. -->","yoast_head_json":{"title":"Bouche D'incendie Hors Sol - GOVALF","description":"Bouche d'incendie hors sol; La bouche d'incendie hors-sol est con\u00e7ue pour r\u00e9pondre aux besoins en eau des autorit\u00e9s lors d'un incendie.","robots":{"index":"index","follow":"follow","max-snippet":"max-snippet:-1","max-image-preview":"max-image-preview:large","max-video-preview":"max-video-preview:-1"},"canonical":"http:\/\/govalf.com\/fr\/product\/bouche-dincendie-hors-sol\/","og_locale":"fr_FR","og_type":"article","og_title":"Bouche D'incendie Hors Sol - GOVALF","og_description":"Bouche d'incendie hors sol; La bouche d'incendie hors-sol est con\u00e7ue pour r\u00e9pondre aux besoins en eau des autorit\u00e9s lors d'un incendie.","og_url":"http:\/\/govalf.com\/fr\/product\/bouche-dincendie-hors-sol\/","og_site_name":"Go Valf Vana ve Pompa Sistemleri","article_modified_time":"2022-07-25T13:57:17+00:00","og_image":[{"width":768,"height":768,"url":"http:\/\/govalf.com\/wp-content\/uploads\/2022\/02\/Bouche-Dincendie-Hors-Sol.png","type":"image\/png"}],"twitter_card":"summary_large_image","twitter_misc":{"Dur\u00e9e de lecture estim\u00e9e":"1 minute"},"schema":{"@context":"https:\/\/schema.org","@graph":[{"@type":"WebPage","@id":"http:\/\/govalf.com\/fr\/product\/bouche-dincendie-hors-sol\/","url":"http:\/\/govalf.com\/fr\/product\/bouche-dincendie-hors-sol\/","name":"Bouche D'incendie Hors Sol - GOVALF","isPartOf":{"@id":"https:\/\/govalf.com\/ar\/#website"},"primaryImageOfPage":{"@id":"http:\/\/govalf.com\/fr\/product\/bouche-dincendie-hors-sol\/#primaryimage"},"image":{"@id":"http:\/\/govalf.com\/fr\/product\/bouche-dincendie-hors-sol\/#primaryimage"},"thumbnailUrl":"http:\/\/govalf.com\/wp-content\/uploads\/2022\/02\/Bouche-Dincendie-Hors-Sol.png","datePublished":"2022-03-22T13:15:03+00:00","dateModified":"2022-07-25T13:57:17+00:00","description":"Bouche d'incendie hors sol; La bouche d'incendie hors-sol est con\u00e7ue pour r\u00e9pondre aux besoins en eau des autorit\u00e9s lors d'un incendie.","breadcrumb":{"@id":"http:\/\/govalf.com\/fr\/product\/bouche-dincendie-hors-sol\/#breadcrumb"},"inLanguage":"fr-FR","potentialAction":[{"@type":"ReadAction","target":["http:\/\/govalf.com\/fr\/product\/bouche-dincendie-hors-sol\/"]}]},{"@type":"ImageObject","inLanguage":"fr-FR","@id":"http:\/\/govalf.com\/fr\/product\/bouche-dincendie-hors-sol\/#primaryimage","url":"http:\/\/govalf.com\/wp-content\/uploads\/2022\/02\/Bouche-Dincendie-Hors-Sol.png","contentUrl":"http:\/\/govalf.com\/wp-content\/uploads\/2022\/02\/Bouche-Dincendie-Hors-Sol.png","width":768,"height":768,"caption":"Bouche D'incendie Hors Sol"},{"@type":"BreadcrumbList","@id":"http:\/\/govalf.com\/fr\/product\/bouche-dincendie-hors-sol\/#breadcrumb","itemListElement":[{"@type":"ListItem","position":1,"name":"Anasayfa","item":"https:\/\/govalf.com\/fr\/"},{"@type":"ListItem","position":2,"name":"Products","item":"https:\/\/govalf.com\/ar\/urunler%d9%85%d9%86%d8%aa%d8%ac%d8%a7%d8%aa\/"},{"@type":"ListItem","position":3,"name":"Bouche D&rsquo;incendie Hors Sol"}]},{"@type":"WebSite","@id":"https:\/\/govalf.com\/ar\/#website","url":"https:\/\/govalf.com\/ar\/","name":"Go Valf Vana ve Pompa Sistemleri","description":"Yang\u0131n S\u00f6nd\u00fcrme Sistemleri ve Ekipmanlar\u0131","publisher":{"@id":"https:\/\/govalf.com\/ar\/#organization"},"potentialAction":[{"@type":"SearchAction","target":{"@type":"EntryPoint","urlTemplate":"https:\/\/govalf.com\/ar\/?s={search_term_string}"},"query-input":{"@type":"PropertyValueSpecification","valueRequired":true,"valueName":"search_term_string"}}],"inLanguage":"fr-FR"},{"@type":"Organization","@id":"https:\/\/govalf.com\/ar\/#organization","name":"Go Valf","url":"https:\/\/govalf.com\/ar\/","logo":{"@type":"ImageObject","inLanguage":"fr-FR","@id":"https:\/\/govalf.com\/ar\/#\/schema\/logo\/image\/","url":"https:\/\/govalf.com\/wp-content\/uploads\/2022\/02\/go-valf-logo.png","contentUrl":"https:\/\/govalf.com\/wp-content\/uploads\/2022\/02\/go-valf-logo.png","width":504,"height":120,"caption":"Go Valf"},"image":{"@id":"https:\/\/govalf.com\/ar\/#\/schema\/logo\/image\/"}}]}},"_links":{"self":[{"href":"http:\/\/govalf.com\/fr\/wp-json\/wp\/v2\/product\/4368","targetHints":{"allow":["GET"]}}],"collection":[{"href":"http:\/\/govalf.com\/fr\/wp-json\/wp\/v2\/product"}],"about":[{"href":"http:\/\/govalf.com\/fr\/wp-json\/wp\/v2\/types\/product"}],"replies":[{"embeddable":true,"href":"http:\/\/govalf.com\/fr\/wp-json\/wp\/v2\/comments?post=4368"}],"wp:featuredmedia":[{"embeddable":true,"href":"http:\/\/govalf.com\/fr\/wp-json\/wp\/v2\/media\/6093"}],"wp:attachment":[{"href":"http:\/\/govalf.com\/fr\/wp-json\/wp\/v2\/media?parent=4368"}],"wp:term":[{"taxonomy":"product_brand","embeddable":true,"href":"http:\/\/govalf.com\/fr\/wp-json\/wp\/v2\/product_brand?post=4368"},{"taxonomy":"product_cat","embeddable":true,"href":"http:\/\/govalf.com\/fr\/wp-json\/wp\/v2\/product_cat?post=4368"},{"taxonomy":"product_tag","embeddable":true,"href":"http:\/\/govalf.com\/fr\/wp-json\/wp\/v2\/product_tag?post=4368"}],"curies":[{"name":"wp","href":"https:\/\/api.w.org\/{rel}","templated":true}]}}