{"id":4405,"date":"2022-02-17T18:43:48","date_gmt":"2022-03-22T13:41:35","guid":{"rendered":"https:\/\/govalf.com\/product\/yukselenmeyen-milli-surgulu-vanalar-nrsyukselenmeyen-milli-surgulu-vanalar-nrs\/"},"modified":"2022-07-29T07:42:43","modified_gmt":"2022-07-29T07:42:43","slug":"vannes-a-tige-non-montante-nrs","status":"publish","type":"product","link":"http:\/\/govalf.com\/fr\/product\/vannes-a-tige-non-montante-nrs\/","title":{"rendered":"Vannes \u00e0 tige non montante (NRS)"},"content":{"rendered":"<p>Vannes \u00e0 tige non montante (NRS);\u00a0Les robinets-vannes \u00e0 arbre non montant sont l&rsquo;un des types de vannes con\u00e7us \u00e0 des fins telles que la coupe et le contr\u00f4le des conduites d&rsquo;eau souterraines. Dans ce type de vannes, les arbres sont reli\u00e9s au coulisseau au moyen de dents et se d\u00e9placent \u00e0 l&rsquo;int\u00e9rieur du syst\u00e8me. On voit que la vanne occupe moins d&rsquo;espace vertical car l&rsquo;arbre reste \u00e0 l&rsquo;int\u00e9rieur du corps.<\/p>\n<p>Il est possible d&rsquo;affirmer qu&rsquo;il a une large zone d&rsquo;utilisation car il convient \u00e0 la fois \u00e0 une installation hors sol et souterraine. La perte de pression est bien inf\u00e9rieure \u00e0 celle de nombreuses vannes. Pour cette raison, on sait qu&rsquo;il pr\u00e9sente de nombreux avantages. Ils sont produits dans des diam\u00e8tres de 50 mm \u00e0 250 mm.<\/p>\n<p>Que sont les vannes \u00e0 guillotine non montantes (NRS) et que font-elles ?<\/p>\n<p>Les robinets-vannes \u00e0 arbre non montant utilis\u00e9s dans les conduites principales et les syst\u00e8mes de bouche d&rsquo;incendie sont un produit remarquable avec leurs caract\u00e9ristiques innovantes. On voit qu&rsquo;il est utilis\u00e9 \u00e0 des fins telles que la coupe et le contr\u00f4le du fluide dans le syst\u00e8me. Ils peuvent \u00eatre utilis\u00e9s confortablement avec les indicateurs de poteau dont la position ouverte \/ ferm\u00e9e est visible.<\/p>\n<p>Les arbres non montantes sont reli\u00e9s au boulon dans le syst\u00e8me avec des dents. Gr\u00e2ce \u00e0 cette caract\u00e9ristique, il est s\u00e9par\u00e9 des vannes \u00e0 guillotine montante. Bien que ce type de vanne soit similaire aux vannes papillon, elles diff\u00e8rent des vannes papillon en termes de diverses caract\u00e9ristiques. Les robinets-vannes \u00e0 tige non montante diff\u00e8rent des robinets \u00e0 papillon en ce qu&rsquo;ils cr\u00e9ent moins de pertes hydrauliques. Cependant, les caract\u00e9ristiques g\u00e9n\u00e9rales de ces vannes sont tr\u00e8s similaires les unes aux autres.<\/p>\n<p>Que sont les robinets-vannes \u00e0 broche non montante (NRS)\u00a0?<\/p>\n<p>Les robinets-vannes \u00e0 arbre non montant sont un type de vanne qui contr\u00f4le ou coupe le d\u00e9bit dans le syst\u00e8me gr\u00e2ce au coulisseau et \u00e0 l&rsquo;arbre. Ces vannes, utilis\u00e9es dans de nombreux domaines, int\u00e8grent des caract\u00e9ristiques innovantes et technologiques. Les robinets-vannes \u00e0 tige non montante, qui sont souvent pr\u00e9f\u00e9r\u00e9s dans le domaine industriel, sont \u00e9galement utilis\u00e9s dans des domaines tels que l&rsquo;industrie chimique et les papeteries.<\/p>\n<p>Gr\u00e2ce \u00e0 son m\u00e9canisme d&rsquo;\u00e9tanch\u00e9it\u00e9, il permet au syst\u00e8me dans lequel il se trouve de fonctionner efficacement. Le fait qu&rsquo;il puisse \u00eatre utilis\u00e9 aussi bien sous terre qu&rsquo;en surface fait partie de ses avantages. Il est \u00e9galement connu qu&rsquo;il n&rsquo;y a pas besoin d&rsquo;une chambre de vanne lorsqu&rsquo;il est utilis\u00e9 sous terre.<\/p>\n<p>Que font les robinets-vannes \u00e0 broche non montante (NRS)\u00a0?<\/p>\n<p>Les principes de fonctionnement de base des robinets-vannes sont assez similaires les uns aux autres. Le volet, appel\u00e9 curseur, se d\u00e9place gr\u00e2ce \u00e0 l&rsquo;axe de la vis, permettant au fluide dans le syst\u00e8me ou au fluide d&rsquo;\u00eatre coup\u00e9. Bien que le principe de fonctionnement de base soit le suivant, les diff\u00e9rents m\u00e9canismes des vannes \u00e0 vanne ont conduit \u00e0 l&rsquo;\u00e9mergence de diff\u00e9rents types de vannes \u00e0 vanne.<\/p>\n<p>Les vannes \u00e0 tige non montante avec vannes \u00e0 tige non montante ont un large domaine d&rsquo;utilisation. Ils peuvent \u00eatre utilis\u00e9s confortablement car ils ne n\u00e9cessitent aucun entretien. De plus, sa longue dur\u00e9e de vie permet de l&rsquo;utiliser longtemps sans aucun probl\u00e8me. La tr\u00e8s faible perte de charge peut \u00eatre consid\u00e9r\u00e9e parmi les avantages de ce type de vanne.<\/p>\n<p>&nbsp;<\/p>\n<p>O\u00f9 sont utilis\u00e9s les robinets-vannes \u00e0 tige non montante (NRS)\u00a0?<\/p>\n<p>Les robinets-vannes \u00e0 arbre non montant sont un type de vanne pr\u00e9f\u00e9r\u00e9 dans de nombreux domaines. Ce type de vanne, qui est inclus dans les robinets-vannes, pr\u00e9sente des caract\u00e9ristiques innovantes. Il a un arbre non montant et le d\u00e9bit dans le syst\u00e8me est contr\u00f4l\u00e9. Il est possible d&rsquo;affirmer qu&rsquo;ils sont g\u00e9n\u00e9ralement pr\u00e9f\u00e9r\u00e9s dans les lignes principales et les syst\u00e8mes de bouches d&rsquo;incendie.<\/p>\n<p>Les domaines d&rsquo;utilisation des vannes \u00e0 tige non montante, qui sont utilis\u00e9es pour couper et contr\u00f4ler les conduites d&rsquo;eau souterraines, ne se limitent pas \u00e0 cela. Il peut \u00eatre utilis\u00e9 facilement aussi bien sous terre qu&rsquo;en surface. L&rsquo;\u00e9tat marche\/arr\u00eat peut \u00eatre vu lorsqu&rsquo;il est utilis\u00e9 avec des indicateurs de poste. De plus, il est connu qu&rsquo;il n&rsquo;y a pas besoin de salle de vannes lorsqu&rsquo;il est utilis\u00e9 avec des indicateurs de poteaux souterrains.<\/p>\n<p>Ces types de vannes, qui prot\u00e8gent le syst\u00e8me dans lequel elles se trouvent gr\u00e2ce \u00e0 leurs caract\u00e9ristiques innovantes et \u00e0 leur infrastructure technologique, attirent l&rsquo;attention par leurs caract\u00e9ristiques qui garantissent une utilisation \u00e0 long terme.<\/p>\n<p>&nbsp;<\/p>\n<p>Description du <a href=\"https:\/\/govalf.com\/fr\/la-communication\/\">produit<\/a><\/p>\n<p>Ce sont des vannes utilis\u00e9es pour couper et contr\u00f4ler les conduites d&rsquo;eau souterraines dans les conduites principales et les syst\u00e8mes de bouches d&rsquo;incendie. Il peut \u00eatre utilis\u00e9 avec des indicateurs de poteau dont la position marche\/arr\u00eat est visible. S&rsquo;il est utilis\u00e9 avec le poteau indicateur souterrain, il n&rsquo;y a pas besoin de salle de vannes.<\/p>\n<p>Dimensions de fabrication : 2&Prime; (50 mm) &#8211; 10&Prime; (250 mm)<\/p>\n","protected":false},"excerpt":{"rendered":"<p>Vannes \u00e0 tige non montante (NRS);\u00a0Les robinets-vannes \u00e0 arbre non montant sont l&rsquo;un des types de vannes con\u00e7us \u00e0 des fins telles que la coupe et le contr\u00f4le des conduites d&rsquo;eau souterraines. Dans ce type de vannes, les arbres sont reli\u00e9s au coulisseau au moyen de dents et se d\u00e9placent \u00e0 l&rsquo;int\u00e9rieur du syst\u00e8me. On [&hellip;]<\/p>\n","protected":false},"featured_media":6150,"comment_status":"closed","ping_status":"closed","template":"","meta":{"_acf_changed":false},"product_brand":[],"product_cat":[118],"product_tag":[],"class_list":{"0":"post-4405","1":"product","2":"type-product","3":"status-publish","4":"has-post-thumbnail","6":"product_cat-equipement-dincendie","8":"first","9":"instock","10":"shipping-taxable","11":"purchasable","12":"product-type-simple"},"acf":[],"yoast_head":"<!-- This site is optimized with the Yoast SEO plugin v27.4 - https:\/\/yoast.com\/product\/yoast-seo-wordpress\/ -->\n<title>Vannes \u00e0 tige non montante (NRS) - GOVALF<\/title>\n<meta name=\"description\" content=\"Vannes \u00e0 tige non montante (NRS);\u00a0Les robinets-vannes \u00e0 arbre non montant sont l&#039;un des types de vannes con\u00e7us \u00e0 des fins telles que la coupe\" \/>\n<meta name=\"robots\" content=\"index, follow, max-snippet:-1, max-image-preview:large, max-video-preview:-1\" \/>\n<link rel=\"canonical\" href=\"https:\/\/govalf.com\/fr\/product\/vannes-a-tige-non-montante-nrs\/\" \/>\n<meta property=\"og:locale\" content=\"fr_FR\" \/>\n<meta property=\"og:type\" content=\"article\" \/>\n<meta property=\"og:title\" content=\"Vannes \u00e0 tige non montante (NRS) - GOVALF\" \/>\n<meta property=\"og:description\" content=\"Vannes \u00e0 tige non montante (NRS);\u00a0Les robinets-vannes \u00e0 arbre non montant sont l&#039;un des types de vannes con\u00e7us \u00e0 des fins telles que la coupe\" \/>\n<meta property=\"og:url\" content=\"https:\/\/govalf.com\/fr\/product\/vannes-a-tige-non-montante-nrs\/\" \/>\n<meta property=\"og:site_name\" content=\"Go Valf Vana ve Pompa Sistemleri\" \/>\n<meta property=\"article:modified_time\" content=\"2022-07-29T07:42:43+00:00\" \/>\n<meta property=\"og:image\" content=\"https:\/\/govalf.com\/wp-content\/uploads\/2022\/02\/Vannes-a\u0300-tige-non-montante-NRS.png\" \/>\n\t<meta property=\"og:image:width\" content=\"768\" \/>\n\t<meta property=\"og:image:height\" content=\"768\" \/>\n\t<meta property=\"og:image:type\" content=\"image\/png\" \/>\n<meta name=\"twitter:card\" content=\"summary_large_image\" \/>\n<meta name=\"twitter:label1\" content=\"Dur\u00e9e de lecture estim\u00e9e\" \/>\n\t<meta name=\"twitter:data1\" content=\"4 minutes\" \/>\n<script type=\"application\/ld+json\" class=\"yoast-schema-graph\">{\"@context\":\"https:\\\/\\\/schema.org\",\"@graph\":[{\"@type\":\"WebPage\",\"@id\":\"https:\\\/\\\/govalf.com\\\/fr\\\/product\\\/vannes-a-tige-non-montante-nrs\\\/\",\"url\":\"https:\\\/\\\/govalf.com\\\/fr\\\/product\\\/vannes-a-tige-non-montante-nrs\\\/\",\"name\":\"Vannes \u00e0 tige non montante (NRS) - GOVALF\",\"isPartOf\":{\"@id\":\"http:\\\/\\\/govalf.com\\\/ru\\\/#website\"},\"primaryImageOfPage\":{\"@id\":\"https:\\\/\\\/govalf.com\\\/fr\\\/product\\\/vannes-a-tige-non-montante-nrs\\\/#primaryimage\"},\"image\":{\"@id\":\"https:\\\/\\\/govalf.com\\\/fr\\\/product\\\/vannes-a-tige-non-montante-nrs\\\/#primaryimage\"},\"thumbnailUrl\":\"http:\\\/\\\/govalf.com\\\/wp-content\\\/uploads\\\/2022\\\/02\\\/Vannes-a\u0300-tige-non-montante-NRS.png\",\"datePublished\":\"2022-03-22T13:41:35+00:00\",\"dateModified\":\"2022-07-29T07:42:43+00:00\",\"description\":\"Vannes \u00e0 tige non montante (NRS);\u00a0Les robinets-vannes \u00e0 arbre non montant sont l'un des types de vannes con\u00e7us \u00e0 des fins telles que la coupe\",\"breadcrumb\":{\"@id\":\"https:\\\/\\\/govalf.com\\\/fr\\\/product\\\/vannes-a-tige-non-montante-nrs\\\/#breadcrumb\"},\"inLanguage\":\"fr-FR\",\"potentialAction\":[{\"@type\":\"ReadAction\",\"target\":[\"https:\\\/\\\/govalf.com\\\/fr\\\/product\\\/vannes-a-tige-non-montante-nrs\\\/\"]}]},{\"@type\":\"ImageObject\",\"inLanguage\":\"fr-FR\",\"@id\":\"https:\\\/\\\/govalf.com\\\/fr\\\/product\\\/vannes-a-tige-non-montante-nrs\\\/#primaryimage\",\"url\":\"http:\\\/\\\/govalf.com\\\/wp-content\\\/uploads\\\/2022\\\/02\\\/Vannes-a\u0300-tige-non-montante-NRS.png\",\"contentUrl\":\"http:\\\/\\\/govalf.com\\\/wp-content\\\/uploads\\\/2022\\\/02\\\/Vannes-a\u0300-tige-non-montante-NRS.png\",\"width\":768,\"height\":768,\"caption\":\"Vannes \u00e0 tige non montante (NRS)\"},{\"@type\":\"BreadcrumbList\",\"@id\":\"https:\\\/\\\/govalf.com\\\/fr\\\/product\\\/vannes-a-tige-non-montante-nrs\\\/#breadcrumb\",\"itemListElement\":[{\"@type\":\"ListItem\",\"position\":1,\"name\":\"Anasayfa\",\"item\":\"http:\\\/\\\/govalf.com\\\/fr\\\/\"},{\"@type\":\"ListItem\",\"position\":2,\"name\":\"Products\",\"item\":\"http:\\\/\\\/govalf.com\\\/fr\\\/des-produits\\\/\"},{\"@type\":\"ListItem\",\"position\":3,\"name\":\"Vannes \u00e0 tige non montante (NRS)\"}]},{\"@type\":\"WebSite\",\"@id\":\"http:\\\/\\\/govalf.com\\\/ru\\\/#website\",\"url\":\"http:\\\/\\\/govalf.com\\\/ru\\\/\",\"name\":\"Go Valf Vana ve Pompa Sistemleri\",\"description\":\"Yang\u0131n S\u00f6nd\u00fcrme Sistemleri ve Ekipmanlar\u0131\",\"publisher\":{\"@id\":\"http:\\\/\\\/govalf.com\\\/ru\\\/#organization\"},\"potentialAction\":[{\"@type\":\"SearchAction\",\"target\":{\"@type\":\"EntryPoint\",\"urlTemplate\":\"http:\\\/\\\/govalf.com\\\/ru\\\/?s={search_term_string}\"},\"query-input\":{\"@type\":\"PropertyValueSpecification\",\"valueRequired\":true,\"valueName\":\"search_term_string\"}}],\"inLanguage\":\"fr-FR\"},{\"@type\":\"Organization\",\"@id\":\"http:\\\/\\\/govalf.com\\\/ru\\\/#organization\",\"name\":\"Go Valf\",\"url\":\"http:\\\/\\\/govalf.com\\\/ru\\\/\",\"logo\":{\"@type\":\"ImageObject\",\"inLanguage\":\"fr-FR\",\"@id\":\"http:\\\/\\\/govalf.com\\\/ru\\\/#\\\/schema\\\/logo\\\/image\\\/\",\"url\":\"https:\\\/\\\/govalf.com\\\/wp-content\\\/uploads\\\/2022\\\/02\\\/go-valf-logo.png\",\"contentUrl\":\"https:\\\/\\\/govalf.com\\\/wp-content\\\/uploads\\\/2022\\\/02\\\/go-valf-logo.png\",\"width\":504,\"height\":120,\"caption\":\"Go Valf\"},\"image\":{\"@id\":\"http:\\\/\\\/govalf.com\\\/ru\\\/#\\\/schema\\\/logo\\\/image\\\/\"}}]}<\/script>\n<!-- \/ Yoast SEO plugin. -->","yoast_head_json":{"title":"Vannes \u00e0 tige non montante (NRS) - GOVALF","description":"Vannes \u00e0 tige non montante (NRS);\u00a0Les robinets-vannes \u00e0 arbre non montant sont l'un des types de vannes con\u00e7us \u00e0 des fins telles que la coupe","robots":{"index":"index","follow":"follow","max-snippet":"max-snippet:-1","max-image-preview":"max-image-preview:large","max-video-preview":"max-video-preview:-1"},"canonical":"https:\/\/govalf.com\/fr\/product\/vannes-a-tige-non-montante-nrs\/","og_locale":"fr_FR","og_type":"article","og_title":"Vannes \u00e0 tige non montante (NRS) - GOVALF","og_description":"Vannes \u00e0 tige non montante (NRS);\u00a0Les robinets-vannes \u00e0 arbre non montant sont l'un des types de vannes con\u00e7us \u00e0 des fins telles que la coupe","og_url":"https:\/\/govalf.com\/fr\/product\/vannes-a-tige-non-montante-nrs\/","og_site_name":"Go Valf Vana ve Pompa Sistemleri","article_modified_time":"2022-07-29T07:42:43+00:00","og_image":[{"width":768,"height":768,"url":"https:\/\/govalf.com\/wp-content\/uploads\/2022\/02\/Vannes-a\u0300-tige-non-montante-NRS.png","type":"image\/png"}],"twitter_card":"summary_large_image","twitter_misc":{"Dur\u00e9e de lecture estim\u00e9e":"4 minutes"},"schema":{"@context":"https:\/\/schema.org","@graph":[{"@type":"WebPage","@id":"https:\/\/govalf.com\/fr\/product\/vannes-a-tige-non-montante-nrs\/","url":"https:\/\/govalf.com\/fr\/product\/vannes-a-tige-non-montante-nrs\/","name":"Vannes \u00e0 tige non montante (NRS) - GOVALF","isPartOf":{"@id":"http:\/\/govalf.com\/ru\/#website"},"primaryImageOfPage":{"@id":"https:\/\/govalf.com\/fr\/product\/vannes-a-tige-non-montante-nrs\/#primaryimage"},"image":{"@id":"https:\/\/govalf.com\/fr\/product\/vannes-a-tige-non-montante-nrs\/#primaryimage"},"thumbnailUrl":"http:\/\/govalf.com\/wp-content\/uploads\/2022\/02\/Vannes-a\u0300-tige-non-montante-NRS.png","datePublished":"2022-03-22T13:41:35+00:00","dateModified":"2022-07-29T07:42:43+00:00","description":"Vannes \u00e0 tige non montante (NRS);\u00a0Les robinets-vannes \u00e0 arbre non montant sont l'un des types de vannes con\u00e7us \u00e0 des fins telles que la coupe","breadcrumb":{"@id":"https:\/\/govalf.com\/fr\/product\/vannes-a-tige-non-montante-nrs\/#breadcrumb"},"inLanguage":"fr-FR","potentialAction":[{"@type":"ReadAction","target":["https:\/\/govalf.com\/fr\/product\/vannes-a-tige-non-montante-nrs\/"]}]},{"@type":"ImageObject","inLanguage":"fr-FR","@id":"https:\/\/govalf.com\/fr\/product\/vannes-a-tige-non-montante-nrs\/#primaryimage","url":"http:\/\/govalf.com\/wp-content\/uploads\/2022\/02\/Vannes-a\u0300-tige-non-montante-NRS.png","contentUrl":"http:\/\/govalf.com\/wp-content\/uploads\/2022\/02\/Vannes-a\u0300-tige-non-montante-NRS.png","width":768,"height":768,"caption":"Vannes \u00e0 tige non montante (NRS)"},{"@type":"BreadcrumbList","@id":"https:\/\/govalf.com\/fr\/product\/vannes-a-tige-non-montante-nrs\/#breadcrumb","itemListElement":[{"@type":"ListItem","position":1,"name":"Anasayfa","item":"http:\/\/govalf.com\/fr\/"},{"@type":"ListItem","position":2,"name":"Products","item":"http:\/\/govalf.com\/fr\/des-produits\/"},{"@type":"ListItem","position":3,"name":"Vannes \u00e0 tige non montante (NRS)"}]},{"@type":"WebSite","@id":"http:\/\/govalf.com\/ru\/#website","url":"http:\/\/govalf.com\/ru\/","name":"Go Valf Vana ve Pompa Sistemleri","description":"Yang\u0131n S\u00f6nd\u00fcrme Sistemleri ve Ekipmanlar\u0131","publisher":{"@id":"http:\/\/govalf.com\/ru\/#organization"},"potentialAction":[{"@type":"SearchAction","target":{"@type":"EntryPoint","urlTemplate":"http:\/\/govalf.com\/ru\/?s={search_term_string}"},"query-input":{"@type":"PropertyValueSpecification","valueRequired":true,"valueName":"search_term_string"}}],"inLanguage":"fr-FR"},{"@type":"Organization","@id":"http:\/\/govalf.com\/ru\/#organization","name":"Go Valf","url":"http:\/\/govalf.com\/ru\/","logo":{"@type":"ImageObject","inLanguage":"fr-FR","@id":"http:\/\/govalf.com\/ru\/#\/schema\/logo\/image\/","url":"https:\/\/govalf.com\/wp-content\/uploads\/2022\/02\/go-valf-logo.png","contentUrl":"https:\/\/govalf.com\/wp-content\/uploads\/2022\/02\/go-valf-logo.png","width":504,"height":120,"caption":"Go Valf"},"image":{"@id":"http:\/\/govalf.com\/ru\/#\/schema\/logo\/image\/"}}]}},"_links":{"self":[{"href":"http:\/\/govalf.com\/fr\/wp-json\/wp\/v2\/product\/4405","targetHints":{"allow":["GET"]}}],"collection":[{"href":"http:\/\/govalf.com\/fr\/wp-json\/wp\/v2\/product"}],"about":[{"href":"http:\/\/govalf.com\/fr\/wp-json\/wp\/v2\/types\/product"}],"replies":[{"embeddable":true,"href":"http:\/\/govalf.com\/fr\/wp-json\/wp\/v2\/comments?post=4405"}],"wp:featuredmedia":[{"embeddable":true,"href":"http:\/\/govalf.com\/fr\/wp-json\/wp\/v2\/media\/6150"}],"wp:attachment":[{"href":"http:\/\/govalf.com\/fr\/wp-json\/wp\/v2\/media?parent=4405"}],"wp:term":[{"taxonomy":"product_brand","embeddable":true,"href":"http:\/\/govalf.com\/fr\/wp-json\/wp\/v2\/product_brand?post=4405"},{"taxonomy":"product_cat","embeddable":true,"href":"http:\/\/govalf.com\/fr\/wp-json\/wp\/v2\/product_cat?post=4405"},{"taxonomy":"product_tag","embeddable":true,"href":"http:\/\/govalf.com\/fr\/wp-json\/wp\/v2\/product_tag?post=4405"}],"curies":[{"name":"wp","href":"https:\/\/api.w.org\/{rel}","templated":true}]}}