{"id":4430,"date":"2022-02-17T18:24:09","date_gmt":"2022-03-22T13:50:40","guid":{"rendered":"https:\/\/govalf.com\/product\/arbre-montant-de-la-vanne-a-vanne\/"},"modified":"2022-07-25T13:15:17","modified_gmt":"2022-07-25T13:15:17","slug":"vanne-superieure-a-axe-de-vanne","status":"publish","type":"product","link":"http:\/\/govalf.com\/fr\/product\/vanne-superieure-a-axe-de-vanne\/","title":{"rendered":"Tige Montante de Vanne \u00e0 Vanne"},"content":{"rendered":"<p><strong>Tige montante de vanne \u00e0 vanne;\u00a0<\/strong>Le robinet-vanne est une vanne \u00e0 axe montant, qui pr\u00e9sente la particularit\u00e9 de contr\u00f4ler ou de couper le d\u00e9bit en s\u00e9parant les zones dans les installations incendie. Les vannes \u00e0 tige montante, qui effectuent la m\u00eame t\u00e2che que les vannes papillon conventionnelles, peuvent \u00e9galement avoir la caract\u00e9ristique d&rsquo;\u00eatre surveill\u00e9es \u00e9lectriquement avec un interrupteur de surveillance. Lorsque la vanne \u00e0 tige montante est en position compl\u00e8tement ouverte, elle n&rsquo;affecte pas le d\u00e9bit, le d\u00e9bit et la direction de l&rsquo;eau dans l&rsquo;installation. Robinet-vanne \u00e0 tige montante\u00a0; Il convient aux connexions filet\u00e9es, filet\u00e9es ou \u00e0 brides. Bien qu&rsquo;elles soient \u00e9galement utilis\u00e9es dans les installations d&rsquo;eau froide et d&rsquo;eau chaude, les vannes \u00e0 tige montante sont plus couramment pr\u00e9f\u00e9r\u00e9es dans les installations d&rsquo;incendie.<\/p>\n<p><strong>Qu&rsquo;est-ce que la tige montante du robinet-vanne et \u00e0 quoi sert-elle\u00a0?<\/strong><\/p>\n<p>Le robinet-vanne \u00e0 tige montante occupe une place tr\u00e8s critique dans le cadre de la garantie ou de l&rsquo;interruption du d\u00e9bit de fluide dans le syst\u00e8me. Ces vannes, qui permettent de suivre le liquide, notamment dans les installations anti-incendie, \u00e9vitent la destruction caus\u00e9e par la fermeture de la vanne en cas d&rsquo;incendie \u00e9ventuel.<\/p>\n<p>Les vannes \u00e0 tige montante ont un faible couple de fonctionnement. Gr\u00e2ce \u00e0 cette fonctionnalit\u00e9, il peut \u00eatre utilis\u00e9 facilement pendant plus longtemps. Il convient \u00e0 une utilisation entre -21 et +110 degr\u00e9s de temp\u00e9rature. Il poss\u00e8de un certificat d&rsquo;approbation FM et a pass\u00e9 avec succ\u00e8s les tests internationaux en termes de performances. Le principal avantage de la vanne \u00e0 tige montante, contrairement aux vannes papillon, est qu&rsquo;elle permet une perte de charge plus faible.<\/p>\n<p><strong>Qu&rsquo;est-ce que la tige montante du robinet-vanne\u00a0?<\/strong><\/p>\n<p>Le robinet-vanne est un axe montant, avec sa d\u00e9finition la plus g\u00e9n\u00e9rale, une vanne de r\u00e9gulation locale. Le robinet-vanne \u00e0 tige montante, qui permet de contr\u00f4ler le d\u00e9bit de liquide, convient \u00e9galement comme vanne d&rsquo;arr\u00eat dans les conduites d&rsquo;alimentation en eau. \u00a0Contrairement aux vannes papillon, il cr\u00e9e moins de pertes hydrauliques. Le corps de vanne et le couvercle sup\u00e9rieur sont en fonte stefo.<\/p>\n<p>Qui a une fonction d&rsquo;\u00e9tanch\u00e9it\u00e9 \u00e0 100%, a un principe de fonctionnement sp\u00e9cial. Le mouvement de la broche des vannes \u00e0 opercule, qui permet de suivre visuellement le d\u00e9bit du liquide, indique que la vanne est en position ouverte. Il est \u00e9galement possible de surveiller \u00e9lectriquement le mouvement du fluide dans le syst\u00e8me en montant un interrupteur de surveillance.<\/p>\n<p><strong>Que fait la broche montante de la soupape \u00e0 vanne\u00a0?<\/strong><\/p>\n<p>Le robinet-vanne \u00e0 tige montante a pour fonction de contr\u00f4ler si les installations d&rsquo;incendie fonctionnent conform\u00e9ment \u00e0 leur destination. Bien qu&rsquo;elles remplissent une fonction similaire aux vannes papillon, les vannes \u00e0 tige montante sont des vannes d&rsquo;arr\u00eat. Par cons\u00e9quent, il a \u00e9galement pour fonction d&#8217;emp\u00eacher l&rsquo;\u00e9coulement de liquide. Il offre \u00e9galement la possibilit\u00e9 de contr\u00f4ler \u00e9lectroniquement si le syst\u00e8me fonctionne \u00e0 l&rsquo;aide du commutateur de surveillance.<\/p>\n<p>La fonction la plus fondamentale des vannes \u00e0 tige montante est de pr\u00e9venir les dommages pouvant survenir dans le syst\u00e8me d&rsquo;extinction d&rsquo;incendie. Afin d&rsquo;\u00e9viter que le d\u00e9bit de liquide ne soit bloqu\u00e9 pour diff\u00e9rentes raisons, le contr\u00f4le peut \u00eatre effectu\u00e9 avec une vanne \u00e0 tige montante. Aujourd&rsquo;hui, il a une large gamme d&rsquo;utilisations, y compris dans le domaine industriel.<\/p>\n<p><strong>O\u00f9 la broche montante de la vanne \u00e0 vanne est-elle utilis\u00e9e\u00a0?<\/strong><\/p>\n<p>Le robinet-vanne a une large gamme d&rsquo;utilisations en raison de sa broche montante, de ses fonctions de coupe et de surveillance du liquide. Cependant, il joue un r\u00f4le essentiel, en particulier dans les syst\u00e8mes d&rsquo;extinction d&rsquo;incendie. Dans les syst\u00e8mes d&rsquo;extinction d&rsquo;incendie, les vannes \u00e0 tige montante, qui permettent de contr\u00f4ler si le syst\u00e8me fonctionne correctement ou non, sont \u00e9galement largement utilis\u00e9es dans les conduites d&rsquo;eau froide et chaude.<\/p>\n<p>Les domaines d&rsquo;utilisation des vannes \u00e0 tige montante peuvent \u00eatre exprim\u00e9s comme suit\u00a0:<\/p>\n<ul>\n<li>Dans les syst\u00e8mes de gicleurs d&rsquo;extinction d&rsquo;incendie,<\/li>\n<li>Dans les installations d&rsquo;eau froide,<\/li>\n<li>Dans les installations d&rsquo;eau chaude,<\/li>\n<li>Dans les applications de centrales \u00e9lectriques,<\/li>\n<li>Dans la zone industrielle<\/li>\n<\/ul>\n<p>Le robinet-vanne \u00e0 tige montante homologu\u00e9 FM convient aux raccordements \u00e0 brides. Il est sp\u00e9cialement con\u00e7u pour une utilisation \u00e0 long terme sans probl\u00e8me et efficace.<\/p>\n<div class=\"title_style1\">\n<h2><a href=\"https:\/\/govalf.com\/fr\/la-communication\/\">LA COMMUNICATION<\/a><\/h2>\n<\/div>\n<div class=\"contact_list__wrapper\">\n<div class=\"contact1__item border-bottom-widget pb-35 mt-40\">\n<div class=\"contact1__thumb\"><\/div>\n<\/div>\n<\/div>\n<p>NORMES DE FABRICATION<br \/>\nDN65 \u2192 DN300<br \/>\n300PSI -20 bars<br \/>\nConception AWWA C515<br \/>\nRaccordement ASME\/ANSI B16.1 Classe 150 Bride<br \/>\nDimensions front \u00e0 front ASME B16.10<br \/>\nEssais EN 12266-1<br \/>\nMarquage EN 19<br \/>\nClasse de pression EN 12266-1<br \/>\nPeinture rev\u00eatement en poudre \u00e9lectrostatique<\/p>\n<p>CARACT\u00c9RISTIQUES<\/p>\n<p>La position de la vanne coupe-feu peut \u00eatre surveill\u00e9e par l&rsquo;axe du volant d&rsquo;inertie. Cela \u00e9vite d&rsquo;endommager la vanne en position ferm\u00e9e lors d&rsquo;un \u00e9ventuel incendie.<br \/>\nIl fournit une perte de charge plus faible que les vannes papillon.<br \/>\nLa cale rev\u00eatue d&rsquo;EPDM, en plein contact avec la surface d&rsquo;\u00e9coulement rev\u00eatue de poudre, assure une \u00e9tanch\u00e9it\u00e9 \u00e0 100 %.<br \/>\nLe roulement et la partie sup\u00e9rieure des \u00e9crous d&rsquo;arbre sont en laiton MS58.<br \/>\nLes surfaces internes et externes sont recouvertes d&rsquo;un minimum de peinture en poudre \u00e9lectrostatique de 250 microns.<br \/>\nC&rsquo;est une connexion \u00e0 bride.<br \/>\nIl est certifi\u00e9 FM.<br \/>\nCorps et couvercle sup\u00e9rieur en fonte ductile.<br \/>\nCouple de fonctionnement inf\u00e9rieur con\u00e7u pour une dur\u00e9e de vie plus longue.<\/p>\n<p>CHAMP D&rsquo;APPLICATION<\/p>\n<p>conduites d&rsquo;eau chaude<br \/>\nconduites d&rsquo;eau froide<br \/>\napplications incendie<br \/>\ncentrales \u00e9lectriques<br \/>\nIndustrie<\/p>\n<p>CHAUFFER<\/p>\n<p>-21\u00b0C ~ +110\u00b0C<\/p>\n","protected":false},"excerpt":{"rendered":"<p>Tige montante de vanne \u00e0 vanne;\u00a0Le robinet-vanne est une vanne \u00e0 axe montant, qui pr\u00e9sente la particularit\u00e9 de contr\u00f4ler ou de couper le d\u00e9bit en s\u00e9parant les zones dans les installations incendie. Les vannes \u00e0 tige montante, qui effectuent la m\u00eame t\u00e2che que les vannes papillon conventionnelles, peuvent \u00e9galement avoir la caract\u00e9ristique d&rsquo;\u00eatre surveill\u00e9es \u00e9lectriquement [&hellip;]<\/p>\n","protected":false},"featured_media":6047,"comment_status":"closed","ping_status":"closed","template":"","meta":{"_acf_changed":false},"product_brand":[],"product_cat":[121],"product_tag":[],"class_list":{"0":"post-4430","1":"product","2":"type-product","3":"status-publish","4":"has-post-thumbnail","6":"product_cat-vannes","8":"first","9":"instock","10":"shipping-taxable","11":"purchasable","12":"product-type-simple"},"acf":[],"yoast_head":"<!-- This site is optimized with the Yoast SEO plugin v27.4 - https:\/\/yoast.com\/product\/yoast-seo-wordpress\/ -->\n<title>Tige Montante de Vanne \u00e0 Vanne - GOVALF<\/title>\n<meta name=\"description\" content=\"Tige montante de vanne \u00e0 vanne;\u00a0Le robinet-vanne est une vanne \u00e0 axe montant, qui pr\u00e9sente la particularit\u00e9 de contr\u00f4ler ou de\" \/>\n<meta name=\"robots\" content=\"index, follow, max-snippet:-1, max-image-preview:large, max-video-preview:-1\" \/>\n<link rel=\"canonical\" href=\"http:\/\/govalf.com\/fr\/product\/vanne-superieure-a-axe-de-vanne\/\" \/>\n<meta property=\"og:locale\" content=\"fr_FR\" \/>\n<meta property=\"og:type\" content=\"article\" \/>\n<meta property=\"og:title\" content=\"Tige Montante de Vanne \u00e0 Vanne - GOVALF\" \/>\n<meta property=\"og:description\" content=\"Tige montante de vanne \u00e0 vanne;\u00a0Le robinet-vanne est une vanne \u00e0 axe montant, qui pr\u00e9sente la particularit\u00e9 de contr\u00f4ler ou de\" \/>\n<meta property=\"og:url\" content=\"http:\/\/govalf.com\/fr\/product\/vanne-superieure-a-axe-de-vanne\/\" \/>\n<meta property=\"og:site_name\" content=\"Go Valf Vana ve Pompa Sistemleri\" \/>\n<meta property=\"article:modified_time\" content=\"2022-07-25T13:15:17+00:00\" \/>\n<meta property=\"og:image\" content=\"http:\/\/govalf.com\/wp-content\/uploads\/2022\/02\/Tige-montante-de-vanne-a\u0300-vanne.png\" \/>\n\t<meta property=\"og:image:width\" content=\"768\" \/>\n\t<meta property=\"og:image:height\" content=\"768\" \/>\n\t<meta property=\"og:image:type\" content=\"image\/png\" \/>\n<meta name=\"twitter:card\" content=\"summary_large_image\" \/>\n<meta name=\"twitter:label1\" content=\"Dur\u00e9e de lecture estim\u00e9e\" \/>\n\t<meta name=\"twitter:data1\" content=\"4 minutes\" \/>\n<script type=\"application\/ld+json\" class=\"yoast-schema-graph\">{\"@context\":\"https:\\\/\\\/schema.org\",\"@graph\":[{\"@type\":\"WebPage\",\"@id\":\"http:\\\/\\\/govalf.com\\\/fr\\\/product\\\/vanne-superieure-a-axe-de-vanne\\\/\",\"url\":\"http:\\\/\\\/govalf.com\\\/fr\\\/product\\\/vanne-superieure-a-axe-de-vanne\\\/\",\"name\":\"Tige Montante de Vanne \u00e0 Vanne - GOVALF\",\"isPartOf\":{\"@id\":\"http:\\\/\\\/govalf.com\\\/ru\\\/#website\"},\"primaryImageOfPage\":{\"@id\":\"http:\\\/\\\/govalf.com\\\/fr\\\/product\\\/vanne-superieure-a-axe-de-vanne\\\/#primaryimage\"},\"image\":{\"@id\":\"http:\\\/\\\/govalf.com\\\/fr\\\/product\\\/vanne-superieure-a-axe-de-vanne\\\/#primaryimage\"},\"thumbnailUrl\":\"http:\\\/\\\/govalf.com\\\/wp-content\\\/uploads\\\/2022\\\/02\\\/Tige-montante-de-vanne-a\u0300-vanne.png\",\"datePublished\":\"2022-03-22T13:50:40+00:00\",\"dateModified\":\"2022-07-25T13:15:17+00:00\",\"description\":\"Tige montante de vanne \u00e0 vanne;\u00a0Le robinet-vanne est une vanne \u00e0 axe montant, qui pr\u00e9sente la particularit\u00e9 de contr\u00f4ler ou de\",\"breadcrumb\":{\"@id\":\"http:\\\/\\\/govalf.com\\\/fr\\\/product\\\/vanne-superieure-a-axe-de-vanne\\\/#breadcrumb\"},\"inLanguage\":\"fr-FR\",\"potentialAction\":[{\"@type\":\"ReadAction\",\"target\":[\"http:\\\/\\\/govalf.com\\\/fr\\\/product\\\/vanne-superieure-a-axe-de-vanne\\\/\"]}]},{\"@type\":\"ImageObject\",\"inLanguage\":\"fr-FR\",\"@id\":\"http:\\\/\\\/govalf.com\\\/fr\\\/product\\\/vanne-superieure-a-axe-de-vanne\\\/#primaryimage\",\"url\":\"http:\\\/\\\/govalf.com\\\/wp-content\\\/uploads\\\/2022\\\/02\\\/Tige-montante-de-vanne-a\u0300-vanne.png\",\"contentUrl\":\"http:\\\/\\\/govalf.com\\\/wp-content\\\/uploads\\\/2022\\\/02\\\/Tige-montante-de-vanne-a\u0300-vanne.png\",\"width\":768,\"height\":768,\"caption\":\"Tige montante de vanne \u00e0 vanne\"},{\"@type\":\"BreadcrumbList\",\"@id\":\"http:\\\/\\\/govalf.com\\\/fr\\\/product\\\/vanne-superieure-a-axe-de-vanne\\\/#breadcrumb\",\"itemListElement\":[{\"@type\":\"ListItem\",\"position\":1,\"name\":\"Anasayfa\",\"item\":\"http:\\\/\\\/govalf.com\\\/fr\\\/\"},{\"@type\":\"ListItem\",\"position\":2,\"name\":\"Products\",\"item\":\"http:\\\/\\\/govalf.com\\\/ru\\\/%d0%bf%d1%80%d0%be%d0%b4%d1%83%d0%ba%d1%82%d1%8b\\\/\"},{\"@type\":\"ListItem\",\"position\":3,\"name\":\"Tige Montante de Vanne \u00e0 Vanne\"}]},{\"@type\":\"WebSite\",\"@id\":\"http:\\\/\\\/govalf.com\\\/ru\\\/#website\",\"url\":\"http:\\\/\\\/govalf.com\\\/ru\\\/\",\"name\":\"Go Valf Vana ve Pompa Sistemleri\",\"description\":\"Yang\u0131n S\u00f6nd\u00fcrme Sistemleri ve Ekipmanlar\u0131\",\"publisher\":{\"@id\":\"http:\\\/\\\/govalf.com\\\/ru\\\/#organization\"},\"potentialAction\":[{\"@type\":\"SearchAction\",\"target\":{\"@type\":\"EntryPoint\",\"urlTemplate\":\"http:\\\/\\\/govalf.com\\\/ru\\\/?s={search_term_string}\"},\"query-input\":{\"@type\":\"PropertyValueSpecification\",\"valueRequired\":true,\"valueName\":\"search_term_string\"}}],\"inLanguage\":\"fr-FR\"},{\"@type\":\"Organization\",\"@id\":\"http:\\\/\\\/govalf.com\\\/ru\\\/#organization\",\"name\":\"Go Valf\",\"url\":\"http:\\\/\\\/govalf.com\\\/ru\\\/\",\"logo\":{\"@type\":\"ImageObject\",\"inLanguage\":\"fr-FR\",\"@id\":\"http:\\\/\\\/govalf.com\\\/ru\\\/#\\\/schema\\\/logo\\\/image\\\/\",\"url\":\"https:\\\/\\\/govalf.com\\\/wp-content\\\/uploads\\\/2022\\\/02\\\/go-valf-logo.png\",\"contentUrl\":\"https:\\\/\\\/govalf.com\\\/wp-content\\\/uploads\\\/2022\\\/02\\\/go-valf-logo.png\",\"width\":504,\"height\":120,\"caption\":\"Go Valf\"},\"image\":{\"@id\":\"http:\\\/\\\/govalf.com\\\/ru\\\/#\\\/schema\\\/logo\\\/image\\\/\"}}]}<\/script>\n<!-- \/ Yoast SEO plugin. -->","yoast_head_json":{"title":"Tige Montante de Vanne \u00e0 Vanne - GOVALF","description":"Tige montante de vanne \u00e0 vanne;\u00a0Le robinet-vanne est une vanne \u00e0 axe montant, qui pr\u00e9sente la particularit\u00e9 de contr\u00f4ler ou de","robots":{"index":"index","follow":"follow","max-snippet":"max-snippet:-1","max-image-preview":"max-image-preview:large","max-video-preview":"max-video-preview:-1"},"canonical":"http:\/\/govalf.com\/fr\/product\/vanne-superieure-a-axe-de-vanne\/","og_locale":"fr_FR","og_type":"article","og_title":"Tige Montante de Vanne \u00e0 Vanne - GOVALF","og_description":"Tige montante de vanne \u00e0 vanne;\u00a0Le robinet-vanne est une vanne \u00e0 axe montant, qui pr\u00e9sente la particularit\u00e9 de contr\u00f4ler ou de","og_url":"http:\/\/govalf.com\/fr\/product\/vanne-superieure-a-axe-de-vanne\/","og_site_name":"Go Valf Vana ve Pompa Sistemleri","article_modified_time":"2022-07-25T13:15:17+00:00","og_image":[{"width":768,"height":768,"url":"http:\/\/govalf.com\/wp-content\/uploads\/2022\/02\/Tige-montante-de-vanne-a\u0300-vanne.png","type":"image\/png"}],"twitter_card":"summary_large_image","twitter_misc":{"Dur\u00e9e de lecture estim\u00e9e":"4 minutes"},"schema":{"@context":"https:\/\/schema.org","@graph":[{"@type":"WebPage","@id":"http:\/\/govalf.com\/fr\/product\/vanne-superieure-a-axe-de-vanne\/","url":"http:\/\/govalf.com\/fr\/product\/vanne-superieure-a-axe-de-vanne\/","name":"Tige Montante de Vanne \u00e0 Vanne - GOVALF","isPartOf":{"@id":"http:\/\/govalf.com\/ru\/#website"},"primaryImageOfPage":{"@id":"http:\/\/govalf.com\/fr\/product\/vanne-superieure-a-axe-de-vanne\/#primaryimage"},"image":{"@id":"http:\/\/govalf.com\/fr\/product\/vanne-superieure-a-axe-de-vanne\/#primaryimage"},"thumbnailUrl":"http:\/\/govalf.com\/wp-content\/uploads\/2022\/02\/Tige-montante-de-vanne-a\u0300-vanne.png","datePublished":"2022-03-22T13:50:40+00:00","dateModified":"2022-07-25T13:15:17+00:00","description":"Tige montante de vanne \u00e0 vanne;\u00a0Le robinet-vanne est une vanne \u00e0 axe montant, qui pr\u00e9sente la particularit\u00e9 de contr\u00f4ler ou de","breadcrumb":{"@id":"http:\/\/govalf.com\/fr\/product\/vanne-superieure-a-axe-de-vanne\/#breadcrumb"},"inLanguage":"fr-FR","potentialAction":[{"@type":"ReadAction","target":["http:\/\/govalf.com\/fr\/product\/vanne-superieure-a-axe-de-vanne\/"]}]},{"@type":"ImageObject","inLanguage":"fr-FR","@id":"http:\/\/govalf.com\/fr\/product\/vanne-superieure-a-axe-de-vanne\/#primaryimage","url":"http:\/\/govalf.com\/wp-content\/uploads\/2022\/02\/Tige-montante-de-vanne-a\u0300-vanne.png","contentUrl":"http:\/\/govalf.com\/wp-content\/uploads\/2022\/02\/Tige-montante-de-vanne-a\u0300-vanne.png","width":768,"height":768,"caption":"Tige montante de vanne \u00e0 vanne"},{"@type":"BreadcrumbList","@id":"http:\/\/govalf.com\/fr\/product\/vanne-superieure-a-axe-de-vanne\/#breadcrumb","itemListElement":[{"@type":"ListItem","position":1,"name":"Anasayfa","item":"http:\/\/govalf.com\/fr\/"},{"@type":"ListItem","position":2,"name":"Products","item":"http:\/\/govalf.com\/ru\/%d0%bf%d1%80%d0%be%d0%b4%d1%83%d0%ba%d1%82%d1%8b\/"},{"@type":"ListItem","position":3,"name":"Tige Montante de Vanne \u00e0 Vanne"}]},{"@type":"WebSite","@id":"http:\/\/govalf.com\/ru\/#website","url":"http:\/\/govalf.com\/ru\/","name":"Go Valf Vana ve Pompa Sistemleri","description":"Yang\u0131n S\u00f6nd\u00fcrme Sistemleri ve Ekipmanlar\u0131","publisher":{"@id":"http:\/\/govalf.com\/ru\/#organization"},"potentialAction":[{"@type":"SearchAction","target":{"@type":"EntryPoint","urlTemplate":"http:\/\/govalf.com\/ru\/?s={search_term_string}"},"query-input":{"@type":"PropertyValueSpecification","valueRequired":true,"valueName":"search_term_string"}}],"inLanguage":"fr-FR"},{"@type":"Organization","@id":"http:\/\/govalf.com\/ru\/#organization","name":"Go Valf","url":"http:\/\/govalf.com\/ru\/","logo":{"@type":"ImageObject","inLanguage":"fr-FR","@id":"http:\/\/govalf.com\/ru\/#\/schema\/logo\/image\/","url":"https:\/\/govalf.com\/wp-content\/uploads\/2022\/02\/go-valf-logo.png","contentUrl":"https:\/\/govalf.com\/wp-content\/uploads\/2022\/02\/go-valf-logo.png","width":504,"height":120,"caption":"Go Valf"},"image":{"@id":"http:\/\/govalf.com\/ru\/#\/schema\/logo\/image\/"}}]}},"_links":{"self":[{"href":"http:\/\/govalf.com\/fr\/wp-json\/wp\/v2\/product\/4430","targetHints":{"allow":["GET"]}}],"collection":[{"href":"http:\/\/govalf.com\/fr\/wp-json\/wp\/v2\/product"}],"about":[{"href":"http:\/\/govalf.com\/fr\/wp-json\/wp\/v2\/types\/product"}],"replies":[{"embeddable":true,"href":"http:\/\/govalf.com\/fr\/wp-json\/wp\/v2\/comments?post=4430"}],"wp:featuredmedia":[{"embeddable":true,"href":"http:\/\/govalf.com\/fr\/wp-json\/wp\/v2\/media\/6047"}],"wp:attachment":[{"href":"http:\/\/govalf.com\/fr\/wp-json\/wp\/v2\/media?parent=4430"}],"wp:term":[{"taxonomy":"product_brand","embeddable":true,"href":"http:\/\/govalf.com\/fr\/wp-json\/wp\/v2\/product_brand?post=4430"},{"taxonomy":"product_cat","embeddable":true,"href":"http:\/\/govalf.com\/fr\/wp-json\/wp\/v2\/product_cat?post=4430"},{"taxonomy":"product_tag","embeddable":true,"href":"http:\/\/govalf.com\/fr\/wp-json\/wp\/v2\/product_tag?post=4430"}],"curies":[{"name":"wp","href":"https:\/\/api.w.org\/{rel}","templated":true}]}}