{"id":4482,"date":"2022-02-17T18:06:15","date_gmt":"2022-03-22T14:00:29","guid":{"rendered":"https:\/\/govalf.com\/product\/vanne-a-boisseau-spherique-a-passage-integral-pn-16-2-pieces\/"},"modified":"2022-06-24T10:23:00","modified_gmt":"2022-06-24T10:23:00","slug":"vanne-a-boisseau-spherique-a-passage-integral-pn-16-2-pieces","status":"publish","type":"product","link":"http:\/\/govalf.com\/fr\/product\/vanne-a-boisseau-spherique-a-passage-integral-pn-16-2-pieces\/","title":{"rendered":"Vanne \u00e0 boisseau sph\u00e9rique \u00e0 passage int\u00e9gral PN 16 (2 pi\u00e8ces)"},"content":{"rendered":"<p><strong>Vanne \u00e0 boisseau sph\u00e9rique \u00e0 passage int\u00e9gral PN 16 (2 pi\u00e8ces)<\/strong><\/p>\n<p>Le robinet \u00e0 boisseau sph\u00e9rique \u00e0 passage int\u00e9gral PN16 est un type de robinet \u00e0 passage int\u00e9gral en deux pi\u00e8ces. Le robinet \u00e0 tournant sph\u00e9rique haute performance est pr\u00e9f\u00e9r\u00e9 dans de nombreux domaines. Il est utilis\u00e9 dans les syst\u00e8mes d&rsquo;eau chaude et froide ainsi que dans les syst\u00e8mes d&rsquo;air comprim\u00e9. Le principe de fonctionnement de la vanne passe-plein est assez simple. Travaillant avec une sph\u00e8re avec un trou de la m\u00eame taille que la section d&rsquo;\u00e9coulement, il permet un virage \u00e0 90 degr\u00e9s.<\/p>\n<p>Le robinet \u00e0 tournant sph\u00e9rique, qui peut \u00eatre utilis\u00e9 dans deux directions, a une structure qui peut \u00eatre utilis\u00e9e en position compl\u00e8tement ouverte ou compl\u00e8tement ferm\u00e9e. La vanne, qui peut \u00eatre actionn\u00e9e avec une valeur de couple inf\u00e9rieure, dispose d&rsquo;un syst\u00e8me en 2 parties. Il y a un trou \u00e0 l&rsquo;extr\u00e9mit\u00e9 de l&rsquo;arbre dans le syst\u00e8me. Une bille en \u00e9quilibre entre deux joints effectue un quart de tour ou un tour de 90 degr\u00e9s sur l&rsquo;axe du trou de passage du fluide.<\/p>\n<p>Qu&rsquo;est-ce qu&rsquo;un robinet \u00e0 boisseau sph\u00e9rique \u00e0 passage int\u00e9gral PN16 (2 pi\u00e8ces) et \u00e0 quoi sert-il ?<\/p>\n<p>\u00c9valu\u00e9 parmi les robinets \u00e0 tournant sph\u00e9rique, le robinet \u00e0 tournant sph\u00e9rique \u00e0 passage int\u00e9gral PN16 est dot\u00e9 d&rsquo;un syst\u00e8me \u00e0 passage int\u00e9gral. Les robinets \u00e0 tournant sph\u00e9rique produits selon les normes TS 3148 \/ DIN 3357 ont pass\u00e9 les tests TS EN 12266-1. Il contr\u00f4le le d\u00e9bit de liquide ou de gaz et permet une utilisation durable.<\/p>\n<p>Les vannes \u00e0 boisseau sph\u00e9rique \u00e0 passage int\u00e9gral PN 16 ont de nombreuses caract\u00e9ristiques et les caract\u00e9ristiques qui assurent le bon fonctionnement du syst\u00e8me sont les suivantes:<\/p>\n<ul>\n<li>Il a un trou de la m\u00eame taille que la section de passage et fonctionne \u00e0 l&rsquo;int\u00e9rieur du syst\u00e8me pour contr\u00f4ler le d\u00e9bit de liquide ou de gaz. La sph\u00e8re effectue un tour de 90 degr\u00e9s ou un quart de tour entre les paliers en t\u00e9flon verticaux ou parall\u00e8les.<\/li>\n<li>Les roulements en t\u00e9flon sont renforc\u00e9s par des ressorts \u00e0 lames en acier inoxydable.<\/li>\n<li>Il offre une \u00e9tanch\u00e9it\u00e9 maximale m\u00eame aux valeurs de pression les plus basses et les plus \u00e9lev\u00e9es.<\/li>\n<li>Il peut \u00eatre utilis\u00e9 en \u00e9tant mont\u00e9 sur la pompe rapidement et facilement sans avoir besoin d&rsquo;une pi\u00e8ce suppl\u00e9mentaire.<\/li>\n<li>Il n&rsquo;y a pas de perte de pression dans le syst\u00e8me m\u00eame lorsqu&rsquo;il est en position compl\u00e8tement ouverte.<\/li>\n<li>Il est con\u00e7u pour \u00eatre utilis\u00e9 dans des situations enti\u00e8rement ouvertes ou ferm\u00e9es.<\/li>\n<\/ul>\n<p>Qu&rsquo;est-ce que le robinet \u00e0 boisseau sph\u00e9rique \u00e0 passage int\u00e9gral PN16 (2 pi\u00e8ces)\u00a0?<\/p>\n<p>Le robinet \u00e0 boisseau sph\u00e9rique \u00e0 passage int\u00e9gral PN 16, qui est pr\u00e9f\u00e9r\u00e9 dans de nombreux domaines, permet de contr\u00f4ler le gaz ou le liquide dans le syst\u00e8me. Puisqu&rsquo;ils peuvent \u00eatre utilis\u00e9s dans deux directions, ils ont une large zone d&rsquo;utilisation. Le mat\u00e9riau en t\u00e9flon est compatible dans divers fluides. Gr\u00e2ce \u00e0 cela, il peut r\u00e9sister m\u00eame \u00e0 des temp\u00e9ratures \u00e9lev\u00e9es.<\/p>\n<p>Que fait le robinet \u00e0 boisseau sph\u00e9rique \u00e0 passage int\u00e9gral PN16 (2 pi\u00e8ces)\u00a0?<\/p>\n<p>L&rsquo;objectif principal de la vanne \u00e0 boisseau sph\u00e9rique \u00e0 passage int\u00e9gral PN16 est de contr\u00f4ler le gaz ou le liquide dans le syst\u00e8me via un certain m\u00e9canisme. Il peut \u00eatre utilis\u00e9 compl\u00e8tement ouvert ou compl\u00e8tement ferm\u00e9. En plus d&rsquo;\u00eatre utilis\u00e9 avec des valeurs de couple plus faibles, le produit est \u00e9galement tr\u00e8s facile \u00e0 installer. Il est \u00e9galement possible d&rsquo;affirmer qu&rsquo;il a une valeur d&rsquo;\u00e9tanch\u00e9it\u00e9 de 100 %.<\/p>\n<p>O\u00f9 le robinet \u00e0 boisseau sph\u00e9rique \u00e0 passage int\u00e9gral PN16 (2 pi\u00e8ces) est-il utilis\u00e9\u00a0?<\/p>\n<p>Le robinet \u00e0 boisseau sph\u00e9rique \u00e0 passage int\u00e9gral PN 16, qui est un produit en 2 pi\u00e8ces, peut \u00eatre utilis\u00e9 dans de nombreux domaines. Ces zones;<\/p>\n<ul>\n<li>Installation de l&rsquo;installation,<\/li>\n<li>Canalisations,<\/li>\n<li>Fluides sans valeur acide ou alcaline,<\/li>\n<li>Vapeur basse pression,<\/li>\n<li>Eau chaude,<\/li>\n<li>Le secteur de l&rsquo;industrie,<\/li>\n<li>R\u00e9servoirs,<\/li>\n<li>Centrales \u00e9lectriques,<\/li>\n<\/ul>\n<p>Le produit, qui peut fonctionner \u00e0 des temp\u00e9ratures allant jusqu&rsquo;\u00e0 +200 degr\u00e9s, int\u00e8gre des fonctionnalit\u00e9s innovantes. Il peut \u00eatre utilis\u00e9 \u00e0 un angle de 90 degr\u00e9s, il a une utilisation avantageuse. Il est possible d&rsquo;affirmer qu&rsquo;il est assez simple \u00e0 utiliser car il est install\u00e9 de mani\u00e8re pratique. Il a une utilisation efficace dans les syst\u00e8mes d&rsquo;irrigation ainsi que dans les zones d&rsquo;installation et industrielles. L&rsquo;\u00e9poxy humide industriel est utilis\u00e9 comme peinture dans le produit.<\/p>\n<p><strong>Vanne \u00e0 boisseau sph\u00e9rique \u00e0 passage int\u00e9gral PN 16 (2 pi\u00e8ces)<\/strong><\/p>\n<p>Large domaine d&rsquo;utilisation pour une utilisation dans les syst\u00e8mes industriels, de plomberie et d&rsquo;irrigation.<\/p>\n<ul>\n<li>NORMES DE FABRICATION<\/li>\n<li>DN15 \u2013 DN250<\/li>\n<li>PN 16<\/li>\n<li>Conception TS 3148 \/ DIN3357<\/li>\n<li>Raccordement EN 1092-2 \/ ISO 7005-2<\/li>\n<li>Face \u00e0 face DN15-DN150 : EN558 S\u00e9rie 14 \/ DIN 3202 F4<\/li>\n<li>DN200-DN250 : EN558 S\u00e9rie 27 \/ DIN 3202 F5<\/li>\n<li>Marquage TS EN 19<\/li>\n<li>Essais TS EN 12266-1<\/li>\n<li>Peinture \u00e9poxy de l&rsquo;\u00e8re industrielle<\/li>\n<\/ul>\n<p>CARACT\u00c9RISTIQUES<\/p>\n<ul>\n<li>Le robinet \u00e0 tournant sph\u00e9rique \u00e0 brides PN 16 fonctionne avec une sph\u00e8re avec un al\u00e9sage de la m\u00eame taille que la section de passage, la boule tourne d&rsquo;un quart de tour (90 degr\u00e9s) entre des si\u00e8ges en t\u00e9flon qui doivent \u00eatre parall\u00e8les ou verticaux.<\/li>\n<li>Il peut \u00eatre utilis\u00e9 de mani\u00e8re bidirectionnelle.<\/li>\n<li>Gr\u00e2ce aux paliers en T\u00e9flon (PTFE) renforc\u00e9s par des ressorts \u00e0 plaque en acier inoxydable, une \u00e9tanch\u00e9it\u00e9 \u00e0 100 % est assur\u00e9e aux valeurs de pression les plus basses et les plus \u00e9lev\u00e9es.<\/li>\n<li>Il peut \u00eatre mont\u00e9 directement sur la pompe sans avoir besoin d&rsquo;entretoises suppl\u00e9mentaires.<\/li>\n<li>La compatibilit\u00e9 du mat\u00e9riau T\u00e9flon dans divers fluides et sa r\u00e9sistance \u00e0 des temp\u00e9ratures plus \u00e9lev\u00e9es lui permettent d&rsquo;\u00eatre utilis\u00e9 dans une large gamme d&rsquo;applications.<\/li>\n<li>Il convient \u00e0 une utilisation en position compl\u00e8tement ouverte ou compl\u00e8tement ferm\u00e9e.<\/li>\n<li>En position pleine ouverture, la perte de charge est quasi nulle, car il n&rsquo;y a pas de r\u00e9duction de la section de passage.<\/li>\n<li>Peut \u00eatre utilis\u00e9 avec des valeurs de couple inf\u00e9rieures<\/li>\n<\/ul>\n<p>CHAMP D&rsquo;APPLICATION<\/p>\n<ul>\n<li>eau chaude et froide<\/li>\n<li>eau chaude<\/li>\n<li>vapeur basse pression<\/li>\n<li>centrales \u00e9lectriques<\/li>\n<li>Fluides sans propri\u00e9t\u00e9s acides ou alcalines.<\/li>\n<li>Mise en place de l&rsquo;installation.<\/li>\n<li>pipelines<\/li>\n<li>r\u00e9servoirs<\/li>\n<li>Industrie<\/li>\n<li>CHAUFFER<\/li>\n<li>+200 \u00b0C<\/li>\n<\/ul>\n","protected":false},"excerpt":{"rendered":"<p>Vanne \u00e0 boisseau sph\u00e9rique \u00e0 passage int\u00e9gral PN 16 (2 pi\u00e8ces) Le robinet \u00e0 boisseau sph\u00e9rique \u00e0 passage int\u00e9gral PN16 est un type de robinet \u00e0 passage int\u00e9gral en deux pi\u00e8ces. Le robinet \u00e0 tournant sph\u00e9rique haute performance est pr\u00e9f\u00e9r\u00e9 dans de nombreux domaines. Il est utilis\u00e9 dans les syst\u00e8mes d&rsquo;eau chaude et froide ainsi [&hellip;]<\/p>\n","protected":false},"featured_media":5768,"comment_status":"closed","ping_status":"closed","template":"","meta":{"_acf_changed":false},"product_brand":[],"product_cat":[121],"product_tag":[],"class_list":{"0":"post-4482","1":"product","2":"type-product","3":"status-publish","4":"has-post-thumbnail","6":"product_cat-vannes","8":"first","9":"instock","10":"shipping-taxable","11":"purchasable","12":"product-type-simple"},"acf":[],"yoast_head":"<!-- This site is optimized with the Yoast SEO plugin v27.4 - https:\/\/yoast.com\/product\/yoast-seo-wordpress\/ -->\n<title>Vanne \u00e0 boisseau sph\u00e9rique \u00e0 passage int\u00e9gral PN 16 (2 pi\u00e8ces)<\/title>\n<meta name=\"description\" content=\"Vanne \u00e0 boisseau sph\u00e9rique \u00e0 passage int\u00e9gral PN 16 (2 pi\u00e8ces)Le robinet \u00e0 boisseau sph\u00e9rique \u00e0 passage int\u00e9gral PN16 est un type de\" \/>\n<meta name=\"robots\" content=\"index, follow, max-snippet:-1, max-image-preview:large, max-video-preview:-1\" \/>\n<link rel=\"canonical\" href=\"http:\/\/govalf.com\/fr\/product\/vanne-a-boisseau-spherique-a-passage-integral-pn-16-2-pieces\/\" \/>\n<meta property=\"og:locale\" content=\"fr_FR\" \/>\n<meta property=\"og:type\" content=\"article\" \/>\n<meta property=\"og:title\" content=\"Vanne \u00e0 boisseau sph\u00e9rique \u00e0 passage int\u00e9gral PN 16 (2 pi\u00e8ces)\" \/>\n<meta property=\"og:description\" content=\"Vanne \u00e0 boisseau sph\u00e9rique \u00e0 passage int\u00e9gral PN 16 (2 pi\u00e8ces)Le robinet \u00e0 boisseau sph\u00e9rique \u00e0 passage int\u00e9gral PN16 est un type de\" \/>\n<meta property=\"og:url\" content=\"http:\/\/govalf.com\/fr\/product\/vanne-a-boisseau-spherique-a-passage-integral-pn-16-2-pieces\/\" \/>\n<meta property=\"og:site_name\" content=\"Go Valf Vana ve Pompa Sistemleri\" \/>\n<meta property=\"article:modified_time\" content=\"2022-06-24T10:23:00+00:00\" \/>\n<meta property=\"og:image\" content=\"http:\/\/govalf.com\/wp-content\/uploads\/2022\/02\/Vanne-a\u0300-boisseau-sphe\u0301rique-a\u0300-passage-inte\u0301gral-PN-16-2-pie\u0300ces.png\" \/>\n\t<meta property=\"og:image:width\" content=\"768\" \/>\n\t<meta property=\"og:image:height\" content=\"768\" \/>\n\t<meta property=\"og:image:type\" content=\"image\/png\" \/>\n<meta name=\"twitter:card\" content=\"summary_large_image\" \/>\n<meta name=\"twitter:label1\" content=\"Dur\u00e9e de lecture estim\u00e9e\" \/>\n\t<meta name=\"twitter:data1\" content=\"5 minutes\" \/>\n<script type=\"application\/ld+json\" class=\"yoast-schema-graph\">{\"@context\":\"https:\\\/\\\/schema.org\",\"@graph\":[{\"@type\":\"WebPage\",\"@id\":\"http:\\\/\\\/govalf.com\\\/fr\\\/product\\\/vanne-a-boisseau-spherique-a-passage-integral-pn-16-2-pieces\\\/\",\"url\":\"http:\\\/\\\/govalf.com\\\/fr\\\/product\\\/vanne-a-boisseau-spherique-a-passage-integral-pn-16-2-pieces\\\/\",\"name\":\"Vanne \u00e0 boisseau sph\u00e9rique \u00e0 passage int\u00e9gral PN 16 (2 pi\u00e8ces)\",\"isPartOf\":{\"@id\":\"https:\\\/\\\/govalf.com\\\/ar\\\/#website\"},\"primaryImageOfPage\":{\"@id\":\"http:\\\/\\\/govalf.com\\\/fr\\\/product\\\/vanne-a-boisseau-spherique-a-passage-integral-pn-16-2-pieces\\\/#primaryimage\"},\"image\":{\"@id\":\"http:\\\/\\\/govalf.com\\\/fr\\\/product\\\/vanne-a-boisseau-spherique-a-passage-integral-pn-16-2-pieces\\\/#primaryimage\"},\"thumbnailUrl\":\"http:\\\/\\\/govalf.com\\\/wp-content\\\/uploads\\\/2022\\\/02\\\/Vanne-a\u0300-boisseau-sphe\u0301rique-a\u0300-passage-inte\u0301gral-PN-16-2-pie\u0300ces.png\",\"datePublished\":\"2022-03-22T14:00:29+00:00\",\"dateModified\":\"2022-06-24T10:23:00+00:00\",\"description\":\"Vanne \u00e0 boisseau sph\u00e9rique \u00e0 passage int\u00e9gral PN 16 (2 pi\u00e8ces)Le robinet \u00e0 boisseau sph\u00e9rique \u00e0 passage int\u00e9gral PN16 est un type de\",\"breadcrumb\":{\"@id\":\"http:\\\/\\\/govalf.com\\\/fr\\\/product\\\/vanne-a-boisseau-spherique-a-passage-integral-pn-16-2-pieces\\\/#breadcrumb\"},\"inLanguage\":\"fr-FR\",\"potentialAction\":[{\"@type\":\"ReadAction\",\"target\":[\"http:\\\/\\\/govalf.com\\\/fr\\\/product\\\/vanne-a-boisseau-spherique-a-passage-integral-pn-16-2-pieces\\\/\"]}]},{\"@type\":\"ImageObject\",\"inLanguage\":\"fr-FR\",\"@id\":\"http:\\\/\\\/govalf.com\\\/fr\\\/product\\\/vanne-a-boisseau-spherique-a-passage-integral-pn-16-2-pieces\\\/#primaryimage\",\"url\":\"http:\\\/\\\/govalf.com\\\/wp-content\\\/uploads\\\/2022\\\/02\\\/Vanne-a\u0300-boisseau-sphe\u0301rique-a\u0300-passage-inte\u0301gral-PN-16-2-pie\u0300ces.png\",\"contentUrl\":\"http:\\\/\\\/govalf.com\\\/wp-content\\\/uploads\\\/2022\\\/02\\\/Vanne-a\u0300-boisseau-sphe\u0301rique-a\u0300-passage-inte\u0301gral-PN-16-2-pie\u0300ces.png\",\"width\":768,\"height\":768,\"caption\":\"Vanne \u00e0 boisseau sph\u00e9rique \u00e0 passage int\u00e9gral PN 16 (2 pi\u00e8ces)\"},{\"@type\":\"BreadcrumbList\",\"@id\":\"http:\\\/\\\/govalf.com\\\/fr\\\/product\\\/vanne-a-boisseau-spherique-a-passage-integral-pn-16-2-pieces\\\/#breadcrumb\",\"itemListElement\":[{\"@type\":\"ListItem\",\"position\":1,\"name\":\"Anasayfa\",\"item\":\"https:\\\/\\\/govalf.com\\\/fr\\\/\"},{\"@type\":\"ListItem\",\"position\":2,\"name\":\"Products\",\"item\":\"https:\\\/\\\/govalf.com\\\/ar\\\/urunler%d9%85%d9%86%d8%aa%d8%ac%d8%a7%d8%aa\\\/\"},{\"@type\":\"ListItem\",\"position\":3,\"name\":\"Vanne \u00e0 boisseau sph\u00e9rique \u00e0 passage int\u00e9gral PN 16 (2 pi\u00e8ces)\"}]},{\"@type\":\"WebSite\",\"@id\":\"https:\\\/\\\/govalf.com\\\/ar\\\/#website\",\"url\":\"https:\\\/\\\/govalf.com\\\/ar\\\/\",\"name\":\"Go Valf Vana ve Pompa Sistemleri\",\"description\":\"Yang\u0131n S\u00f6nd\u00fcrme Sistemleri ve Ekipmanlar\u0131\",\"publisher\":{\"@id\":\"https:\\\/\\\/govalf.com\\\/ar\\\/#organization\"},\"potentialAction\":[{\"@type\":\"SearchAction\",\"target\":{\"@type\":\"EntryPoint\",\"urlTemplate\":\"https:\\\/\\\/govalf.com\\\/ar\\\/?s={search_term_string}\"},\"query-input\":{\"@type\":\"PropertyValueSpecification\",\"valueRequired\":true,\"valueName\":\"search_term_string\"}}],\"inLanguage\":\"fr-FR\"},{\"@type\":\"Organization\",\"@id\":\"https:\\\/\\\/govalf.com\\\/ar\\\/#organization\",\"name\":\"Go Valf\",\"url\":\"https:\\\/\\\/govalf.com\\\/ar\\\/\",\"logo\":{\"@type\":\"ImageObject\",\"inLanguage\":\"fr-FR\",\"@id\":\"https:\\\/\\\/govalf.com\\\/ar\\\/#\\\/schema\\\/logo\\\/image\\\/\",\"url\":\"https:\\\/\\\/govalf.com\\\/wp-content\\\/uploads\\\/2022\\\/02\\\/go-valf-logo.png\",\"contentUrl\":\"https:\\\/\\\/govalf.com\\\/wp-content\\\/uploads\\\/2022\\\/02\\\/go-valf-logo.png\",\"width\":504,\"height\":120,\"caption\":\"Go Valf\"},\"image\":{\"@id\":\"https:\\\/\\\/govalf.com\\\/ar\\\/#\\\/schema\\\/logo\\\/image\\\/\"}}]}<\/script>\n<!-- \/ Yoast SEO plugin. -->","yoast_head_json":{"title":"Vanne \u00e0 boisseau sph\u00e9rique \u00e0 passage int\u00e9gral PN 16 (2 pi\u00e8ces)","description":"Vanne \u00e0 boisseau sph\u00e9rique \u00e0 passage int\u00e9gral PN 16 (2 pi\u00e8ces)Le robinet \u00e0 boisseau sph\u00e9rique \u00e0 passage int\u00e9gral PN16 est un type de","robots":{"index":"index","follow":"follow","max-snippet":"max-snippet:-1","max-image-preview":"max-image-preview:large","max-video-preview":"max-video-preview:-1"},"canonical":"http:\/\/govalf.com\/fr\/product\/vanne-a-boisseau-spherique-a-passage-integral-pn-16-2-pieces\/","og_locale":"fr_FR","og_type":"article","og_title":"Vanne \u00e0 boisseau sph\u00e9rique \u00e0 passage int\u00e9gral PN 16 (2 pi\u00e8ces)","og_description":"Vanne \u00e0 boisseau sph\u00e9rique \u00e0 passage int\u00e9gral PN 16 (2 pi\u00e8ces)Le robinet \u00e0 boisseau sph\u00e9rique \u00e0 passage int\u00e9gral PN16 est un type de","og_url":"http:\/\/govalf.com\/fr\/product\/vanne-a-boisseau-spherique-a-passage-integral-pn-16-2-pieces\/","og_site_name":"Go Valf Vana ve Pompa Sistemleri","article_modified_time":"2022-06-24T10:23:00+00:00","og_image":[{"width":768,"height":768,"url":"http:\/\/govalf.com\/wp-content\/uploads\/2022\/02\/Vanne-a\u0300-boisseau-sphe\u0301rique-a\u0300-passage-inte\u0301gral-PN-16-2-pie\u0300ces.png","type":"image\/png"}],"twitter_card":"summary_large_image","twitter_misc":{"Dur\u00e9e de lecture estim\u00e9e":"5 minutes"},"schema":{"@context":"https:\/\/schema.org","@graph":[{"@type":"WebPage","@id":"http:\/\/govalf.com\/fr\/product\/vanne-a-boisseau-spherique-a-passage-integral-pn-16-2-pieces\/","url":"http:\/\/govalf.com\/fr\/product\/vanne-a-boisseau-spherique-a-passage-integral-pn-16-2-pieces\/","name":"Vanne \u00e0 boisseau sph\u00e9rique \u00e0 passage int\u00e9gral PN 16 (2 pi\u00e8ces)","isPartOf":{"@id":"https:\/\/govalf.com\/ar\/#website"},"primaryImageOfPage":{"@id":"http:\/\/govalf.com\/fr\/product\/vanne-a-boisseau-spherique-a-passage-integral-pn-16-2-pieces\/#primaryimage"},"image":{"@id":"http:\/\/govalf.com\/fr\/product\/vanne-a-boisseau-spherique-a-passage-integral-pn-16-2-pieces\/#primaryimage"},"thumbnailUrl":"http:\/\/govalf.com\/wp-content\/uploads\/2022\/02\/Vanne-a\u0300-boisseau-sphe\u0301rique-a\u0300-passage-inte\u0301gral-PN-16-2-pie\u0300ces.png","datePublished":"2022-03-22T14:00:29+00:00","dateModified":"2022-06-24T10:23:00+00:00","description":"Vanne \u00e0 boisseau sph\u00e9rique \u00e0 passage int\u00e9gral PN 16 (2 pi\u00e8ces)Le robinet \u00e0 boisseau sph\u00e9rique \u00e0 passage int\u00e9gral PN16 est un type de","breadcrumb":{"@id":"http:\/\/govalf.com\/fr\/product\/vanne-a-boisseau-spherique-a-passage-integral-pn-16-2-pieces\/#breadcrumb"},"inLanguage":"fr-FR","potentialAction":[{"@type":"ReadAction","target":["http:\/\/govalf.com\/fr\/product\/vanne-a-boisseau-spherique-a-passage-integral-pn-16-2-pieces\/"]}]},{"@type":"ImageObject","inLanguage":"fr-FR","@id":"http:\/\/govalf.com\/fr\/product\/vanne-a-boisseau-spherique-a-passage-integral-pn-16-2-pieces\/#primaryimage","url":"http:\/\/govalf.com\/wp-content\/uploads\/2022\/02\/Vanne-a\u0300-boisseau-sphe\u0301rique-a\u0300-passage-inte\u0301gral-PN-16-2-pie\u0300ces.png","contentUrl":"http:\/\/govalf.com\/wp-content\/uploads\/2022\/02\/Vanne-a\u0300-boisseau-sphe\u0301rique-a\u0300-passage-inte\u0301gral-PN-16-2-pie\u0300ces.png","width":768,"height":768,"caption":"Vanne \u00e0 boisseau sph\u00e9rique \u00e0 passage int\u00e9gral PN 16 (2 pi\u00e8ces)"},{"@type":"BreadcrumbList","@id":"http:\/\/govalf.com\/fr\/product\/vanne-a-boisseau-spherique-a-passage-integral-pn-16-2-pieces\/#breadcrumb","itemListElement":[{"@type":"ListItem","position":1,"name":"Anasayfa","item":"https:\/\/govalf.com\/fr\/"},{"@type":"ListItem","position":2,"name":"Products","item":"https:\/\/govalf.com\/ar\/urunler%d9%85%d9%86%d8%aa%d8%ac%d8%a7%d8%aa\/"},{"@type":"ListItem","position":3,"name":"Vanne \u00e0 boisseau sph\u00e9rique \u00e0 passage int\u00e9gral PN 16 (2 pi\u00e8ces)"}]},{"@type":"WebSite","@id":"https:\/\/govalf.com\/ar\/#website","url":"https:\/\/govalf.com\/ar\/","name":"Go Valf Vana ve Pompa Sistemleri","description":"Yang\u0131n S\u00f6nd\u00fcrme Sistemleri ve Ekipmanlar\u0131","publisher":{"@id":"https:\/\/govalf.com\/ar\/#organization"},"potentialAction":[{"@type":"SearchAction","target":{"@type":"EntryPoint","urlTemplate":"https:\/\/govalf.com\/ar\/?s={search_term_string}"},"query-input":{"@type":"PropertyValueSpecification","valueRequired":true,"valueName":"search_term_string"}}],"inLanguage":"fr-FR"},{"@type":"Organization","@id":"https:\/\/govalf.com\/ar\/#organization","name":"Go Valf","url":"https:\/\/govalf.com\/ar\/","logo":{"@type":"ImageObject","inLanguage":"fr-FR","@id":"https:\/\/govalf.com\/ar\/#\/schema\/logo\/image\/","url":"https:\/\/govalf.com\/wp-content\/uploads\/2022\/02\/go-valf-logo.png","contentUrl":"https:\/\/govalf.com\/wp-content\/uploads\/2022\/02\/go-valf-logo.png","width":504,"height":120,"caption":"Go Valf"},"image":{"@id":"https:\/\/govalf.com\/ar\/#\/schema\/logo\/image\/"}}]}},"_links":{"self":[{"href":"http:\/\/govalf.com\/fr\/wp-json\/wp\/v2\/product\/4482","targetHints":{"allow":["GET"]}}],"collection":[{"href":"http:\/\/govalf.com\/fr\/wp-json\/wp\/v2\/product"}],"about":[{"href":"http:\/\/govalf.com\/fr\/wp-json\/wp\/v2\/types\/product"}],"replies":[{"embeddable":true,"href":"http:\/\/govalf.com\/fr\/wp-json\/wp\/v2\/comments?post=4482"}],"wp:featuredmedia":[{"embeddable":true,"href":"http:\/\/govalf.com\/fr\/wp-json\/wp\/v2\/media\/5768"}],"wp:attachment":[{"href":"http:\/\/govalf.com\/fr\/wp-json\/wp\/v2\/media?parent=4482"}],"wp:term":[{"taxonomy":"product_brand","embeddable":true,"href":"http:\/\/govalf.com\/fr\/wp-json\/wp\/v2\/product_brand?post=4482"},{"taxonomy":"product_cat","embeddable":true,"href":"http:\/\/govalf.com\/fr\/wp-json\/wp\/v2\/product_cat?post=4482"},{"taxonomy":"product_tag","embeddable":true,"href":"http:\/\/govalf.com\/fr\/wp-json\/wp\/v2\/product_tag?post=4482"}],"curies":[{"name":"wp","href":"https:\/\/api.w.org\/{rel}","templated":true}]}}