{"id":7796,"date":"2022-12-05T17:15:42","date_gmt":"2022-12-05T17:15:42","guid":{"rendered":"https:\/\/govalf.com\/urun\/profiller-ve-konsollar\/"},"modified":"2022-12-05T17:17:33","modified_gmt":"2022-12-05T17:17:33","slug":"profils-et-consoles","status":"publish","type":"product","link":"http:\/\/govalf.com\/fr\/product\/profils-et-consoles\/","title":{"rendered":"Profils et Consoles"},"content":{"rendered":"<p>Profils et consoles;<\/p>\n<p>Les sections et les supports recommand\u00e9s dans cette section sont con\u00e7us pour supporter les raccords de tuyaux ou de tiges de suspension. Les supports offrent des solutions utiles pour soutenir les tuyaux \u00e0 partir de surfaces verticales. Mat\u00e9riau : L&rsquo;acier est utilis\u00e9 dans la production de profil\u00e9s et de consoles. Il peut \u00e9galement \u00eatre r\u00e9alis\u00e9 avec d&rsquo;autres mat\u00e9riaux.<\/p>\n<p>Propri\u00e9t\u00e9s<\/p>\n<p>Rev\u00eatements : Les rev\u00eatements standards des supports m\u00e9caniques sont la galvanisation \u00e0 chaud (EN 1461) et l&rsquo;\u00e9lectrozingage (EN ISO 2081) apr\u00e8s fabrication. D&rsquo;autres rev\u00eatements sp\u00e9ciaux peuvent \u00e9galement \u00eatre appliqu\u00e9s sur demande.<br \/>\nHomologations (sp\u00e9cifi\u00e9es) : Produit dans les conditions sp\u00e9cifi\u00e9es dans les syst\u00e8mes TSEK et ISO 9001:2008, OHSAS 18001:2007, ISO 14001:2004. Tous les mod\u00e8les sont certifi\u00e9s GOST K, GOST R et SEPRO.<br \/>\nSauf indication contraire, tous les syst\u00e8mes de support et de suspension de tuyaux dans cette section TS 301\/1-2-3-4, TS 1997, TS 416, DIN 2440-2441, DIN 1626, ISO 65, BS 1387, ASTM A-53, NFA 49-145 , con\u00e7u pour la tuyauterie de la norme internationale UNI 8863.<br \/>\nCertains produits en acier peuvent \u00eatre fabriqu\u00e9s sur mesure pour r\u00e9pondre \u00e0 d&rsquo;autres diam\u00e8tres de tuyaux, par exemple des tuyaux en fonte, des tuyaux en PVC, etc.<\/p>\n<p>informations sur nous<\/p>\n<p>GOVALF<\/p>\n<p>Comme l&rsquo;\u00e9quipe GoValf, depuis 2009 en Turquie et dans les pays environnants ; Nous associons avec nos clients des solutions de fourniture d&rsquo;installations m\u00e9caniques conformes aux technologies actuelles. Tout en offrant les marques les plus exclusives de Turquie et du monde \u00e0 nos clients \u00e0 des prix abordables, nous ajoutons chaque jour de nouvelles marques \u00e0 nos solutions.<\/p>\n<p>Nos d\u00e9partements aujourd&rsquo;hui;<\/p>\n<p>* mat\u00e9riel de plomberie,<br \/>\n* Syst\u00e8mes et \u00e9quipements de lutte contre l&rsquo;incendie.<br \/>\n* pompes et colonnes montantes,<br \/>\nsolutions de chauffage,<br \/>\n* Climatisation et ventilation<\/p>\n<p>Gr\u00e2ce \u00e0 nos \u00e9quipes d&rsquo;experts, nous fournissons \u00e0 nos clients des services sup\u00e9rieurs du d\u00e9but \u00e0 la livraison de leurs projets avec pr\u00e8s de 100 marques.<\/p>\n<p>Dans notre secteur, o\u00f9 la concurrence augmente de jour en jour, nous avons augment\u00e9 notre qualit\u00e9 et notre diversit\u00e9 dans les diff\u00e9rents produits que nous fabriquons en suivant la technologie.<\/p>\n<p>Nous concevons, fabriquons, fabriquons, assemblons et testons les produits que nous fabriquons dans nos propres installations avec notre \u00e9quipe d&rsquo;experts.<\/p>\n<p>Notre principe de satisfaction client<\/p>\n<p>Notre priorit\u00e9 est la tranquillit\u00e9 et le bonheur de nos clients. Nous servons nos clients avec la garantie GoValf. Avec notre compr\u00e9hension de la s\u00e9curit\u00e9, de la haute qualit\u00e9, du fonctionnement stable et du prix comp\u00e9titif, nous travaillons dur pour coop\u00e9rer non seulement pour aujourd&rsquo;hui mais pour toujours. La confiance de nos clients en nous est notre plus grand atout.<\/p>\n<p>Dans nos services, nous veillons \u00e0 vous fournir les prix les plus abordables et un service de qualit\u00e9 en \u00e9tablissant une saine coop\u00e9ration avec les fournisseurs, en ad\u00e9quation avec les demandes des clients, avec des solutions d&rsquo;ing\u00e9nierie bas\u00e9es sur des donn\u00e9es et des informations.<\/p>\n<p>t\u00e9l\u00e9communication<\/p>\n<p>&nbsp;<\/p>\n<p>informations sur nous<br \/>\nComme l&rsquo;\u00e9quipe GoValf, depuis 2009 en Turquie et dans les pays environnants ; Nous associons avec nos clients des solutions de fourniture d&rsquo;installations m\u00e9caniques conformes aux technologies actuelles. Tout en offrant les marques les plus exclusives de Turquie et du monde \u00e0 nos clients \u00e0 des prix abordables, nous ajoutons chaque jour de nouvelles marques \u00e0 nos solutions.<\/p>\n","protected":false},"excerpt":{"rendered":"<p>Profils et consoles; Les sections et les supports recommand\u00e9s dans cette section sont con\u00e7us pour supporter les raccords de tuyaux ou de tiges de suspension. Les supports offrent des solutions utiles pour soutenir les tuyaux \u00e0 partir de surfaces verticales. Mat\u00e9riau : L&rsquo;acier est utilis\u00e9 dans la production de profil\u00e9s et de consoles. Il peut [&hellip;]<\/p>\n","protected":false},"featured_media":7797,"comment_status":"open","ping_status":"closed","template":"","meta":{"_acf_changed":false},"product_brand":[],"product_cat":[241],"product_tag":[],"class_list":{"0":"post-7796","1":"product","2":"type-product","3":"status-publish","4":"has-post-thumbnail","6":"product_cat-profils-et-consoles","8":"first","9":"instock","10":"shipping-taxable","11":"product-type-simple"},"acf":[],"yoast_head":"<!-- This site is optimized with the Yoast SEO plugin v27.4 - https:\/\/yoast.com\/product\/yoast-seo-wordpress\/ -->\n<title>Profils et Consoles - Go Valf Vana ve Pompa Sistemleri<\/title>\n<meta name=\"description\" content=\"Profils et consoles;\u00a0Les sections et les supports recommand\u00e9s dans cette section sont con\u00e7us pour supporter les raccords de tuyaux\" \/>\n<meta name=\"robots\" content=\"index, follow, max-snippet:-1, max-image-preview:large, max-video-preview:-1\" \/>\n<link rel=\"canonical\" href=\"http:\/\/govalf.com\/fr\/product\/profils-et-consoles\/\" \/>\n<meta property=\"og:locale\" content=\"fr_FR\" \/>\n<meta property=\"og:type\" content=\"article\" \/>\n<meta property=\"og:title\" content=\"Profils et Consoles - Go Valf Vana ve Pompa Sistemleri\" \/>\n<meta property=\"og:description\" content=\"Profils et consoles;\u00a0Les sections et les supports recommand\u00e9s dans cette section sont con\u00e7us pour supporter les raccords de tuyaux\" \/>\n<meta property=\"og:url\" content=\"http:\/\/govalf.com\/fr\/product\/profils-et-consoles\/\" \/>\n<meta property=\"og:site_name\" content=\"Go Valf Vana ve Pompa Sistemleri\" \/>\n<meta property=\"article:modified_time\" content=\"2022-12-05T17:17:33+00:00\" \/>\n<meta property=\"og:image\" content=\"http:\/\/govalf.com\/wp-content\/uploads\/2022\/12\/Profils-et-consoles-1024x760.png\" \/>\n\t<meta property=\"og:image:width\" content=\"1024\" \/>\n\t<meta property=\"og:image:height\" content=\"760\" \/>\n\t<meta property=\"og:image:type\" content=\"image\/png\" \/>\n<meta name=\"twitter:card\" content=\"summary_large_image\" \/>\n<meta name=\"twitter:label1\" content=\"Dur\u00e9e de lecture estim\u00e9e\" \/>\n\t<meta name=\"twitter:data1\" content=\"3 minutes\" \/>\n<script type=\"application\/ld+json\" class=\"yoast-schema-graph\">{\"@context\":\"https:\\\/\\\/schema.org\",\"@graph\":[{\"@type\":\"WebPage\",\"@id\":\"http:\\\/\\\/govalf.com\\\/fr\\\/product\\\/profils-et-consoles\\\/\",\"url\":\"http:\\\/\\\/govalf.com\\\/fr\\\/product\\\/profils-et-consoles\\\/\",\"name\":\"Profils et Consoles - Go Valf Vana ve Pompa Sistemleri\",\"isPartOf\":{\"@id\":\"http:\\\/\\\/govalf.com\\\/ru\\\/#website\"},\"primaryImageOfPage\":{\"@id\":\"http:\\\/\\\/govalf.com\\\/fr\\\/product\\\/profils-et-consoles\\\/#primaryimage\"},\"image\":{\"@id\":\"http:\\\/\\\/govalf.com\\\/fr\\\/product\\\/profils-et-consoles\\\/#primaryimage\"},\"thumbnailUrl\":\"http:\\\/\\\/govalf.com\\\/wp-content\\\/uploads\\\/2022\\\/12\\\/Profils-et-consoles.png\",\"datePublished\":\"2022-12-05T17:15:42+00:00\",\"dateModified\":\"2022-12-05T17:17:33+00:00\",\"description\":\"Profils et consoles;\u00a0Les sections et les supports recommand\u00e9s dans cette section sont con\u00e7us pour supporter les raccords de tuyaux\",\"breadcrumb\":{\"@id\":\"http:\\\/\\\/govalf.com\\\/fr\\\/product\\\/profils-et-consoles\\\/#breadcrumb\"},\"inLanguage\":\"fr-FR\",\"potentialAction\":[{\"@type\":\"ReadAction\",\"target\":[\"http:\\\/\\\/govalf.com\\\/fr\\\/product\\\/profils-et-consoles\\\/\"]}]},{\"@type\":\"ImageObject\",\"inLanguage\":\"fr-FR\",\"@id\":\"http:\\\/\\\/govalf.com\\\/fr\\\/product\\\/profils-et-consoles\\\/#primaryimage\",\"url\":\"http:\\\/\\\/govalf.com\\\/wp-content\\\/uploads\\\/2022\\\/12\\\/Profils-et-consoles.png\",\"contentUrl\":\"http:\\\/\\\/govalf.com\\\/wp-content\\\/uploads\\\/2022\\\/12\\\/Profils-et-consoles.png\",\"width\":1572,\"height\":1166},{\"@type\":\"BreadcrumbList\",\"@id\":\"http:\\\/\\\/govalf.com\\\/fr\\\/product\\\/profils-et-consoles\\\/#breadcrumb\",\"itemListElement\":[{\"@type\":\"ListItem\",\"position\":1,\"name\":\"Anasayfa\",\"item\":\"http:\\\/\\\/govalf.com\\\/fr\\\/\"},{\"@type\":\"ListItem\",\"position\":2,\"name\":\"Products\",\"item\":\"http:\\\/\\\/govalf.com\\\/ru\\\/%d0%bf%d1%80%d0%be%d0%b4%d1%83%d0%ba%d1%82%d1%8b\\\/\"},{\"@type\":\"ListItem\",\"position\":3,\"name\":\"Profils et Consoles\"}]},{\"@type\":\"WebSite\",\"@id\":\"http:\\\/\\\/govalf.com\\\/ru\\\/#website\",\"url\":\"http:\\\/\\\/govalf.com\\\/ru\\\/\",\"name\":\"Go Valf Vana ve Pompa Sistemleri\",\"description\":\"Yang\u0131n S\u00f6nd\u00fcrme Sistemleri ve Ekipmanlar\u0131\",\"publisher\":{\"@id\":\"http:\\\/\\\/govalf.com\\\/ru\\\/#organization\"},\"potentialAction\":[{\"@type\":\"SearchAction\",\"target\":{\"@type\":\"EntryPoint\",\"urlTemplate\":\"http:\\\/\\\/govalf.com\\\/ru\\\/?s={search_term_string}\"},\"query-input\":{\"@type\":\"PropertyValueSpecification\",\"valueRequired\":true,\"valueName\":\"search_term_string\"}}],\"inLanguage\":\"fr-FR\"},{\"@type\":\"Organization\",\"@id\":\"http:\\\/\\\/govalf.com\\\/ru\\\/#organization\",\"name\":\"Go Valf\",\"url\":\"http:\\\/\\\/govalf.com\\\/ru\\\/\",\"logo\":{\"@type\":\"ImageObject\",\"inLanguage\":\"fr-FR\",\"@id\":\"http:\\\/\\\/govalf.com\\\/ru\\\/#\\\/schema\\\/logo\\\/image\\\/\",\"url\":\"https:\\\/\\\/govalf.com\\\/wp-content\\\/uploads\\\/2022\\\/02\\\/go-valf-logo.png\",\"contentUrl\":\"https:\\\/\\\/govalf.com\\\/wp-content\\\/uploads\\\/2022\\\/02\\\/go-valf-logo.png\",\"width\":504,\"height\":120,\"caption\":\"Go Valf\"},\"image\":{\"@id\":\"http:\\\/\\\/govalf.com\\\/ru\\\/#\\\/schema\\\/logo\\\/image\\\/\"}}]}<\/script>\n<!-- \/ Yoast SEO plugin. -->","yoast_head_json":{"title":"Profils et Consoles - Go Valf Vana ve Pompa Sistemleri","description":"Profils et consoles;\u00a0Les sections et les supports recommand\u00e9s dans cette section sont con\u00e7us pour supporter les raccords de tuyaux","robots":{"index":"index","follow":"follow","max-snippet":"max-snippet:-1","max-image-preview":"max-image-preview:large","max-video-preview":"max-video-preview:-1"},"canonical":"http:\/\/govalf.com\/fr\/product\/profils-et-consoles\/","og_locale":"fr_FR","og_type":"article","og_title":"Profils et Consoles - Go Valf Vana ve Pompa Sistemleri","og_description":"Profils et consoles;\u00a0Les sections et les supports recommand\u00e9s dans cette section sont con\u00e7us pour supporter les raccords de tuyaux","og_url":"http:\/\/govalf.com\/fr\/product\/profils-et-consoles\/","og_site_name":"Go Valf Vana ve Pompa Sistemleri","article_modified_time":"2022-12-05T17:17:33+00:00","og_image":[{"width":1024,"height":760,"url":"http:\/\/govalf.com\/wp-content\/uploads\/2022\/12\/Profils-et-consoles-1024x760.png","type":"image\/png"}],"twitter_card":"summary_large_image","twitter_misc":{"Dur\u00e9e de lecture estim\u00e9e":"3 minutes"},"schema":{"@context":"https:\/\/schema.org","@graph":[{"@type":"WebPage","@id":"http:\/\/govalf.com\/fr\/product\/profils-et-consoles\/","url":"http:\/\/govalf.com\/fr\/product\/profils-et-consoles\/","name":"Profils et Consoles - Go Valf Vana ve Pompa Sistemleri","isPartOf":{"@id":"http:\/\/govalf.com\/ru\/#website"},"primaryImageOfPage":{"@id":"http:\/\/govalf.com\/fr\/product\/profils-et-consoles\/#primaryimage"},"image":{"@id":"http:\/\/govalf.com\/fr\/product\/profils-et-consoles\/#primaryimage"},"thumbnailUrl":"http:\/\/govalf.com\/wp-content\/uploads\/2022\/12\/Profils-et-consoles.png","datePublished":"2022-12-05T17:15:42+00:00","dateModified":"2022-12-05T17:17:33+00:00","description":"Profils et consoles;\u00a0Les sections et les supports recommand\u00e9s dans cette section sont con\u00e7us pour supporter les raccords de tuyaux","breadcrumb":{"@id":"http:\/\/govalf.com\/fr\/product\/profils-et-consoles\/#breadcrumb"},"inLanguage":"fr-FR","potentialAction":[{"@type":"ReadAction","target":["http:\/\/govalf.com\/fr\/product\/profils-et-consoles\/"]}]},{"@type":"ImageObject","inLanguage":"fr-FR","@id":"http:\/\/govalf.com\/fr\/product\/profils-et-consoles\/#primaryimage","url":"http:\/\/govalf.com\/wp-content\/uploads\/2022\/12\/Profils-et-consoles.png","contentUrl":"http:\/\/govalf.com\/wp-content\/uploads\/2022\/12\/Profils-et-consoles.png","width":1572,"height":1166},{"@type":"BreadcrumbList","@id":"http:\/\/govalf.com\/fr\/product\/profils-et-consoles\/#breadcrumb","itemListElement":[{"@type":"ListItem","position":1,"name":"Anasayfa","item":"http:\/\/govalf.com\/fr\/"},{"@type":"ListItem","position":2,"name":"Products","item":"http:\/\/govalf.com\/ru\/%d0%bf%d1%80%d0%be%d0%b4%d1%83%d0%ba%d1%82%d1%8b\/"},{"@type":"ListItem","position":3,"name":"Profils et Consoles"}]},{"@type":"WebSite","@id":"http:\/\/govalf.com\/ru\/#website","url":"http:\/\/govalf.com\/ru\/","name":"Go Valf Vana ve Pompa Sistemleri","description":"Yang\u0131n S\u00f6nd\u00fcrme Sistemleri ve Ekipmanlar\u0131","publisher":{"@id":"http:\/\/govalf.com\/ru\/#organization"},"potentialAction":[{"@type":"SearchAction","target":{"@type":"EntryPoint","urlTemplate":"http:\/\/govalf.com\/ru\/?s={search_term_string}"},"query-input":{"@type":"PropertyValueSpecification","valueRequired":true,"valueName":"search_term_string"}}],"inLanguage":"fr-FR"},{"@type":"Organization","@id":"http:\/\/govalf.com\/ru\/#organization","name":"Go Valf","url":"http:\/\/govalf.com\/ru\/","logo":{"@type":"ImageObject","inLanguage":"fr-FR","@id":"http:\/\/govalf.com\/ru\/#\/schema\/logo\/image\/","url":"https:\/\/govalf.com\/wp-content\/uploads\/2022\/02\/go-valf-logo.png","contentUrl":"https:\/\/govalf.com\/wp-content\/uploads\/2022\/02\/go-valf-logo.png","width":504,"height":120,"caption":"Go Valf"},"image":{"@id":"http:\/\/govalf.com\/ru\/#\/schema\/logo\/image\/"}}]}},"_links":{"self":[{"href":"http:\/\/govalf.com\/fr\/wp-json\/wp\/v2\/product\/7796","targetHints":{"allow":["GET"]}}],"collection":[{"href":"http:\/\/govalf.com\/fr\/wp-json\/wp\/v2\/product"}],"about":[{"href":"http:\/\/govalf.com\/fr\/wp-json\/wp\/v2\/types\/product"}],"replies":[{"embeddable":true,"href":"http:\/\/govalf.com\/fr\/wp-json\/wp\/v2\/comments?post=7796"}],"wp:featuredmedia":[{"embeddable":true,"href":"http:\/\/govalf.com\/fr\/wp-json\/wp\/v2\/media\/7797"}],"wp:attachment":[{"href":"http:\/\/govalf.com\/fr\/wp-json\/wp\/v2\/media?parent=7796"}],"wp:term":[{"taxonomy":"product_brand","embeddable":true,"href":"http:\/\/govalf.com\/fr\/wp-json\/wp\/v2\/product_brand?post=7796"},{"taxonomy":"product_cat","embeddable":true,"href":"http:\/\/govalf.com\/fr\/wp-json\/wp\/v2\/product_cat?post=7796"},{"taxonomy":"product_tag","embeddable":true,"href":"http:\/\/govalf.com\/fr\/wp-json\/wp\/v2\/product_tag?post=7796"}],"curies":[{"name":"wp","href":"https:\/\/api.w.org\/{rel}","templated":true}]}}