{"id":8970,"date":"2023-04-07T11:26:10","date_gmt":"2023-04-07T11:26:10","guid":{"rendered":"https:\/\/govalf.com\/urun\/systemes-de-pompage-de-conteneurs\/"},"modified":"2023-04-07T12:00:48","modified_gmt":"2023-04-07T12:00:48","slug":"systemes-de-pompage-de-conteneurs","status":"publish","type":"product","link":"http:\/\/govalf.com\/fr\/product\/systemes-de-pompage-de-conteneurs\/","title":{"rendered":"Syst\u00e8mes de Pompage de Conteneurs"},"content":{"rendered":"<p>Syst\u00e8mes de Pompage de Conteneurs ; qui sont principalement utilis\u00e9s dans les installations industrielles, peuvent \u00eatre d\u00e9finis comme des systemes d&rsquo;extinction d&rsquo;incendie pouvant \u00eatre appliqu\u00e9s \u00e0 tous les types de pompes \u00e0 incendie. De tels syst\u00e8mes, qui sont produits \u00e0 des fins de protection contre l&rsquo;incendie de diverses structures, en particulier des b\u00e2timents, peuvent \u00eatre utilis\u00e9s assez efficacement. Il est produit avec de l&rsquo;acier \u00e0 haute r\u00e9sistance et est tr\u00e8s r\u00e9sistant aux temp\u00e9ratures \u00e9lev\u00e9es. Cette situation permet au syst\u00e8me de fournir des r\u00e9sultats efficaces en mati\u00e8re de lutte contre l&rsquo;incendie. Alors, quels sont les syst\u00e8mes de pompage de conteneurs, o\u00f9 sont-ils utilis\u00e9s, quels sont leurs avantages?<\/p>\n<h2>Que sont les syst\u00e8mes de pompage de conteneurs?<\/h2>\n<p>Les syst\u00e8mes de pompage de conteneurs sont des syst\u00e8mes d&rsquo;extinction d&rsquo;incendie qui ont leur propre conteneur et peuvent \u00eatre facilement appliqu\u00e9s \u00e0 toutes les pompes de groupe incendie. Les produits inclus dans le syst\u00e8me d&rsquo;extinction d&rsquo;incendie sont construits dans un conteneur d&rsquo;exp\u00e9dition standard. Les syst\u00e8mes install\u00e9s avec un minimum de fabrication et pouvant \u00eatre utilis\u00e9s de mani\u00e8re assez efficace se trouvent dans un complexe connect\u00e9 les uns aux autres.<\/p>\n<p>De tels syst\u00e8mes, qui permettent d&rsquo;utiliser plus d&rsquo;une pompe pour r\u00e9pondre aux besoins, apportent des solutions innovantes et efficaces. Le conteneur, qui est le corps principal du syst\u00e8me, garantit que la pompe \u00e0 l&rsquo;int\u00e9rieur du syst\u00e8me est prot\u00e9g\u00e9e des effets n\u00e9gatifs que l&rsquo;environnement ext\u00e9rieur peut provoquer. De plus, en raison de l&rsquo;utilisation de la pompe, un bruit intense peut se rendre dans l&rsquo;environnement ext\u00e9rieur et le conteneur emp\u00eache le transfert de bruit qui peut se produire vers l&rsquo;environnement ext\u00e9rieur.<\/p>\n<p>Les syst\u00e8mes de pompage de conteneurs permettent une utilisation avantageuse, notamment dans les cas o\u00f9 les pompes d&rsquo;extinction d&rsquo;incendie ne peuvent pas \u00eatre positionn\u00e9es dans des zones prot\u00e9g\u00e9es. De plus, cela \u00e9conomise de l&rsquo;espace.<\/p>\n<p>Les syst\u00e8mes de pompes \u00e0 conteneurs, qui ont un large \u00e9ventail d&rsquo;utilisations et offrent des r\u00e9sultats efficaces dans le domaine o\u00f9 ils sont utilis\u00e9s, ont une structure tr\u00e8s compliqu\u00e9e. Il y a un conteneur qui prot\u00e8ge la pompe des facteurs externes, et la pompe d&rsquo;extinction d&rsquo;incendie est stock\u00e9e de mani\u00e8re abrit\u00e9e \u00e0 l&rsquo;int\u00e9rieur du conteneur.<\/p>\n<p>On sait que de tels syst\u00e8mes sont pr\u00e9f\u00e9r\u00e9s dans diff\u00e9rents domaines car ils peuvent \u00eatre utilis\u00e9s avec toutes les pompes du groupe incendie. Bien qu&rsquo;il soit principalement utilis\u00e9 dans les installations industrielles, il est \u00e9galement pr\u00e9f\u00e9r\u00e9 dans des domaines critiques tels que l&rsquo;agriculture, les mines et l&rsquo;\u00e9nergie. De plus, les syst\u00e8mes de pompage de conteneurs sont \u00e9galement utilis\u00e9s dans les syst\u00e8mes de construction \u00e0 structure complexe. Il permet de gagner du temps avec une installation rapide et facile.<\/p>\n<h2>Quels sont les avantages?<\/h2>\n<p>Les syst\u00e8mes de pompage de conteneurs offrent des solutions innovantes pour la suppression des incendies dans de nombreux domaines gr\u00e2ce \u00e0 leur conception. Pour cette raison, on sait qu&rsquo;il existe de nombreuses raisons de pr\u00e9f\u00e9rence dans de nombreux domaines diff\u00e9rents, en particulier r\u00e9cemment. De plus, de tels syst\u00e8mes pr\u00e9sentent de nombreux avantages qui permettent de stocker\u00a0 dans des conteneurs. Il est possible d&rsquo;\u00e9num\u00e9rer ces avantages en termes g\u00e9n\u00e9raux comme suit:<\/p>\n<p>Comme ils sont principalement fabriqu\u00e9s en acier \u00e0 haute r\u00e9sistance, ils r\u00e9sistent aux temp\u00e9ratures \u00e9lev\u00e9es.<br \/>\nIl permet l&rsquo;utilisation de plus d&rsquo;une pompe et r\u00e9pond facilement \u00e0 diff\u00e9rents besoins.<br \/>\nCela permet une utilisation \u00e0 long terme car des conteneurs fabriqu\u00e9s selon les normes internationales sont utilis\u00e9s.<br \/>\nDans les cas o\u00f9 les pompes ne peuvent pas \u00eatre positionn\u00e9es dans un b\u00e2timent, il offre une utilisation tr\u00e8s avantageuse.<br \/>\nIl est utilis\u00e9 dans des secteurs tels que les installations industrielles, l&rsquo;\u00e9nergie, l&rsquo;agriculture.<br \/>\nIl offre une utilisation efficace des pompes car il prot\u00e8ge l&rsquo;environnement ext\u00e9rieur de la n\u00e9gativit\u00e9.<\/p>\n<p><a href=\"http:\/\/govalf.com\">govalf<\/a><\/p>\n","protected":false},"excerpt":{"rendered":"<p>Syst\u00e8mes de Pompage de Conteneurs ; qui sont principalement utilis\u00e9s dans les installations industrielles, peuvent \u00eatre d\u00e9finis comme des systemes d&rsquo;extinction d&rsquo;incendie pouvant \u00eatre appliqu\u00e9s \u00e0 tous les types de pompes \u00e0 incendie. De tels syst\u00e8mes, qui sont produits \u00e0 des fins de protection contre l&rsquo;incendie de diverses structures, en particulier des b\u00e2timents, peuvent \u00eatre [&hellip;]<\/p>\n","protected":false},"featured_media":8403,"comment_status":"open","ping_status":"closed","template":"","meta":{"_acf_changed":false},"product_brand":[],"product_cat":[114],"product_tag":[],"class_list":{"0":"post-8970","1":"product","2":"type-product","3":"status-publish","4":"has-post-thumbnail","6":"product_cat-pompe","8":"first","9":"instock","10":"shipping-taxable","11":"product-type-simple"},"acf":[],"yoast_head":"<!-- This site is optimized with the Yoast SEO plugin v27.4 - https:\/\/yoast.com\/product\/yoast-seo-wordpress\/ -->\n<title>Syst\u00e8mes de Pompage de Conteneurs -<\/title>\n<meta name=\"description\" content=\"Syst\u00e8mes de Pompage de Conteneurs ;\u00a0Les syst\u00e8mes de pompage de conteneurs, qui sont principalement utilis\u00e9s dans les installations\" \/>\n<meta name=\"robots\" content=\"index, follow, max-snippet:-1, max-image-preview:large, max-video-preview:-1\" \/>\n<link rel=\"canonical\" href=\"https:\/\/govalf.com\/fr\/product\/systemes-de-pompage-de-conteneurs\/\" \/>\n<meta property=\"og:locale\" content=\"fr_FR\" \/>\n<meta property=\"og:type\" content=\"article\" \/>\n<meta property=\"og:title\" content=\"Syst\u00e8mes de Pompage de Conteneurs -\" \/>\n<meta property=\"og:description\" content=\"Syst\u00e8mes de Pompage de Conteneurs ;\u00a0Les syst\u00e8mes de pompage de conteneurs, qui sont principalement utilis\u00e9s dans les installations\" \/>\n<meta property=\"og:url\" content=\"https:\/\/govalf.com\/fr\/product\/systemes-de-pompage-de-conteneurs\/\" \/>\n<meta property=\"og:site_name\" content=\"Go Valf Vana ve Pompa Sistemleri\" \/>\n<meta property=\"article:modified_time\" content=\"2023-04-07T12:00:48+00:00\" \/>\n<meta property=\"og:image\" content=\"https:\/\/govalf.com\/wp-content\/uploads\/2023\/01\/Ekran-Resmi-2023-01-02-20.13.21.png\" \/>\n\t<meta property=\"og:image:width\" content=\"1482\" \/>\n\t<meta property=\"og:image:height\" content=\"1104\" \/>\n\t<meta property=\"og:image:type\" content=\"image\/png\" \/>\n<meta name=\"twitter:card\" content=\"summary_large_image\" \/>\n<meta name=\"twitter:label1\" content=\"Dur\u00e9e de lecture estim\u00e9e\" \/>\n\t<meta name=\"twitter:data1\" content=\"3 minutes\" \/>\n<script type=\"application\/ld+json\" class=\"yoast-schema-graph\">{\"@context\":\"https:\\\/\\\/schema.org\",\"@graph\":[{\"@type\":\"WebPage\",\"@id\":\"https:\\\/\\\/govalf.com\\\/fr\\\/product\\\/systemes-de-pompage-de-conteneurs\\\/\",\"url\":\"https:\\\/\\\/govalf.com\\\/fr\\\/product\\\/systemes-de-pompage-de-conteneurs\\\/\",\"name\":\"Syst\u00e8mes de Pompage de Conteneurs -\",\"isPartOf\":{\"@id\":\"http:\\\/\\\/govalf.com\\\/ru\\\/#website\"},\"primaryImageOfPage\":{\"@id\":\"https:\\\/\\\/govalf.com\\\/fr\\\/product\\\/systemes-de-pompage-de-conteneurs\\\/#primaryimage\"},\"image\":{\"@id\":\"https:\\\/\\\/govalf.com\\\/fr\\\/product\\\/systemes-de-pompage-de-conteneurs\\\/#primaryimage\"},\"thumbnailUrl\":\"http:\\\/\\\/govalf.com\\\/wp-content\\\/uploads\\\/2023\\\/01\\\/Ekran-Resmi-2023-01-02-20.13.21.png\",\"datePublished\":\"2023-04-07T11:26:10+00:00\",\"dateModified\":\"2023-04-07T12:00:48+00:00\",\"description\":\"Syst\u00e8mes de Pompage de Conteneurs ;\u00a0Les syst\u00e8mes de pompage de conteneurs, qui sont principalement utilis\u00e9s dans les installations\",\"breadcrumb\":{\"@id\":\"https:\\\/\\\/govalf.com\\\/fr\\\/product\\\/systemes-de-pompage-de-conteneurs\\\/#breadcrumb\"},\"inLanguage\":\"fr-FR\",\"potentialAction\":[{\"@type\":\"ReadAction\",\"target\":[\"https:\\\/\\\/govalf.com\\\/fr\\\/product\\\/systemes-de-pompage-de-conteneurs\\\/\"]}]},{\"@type\":\"ImageObject\",\"inLanguage\":\"fr-FR\",\"@id\":\"https:\\\/\\\/govalf.com\\\/fr\\\/product\\\/systemes-de-pompage-de-conteneurs\\\/#primaryimage\",\"url\":\"http:\\\/\\\/govalf.com\\\/wp-content\\\/uploads\\\/2023\\\/01\\\/Ekran-Resmi-2023-01-02-20.13.21.png\",\"contentUrl\":\"http:\\\/\\\/govalf.com\\\/wp-content\\\/uploads\\\/2023\\\/01\\\/Ekran-Resmi-2023-01-02-20.13.21.png\",\"width\":1482,\"height\":1104},{\"@type\":\"BreadcrumbList\",\"@id\":\"https:\\\/\\\/govalf.com\\\/fr\\\/product\\\/systemes-de-pompage-de-conteneurs\\\/#breadcrumb\",\"itemListElement\":[{\"@type\":\"ListItem\",\"position\":1,\"name\":\"Anasayfa\",\"item\":\"http:\\\/\\\/govalf.com\\\/fr\\\/\"},{\"@type\":\"ListItem\",\"position\":2,\"name\":\"Products\",\"item\":\"http:\\\/\\\/govalf.com\\\/ru\\\/%d0%bf%d1%80%d0%be%d0%b4%d1%83%d0%ba%d1%82%d1%8b\\\/\"},{\"@type\":\"ListItem\",\"position\":3,\"name\":\"Syst\u00e8mes de Pompage de Conteneurs\"}]},{\"@type\":\"WebSite\",\"@id\":\"http:\\\/\\\/govalf.com\\\/ru\\\/#website\",\"url\":\"http:\\\/\\\/govalf.com\\\/ru\\\/\",\"name\":\"Go Valf Vana ve Pompa Sistemleri\",\"description\":\"Yang\u0131n S\u00f6nd\u00fcrme Sistemleri ve Ekipmanlar\u0131\",\"publisher\":{\"@id\":\"http:\\\/\\\/govalf.com\\\/ru\\\/#organization\"},\"potentialAction\":[{\"@type\":\"SearchAction\",\"target\":{\"@type\":\"EntryPoint\",\"urlTemplate\":\"http:\\\/\\\/govalf.com\\\/ru\\\/?s={search_term_string}\"},\"query-input\":{\"@type\":\"PropertyValueSpecification\",\"valueRequired\":true,\"valueName\":\"search_term_string\"}}],\"inLanguage\":\"fr-FR\"},{\"@type\":\"Organization\",\"@id\":\"http:\\\/\\\/govalf.com\\\/ru\\\/#organization\",\"name\":\"Go Valf\",\"url\":\"http:\\\/\\\/govalf.com\\\/ru\\\/\",\"logo\":{\"@type\":\"ImageObject\",\"inLanguage\":\"fr-FR\",\"@id\":\"http:\\\/\\\/govalf.com\\\/ru\\\/#\\\/schema\\\/logo\\\/image\\\/\",\"url\":\"https:\\\/\\\/govalf.com\\\/wp-content\\\/uploads\\\/2022\\\/02\\\/go-valf-logo.png\",\"contentUrl\":\"https:\\\/\\\/govalf.com\\\/wp-content\\\/uploads\\\/2022\\\/02\\\/go-valf-logo.png\",\"width\":504,\"height\":120,\"caption\":\"Go Valf\"},\"image\":{\"@id\":\"http:\\\/\\\/govalf.com\\\/ru\\\/#\\\/schema\\\/logo\\\/image\\\/\"}}]}<\/script>\n<!-- \/ Yoast SEO plugin. -->","yoast_head_json":{"title":"Syst\u00e8mes de Pompage de Conteneurs -","description":"Syst\u00e8mes de Pompage de Conteneurs ;\u00a0Les syst\u00e8mes de pompage de conteneurs, qui sont principalement utilis\u00e9s dans les installations","robots":{"index":"index","follow":"follow","max-snippet":"max-snippet:-1","max-image-preview":"max-image-preview:large","max-video-preview":"max-video-preview:-1"},"canonical":"https:\/\/govalf.com\/fr\/product\/systemes-de-pompage-de-conteneurs\/","og_locale":"fr_FR","og_type":"article","og_title":"Syst\u00e8mes de Pompage de Conteneurs -","og_description":"Syst\u00e8mes de Pompage de Conteneurs ;\u00a0Les syst\u00e8mes de pompage de conteneurs, qui sont principalement utilis\u00e9s dans les installations","og_url":"https:\/\/govalf.com\/fr\/product\/systemes-de-pompage-de-conteneurs\/","og_site_name":"Go Valf Vana ve Pompa Sistemleri","article_modified_time":"2023-04-07T12:00:48+00:00","og_image":[{"width":1482,"height":1104,"url":"https:\/\/govalf.com\/wp-content\/uploads\/2023\/01\/Ekran-Resmi-2023-01-02-20.13.21.png","type":"image\/png"}],"twitter_card":"summary_large_image","twitter_misc":{"Dur\u00e9e de lecture estim\u00e9e":"3 minutes"},"schema":{"@context":"https:\/\/schema.org","@graph":[{"@type":"WebPage","@id":"https:\/\/govalf.com\/fr\/product\/systemes-de-pompage-de-conteneurs\/","url":"https:\/\/govalf.com\/fr\/product\/systemes-de-pompage-de-conteneurs\/","name":"Syst\u00e8mes de Pompage de Conteneurs -","isPartOf":{"@id":"http:\/\/govalf.com\/ru\/#website"},"primaryImageOfPage":{"@id":"https:\/\/govalf.com\/fr\/product\/systemes-de-pompage-de-conteneurs\/#primaryimage"},"image":{"@id":"https:\/\/govalf.com\/fr\/product\/systemes-de-pompage-de-conteneurs\/#primaryimage"},"thumbnailUrl":"http:\/\/govalf.com\/wp-content\/uploads\/2023\/01\/Ekran-Resmi-2023-01-02-20.13.21.png","datePublished":"2023-04-07T11:26:10+00:00","dateModified":"2023-04-07T12:00:48+00:00","description":"Syst\u00e8mes de Pompage de Conteneurs ;\u00a0Les syst\u00e8mes de pompage de conteneurs, qui sont principalement utilis\u00e9s dans les installations","breadcrumb":{"@id":"https:\/\/govalf.com\/fr\/product\/systemes-de-pompage-de-conteneurs\/#breadcrumb"},"inLanguage":"fr-FR","potentialAction":[{"@type":"ReadAction","target":["https:\/\/govalf.com\/fr\/product\/systemes-de-pompage-de-conteneurs\/"]}]},{"@type":"ImageObject","inLanguage":"fr-FR","@id":"https:\/\/govalf.com\/fr\/product\/systemes-de-pompage-de-conteneurs\/#primaryimage","url":"http:\/\/govalf.com\/wp-content\/uploads\/2023\/01\/Ekran-Resmi-2023-01-02-20.13.21.png","contentUrl":"http:\/\/govalf.com\/wp-content\/uploads\/2023\/01\/Ekran-Resmi-2023-01-02-20.13.21.png","width":1482,"height":1104},{"@type":"BreadcrumbList","@id":"https:\/\/govalf.com\/fr\/product\/systemes-de-pompage-de-conteneurs\/#breadcrumb","itemListElement":[{"@type":"ListItem","position":1,"name":"Anasayfa","item":"http:\/\/govalf.com\/fr\/"},{"@type":"ListItem","position":2,"name":"Products","item":"http:\/\/govalf.com\/ru\/%d0%bf%d1%80%d0%be%d0%b4%d1%83%d0%ba%d1%82%d1%8b\/"},{"@type":"ListItem","position":3,"name":"Syst\u00e8mes de Pompage de Conteneurs"}]},{"@type":"WebSite","@id":"http:\/\/govalf.com\/ru\/#website","url":"http:\/\/govalf.com\/ru\/","name":"Go Valf Vana ve Pompa Sistemleri","description":"Yang\u0131n S\u00f6nd\u00fcrme Sistemleri ve Ekipmanlar\u0131","publisher":{"@id":"http:\/\/govalf.com\/ru\/#organization"},"potentialAction":[{"@type":"SearchAction","target":{"@type":"EntryPoint","urlTemplate":"http:\/\/govalf.com\/ru\/?s={search_term_string}"},"query-input":{"@type":"PropertyValueSpecification","valueRequired":true,"valueName":"search_term_string"}}],"inLanguage":"fr-FR"},{"@type":"Organization","@id":"http:\/\/govalf.com\/ru\/#organization","name":"Go Valf","url":"http:\/\/govalf.com\/ru\/","logo":{"@type":"ImageObject","inLanguage":"fr-FR","@id":"http:\/\/govalf.com\/ru\/#\/schema\/logo\/image\/","url":"https:\/\/govalf.com\/wp-content\/uploads\/2022\/02\/go-valf-logo.png","contentUrl":"https:\/\/govalf.com\/wp-content\/uploads\/2022\/02\/go-valf-logo.png","width":504,"height":120,"caption":"Go Valf"},"image":{"@id":"http:\/\/govalf.com\/ru\/#\/schema\/logo\/image\/"}}]}},"_links":{"self":[{"href":"http:\/\/govalf.com\/fr\/wp-json\/wp\/v2\/product\/8970","targetHints":{"allow":["GET"]}}],"collection":[{"href":"http:\/\/govalf.com\/fr\/wp-json\/wp\/v2\/product"}],"about":[{"href":"http:\/\/govalf.com\/fr\/wp-json\/wp\/v2\/types\/product"}],"replies":[{"embeddable":true,"href":"http:\/\/govalf.com\/fr\/wp-json\/wp\/v2\/comments?post=8970"}],"wp:featuredmedia":[{"embeddable":true,"href":"http:\/\/govalf.com\/fr\/wp-json\/wp\/v2\/media\/8403"}],"wp:attachment":[{"href":"http:\/\/govalf.com\/fr\/wp-json\/wp\/v2\/media?parent=8970"}],"wp:term":[{"taxonomy":"product_brand","embeddable":true,"href":"http:\/\/govalf.com\/fr\/wp-json\/wp\/v2\/product_brand?post=8970"},{"taxonomy":"product_cat","embeddable":true,"href":"http:\/\/govalf.com\/fr\/wp-json\/wp\/v2\/product_cat?post=8970"},{"taxonomy":"product_tag","embeddable":true,"href":"http:\/\/govalf.com\/fr\/wp-json\/wp\/v2\/product_tag?post=8970"}],"curies":[{"name":"wp","href":"https:\/\/api.w.org\/{rel}","templated":true}]}}