{"id":8975,"date":"2023-04-07T11:34:31","date_gmt":"2023-04-07T11:34:31","guid":{"rendered":"https:\/\/govalf.com\/urun\/actionneur-electrique\/"},"modified":"2023-04-07T11:59:14","modified_gmt":"2023-04-07T11:59:14","slug":"actionneur-electrique","status":"publish","type":"product","link":"http:\/\/govalf.com\/fr\/product\/actionneur-electrique\/","title":{"rendered":"Actionneur \u00e9lectrique"},"content":{"rendered":"<p>Actionneur \u00e9lectrique; Un autre des types d&rsquo;actionneurs est connu sous le nom d&rsquo;actionneur \u00e9lectrique . Dans de tels syst\u00e8mes, l&rsquo;\u00e9nergie n\u00e9cessaire pour ouvrir et fermer la vanne est fournie par le moteur \u00e9lectrique. Le moteur \u00e9lectrique assure la formation de la force motrice. Cela permet aux engrenages de se d\u00e9placer \u00e0 l&rsquo;int\u00e9rieur du corps. Dans de tels syst\u00e8mes, le syst\u00e8me d&rsquo;engrenage est principalement impliqu\u00e9.<\/p>\n<p>La pr\u00e9sence d&rsquo;un syst\u00e8me d&rsquo;engrenage permet de faire tourner les op\u00e9rations d&rsquo;ouverture et de fermeture avec un couple constant. Dans les actionneurs \u00e9lectriques, la partie du corps est en aluminium. Sur le corps ext\u00e9rieur, une am\u00e9lioration de l&rsquo;anodisation en alliage d&rsquo;aluminium dur et un rev\u00eatement en poudre de polyester sont utilis\u00e9s. Gr\u00e2ce \u00e0 cela, il est assez r\u00e9sistant aux chocs.<\/p>\n<p>L&rsquo;actionneur \u00e9lectrique est utilis\u00e9 dans les vannes papillon \u00e0 clapet \u00e0 bille. L&rsquo;installation de la partie inf\u00e9rieure de raccordement du syst\u00e8me s&rsquo;effectue en douceur. Parce que l&rsquo;installation peut r\u00e9pondre aux normes ISO 5211. Pour que le syst\u00e8me fonctionne correctement et efficacement, il existe deux connexions \u00e0 bride carr\u00e9e entre le fond et les trous. Le syst\u00e8me est essentiellement certifi\u00e9 \u00e9tanch\u00e9it\u00e9 IP 67. Cette situation lui permet d&rsquo;offrir une \u00e9tanch\u00e9it\u00e9 r\u00e9ussie.<\/p>\n<p>Comment fonctionne l&rsquo;actionneur \u00e9lectrique?<br \/>\nLe syst\u00e8me de fonctionnement de l&rsquo;actionneur \u00e9lectrique est assez simple. Il y a un moteur \u00e9lectrique pour que le syst\u00e8me fonctionne. Le moteur \u00e9lectrique est activ\u00e9 pour ouvrir et fermer la vanne, et la force motrice g\u00e9n\u00e9r\u00e9e par le moteur \u00e9lectrique permet le mouvement circulaire des engrenages situ\u00e9s dans le bo\u00eetier. Gr\u00e2ce \u00e0 cela, le syst\u00e8me fonctionne sans probl\u00e8me. De plus, le syst\u00e8me peut \u00eatre aliment\u00e9 en 220V AC, 24V\/DC et le courant d&rsquo;entr\u00e9e peut \u00eatre contr\u00f4l\u00e9 via un signal 4-20 mA ou 0-10V DC.<\/p>\n<p>&nbsp;<\/p>\n<p>&nbsp;<\/p>\n<p>Les actionneurs \u00e9lectriques utilisent un moteur \u00e9lectrique pour ouvrir et fermer la vanne.<\/p>\n<p>La force motrice obtenue par le moteur \u00e9lectrique assure le mouvement circulaire des engrenages \u00e0 l&rsquo;int\u00e9rieur du corps. Puisque le syst\u00e8me d&rsquo;engrenage est utilis\u00e9, la rotation est fournie avec un couple constant du d\u00e9but \u00e0 la fin du processus marche\/arr\u00eat. Il peut \u00eatre aliment\u00e9 en 220V AC, 24V \/ DC, la vanne est automatiquement amen\u00e9e \u00e0 la bonne position en contr\u00f4lant le courant d&rsquo;entr\u00e9e avec un signal 4-20 mA ou 0-10V DC.<\/p>\n<p>Injection d&rsquo;aluminium dans le corps Le corps ext\u00e9rieur est recouvert de poudre de polyester avec une am\u00e9lioration de l&rsquo;anodisation en alliage d&rsquo;aluminium dur.<\/p>\n<p>Connexion L&rsquo;installation de la partie inf\u00e9rieure est conforme aux normes internationales ISO 5211.<\/p>\n<p>Il y a deux emplacements de connexion \u00e0 bride carr\u00e9e entre le fond et les trous, l&rsquo;\u00e9tanch\u00e9it\u00e9 a une \u00e9tanch\u00e9it\u00e9 r\u00e9ussie avec une d\u00e9certification IP 67.<\/p>\n<p>Type de connexion ISO 5211<\/p>\n<p>DOMAINES D&rsquo;APPLICATION<\/p>\n<p>Vannes Papillon * Vannes \u00e0 boisseau sph\u00e9rique<\/p>\n","protected":false},"excerpt":{"rendered":"<p>Actionneur \u00e9lectrique; Un autre des types d&rsquo;actionneurs est connu sous le nom d&rsquo;actionneur \u00e9lectrique . Dans de tels syst\u00e8mes, l&rsquo;\u00e9nergie n\u00e9cessaire pour ouvrir et fermer la vanne est fournie par le moteur \u00e9lectrique. Le moteur \u00e9lectrique assure la formation de la force motrice. Cela permet aux engrenages de se d\u00e9placer \u00e0 l&rsquo;int\u00e9rieur du corps. Dans [&hellip;]<\/p>\n","protected":false},"featured_media":7781,"comment_status":"open","ping_status":"closed","template":"","meta":{"_acf_changed":false},"product_brand":[],"product_cat":[407],"product_tag":[],"class_list":{"0":"post-8975","1":"product","2":"type-product","3":"status-publish","4":"has-post-thumbnail","6":"product_cat-vannes-industrielles","8":"first","9":"instock","10":"shipping-taxable","11":"product-type-simple"},"acf":[],"yoast_head":"<!-- This site is optimized with the Yoast SEO plugin v27.4 - https:\/\/yoast.com\/product\/yoast-seo-wordpress\/ -->\n<title>Actionneur \u00e9lectrique - Go Valf Vana ve Pompa Sistemleri<\/title>\n<meta name=\"description\" content=\"Actionneur \u00e9lectrique; Un autre des types d&#039;actionneurs est connu sous le nom d&#039;actionneur \u00e9lectrique . Dans de tels syst\u00e8mes\" \/>\n<meta name=\"robots\" content=\"index, follow, max-snippet:-1, max-image-preview:large, max-video-preview:-1\" \/>\n<link rel=\"canonical\" href=\"http:\/\/govalf.com\/fr\/product\/actionneur-electrique\/\" \/>\n<meta property=\"og:locale\" content=\"fr_FR\" \/>\n<meta property=\"og:type\" content=\"article\" \/>\n<meta property=\"og:title\" content=\"Actionneur \u00e9lectrique - Go Valf Vana ve Pompa Sistemleri\" \/>\n<meta property=\"og:description\" content=\"Actionneur \u00e9lectrique; Un autre des types d&#039;actionneurs est connu sous le nom d&#039;actionneur \u00e9lectrique . Dans de tels syst\u00e8mes\" \/>\n<meta property=\"og:url\" content=\"http:\/\/govalf.com\/fr\/product\/actionneur-electrique\/\" \/>\n<meta property=\"og:site_name\" content=\"Go Valf Vana ve Pompa Sistemleri\" \/>\n<meta property=\"article:modified_time\" content=\"2023-04-07T11:59:14+00:00\" \/>\n<meta property=\"og:image\" content=\"http:\/\/govalf.com\/wp-content\/uploads\/2022\/12\/ELEKTRIK-AKTUATOR-1-1024x1024.png\" \/>\n\t<meta property=\"og:image:width\" content=\"1024\" \/>\n\t<meta property=\"og:image:height\" content=\"1024\" \/>\n\t<meta property=\"og:image:type\" content=\"image\/png\" \/>\n<meta name=\"twitter:card\" content=\"summary_large_image\" \/>\n<meta name=\"twitter:label1\" content=\"Dur\u00e9e de lecture estim\u00e9e\" \/>\n\t<meta name=\"twitter:data1\" content=\"2 minutes\" \/>\n<script type=\"application\/ld+json\" class=\"yoast-schema-graph\">{\"@context\":\"https:\\\/\\\/schema.org\",\"@graph\":[{\"@type\":\"WebPage\",\"@id\":\"http:\\\/\\\/govalf.com\\\/fr\\\/product\\\/actionneur-electrique\\\/\",\"url\":\"http:\\\/\\\/govalf.com\\\/fr\\\/product\\\/actionneur-electrique\\\/\",\"name\":\"Actionneur \u00e9lectrique - Go Valf Vana ve Pompa Sistemleri\",\"isPartOf\":{\"@id\":\"http:\\\/\\\/govalf.com\\\/ru\\\/#website\"},\"primaryImageOfPage\":{\"@id\":\"http:\\\/\\\/govalf.com\\\/fr\\\/product\\\/actionneur-electrique\\\/#primaryimage\"},\"image\":{\"@id\":\"http:\\\/\\\/govalf.com\\\/fr\\\/product\\\/actionneur-electrique\\\/#primaryimage\"},\"thumbnailUrl\":\"http:\\\/\\\/govalf.com\\\/wp-content\\\/uploads\\\/2022\\\/12\\\/ELEKTRIK-AKTUATOR-1.png\",\"datePublished\":\"2023-04-07T11:34:31+00:00\",\"dateModified\":\"2023-04-07T11:59:14+00:00\",\"description\":\"Actionneur \u00e9lectrique; Un autre des types d'actionneurs est connu sous le nom d'actionneur \u00e9lectrique . Dans de tels syst\u00e8mes\",\"breadcrumb\":{\"@id\":\"http:\\\/\\\/govalf.com\\\/fr\\\/product\\\/actionneur-electrique\\\/#breadcrumb\"},\"inLanguage\":\"fr-FR\",\"potentialAction\":[{\"@type\":\"ReadAction\",\"target\":[\"http:\\\/\\\/govalf.com\\\/fr\\\/product\\\/actionneur-electrique\\\/\"]}]},{\"@type\":\"ImageObject\",\"inLanguage\":\"fr-FR\",\"@id\":\"http:\\\/\\\/govalf.com\\\/fr\\\/product\\\/actionneur-electrique\\\/#primaryimage\",\"url\":\"http:\\\/\\\/govalf.com\\\/wp-content\\\/uploads\\\/2022\\\/12\\\/ELEKTRIK-AKTUATOR-1.png\",\"contentUrl\":\"http:\\\/\\\/govalf.com\\\/wp-content\\\/uploads\\\/2022\\\/12\\\/ELEKTRIK-AKTUATOR-1.png\",\"width\":5000,\"height\":5000,\"caption\":\"Elektrikli Akt\u00fcat\u00f6r\"},{\"@type\":\"BreadcrumbList\",\"@id\":\"http:\\\/\\\/govalf.com\\\/fr\\\/product\\\/actionneur-electrique\\\/#breadcrumb\",\"itemListElement\":[{\"@type\":\"ListItem\",\"position\":1,\"name\":\"Anasayfa\",\"item\":\"http:\\\/\\\/govalf.com\\\/fr\\\/\"},{\"@type\":\"ListItem\",\"position\":2,\"name\":\"Products\",\"item\":\"http:\\\/\\\/govalf.com\\\/ru\\\/%d0%bf%d1%80%d0%be%d0%b4%d1%83%d0%ba%d1%82%d1%8b\\\/\"},{\"@type\":\"ListItem\",\"position\":3,\"name\":\"Actionneur \u00e9lectrique\"}]},{\"@type\":\"WebSite\",\"@id\":\"http:\\\/\\\/govalf.com\\\/ru\\\/#website\",\"url\":\"http:\\\/\\\/govalf.com\\\/ru\\\/\",\"name\":\"Go Valf Vana ve Pompa Sistemleri\",\"description\":\"Yang\u0131n S\u00f6nd\u00fcrme Sistemleri ve Ekipmanlar\u0131\",\"publisher\":{\"@id\":\"http:\\\/\\\/govalf.com\\\/ru\\\/#organization\"},\"potentialAction\":[{\"@type\":\"SearchAction\",\"target\":{\"@type\":\"EntryPoint\",\"urlTemplate\":\"http:\\\/\\\/govalf.com\\\/ru\\\/?s={search_term_string}\"},\"query-input\":{\"@type\":\"PropertyValueSpecification\",\"valueRequired\":true,\"valueName\":\"search_term_string\"}}],\"inLanguage\":\"fr-FR\"},{\"@type\":\"Organization\",\"@id\":\"http:\\\/\\\/govalf.com\\\/ru\\\/#organization\",\"name\":\"Go Valf\",\"url\":\"http:\\\/\\\/govalf.com\\\/ru\\\/\",\"logo\":{\"@type\":\"ImageObject\",\"inLanguage\":\"fr-FR\",\"@id\":\"http:\\\/\\\/govalf.com\\\/ru\\\/#\\\/schema\\\/logo\\\/image\\\/\",\"url\":\"https:\\\/\\\/govalf.com\\\/wp-content\\\/uploads\\\/2022\\\/02\\\/go-valf-logo.png\",\"contentUrl\":\"https:\\\/\\\/govalf.com\\\/wp-content\\\/uploads\\\/2022\\\/02\\\/go-valf-logo.png\",\"width\":504,\"height\":120,\"caption\":\"Go Valf\"},\"image\":{\"@id\":\"http:\\\/\\\/govalf.com\\\/ru\\\/#\\\/schema\\\/logo\\\/image\\\/\"}}]}<\/script>\n<!-- \/ Yoast SEO plugin. -->","yoast_head_json":{"title":"Actionneur \u00e9lectrique - Go Valf Vana ve Pompa Sistemleri","description":"Actionneur \u00e9lectrique; Un autre des types d'actionneurs est connu sous le nom d'actionneur \u00e9lectrique . Dans de tels syst\u00e8mes","robots":{"index":"index","follow":"follow","max-snippet":"max-snippet:-1","max-image-preview":"max-image-preview:large","max-video-preview":"max-video-preview:-1"},"canonical":"http:\/\/govalf.com\/fr\/product\/actionneur-electrique\/","og_locale":"fr_FR","og_type":"article","og_title":"Actionneur \u00e9lectrique - Go Valf Vana ve Pompa Sistemleri","og_description":"Actionneur \u00e9lectrique; Un autre des types d'actionneurs est connu sous le nom d'actionneur \u00e9lectrique . Dans de tels syst\u00e8mes","og_url":"http:\/\/govalf.com\/fr\/product\/actionneur-electrique\/","og_site_name":"Go Valf Vana ve Pompa Sistemleri","article_modified_time":"2023-04-07T11:59:14+00:00","og_image":[{"width":1024,"height":1024,"url":"http:\/\/govalf.com\/wp-content\/uploads\/2022\/12\/ELEKTRIK-AKTUATOR-1-1024x1024.png","type":"image\/png"}],"twitter_card":"summary_large_image","twitter_misc":{"Dur\u00e9e de lecture estim\u00e9e":"2 minutes"},"schema":{"@context":"https:\/\/schema.org","@graph":[{"@type":"WebPage","@id":"http:\/\/govalf.com\/fr\/product\/actionneur-electrique\/","url":"http:\/\/govalf.com\/fr\/product\/actionneur-electrique\/","name":"Actionneur \u00e9lectrique - Go Valf Vana ve Pompa Sistemleri","isPartOf":{"@id":"http:\/\/govalf.com\/ru\/#website"},"primaryImageOfPage":{"@id":"http:\/\/govalf.com\/fr\/product\/actionneur-electrique\/#primaryimage"},"image":{"@id":"http:\/\/govalf.com\/fr\/product\/actionneur-electrique\/#primaryimage"},"thumbnailUrl":"http:\/\/govalf.com\/wp-content\/uploads\/2022\/12\/ELEKTRIK-AKTUATOR-1.png","datePublished":"2023-04-07T11:34:31+00:00","dateModified":"2023-04-07T11:59:14+00:00","description":"Actionneur \u00e9lectrique; Un autre des types d'actionneurs est connu sous le nom d'actionneur \u00e9lectrique . Dans de tels syst\u00e8mes","breadcrumb":{"@id":"http:\/\/govalf.com\/fr\/product\/actionneur-electrique\/#breadcrumb"},"inLanguage":"fr-FR","potentialAction":[{"@type":"ReadAction","target":["http:\/\/govalf.com\/fr\/product\/actionneur-electrique\/"]}]},{"@type":"ImageObject","inLanguage":"fr-FR","@id":"http:\/\/govalf.com\/fr\/product\/actionneur-electrique\/#primaryimage","url":"http:\/\/govalf.com\/wp-content\/uploads\/2022\/12\/ELEKTRIK-AKTUATOR-1.png","contentUrl":"http:\/\/govalf.com\/wp-content\/uploads\/2022\/12\/ELEKTRIK-AKTUATOR-1.png","width":5000,"height":5000,"caption":"Elektrikli Akt\u00fcat\u00f6r"},{"@type":"BreadcrumbList","@id":"http:\/\/govalf.com\/fr\/product\/actionneur-electrique\/#breadcrumb","itemListElement":[{"@type":"ListItem","position":1,"name":"Anasayfa","item":"http:\/\/govalf.com\/fr\/"},{"@type":"ListItem","position":2,"name":"Products","item":"http:\/\/govalf.com\/ru\/%d0%bf%d1%80%d0%be%d0%b4%d1%83%d0%ba%d1%82%d1%8b\/"},{"@type":"ListItem","position":3,"name":"Actionneur \u00e9lectrique"}]},{"@type":"WebSite","@id":"http:\/\/govalf.com\/ru\/#website","url":"http:\/\/govalf.com\/ru\/","name":"Go Valf Vana ve Pompa Sistemleri","description":"Yang\u0131n S\u00f6nd\u00fcrme Sistemleri ve Ekipmanlar\u0131","publisher":{"@id":"http:\/\/govalf.com\/ru\/#organization"},"potentialAction":[{"@type":"SearchAction","target":{"@type":"EntryPoint","urlTemplate":"http:\/\/govalf.com\/ru\/?s={search_term_string}"},"query-input":{"@type":"PropertyValueSpecification","valueRequired":true,"valueName":"search_term_string"}}],"inLanguage":"fr-FR"},{"@type":"Organization","@id":"http:\/\/govalf.com\/ru\/#organization","name":"Go Valf","url":"http:\/\/govalf.com\/ru\/","logo":{"@type":"ImageObject","inLanguage":"fr-FR","@id":"http:\/\/govalf.com\/ru\/#\/schema\/logo\/image\/","url":"https:\/\/govalf.com\/wp-content\/uploads\/2022\/02\/go-valf-logo.png","contentUrl":"https:\/\/govalf.com\/wp-content\/uploads\/2022\/02\/go-valf-logo.png","width":504,"height":120,"caption":"Go Valf"},"image":{"@id":"http:\/\/govalf.com\/ru\/#\/schema\/logo\/image\/"}}]}},"_links":{"self":[{"href":"http:\/\/govalf.com\/fr\/wp-json\/wp\/v2\/product\/8975","targetHints":{"allow":["GET"]}}],"collection":[{"href":"http:\/\/govalf.com\/fr\/wp-json\/wp\/v2\/product"}],"about":[{"href":"http:\/\/govalf.com\/fr\/wp-json\/wp\/v2\/types\/product"}],"replies":[{"embeddable":true,"href":"http:\/\/govalf.com\/fr\/wp-json\/wp\/v2\/comments?post=8975"}],"wp:featuredmedia":[{"embeddable":true,"href":"http:\/\/govalf.com\/fr\/wp-json\/wp\/v2\/media\/7781"}],"wp:attachment":[{"href":"http:\/\/govalf.com\/fr\/wp-json\/wp\/v2\/media?parent=8975"}],"wp:term":[{"taxonomy":"product_brand","embeddable":true,"href":"http:\/\/govalf.com\/fr\/wp-json\/wp\/v2\/product_brand?post=8975"},{"taxonomy":"product_cat","embeddable":true,"href":"http:\/\/govalf.com\/fr\/wp-json\/wp\/v2\/product_cat?post=8975"},{"taxonomy":"product_tag","embeddable":true,"href":"http:\/\/govalf.com\/fr\/wp-json\/wp\/v2\/product_tag?post=8975"}],"curies":[{"name":"wp","href":"https:\/\/api.w.org\/{rel}","templated":true}]}}