{"id":8978,"date":"2023-04-07T11:36:27","date_gmt":"2023-04-07T11:36:27","guid":{"rendered":"https:\/\/govalf.com\/urun\/vanne-a-guillotin\/"},"modified":"2023-04-07T11:59:09","modified_gmt":"2023-04-07T11:59:09","slug":"vanne-a-guillotin","status":"publish","type":"product","link":"http:\/\/govalf.com\/fr\/product\/vanne-a-guillotin\/","title":{"rendered":"Vanne \u00e0 Guillotin"},"content":{"rendered":"<p>Vanne \u00e0 guillotine &#8211; Ce sont des syst\u00e8mes qui scellent le passage du fluide avec une lame coulissant perpendiculairement \u00e0 la direction du passage en acier inoxydable et fonctionnent efficacement avec des propri\u00e9t\u00e9s d&rsquo;\u00e9tanch\u00e9it\u00e9. Le syst\u00e8me comporte essentiellement deux bagues d&rsquo;\u00e9tanch\u00e9it\u00e9. Entre ces anneaux, il y a un curseur qui glisse d\u00e9cemment. Le fait que le curseur remplisse sa fonction permet au syst\u00e8me de fonctionner de mani\u00e8re syst\u00e9matique. Les vannes \u00e0 boisseau sph\u00e9rique sont utilis\u00e9es dans des endroits constamment ouverts et ferm\u00e9s, et les vannes coulissantes \u00e0 lames offrent une utilisation tr\u00e8s efficace. De plus, ils sont \u00e9quip\u00e9s d&rsquo;une fonction d&rsquo;\u00e9tanch\u00e9it\u00e9, ce qui permet de les utiliser en douceur dans diff\u00e9rentes zones. Alors, qu&rsquo;est-ce qu&rsquo;une vanne coulissante \u00e0 lame en acier inoxydable, quelles sont ses caract\u00e9ristiques, dans quels domaines est-elle utilis\u00e9e?<\/p>\n<p>Vanne \u00e0 guillotine avec lame-Qu&rsquo;est-ce qui est inoxydable?<br \/>\nC&rsquo;est l&rsquo;un des types de vannes tr\u00e8s r\u00e9sistantes \u00e0 la corrosion. Il y a deux bagues d&rsquo;\u00e9tanch\u00e9it\u00e9 \u00e0 l&rsquo;int\u00e9rieur du syst\u00e8me. Afin d&rsquo;assurer le passage du fluide, la lame ou glissi\u00e8re situ\u00e9e entre les deux bagues s&rsquo;ouvre et se ferme d\u00e9cemment dans le sens du passage. Il est recommand\u00e9 de les utiliser compl\u00e8tement ouverts ou compl\u00e8tement ferm\u00e9s.<\/p>\n<p>Vanne \u00e0 guillotine avec couteau-Quelles sont ses caract\u00e9ristiques en acier inoxydable?<br \/>\nToutes les caract\u00e9ristiques des vannes \u00e0 guillotine en acier inoxydable leur permettent d&rsquo;\u00eatre utilis\u00e9es efficacement. Ces caract\u00e9ristiques sont les suivantes dans les grandes lignes:<\/p>\n<p>La vanne \u00e0 guillotine avec une lame qui ferme la section d&rsquo;\u00e9coulement promet une utilisation tr\u00e8s efficace avec des propri\u00e9t\u00e9s d&rsquo;\u00e9tanch\u00e9it\u00e9 \u00e0 100%.<br \/>\nIl existe deux types diff\u00e9rents de piston manuel (volant) et pneumatique.<br \/>\nLes vannes \u00e0 guillotine en acier inoxydable, qui ont de nombreux domaines d&rsquo;utilisation diff\u00e9rents, permettent une utilisation efficace, en particulier dans les zones d&rsquo;eaux us\u00e9es. La corrosion est tr\u00e8s importante dans ces zones. Les vannes \u00e0 guillotine avec lames en acier inoxydable offrent une solution efficace contre la corrosion.<br \/>\nCon\u00e7ues de mani\u00e8re tr\u00e8s syst\u00e9matique, les vannes \u00e0 guillotine sont con\u00e7ues pour s&rsquo;ouvrir et se fermer lentement afin de pouvoir \u00eatre prot\u00e9g\u00e9es contre les effets des impacts de b\u00e9lier d&rsquo;eau.<br \/>\nIl ne n\u00e9cessite pas d&rsquo;entretien fr\u00e9quent car il a une structure tr\u00e8s particuli\u00e8re.<br \/>\nIl permet une utilisation sans probl\u00e8me avec sa lame en acier inoxydable r\u00e9sistant aux acides.<br \/>\nDans Quels Domaines Est-Il Utilis\u00e9?<br \/>\nVanne \u00e0 guillotine &#8211; L&rsquo;acier inoxydable a un large \u00e9ventail d&rsquo;utilisations. Gr\u00e2ce \u00e0 ses caract\u00e9ristiques technologiques et \u00e0 sa structure qui permet une utilisation efficace, les zones d&rsquo;utilisation de la vanne \u00e0 guillotine, qui permet une utilisation sans probl\u00e8me, sont les suivantes:<\/p>\n<p>Industrie p\u00e9trochimique<br \/>\nBoues liquides<br \/>\nIndustrie du papier<br \/>\nUsines de traitement de l&rsquo;eau<br \/>\nMinier<br \/>\nApplications d&rsquo;eau de mer<br \/>\nCentrales \u00e9lectriques<br \/>\nD\u00e9chets, eau chaude et froide<br \/>\nFluides fibreux dans les applications industrielles<br \/>\nStations de pompage<br \/>\nLe corps du produit est GGG40, le joint est en EPDM, la temp\u00e9rature de fonctionnement maximale est de 120 \u00b0 C, la pression de fonctionnement maximale est PN10 \/ PN16, la lame est AISI304, AISI316; EN 1092-2 \/ ISO 7005-2-PN10, le type de connexion est une connexion \u00e0 bride PLAQUETTE \/ COSSE.<\/p>\n<p>Le syst\u00e8me, qui poss\u00e8de une propri\u00e9t\u00e9 d&rsquo;\u00e9tanch\u00e9it\u00e9 tr\u00e8s r\u00e9ussie, offre une utilisation efficace et innovante car il offre une faible perte de charge. Cela \u00e9conomise \u00e9galement de l&rsquo;espace. De cette fa\u00e7on, il est souvent pr\u00e9f\u00e9r\u00e9. Le fait qu&rsquo;il ait une structure performante permet de l&rsquo;utiliser dans diff\u00e9rents domaines. De plus, il permet une utilisation \u00e0 long terme.<\/p>\n<p><a href=\"http:\/\/govalf.com\">Govalf<\/a><\/p>\n","protected":false},"excerpt":{"rendered":"<p>Vanne \u00e0 guillotine &#8211; Ce sont des syst\u00e8mes qui scellent le passage du fluide avec une lame coulissant perpendiculairement \u00e0 la direction du passage en acier inoxydable et fonctionnent efficacement avec des propri\u00e9t\u00e9s d&rsquo;\u00e9tanch\u00e9it\u00e9. Le syst\u00e8me comporte essentiellement deux bagues d&rsquo;\u00e9tanch\u00e9it\u00e9. Entre ces anneaux, il y a un curseur qui glisse d\u00e9cemment. Le fait que [&hellip;]<\/p>\n","protected":false},"featured_media":8559,"comment_status":"open","ping_status":"closed","template":"","meta":{"_acf_changed":false},"product_brand":[],"product_cat":[407],"product_tag":[],"class_list":{"0":"post-8978","1":"product","2":"type-product","3":"status-publish","4":"has-post-thumbnail","6":"product_cat-vannes-industrielles","8":"first","9":"instock","10":"shipping-taxable","11":"product-type-simple"},"acf":[],"yoast_head":"<!-- This site is optimized with the Yoast SEO plugin v27.4 - https:\/\/yoast.com\/product\/yoast-seo-wordpress\/ -->\n<title>Vanne \u00e0 guillotine<\/title>\n<meta name=\"description\" content=\"Vanne \u00e0 guillotine - Ce sont des syst\u00e8mes qui scellent le passage du fluide avec une lame coulissant perpendiculairement\" \/>\n<meta name=\"robots\" content=\"index, follow, max-snippet:-1, max-image-preview:large, max-video-preview:-1\" \/>\n<link rel=\"canonical\" href=\"http:\/\/govalf.com\/fr\/product\/vanne-a-guillotin\/\" \/>\n<meta property=\"og:locale\" content=\"fr_FR\" \/>\n<meta property=\"og:type\" content=\"article\" \/>\n<meta property=\"og:title\" content=\"Vanne \u00e0 guillotine\" \/>\n<meta property=\"og:description\" content=\"Vanne \u00e0 guillotine - Ce sont des syst\u00e8mes qui scellent le passage du fluide avec une lame coulissant perpendiculairement\" \/>\n<meta property=\"og:url\" content=\"http:\/\/govalf.com\/fr\/product\/vanne-a-guillotin\/\" \/>\n<meta property=\"og:site_name\" content=\"Go Valf Vana ve Pompa Sistemleri\" \/>\n<meta property=\"article:modified_time\" content=\"2023-04-07T11:59:09+00:00\" \/>\n<meta property=\"og:image\" content=\"http:\/\/govalf.com\/wp-content\/uploads\/2023\/01\/Paslanmaz-Vana-Bicakli-Surgulu-Vana.png\" \/>\n\t<meta property=\"og:image:width\" content=\"768\" \/>\n\t<meta property=\"og:image:height\" content=\"768\" \/>\n\t<meta property=\"og:image:type\" content=\"image\/png\" \/>\n<meta name=\"twitter:card\" content=\"summary_large_image\" \/>\n<meta name=\"twitter:label1\" content=\"Dur\u00e9e de lecture estim\u00e9e\" \/>\n\t<meta name=\"twitter:data1\" content=\"3 minutes\" \/>\n<script type=\"application\/ld+json\" class=\"yoast-schema-graph\">{\"@context\":\"https:\\\/\\\/schema.org\",\"@graph\":[{\"@type\":\"WebPage\",\"@id\":\"http:\\\/\\\/govalf.com\\\/fr\\\/product\\\/vanne-a-guillotin\\\/\",\"url\":\"http:\\\/\\\/govalf.com\\\/fr\\\/product\\\/vanne-a-guillotin\\\/\",\"name\":\"Vanne \u00e0 guillotine\",\"isPartOf\":{\"@id\":\"http:\\\/\\\/govalf.com\\\/ru\\\/#website\"},\"primaryImageOfPage\":{\"@id\":\"http:\\\/\\\/govalf.com\\\/fr\\\/product\\\/vanne-a-guillotin\\\/#primaryimage\"},\"image\":{\"@id\":\"http:\\\/\\\/govalf.com\\\/fr\\\/product\\\/vanne-a-guillotin\\\/#primaryimage\"},\"thumbnailUrl\":\"http:\\\/\\\/govalf.com\\\/wp-content\\\/uploads\\\/2023\\\/01\\\/Paslanmaz-Vana-Bicakli-Surgulu-Vana.png\",\"datePublished\":\"2023-04-07T11:36:27+00:00\",\"dateModified\":\"2023-04-07T11:59:09+00:00\",\"description\":\"Vanne \u00e0 guillotine - Ce sont des syst\u00e8mes qui scellent le passage du fluide avec une lame coulissant perpendiculairement\",\"breadcrumb\":{\"@id\":\"http:\\\/\\\/govalf.com\\\/fr\\\/product\\\/vanne-a-guillotin\\\/#breadcrumb\"},\"inLanguage\":\"fr-FR\",\"potentialAction\":[{\"@type\":\"ReadAction\",\"target\":[\"http:\\\/\\\/govalf.com\\\/fr\\\/product\\\/vanne-a-guillotin\\\/\"]}]},{\"@type\":\"ImageObject\",\"inLanguage\":\"fr-FR\",\"@id\":\"http:\\\/\\\/govalf.com\\\/fr\\\/product\\\/vanne-a-guillotin\\\/#primaryimage\",\"url\":\"http:\\\/\\\/govalf.com\\\/wp-content\\\/uploads\\\/2023\\\/01\\\/Paslanmaz-Vana-Bicakli-Surgulu-Vana.png\",\"contentUrl\":\"http:\\\/\\\/govalf.com\\\/wp-content\\\/uploads\\\/2023\\\/01\\\/Paslanmaz-Vana-Bicakli-Surgulu-Vana.png\",\"width\":768,\"height\":768,\"caption\":\"B\u0131\u00e7akl\u0131 S\u00fcrg\u00fcl\u00fc Vana - Paslanmaz\"},{\"@type\":\"BreadcrumbList\",\"@id\":\"http:\\\/\\\/govalf.com\\\/fr\\\/product\\\/vanne-a-guillotin\\\/#breadcrumb\",\"itemListElement\":[{\"@type\":\"ListItem\",\"position\":1,\"name\":\"Anasayfa\",\"item\":\"http:\\\/\\\/govalf.com\\\/fr\\\/\"},{\"@type\":\"ListItem\",\"position\":2,\"name\":\"Products\",\"item\":\"http:\\\/\\\/govalf.com\\\/ru\\\/%d0%bf%d1%80%d0%be%d0%b4%d1%83%d0%ba%d1%82%d1%8b\\\/\"},{\"@type\":\"ListItem\",\"position\":3,\"name\":\"Vanne \u00e0 Guillotin\"}]},{\"@type\":\"WebSite\",\"@id\":\"http:\\\/\\\/govalf.com\\\/ru\\\/#website\",\"url\":\"http:\\\/\\\/govalf.com\\\/ru\\\/\",\"name\":\"Go Valf Vana ve Pompa Sistemleri\",\"description\":\"Yang\u0131n S\u00f6nd\u00fcrme Sistemleri ve Ekipmanlar\u0131\",\"publisher\":{\"@id\":\"http:\\\/\\\/govalf.com\\\/ru\\\/#organization\"},\"potentialAction\":[{\"@type\":\"SearchAction\",\"target\":{\"@type\":\"EntryPoint\",\"urlTemplate\":\"http:\\\/\\\/govalf.com\\\/ru\\\/?s={search_term_string}\"},\"query-input\":{\"@type\":\"PropertyValueSpecification\",\"valueRequired\":true,\"valueName\":\"search_term_string\"}}],\"inLanguage\":\"fr-FR\"},{\"@type\":\"Organization\",\"@id\":\"http:\\\/\\\/govalf.com\\\/ru\\\/#organization\",\"name\":\"Go Valf\",\"url\":\"http:\\\/\\\/govalf.com\\\/ru\\\/\",\"logo\":{\"@type\":\"ImageObject\",\"inLanguage\":\"fr-FR\",\"@id\":\"http:\\\/\\\/govalf.com\\\/ru\\\/#\\\/schema\\\/logo\\\/image\\\/\",\"url\":\"https:\\\/\\\/govalf.com\\\/wp-content\\\/uploads\\\/2022\\\/02\\\/go-valf-logo.png\",\"contentUrl\":\"https:\\\/\\\/govalf.com\\\/wp-content\\\/uploads\\\/2022\\\/02\\\/go-valf-logo.png\",\"width\":504,\"height\":120,\"caption\":\"Go Valf\"},\"image\":{\"@id\":\"http:\\\/\\\/govalf.com\\\/ru\\\/#\\\/schema\\\/logo\\\/image\\\/\"}}]}<\/script>\n<!-- \/ Yoast SEO plugin. -->","yoast_head_json":{"title":"Vanne \u00e0 guillotine","description":"Vanne \u00e0 guillotine - Ce sont des syst\u00e8mes qui scellent le passage du fluide avec une lame coulissant perpendiculairement","robots":{"index":"index","follow":"follow","max-snippet":"max-snippet:-1","max-image-preview":"max-image-preview:large","max-video-preview":"max-video-preview:-1"},"canonical":"http:\/\/govalf.com\/fr\/product\/vanne-a-guillotin\/","og_locale":"fr_FR","og_type":"article","og_title":"Vanne \u00e0 guillotine","og_description":"Vanne \u00e0 guillotine - Ce sont des syst\u00e8mes qui scellent le passage du fluide avec une lame coulissant perpendiculairement","og_url":"http:\/\/govalf.com\/fr\/product\/vanne-a-guillotin\/","og_site_name":"Go Valf Vana ve Pompa Sistemleri","article_modified_time":"2023-04-07T11:59:09+00:00","og_image":[{"width":768,"height":768,"url":"http:\/\/govalf.com\/wp-content\/uploads\/2023\/01\/Paslanmaz-Vana-Bicakli-Surgulu-Vana.png","type":"image\/png"}],"twitter_card":"summary_large_image","twitter_misc":{"Dur\u00e9e de lecture estim\u00e9e":"3 minutes"},"schema":{"@context":"https:\/\/schema.org","@graph":[{"@type":"WebPage","@id":"http:\/\/govalf.com\/fr\/product\/vanne-a-guillotin\/","url":"http:\/\/govalf.com\/fr\/product\/vanne-a-guillotin\/","name":"Vanne \u00e0 guillotine","isPartOf":{"@id":"http:\/\/govalf.com\/ru\/#website"},"primaryImageOfPage":{"@id":"http:\/\/govalf.com\/fr\/product\/vanne-a-guillotin\/#primaryimage"},"image":{"@id":"http:\/\/govalf.com\/fr\/product\/vanne-a-guillotin\/#primaryimage"},"thumbnailUrl":"http:\/\/govalf.com\/wp-content\/uploads\/2023\/01\/Paslanmaz-Vana-Bicakli-Surgulu-Vana.png","datePublished":"2023-04-07T11:36:27+00:00","dateModified":"2023-04-07T11:59:09+00:00","description":"Vanne \u00e0 guillotine - Ce sont des syst\u00e8mes qui scellent le passage du fluide avec une lame coulissant perpendiculairement","breadcrumb":{"@id":"http:\/\/govalf.com\/fr\/product\/vanne-a-guillotin\/#breadcrumb"},"inLanguage":"fr-FR","potentialAction":[{"@type":"ReadAction","target":["http:\/\/govalf.com\/fr\/product\/vanne-a-guillotin\/"]}]},{"@type":"ImageObject","inLanguage":"fr-FR","@id":"http:\/\/govalf.com\/fr\/product\/vanne-a-guillotin\/#primaryimage","url":"http:\/\/govalf.com\/wp-content\/uploads\/2023\/01\/Paslanmaz-Vana-Bicakli-Surgulu-Vana.png","contentUrl":"http:\/\/govalf.com\/wp-content\/uploads\/2023\/01\/Paslanmaz-Vana-Bicakli-Surgulu-Vana.png","width":768,"height":768,"caption":"B\u0131\u00e7akl\u0131 S\u00fcrg\u00fcl\u00fc Vana - Paslanmaz"},{"@type":"BreadcrumbList","@id":"http:\/\/govalf.com\/fr\/product\/vanne-a-guillotin\/#breadcrumb","itemListElement":[{"@type":"ListItem","position":1,"name":"Anasayfa","item":"http:\/\/govalf.com\/fr\/"},{"@type":"ListItem","position":2,"name":"Products","item":"http:\/\/govalf.com\/ru\/%d0%bf%d1%80%d0%be%d0%b4%d1%83%d0%ba%d1%82%d1%8b\/"},{"@type":"ListItem","position":3,"name":"Vanne \u00e0 Guillotin"}]},{"@type":"WebSite","@id":"http:\/\/govalf.com\/ru\/#website","url":"http:\/\/govalf.com\/ru\/","name":"Go Valf Vana ve Pompa Sistemleri","description":"Yang\u0131n S\u00f6nd\u00fcrme Sistemleri ve Ekipmanlar\u0131","publisher":{"@id":"http:\/\/govalf.com\/ru\/#organization"},"potentialAction":[{"@type":"SearchAction","target":{"@type":"EntryPoint","urlTemplate":"http:\/\/govalf.com\/ru\/?s={search_term_string}"},"query-input":{"@type":"PropertyValueSpecification","valueRequired":true,"valueName":"search_term_string"}}],"inLanguage":"fr-FR"},{"@type":"Organization","@id":"http:\/\/govalf.com\/ru\/#organization","name":"Go Valf","url":"http:\/\/govalf.com\/ru\/","logo":{"@type":"ImageObject","inLanguage":"fr-FR","@id":"http:\/\/govalf.com\/ru\/#\/schema\/logo\/image\/","url":"https:\/\/govalf.com\/wp-content\/uploads\/2022\/02\/go-valf-logo.png","contentUrl":"https:\/\/govalf.com\/wp-content\/uploads\/2022\/02\/go-valf-logo.png","width":504,"height":120,"caption":"Go Valf"},"image":{"@id":"http:\/\/govalf.com\/ru\/#\/schema\/logo\/image\/"}}]}},"_links":{"self":[{"href":"http:\/\/govalf.com\/fr\/wp-json\/wp\/v2\/product\/8978","targetHints":{"allow":["GET"]}}],"collection":[{"href":"http:\/\/govalf.com\/fr\/wp-json\/wp\/v2\/product"}],"about":[{"href":"http:\/\/govalf.com\/fr\/wp-json\/wp\/v2\/types\/product"}],"replies":[{"embeddable":true,"href":"http:\/\/govalf.com\/fr\/wp-json\/wp\/v2\/comments?post=8978"}],"wp:featuredmedia":[{"embeddable":true,"href":"http:\/\/govalf.com\/fr\/wp-json\/wp\/v2\/media\/8559"}],"wp:attachment":[{"href":"http:\/\/govalf.com\/fr\/wp-json\/wp\/v2\/media?parent=8978"}],"wp:term":[{"taxonomy":"product_brand","embeddable":true,"href":"http:\/\/govalf.com\/fr\/wp-json\/wp\/v2\/product_brand?post=8978"},{"taxonomy":"product_cat","embeddable":true,"href":"http:\/\/govalf.com\/fr\/wp-json\/wp\/v2\/product_cat?post=8978"},{"taxonomy":"product_tag","embeddable":true,"href":"http:\/\/govalf.com\/fr\/wp-json\/wp\/v2\/product_tag?post=8978"}],"curies":[{"name":"wp","href":"https:\/\/api.w.org\/{rel}","templated":true}]}}