{"id":8551,"date":"2023-01-10T05:18:01","date_gmt":"2023-01-10T05:18:01","guid":{"rendered":"https:\/\/govalf.com\/urun\/yatik-kapali-devre-boyler\/"},"modified":"2023-04-07T12:22:15","modified_gmt":"2023-04-07T12:22:15","slug":"yatik-kapali-devre-boyler","status":"publish","type":"product","link":"http:\/\/govalf.com\/ru\/product\/yatik-kapali-devre-boyler\/","title":{"rendered":"\u0413\u041e\u0420\u0418\u0417\u041e\u041d\u0422\u0410\u041b\u042c\u041d\u042b\u0419 \u0417\u0410\u041a\u0420\u042b\u0422\u042b\u0419 \u041a\u041e\u0422\u0415\u041b"},"content":{"rendered":"<p>\u0413\u041e\u0420\u0418\u0417\u041e\u041d\u0422\u0410\u041b\u042c\u041d\u042b\u0419 \u0417\u0410\u041a\u0420\u042b\u0422\u042b\u0419 \u041a\u041e\u0422\u0415\u041b ; \u041e\u0442\u043e\u043f\u0438\u0442\u0435\u043b\u044c\u043d\u044b\u0439 \u043a\u043e\u0442\u0435\u043b \u0441 \u043f\u043b\u043e\u0441\u043a\u043e\u0439 \u043a\u0440\u044b\u0448\u043a\u043e\u0439, \u043e\u0431\u0435\u0441\u043f\u0435\u0447\u0438\u0432\u0430\u044e\u0449\u0438\u0439 \u0432\u044b\u0441\u043e\u043a\u0438\u0439 \u043a\u043e\u043c\u0444\u043e\u0440\u0442 \u043f\u0440\u0438 \u043f\u043e\u0434\u0430\u0447\u0435 \u0433\u043e\u0440\u044f\u0447\u0435\u0439 \u0432\u043e\u0434\u044b;<\/p>\n<p>\u041e\u043d \u043f\u043e\u043b\u043d\u043e\u0441\u0442\u044c\u044e \u0441\u043e\u0432\u043c\u0435\u0441\u0442\u0438\u043c \u0441\u043e \u0432\u0441\u0435\u043c\u0438 \u0441\u0438\u0441\u0442\u0435\u043c\u0430\u043c\u0438 \u0441\u043e\u043b\u043d\u0435\u0447\u043d\u043e\u0439 \u044d\u043d\u0435\u0440\u0433\u0438\u0438.<\/p>\n<p>\u0412\u044b\u0441\u043e\u043a\u0438\u0439 \u043a\u043e\u043c\u0444\u043e\u0440\u0442 \u043f\u0438\u0442\u044c\u0435\u0432\u043e\u0439 \u0432\u043e\u0434\u044b \u043c\u0435\u0436\u0434\u0443 -150-300L<\/p>\n<p>-\u041c\u0430\u043a\u0441\u0438\u043c\u0430\u043b\u044c\u043d\u043e\u0435 \u0440\u0430\u0431\u043e\u0447\u0435\u0435 \u0434\u0430\u0432\u043b\u0435\u043d\u0438\u0435 (\u0445\u0440\u0430\u043d\u0435\u043d\u0438\u0435): 10 \u0431\u0430\u0440<\/p>\n<p>-\u041c\u0430\u043a\u0441\u0438\u043c\u0430\u043b\u044c\u043d\u043e\u0435 \u0440\u0430\u0431\u043e\u0447\u0435\u0435 \u0434\u0430\u0432\u043b\u0435\u043d\u0438\u0435 (\u0440\u0443\u0431\u0430\u0448\u043a\u0430): 3 \u0431\u0430\u0440<\/p>\n<p>-\u041c\u0430\u043a\u0441\u0438\u043c\u0430\u043b\u044c\u043d\u0430\u044f \u0440\u0430\u0431\u043e\u0447\u0430\u044f \u0442\u0435\u043c\u043f\u0435\u0440\u0430\u0442\u0443\u0440\u0430 (\u0441\u043a\u043b\u0430\u0434): 95\u00b0C<\/p>\n<p>-\u041c\u0430\u043a\u0441\u0438\u043c\u0430\u043b\u044c\u043d\u0430\u044f \u0440\u0430\u0431\u043e\u0447\u0430\u044f \u0442\u0435\u043c\u043f\u0435\u0440\u0430\u0442\u0443\u0440\u0430 (\u0440\u0443\u0431\u0430\u0448\u043a\u0430): 110\u00b0C<\/p>\n<p>-\u041a\u043e\u043d\u0441\u0442\u0440\u0443\u043a\u0446\u0438\u044f: \u0441\u0442\u0430\u043b\u044c S235JR<\/p>\n<p>&#8212; \u041c\u0438\u043d\u0438\u043c\u0430\u043b\u044c\u043d\u043e\u0435 \u043e\u0431\u0440\u0430\u0437\u043e\u0432\u0430\u043d\u0438\u0435 \u043d\u0430\u043a\u0438\u043f\u0438 \u0431\u043b\u0430\u0433\u043e\u0434\u0430\u0440\u044f \u0433\u043b\u0430\u0434\u043a\u043e\u0439 \u043f\u043e\u0432\u0435\u0440\u0445\u043d\u043e\u0441\u0442\u0438, \u0433\u0438\u0433\u0438\u0435\u043d\u0438\u0447\u0435\u0441\u043a\u0430\u044f \u0437\u0430\u0449\u0438\u0442\u0430 \u043e\u0442 \u0433\u043e\u0440\u044f\u0447\u0435\u0439 \u0432\u043e\u0434\u044b \u0438 \u043e\u043f\u0442\u0438\u043c\u0430\u043b\u044c\u043d\u0430\u044f \u0437\u0430\u0449\u0438\u0442\u0430 \u043e\u0442 \u043a\u043e\u0440\u0440\u043e\u0437\u0438\u0438 \u0431\u043b\u0430\u0433\u043e\u0434\u0430\u0440\u044f \u0432\u044b\u0441\u043e\u043a\u043e\u043a\u0430\u0447\u0435\u0441\u0442\u0432\u0435\u043d\u043d\u043e\u043c\u0443 \u044d\u043c\u0430\u043b\u0435\u0432\u043e\u043c\u0443 \u043f\u043e\u043a\u0440\u044b\u0442\u0438\u044e \u0432 \u0441\u043e\u043e\u0442\u0432\u0435\u0442\u0441\u0442\u0432\u0438\u0438 \u0441 DIN 4753.<\/p>\n<p>-\u0417\u0430\u0449\u0438\u0442\u0430 \u043c\u0430\u0433\u043d\u0438\u0435\u0432\u043e\u0433\u043e \u0430\u043d\u043e\u0434\u0430<\/p>\n<p>-\u0412\u044b\u0441\u043e\u043a\u0430\u044f \u0442\u0435\u043f\u043b\u043e\u0438\u0437\u043e\u043b\u044f\u0446\u0438\u044f<\/p>\n<p>-\u0423\u0434\u043e\u0431\u043d\u0430\u044f \u0432 \u0441\u0431\u043e\u0440\u043a\u0435 \u0438 \u043f\u0440\u0430\u043a\u0442\u0438\u0447\u0435\u0441\u043a\u0438 \u043d\u0435 \u0442\u0440\u0435\u0431\u0443\u044e\u0449\u0430\u044f \u043e\u0431\u0441\u043b\u0443\u0436\u0438\u0432\u0430\u043d\u0438\u044f \u043a\u043e\u043d\u0441\u0442\u0440\u0443\u043a\u0446\u0438\u044f<\/p>\n<p>&#8212; \u0417\u0430\u0449\u0438\u0442\u0430 \u043e\u0442 \u043a\u043e\u0440\u0440\u043e\u0437\u0438\u0438 \u0441 \u043d\u0430\u0440\u0443\u0436\u043d\u044b\u043c \u044d\u043c\u0430\u043b\u0435\u0432\u044b\u043c \u043f\u043e\u043a\u0440\u044b\u0442\u0438\u0435\u043c<\/p>\n<p>-\u0438\u0437\u043e\u043b\u044f\u0446\u0438\u044f<\/p>\n<p>150-300 \u043b: 42 \u043a\u0433\/\u043c3 \u0436\u0435\u0441\u0442\u043a\u0438\u0439 \u043f\u043e\u043b\u0438\u0443\u0440\u0435\u0442\u0430\u043d\u043e\u0432\u044b\u0439 \u043f\u0435\u043d\u043e\u043f\u043b\u0430\u0441\u0442 \u0431\u0435\u0437 \u0441\u043e\u0434\u0435\u0440\u0436\u0430\u043d\u0438\u044f \u0413\u0425\u0424\u0423<\/p>\n<p>&#8212; \u041f\u043e\u043a\u0440\u044b\u0442\u0438\u0435 \u0432\u043d\u0435\u0448\u043d\u0435\u0439 \u043e\u0431\u043e\u043b\u043e\u0447\u043a\u0438<\/p>\n<p>150-300L: \u041e\u0446\u0438\u043d\u043a\u043e\u0432\u0430\u043d\u043d\u044b\u0439 \u043b\u0438\u0441\u0442 \u0441 \u044d\u043b\u0435\u043a\u0442\u0440\u043e\u0441\u0442\u0430\u0442\u0438\u0447\u0435\u0441\u043a\u0438\u043c \u043f\u043e\u0440\u043e\u0448\u043a\u043e\u0432\u044b\u043c \u043f\u043e\u043a\u0440\u044b\u0442\u0438\u0435\u043c<\/p>\n<p>-\u0420\u0430\u0437\u0440\u0430\u0431\u043e\u0442\u0430\u043d \u0432 \u0441\u043e\u043e\u0442\u0432\u0435\u0442\u0441\u0442\u0432\u0438\u0438 \u0441\u043e \u0441\u0442\u0430\u043d\u0434\u0430\u0440\u0442\u0430\u043c\u0438 TS 736 \u0438 TS EN 13445-3.<\/p>\n","protected":false},"excerpt":{"rendered":"<p>\u0413\u041e\u0420\u0418\u0417\u041e\u041d\u0422\u0410\u041b\u042c\u041d\u042b\u0419 \u0417\u0410\u041a\u0420\u042b\u0422\u042b\u0419 \u041a\u041e\u0422\u0415\u041b ; \u041e\u0442\u043e\u043f\u0438\u0442\u0435\u043b\u044c\u043d\u044b\u0439 \u043a\u043e\u0442\u0435\u043b \u0441 \u043f\u043b\u043e\u0441\u043a\u043e\u0439 \u043a\u0440\u044b\u0448\u043a\u043e\u0439, \u043e\u0431\u0435\u0441\u043f\u0435\u0447\u0438\u0432\u0430\u044e\u0449\u0438\u0439 \u0432\u044b\u0441\u043e\u043a\u0438\u0439 \u043a\u043e\u043c\u0444\u043e\u0440\u0442 \u043f\u0440\u0438 \u043f\u043e\u0434\u0430\u0447\u0435 \u0433\u043e\u0440\u044f\u0447\u0435\u0439 \u0432\u043e\u0434\u044b; \u041e\u043d \u043f\u043e\u043b\u043d\u043e\u0441\u0442\u044c\u044e \u0441\u043e\u0432\u043c\u0435\u0441\u0442\u0438\u043c \u0441\u043e \u0432\u0441\u0435\u043c\u0438 \u0441\u0438\u0441\u0442\u0435\u043c\u0430\u043c\u0438 \u0441\u043e\u043b\u043d\u0435\u0447\u043d\u043e\u0439 \u044d\u043d\u0435\u0440\u0433\u0438\u0438. \u0412\u044b\u0441\u043e\u043a\u0438\u0439 \u043a\u043e\u043c\u0444\u043e\u0440\u0442 \u043f\u0438\u0442\u044c\u0435\u0432\u043e\u0439 \u0432\u043e\u0434\u044b \u043c\u0435\u0436\u0434\u0443 -150-300L -\u041c\u0430\u043a\u0441\u0438\u043c\u0430\u043b\u044c\u043d\u043e\u0435 \u0440\u0430\u0431\u043e\u0447\u0435\u0435 \u0434\u0430\u0432\u043b\u0435\u043d\u0438\u0435 (\u0445\u0440\u0430\u043d\u0435\u043d\u0438\u0435): 10 \u0431\u0430\u0440 -\u041c\u0430\u043a\u0441\u0438\u043c\u0430\u043b\u044c\u043d\u043e\u0435 \u0440\u0430\u0431\u043e\u0447\u0435\u0435 \u0434\u0430\u0432\u043b\u0435\u043d\u0438\u0435 (\u0440\u0443\u0431\u0430\u0448\u043a\u0430): 3 \u0431\u0430\u0440 -\u041c\u0430\u043a\u0441\u0438\u043c\u0430\u043b\u044c\u043d\u0430\u044f \u0440\u0430\u0431\u043e\u0447\u0430\u044f \u0442\u0435\u043c\u043f\u0435\u0440\u0430\u0442\u0443\u0440\u0430 (\u0441\u043a\u043b\u0430\u0434): 95\u00b0C -\u041c\u0430\u043a\u0441\u0438\u043c\u0430\u043b\u044c\u043d\u0430\u044f \u0440\u0430\u0431\u043e\u0447\u0430\u044f \u0442\u0435\u043c\u043f\u0435\u0440\u0430\u0442\u0443\u0440\u0430 (\u0440\u0443\u0431\u0430\u0448\u043a\u0430): 110\u00b0C -\u041a\u043e\u043d\u0441\u0442\u0440\u0443\u043a\u0446\u0438\u044f: \u0441\u0442\u0430\u043b\u044c S235JR [&hellip;]<\/p>\n","protected":false},"featured_media":8545,"comment_status":"open","ping_status":"closed","template":"","meta":{"_acf_changed":false},"product_brand":[],"product_cat":[405],"product_tag":[],"class_list":{"0":"post-8551","1":"product","2":"type-product","3":"status-publish","4":"has-post-thumbnail","6":"product_cat-405","8":"first","9":"instock","10":"shipping-taxable","11":"product-type-simple"},"acf":[],"yoast_head":"<!-- This site is optimized with the Yoast SEO plugin v27.4 - https:\/\/yoast.com\/product\/yoast-seo-wordpress\/ -->\n<title>\u0413\u041e\u0420\u0418\u0417\u041e\u041d\u0422\u0410\u041b\u042c\u041d\u042b\u0419 \u0417\u0410\u041a\u0420\u042b\u0422\u042b\u0419 \u041a\u041e\u0422\u0415\u041b - Go Valf Vana ve Pompa Sistemleri<\/title>\n<meta name=\"description\" content=\"\u0413\u041e\u0420\u0418\u0417\u041e\u041d\u0422\u0410\u041b\u042c\u041d\u042b\u0419 \u0417\u0410\u041a\u0420\u042b\u0422\u042b\u0419 \u041a\u041e\u0422\u0415\u041b ; \u041e\u0442\u043e\u043f\u0438\u0442\u0435\u043b\u044c\u043d\u044b\u0439 \u043a\u043e\u0442\u0435\u043b \u0441 \u043f\u043b\u043e\u0441\u043a\u043e\u0439 \u043a\u0440\u044b\u0448\u043a\u043e\u0439, \u043e\u0431\u0435\u0441\u043f\u0435\u0447\u0438\u0432\u0430\u044e\u0449\u0438\u0439 \u0432\u044b\u0441\u043e\u043a\u0438\u0439\" \/>\n<meta name=\"robots\" content=\"index, follow, max-snippet:-1, max-image-preview:large, max-video-preview:-1\" \/>\n<link rel=\"canonical\" href=\"https:\/\/govalf.com\/ru\/product\/yatik-kapali-devre-boyler\/\" \/>\n<meta property=\"og:locale\" content=\"ru_RU\" \/>\n<meta property=\"og:type\" content=\"article\" \/>\n<meta property=\"og:title\" content=\"\u0413\u041e\u0420\u0418\u0417\u041e\u041d\u0422\u0410\u041b\u042c\u041d\u042b\u0419 \u0417\u0410\u041a\u0420\u042b\u0422\u042b\u0419 \u041a\u041e\u0422\u0415\u041b - Go Valf Vana ve Pompa Sistemleri\" \/>\n<meta property=\"og:description\" content=\"\u0413\u041e\u0420\u0418\u0417\u041e\u041d\u0422\u0410\u041b\u042c\u041d\u042b\u0419 \u0417\u0410\u041a\u0420\u042b\u0422\u042b\u0419 \u041a\u041e\u0422\u0415\u041b ; \u041e\u0442\u043e\u043f\u0438\u0442\u0435\u043b\u044c\u043d\u044b\u0439 \u043a\u043e\u0442\u0435\u043b \u0441 \u043f\u043b\u043e\u0441\u043a\u043e\u0439 \u043a\u0440\u044b\u0448\u043a\u043e\u0439, \u043e\u0431\u0435\u0441\u043f\u0435\u0447\u0438\u0432\u0430\u044e\u0449\u0438\u0439 \u0432\u044b\u0441\u043e\u043a\u0438\u0439\" \/>\n<meta property=\"og:url\" content=\"https:\/\/govalf.com\/ru\/product\/yatik-kapali-devre-boyler\/\" \/>\n<meta property=\"og:site_name\" content=\"Go Valf Vana ve Pompa Sistemleri\" \/>\n<meta property=\"article:modified_time\" content=\"2023-04-07T12:22:15+00:00\" \/>\n<meta property=\"og:image\" content=\"https:\/\/govalf.com\/wp-content\/uploads\/2023\/01\/YATIK-KAPALI-DEVRE-BOYLER_.png\" \/>\n\t<meta property=\"og:image:width\" content=\"768\" \/>\n\t<meta property=\"og:image:height\" content=\"768\" \/>\n\t<meta property=\"og:image:type\" content=\"image\/png\" \/>\n<meta name=\"twitter:card\" content=\"summary_large_image\" \/>\n<script type=\"application\/ld+json\" class=\"yoast-schema-graph\">{\"@context\":\"https:\\\/\\\/schema.org\",\"@graph\":[{\"@type\":\"WebPage\",\"@id\":\"https:\\\/\\\/govalf.com\\\/ru\\\/product\\\/yatik-kapali-devre-boyler\\\/\",\"url\":\"https:\\\/\\\/govalf.com\\\/ru\\\/product\\\/yatik-kapali-devre-boyler\\\/\",\"name\":\"\u0413\u041e\u0420\u0418\u0417\u041e\u041d\u0422\u0410\u041b\u042c\u041d\u042b\u0419 \u0417\u0410\u041a\u0420\u042b\u0422\u042b\u0419 \u041a\u041e\u0422\u0415\u041b - Go Valf Vana ve Pompa Sistemleri\",\"isPartOf\":{\"@id\":\"https:\\\/\\\/govalf.com\\\/ar\\\/#website\"},\"primaryImageOfPage\":{\"@id\":\"https:\\\/\\\/govalf.com\\\/ru\\\/product\\\/yatik-kapali-devre-boyler\\\/#primaryimage\"},\"image\":{\"@id\":\"https:\\\/\\\/govalf.com\\\/ru\\\/product\\\/yatik-kapali-devre-boyler\\\/#primaryimage\"},\"thumbnailUrl\":\"http:\\\/\\\/govalf.com\\\/wp-content\\\/uploads\\\/2023\\\/01\\\/YATIK-KAPALI-DEVRE-BOYLER_.png\",\"datePublished\":\"2023-01-10T05:18:01+00:00\",\"dateModified\":\"2023-04-07T12:22:15+00:00\",\"description\":\"\u0413\u041e\u0420\u0418\u0417\u041e\u041d\u0422\u0410\u041b\u042c\u041d\u042b\u0419 \u0417\u0410\u041a\u0420\u042b\u0422\u042b\u0419 \u041a\u041e\u0422\u0415\u041b ; \u041e\u0442\u043e\u043f\u0438\u0442\u0435\u043b\u044c\u043d\u044b\u0439 \u043a\u043e\u0442\u0435\u043b \u0441 \u043f\u043b\u043e\u0441\u043a\u043e\u0439 \u043a\u0440\u044b\u0448\u043a\u043e\u0439, \u043e\u0431\u0435\u0441\u043f\u0435\u0447\u0438\u0432\u0430\u044e\u0449\u0438\u0439 \u0432\u044b\u0441\u043e\u043a\u0438\u0439\",\"breadcrumb\":{\"@id\":\"https:\\\/\\\/govalf.com\\\/ru\\\/product\\\/yatik-kapali-devre-boyler\\\/#breadcrumb\"},\"inLanguage\":\"ru-RU\",\"potentialAction\":[{\"@type\":\"ReadAction\",\"target\":[\"https:\\\/\\\/govalf.com\\\/ru\\\/product\\\/yatik-kapali-devre-boyler\\\/\"]}]},{\"@type\":\"ImageObject\",\"inLanguage\":\"ru-RU\",\"@id\":\"https:\\\/\\\/govalf.com\\\/ru\\\/product\\\/yatik-kapali-devre-boyler\\\/#primaryimage\",\"url\":\"http:\\\/\\\/govalf.com\\\/wp-content\\\/uploads\\\/2023\\\/01\\\/YATIK-KAPALI-DEVRE-BOYLER_.png\",\"contentUrl\":\"http:\\\/\\\/govalf.com\\\/wp-content\\\/uploads\\\/2023\\\/01\\\/YATIK-KAPALI-DEVRE-BOYLER_.png\",\"width\":768,\"height\":768},{\"@type\":\"BreadcrumbList\",\"@id\":\"https:\\\/\\\/govalf.com\\\/ru\\\/product\\\/yatik-kapali-devre-boyler\\\/#breadcrumb\",\"itemListElement\":[{\"@type\":\"ListItem\",\"position\":1,\"name\":\"Anasayfa\",\"item\":\"https:\\\/\\\/govalf.com\\\/ru\\\/\"},{\"@type\":\"ListItem\",\"position\":2,\"name\":\"Products\",\"item\":\"https:\\\/\\\/govalf.com\\\/ar\\\/urunler%d9%85%d9%86%d8%aa%d8%ac%d8%a7%d8%aa\\\/\"},{\"@type\":\"ListItem\",\"position\":3,\"name\":\"\u0413\u041e\u0420\u0418\u0417\u041e\u041d\u0422\u0410\u041b\u042c\u041d\u042b\u0419 \u0417\u0410\u041a\u0420\u042b\u0422\u042b\u0419 \u041a\u041e\u0422\u0415\u041b\"}]},{\"@type\":\"WebSite\",\"@id\":\"https:\\\/\\\/govalf.com\\\/ar\\\/#website\",\"url\":\"https:\\\/\\\/govalf.com\\\/ar\\\/\",\"name\":\"Go Valf Vana ve Pompa Sistemleri\",\"description\":\"Yang\u0131n S\u00f6nd\u00fcrme Sistemleri ve Ekipmanlar\u0131\",\"publisher\":{\"@id\":\"https:\\\/\\\/govalf.com\\\/ar\\\/#organization\"},\"potentialAction\":[{\"@type\":\"SearchAction\",\"target\":{\"@type\":\"EntryPoint\",\"urlTemplate\":\"https:\\\/\\\/govalf.com\\\/ar\\\/?s={search_term_string}\"},\"query-input\":{\"@type\":\"PropertyValueSpecification\",\"valueRequired\":true,\"valueName\":\"search_term_string\"}}],\"inLanguage\":\"ru-RU\"},{\"@type\":\"Organization\",\"@id\":\"https:\\\/\\\/govalf.com\\\/ar\\\/#organization\",\"name\":\"Go Valf\",\"url\":\"https:\\\/\\\/govalf.com\\\/ar\\\/\",\"logo\":{\"@type\":\"ImageObject\",\"inLanguage\":\"ru-RU\",\"@id\":\"https:\\\/\\\/govalf.com\\\/ar\\\/#\\\/schema\\\/logo\\\/image\\\/\",\"url\":\"https:\\\/\\\/govalf.com\\\/wp-content\\\/uploads\\\/2022\\\/02\\\/go-valf-logo.png\",\"contentUrl\":\"https:\\\/\\\/govalf.com\\\/wp-content\\\/uploads\\\/2022\\\/02\\\/go-valf-logo.png\",\"width\":504,\"height\":120,\"caption\":\"Go Valf\"},\"image\":{\"@id\":\"https:\\\/\\\/govalf.com\\\/ar\\\/#\\\/schema\\\/logo\\\/image\\\/\"}}]}<\/script>\n<!-- \/ Yoast SEO plugin. -->","yoast_head_json":{"title":"\u0413\u041e\u0420\u0418\u0417\u041e\u041d\u0422\u0410\u041b\u042c\u041d\u042b\u0419 \u0417\u0410\u041a\u0420\u042b\u0422\u042b\u0419 \u041a\u041e\u0422\u0415\u041b - Go Valf Vana ve Pompa Sistemleri","description":"\u0413\u041e\u0420\u0418\u0417\u041e\u041d\u0422\u0410\u041b\u042c\u041d\u042b\u0419 \u0417\u0410\u041a\u0420\u042b\u0422\u042b\u0419 \u041a\u041e\u0422\u0415\u041b ; \u041e\u0442\u043e\u043f\u0438\u0442\u0435\u043b\u044c\u043d\u044b\u0439 \u043a\u043e\u0442\u0435\u043b \u0441 \u043f\u043b\u043e\u0441\u043a\u043e\u0439 \u043a\u0440\u044b\u0448\u043a\u043e\u0439, \u043e\u0431\u0435\u0441\u043f\u0435\u0447\u0438\u0432\u0430\u044e\u0449\u0438\u0439 \u0432\u044b\u0441\u043e\u043a\u0438\u0439","robots":{"index":"index","follow":"follow","max-snippet":"max-snippet:-1","max-image-preview":"max-image-preview:large","max-video-preview":"max-video-preview:-1"},"canonical":"https:\/\/govalf.com\/ru\/product\/yatik-kapali-devre-boyler\/","og_locale":"ru_RU","og_type":"article","og_title":"\u0413\u041e\u0420\u0418\u0417\u041e\u041d\u0422\u0410\u041b\u042c\u041d\u042b\u0419 \u0417\u0410\u041a\u0420\u042b\u0422\u042b\u0419 \u041a\u041e\u0422\u0415\u041b - Go Valf Vana ve Pompa Sistemleri","og_description":"\u0413\u041e\u0420\u0418\u0417\u041e\u041d\u0422\u0410\u041b\u042c\u041d\u042b\u0419 \u0417\u0410\u041a\u0420\u042b\u0422\u042b\u0419 \u041a\u041e\u0422\u0415\u041b ; \u041e\u0442\u043e\u043f\u0438\u0442\u0435\u043b\u044c\u043d\u044b\u0439 \u043a\u043e\u0442\u0435\u043b \u0441 \u043f\u043b\u043e\u0441\u043a\u043e\u0439 \u043a\u0440\u044b\u0448\u043a\u043e\u0439, \u043e\u0431\u0435\u0441\u043f\u0435\u0447\u0438\u0432\u0430\u044e\u0449\u0438\u0439 \u0432\u044b\u0441\u043e\u043a\u0438\u0439","og_url":"https:\/\/govalf.com\/ru\/product\/yatik-kapali-devre-boyler\/","og_site_name":"Go Valf Vana ve Pompa Sistemleri","article_modified_time":"2023-04-07T12:22:15+00:00","og_image":[{"width":768,"height":768,"url":"https:\/\/govalf.com\/wp-content\/uploads\/2023\/01\/YATIK-KAPALI-DEVRE-BOYLER_.png","type":"image\/png"}],"twitter_card":"summary_large_image","schema":{"@context":"https:\/\/schema.org","@graph":[{"@type":"WebPage","@id":"https:\/\/govalf.com\/ru\/product\/yatik-kapali-devre-boyler\/","url":"https:\/\/govalf.com\/ru\/product\/yatik-kapali-devre-boyler\/","name":"\u0413\u041e\u0420\u0418\u0417\u041e\u041d\u0422\u0410\u041b\u042c\u041d\u042b\u0419 \u0417\u0410\u041a\u0420\u042b\u0422\u042b\u0419 \u041a\u041e\u0422\u0415\u041b - Go Valf Vana ve Pompa Sistemleri","isPartOf":{"@id":"https:\/\/govalf.com\/ar\/#website"},"primaryImageOfPage":{"@id":"https:\/\/govalf.com\/ru\/product\/yatik-kapali-devre-boyler\/#primaryimage"},"image":{"@id":"https:\/\/govalf.com\/ru\/product\/yatik-kapali-devre-boyler\/#primaryimage"},"thumbnailUrl":"http:\/\/govalf.com\/wp-content\/uploads\/2023\/01\/YATIK-KAPALI-DEVRE-BOYLER_.png","datePublished":"2023-01-10T05:18:01+00:00","dateModified":"2023-04-07T12:22:15+00:00","description":"\u0413\u041e\u0420\u0418\u0417\u041e\u041d\u0422\u0410\u041b\u042c\u041d\u042b\u0419 \u0417\u0410\u041a\u0420\u042b\u0422\u042b\u0419 \u041a\u041e\u0422\u0415\u041b ; \u041e\u0442\u043e\u043f\u0438\u0442\u0435\u043b\u044c\u043d\u044b\u0439 \u043a\u043e\u0442\u0435\u043b \u0441 \u043f\u043b\u043e\u0441\u043a\u043e\u0439 \u043a\u0440\u044b\u0448\u043a\u043e\u0439, \u043e\u0431\u0435\u0441\u043f\u0435\u0447\u0438\u0432\u0430\u044e\u0449\u0438\u0439 \u0432\u044b\u0441\u043e\u043a\u0438\u0439","breadcrumb":{"@id":"https:\/\/govalf.com\/ru\/product\/yatik-kapali-devre-boyler\/#breadcrumb"},"inLanguage":"ru-RU","potentialAction":[{"@type":"ReadAction","target":["https:\/\/govalf.com\/ru\/product\/yatik-kapali-devre-boyler\/"]}]},{"@type":"ImageObject","inLanguage":"ru-RU","@id":"https:\/\/govalf.com\/ru\/product\/yatik-kapali-devre-boyler\/#primaryimage","url":"http:\/\/govalf.com\/wp-content\/uploads\/2023\/01\/YATIK-KAPALI-DEVRE-BOYLER_.png","contentUrl":"http:\/\/govalf.com\/wp-content\/uploads\/2023\/01\/YATIK-KAPALI-DEVRE-BOYLER_.png","width":768,"height":768},{"@type":"BreadcrumbList","@id":"https:\/\/govalf.com\/ru\/product\/yatik-kapali-devre-boyler\/#breadcrumb","itemListElement":[{"@type":"ListItem","position":1,"name":"Anasayfa","item":"https:\/\/govalf.com\/ru\/"},{"@type":"ListItem","position":2,"name":"Products","item":"https:\/\/govalf.com\/ar\/urunler%d9%85%d9%86%d8%aa%d8%ac%d8%a7%d8%aa\/"},{"@type":"ListItem","position":3,"name":"\u0413\u041e\u0420\u0418\u0417\u041e\u041d\u0422\u0410\u041b\u042c\u041d\u042b\u0419 \u0417\u0410\u041a\u0420\u042b\u0422\u042b\u0419 \u041a\u041e\u0422\u0415\u041b"}]},{"@type":"WebSite","@id":"https:\/\/govalf.com\/ar\/#website","url":"https:\/\/govalf.com\/ar\/","name":"Go Valf Vana ve Pompa Sistemleri","description":"Yang\u0131n S\u00f6nd\u00fcrme Sistemleri ve Ekipmanlar\u0131","publisher":{"@id":"https:\/\/govalf.com\/ar\/#organization"},"potentialAction":[{"@type":"SearchAction","target":{"@type":"EntryPoint","urlTemplate":"https:\/\/govalf.com\/ar\/?s={search_term_string}"},"query-input":{"@type":"PropertyValueSpecification","valueRequired":true,"valueName":"search_term_string"}}],"inLanguage":"ru-RU"},{"@type":"Organization","@id":"https:\/\/govalf.com\/ar\/#organization","name":"Go Valf","url":"https:\/\/govalf.com\/ar\/","logo":{"@type":"ImageObject","inLanguage":"ru-RU","@id":"https:\/\/govalf.com\/ar\/#\/schema\/logo\/image\/","url":"https:\/\/govalf.com\/wp-content\/uploads\/2022\/02\/go-valf-logo.png","contentUrl":"https:\/\/govalf.com\/wp-content\/uploads\/2022\/02\/go-valf-logo.png","width":504,"height":120,"caption":"Go Valf"},"image":{"@id":"https:\/\/govalf.com\/ar\/#\/schema\/logo\/image\/"}}]}},"_links":{"self":[{"href":"http:\/\/govalf.com\/ru\/wp-json\/wp\/v2\/product\/8551","targetHints":{"allow":["GET"]}}],"collection":[{"href":"http:\/\/govalf.com\/ru\/wp-json\/wp\/v2\/product"}],"about":[{"href":"http:\/\/govalf.com\/ru\/wp-json\/wp\/v2\/types\/product"}],"replies":[{"embeddable":true,"href":"http:\/\/govalf.com\/ru\/wp-json\/wp\/v2\/comments?post=8551"}],"wp:featuredmedia":[{"embeddable":true,"href":"http:\/\/govalf.com\/ru\/wp-json\/wp\/v2\/media\/8545"}],"wp:attachment":[{"href":"http:\/\/govalf.com\/ru\/wp-json\/wp\/v2\/media?parent=8551"}],"wp:term":[{"taxonomy":"product_brand","embeddable":true,"href":"http:\/\/govalf.com\/ru\/wp-json\/wp\/v2\/product_brand?post=8551"},{"taxonomy":"product_cat","embeddable":true,"href":"http:\/\/govalf.com\/ru\/wp-json\/wp\/v2\/product_cat?post=8551"},{"taxonomy":"product_tag","embeddable":true,"href":"http:\/\/govalf.com\/ru\/wp-json\/wp\/v2\/product_tag?post=8551"}],"curies":[{"name":"wp","href":"https:\/\/api.w.org\/{rel}","templated":true}]}}