{"id":2698,"date":"2022-02-17T18:06:15","date_gmt":"2022-02-17T18:06:15","guid":{"rendered":"https:\/\/govalf.com\/?post_type=product&#038;p=2698"},"modified":"2022-05-29T17:33:24","modified_gmt":"2022-05-29T17:33:24","slug":"pn-16-tam-gecisli-kuresel-vana-2-parcali","status":"publish","type":"product","link":"http:\/\/govalf.com\/tr\/product\/pn-16-tam-gecisli-kuresel-vana-2-parcali\/","title":{"rendered":"PN 16 Tam Ge\u00e7i\u015fli K\u00fcresel Vana (2 Par\u00e7al\u0131)"},"content":{"rendered":"<h1>PN 16 Tam Ge\u00e7i\u015fli K\u00fcresel Vana (2 Par\u00e7al\u0131)<\/h1>\n<p><strong>PN 16 Tam Ge\u00e7i\u015fli K\u00fcresel Vana<\/strong>, iki par\u00e7al\u0131 ve tam ge\u00e7i\u015fli bir vana t\u00fcr\u00fcd\u00fcr. Y\u00fcksek performans g\u00f6steren k\u00fcresel vana, pek \u00e7ok alanda tercih edilir. S\u0131cak ve so\u011fuk su sistemlerinin yan\u0131 s\u0131ra bas\u0131n\u00e7l\u0131 hava sistemlerinde de kullan\u0131l\u0131r. Tam ge\u00e7i\u015fe sahip vanan\u0131n \u00e7al\u0131\u015fma prensibi olduk\u00e7a basittir. Ak\u0131\u015f kesitiyle ayn\u0131 boyuta sahip bir deli\u011fi bulunan k\u00fcre ile \u00e7al\u0131\u015farak 90 derecelik bir d\u00f6n\u00fc\u015f\u00fc m\u00fcmk\u00fcn k\u0131lar.<\/p>\n<p>\u00c7ift y\u00f6nl\u00fc kullan\u0131labilen k\u00fcresel vana, tamamen a\u00e7\u0131k ya da tamamen kapal\u0131 konumda kullan\u0131labilecek bir yap\u0131ya sahiptir. Daha d\u00fc\u015f\u00fck tork de\u011feriyle \u00e7al\u0131\u015ft\u0131r\u0131labilen vana, 2 par\u00e7al\u0131 bir sisteme sahiptir. Sistem i\u00e7erisinde yer alan milin ucunda bir delik bulunur. \u0130ki conta aras\u0131nda dengeli bir \u015fekilde duran bir k\u00fcre bulunmakta olup k\u00fcre, ak\u0131\u015fkan ge\u00e7i\u015f delik ekseni \u00fczerinde \u00e7eyrek d\u00f6n\u00fc\u015f ya da 90 derecelik bir d\u00f6n\u00fc\u015f yapar.<\/p>\n<h2>PN 16 Tam Ge\u00e7i\u015fli K\u00fcresel Vana (2 Par\u00e7al\u0131) Nedir, Ne \u0130\u015fe Yarar?<\/h2>\n<p>K\u00fcresel vanalar i\u00e7erisinde de\u011ferlendirilen <strong>PN 16 Tam Ge\u00e7i\u015fli K\u00fcresel Vana <\/strong>tam ge\u00e7i\u015fli bir sisteme sahiptir. TS 3148 \/ DIN3357 standartlar\u0131na g\u00f6re \u00fcretimi ger\u00e7ekle\u015ftirilen k\u00fcresel vanalar, TS EN 12266-1 testlerinden ge\u00e7mi\u015ftir. S\u0131v\u0131 ya da gaz ak\u0131\u015f\u0131n\u0131 kontrol etmekte ve uzun \u00f6m\u00fcrl\u00fc kullan\u0131m\u0131 olanakl\u0131 hale getirir.<\/p>\n<p>PN 16 tam ge\u00e7i\u015fli k\u00fcresel vanalar\u0131n pek \u00e7ok \u00f6zelli\u011fi bulunmakta olup sistemin do\u011fru \u00e7al\u0131\u015fmas\u0131n\u0131 sa\u011flayan \u00f6zellikleri \u015fu \u015fekildedir:<\/p>\n<ul>\n<li>Ak\u0131\u015f kesiti ile ayn\u0131 ebatta bir deli\u011fe sahip k\u00fcre ile sistem i\u00e7erisinde \u00e7al\u0131\u015farak s\u0131v\u0131 ya da gaz ak\u0131\u015f\u0131n\u0131 kontrol etmektedir. K\u00fcre, dikey ya da paralel olan teflon yataklar aras\u0131nda 90 derecelik bir tur ya da \u00e7eyrek tur atar.<\/li>\n<li>Teflon yataklar paslanmaz \u00e7elik tabak yay takviyelidir.<\/li>\n<li>En d\u00fc\u015f\u00fck ve en y\u00fcksek bas\u0131n\u00e7 de\u011ferlerinde bile maksimum s\u0131zd\u0131rmazl\u0131k sa\u011flar.<\/li>\n<li>Ek bir par\u00e7aya ihtiya\u00e7 duyulmadan h\u0131zl\u0131 ve kolay bir \u015fekilde pompaya monte edilerek kullan\u0131l\u0131r.<\/li>\n<li>Tam a\u00e7\u0131k konumda oldu\u011funda bile sistemde bas\u0131n\u00e7 kayb\u0131 meydana gelmez.<\/li>\n<li>Tamamen a\u00e7\u0131k ya da kapal\u0131 durumlarda kullan\u0131lmak \u00fczere tasarlanm\u0131\u015ft\u0131r.<\/li>\n<\/ul>\n<h3>PN 16 Tam Ge\u00e7i\u015fli K\u00fcresel Vana (2 Par\u00e7al\u0131) Nedir?<\/h3>\n<p>Bir\u00e7ok alanda tercih edilen <strong>PN 16 Tam Ge\u00e7i\u015fli K\u00fcresel Vana <\/strong>sistem i\u00e7erisinde yer alan gaz ya da s\u0131v\u0131n\u0131n kontrol edilmesini sa\u011flayan bir vana t\u00fcr\u00fcd\u00fcr. \u00c7ift y\u00f6nl\u00fc olarak kullan\u0131labildikleri i\u00e7in geni\u015f bir kullan\u0131m alan\u0131na sahiptir. Teflon malzemesi \u00e7e\u015fitli ak\u0131\u015fkanlarda uyumludur. Bu sayede y\u00fcksek s\u0131cakl\u0131klara bile dayanabilir.<\/p>\n<h3>PN 16 Tam Ge\u00e7i\u015fli K\u00fcresel Vana (2 Par\u00e7al\u0131) Ne \u0130\u015fe Yarar?<\/h3>\n<p><strong>PN 16 Tam Ge\u00e7i\u015fli K\u00fcresel Vana <\/strong>temel amac\u0131 sistemdeki haz ya da s\u0131v\u0131n\u0131n belirli bir mekanizma \u00fczerinden kontrol edilmesidir. Tam a\u00e7\u0131k ya da tam kapal\u0131 kullan\u0131labilir. Daha d\u00fc\u015f\u00fck tork de\u011ferleriyle kullan\u0131labilmesinin yan\u0131 s\u0131ra \u00fcr\u00fcn\u00fcn montaj\u0131 da olduk\u00e7a kolayd\u0131r. Ayr\u0131ca %100 s\u0131zd\u0131rmazl\u0131k de\u011ferine sahip oldu\u011funu belirtmek olanakl\u0131d\u0131r.<\/p>\n<h3>PN 16 Tam Ge\u00e7i\u015fli K\u00fcresel Vana (2 Par\u00e7al\u0131) Nerelerde Kullan\u0131l\u0131r?<\/h3>\n<p>2 par\u00e7al\u0131 bir \u00fcr\u00fcn olan <strong>PN 16 Tam Ge\u00e7i\u015fli K\u00fcresel Vana<\/strong> bir\u00e7ok alanda kullan\u0131labilir. Bu alanlar;<\/p>\n<ul>\n<li>Tesis kurulumu,<\/li>\n<li>Boru hatlar\u0131,<\/li>\n<li>Asit ya da alkali de\u011feri olmayan ak\u0131\u015fkanlar,<\/li>\n<li>D\u00fc\u015f\u00fck bas\u0131n\u00e7l\u0131 buhar,<\/li>\n<li>K\u0131zg\u0131n su,<\/li>\n<li>Sanayi sekt\u00f6r\u00fc,<\/li>\n<li>Tanklar,<\/li>\n<li>Enerji santralleri,<\/li>\n<\/ul>\n<p>+200 derecelik s\u0131cakl\u0131\u011fa kadar \u00e7al\u0131\u015fabilen \u00fcr\u00fcn, yenilik\u00e7i \u00f6zellikleri b\u00fcnyesinde bar\u0131nd\u0131rmaktad\u0131r. 90 derecelik bir a\u00e7\u0131yla kullan\u0131labilir, avantajl\u0131 bir kullan\u0131ma sahiptir. Pratik bir \u015fekilde kurulumu yap\u0131ld\u0131\u011f\u0131 i\u00e7in kurulumu ve kullan\u0131m\u0131n\u0131n olduk\u00e7a basit oldu\u011funu belirtmek m\u00fcmk\u00fcnd\u00fcr. Tesisat ve end\u00fcstri alanlar\u0131n\u0131n yan\u0131 s\u0131ra sulama sistemlerinde de efektif bir kullan\u0131ma sahiptir. \u00dcr\u00fcnde boya olarak end\u00fcstriyel ya\u015f epoksi kullan\u0131lm\u0131\u015ft\u0131r.<\/p>\n<p>&nbsp;<\/p>\n<p>End\u00fcstriyel, Tesisat ve sulama sistemlerinde kullan\u0131lmak \u00fczere geni\u015f kullan\u0131m alan\u0131.<\/p>\n<table width=\"538\">\n<tbody>\n<tr>\n<td colspan=\"2\" width=\"538\">\u00dcRET\u0130M STANDARTLARI<\/td>\n<\/tr>\n<tr>\n<td colspan=\"2\" width=\"538\">DN15 \u2013 DN250<br \/>\nPN 16<\/td>\n<\/tr>\n<tr>\n<td width=\"149\">Tasar\u0131m<\/td>\n<td width=\"389\">TS 3148 \/ DIN3357<\/td>\n<\/tr>\n<tr>\n<td>Ba\u011flant\u0131<\/td>\n<td width=\"389\">EN 1092-2 \/ ISO 7005-2<\/td>\n<\/tr>\n<tr>\n<td>Al\u0131ndan Al\u0131na<\/td>\n<td width=\"389\">DN15-DN150: EN558 Seri 14 \/ DIN 3202 F4<br \/>\nDN200-DN250: EN558 Seri 27 \/ DIN 3202 F5<\/td>\n<\/tr>\n<tr>\n<td>Markalama<\/td>\n<td width=\"389\">TS EN 19<\/td>\n<\/tr>\n<tr>\n<td>Testler<\/td>\n<td width=\"389\">TS EN 12266-1<\/td>\n<\/tr>\n<tr>\n<td>Boya<\/td>\n<td width=\"389\">End\u00fcstriyel Ya\u015f Epoksi<\/td>\n<\/tr>\n<\/tbody>\n<\/table>\n<p>\u00d6ZELL\u0130KLER<\/p>\n<p>PN 16 flan\u015fl\u0131 k\u00fcresel vana, ak\u0131\u015f kesiti ile ayn\u0131 b\u00fcy\u00fckl\u00fckteki bir deli\u011fe sahip bir k\u00fcre ile \u00e7al\u0131\u015f\u0131r, k\u00fcre paralel veya dikey olmas\u0131 gereken teflon yataklar aras\u0131nda \u00e7eyrek tur (90 derece) d\u00f6ner.<\/p>\n<p>\u00c7ift y\u00f6nl\u00fc kullan\u0131labilir.<\/p>\n<p>Paslanmaz \u00e7elik tabak yay takviyeli teflon (PTFE) yataklar sayesinde, en d\u00fc\u015f\u00fck ve en y\u00fcksek bas\u0131n\u00e7 de\u011ferlerinde %100 s\u0131zd\u0131rmazl\u0131k sa\u011flan\u0131r.<\/p>\n<p>\u0130lave ara par\u00e7alara ihtiya\u00e7 duymadan do\u011frudan pompaya monte edilebilir.<\/p>\n<p>\u00c7e\u015fitli ak\u0131\u015fkanlarda teflon malzemenin uyumlu olmas\u0131 ve daha y\u00fcksek s\u0131cakl\u0131klara dayan\u0131m\u0131, geni\u015f bir uygulama yelpazesinde kullan\u0131lmas\u0131n\u0131 sa\u011flar.<\/p>\n<p>Tamamen a\u00e7\u0131k veya tamamen kapal\u0131 konumda kullan\u0131lmak i\u00e7in uygundur.<\/p>\n<p>Tam a\u00e7\u0131k konumda, ak\u0131\u015f b\u00f6l\u00fcm\u00fcnde bir azalma olmad\u0131\u011f\u0131 i\u00e7in, bas\u0131n\u00e7 kayb\u0131 neredeyse s\u0131f\u0131rd\u0131r.<\/p>\n<p>Daha d\u00fc\u015f\u00fck tork de\u011ferleriyle \u00e7al\u0131\u015ft\u0131r\u0131labilir<\/p>\n<p><strong>UYGULAMA ALANLARI<\/strong><\/p>\n<ul>\n<li>S\u0131cak ve so\u011fuk su<\/li>\n<li>K\u0131zg\u0131n su<\/li>\n<li>D\u00fc\u015f\u00fck bas\u0131n\u00e7l\u0131 buhar<\/li>\n<li>Enerji santralleri<\/li>\n<li>Asit veya alkalin \u00f6zellikleri olmayan ak\u0131\u015fkanlar.<\/li>\n<li>Tesis kurulumu.<\/li>\n<li>Boru hatlar\u0131<\/li>\n<li>Tanklar<\/li>\n<li>Sanayi<\/li>\n<li>SICAKLIK<\/li>\n<li>+200 \u00b0C<\/li>\n<\/ul>\n<p><a href=\"https:\/\/govalf.com\/iletisim\/\">\u0130leti\u015fim<\/a><\/p>\n","protected":false},"excerpt":{"rendered":"<p>PN 16 Tam Ge\u00e7i\u015fli K\u00fcresel Vana (2 Par\u00e7al\u0131) PN 16 Tam Ge\u00e7i\u015fli K\u00fcresel Vana, iki par\u00e7al\u0131 ve tam ge\u00e7i\u015fli bir vana t\u00fcr\u00fcd\u00fcr. Y\u00fcksek performans g\u00f6steren k\u00fcresel vana, pek \u00e7ok alanda tercih edilir. S\u0131cak ve so\u011fuk su sistemlerinin yan\u0131 s\u0131ra bas\u0131n\u00e7l\u0131 hava sistemlerinde de kullan\u0131l\u0131r. Tam ge\u00e7i\u015fe sahip vanan\u0131n \u00e7al\u0131\u015fma prensibi olduk\u00e7a basittir. Ak\u0131\u015f kesitiyle ayn\u0131 [&hellip;]<\/p>\n","protected":false},"featured_media":3637,"comment_status":"closed","ping_status":"closed","template":"","meta":{"_acf_changed":false},"product_brand":[],"product_cat":[66],"product_tag":[],"class_list":{"0":"post-2698","1":"product","2":"type-product","3":"status-publish","4":"has-post-thumbnail","6":"product_cat-vana","8":"first","9":"instock","10":"shipping-taxable","11":"purchasable","12":"product-type-simple"},"acf":[],"yoast_head":"<!-- This site is optimized with the Yoast SEO plugin v27.4 - https:\/\/yoast.com\/product\/yoast-seo-wordpress\/ -->\n<title>PN 16 Tam Ge\u00e7i\u015fli K\u00fcresel Vana (2 Par\u00e7al\u0131) - Nedir, Ne \u0130\u015fe Yarar?<\/title>\n<meta name=\"description\" content=\"PN 16 Tam Ge\u00e7i\u015fli K\u00fcresel Vana, iki par\u00e7al\u0131 ve tam ge\u00e7i\u015fli bir vana t\u00fcr\u00fcd\u00fcr. Y\u00fcksek performans g\u00f6steren k\u00fcresel vana, pek \u00e7ok alanda\" \/>\n<meta name=\"robots\" content=\"index, follow, max-snippet:-1, max-image-preview:large, max-video-preview:-1\" \/>\n<link rel=\"canonical\" href=\"https:\/\/govalf.com\/tr\/product\/pn-16-tam-gecisli-kuresel-vana-2-parcali\/\" \/>\n<meta property=\"og:locale\" content=\"tr_TR\" \/>\n<meta property=\"og:type\" content=\"article\" \/>\n<meta property=\"og:title\" content=\"PN 16 Tam Ge\u00e7i\u015fli K\u00fcresel Vana (2 Par\u00e7al\u0131) - Nedir, Ne \u0130\u015fe Yarar?\" \/>\n<meta property=\"og:description\" content=\"PN 16 Tam Ge\u00e7i\u015fli K\u00fcresel Vana, iki par\u00e7al\u0131 ve tam ge\u00e7i\u015fli bir vana t\u00fcr\u00fcd\u00fcr. Y\u00fcksek performans g\u00f6steren k\u00fcresel vana, pek \u00e7ok alanda\" \/>\n<meta property=\"og:url\" content=\"https:\/\/govalf.com\/tr\/product\/pn-16-tam-gecisli-kuresel-vana-2-parcali\/\" \/>\n<meta property=\"og:site_name\" content=\"Go Valf Vana ve Pompa Sistemleri\" \/>\n<meta property=\"article:modified_time\" content=\"2022-05-29T17:33:24+00:00\" \/>\n<meta property=\"og:image\" content=\"https:\/\/govalf.com\/wp-content\/uploads\/2022\/02\/PN-16-Tam-Gec\u0327is\u0327li-Ku\u0308resel-Vana-2-Parc\u0327ali-1024x1024.png\" \/>\n\t<meta property=\"og:image:width\" content=\"1024\" \/>\n\t<meta property=\"og:image:height\" content=\"1024\" \/>\n\t<meta property=\"og:image:type\" content=\"image\/png\" \/>\n<meta name=\"twitter:card\" content=\"summary_large_image\" \/>\n<meta name=\"twitter:label1\" content=\"Tahmini okuma s\u00fcresi\" \/>\n\t<meta name=\"twitter:data1\" content=\"5 dakika\" \/>\n<script type=\"application\/ld+json\" class=\"yoast-schema-graph\">{\"@context\":\"https:\\\/\\\/schema.org\",\"@graph\":[{\"@type\":\"WebPage\",\"@id\":\"https:\\\/\\\/govalf.com\\\/tr\\\/product\\\/pn-16-tam-gecisli-kuresel-vana-2-parcali\\\/\",\"url\":\"https:\\\/\\\/govalf.com\\\/tr\\\/product\\\/pn-16-tam-gecisli-kuresel-vana-2-parcali\\\/\",\"name\":\"PN 16 Tam Ge\u00e7i\u015fli K\u00fcresel Vana (2 Par\u00e7al\u0131) - Nedir, Ne \u0130\u015fe Yarar?\",\"isPartOf\":{\"@id\":\"http:\\\/\\\/govalf.com\\\/ru\\\/#website\"},\"primaryImageOfPage\":{\"@id\":\"https:\\\/\\\/govalf.com\\\/tr\\\/product\\\/pn-16-tam-gecisli-kuresel-vana-2-parcali\\\/#primaryimage\"},\"image\":{\"@id\":\"https:\\\/\\\/govalf.com\\\/tr\\\/product\\\/pn-16-tam-gecisli-kuresel-vana-2-parcali\\\/#primaryimage\"},\"thumbnailUrl\":\"http:\\\/\\\/govalf.com\\\/wp-content\\\/uploads\\\/2022\\\/02\\\/PN-16-Tam-Gec\u0327is\u0327li-Ku\u0308resel-Vana-2-Parc\u0327ali.png\",\"datePublished\":\"2022-02-17T18:06:15+00:00\",\"dateModified\":\"2022-05-29T17:33:24+00:00\",\"description\":\"PN 16 Tam Ge\u00e7i\u015fli K\u00fcresel Vana, iki par\u00e7al\u0131 ve tam ge\u00e7i\u015fli bir vana t\u00fcr\u00fcd\u00fcr. Y\u00fcksek performans g\u00f6steren k\u00fcresel vana, pek \u00e7ok alanda\",\"breadcrumb\":{\"@id\":\"https:\\\/\\\/govalf.com\\\/tr\\\/product\\\/pn-16-tam-gecisli-kuresel-vana-2-parcali\\\/#breadcrumb\"},\"inLanguage\":\"tr\",\"potentialAction\":[{\"@type\":\"ReadAction\",\"target\":[\"https:\\\/\\\/govalf.com\\\/tr\\\/product\\\/pn-16-tam-gecisli-kuresel-vana-2-parcali\\\/\"]}]},{\"@type\":\"ImageObject\",\"inLanguage\":\"tr\",\"@id\":\"https:\\\/\\\/govalf.com\\\/tr\\\/product\\\/pn-16-tam-gecisli-kuresel-vana-2-parcali\\\/#primaryimage\",\"url\":\"http:\\\/\\\/govalf.com\\\/wp-content\\\/uploads\\\/2022\\\/02\\\/PN-16-Tam-Gec\u0327is\u0327li-Ku\u0308resel-Vana-2-Parc\u0327ali.png\",\"contentUrl\":\"http:\\\/\\\/govalf.com\\\/wp-content\\\/uploads\\\/2022\\\/02\\\/PN-16-Tam-Gec\u0327is\u0327li-Ku\u0308resel-Vana-2-Parc\u0327ali.png\",\"width\":5000,\"height\":5000,\"caption\":\"PN 16 Tam Ge\u00e7i\u015fli K\u00fcresel Vana\"},{\"@type\":\"BreadcrumbList\",\"@id\":\"https:\\\/\\\/govalf.com\\\/tr\\\/product\\\/pn-16-tam-gecisli-kuresel-vana-2-parcali\\\/#breadcrumb\",\"itemListElement\":[{\"@type\":\"ListItem\",\"position\":1,\"name\":\"Anasayfa\",\"item\":\"https:\\\/\\\/govalf.com\\\/tr\\\/\"},{\"@type\":\"ListItem\",\"position\":2,\"name\":\"Products\",\"item\":\"http:\\\/\\\/govalf.com\\\/ru\\\/%d0%bf%d1%80%d0%be%d0%b4%d1%83%d0%ba%d1%82%d1%8b\\\/\"},{\"@type\":\"ListItem\",\"position\":3,\"name\":\"PN 16 Tam Ge\u00e7i\u015fli K\u00fcresel Vana (2 Par\u00e7al\u0131)\"}]},{\"@type\":\"WebSite\",\"@id\":\"http:\\\/\\\/govalf.com\\\/ru\\\/#website\",\"url\":\"http:\\\/\\\/govalf.com\\\/ru\\\/\",\"name\":\"Go Valf Vana ve Pompa Sistemleri\",\"description\":\"Yang\u0131n S\u00f6nd\u00fcrme Sistemleri ve Ekipmanlar\u0131\",\"publisher\":{\"@id\":\"http:\\\/\\\/govalf.com\\\/ru\\\/#organization\"},\"potentialAction\":[{\"@type\":\"SearchAction\",\"target\":{\"@type\":\"EntryPoint\",\"urlTemplate\":\"http:\\\/\\\/govalf.com\\\/ru\\\/?s={search_term_string}\"},\"query-input\":{\"@type\":\"PropertyValueSpecification\",\"valueRequired\":true,\"valueName\":\"search_term_string\"}}],\"inLanguage\":\"tr\"},{\"@type\":\"Organization\",\"@id\":\"http:\\\/\\\/govalf.com\\\/ru\\\/#organization\",\"name\":\"Go Valf\",\"url\":\"http:\\\/\\\/govalf.com\\\/ru\\\/\",\"logo\":{\"@type\":\"ImageObject\",\"inLanguage\":\"tr\",\"@id\":\"http:\\\/\\\/govalf.com\\\/ru\\\/#\\\/schema\\\/logo\\\/image\\\/\",\"url\":\"https:\\\/\\\/govalf.com\\\/wp-content\\\/uploads\\\/2022\\\/02\\\/go-valf-logo.png\",\"contentUrl\":\"https:\\\/\\\/govalf.com\\\/wp-content\\\/uploads\\\/2022\\\/02\\\/go-valf-logo.png\",\"width\":504,\"height\":120,\"caption\":\"Go Valf\"},\"image\":{\"@id\":\"http:\\\/\\\/govalf.com\\\/ru\\\/#\\\/schema\\\/logo\\\/image\\\/\"}}]}<\/script>\n<!-- \/ Yoast SEO plugin. -->","yoast_head_json":{"title":"PN 16 Tam Ge\u00e7i\u015fli K\u00fcresel Vana (2 Par\u00e7al\u0131) - Nedir, Ne \u0130\u015fe Yarar?","description":"PN 16 Tam Ge\u00e7i\u015fli K\u00fcresel Vana, iki par\u00e7al\u0131 ve tam ge\u00e7i\u015fli bir vana t\u00fcr\u00fcd\u00fcr. Y\u00fcksek performans g\u00f6steren k\u00fcresel vana, pek \u00e7ok alanda","robots":{"index":"index","follow":"follow","max-snippet":"max-snippet:-1","max-image-preview":"max-image-preview:large","max-video-preview":"max-video-preview:-1"},"canonical":"https:\/\/govalf.com\/tr\/product\/pn-16-tam-gecisli-kuresel-vana-2-parcali\/","og_locale":"tr_TR","og_type":"article","og_title":"PN 16 Tam Ge\u00e7i\u015fli K\u00fcresel Vana (2 Par\u00e7al\u0131) - Nedir, Ne \u0130\u015fe Yarar?","og_description":"PN 16 Tam Ge\u00e7i\u015fli K\u00fcresel Vana, iki par\u00e7al\u0131 ve tam ge\u00e7i\u015fli bir vana t\u00fcr\u00fcd\u00fcr. Y\u00fcksek performans g\u00f6steren k\u00fcresel vana, pek \u00e7ok alanda","og_url":"https:\/\/govalf.com\/tr\/product\/pn-16-tam-gecisli-kuresel-vana-2-parcali\/","og_site_name":"Go Valf Vana ve Pompa Sistemleri","article_modified_time":"2022-05-29T17:33:24+00:00","og_image":[{"width":1024,"height":1024,"url":"https:\/\/govalf.com\/wp-content\/uploads\/2022\/02\/PN-16-Tam-Gec\u0327is\u0327li-Ku\u0308resel-Vana-2-Parc\u0327ali-1024x1024.png","type":"image\/png"}],"twitter_card":"summary_large_image","twitter_misc":{"Tahmini okuma s\u00fcresi":"5 dakika"},"schema":{"@context":"https:\/\/schema.org","@graph":[{"@type":"WebPage","@id":"https:\/\/govalf.com\/tr\/product\/pn-16-tam-gecisli-kuresel-vana-2-parcali\/","url":"https:\/\/govalf.com\/tr\/product\/pn-16-tam-gecisli-kuresel-vana-2-parcali\/","name":"PN 16 Tam Ge\u00e7i\u015fli K\u00fcresel Vana (2 Par\u00e7al\u0131) - Nedir, Ne \u0130\u015fe Yarar?","isPartOf":{"@id":"http:\/\/govalf.com\/ru\/#website"},"primaryImageOfPage":{"@id":"https:\/\/govalf.com\/tr\/product\/pn-16-tam-gecisli-kuresel-vana-2-parcali\/#primaryimage"},"image":{"@id":"https:\/\/govalf.com\/tr\/product\/pn-16-tam-gecisli-kuresel-vana-2-parcali\/#primaryimage"},"thumbnailUrl":"http:\/\/govalf.com\/wp-content\/uploads\/2022\/02\/PN-16-Tam-Gec\u0327is\u0327li-Ku\u0308resel-Vana-2-Parc\u0327ali.png","datePublished":"2022-02-17T18:06:15+00:00","dateModified":"2022-05-29T17:33:24+00:00","description":"PN 16 Tam Ge\u00e7i\u015fli K\u00fcresel Vana, iki par\u00e7al\u0131 ve tam ge\u00e7i\u015fli bir vana t\u00fcr\u00fcd\u00fcr. Y\u00fcksek performans g\u00f6steren k\u00fcresel vana, pek \u00e7ok alanda","breadcrumb":{"@id":"https:\/\/govalf.com\/tr\/product\/pn-16-tam-gecisli-kuresel-vana-2-parcali\/#breadcrumb"},"inLanguage":"tr","potentialAction":[{"@type":"ReadAction","target":["https:\/\/govalf.com\/tr\/product\/pn-16-tam-gecisli-kuresel-vana-2-parcali\/"]}]},{"@type":"ImageObject","inLanguage":"tr","@id":"https:\/\/govalf.com\/tr\/product\/pn-16-tam-gecisli-kuresel-vana-2-parcali\/#primaryimage","url":"http:\/\/govalf.com\/wp-content\/uploads\/2022\/02\/PN-16-Tam-Gec\u0327is\u0327li-Ku\u0308resel-Vana-2-Parc\u0327ali.png","contentUrl":"http:\/\/govalf.com\/wp-content\/uploads\/2022\/02\/PN-16-Tam-Gec\u0327is\u0327li-Ku\u0308resel-Vana-2-Parc\u0327ali.png","width":5000,"height":5000,"caption":"PN 16 Tam Ge\u00e7i\u015fli K\u00fcresel Vana"},{"@type":"BreadcrumbList","@id":"https:\/\/govalf.com\/tr\/product\/pn-16-tam-gecisli-kuresel-vana-2-parcali\/#breadcrumb","itemListElement":[{"@type":"ListItem","position":1,"name":"Anasayfa","item":"https:\/\/govalf.com\/tr\/"},{"@type":"ListItem","position":2,"name":"Products","item":"http:\/\/govalf.com\/ru\/%d0%bf%d1%80%d0%be%d0%b4%d1%83%d0%ba%d1%82%d1%8b\/"},{"@type":"ListItem","position":3,"name":"PN 16 Tam Ge\u00e7i\u015fli K\u00fcresel Vana (2 Par\u00e7al\u0131)"}]},{"@type":"WebSite","@id":"http:\/\/govalf.com\/ru\/#website","url":"http:\/\/govalf.com\/ru\/","name":"Go Valf Vana ve Pompa Sistemleri","description":"Yang\u0131n S\u00f6nd\u00fcrme Sistemleri ve Ekipmanlar\u0131","publisher":{"@id":"http:\/\/govalf.com\/ru\/#organization"},"potentialAction":[{"@type":"SearchAction","target":{"@type":"EntryPoint","urlTemplate":"http:\/\/govalf.com\/ru\/?s={search_term_string}"},"query-input":{"@type":"PropertyValueSpecification","valueRequired":true,"valueName":"search_term_string"}}],"inLanguage":"tr"},{"@type":"Organization","@id":"http:\/\/govalf.com\/ru\/#organization","name":"Go Valf","url":"http:\/\/govalf.com\/ru\/","logo":{"@type":"ImageObject","inLanguage":"tr","@id":"http:\/\/govalf.com\/ru\/#\/schema\/logo\/image\/","url":"https:\/\/govalf.com\/wp-content\/uploads\/2022\/02\/go-valf-logo.png","contentUrl":"https:\/\/govalf.com\/wp-content\/uploads\/2022\/02\/go-valf-logo.png","width":504,"height":120,"caption":"Go Valf"},"image":{"@id":"http:\/\/govalf.com\/ru\/#\/schema\/logo\/image\/"}}]}},"_links":{"self":[{"href":"http:\/\/govalf.com\/tr\/wp-json\/wp\/v2\/product\/2698","targetHints":{"allow":["GET"]}}],"collection":[{"href":"http:\/\/govalf.com\/tr\/wp-json\/wp\/v2\/product"}],"about":[{"href":"http:\/\/govalf.com\/tr\/wp-json\/wp\/v2\/types\/product"}],"replies":[{"embeddable":true,"href":"http:\/\/govalf.com\/tr\/wp-json\/wp\/v2\/comments?post=2698"}],"wp:featuredmedia":[{"embeddable":true,"href":"http:\/\/govalf.com\/tr\/wp-json\/wp\/v2\/media\/3637"}],"wp:attachment":[{"href":"http:\/\/govalf.com\/tr\/wp-json\/wp\/v2\/media?parent=2698"}],"wp:term":[{"taxonomy":"product_brand","embeddable":true,"href":"http:\/\/govalf.com\/tr\/wp-json\/wp\/v2\/product_brand?post=2698"},{"taxonomy":"product_cat","embeddable":true,"href":"http:\/\/govalf.com\/tr\/wp-json\/wp\/v2\/product_cat?post=2698"},{"taxonomy":"product_tag","embeddable":true,"href":"http:\/\/govalf.com\/tr\/wp-json\/wp\/v2\/product_tag?post=2698"}],"curies":[{"name":"wp","href":"https:\/\/api.w.org\/{rel}","templated":true}]}}