{"id":2704,"date":"2022-02-17T18:10:27","date_gmt":"2022-02-17T18:10:27","guid":{"rendered":"https:\/\/govalf.com\/?post_type=product&#038;p=2704"},"modified":"2022-05-29T17:35:46","modified_gmt":"2022-05-29T17:35:46","slug":"pn-40-tam-gecisli-dogalgaz-vana","status":"publish","type":"product","link":"http:\/\/govalf.com\/tr\/product\/pn-40-tam-gecisli-dogalgaz-vana\/","title":{"rendered":"PN 40 Tam Ge\u00e7i\u015fli Do\u011falgaz Vana"},"content":{"rendered":"<h1>PN 40 Tam Ge\u00e7i\u015fli Do\u011falgaz Vana<\/h1>\n<p><strong>PN 40 Tam Ge\u00e7i\u015fli Do\u011falgaz Vana <\/strong>\u00e7e\u015fitli ge\u00e7i\u015f yollar\u0131n\u0131 kapatan ya da a\u00e7an bir t\u00fcr vanad\u0131r. Bu sayede sistem i\u00e7erisinde yer alan gaz kontrol edilir. \u00dcr\u00fcn sayesinde ak\u0131\u015f y\u00f6n\u00fcndeki bas\u0131n\u00e7 ya da ak\u0131\u015f d\u00fczenlenebilir. Enerji \u00fcretimi, madencilik, su ve at\u0131k su i\u015fleme tesisleri ba\u015fta olmak \u00fczere bir\u00e7ok alanda kullan\u0131labilirler.<\/p>\n<p>Do\u011falgaz sistemlerinin en \u00f6nemli par\u00e7alar\u0131ndan biri olarak dikkat \u00e7eken PN 40 tam ge\u00e7i\u015fli do\u011falgaz vanalar\u0131, a\u00e7ma \/ kapama ama\u00e7l\u0131 tercih edilmektedir. Gaz ba\u011flant\u0131 tesislerinde de kullan\u0131lan bu t\u00fcr do\u011falgaz vanalar\u0131, kolay montaj\u0131 m\u00fcmk\u00fcn k\u0131lar. Bu sayede konforlu bir kullan\u0131m\u0131 olanakl\u0131 hale getirmektedir.<\/p>\n<h2>PN 40 Tam Ge\u00e7i\u015fli Do\u011falgaz Vana Nedir, Ne \u0130\u015fe Yarar?<\/h2>\n<p>Sahip oldu\u011fu \u00f6zellikler ile do\u011falgaz sistemlerinde kullan\u0131lan <strong>PN 40 Tam Ge\u00e7i\u015fli Do\u011falgaz Vana <\/strong>sistem i\u00e7erisindeki ge\u00e7i\u015f yollar\u0131n\u0131 a\u00e7ar ya da kapat\u0131r. Bu sayede gaz\u0131n sistem i\u00e7erisinde d\u00fczenlenmesini sa\u011flar. Gaz \u00fczerindeki hakimiyeti m\u00fcmk\u00fcn k\u0131ld\u0131\u011f\u0131 i\u00e7in gaz ba\u011flant\u0131 tesislerinde \u00fcr\u00fcn\u00fcn s\u0131kl\u0131kla kullan\u0131ld\u0131\u011f\u0131n\u0131 belirtmek m\u00fcmk\u00fcnd\u00fcr.<\/p>\n<p>EN 331-TS 9809 standartlar\u0131na g\u00f6re tasarlan\u0131rlar. Ayr\u0131ca EN 12266-1 testlerinden ge\u00e7irilerek kullan\u0131ma sunulmaktad\u0131r. Bu t\u00fcr vanalar\u0131n temel g\u00f6revi sistem i\u00e7erisinde gaz\u0131 kesmek ya da gaz ak\u0131\u015f\u0131n\u0131n belirli bir sistem dahilinde ak\u0131\u015f\u0131n\u0131 sa\u011flamakt\u0131r. Kolay a\u00e7\u0131lan vanalar, ayn\u0131 zamanda rahatl\u0131kla kapat\u0131labilmektedir. Bu sayede konforlu bir kullan\u0131m\u0131 olanakl\u0131 k\u0131ld\u0131klar\u0131 bilinmektedir.<\/p>\n<h3>PN 40 Tam Ge\u00e7i\u015fli Do\u011falgaz Vana Nedir?<\/h3>\n<p>Belirli bir do\u011falgaz sistemi i\u00e7erisinde yer alan <strong>PN 40 Tam Ge\u00e7i\u015fli Do\u011falgaz Vana <\/strong>\u00e7e\u015fitli \u00f6zelliklere sahiptir. Bu \u00f6zellikleri genel olarak \u015fu \u015fekilde s\u0131ralamak m\u00fcmk\u00fcnd\u00fcr:<\/p>\n<ul>\n<li>Vana kolay a\u00e7\u0131l\u0131r, kolay kapat\u0131l\u0131r.<\/li>\n<li>Ak\u0131\u015f b\u00f6l\u00fcm\u00fcyle ayn\u0131 b\u00fcy\u00fckl\u00fc\u011fe sahip delik bulunan bir k\u00fcre, sistemin merkezinde yer al\u0131r. Mil arac\u0131l\u0131\u011f\u0131yla teflon yataklar aras\u0131nda \u00e7eyrek d\u00f6n\u00fc\u015f yapar. Bu d\u00f6n\u00fc\u015f, 90 derecelik bir a\u00e7\u0131ya denk gelir.<\/li>\n<li>Her iki y\u00f6nde kullan\u0131labilir.<\/li>\n<li>Sistem i\u00e7erisinde yer alan teflon malzemesi y\u00fcksek s\u0131cakl\u0131klara dayan\u0131kl\u0131d\u0131r.<\/li>\n<li>Olduk\u00e7a geni\u015f bir uygulama alan\u0131na sahiptir.<\/li>\n<li>Tam a\u00e7\u0131k konumda bile ak\u0131\u015f b\u00f6l\u00fcm\u00fcnde herhangi bir azalma meydana gelmez. Bu sayede bas\u0131n\u00e7 kayb\u0131 s\u0131f\u0131ra kadar iner.<\/li>\n<\/ul>\n<h3>PN 40 Tam Ge\u00e7i\u015fli Do\u011falgaz Vana Ne \u0130\u015fe Yarar?<\/h3>\n<p><strong>PN 40 Tam Ge\u00e7i\u015fli Do\u011falgaz Vana <\/strong>do\u011falgaz sistemleri i\u00e7erisinde yer al\u0131r. Gaz\u0131n kesilmesi ya da ak\u0131\u015f\u0131n\u0131n devam etmesini olanakl\u0131 hale getirir. Sistem i\u00e7erisinde bulunan her bir par\u00e7a, vanan\u0131n \u00e7al\u0131\u015fma prensibine g\u00f6re hareket eder. Ak\u0131\u015f y\u00f6n\u00fcndeki bas\u0131n\u00e7 ya da ak\u0131\u015f\u0131n d\u00fczenlenebilmesini m\u00fcmk\u00fcn k\u0131lan vanalar, ayn\u0131 zamanda geli\u015fmi\u015f otomasyon sistemleriyle de \u00e7al\u0131\u015fabildikleri i\u00e7in s\u0131kl\u0131kla tercih edilir.<\/p>\n<p>\u00dcretimi s\u0131ras\u0131nda \u00fcr\u00fcnde, end\u00fcstriyel ya\u015f epoksi kullan\u0131l\u0131r. Daha d\u00fc\u015f\u00fck tork de\u011ferleriyle de \u00e7al\u0131\u015fabildi\u011fi i\u00e7in olduk\u00e7a sistematik bir yap\u0131ya sahip oldu\u011funu belirtmek m\u00fcmk\u00fcnd\u00fcr. Sistem i\u00e7erisinde yer alan teflon yataklar paslanmaz \u00e7elik tabak yay takviyeli oldu\u011fu i\u00e7in %100 s\u0131zd\u0131rmazl\u0131k de\u011feriyle \u00e7al\u0131\u015fabilir.<\/p>\n<h3>PN 40 Tam Ge\u00e7i\u015fli Do\u011falgaz Vana Nerelerde Kullan\u0131l\u0131r?<\/h3>\n<p>Montaj\u0131 olduk\u00e7a basit olan <strong>PN 40 Tam Ge\u00e7i\u015fli Do\u011falgaz Vana <\/strong>bir\u00e7ok alanda kullan\u0131lan bir \u00fcr\u00fcnd\u00fcr. Do\u011falgaz sistemlerinde tercih edilen vana, a\u00e7\u0131k ya da kapal\u0131 bir \u015fekilde kullan\u0131labilir. Sistem a\u00e7\u0131kken gaz ak\u0131\u015f\u0131 sa\u011flan\u0131r, sistem kapat\u0131ld\u0131\u011f\u0131nda ise gaz ak\u0131\u015f\u0131 kesilir. A\u00e7ma kapama i\u015flemleri pratik bir \u015fekilde yap\u0131labilmektedir.<\/p>\n<p>PN 40 tam ge\u00e7i\u015fli do\u011falgaz vanalar\u0131n\u0131n kullan\u0131ld\u0131klar\u0131 alanlar \u015fu \u015fekildedir:<\/p>\n<ul>\n<li>Enerji \u00fcretimi<\/li>\n<li>Su ve at\u0131k su i\u015fleme<\/li>\n<li>Petrol ve gaz i\u015fleme<\/li>\n<li>Kimya ve plastik \u00fcretimi<\/li>\n<li>G\u0131da \u00fcretimi<\/li>\n<\/ul>\n<p>Bu ve bunun gibi yerlerde tercih edilen \u00fcr\u00fcn, gazmer onayl\u0131d\u0131r. \u00dcr\u00fcn\u00fcn geli\u015fmi\u015f ve teknolojik \u00f6zellikleri, do\u011falgaz sistemindeki en \u00f6nemli par\u00e7alardan biri olmas\u0131n\u0131 sa\u011flar.<\/p>\n<p>&nbsp;<\/p>\n<table width=\"416\">\n<tbody>\n<tr>\n<td><strong>\u00dcRET\u0130M STANDARTLARI<\/strong><\/td>\n<\/tr>\n<\/tbody>\n<\/table>\n<p><strong>PN 40 Tam Ge\u00e7i\u015fli Do\u011falgaz Vana<\/strong><\/p>\n<table width=\"416\">\n<tbody>\n<tr>\n<td colspan=\"2\"><strong>DN15 \u2013 DN150<\/strong><br \/>\n<strong>PN 16-25-40<\/strong><\/td>\n<\/tr>\n<tr>\n<td width=\"149\"><strong>Tasar\u0131m<\/strong><\/td>\n<td width=\"267\">EN 331 \u2013 TS 9809<\/td>\n<\/tr>\n<tr>\n<td><strong>Ba\u011flant\u0131<\/strong><\/td>\n<td>EN 1092-2 \/ ISO 7005-2<\/td>\n<\/tr>\n<tr>\n<td><strong>Al\u0131ndan Al\u0131na<\/strong><\/td>\n<td>DN15-DN125: EN 558 Seri 1 \/ DIN3202 F1<br \/>\nDN150: EN 558 Seri 28 \/ DIN3202 F7<\/td>\n<\/tr>\n<tr>\n<td><strong>Markalama<\/strong><\/td>\n<td>EN 19<\/td>\n<\/tr>\n<tr>\n<td><strong>Testler<\/strong><\/td>\n<td>EN 12266-1<\/td>\n<\/tr>\n<tr>\n<td><strong>Boya<\/strong><\/td>\n<td>End\u00fcstriyel Ya\u015f Epoksi<\/td>\n<\/tr>\n<\/tbody>\n<\/table>\n<p><strong>\u00d6ZELL\u0130KLER<\/strong><\/p>\n<ul>\n<li>FAF1400, PN 16-25-40 flan\u015fl\u0131 k\u00fcresel vana, ak\u0131\u015f b\u00f6l\u00fcm\u00fc ile ayn\u0131 b\u00fcy\u00fckl\u00fckteki bir deli\u011fe sahip bir k\u00fcre ile \u00e7al\u0131\u015f\u0131r, milin yard\u0131m\u0131yla, \u00e7eyrek d\u00f6n\u00fc\u015f (90 derece), teflon yataklar aras\u0131nda, k\u00fcre ak\u0131\u015f eksenine paralel veya dikey olarak d\u00f6ner.<\/li>\n<li>\u00c7ift y\u00f6nl\u00fc kullan\u0131labilir.<\/li>\n<li>Paslanmaz \u00e7elik tabak yay takviyeli teflon (PTFE) yataklar sayesinde, en d\u00fc\u015f\u00fck ve en y\u00fcksek bas\u0131n\u00e7 de\u011ferlerinde %100 s\u0131zd\u0131rmazl\u0131k sa\u011flan\u0131r.<\/li>\n<li>\u0130lave ara par\u00e7alara ihtiya\u00e7 duymadan do\u011frudan pompaya monte edilebilir.<\/li>\n<li>\u00c7e\u015fitli ak\u0131\u015fkanlarda teflon malzemenin uyumlu olmas\u0131 ve daha y\u00fcksek s\u0131cakl\u0131klara dayan\u0131m\u0131, geni\u015f bir uygulama yelpazesinde kullan\u0131lmas\u0131n\u0131 sa\u011flar.<\/li>\n<li>Tam a\u00e7\u0131k veya tam kapal\u0131 konumda kullan\u0131lmak i\u00e7in uygundur.<\/li>\n<li>Tam a\u00e7\u0131k konumda, ak\u0131\u015f b\u00f6l\u00fcm\u00fcnde bir azalma olmad\u0131\u011f\u0131 i\u00e7in, bas\u0131n\u00e7 kayb\u0131 neredeyse s\u0131f\u0131rd\u0131r.<\/li>\n<li>Daha d\u00fc\u015f\u00fck tork de\u011ferleriyle \u00e7al\u0131\u015ft\u0131r\u0131labilir.<\/li>\n<li>Gazmer onayl\u0131 \u00fcr\u00fcnd\u00fcr.<\/li>\n<\/ul>\n<p>&nbsp;<\/p>\n<p><a href=\"https:\/\/govalf.com\/iletisim\/\">\u0130leti\u015fim<\/a><\/p>\n<p>&nbsp;<\/p>\n","protected":false},"excerpt":{"rendered":"<p>PN 40 Tam Ge\u00e7i\u015fli Do\u011falgaz Vana PN 40 Tam Ge\u00e7i\u015fli Do\u011falgaz Vana \u00e7e\u015fitli ge\u00e7i\u015f yollar\u0131n\u0131 kapatan ya da a\u00e7an bir t\u00fcr vanad\u0131r. Bu sayede sistem i\u00e7erisinde yer alan gaz kontrol edilir. \u00dcr\u00fcn sayesinde ak\u0131\u015f y\u00f6n\u00fcndeki bas\u0131n\u00e7 ya da ak\u0131\u015f d\u00fczenlenebilir. Enerji \u00fcretimi, madencilik, su ve at\u0131k su i\u015fleme tesisleri ba\u015fta olmak \u00fczere bir\u00e7ok alanda kullan\u0131labilirler. [&hellip;]<\/p>\n","protected":false},"featured_media":3632,"comment_status":"closed","ping_status":"closed","template":"","meta":{"_acf_changed":false},"product_brand":[],"product_cat":[66],"product_tag":[],"class_list":{"0":"post-2704","1":"product","2":"type-product","3":"status-publish","4":"has-post-thumbnail","6":"product_cat-vana","8":"first","9":"instock","10":"shipping-taxable","11":"purchasable","12":"product-type-simple"},"acf":[],"yoast_head":"<!-- This site is optimized with the Yoast SEO plugin v27.4 - https:\/\/yoast.com\/product\/yoast-seo-wordpress\/ -->\n<title>PN 40 Tam Ge\u00e7i\u015fli Do\u011falgaz Vana - Go Valf Vana ve Pompa Sistemleri<\/title>\n<meta name=\"description\" content=\"PN 40 Tam Ge\u00e7i\u015fli Do\u011falgaz Vana \u00e7e\u015fitli ge\u00e7i\u015f yollar\u0131n\u0131 kapatan ya da a\u00e7an bir t\u00fcr vanad\u0131r. Bu sayede sistem i\u00e7erisinde yer\" \/>\n<meta name=\"robots\" content=\"index, follow, max-snippet:-1, max-image-preview:large, max-video-preview:-1\" \/>\n<link rel=\"canonical\" href=\"http:\/\/govalf.com\/tr\/product\/pn-40-tam-gecisli-dogalgaz-vana\/\" \/>\n<meta property=\"og:locale\" content=\"tr_TR\" \/>\n<meta property=\"og:type\" content=\"article\" \/>\n<meta property=\"og:title\" content=\"PN 40 Tam Ge\u00e7i\u015fli Do\u011falgaz Vana - Go Valf Vana ve Pompa Sistemleri\" \/>\n<meta property=\"og:description\" content=\"PN 40 Tam Ge\u00e7i\u015fli Do\u011falgaz Vana \u00e7e\u015fitli ge\u00e7i\u015f yollar\u0131n\u0131 kapatan ya da a\u00e7an bir t\u00fcr vanad\u0131r. Bu sayede sistem i\u00e7erisinde yer\" \/>\n<meta property=\"og:url\" content=\"http:\/\/govalf.com\/tr\/product\/pn-40-tam-gecisli-dogalgaz-vana\/\" \/>\n<meta property=\"og:site_name\" content=\"Go Valf Vana ve Pompa Sistemleri\" \/>\n<meta property=\"article:modified_time\" content=\"2022-05-29T17:35:46+00:00\" \/>\n<meta property=\"og:image\" content=\"http:\/\/govalf.com\/wp-content\/uploads\/2022\/02\/PN-40-Tam-Gec\u0327is\u0327li-Dog\u0306algaz-Vana-1024x1024.png\" \/>\n\t<meta property=\"og:image:width\" content=\"1024\" \/>\n\t<meta property=\"og:image:height\" content=\"1024\" \/>\n\t<meta property=\"og:image:type\" content=\"image\/png\" \/>\n<meta name=\"twitter:card\" content=\"summary_large_image\" \/>\n<meta name=\"twitter:label1\" content=\"Tahmini okuma s\u00fcresi\" \/>\n\t<meta name=\"twitter:data1\" content=\"5 dakika\" \/>\n<script type=\"application\/ld+json\" class=\"yoast-schema-graph\">{\"@context\":\"https:\\\/\\\/schema.org\",\"@graph\":[{\"@type\":\"WebPage\",\"@id\":\"http:\\\/\\\/govalf.com\\\/tr\\\/product\\\/pn-40-tam-gecisli-dogalgaz-vana\\\/\",\"url\":\"http:\\\/\\\/govalf.com\\\/tr\\\/product\\\/pn-40-tam-gecisli-dogalgaz-vana\\\/\",\"name\":\"PN 40 Tam Ge\u00e7i\u015fli Do\u011falgaz Vana - Go Valf Vana ve Pompa Sistemleri\",\"isPartOf\":{\"@id\":\"http:\\\/\\\/govalf.com\\\/ru\\\/#website\"},\"primaryImageOfPage\":{\"@id\":\"http:\\\/\\\/govalf.com\\\/tr\\\/product\\\/pn-40-tam-gecisli-dogalgaz-vana\\\/#primaryimage\"},\"image\":{\"@id\":\"http:\\\/\\\/govalf.com\\\/tr\\\/product\\\/pn-40-tam-gecisli-dogalgaz-vana\\\/#primaryimage\"},\"thumbnailUrl\":\"http:\\\/\\\/govalf.com\\\/wp-content\\\/uploads\\\/2022\\\/02\\\/PN-40-Tam-Gec\u0327is\u0327li-Dog\u0306algaz-Vana.png\",\"datePublished\":\"2022-02-17T18:10:27+00:00\",\"dateModified\":\"2022-05-29T17:35:46+00:00\",\"description\":\"PN 40 Tam Ge\u00e7i\u015fli Do\u011falgaz Vana \u00e7e\u015fitli ge\u00e7i\u015f yollar\u0131n\u0131 kapatan ya da a\u00e7an bir t\u00fcr vanad\u0131r. Bu sayede sistem i\u00e7erisinde yer\",\"breadcrumb\":{\"@id\":\"http:\\\/\\\/govalf.com\\\/tr\\\/product\\\/pn-40-tam-gecisli-dogalgaz-vana\\\/#breadcrumb\"},\"inLanguage\":\"tr\",\"potentialAction\":[{\"@type\":\"ReadAction\",\"target\":[\"http:\\\/\\\/govalf.com\\\/tr\\\/product\\\/pn-40-tam-gecisli-dogalgaz-vana\\\/\"]}]},{\"@type\":\"ImageObject\",\"inLanguage\":\"tr\",\"@id\":\"http:\\\/\\\/govalf.com\\\/tr\\\/product\\\/pn-40-tam-gecisli-dogalgaz-vana\\\/#primaryimage\",\"url\":\"http:\\\/\\\/govalf.com\\\/wp-content\\\/uploads\\\/2022\\\/02\\\/PN-40-Tam-Gec\u0327is\u0327li-Dog\u0306algaz-Vana.png\",\"contentUrl\":\"http:\\\/\\\/govalf.com\\\/wp-content\\\/uploads\\\/2022\\\/02\\\/PN-40-Tam-Gec\u0327is\u0327li-Dog\u0306algaz-Vana.png\",\"width\":5000,\"height\":5000,\"caption\":\"PN 40 Tam Ge\u00e7i\u015fli Do\u011falgaz Vana\"},{\"@type\":\"BreadcrumbList\",\"@id\":\"http:\\\/\\\/govalf.com\\\/tr\\\/product\\\/pn-40-tam-gecisli-dogalgaz-vana\\\/#breadcrumb\",\"itemListElement\":[{\"@type\":\"ListItem\",\"position\":1,\"name\":\"Anasayfa\",\"item\":\"https:\\\/\\\/govalf.com\\\/tr\\\/\"},{\"@type\":\"ListItem\",\"position\":2,\"name\":\"Products\",\"item\":\"http:\\\/\\\/govalf.com\\\/ru\\\/%d0%bf%d1%80%d0%be%d0%b4%d1%83%d0%ba%d1%82%d1%8b\\\/\"},{\"@type\":\"ListItem\",\"position\":3,\"name\":\"PN 40 Tam Ge\u00e7i\u015fli Do\u011falgaz Vana\"}]},{\"@type\":\"WebSite\",\"@id\":\"http:\\\/\\\/govalf.com\\\/ru\\\/#website\",\"url\":\"http:\\\/\\\/govalf.com\\\/ru\\\/\",\"name\":\"Go Valf Vana ve Pompa Sistemleri\",\"description\":\"Yang\u0131n S\u00f6nd\u00fcrme Sistemleri ve Ekipmanlar\u0131\",\"publisher\":{\"@id\":\"http:\\\/\\\/govalf.com\\\/ru\\\/#organization\"},\"potentialAction\":[{\"@type\":\"SearchAction\",\"target\":{\"@type\":\"EntryPoint\",\"urlTemplate\":\"http:\\\/\\\/govalf.com\\\/ru\\\/?s={search_term_string}\"},\"query-input\":{\"@type\":\"PropertyValueSpecification\",\"valueRequired\":true,\"valueName\":\"search_term_string\"}}],\"inLanguage\":\"tr\"},{\"@type\":\"Organization\",\"@id\":\"http:\\\/\\\/govalf.com\\\/ru\\\/#organization\",\"name\":\"Go Valf\",\"url\":\"http:\\\/\\\/govalf.com\\\/ru\\\/\",\"logo\":{\"@type\":\"ImageObject\",\"inLanguage\":\"tr\",\"@id\":\"http:\\\/\\\/govalf.com\\\/ru\\\/#\\\/schema\\\/logo\\\/image\\\/\",\"url\":\"https:\\\/\\\/govalf.com\\\/wp-content\\\/uploads\\\/2022\\\/02\\\/go-valf-logo.png\",\"contentUrl\":\"https:\\\/\\\/govalf.com\\\/wp-content\\\/uploads\\\/2022\\\/02\\\/go-valf-logo.png\",\"width\":504,\"height\":120,\"caption\":\"Go Valf\"},\"image\":{\"@id\":\"http:\\\/\\\/govalf.com\\\/ru\\\/#\\\/schema\\\/logo\\\/image\\\/\"}}]}<\/script>\n<!-- \/ Yoast SEO plugin. -->","yoast_head_json":{"title":"PN 40 Tam Ge\u00e7i\u015fli Do\u011falgaz Vana - Go Valf Vana ve Pompa Sistemleri","description":"PN 40 Tam Ge\u00e7i\u015fli Do\u011falgaz Vana \u00e7e\u015fitli ge\u00e7i\u015f yollar\u0131n\u0131 kapatan ya da a\u00e7an bir t\u00fcr vanad\u0131r. Bu sayede sistem i\u00e7erisinde yer","robots":{"index":"index","follow":"follow","max-snippet":"max-snippet:-1","max-image-preview":"max-image-preview:large","max-video-preview":"max-video-preview:-1"},"canonical":"http:\/\/govalf.com\/tr\/product\/pn-40-tam-gecisli-dogalgaz-vana\/","og_locale":"tr_TR","og_type":"article","og_title":"PN 40 Tam Ge\u00e7i\u015fli Do\u011falgaz Vana - Go Valf Vana ve Pompa Sistemleri","og_description":"PN 40 Tam Ge\u00e7i\u015fli Do\u011falgaz Vana \u00e7e\u015fitli ge\u00e7i\u015f yollar\u0131n\u0131 kapatan ya da a\u00e7an bir t\u00fcr vanad\u0131r. Bu sayede sistem i\u00e7erisinde yer","og_url":"http:\/\/govalf.com\/tr\/product\/pn-40-tam-gecisli-dogalgaz-vana\/","og_site_name":"Go Valf Vana ve Pompa Sistemleri","article_modified_time":"2022-05-29T17:35:46+00:00","og_image":[{"width":1024,"height":1024,"url":"http:\/\/govalf.com\/wp-content\/uploads\/2022\/02\/PN-40-Tam-Gec\u0327is\u0327li-Dog\u0306algaz-Vana-1024x1024.png","type":"image\/png"}],"twitter_card":"summary_large_image","twitter_misc":{"Tahmini okuma s\u00fcresi":"5 dakika"},"schema":{"@context":"https:\/\/schema.org","@graph":[{"@type":"WebPage","@id":"http:\/\/govalf.com\/tr\/product\/pn-40-tam-gecisli-dogalgaz-vana\/","url":"http:\/\/govalf.com\/tr\/product\/pn-40-tam-gecisli-dogalgaz-vana\/","name":"PN 40 Tam Ge\u00e7i\u015fli Do\u011falgaz Vana - Go Valf Vana ve Pompa Sistemleri","isPartOf":{"@id":"http:\/\/govalf.com\/ru\/#website"},"primaryImageOfPage":{"@id":"http:\/\/govalf.com\/tr\/product\/pn-40-tam-gecisli-dogalgaz-vana\/#primaryimage"},"image":{"@id":"http:\/\/govalf.com\/tr\/product\/pn-40-tam-gecisli-dogalgaz-vana\/#primaryimage"},"thumbnailUrl":"http:\/\/govalf.com\/wp-content\/uploads\/2022\/02\/PN-40-Tam-Gec\u0327is\u0327li-Dog\u0306algaz-Vana.png","datePublished":"2022-02-17T18:10:27+00:00","dateModified":"2022-05-29T17:35:46+00:00","description":"PN 40 Tam Ge\u00e7i\u015fli Do\u011falgaz Vana \u00e7e\u015fitli ge\u00e7i\u015f yollar\u0131n\u0131 kapatan ya da a\u00e7an bir t\u00fcr vanad\u0131r. Bu sayede sistem i\u00e7erisinde yer","breadcrumb":{"@id":"http:\/\/govalf.com\/tr\/product\/pn-40-tam-gecisli-dogalgaz-vana\/#breadcrumb"},"inLanguage":"tr","potentialAction":[{"@type":"ReadAction","target":["http:\/\/govalf.com\/tr\/product\/pn-40-tam-gecisli-dogalgaz-vana\/"]}]},{"@type":"ImageObject","inLanguage":"tr","@id":"http:\/\/govalf.com\/tr\/product\/pn-40-tam-gecisli-dogalgaz-vana\/#primaryimage","url":"http:\/\/govalf.com\/wp-content\/uploads\/2022\/02\/PN-40-Tam-Gec\u0327is\u0327li-Dog\u0306algaz-Vana.png","contentUrl":"http:\/\/govalf.com\/wp-content\/uploads\/2022\/02\/PN-40-Tam-Gec\u0327is\u0327li-Dog\u0306algaz-Vana.png","width":5000,"height":5000,"caption":"PN 40 Tam Ge\u00e7i\u015fli Do\u011falgaz Vana"},{"@type":"BreadcrumbList","@id":"http:\/\/govalf.com\/tr\/product\/pn-40-tam-gecisli-dogalgaz-vana\/#breadcrumb","itemListElement":[{"@type":"ListItem","position":1,"name":"Anasayfa","item":"https:\/\/govalf.com\/tr\/"},{"@type":"ListItem","position":2,"name":"Products","item":"http:\/\/govalf.com\/ru\/%d0%bf%d1%80%d0%be%d0%b4%d1%83%d0%ba%d1%82%d1%8b\/"},{"@type":"ListItem","position":3,"name":"PN 40 Tam Ge\u00e7i\u015fli Do\u011falgaz Vana"}]},{"@type":"WebSite","@id":"http:\/\/govalf.com\/ru\/#website","url":"http:\/\/govalf.com\/ru\/","name":"Go Valf Vana ve Pompa Sistemleri","description":"Yang\u0131n S\u00f6nd\u00fcrme Sistemleri ve Ekipmanlar\u0131","publisher":{"@id":"http:\/\/govalf.com\/ru\/#organization"},"potentialAction":[{"@type":"SearchAction","target":{"@type":"EntryPoint","urlTemplate":"http:\/\/govalf.com\/ru\/?s={search_term_string}"},"query-input":{"@type":"PropertyValueSpecification","valueRequired":true,"valueName":"search_term_string"}}],"inLanguage":"tr"},{"@type":"Organization","@id":"http:\/\/govalf.com\/ru\/#organization","name":"Go Valf","url":"http:\/\/govalf.com\/ru\/","logo":{"@type":"ImageObject","inLanguage":"tr","@id":"http:\/\/govalf.com\/ru\/#\/schema\/logo\/image\/","url":"https:\/\/govalf.com\/wp-content\/uploads\/2022\/02\/go-valf-logo.png","contentUrl":"https:\/\/govalf.com\/wp-content\/uploads\/2022\/02\/go-valf-logo.png","width":504,"height":120,"caption":"Go Valf"},"image":{"@id":"http:\/\/govalf.com\/ru\/#\/schema\/logo\/image\/"}}]}},"_links":{"self":[{"href":"http:\/\/govalf.com\/tr\/wp-json\/wp\/v2\/product\/2704","targetHints":{"allow":["GET"]}}],"collection":[{"href":"http:\/\/govalf.com\/tr\/wp-json\/wp\/v2\/product"}],"about":[{"href":"http:\/\/govalf.com\/tr\/wp-json\/wp\/v2\/types\/product"}],"replies":[{"embeddable":true,"href":"http:\/\/govalf.com\/tr\/wp-json\/wp\/v2\/comments?post=2704"}],"wp:featuredmedia":[{"embeddable":true,"href":"http:\/\/govalf.com\/tr\/wp-json\/wp\/v2\/media\/3632"}],"wp:attachment":[{"href":"http:\/\/govalf.com\/tr\/wp-json\/wp\/v2\/media?parent=2704"}],"wp:term":[{"taxonomy":"product_brand","embeddable":true,"href":"http:\/\/govalf.com\/tr\/wp-json\/wp\/v2\/product_brand?post=2704"},{"taxonomy":"product_cat","embeddable":true,"href":"http:\/\/govalf.com\/tr\/wp-json\/wp\/v2\/product_cat?post=2704"},{"taxonomy":"product_tag","embeddable":true,"href":"http:\/\/govalf.com\/tr\/wp-json\/wp\/v2\/product_tag?post=2704"}],"curies":[{"name":"wp","href":"https:\/\/api.w.org\/{rel}","templated":true}]}}