{"id":2717,"date":"2022-02-17T18:19:40","date_gmt":"2022-02-17T18:19:40","guid":{"rendered":"https:\/\/govalf.com\/?post_type=product&#038;p=2717"},"modified":"2022-05-29T17:53:08","modified_gmt":"2022-05-29T17:53:08","slug":"wafer-kelebek-vana","status":"publish","type":"product","link":"http:\/\/govalf.com\/tr\/product\/wafer-kelebek-vana\/","title":{"rendered":"Wafer Kelebek Vana"},"content":{"rendered":"<h1>Wafer Kelebek Vana<\/h1>\n<p><strong>Wafer Kelebek Vana<\/strong>, bir sistem i\u00e7erisindeki ak\u0131\u015fkanda \u00e7ift y\u00f6nl\u00fc bas\u0131n\u00e7 fark\u0131na kar\u015f\u0131 sistemi korumak i\u00e7in \u00fcretilmektedir. S\u0131zd\u0131rmazl\u0131k sa\u011flayan vana, sistem i\u00e7erisinde geri ak\u0131\u015f\u0131n meydana gelmesini engeller. Temel \u00e7al\u0131\u015fma prensibi dahilinde kullan\u0131l\u0131r. Geni\u015f bir kullan\u0131m alan\u0131na sahip oldu\u011fu i\u00e7in farkl\u0131 alanlarda bu t\u00fcr vanalar\u0131 g\u00f6zlemlemek olanakl\u0131d\u0131r.<\/p>\n<p>D\u00fcz flan\u015f y\u00fczeyleri bulunan vana, y\u00fczey \u00fczerine s\u0131k\u0131ca oturtulan bir conta ile performans g\u00f6sterir. Disk, conta i\u00e7ine yerle\u015ftirilir; bu sayede iki y\u00f6nl\u00fc bas\u0131n\u00e7 fark\u0131na kar\u015f\u0131 sistemde koruma sa\u011flan\u0131r. Yenilik\u00e7i \u00f6zellikleri ile dikkat \u00e7eken Wafer kelebek vana, uzun s\u00fcreli kullan\u0131m\u0131 m\u00fcmk\u00fcn k\u0131lan bir yap\u0131ya sahiptir.<\/p>\n<h2>Wafer Kelebek Vana Nedir, Ne \u0130\u015fe Yarar?<\/h2>\n<p>Bir\u00e7ok \u00f6zelli\u011fi ile dikkat \u00e7eken <strong>Wafer Kelebek Vana<\/strong>, tek milli bir tasar\u0131ma sahip kelebek vana t\u00fcrlerinden bir tanesidir. Kompakt boyutlar\u0131 sayesinde pratik bir kullan\u0131m\u0131 m\u00fcmk\u00fcn k\u0131lan bu t\u00fcr vanalar, ayn\u0131 zamanda sistemin efektif bir \u015fekilde korunmas\u0131n\u0131 sa\u011flar. Temel olarak bir sistem i\u00e7erisinde yer alan ak\u0131\u015fkanda olu\u015fabilecek \u00e7ift y\u00f6nl\u00fc bas\u0131n\u00e7 fark\u0131na kar\u015f\u0131 sistemi korumak i\u00e7in tasarlanm\u0131\u015ft\u0131r.<\/p>\n<p>Bu t\u00fcr vanalarda;<\/p>\n<ul>\n<li>Bas\u0131n\u00e7 kay\u0131plar\u0131 minimumdur.<\/li>\n<li>S\u0131zd\u0131rmazl\u0131k \u00f6zelli\u011fine sahiptir.<\/li>\n<li>Kolay a\u00e7\u0131p kapan\u0131r.<\/li>\n<li>Hafif tasar\u0131ma sahip oldu\u011fu i\u00e7in konforlu kullan\u0131m\u0131 m\u00fcmk\u00fcn k\u0131lar.<\/li>\n<li>Az yer kaplad\u0131\u011f\u0131 i\u00e7in yerden tasarrufu m\u00fcmk\u00fcn k\u0131lar.<\/li>\n<\/ul>\n<p>Sahip oldu\u011fu \u00f6zelliklerin her biri, titiz bir \u015fekilde tasarlanan bu t\u00fcr vanalar\u0131n yayg\u0131n bir \u015fekilde kullan\u0131lmas\u0131n\u0131 olanakl\u0131 hale getirir.<\/p>\n<h3>Wafer Kelebek Vana Nedir?<\/h3>\n<p>Kelebek vanalar\u0131n bir t\u00fcr\u00fc olan <strong>Wafer Kelebek Vana<\/strong>, ak\u0131\u015fkan ak\u0131\u015f\u0131 s\u0131ras\u0131nda s\u0131zd\u0131rmazl\u0131k sa\u011flar ve sistem i\u00e7erisinde bas\u0131n\u00e7 farklar\u0131ndan dolay\u0131 s\u0131zd\u0131rmalar olmas\u0131n\u0131 engeller. Sahip oldu\u011fu misyon \u00f6nemlidir, bu nedenle pek \u00e7ok alanda bu t\u00fcr vanalara ihtiya\u00e7 duyulur. Her bir \u00fcr\u00fcn \u00e7e\u015fitli disk malzemeleriyle donat\u0131ld\u0131\u011f\u0131 i\u00e7in kompakt bir \u00e7al\u0131\u015fma prensibine sahiptir.<\/p>\n<p>EN 593 standard\u0131nda tasarlanan \u00fcr\u00fcn, ayn\u0131 zamanda Wafer Tip ISO 7005-1 EN 1092-1 ba\u011flant\u0131 t\u00fcr\u00fcne sahiptir. S\u0131cak ve so\u011fuk su hatlar\u0131, su ar\u0131tma sistemleri, sanayi alanlar\u0131 olmak \u00fczere bir\u00e7ok alanda kullan\u0131ld\u0131klar\u0131 bilinmektedir.<\/p>\n<h3>Wafer Kelebek Vana Ne \u0130\u015fe Yarar?<\/h3>\n<p><b>S<\/b>\u0131zd\u0131rmazl\u0131k \u00f6zelli\u011fine sahip bir vana t\u00fcr\u00fcd\u00fcr. Sistem i\u00e7erisinde ak\u0131\u015f\u0131n d\u00fczenli bir \u015fekilde sa\u011flanmas\u0131na katk\u0131da bulunur. Ayr\u0131ca s\u0131zd\u0131rmazl\u0131k \u00f6zelli\u011fi ile sistem i\u00e7erisindeki ak\u0131\u015fta s\u0131zmalar\u0131n meydana gelmesini \u00f6nler. Wafer kelebek vanalar, genel hatlar\u0131yla \u015fu \u00f6zellikleri b\u00fcnyesinden bar\u0131nd\u0131ran bir vana olarak dikkat \u00e7eker:<\/p>\n<ul>\n<li>Montaj\u0131 pratik oldu\u011fu i\u00e7in vana tek tarafl\u0131 olarak \u00e7\u0131kar\u0131labilir. Bu sayede bak\u0131m\u0131 da zahmetsizce yap\u0131l\u0131r.<\/li>\n<li>Vana g\u00f6vdesinde i\u00e7 ve d\u0131\u015f k\u0131s\u0131mlarda elektrostatik f\u00fczyonla ba\u011flanan epoksi kullan\u0131lm\u0131\u015ft\u0131r.<\/li>\n<li>EPDM, NBR ve VITON conta se\u00e7eneklerine sahiptir. Bu sayede farkl\u0131 ak\u0131\u015fkan tiplerinde rahatl\u0131kla kullan\u0131ld\u0131\u011f\u0131 bilinmektedir.<\/li>\n<li>Vana g\u00f6vdesinin i\u00e7 k\u0131sm\u0131nda EPDM kau\u00e7uk bulunur.<\/li>\n<li>D\u00fc\u015f\u00fck i\u015fletme torkuna sahiptir. Bunun yan\u0131 s\u0131ra uzun servis \u00f6mr\u00fcn\u00fcn bulundu\u011funu s\u00f6ylemek olanakl\u0131d\u0131r.<\/li>\n<li>Sistemi iki y\u00f6nl\u00fc bas\u0131n\u00e7 fark\u0131na g\u00f6re efektif bir \u015fekilde korur.<\/li>\n<\/ul>\n<p>\u00dcr\u00fcn\u00fcn sahip oldu\u011fu \u00f6zellikler, bir\u00e7ok alanda bu t\u00fcr vanalar\u0131n tercih edilmesini sa\u011flar. Ayr\u0131ca dayan\u0131kl\u0131 yap\u0131s\u0131 ile Wafer kelebek vana, uzun s\u00fcreli kullan\u0131ma sahiptir.<\/p>\n<h3>Wafer Kelebek Vana Nerelerde Kullan\u0131l\u0131r?<\/h3>\n<p><b>Y<\/b>enilik\u00e7i bir \u00f6zelli\u011fe sahip oldu\u011fu i\u00e7in farkl\u0131 alanlarda ve ak\u0131\u015fkan seviyelerinde kullan\u0131labilir. Bu t\u00fcr vanalar\u0131n s\u0131kl\u0131kla kullan\u0131ld\u0131\u011f\u0131 alanlardan baz\u0131lar\u0131 a\u015fa\u011f\u0131daki gibi s\u0131ralanabilir:<\/p>\n<ul>\n<li>Su ar\u0131tma tesisleri<\/li>\n<li>S\u0131cak ve so\u011fuk su hatlar\u0131<\/li>\n<li>So\u011futma suyu boru hatlar\u0131<\/li>\n<li>Deniz suyu uygulamalar\u0131<\/li>\n<li>Boru hatlar\u0131<\/li>\n<li>Ar\u0131tma tesisleri<\/li>\n<li>G\u0131da ve k\u00e2\u011f\u0131t sanayileri<\/li>\n<\/ul>\n<p>Geni\u015f kullan\u0131m alan\u0131yla dikkatleri \u00fczerine \u00e7eken Wafer kelebek vana, yenilik\u00e7i \u00f6zellikleri ile y\u00fcksek performans\u0131 m\u00fcmk\u00fcn k\u0131lar. Bunun yan\u0131 s\u0131ra uzun s\u00fcreli bir \u015fekilde kullan\u0131labilecek \u015fekilde tasarlanmaktad\u0131r.<\/p>\n<p>&nbsp;<\/p>\n<table width=\"416\">\n<tbody>\n<tr>\n<td colspan=\"2\">\u00dcRET\u0130M STANDARTLARI<\/td>\n<\/tr>\n<tr>\n<td colspan=\"2\">DN40 \u2192 DN600<br \/>\nPN 6-10 -16 CLASS 150<\/td>\n<\/tr>\n<tr>\n<td width=\"152\">Tasar\u0131m<\/td>\n<td width=\"248\">EN 593<\/td>\n<\/tr>\n<tr>\n<td>Ba\u011flant\u0131<\/td>\n<td>Wafer Tip ISO 7005-1 EN 1092-1<\/td>\n<\/tr>\n<tr>\n<td>Al\u0131ndan Al\u0131na Boyutlar<\/td>\n<td>EN 558 Seri 20<\/td>\n<\/tr>\n<tr>\n<td>Markalama<\/td>\n<td>EN 19<\/td>\n<\/tr>\n<tr>\n<td>Testler<\/td>\n<td>EN 12266-1<\/td>\n<\/tr>\n<tr>\n<td>Boya<\/td>\n<td>Elektrostatik Toz Boya<br \/>\nDN350 ve \u00fczeri End\u00fcstriyel Ya\u015f Epoksi<\/td>\n<\/tr>\n<\/tbody>\n<\/table>\n<p><strong>\u00d6ZELL\u0130KLER<\/strong><\/p>\n<ul>\n<li>\u00c7e\u015fitli disk malzemeleri ile donat\u0131lm\u0131\u015f ve EPDM, NBR ve VITON conta se\u00e7enekleri ile \u00e7e\u015fitli ak\u0131\u015fkan tiplerinde ve farkl\u0131 uygulamalarda kullan\u0131labilir. DN350 ve \u00fczeri kelebek vanalarda; Vana g\u00f6vdesinin i\u00e7i EPDM(Elastomer) kau\u00e7uk ile vulkanize kapl\u0131d\u0131r.<\/li>\n<li>Di\u011fer vana tipleriyle kar\u015f\u0131la\u015ft\u0131r\u0131ld\u0131\u011f\u0131nda, kompakt boyutlar\u0131 ile hafif, kolay kurulum ve maliyet avantajlar\u0131 sunar.<\/li>\n<li>Klape dizayn\u0131 minimum basin\u00e7 yaratacak \u015fekilde ve \u00e7ift milli olarak tasarlanm\u0131\u015ft\u0131r.<\/li>\n<li>DN350 ve \u00fczeri tek milli tasar\u0131ma sahiptir.<\/li>\n<li>Vana g\u00f6vdesinin i\u00e7 ve d\u0131\u015f y\u00fczeyleri elektrostatik f\u00fczyonla ba\u011flanm\u0131\u015f epoksi (FBE) \/ f\u0131r\u0131nlanm\u0131\u015f toz epoksi kaplama ile kaplanm\u0131\u015ft\u0131r. Zorlu ko\u015fullarda sorunsuz \u00e7al\u0131\u015fma ve daha uzun \u00f6m\u00fcr sa\u011flar. DN350 ve \u00fczeri end\u00fcstriyel ya\u015f epoksidir.<\/li>\n<li>Daha y\u00fcksek kaplama kal\u0131nl\u0131klar\u0131 istek \u00fczerine uygulanabilir<\/li>\n<li>DN 350 \u00e7ap ve \u00fczeri standart di\u015fli kutusu ile birlikte , DN 300 \u00e7ap ve alt\u0131 ise opsinel olarak di\u015fli kutulu teslim edildi\u011fi i\u00e7in, manuel kol ile birlikte verilir.<\/li>\n<li>Elektrikli veya Pn\u00f6matik akt\u00fcat\u00f6rler do\u011frudan vana \u00fcst flan\u015f\u0131na (ISO 5211) uygundur. \u0130lave ara par\u00e7alara gerek yoktur.<\/li>\n<li>PN6-10-16 ve Class 150 flan\u015f normlar\u0131nda montaj problemi ya\u015fanmaz.<\/li>\n<li>Bak\u0131m\u0131 son derece kolayd\u0131r.<\/li>\n<li>D\u00f6rt adet flan\u015f montaj yar\u0131-kula\u011f\u0131, montaj s\u0131ras\u0131nda do\u011fru vana konumunu sa\u011flar<\/li>\n<li>Valf g\u00f6vdesi ve diski y\u00fcksek hassasitte i\u015flenir, bu da d\u00fc\u015f\u00fck i\u015fletme torkuna ve uzun servis \u00f6mr\u00fcne neden olur.<\/li>\n<\/ul>\n<p><strong>UYGULAMA ALANLARI<\/strong><\/p>\n<ul>\n<li>S\u0131cak ve so\u011fuk su hatlar\u0131.<\/li>\n<li>Boru hatlar\u0131<\/li>\n<li>Su ar\u0131tma tesisleri y Pompa istasyonlar\u0131 y Tanklar<\/li>\n<li>Deniz suyu uygulamalar\u0131<\/li>\n<li>Enerji santralleri (so\u011futma suyu boru hatlar\u0131)<\/li>\n<li>Sanayi<\/li>\n<\/ul>\n<p><strong>SICAKLIK<\/strong><\/p>\n<ul>\n<li>+120 \u00b0C (EPDM)<\/li>\n<li>+100 \u00b0C (NBR)<\/li>\n<li>+180 \u00b0C (VITON)<\/li>\n<\/ul>\n<p>&nbsp;<\/p>\n<p><a href=\"https:\/\/govalf.com\/iletisim\/\">\u0130leti\u015fim<\/a><\/p>\n","protected":false},"excerpt":{"rendered":"<p>Wafer Kelebek Vana Wafer Kelebek Vana, bir sistem i\u00e7erisindeki ak\u0131\u015fkanda \u00e7ift y\u00f6nl\u00fc bas\u0131n\u00e7 fark\u0131na kar\u015f\u0131 sistemi korumak i\u00e7in \u00fcretilmektedir. S\u0131zd\u0131rmazl\u0131k sa\u011flayan vana, sistem i\u00e7erisinde geri ak\u0131\u015f\u0131n meydana gelmesini engeller. Temel \u00e7al\u0131\u015fma prensibi dahilinde kullan\u0131l\u0131r. Geni\u015f bir kullan\u0131m alan\u0131na sahip oldu\u011fu i\u00e7in farkl\u0131 alanlarda bu t\u00fcr vanalar\u0131 g\u00f6zlemlemek olanakl\u0131d\u0131r. D\u00fcz flan\u015f y\u00fczeyleri bulunan vana, y\u00fczey \u00fczerine [&hellip;]<\/p>\n","protected":false},"featured_media":3622,"comment_status":"closed","ping_status":"closed","template":"","meta":{"_acf_changed":false},"product_brand":[],"product_cat":[66],"product_tag":[],"class_list":{"0":"post-2717","1":"product","2":"type-product","3":"status-publish","4":"has-post-thumbnail","6":"product_cat-vana","8":"first","9":"instock","10":"shipping-taxable","11":"purchasable","12":"product-type-simple"},"acf":[],"yoast_head":"<!-- This site is optimized with the Yoast SEO plugin v27.4 - https:\/\/yoast.com\/product\/yoast-seo-wordpress\/ -->\n<title>Wafer Kelebek Vana - Go Valf Vana ve Pompa Sistemleri<\/title>\n<meta name=\"description\" content=\"Wafer Kelebek Vana, bir sistem i\u00e7erisindeki ak\u0131\u015fkanda \u00e7ift y\u00f6nl\u00fc bas\u0131n\u00e7 fark\u0131na kar\u015f\u0131 sistemi korumak i\u00e7in \u00fcretilmektedir.\" \/>\n<meta name=\"robots\" content=\"index, follow, max-snippet:-1, max-image-preview:large, max-video-preview:-1\" \/>\n<link rel=\"canonical\" href=\"https:\/\/govalf.com\/tr\/product\/wafer-kelebek-vana\/\" \/>\n<meta property=\"og:locale\" content=\"tr_TR\" \/>\n<meta property=\"og:type\" content=\"article\" \/>\n<meta property=\"og:title\" content=\"Wafer Kelebek Vana - Go Valf Vana ve Pompa Sistemleri\" \/>\n<meta property=\"og:description\" content=\"Wafer Kelebek Vana, bir sistem i\u00e7erisindeki ak\u0131\u015fkanda \u00e7ift y\u00f6nl\u00fc bas\u0131n\u00e7 fark\u0131na kar\u015f\u0131 sistemi korumak i\u00e7in \u00fcretilmektedir.\" \/>\n<meta property=\"og:url\" content=\"https:\/\/govalf.com\/tr\/product\/wafer-kelebek-vana\/\" \/>\n<meta property=\"og:site_name\" content=\"Go Valf Vana ve Pompa Sistemleri\" \/>\n<meta property=\"article:modified_time\" content=\"2022-05-29T17:53:08+00:00\" \/>\n<meta property=\"og:image\" content=\"https:\/\/govalf.com\/wp-content\/uploads\/2022\/02\/WAFER-KELEBEK-VANA-1024x1024.png\" \/>\n\t<meta property=\"og:image:width\" content=\"1024\" \/>\n\t<meta property=\"og:image:height\" content=\"1024\" \/>\n\t<meta property=\"og:image:type\" content=\"image\/png\" \/>\n<meta name=\"twitter:card\" content=\"summary_large_image\" \/>\n<meta name=\"twitter:label1\" content=\"Tahmini okuma s\u00fcresi\" \/>\n\t<meta name=\"twitter:data1\" content=\"5 dakika\" \/>\n<script type=\"application\/ld+json\" class=\"yoast-schema-graph\">{\"@context\":\"https:\\\/\\\/schema.org\",\"@graph\":[{\"@type\":\"WebPage\",\"@id\":\"https:\\\/\\\/govalf.com\\\/tr\\\/product\\\/wafer-kelebek-vana\\\/\",\"url\":\"https:\\\/\\\/govalf.com\\\/tr\\\/product\\\/wafer-kelebek-vana\\\/\",\"name\":\"Wafer Kelebek Vana - Go Valf Vana ve Pompa Sistemleri\",\"isPartOf\":{\"@id\":\"http:\\\/\\\/govalf.com\\\/ru\\\/#website\"},\"primaryImageOfPage\":{\"@id\":\"https:\\\/\\\/govalf.com\\\/tr\\\/product\\\/wafer-kelebek-vana\\\/#primaryimage\"},\"image\":{\"@id\":\"https:\\\/\\\/govalf.com\\\/tr\\\/product\\\/wafer-kelebek-vana\\\/#primaryimage\"},\"thumbnailUrl\":\"http:\\\/\\\/govalf.com\\\/wp-content\\\/uploads\\\/2022\\\/02\\\/WAFER-KELEBEK-VANA.png\",\"datePublished\":\"2022-02-17T18:19:40+00:00\",\"dateModified\":\"2022-05-29T17:53:08+00:00\",\"description\":\"Wafer Kelebek Vana, bir sistem i\u00e7erisindeki ak\u0131\u015fkanda \u00e7ift y\u00f6nl\u00fc bas\u0131n\u00e7 fark\u0131na kar\u015f\u0131 sistemi korumak i\u00e7in \u00fcretilmektedir.\",\"breadcrumb\":{\"@id\":\"https:\\\/\\\/govalf.com\\\/tr\\\/product\\\/wafer-kelebek-vana\\\/#breadcrumb\"},\"inLanguage\":\"tr\",\"potentialAction\":[{\"@type\":\"ReadAction\",\"target\":[\"https:\\\/\\\/govalf.com\\\/tr\\\/product\\\/wafer-kelebek-vana\\\/\"]}]},{\"@type\":\"ImageObject\",\"inLanguage\":\"tr\",\"@id\":\"https:\\\/\\\/govalf.com\\\/tr\\\/product\\\/wafer-kelebek-vana\\\/#primaryimage\",\"url\":\"http:\\\/\\\/govalf.com\\\/wp-content\\\/uploads\\\/2022\\\/02\\\/WAFER-KELEBEK-VANA.png\",\"contentUrl\":\"http:\\\/\\\/govalf.com\\\/wp-content\\\/uploads\\\/2022\\\/02\\\/WAFER-KELEBEK-VANA.png\",\"width\":5000,\"height\":5000,\"caption\":\"Wafer Kelebek Vana\"},{\"@type\":\"BreadcrumbList\",\"@id\":\"https:\\\/\\\/govalf.com\\\/tr\\\/product\\\/wafer-kelebek-vana\\\/#breadcrumb\",\"itemListElement\":[{\"@type\":\"ListItem\",\"position\":1,\"name\":\"Anasayfa\",\"item\":\"https:\\\/\\\/govalf.com\\\/tr\\\/\"},{\"@type\":\"ListItem\",\"position\":2,\"name\":\"Products\",\"item\":\"http:\\\/\\\/govalf.com\\\/ru\\\/%d0%bf%d1%80%d0%be%d0%b4%d1%83%d0%ba%d1%82%d1%8b\\\/\"},{\"@type\":\"ListItem\",\"position\":3,\"name\":\"Wafer Kelebek Vana\"}]},{\"@type\":\"WebSite\",\"@id\":\"http:\\\/\\\/govalf.com\\\/ru\\\/#website\",\"url\":\"http:\\\/\\\/govalf.com\\\/ru\\\/\",\"name\":\"Go Valf Vana ve Pompa Sistemleri\",\"description\":\"Yang\u0131n S\u00f6nd\u00fcrme Sistemleri ve Ekipmanlar\u0131\",\"publisher\":{\"@id\":\"http:\\\/\\\/govalf.com\\\/ru\\\/#organization\"},\"potentialAction\":[{\"@type\":\"SearchAction\",\"target\":{\"@type\":\"EntryPoint\",\"urlTemplate\":\"http:\\\/\\\/govalf.com\\\/ru\\\/?s={search_term_string}\"},\"query-input\":{\"@type\":\"PropertyValueSpecification\",\"valueRequired\":true,\"valueName\":\"search_term_string\"}}],\"inLanguage\":\"tr\"},{\"@type\":\"Organization\",\"@id\":\"http:\\\/\\\/govalf.com\\\/ru\\\/#organization\",\"name\":\"Go Valf\",\"url\":\"http:\\\/\\\/govalf.com\\\/ru\\\/\",\"logo\":{\"@type\":\"ImageObject\",\"inLanguage\":\"tr\",\"@id\":\"http:\\\/\\\/govalf.com\\\/ru\\\/#\\\/schema\\\/logo\\\/image\\\/\",\"url\":\"https:\\\/\\\/govalf.com\\\/wp-content\\\/uploads\\\/2022\\\/02\\\/go-valf-logo.png\",\"contentUrl\":\"https:\\\/\\\/govalf.com\\\/wp-content\\\/uploads\\\/2022\\\/02\\\/go-valf-logo.png\",\"width\":504,\"height\":120,\"caption\":\"Go Valf\"},\"image\":{\"@id\":\"http:\\\/\\\/govalf.com\\\/ru\\\/#\\\/schema\\\/logo\\\/image\\\/\"}}]}<\/script>\n<!-- \/ Yoast SEO plugin. -->","yoast_head_json":{"title":"Wafer Kelebek Vana - Go Valf Vana ve Pompa Sistemleri","description":"Wafer Kelebek Vana, bir sistem i\u00e7erisindeki ak\u0131\u015fkanda \u00e7ift y\u00f6nl\u00fc bas\u0131n\u00e7 fark\u0131na kar\u015f\u0131 sistemi korumak i\u00e7in \u00fcretilmektedir.","robots":{"index":"index","follow":"follow","max-snippet":"max-snippet:-1","max-image-preview":"max-image-preview:large","max-video-preview":"max-video-preview:-1"},"canonical":"https:\/\/govalf.com\/tr\/product\/wafer-kelebek-vana\/","og_locale":"tr_TR","og_type":"article","og_title":"Wafer Kelebek Vana - Go Valf Vana ve Pompa Sistemleri","og_description":"Wafer Kelebek Vana, bir sistem i\u00e7erisindeki ak\u0131\u015fkanda \u00e7ift y\u00f6nl\u00fc bas\u0131n\u00e7 fark\u0131na kar\u015f\u0131 sistemi korumak i\u00e7in \u00fcretilmektedir.","og_url":"https:\/\/govalf.com\/tr\/product\/wafer-kelebek-vana\/","og_site_name":"Go Valf Vana ve Pompa Sistemleri","article_modified_time":"2022-05-29T17:53:08+00:00","og_image":[{"width":1024,"height":1024,"url":"https:\/\/govalf.com\/wp-content\/uploads\/2022\/02\/WAFER-KELEBEK-VANA-1024x1024.png","type":"image\/png"}],"twitter_card":"summary_large_image","twitter_misc":{"Tahmini okuma s\u00fcresi":"5 dakika"},"schema":{"@context":"https:\/\/schema.org","@graph":[{"@type":"WebPage","@id":"https:\/\/govalf.com\/tr\/product\/wafer-kelebek-vana\/","url":"https:\/\/govalf.com\/tr\/product\/wafer-kelebek-vana\/","name":"Wafer Kelebek Vana - Go Valf Vana ve Pompa Sistemleri","isPartOf":{"@id":"http:\/\/govalf.com\/ru\/#website"},"primaryImageOfPage":{"@id":"https:\/\/govalf.com\/tr\/product\/wafer-kelebek-vana\/#primaryimage"},"image":{"@id":"https:\/\/govalf.com\/tr\/product\/wafer-kelebek-vana\/#primaryimage"},"thumbnailUrl":"http:\/\/govalf.com\/wp-content\/uploads\/2022\/02\/WAFER-KELEBEK-VANA.png","datePublished":"2022-02-17T18:19:40+00:00","dateModified":"2022-05-29T17:53:08+00:00","description":"Wafer Kelebek Vana, bir sistem i\u00e7erisindeki ak\u0131\u015fkanda \u00e7ift y\u00f6nl\u00fc bas\u0131n\u00e7 fark\u0131na kar\u015f\u0131 sistemi korumak i\u00e7in \u00fcretilmektedir.","breadcrumb":{"@id":"https:\/\/govalf.com\/tr\/product\/wafer-kelebek-vana\/#breadcrumb"},"inLanguage":"tr","potentialAction":[{"@type":"ReadAction","target":["https:\/\/govalf.com\/tr\/product\/wafer-kelebek-vana\/"]}]},{"@type":"ImageObject","inLanguage":"tr","@id":"https:\/\/govalf.com\/tr\/product\/wafer-kelebek-vana\/#primaryimage","url":"http:\/\/govalf.com\/wp-content\/uploads\/2022\/02\/WAFER-KELEBEK-VANA.png","contentUrl":"http:\/\/govalf.com\/wp-content\/uploads\/2022\/02\/WAFER-KELEBEK-VANA.png","width":5000,"height":5000,"caption":"Wafer Kelebek Vana"},{"@type":"BreadcrumbList","@id":"https:\/\/govalf.com\/tr\/product\/wafer-kelebek-vana\/#breadcrumb","itemListElement":[{"@type":"ListItem","position":1,"name":"Anasayfa","item":"https:\/\/govalf.com\/tr\/"},{"@type":"ListItem","position":2,"name":"Products","item":"http:\/\/govalf.com\/ru\/%d0%bf%d1%80%d0%be%d0%b4%d1%83%d0%ba%d1%82%d1%8b\/"},{"@type":"ListItem","position":3,"name":"Wafer Kelebek Vana"}]},{"@type":"WebSite","@id":"http:\/\/govalf.com\/ru\/#website","url":"http:\/\/govalf.com\/ru\/","name":"Go Valf Vana ve Pompa Sistemleri","description":"Yang\u0131n S\u00f6nd\u00fcrme Sistemleri ve Ekipmanlar\u0131","publisher":{"@id":"http:\/\/govalf.com\/ru\/#organization"},"potentialAction":[{"@type":"SearchAction","target":{"@type":"EntryPoint","urlTemplate":"http:\/\/govalf.com\/ru\/?s={search_term_string}"},"query-input":{"@type":"PropertyValueSpecification","valueRequired":true,"valueName":"search_term_string"}}],"inLanguage":"tr"},{"@type":"Organization","@id":"http:\/\/govalf.com\/ru\/#organization","name":"Go Valf","url":"http:\/\/govalf.com\/ru\/","logo":{"@type":"ImageObject","inLanguage":"tr","@id":"http:\/\/govalf.com\/ru\/#\/schema\/logo\/image\/","url":"https:\/\/govalf.com\/wp-content\/uploads\/2022\/02\/go-valf-logo.png","contentUrl":"https:\/\/govalf.com\/wp-content\/uploads\/2022\/02\/go-valf-logo.png","width":504,"height":120,"caption":"Go Valf"},"image":{"@id":"http:\/\/govalf.com\/ru\/#\/schema\/logo\/image\/"}}]}},"_links":{"self":[{"href":"http:\/\/govalf.com\/tr\/wp-json\/wp\/v2\/product\/2717","targetHints":{"allow":["GET"]}}],"collection":[{"href":"http:\/\/govalf.com\/tr\/wp-json\/wp\/v2\/product"}],"about":[{"href":"http:\/\/govalf.com\/tr\/wp-json\/wp\/v2\/types\/product"}],"replies":[{"embeddable":true,"href":"http:\/\/govalf.com\/tr\/wp-json\/wp\/v2\/comments?post=2717"}],"wp:featuredmedia":[{"embeddable":true,"href":"http:\/\/govalf.com\/tr\/wp-json\/wp\/v2\/media\/3622"}],"wp:attachment":[{"href":"http:\/\/govalf.com\/tr\/wp-json\/wp\/v2\/media?parent=2717"}],"wp:term":[{"taxonomy":"product_brand","embeddable":true,"href":"http:\/\/govalf.com\/tr\/wp-json\/wp\/v2\/product_brand?post=2717"},{"taxonomy":"product_cat","embeddable":true,"href":"http:\/\/govalf.com\/tr\/wp-json\/wp\/v2\/product_cat?post=2717"},{"taxonomy":"product_tag","embeddable":true,"href":"http:\/\/govalf.com\/tr\/wp-json\/wp\/v2\/product_tag?post=2717"}],"curies":[{"name":"wp","href":"https:\/\/api.w.org\/{rel}","templated":true}]}}