{"id":2729,"date":"2022-02-17T18:24:09","date_gmt":"2022-02-17T18:24:09","guid":{"rendered":"https:\/\/govalf.com\/?post_type=product&#038;p=2729"},"modified":"2022-06-02T19:47:50","modified_gmt":"2022-06-02T19:47:50","slug":"surgulu-vana-yukselen-milli","status":"publish","type":"product","link":"http:\/\/govalf.com\/tr\/product\/surgulu-vana-yukselen-milli\/","title":{"rendered":"S\u00fcrg\u00fcl\u00fc Vana Y\u00fckselen Milli"},"content":{"rendered":"<h1><strong>S\u00fcrg\u00fcl\u00fc Vana Y\u00fckselen Milli <\/strong><\/h1>\n<p><strong>S\u00fcrg\u00fcl\u00fc vana y\u00fckselen milli<\/strong>, yang\u0131n tesisatlar\u0131nda zonlar\u0131 birbirinden ay\u0131rarak ak\u0131\u015f\u0131 kontrol etme ya da kesme \u00f6zelli\u011fini g\u00f6steren vanad\u0131r. Klasik kelebek tipi vanalarla ayn\u0131 g\u00f6revi yerine getiren y\u00fckselen milli s\u00fcrg\u00fcl\u00fc vanalar, izleme anahtar\u0131yla elektriksel olarak takip edilebilme \u00f6zelli\u011fine de sahip olabilir. Y\u00fckselen milli s\u00fcrg\u00fcl\u00fc vana tam a\u00e7\u0131k konumdayken tesisat i\u00e7erisindeki suyun ak\u0131\u015f\u0131na, ak\u0131\u015f h\u0131z\u0131na ve y\u00f6n\u00fcne bir etkide bulunmaz. Yivli, di\u015fli ya da flan\u015fl\u0131 ba\u011flant\u0131lar i\u00e7in uygunluk ta\u015f\u0131r. So\u011fuk ve s\u0131cak su tesisatlar\u0131nda da kullan\u0131l\u0131yor olmakla birlikte y\u00fckselen milli s\u00fcrg\u00fcl\u00fc vanalar daha yayg\u0131n olarak yang\u0131n tesisatlar\u0131nda tercih edilir.<\/p>\n<h2><strong>S\u00fcrg\u00fcl\u00fc Vana Y\u00fckselen Milli Nedir, Ne \u0130\u015fe Yarar?<\/strong><\/h2>\n<p><b>S<\/b>istem i\u00e7erisindeki s\u0131v\u0131 ak\u0131\u015f\u0131n\u0131n istikrarl\u0131 bi\u00e7imde sa\u011flanmas\u0131 ya da kesilmesi kapsam\u0131nda olduk\u00e7a kritik bir yere sahiptir. \u00d6zellikle yang\u0131n tesisatlar\u0131nda s\u0131v\u0131n\u0131n takip edilebilmesini sa\u011flayan bu vanalar, olas\u0131 yang\u0131n durumlar\u0131nda vanan\u0131n kapal\u0131 olmas\u0131ndan kaynaklanabilecek tahribatlar\u0131n \u00f6nlenmesini sa\u011flamaktad\u0131r.<\/p>\n<p>Y\u00fckselen milli s\u00fcrg\u00fcl\u00fc vanalar, d\u00fc\u015f\u00fck \u00e7al\u0131\u015fma torkuna sahiptir. Bu \u00f6zeli\u011fiyle daha uzun s\u00fcre kolayl\u0131kla kullan\u0131labilir. -21 ile +110 derece s\u0131cakl\u0131k de\u011ferleri aras\u0131nda kullan\u0131m i\u00e7in uygundur. FM onay sertifikas\u0131na sahiptir ve performans olarak uluslararas\u0131 testlerden ba\u015far\u0131yla ge\u00e7mi\u015ftir. Y\u00fckselen milli s\u00fcrg\u00fcl\u00fc vanan\u0131n kelebek vanalardan farkl\u0131 olarak en temel avantaj\u0131 daha d\u00fc\u015f\u00fck oranda bas\u0131n\u00e7 kayb\u0131 sa\u011fl\u0131yor olmas\u0131d\u0131r.<\/p>\n<h3><strong>Nedir?<\/strong><\/h3>\n<p><b>E<\/b>n genel tan\u0131m\u0131yla y\u00f6resel kontrol vanas\u0131d\u0131r. S\u0131v\u0131 ak\u0131\u015f\u0131n\u0131n kontrol\u00fcn\u00fc sa\u011flayan y\u00fckselen milli s\u00fcrg\u00fcl\u00fc vana ayn\u0131 zamanda su besleme hatlar\u0131nda kesme vanas\u0131 olarak kullan\u0131ma uygundur. Kelebek vanalardan farkl\u0131 olarak daha az hidrolik kay\u0131p olu\u015fturmaktad\u0131r. Vanan\u0131n g\u00f6vdesi ve \u00fcst kapa\u011f\u0131 stefo d\u00f6k\u00fcmden imal edilmi\u015ftir.<\/p>\n<p>%100 s\u0131zd\u0131rmazl\u0131k \u00f6zeli\u011fine sahip olan y\u00fckselen milli s\u00fcrg\u00fcl\u00fc vana, \u00f6zel bir \u00e7al\u0131\u015fma prensibine sahiptir. S\u0131v\u0131 ak\u0131\u015f\u0131n\u0131n g\u00f6zle takip edilebilmesini sa\u011flayan s\u00fcrg\u00fcl\u00fc vanalar\u0131n mil hareketi vanan\u0131n a\u00e7\u0131k konumda oldu\u011funu g\u00f6sterir. Ayn\u0131 zamanda izleme anahtar\u0131 monte edilerek elektriksel olarak sistem i\u00e7erisindeki s\u0131v\u0131 hareketinin izlenmesi de m\u00fcmk\u00fcnd\u00fcr.<\/p>\n<h3><strong>Ne \u0130\u015fe Yarar?<\/strong><\/h3>\n<p><b>Y<\/b>ang\u0131n tesisatlar\u0131n\u0131n amac\u0131na uygun bi\u00e7imde \u00e7al\u0131\u015f\u0131p \u00e7al\u0131\u015fmad\u0131\u011f\u0131n\u0131 denetleme i\u015flevine sahiptir. Kelebek vanalarla benzeri bir i\u015flevi yerine getiriyor olmakla birlikte y\u00fckselen milli s\u00fcrg\u00fcl\u00fc vanalar, kesme vanas\u0131d\u0131r. Dolay\u0131s\u0131yla s\u0131v\u0131 ak\u0131\u015f\u0131n\u0131 engelleme i\u015flevine de sahiptir. Ayn\u0131 zamanda izleme anahtar\u0131 yard\u0131m\u0131yla sistemin \u00e7al\u0131\u015f\u0131p \u00e7al\u0131\u015fmad\u0131\u011f\u0131n\u0131 elektriksel olarak denetleme olana\u011f\u0131 da sunar.<\/p>\n<p>Y\u00fckselen milli s\u00fcrg\u00fcl\u00fc vanalar\u0131n en temel i\u015flevi, yang\u0131n s\u00f6nd\u00fcrme sistemi i\u00e7erisinde olu\u015fabilecek tahribat\u0131 \u00f6nlemek \u00fczerinedir. S\u0131v\u0131 ak\u0131\u015f\u0131n\u0131n farkl\u0131 nedenlerden kaynaklanarak engellenmesi durumlar\u0131n\u0131 \u00f6nlemek \u00fczere y\u00fckselen milli s\u00fcrg\u00fcl\u00fc vana ile kontrol ger\u00e7ekle\u015ftirilebilir. G\u00fcn\u00fcm\u00fczde end\u00fcstriyel alan da dahil olmak \u00fczere olduk\u00e7a geni\u015f yelpazeli bir kullan\u0131m alan\u0131na sahiptir.<\/p>\n<h3><strong>Nerelerde Kullan\u0131l\u0131r?<\/strong><\/h3>\n<p><b>K<\/b>esme ve s\u0131v\u0131 takibi yapabilme \u00f6zellikleri nedeniyle olduk\u00e7a geni\u015f yelpazeli bir kullan\u0131m alan\u0131na sahiptir. Bununla birlikte \u00f6zellikle yang\u0131n s\u00f6nd\u00fcrme sistemlerinde hayati bir rol oynar. Yang\u0131n s\u00f6nd\u00fcrme sistemlerinde, sistemin do\u011fru \u015fekilde \u00e7al\u0131\u015f\u0131p \u00e7al\u0131\u015fmad\u0131\u011f\u0131n\u0131 denetleme imkan\u0131 sunan y\u00fckselen milli s\u00fcrg\u00fcl\u00fc vanalar, so\u011fuk ve s\u0131cak su hatlar\u0131nda da yayg\u0131n olarak kullan\u0131lmaktad\u0131r.<\/p>\n<p>Y\u00fckselen milli s\u00fcrg\u00fcl\u00fc vanalar\u0131n kullan\u0131m alanlar\u0131 genel hatlar\u0131yla \u015fu \u015fekilde ifade edilebilir:<\/p>\n<ul>\n<li>Yang\u0131n s\u00f6nd\u00fcrme sprnikler sistemlerinde,<\/li>\n<li>So\u011fuk su tesisatlar\u0131nda,<\/li>\n<li>S\u0131cak su tesisatlar\u0131nda,<\/li>\n<li>Enerji santrali uygulamalar\u0131nda,<\/li>\n<li>End\u00fcstriyel alanda<\/li>\n<\/ul>\n<p>FM onayl\u0131 olan y\u00fckselen milli s\u00fcrg\u00fcl\u00fc vana, flan\u015fl\u0131 ba\u011flant\u0131lar i\u00e7in uygundur. Uzun s\u00fcreli sorunsuz ve verimli bir kullan\u0131m i\u00e7in \u00f6zel olarak \u00fcretilmi\u015ftir.<\/p>\n<p><a href=\"https:\/\/govalf.com\/iletisim\/\">\u0130leti\u015fim<\/a><\/p>\n<p>&nbsp;<\/p>\n<table width=\"416\">\n<tbody>\n<tr>\n<td colspan=\"2\">\u00dcRET\u0130M STANDARTLARI<\/td>\n<\/tr>\n<tr>\n<td colspan=\"2\">DN65 \u2192 DN300<br \/>\n300PSI -20 Bar<\/td>\n<\/tr>\n<tr>\n<td width=\"152\">Tasar\u0131m<\/td>\n<td width=\"248\">AWWA C515<\/td>\n<\/tr>\n<tr>\n<td>Ba\u011flant\u0131<\/td>\n<td>ASME\/ANSI B16.1 Class 150 Flan\u015fl\u0131<\/td>\n<\/tr>\n<tr>\n<td>Al\u0131ndan Al\u0131na Boyutlar<\/td>\n<td>ASME B16.10<\/td>\n<\/tr>\n<tr>\n<td>Testler<\/td>\n<td>EN 12266-1<\/td>\n<\/tr>\n<tr>\n<td>Markalama<\/td>\n<td>EN 19<\/td>\n<\/tr>\n<tr>\n<td>Bas\u0131n\u00e7 s\u0131n\u0131f\u0131<\/td>\n<td>EN 12266-1<\/td>\n<\/tr>\n<tr>\n<td>Boya<\/td>\n<td>Electrostatik Toz Boya<\/td>\n<\/tr>\n<\/tbody>\n<\/table>\n<p><strong>\u00d6ZELL\u0130KLER\u0130<\/strong><\/p>\n<ul>\n<li>Yang\u0131n koruma vanas\u0131n\u0131n konumu, volan\u0131n mili sayesinde izlenebilir. Bu, olas\u0131 bir yang\u0131n s\u0131ras\u0131nda vanan\u0131n kapal\u0131 bir konumda neden olabilece\u011fi hasar\u0131 \u00f6nler.<\/li>\n<li>Kelebek vanalara g\u00f6re daha d\u00fc\u015f\u00fck bir bas\u0131n\u00e7 kayb\u0131 sa\u011flar.<\/li>\n<li>Toz boya kapl\u0131 ak\u0131\u015f y\u00fczeyi ile tamamen temas eden EPDM kapl\u0131 kama % 100 s\u0131k\u0131 s\u0131zd\u0131rmazl\u0131k sa\u011flar.<\/li>\n<li>Mil yata\u011f\u0131 ve \u015faft somunlar\u0131n\u0131n \u00fcst k\u0131sm\u0131 MS58 pirin\u00e7ten yap\u0131lm\u0131\u015ft\u0131r.<\/li>\n<li>\u0130\u00e7 ve d\u0131\u015f y\u00fczeyler minimum 250 mikron elektrostatik toz boya ile kaplanm\u0131\u015ft\u0131r.<\/li>\n<li>Flan\u015fl\u0131 ba\u011flant\u0131l\u0131d\u0131r.<\/li>\n<li>FM onay sertifikal\u0131d\u0131r.<\/li>\n<li>Sfero d\u00f6k\u00fcm g\u00f6vde ve \u00fcst kapak.<\/li>\n<li>Daha y\u00fcksek kullan\u0131m \u00f6mr\u00fc i\u00e7in tasarlanm\u0131\u015f daha d\u00fc\u015f\u00fck \u00e7al\u0131\u015fma torku.<\/li>\n<\/ul>\n<p><strong>UYGULAMA ALANLARI<\/strong><\/p>\n<ul>\n<li>S\u0131cak su hatlar\u0131<\/li>\n<li>So\u011fuk su hatlar\u0131<\/li>\n<li>Yang\u0131n uygulamalar\u0131<\/li>\n<li>Enerji santralleri<\/li>\n<li>Sanayi<\/li>\n<\/ul>\n<p><strong>SICAKLIK<\/strong><\/p>\n<p>-21\u00b0C\u00a0 ~ +110 \u00b0C<\/p>\n<p><a href=\"https:\/\/govalf.com\/iletisim\/\">\u0130leti\u015fim<\/a><\/p>\n","protected":false},"excerpt":{"rendered":"<p>S\u00fcrg\u00fcl\u00fc Vana Y\u00fckselen Milli S\u00fcrg\u00fcl\u00fc vana y\u00fckselen milli, yang\u0131n tesisatlar\u0131nda zonlar\u0131 birbirinden ay\u0131rarak ak\u0131\u015f\u0131 kontrol etme ya da kesme \u00f6zelli\u011fini g\u00f6steren vanad\u0131r. Klasik kelebek tipi vanalarla ayn\u0131 g\u00f6revi yerine getiren y\u00fckselen milli s\u00fcrg\u00fcl\u00fc vanalar, izleme anahtar\u0131yla elektriksel olarak takip edilebilme \u00f6zelli\u011fine de sahip olabilir. Y\u00fckselen milli s\u00fcrg\u00fcl\u00fc vana tam a\u00e7\u0131k konumdayken tesisat i\u00e7erisindeki suyun ak\u0131\u015f\u0131na, [&hellip;]<\/p>\n","protected":false},"featured_media":3612,"comment_status":"closed","ping_status":"closed","template":"","meta":{"_acf_changed":false},"product_brand":[],"product_cat":[66],"product_tag":[],"class_list":{"0":"post-2729","1":"product","2":"type-product","3":"status-publish","4":"has-post-thumbnail","6":"product_cat-vana","8":"first","9":"instock","10":"shipping-taxable","11":"purchasable","12":"product-type-simple"},"acf":[],"yoast_head":"<!-- This site is optimized with the Yoast SEO plugin v27.4 - https:\/\/yoast.com\/product\/yoast-seo-wordpress\/ -->\n<title>S\u00fcrg\u00fcl\u00fc Vana Y\u00fckselen Milli - Go Valf Vana ve Pompa Sistemleri<\/title>\n<meta name=\"description\" content=\"S\u00fcrg\u00fcl\u00fc vana y\u00fckselen milli, yang\u0131n tesisatlar\u0131nda zonlar\u0131 birbirinden ay\u0131rarak ak\u0131\u015f\u0131 kontrol etme ya da kesme \u00f6zelli\u011fini g\u00f6steren vanad\u0131r.\" \/>\n<meta name=\"robots\" content=\"index, follow, max-snippet:-1, max-image-preview:large, max-video-preview:-1\" \/>\n<link rel=\"canonical\" href=\"https:\/\/govalf.com\/tr\/product\/surgulu-vana-yukselen-milli\/\" \/>\n<meta property=\"og:locale\" content=\"tr_TR\" \/>\n<meta property=\"og:type\" content=\"article\" \/>\n<meta property=\"og:title\" content=\"S\u00fcrg\u00fcl\u00fc Vana Y\u00fckselen Milli - Go Valf Vana ve Pompa Sistemleri\" \/>\n<meta property=\"og:description\" content=\"S\u00fcrg\u00fcl\u00fc vana y\u00fckselen milli, yang\u0131n tesisatlar\u0131nda zonlar\u0131 birbirinden ay\u0131rarak ak\u0131\u015f\u0131 kontrol etme ya da kesme \u00f6zelli\u011fini g\u00f6steren vanad\u0131r.\" \/>\n<meta property=\"og:url\" content=\"https:\/\/govalf.com\/tr\/product\/surgulu-vana-yukselen-milli\/\" \/>\n<meta property=\"og:site_name\" content=\"Go Valf Vana ve Pompa Sistemleri\" \/>\n<meta property=\"article:modified_time\" content=\"2022-06-02T19:47:50+00:00\" \/>\n<meta property=\"og:image\" content=\"https:\/\/govalf.com\/wp-content\/uploads\/2022\/02\/SU\u0308RGU\u0308LU\u0308-VANA-YU\u0308KSELEN-MI\u0307LLI\u0307-1024x1024.png\" \/>\n\t<meta property=\"og:image:width\" content=\"1024\" \/>\n\t<meta property=\"og:image:height\" content=\"1024\" \/>\n\t<meta property=\"og:image:type\" content=\"image\/png\" \/>\n<meta name=\"twitter:card\" content=\"summary_large_image\" \/>\n<meta name=\"twitter:label1\" content=\"Tahmini okuma s\u00fcresi\" \/>\n\t<meta name=\"twitter:data1\" content=\"5 dakika\" \/>\n<script type=\"application\/ld+json\" class=\"yoast-schema-graph\">{\"@context\":\"https:\\\/\\\/schema.org\",\"@graph\":[{\"@type\":\"WebPage\",\"@id\":\"https:\\\/\\\/govalf.com\\\/tr\\\/product\\\/surgulu-vana-yukselen-milli\\\/\",\"url\":\"https:\\\/\\\/govalf.com\\\/tr\\\/product\\\/surgulu-vana-yukselen-milli\\\/\",\"name\":\"S\u00fcrg\u00fcl\u00fc Vana Y\u00fckselen Milli - Go Valf Vana ve Pompa Sistemleri\",\"isPartOf\":{\"@id\":\"https:\\\/\\\/govalf.com\\\/ar\\\/#website\"},\"primaryImageOfPage\":{\"@id\":\"https:\\\/\\\/govalf.com\\\/tr\\\/product\\\/surgulu-vana-yukselen-milli\\\/#primaryimage\"},\"image\":{\"@id\":\"https:\\\/\\\/govalf.com\\\/tr\\\/product\\\/surgulu-vana-yukselen-milli\\\/#primaryimage\"},\"thumbnailUrl\":\"http:\\\/\\\/govalf.com\\\/wp-content\\\/uploads\\\/2022\\\/02\\\/SU\u0308RGU\u0308LU\u0308-VANA-YU\u0308KSELEN-MI\u0307LLI\u0307.png\",\"datePublished\":\"2022-02-17T18:24:09+00:00\",\"dateModified\":\"2022-06-02T19:47:50+00:00\",\"description\":\"S\u00fcrg\u00fcl\u00fc vana y\u00fckselen milli, yang\u0131n tesisatlar\u0131nda zonlar\u0131 birbirinden ay\u0131rarak ak\u0131\u015f\u0131 kontrol etme ya da kesme \u00f6zelli\u011fini g\u00f6steren vanad\u0131r.\",\"breadcrumb\":{\"@id\":\"https:\\\/\\\/govalf.com\\\/tr\\\/product\\\/surgulu-vana-yukselen-milli\\\/#breadcrumb\"},\"inLanguage\":\"tr\",\"potentialAction\":[{\"@type\":\"ReadAction\",\"target\":[\"https:\\\/\\\/govalf.com\\\/tr\\\/product\\\/surgulu-vana-yukselen-milli\\\/\"]}]},{\"@type\":\"ImageObject\",\"inLanguage\":\"tr\",\"@id\":\"https:\\\/\\\/govalf.com\\\/tr\\\/product\\\/surgulu-vana-yukselen-milli\\\/#primaryimage\",\"url\":\"http:\\\/\\\/govalf.com\\\/wp-content\\\/uploads\\\/2022\\\/02\\\/SU\u0308RGU\u0308LU\u0308-VANA-YU\u0308KSELEN-MI\u0307LLI\u0307.png\",\"contentUrl\":\"http:\\\/\\\/govalf.com\\\/wp-content\\\/uploads\\\/2022\\\/02\\\/SU\u0308RGU\u0308LU\u0308-VANA-YU\u0308KSELEN-MI\u0307LLI\u0307.png\",\"width\":5000,\"height\":5000,\"caption\":\"S\u00fcrg\u00fcl\u00fc vana y\u00fckselen milli\"},{\"@type\":\"BreadcrumbList\",\"@id\":\"https:\\\/\\\/govalf.com\\\/tr\\\/product\\\/surgulu-vana-yukselen-milli\\\/#breadcrumb\",\"itemListElement\":[{\"@type\":\"ListItem\",\"position\":1,\"name\":\"Anasayfa\",\"item\":\"https:\\\/\\\/govalf.com\\\/tr\\\/\"},{\"@type\":\"ListItem\",\"position\":2,\"name\":\"Products\",\"item\":\"https:\\\/\\\/govalf.com\\\/ar\\\/urunler%d9%85%d9%86%d8%aa%d8%ac%d8%a7%d8%aa\\\/\"},{\"@type\":\"ListItem\",\"position\":3,\"name\":\"S\u00fcrg\u00fcl\u00fc Vana Y\u00fckselen Milli\"}]},{\"@type\":\"WebSite\",\"@id\":\"https:\\\/\\\/govalf.com\\\/ar\\\/#website\",\"url\":\"https:\\\/\\\/govalf.com\\\/ar\\\/\",\"name\":\"Go Valf Vana ve Pompa Sistemleri\",\"description\":\"Yang\u0131n S\u00f6nd\u00fcrme Sistemleri ve Ekipmanlar\u0131\",\"publisher\":{\"@id\":\"https:\\\/\\\/govalf.com\\\/ar\\\/#organization\"},\"potentialAction\":[{\"@type\":\"SearchAction\",\"target\":{\"@type\":\"EntryPoint\",\"urlTemplate\":\"https:\\\/\\\/govalf.com\\\/ar\\\/?s={search_term_string}\"},\"query-input\":{\"@type\":\"PropertyValueSpecification\",\"valueRequired\":true,\"valueName\":\"search_term_string\"}}],\"inLanguage\":\"tr\"},{\"@type\":\"Organization\",\"@id\":\"https:\\\/\\\/govalf.com\\\/ar\\\/#organization\",\"name\":\"Go Valf\",\"url\":\"https:\\\/\\\/govalf.com\\\/ar\\\/\",\"logo\":{\"@type\":\"ImageObject\",\"inLanguage\":\"tr\",\"@id\":\"https:\\\/\\\/govalf.com\\\/ar\\\/#\\\/schema\\\/logo\\\/image\\\/\",\"url\":\"https:\\\/\\\/govalf.com\\\/wp-content\\\/uploads\\\/2022\\\/02\\\/go-valf-logo.png\",\"contentUrl\":\"https:\\\/\\\/govalf.com\\\/wp-content\\\/uploads\\\/2022\\\/02\\\/go-valf-logo.png\",\"width\":504,\"height\":120,\"caption\":\"Go Valf\"},\"image\":{\"@id\":\"https:\\\/\\\/govalf.com\\\/ar\\\/#\\\/schema\\\/logo\\\/image\\\/\"}}]}<\/script>\n<!-- \/ Yoast SEO plugin. -->","yoast_head_json":{"title":"S\u00fcrg\u00fcl\u00fc Vana Y\u00fckselen Milli - Go Valf Vana ve Pompa Sistemleri","description":"S\u00fcrg\u00fcl\u00fc vana y\u00fckselen milli, yang\u0131n tesisatlar\u0131nda zonlar\u0131 birbirinden ay\u0131rarak ak\u0131\u015f\u0131 kontrol etme ya da kesme \u00f6zelli\u011fini g\u00f6steren vanad\u0131r.","robots":{"index":"index","follow":"follow","max-snippet":"max-snippet:-1","max-image-preview":"max-image-preview:large","max-video-preview":"max-video-preview:-1"},"canonical":"https:\/\/govalf.com\/tr\/product\/surgulu-vana-yukselen-milli\/","og_locale":"tr_TR","og_type":"article","og_title":"S\u00fcrg\u00fcl\u00fc Vana Y\u00fckselen Milli - Go Valf Vana ve Pompa Sistemleri","og_description":"S\u00fcrg\u00fcl\u00fc vana y\u00fckselen milli, yang\u0131n tesisatlar\u0131nda zonlar\u0131 birbirinden ay\u0131rarak ak\u0131\u015f\u0131 kontrol etme ya da kesme \u00f6zelli\u011fini g\u00f6steren vanad\u0131r.","og_url":"https:\/\/govalf.com\/tr\/product\/surgulu-vana-yukselen-milli\/","og_site_name":"Go Valf Vana ve Pompa Sistemleri","article_modified_time":"2022-06-02T19:47:50+00:00","og_image":[{"width":1024,"height":1024,"url":"https:\/\/govalf.com\/wp-content\/uploads\/2022\/02\/SU\u0308RGU\u0308LU\u0308-VANA-YU\u0308KSELEN-MI\u0307LLI\u0307-1024x1024.png","type":"image\/png"}],"twitter_card":"summary_large_image","twitter_misc":{"Tahmini okuma s\u00fcresi":"5 dakika"},"schema":{"@context":"https:\/\/schema.org","@graph":[{"@type":"WebPage","@id":"https:\/\/govalf.com\/tr\/product\/surgulu-vana-yukselen-milli\/","url":"https:\/\/govalf.com\/tr\/product\/surgulu-vana-yukselen-milli\/","name":"S\u00fcrg\u00fcl\u00fc Vana Y\u00fckselen Milli - Go Valf Vana ve Pompa Sistemleri","isPartOf":{"@id":"https:\/\/govalf.com\/ar\/#website"},"primaryImageOfPage":{"@id":"https:\/\/govalf.com\/tr\/product\/surgulu-vana-yukselen-milli\/#primaryimage"},"image":{"@id":"https:\/\/govalf.com\/tr\/product\/surgulu-vana-yukselen-milli\/#primaryimage"},"thumbnailUrl":"http:\/\/govalf.com\/wp-content\/uploads\/2022\/02\/SU\u0308RGU\u0308LU\u0308-VANA-YU\u0308KSELEN-MI\u0307LLI\u0307.png","datePublished":"2022-02-17T18:24:09+00:00","dateModified":"2022-06-02T19:47:50+00:00","description":"S\u00fcrg\u00fcl\u00fc vana y\u00fckselen milli, yang\u0131n tesisatlar\u0131nda zonlar\u0131 birbirinden ay\u0131rarak ak\u0131\u015f\u0131 kontrol etme ya da kesme \u00f6zelli\u011fini g\u00f6steren vanad\u0131r.","breadcrumb":{"@id":"https:\/\/govalf.com\/tr\/product\/surgulu-vana-yukselen-milli\/#breadcrumb"},"inLanguage":"tr","potentialAction":[{"@type":"ReadAction","target":["https:\/\/govalf.com\/tr\/product\/surgulu-vana-yukselen-milli\/"]}]},{"@type":"ImageObject","inLanguage":"tr","@id":"https:\/\/govalf.com\/tr\/product\/surgulu-vana-yukselen-milli\/#primaryimage","url":"http:\/\/govalf.com\/wp-content\/uploads\/2022\/02\/SU\u0308RGU\u0308LU\u0308-VANA-YU\u0308KSELEN-MI\u0307LLI\u0307.png","contentUrl":"http:\/\/govalf.com\/wp-content\/uploads\/2022\/02\/SU\u0308RGU\u0308LU\u0308-VANA-YU\u0308KSELEN-MI\u0307LLI\u0307.png","width":5000,"height":5000,"caption":"S\u00fcrg\u00fcl\u00fc vana y\u00fckselen milli"},{"@type":"BreadcrumbList","@id":"https:\/\/govalf.com\/tr\/product\/surgulu-vana-yukselen-milli\/#breadcrumb","itemListElement":[{"@type":"ListItem","position":1,"name":"Anasayfa","item":"https:\/\/govalf.com\/tr\/"},{"@type":"ListItem","position":2,"name":"Products","item":"https:\/\/govalf.com\/ar\/urunler%d9%85%d9%86%d8%aa%d8%ac%d8%a7%d8%aa\/"},{"@type":"ListItem","position":3,"name":"S\u00fcrg\u00fcl\u00fc Vana Y\u00fckselen Milli"}]},{"@type":"WebSite","@id":"https:\/\/govalf.com\/ar\/#website","url":"https:\/\/govalf.com\/ar\/","name":"Go Valf Vana ve Pompa Sistemleri","description":"Yang\u0131n S\u00f6nd\u00fcrme Sistemleri ve Ekipmanlar\u0131","publisher":{"@id":"https:\/\/govalf.com\/ar\/#organization"},"potentialAction":[{"@type":"SearchAction","target":{"@type":"EntryPoint","urlTemplate":"https:\/\/govalf.com\/ar\/?s={search_term_string}"},"query-input":{"@type":"PropertyValueSpecification","valueRequired":true,"valueName":"search_term_string"}}],"inLanguage":"tr"},{"@type":"Organization","@id":"https:\/\/govalf.com\/ar\/#organization","name":"Go Valf","url":"https:\/\/govalf.com\/ar\/","logo":{"@type":"ImageObject","inLanguage":"tr","@id":"https:\/\/govalf.com\/ar\/#\/schema\/logo\/image\/","url":"https:\/\/govalf.com\/wp-content\/uploads\/2022\/02\/go-valf-logo.png","contentUrl":"https:\/\/govalf.com\/wp-content\/uploads\/2022\/02\/go-valf-logo.png","width":504,"height":120,"caption":"Go Valf"},"image":{"@id":"https:\/\/govalf.com\/ar\/#\/schema\/logo\/image\/"}}]}},"_links":{"self":[{"href":"http:\/\/govalf.com\/tr\/wp-json\/wp\/v2\/product\/2729","targetHints":{"allow":["GET"]}}],"collection":[{"href":"http:\/\/govalf.com\/tr\/wp-json\/wp\/v2\/product"}],"about":[{"href":"http:\/\/govalf.com\/tr\/wp-json\/wp\/v2\/types\/product"}],"replies":[{"embeddable":true,"href":"http:\/\/govalf.com\/tr\/wp-json\/wp\/v2\/comments?post=2729"}],"wp:featuredmedia":[{"embeddable":true,"href":"http:\/\/govalf.com\/tr\/wp-json\/wp\/v2\/media\/3612"}],"wp:attachment":[{"href":"http:\/\/govalf.com\/tr\/wp-json\/wp\/v2\/media?parent=2729"}],"wp:term":[{"taxonomy":"product_brand","embeddable":true,"href":"http:\/\/govalf.com\/tr\/wp-json\/wp\/v2\/product_brand?post=2729"},{"taxonomy":"product_cat","embeddable":true,"href":"http:\/\/govalf.com\/tr\/wp-json\/wp\/v2\/product_cat?post=2729"},{"taxonomy":"product_tag","embeddable":true,"href":"http:\/\/govalf.com\/tr\/wp-json\/wp\/v2\/product_tag?post=2729"}],"curies":[{"name":"wp","href":"https:\/\/api.w.org\/{rel}","templated":true}]}}