{"id":2735,"date":"2022-02-17T18:26:00","date_gmt":"2022-02-17T18:26:00","guid":{"rendered":"https:\/\/govalf.com\/?post_type=product&#038;p=2735"},"modified":"2022-06-02T19:39:14","modified_gmt":"2022-06-02T19:39:14","slug":"dual-cekvalf","status":"publish","type":"product","link":"http:\/\/govalf.com\/tr\/product\/dual-cekvalf\/","title":{"rendered":"Dual \u00c7ekvalf"},"content":{"rendered":"<h1><strong>Dual \u00c7ekvalf<\/strong><\/h1>\n<p><strong>Dual \u00e7ekvalf<\/strong>, asidik ve alkalin \u00f6zelli\u011fine sahip olmayan s\u0131v\u0131 ak\u0131\u015fl\u0131 tesisatlarda kullan\u0131m i\u00e7in uygun bir \u00e7ekvalf t\u00fcr\u00fcd\u00fcr. Tesisat i\u00e7erisinde s\u0131v\u0131n\u0131n tek bir y\u00f6nde hareket edebilmesini sa\u011flayan dual \u00e7ekvalfrlerin en temel g\u00f6revi, s\u0131v\u0131 ak\u0131\u015f\u0131n\u0131n ters y\u00f6nde ger\u00e7ekle\u015fmesini \u00f6nlemektir. Dual \u00e7ekvalfrler, sistemin genel \u00f6zelliklerine ya da taleplere g\u00f6re dikey veya yatay pozsiyonda monte edilebilme \u00f6zelli\u011fine sahiptir. Klasik \u00e7ekvalflerin \u00e7al\u0131\u015fma prensibine benzer bir \u00e7al\u0131\u015fma prensibi olan bu \u00e7ekvalfler, herhangi bir bak\u0131m gerektirmeden kullan\u0131labilir. Kolayl\u0131kla monte edilebildi\u011fi gibi borulama sisteminin g\u00fcvenilir ve sorunsuz bi\u00e7imde \u00e7al\u0131\u015fmas\u0131n\u0131 sa\u011flar.<\/p>\n<h2><strong>Dual \u00c7ekvalf Nedir, Ne \u0130\u015fe Yarar?<\/strong><\/h2>\n<p><strong>Dual \u00e7ekvalf<\/strong>, %100 s\u0131zd\u0131rmazl\u0131k \u00f6zelli\u011fine sahiptir. \u00c7ekvalfin g\u00f6vdesine konumland\u0131r\u0131lan disk, ak\u0131\u015f b\u00f6l\u00fcm\u00fcn\u00fcn i\u00e7ine yerle\u015ftirilmi\u015ftir. Borulama sistemi i\u00e7erisinde s\u0131v\u0131 hareketlili\u011fi ba\u015flad\u0131\u011f\u0131nda ak\u0131\u015f y\u00f6n\u00fcne g\u00f6re s\u0131v\u0131n\u0131n g\u00f6vde ve disk aras\u0131nda akmas\u0131n\u0131 sa\u011flar. B\u00f6ylelikle s\u0131v\u0131 hareketinin ba\u015flang\u0131c\u0131na paralel olarak ak\u0131\u015f k\u0131sm\u0131n\u0131n eksenini \u00e7evirir ve ak\u0131\u015f\u0131n devam ettirilmesine izin verir.<\/p>\n<p>Sistem i\u00e7erisindeki s\u0131v\u0131 ak\u0131\u015f\u0131n\u0131n durmas\u0131 halinde ise dual \u00e7ekvalfin i\u00e7erisinde konumland\u0131r\u0131lan disk, yaydan ald\u0131\u011f\u0131 kuvvetle g\u00f6vdede konumland\u0131r\u0131lan EPDM tip conta kanal\u0131na yerle\u015fir. B\u00f6ylelikle s\u0131v\u0131 bas\u0131nc\u0131n\u0131n olu\u015fturdu\u011fu geri d\u00f6n\u00fcm kuvveti engellenir ve s\u0131v\u0131 geri ak\u0131\u015f\u0131 kapat\u0131l\u0131r. Dual \u00e7ekvalfin bir di\u011fer \u00f6zelli\u011fi de bas\u0131n\u00e7 kayb\u0131n\u0131 korumakt\u0131r. \u0130ki flan\u015f aras\u0131nda kolayl\u0131kla, h\u0131zla ve pratik bi\u00e7imde monte edilebilir.<\/p>\n<h3><strong>Dual \u00c7ekvalf Nedir?<\/strong><\/h3>\n<p><strong>Dual \u00e7ekvalf<\/strong>, borulama sistemlerinde s\u0131v\u0131 ak\u0131\u015f\u0131n\u0131n ters istikamette ger\u00e7ekle\u015fmesini engellemek \u00fczere dizayn edilen yard\u0131mc\u0131 elemand\u0131r. Kolay monte edilebilir, pratik yap\u0131lar\u0131 nedeniyle sisteme h\u0131zla adapte olabilir. Sistem i\u00e7erisinde s\u0131v\u0131n\u0131n geri ak\u0131\u015f\u0131n\u0131 engeller ve hareket y\u00f6n\u00fcn\u00fc korur. Herhangi bir bak\u0131m gerektirmedi\u011fi gibi ayn\u0131 zamanda iki flan\u015f aras\u0131na basit bi\u00e7imde monte edilebilir.<\/p>\n<p>Dual \u00e7ekvalf, paslanmaz \u00e7elikten olu\u015fan iki adet yar\u0131m disk klapeden \u00fcretilmi\u015ftir. Son derece dayan\u0131kl\u0131 bir yap\u0131ya sahiptir. Sistemin gerekliliklerine ya da taleplere g\u00f6re yatay veya dikey pozisyonda montaj i\u015fleminin ger\u00e7ekle\u015ftirilmesi i\u00e7in uygunluk ta\u015f\u0131r. G\u00fcn\u00fcm\u00fczde s\u0131cak ve so\u011fuk su tesisatlar\u0131nda yayg\u0131n olarak tercih ediliyor olmakla birlikte g\u00fc\u00e7 ve \u0131s\u0131 m\u00fchendisli\u011fi alan\u0131nda da yo\u011fun olarak ihtiya\u00e7 duyulur.<\/p>\n<h3><strong>Dual \u00c7ekvalf Ne \u0130\u015fe Yarar?<\/strong><\/h3>\n<p><strong>Dual \u00e7ekvalf,<\/strong> di\u011fer t\u00fcm \u00e7ekvalflerde oldu\u011fu gibi s\u0131v\u0131 ge\u00e7i\u015finin ters istikamette ger\u00e7ekle\u015fmesini \u00f6nleme i\u015flevini g\u00f6sterir. Borulama sistemi i\u00e7in son derece kritik bir i\u015flevi yerine getiren dual \u00e7ekvalfler, end\u00fcstriyel teknolojilerde de yo\u011fun olarak kullan\u0131l\u0131r. Dual \u00e7ekvalflerin bir di\u011fer i\u015flevi bas\u0131n\u00e7 kayb\u0131n\u0131 engelleyerek bas\u0131n\u00e7 dengesini korumakt\u0131r. Ayn\u0131 zamanda %100 oran\u0131nda s\u0131v\u0131 s\u0131zd\u0131rmazl\u0131k \u00f6zelli\u011fine sahiptir.<\/p>\n<p>120 derece s\u0131cakl\u0131\u011fa kadar dayan\u0131kl\u0131 bir yap\u0131ya sahip olan dual \u00e7ekvaflrer, sistem i\u00e7erisindeki ak\u0131\u015f\u0131n tek bir y\u00f6nde seyretmesini sa\u011flama i\u015flevine de sahiptir. \u00d6zel \u00e7al\u0131\u015fma prensipleriyle s\u0131v\u0131n\u0131n geri d\u00f6nmesini engeller. \u00d6zellikle tesisatlarda olu\u015fan geri bas\u0131n\u00e7 ve vuruntu gibi olumsuzluklara kar\u015f\u0131 sistem g\u00fcvenli\u011fini de sa\u011flar.<\/p>\n<h3><strong>Dual \u00c7ekvalf Kullan\u0131m Alanlar\u0131 <\/strong><\/h3>\n<p><strong>Dual \u00e7ekvalf,<\/strong> \u00e7ift klapeli bir yap\u0131ya sahiptir. Bu \u00f6zelli\u011fi nedeniyle s\u0131v\u0131n\u0131n geri d\u00f6n\u00fc\u015f\u00fcn\u00fc tamamen \u00f6nler. \u0130\u00e7me suyu ge\u00e7i\u015finin oldu\u011fu borulama tesisatlar\u0131nda kullan\u0131m i\u00e7in uygun olmakla birlikte g\u00fcn\u00fcm\u00fczde olduk\u00e7a geni\u015f yelpazeli bir kullan\u0131m alan\u0131na sahiptir. Hemen her borulama tesisat\u0131 i\u00e7in tercih edilebilir ve taleplere g\u00f6re farkl\u0131 ebat ya da \u00e7aplarda \u00fcretilebilir.<\/p>\n<p>Dual \u00e7ekvalfin g\u00fcn\u00fcm\u00fczde en yayg\u0131n olarak tercih edildi\u011fi sistem ve alanlar genel hatlar\u0131yla \u015fu \u015fekilde s\u0131ralanabilir:<\/p>\n<ul>\n<li>\u0130\u00e7me suyu tesisatlar\u0131,<\/li>\n<li>Bas\u0131n\u00e7l\u0131 hava olu\u015fumunun ortaya \u00e7\u0131kt\u0131\u011f\u0131 tesisatlar,<\/li>\n<li>End\u00fcstriyel teknolojilerin kullan\u0131ld\u0131\u011f\u0131 tesisatlar,<\/li>\n<li>S\u0131cak ve so\u011fuk su tesisatlar\u0131,<\/li>\n<li>Buhar tesisatlar\u0131,<\/li>\n<\/ul>\n<p>Bunlar\u0131n d\u0131\u015f\u0131nda dual \u00e7ekvalfler, asit ya da alkalin \u00f6zelli\u011fi bulunmayan s\u0131v\u0131 ge\u00e7i\u015finin oldu\u011fu hemen her borulama tesisat\u0131nda kullan\u0131m i\u00e7in uygunluk ta\u015f\u0131r.<\/p>\n<p><a href=\"https:\/\/govalf.com\/iletisim\/\">\u0130leti\u015fim<\/a><\/p>\n","protected":false},"excerpt":{"rendered":"<p>&nbsp;<\/p>\n<table width=\"416\">\n<tbody>\n<tr>\n<td colspan=\"2\">\u00dcRET\u0130M STANDARTLARI<\/td>\n<\/tr>\n<tr>\n<td colspan=\"2\">DN25\u2192DN400<br \/>\nPN 16<\/td>\n<\/tr>\n<tr>\n<td width=\"152\">Tasar\u0131m<\/td>\n<td width=\"248\">\u00a0EN 12334<\/td>\n<\/tr>\n<tr>\n<td>Ba\u011flant\u0131<\/td>\n<td>Dual Disko Tip EN 1092-1 \/ ISO 7005-2<\/td>\n<\/tr>\n<tr>\n<td>Al\u0131ndan Al\u0131na Boyutlar<\/td>\n<td>EN 558 Seri 16<\/td>\n<\/tr>\n<tr>\n<td>Testler<\/td>\n<td>TS EN 12266-1<\/td>\n<\/tr>\n<tr>\n<td>Boya<\/td>\n<td>Elektrostatik Toz Boya<\/td>\n<\/tr>\n<\/tbody>\n<\/table>\n<p><strong>\u00d6ZELL\u0130KLER\u0130<\/strong><\/p>\n<ul>\n<li>G\u00f6vdeye mente\u015felenen disk, ak\u0131\u015f b\u00f6l\u00fcm\u00fc i\u00e7ine yerle\u015ftirilmi\u015ftir.<\/li>\n<li>EPDM contalar\u0131n s\u0131zd\u0131rmazl\u0131\u011f\u0131 \u00fczerine g\u00f6vde yuvalar\u0131na yer- le\u015ftirilmi\u015f ve% 100 s\u0131zd\u0131rmazl\u0131k sa\u011flayan paslanmaz \u00e7elik disk.<\/li>\n<li>Sistemde belirlenen ak\u0131\u015f ba\u015flad\u0131\u011f\u0131nda g\u00f6vde ve disk aras\u0131nda akmas\u0131na izin verir.<\/li>\n<li>Sistemin \u00fczerindeki ak\u0131\u015f y\u00f6n\u00fcnde hareket ba\u015flang\u0131c\u0131 ile disk, ak\u0131\u015f b\u00f6l\u00fcm\u00fcn\u00fc ekseni \u00e7evirerek b\u0131rak\u0131r ve ak\u0131\u015f ge\u00e7i\u015fine izin verir.<\/li>\n<li>Ak\u0131\u015f durdu\u011funda disk, yay kuvveti ile g\u00f6vdeye yerle\u015ftirilen EPDM conta kanal\u0131na oturur ve% 100 s\u0131k\u0131 s\u0131zd\u0131rmazl\u0131k sa\u011flar.<\/li>\n<li>Boru hatt\u0131ndaki minimum bas\u0131n\u00e7 kayb\u0131n\u0131 korumak i\u00e7in dizayn edilmi\u015ftir.<\/li>\n<li>K\u0131sa montaj boyu sayesinde, iki flan\u015f aras\u0131nda kolay kurulum.<\/li>\n<li>K\u0131smen a\u00e7\u0131k bir disk, daha y\u00fcksek bir bas\u0131n\u00e7 d\u00fc\u015f\u00fc\u015f\u00fc ve valf diskinde t\u0131kan\u0131kl\u0131k yarat\u0131r \u2013 ak\u0131\u015f\u0131 bozar ve ko\u00e7 darbesi \u015fans\u0131n\u0131 artt\u0131r\u0131r.<\/li>\n<li>Paslanmaz \u00e7elik iki yar\u0131m disk klapeler ile \u00fcretilmi\u015ftir.<\/li>\n<li>Yatay veya dikey pozisyonda monte edilebilir<\/li>\n<li>Bak\u0131m gerektirmez.<\/li>\n<\/ul>\n<p><strong>UYGULAMA ALANLARI<\/strong><\/p>\n<ul>\n<li>Buhar<\/li>\n<li>S\u0131cak ve so\u011fuk su<\/li>\n<li>G\u00fc\u00e7 ve \u0131s\u0131 m\u00fchendisli\u011fi<\/li>\n<li>Bas\u0131n\u00e7l\u0131 Hava<\/li>\n<li>End\u00fcstriyel teknolojiler<\/li>\n<li>Asit veya alkalin \u00f6zellikleri olmayan ak\u0131\u015fkanlar<\/li>\n<\/ul>\n<p><strong>SICAKLIK<\/strong><\/p>\n<ul>\n<li>+120 \u00b0C<\/li>\n<\/ul>\n","protected":false},"featured_media":3607,"comment_status":"closed","ping_status":"closed","template":"","meta":{"_acf_changed":false},"product_brand":[],"product_cat":[66],"product_tag":[],"class_list":{"0":"post-2735","1":"product","2":"type-product","3":"status-publish","4":"has-post-thumbnail","6":"product_cat-vana","8":"first","9":"instock","10":"shipping-taxable","11":"purchasable","12":"product-type-simple"},"acf":[],"yoast_head":"<!-- This site is optimized with the Yoast SEO plugin v27.4 - https:\/\/yoast.com\/product\/yoast-seo-wordpress\/ -->\n<title>Dual \u00c7ekvalf - Go Valf Vana ve Pompa Sistemleri<\/title>\n<meta name=\"description\" content=\"Dual \u00e7ekvalf, asidik ve alkalin \u00f6zelli\u011fine sahip olmayan s\u0131v\u0131 ak\u0131\u015fl\u0131 tesisatlarda kullan\u0131m i\u00e7in uygun bir \u00e7ekvalf t\u00fcr\u00fcd\u00fcr.\" \/>\n<meta name=\"robots\" content=\"index, follow, max-snippet:-1, max-image-preview:large, max-video-preview:-1\" \/>\n<link rel=\"canonical\" href=\"https:\/\/govalf.com\/tr\/product\/dual-cekvalf\/\" \/>\n<meta property=\"og:locale\" content=\"tr_TR\" \/>\n<meta property=\"og:type\" content=\"article\" \/>\n<meta property=\"og:title\" content=\"Dual \u00c7ekvalf - Go Valf Vana ve Pompa Sistemleri\" \/>\n<meta property=\"og:description\" content=\"Dual \u00e7ekvalf, asidik ve alkalin \u00f6zelli\u011fine sahip olmayan s\u0131v\u0131 ak\u0131\u015fl\u0131 tesisatlarda kullan\u0131m i\u00e7in uygun bir \u00e7ekvalf t\u00fcr\u00fcd\u00fcr.\" \/>\n<meta property=\"og:url\" content=\"https:\/\/govalf.com\/tr\/product\/dual-cekvalf\/\" \/>\n<meta property=\"og:site_name\" content=\"Go Valf Vana ve Pompa Sistemleri\" \/>\n<meta property=\"article:modified_time\" content=\"2022-06-02T19:39:14+00:00\" \/>\n<meta property=\"og:image\" content=\"https:\/\/govalf.com\/wp-content\/uploads\/2022\/02\/DUAL-C\u0327EKVALF-1024x1024.png\" \/>\n\t<meta property=\"og:image:width\" content=\"1024\" \/>\n\t<meta property=\"og:image:height\" content=\"1024\" \/>\n\t<meta property=\"og:image:type\" content=\"image\/png\" \/>\n<meta name=\"twitter:card\" content=\"summary_large_image\" \/>\n<meta name=\"twitter:label1\" content=\"Tahmini okuma s\u00fcresi\" \/>\n\t<meta name=\"twitter:data1\" content=\"4 dakika\" \/>\n<script type=\"application\/ld+json\" class=\"yoast-schema-graph\">{\"@context\":\"https:\\\/\\\/schema.org\",\"@graph\":[{\"@type\":\"WebPage\",\"@id\":\"https:\\\/\\\/govalf.com\\\/tr\\\/product\\\/dual-cekvalf\\\/\",\"url\":\"https:\\\/\\\/govalf.com\\\/tr\\\/product\\\/dual-cekvalf\\\/\",\"name\":\"Dual \u00c7ekvalf - Go Valf Vana ve Pompa Sistemleri\",\"isPartOf\":{\"@id\":\"http:\\\/\\\/govalf.com\\\/ru\\\/#website\"},\"primaryImageOfPage\":{\"@id\":\"https:\\\/\\\/govalf.com\\\/tr\\\/product\\\/dual-cekvalf\\\/#primaryimage\"},\"image\":{\"@id\":\"https:\\\/\\\/govalf.com\\\/tr\\\/product\\\/dual-cekvalf\\\/#primaryimage\"},\"thumbnailUrl\":\"http:\\\/\\\/govalf.com\\\/wp-content\\\/uploads\\\/2022\\\/02\\\/DUAL-C\u0327EKVALF.png\",\"datePublished\":\"2022-02-17T18:26:00+00:00\",\"dateModified\":\"2022-06-02T19:39:14+00:00\",\"description\":\"Dual \u00e7ekvalf, asidik ve alkalin \u00f6zelli\u011fine sahip olmayan s\u0131v\u0131 ak\u0131\u015fl\u0131 tesisatlarda kullan\u0131m i\u00e7in uygun bir \u00e7ekvalf t\u00fcr\u00fcd\u00fcr.\",\"breadcrumb\":{\"@id\":\"https:\\\/\\\/govalf.com\\\/tr\\\/product\\\/dual-cekvalf\\\/#breadcrumb\"},\"inLanguage\":\"tr\",\"potentialAction\":[{\"@type\":\"ReadAction\",\"target\":[\"https:\\\/\\\/govalf.com\\\/tr\\\/product\\\/dual-cekvalf\\\/\"]}]},{\"@type\":\"ImageObject\",\"inLanguage\":\"tr\",\"@id\":\"https:\\\/\\\/govalf.com\\\/tr\\\/product\\\/dual-cekvalf\\\/#primaryimage\",\"url\":\"http:\\\/\\\/govalf.com\\\/wp-content\\\/uploads\\\/2022\\\/02\\\/DUAL-C\u0327EKVALF.png\",\"contentUrl\":\"http:\\\/\\\/govalf.com\\\/wp-content\\\/uploads\\\/2022\\\/02\\\/DUAL-C\u0327EKVALF.png\",\"width\":5000,\"height\":5000,\"caption\":\"Dual \u00e7ekvalf\"},{\"@type\":\"BreadcrumbList\",\"@id\":\"https:\\\/\\\/govalf.com\\\/tr\\\/product\\\/dual-cekvalf\\\/#breadcrumb\",\"itemListElement\":[{\"@type\":\"ListItem\",\"position\":1,\"name\":\"Anasayfa\",\"item\":\"https:\\\/\\\/govalf.com\\\/tr\\\/\"},{\"@type\":\"ListItem\",\"position\":2,\"name\":\"Products\",\"item\":\"http:\\\/\\\/govalf.com\\\/ru\\\/%d0%bf%d1%80%d0%be%d0%b4%d1%83%d0%ba%d1%82%d1%8b\\\/\"},{\"@type\":\"ListItem\",\"position\":3,\"name\":\"Dual \u00c7ekvalf\"}]},{\"@type\":\"WebSite\",\"@id\":\"http:\\\/\\\/govalf.com\\\/ru\\\/#website\",\"url\":\"http:\\\/\\\/govalf.com\\\/ru\\\/\",\"name\":\"Go Valf Vana ve Pompa Sistemleri\",\"description\":\"Yang\u0131n S\u00f6nd\u00fcrme Sistemleri ve Ekipmanlar\u0131\",\"publisher\":{\"@id\":\"http:\\\/\\\/govalf.com\\\/ru\\\/#organization\"},\"potentialAction\":[{\"@type\":\"SearchAction\",\"target\":{\"@type\":\"EntryPoint\",\"urlTemplate\":\"http:\\\/\\\/govalf.com\\\/ru\\\/?s={search_term_string}\"},\"query-input\":{\"@type\":\"PropertyValueSpecification\",\"valueRequired\":true,\"valueName\":\"search_term_string\"}}],\"inLanguage\":\"tr\"},{\"@type\":\"Organization\",\"@id\":\"http:\\\/\\\/govalf.com\\\/ru\\\/#organization\",\"name\":\"Go Valf\",\"url\":\"http:\\\/\\\/govalf.com\\\/ru\\\/\",\"logo\":{\"@type\":\"ImageObject\",\"inLanguage\":\"tr\",\"@id\":\"http:\\\/\\\/govalf.com\\\/ru\\\/#\\\/schema\\\/logo\\\/image\\\/\",\"url\":\"https:\\\/\\\/govalf.com\\\/wp-content\\\/uploads\\\/2022\\\/02\\\/go-valf-logo.png\",\"contentUrl\":\"https:\\\/\\\/govalf.com\\\/wp-content\\\/uploads\\\/2022\\\/02\\\/go-valf-logo.png\",\"width\":504,\"height\":120,\"caption\":\"Go Valf\"},\"image\":{\"@id\":\"http:\\\/\\\/govalf.com\\\/ru\\\/#\\\/schema\\\/logo\\\/image\\\/\"}}]}<\/script>\n<!-- \/ Yoast SEO plugin. -->","yoast_head_json":{"title":"Dual \u00c7ekvalf - Go Valf Vana ve Pompa Sistemleri","description":"Dual \u00e7ekvalf, asidik ve alkalin \u00f6zelli\u011fine sahip olmayan s\u0131v\u0131 ak\u0131\u015fl\u0131 tesisatlarda kullan\u0131m i\u00e7in uygun bir \u00e7ekvalf t\u00fcr\u00fcd\u00fcr.","robots":{"index":"index","follow":"follow","max-snippet":"max-snippet:-1","max-image-preview":"max-image-preview:large","max-video-preview":"max-video-preview:-1"},"canonical":"https:\/\/govalf.com\/tr\/product\/dual-cekvalf\/","og_locale":"tr_TR","og_type":"article","og_title":"Dual \u00c7ekvalf - Go Valf Vana ve Pompa Sistemleri","og_description":"Dual \u00e7ekvalf, asidik ve alkalin \u00f6zelli\u011fine sahip olmayan s\u0131v\u0131 ak\u0131\u015fl\u0131 tesisatlarda kullan\u0131m i\u00e7in uygun bir \u00e7ekvalf t\u00fcr\u00fcd\u00fcr.","og_url":"https:\/\/govalf.com\/tr\/product\/dual-cekvalf\/","og_site_name":"Go Valf Vana ve Pompa Sistemleri","article_modified_time":"2022-06-02T19:39:14+00:00","og_image":[{"width":1024,"height":1024,"url":"https:\/\/govalf.com\/wp-content\/uploads\/2022\/02\/DUAL-C\u0327EKVALF-1024x1024.png","type":"image\/png"}],"twitter_card":"summary_large_image","twitter_misc":{"Tahmini okuma s\u00fcresi":"4 dakika"},"schema":{"@context":"https:\/\/schema.org","@graph":[{"@type":"WebPage","@id":"https:\/\/govalf.com\/tr\/product\/dual-cekvalf\/","url":"https:\/\/govalf.com\/tr\/product\/dual-cekvalf\/","name":"Dual \u00c7ekvalf - Go Valf Vana ve Pompa Sistemleri","isPartOf":{"@id":"http:\/\/govalf.com\/ru\/#website"},"primaryImageOfPage":{"@id":"https:\/\/govalf.com\/tr\/product\/dual-cekvalf\/#primaryimage"},"image":{"@id":"https:\/\/govalf.com\/tr\/product\/dual-cekvalf\/#primaryimage"},"thumbnailUrl":"http:\/\/govalf.com\/wp-content\/uploads\/2022\/02\/DUAL-C\u0327EKVALF.png","datePublished":"2022-02-17T18:26:00+00:00","dateModified":"2022-06-02T19:39:14+00:00","description":"Dual \u00e7ekvalf, asidik ve alkalin \u00f6zelli\u011fine sahip olmayan s\u0131v\u0131 ak\u0131\u015fl\u0131 tesisatlarda kullan\u0131m i\u00e7in uygun bir \u00e7ekvalf t\u00fcr\u00fcd\u00fcr.","breadcrumb":{"@id":"https:\/\/govalf.com\/tr\/product\/dual-cekvalf\/#breadcrumb"},"inLanguage":"tr","potentialAction":[{"@type":"ReadAction","target":["https:\/\/govalf.com\/tr\/product\/dual-cekvalf\/"]}]},{"@type":"ImageObject","inLanguage":"tr","@id":"https:\/\/govalf.com\/tr\/product\/dual-cekvalf\/#primaryimage","url":"http:\/\/govalf.com\/wp-content\/uploads\/2022\/02\/DUAL-C\u0327EKVALF.png","contentUrl":"http:\/\/govalf.com\/wp-content\/uploads\/2022\/02\/DUAL-C\u0327EKVALF.png","width":5000,"height":5000,"caption":"Dual \u00e7ekvalf"},{"@type":"BreadcrumbList","@id":"https:\/\/govalf.com\/tr\/product\/dual-cekvalf\/#breadcrumb","itemListElement":[{"@type":"ListItem","position":1,"name":"Anasayfa","item":"https:\/\/govalf.com\/tr\/"},{"@type":"ListItem","position":2,"name":"Products","item":"http:\/\/govalf.com\/ru\/%d0%bf%d1%80%d0%be%d0%b4%d1%83%d0%ba%d1%82%d1%8b\/"},{"@type":"ListItem","position":3,"name":"Dual \u00c7ekvalf"}]},{"@type":"WebSite","@id":"http:\/\/govalf.com\/ru\/#website","url":"http:\/\/govalf.com\/ru\/","name":"Go Valf Vana ve Pompa Sistemleri","description":"Yang\u0131n S\u00f6nd\u00fcrme Sistemleri ve Ekipmanlar\u0131","publisher":{"@id":"http:\/\/govalf.com\/ru\/#organization"},"potentialAction":[{"@type":"SearchAction","target":{"@type":"EntryPoint","urlTemplate":"http:\/\/govalf.com\/ru\/?s={search_term_string}"},"query-input":{"@type":"PropertyValueSpecification","valueRequired":true,"valueName":"search_term_string"}}],"inLanguage":"tr"},{"@type":"Organization","@id":"http:\/\/govalf.com\/ru\/#organization","name":"Go Valf","url":"http:\/\/govalf.com\/ru\/","logo":{"@type":"ImageObject","inLanguage":"tr","@id":"http:\/\/govalf.com\/ru\/#\/schema\/logo\/image\/","url":"https:\/\/govalf.com\/wp-content\/uploads\/2022\/02\/go-valf-logo.png","contentUrl":"https:\/\/govalf.com\/wp-content\/uploads\/2022\/02\/go-valf-logo.png","width":504,"height":120,"caption":"Go Valf"},"image":{"@id":"http:\/\/govalf.com\/ru\/#\/schema\/logo\/image\/"}}]}},"_links":{"self":[{"href":"http:\/\/govalf.com\/tr\/wp-json\/wp\/v2\/product\/2735","targetHints":{"allow":["GET"]}}],"collection":[{"href":"http:\/\/govalf.com\/tr\/wp-json\/wp\/v2\/product"}],"about":[{"href":"http:\/\/govalf.com\/tr\/wp-json\/wp\/v2\/types\/product"}],"replies":[{"embeddable":true,"href":"http:\/\/govalf.com\/tr\/wp-json\/wp\/v2\/comments?post=2735"}],"wp:featuredmedia":[{"embeddable":true,"href":"http:\/\/govalf.com\/tr\/wp-json\/wp\/v2\/media\/3607"}],"wp:attachment":[{"href":"http:\/\/govalf.com\/tr\/wp-json\/wp\/v2\/media?parent=2735"}],"wp:term":[{"taxonomy":"product_brand","embeddable":true,"href":"http:\/\/govalf.com\/tr\/wp-json\/wp\/v2\/product_brand?post=2735"},{"taxonomy":"product_cat","embeddable":true,"href":"http:\/\/govalf.com\/tr\/wp-json\/wp\/v2\/product_cat?post=2735"},{"taxonomy":"product_tag","embeddable":true,"href":"http:\/\/govalf.com\/tr\/wp-json\/wp\/v2\/product_tag?post=2735"}],"curies":[{"name":"wp","href":"https:\/\/api.w.org\/{rel}","templated":true}]}}