{"id":2826,"date":"2022-02-17T19:35:17","date_gmt":"2022-02-17T19:35:17","guid":{"rendered":"https:\/\/govalf.com\/?post_type=product&#038;p=2826"},"modified":"2022-05-29T17:31:45","modified_gmt":"2022-05-29T17:31:45","slug":"pirinc-kuresel-vana","status":"publish","type":"product","link":"http:\/\/govalf.com\/tr\/product\/pirinc-kuresel-vana\/","title":{"rendered":"Pirin\u00e7 K\u00fcresel Vana"},"content":{"rendered":"<h1>Pirin\u00e7 K\u00fcresel Vana<\/h1>\n<p><strong>Pirin\u00e7 K\u00fcresel Vana<\/strong>, s\u0131v\u0131 ya da gaz\u0131n ak\u0131\u015f\u0131n\u0131 kontrol eden bir kapatma vanas\u0131 olarak kullan\u0131lmaktad\u0131r. Bir deli\u011fe sahip d\u00f6ner bilye arac\u0131l\u0131\u011f\u0131yla hareket eder. Uzun s\u00fcreli s\u0131zd\u0131rmazl\u0131k kapasitesi ile sorunsuz bir \u015fekilde kullan\u0131labilir. Sistem g\u00fcvenli\u011fini \u00fcst d\u00fczeye getirebilecek \u00f6zellikleriyle geni\u015f bir kullan\u0131m alan\u0131na sahiptir.<\/p>\n<p>Bak\u0131r ve \u00e7inko kompozit malzemelerden \u00fcretilen pirin\u00e7 k\u00fcresel vanalar pirin\u00e7 malzemeye sahip olduklar\u0131 i\u00e7in konforlu bir kullan\u0131m sunarlar. CNC makinelerinde hassas bir \u015fekilde \u00fcretilmekte ve geni\u015f bir uygulama alan\u0131yla dikkat \u00e7ekmektedirler. Bas\u0131n\u00e7l\u0131 hava tesisatlar\u0131, \u0131s\u0131tma so\u011futma sistemleri ba\u015fta olmak \u00fczere bir\u00e7ok alanda bu t\u00fcr vanalara ihtiya\u00e7 duyulur.<\/p>\n<h2>Pirin\u00e7 K\u00fcresel Vana Nedir, Ne \u0130\u015fe Yarar?<\/h2>\n<p>Tesisat elemanlar\u0131 i\u00e7erisinde yer alan <strong>Pirin\u00e7 K\u00fcresel Vana<\/strong>, bas\u0131n\u00e7 kayb\u0131na izin vermeyen ve hat boyunca ak\u0131\u015fkan\u0131n ayn\u0131 bas\u0131n\u00e7 seviyesinde kalmas\u0131n\u0131 sa\u011flayan \u00fcr\u00fcnlerdir. Bir sistem i\u00e7erisinde kullan\u0131ld\u0131klar\u0131nda, s\u0131v\u0131 veya gaz\u0131n ak\u0131\u015f\u0131n\u0131 kontrol eder. Bu sayede sistem g\u00fcvende kal\u0131r. Do\u011fru bir \u015fekilde kullan\u0131ld\u0131klar\u0131nda, g\u00fcvenilir bir s\u0131zd\u0131rmazl\u0131k sa\u011flad\u0131klar\u0131 i\u00e7in bir\u00e7ok alanda bu t\u00fcr vanalara ihtiya\u00e7 duyulur.<\/p>\n<p>Pirin\u00e7 k\u00fcresel vanalar\u0131n bir\u00e7ok \u00f6zelli\u011fi bulunmakta olup bu \u00f6zellikleri \u015fu \u015fekilde s\u0131ralamak olanakl\u0131d\u0131r:<\/p>\n<ul>\n<li>Hafif bir yal\u0131t\u0131ma sahiptir, kurulumu olduk\u00e7a kolayd\u0131r.<\/li>\n<li>Bak\u0131r ve \u00e7inko kompozit malzemelerden \u00fcretilir.<\/li>\n<li>MS58 pirin\u00e7ten \u00fcretilmekte olup pirin\u00e7 malzemeye sahiptir.<\/li>\n<li>D\u00fc\u015f\u00fck s\u0131cakl\u0131kta y\u00fcksek bir dayan\u0131kl\u0131l\u0131k ile \u00e7al\u0131\u015f\u0131r.<\/li>\n<li>Boru hatt\u0131ndaki hat montaj\u0131 i\u00e7in uygun bir \u00fcr\u00fcnd\u00fcr.<\/li>\n<li>Da\u011f\u0131t\u0131m sistemlerinde ak\u0131\u015f\u0131 a\u00e7ma ve kapatma i\u015flemleri i\u00e7in kullan\u0131l\u0131r.<\/li>\n<li>TSE 13547-B3 tablo de\u011ferlerini sa\u011flad\u0131\u011f\u0131 i\u00e7in g\u00fcvenli bir \u015fekilde kullan\u0131l\u0131r.<\/li>\n<\/ul>\n<p>Sahip oldu\u011fu \u00f6zelliklerin her biri, \u00fcr\u00fcn\u00fcn uzun s\u00fcreli kullan\u0131m\u0131n\u0131 m\u00fcmk\u00fcn k\u0131lar. Bu nedenle farkl\u0131 alanlarda \u00fcr\u00fcne ihtiya\u00e7 duyuldu\u011funu s\u00f6ylemek m\u00fcmk\u00fcnd\u00fcr.<\/p>\n<h3>Pirin\u00e7 K\u00fcresel Vana Nedir?<\/h3>\n<p><strong>Pirin\u00e7 K\u00fcresel Vana<\/strong>, sistem i\u00e7erisinde bas\u0131n\u00e7 kayb\u0131 olu\u015fmamas\u0131 amac\u0131yla \u00fcretilen tesisat ekipmanlar\u0131ndan bir tanesidir. K\u00fcresel vanalar sayesinde hat boyunca bas\u0131n\u00e7 de\u011fi\u015fmeden kal\u0131r. A\u00e7\u0131k \/ kapal\u0131 uygulamalar i\u00e7in \u00f6nerilen pirin\u00e7 k\u00fcresel vanalar, d\u00fc\u015f\u00fck s\u0131cakl\u0131kta bile y\u00fcksek dayan\u0131kl\u0131l\u0131k g\u00f6sterecek \u015fekilde kullan\u0131l\u0131r.<\/p>\n<p>Bir kapatma vanas\u0131 olarak kullan\u0131lan pirin\u00e7 k\u00fcresel vanalar, bir deli\u011fe sahip d\u00f6ner bilyeler arac\u0131l\u0131\u011f\u0131yla s\u0131v\u0131 ya da gaz\u0131n ak\u0131\u015f\u0131n\u0131 kontrol eder. 90 derecelik bir d\u00f6n\u00fc\u015fe sahiptir. Ayn\u0131 zamanda kaliteli eve dayan\u0131kl\u0131 malzemelerden \u00fcretildikleri i\u00e7in uzun s\u00fcreli kullan\u0131m\u0131 olanakl\u0131 hale getirir.<\/p>\n<h3>Pirin\u00e7 K\u00fcresel Vana Ne \u0130\u015fe Yarar?<\/h3>\n<p>Pirin\u00e7 malzemeden \u00fcretilen k\u00fcresel vanalar, olduk\u00e7a \u00f6nemli bir fonksiyona sahiptir. Sistemde bulunan s\u0131v\u0131 ya da gaz\u0131n ak\u0131\u015f\u0131, k\u00fcresel vanalar ile kontrol edilir. Kullan\u0131ld\u0131klar\u0131 alanlarda g\u00fcvenilir bir s\u0131zd\u0131rmazl\u0131k sa\u011flad\u0131klar\u0131 i\u00e7in bir\u00e7ok alanda tercih edildikleri bilinmektedir. Kurulu kolayd\u0131r, hafif bir yal\u0131t\u0131ma sahiptir.<\/p>\n<p>Hem zamandan hem de maliyetten tasarruf edilmesini sa\u011flar. \u00c7ift y\u00f6nl\u00fc s\u0131zd\u0131rmazl\u0131k sa\u011flad\u0131klar\u0131 i\u00e7in g\u00fcvenli kullan\u0131m\u0131 sa\u011flad\u0131klar\u0131n\u0131 s\u00f6ylemek olanakl\u0131d\u0131r. Yenilik\u00e7i bir tasar\u0131ma sahip olduklar\u0131 i\u00e7in yerden de tasarrufu olanakl\u0131 hale getirir. <strong>Pirin\u00e7 K\u00fcresel Vana<\/strong>, kullan\u0131m s\u0131ras\u0131nda herhangi bir bak\u0131m gerektirmez.<\/p>\n<p>\u00dcr\u00fcn, DN 15-50 \u00e7aplar PN 25 bas\u0131n\u00e7 s\u0131n\u0131f\u0131nda \u00fcretilmekle birlikte DN 65-100 \u00e7aplarda PN 16 s\u0131n\u0131f\u0131nda \u00fcretilmektedirler. \u00c7al\u0131\u015fma s\u0131cakl\u0131\u011f\u0131n\u0131n y\u00fcksek olmas\u0131 halinde bas\u0131n\u00e7 de\u011ferinin a\u015fa\u011f\u0131 d\u00fc\u015ft\u00fc\u011f\u00fcn\u00fc s\u00f6ylemek olanakl\u0131d\u0131r.<\/p>\n<h3>Pirin\u00e7 K\u00fcresel Vana Nerelerde Kullan\u0131l\u0131r?<\/h3>\n<p><strong>Pirin\u00e7 K\u00fcresel Vana<\/strong> uygulama alanlar\u0131 olduk\u00e7a geni\u015ftir. Uygulama alanlar\u0131 genel olarak \u015fu \u015fekilde s\u0131ralanabilir:<\/p>\n<ul>\n<li>Is\u0131tma ve so\u011futma<\/li>\n<li>S\u0131cak ve so\u011fuk su<\/li>\n<li>Bas\u0131n\u00e7l\u0131 hava tesisatlar\u0131<\/li>\n<li>Konut ve end\u00fcstriyel uygulamalar (G\u0131da tesisleri, k\u00e2\u011f\u0131t fabrikalar\u0131, kimya sekt\u00f6r\u00fc vb.)<\/li>\n<li>Petrokimya<\/li>\n<\/ul>\n<p>Yenilik\u00e7i \u00f6zellikleri, dayan\u0131kl\u0131 yap\u0131s\u0131 ve \u00fcst d\u00fczey s\u0131zd\u0131rmazl\u0131k \u00f6zellikleriyle pirin\u00e7 k\u00fcresel vanalar; s\u0131kl\u0131kla tercih edilen tesisat ekipmanlar\u0131ndan bir tanesidir. Uzun s\u00fcreli bir \u015fekilde kullan\u0131labilir, kullan\u0131ld\u0131\u011f\u0131 s\u00fcre i\u00e7erisinde maksimum s\u0131zd\u0131rmazl\u0131k olu\u015fturur.<\/p>\n<p>&nbsp;<\/p>\n<table width=\"416\">\n<tbody>\n<tr>\n<td colspan=\"2\">\u00dcRET\u0130M STANDARTLARI<\/td>\n<\/tr>\n<tr>\n<td colspan=\"2\">DN15 \u2192 DN100<br \/>\nPN 16-25<\/td>\n<\/tr>\n<tr>\n<td width=\"152\">Tasar\u0131m<\/td>\n<td width=\"248\">TSE CEN \/ TS 13547<\/td>\n<\/tr>\n<tr>\n<td>Ba\u011flant\u0131<\/td>\n<td>Di\u015fli EN ISO 228-1<\/td>\n<\/tr>\n<tr>\n<td>Al\u0131ndan Al\u0131na Boyutlar<\/td>\n<td>TSE CEN \/ TS 13547<\/td>\n<\/tr>\n<tr>\n<td>Testler<\/td>\n<td>TSE CEN \/ TS 13547<\/td>\n<\/tr>\n<tr>\n<td>Markalama<\/td>\n<td>TSE CEN \/ TS 13547<\/td>\n<\/tr>\n<\/tbody>\n<\/table>\n<p><strong>\u00d6ZELL\u0130KLER\u0130<\/strong><\/p>\n<ul>\n<li>Bak\u0131r ve \u00e7inko kompozit malzemeden \u00fcretilmi\u015f pirin\u00e7 malzemeye sahiptir. Kal\u0131plarda kal\u0131plama ve CNC makinelerinde hassas i\u015fleme ile \u00fcretilmektedir.<\/li>\n<li>MS58 pirin\u00e7ten \u00fcretilen FAF marka pirin\u00e7 vanalar. D\u00fc\u015f\u00fck s\u0131cakl\u0131kta y\u00fcksek dayan\u0131kl\u0131l\u0131k ve darbe direncine sahiptir.<\/li>\n<li>Valfler boru hatt\u0131ndaki hat montaj\u0131 i\u00e7in uygundur, ana ama\u00e7 da\u011f\u0131t\u0131m sistemlerinde ak\u0131\u015f\u0131 a\u00e7mak ve kapatmakt\u0131r.<\/li>\n<li>A\u00e7\u0131k \/ kapal\u0131 uygulamalar i\u00e7in \u00f6nerilir. Yar\u0131m a\u00e7\u0131k pozisyonda bas\u0131nca maruz kald\u0131\u011f\u0131nda s\u0131zd\u0131rmazl\u0131k contalar\u0131 yataktan kayabilir.<\/li>\n<li>Vana g\u00f6vdesinin \u0131slak bezle sar\u0131lmas\u0131 veya valf yuvalar\u0131na ve di\u015f s\u0131zd\u0131rmazl\u0131\u011f\u0131na zarar veren ba\u011flant\u0131 ekipmalar\u0131 kullan\u0131lmamas\u0131na dikkat edilmelidir.<\/li>\n<li>DN 15 \u2013 50 \u00e7aplar PN 25 bas\u0131n\u00e7 s\u0131n\u0131f\u0131nda, DN 65 -100 \u00e7aplarda ise PN 16 bas\u0131n\u00e7 s\u0131n\u0131f\u0131nda \u00fcretilmektedir.<\/li>\n<li>TSE 13547-B3 tablo de\u011ferlerini sa\u011flar.<\/li>\n<li>\u00c7al\u0131\u015fma s\u0131cakl\u0131\u011f\u0131n\u0131n y\u00fcksek oldu\u011fu durumlarda bas\u0131n\u00e7 de\u011feri a\u015fa\u011f\u0131 d\u00fc\u015fer. S\u0131zd\u0131rmazl\u0131k contalar\u0131n\u0131n y\u00fcksek s\u0131cakl\u0131k dayan\u0131m de\u011ferleri i\u00e7in firmam\u0131zdan bilgi al\u0131n\u0131z.<\/li>\n<li>Boru di\u015f boyu g\u00f6vde \u00fczerindeki di\u015f boyundan k\u0131sa olmal\u0131d\u0131r.<\/li>\n<\/ul>\n<p><strong>UYGULAMA ALANLARI<\/strong><\/p>\n<ul>\n<li>S\u0131cak ve so\u011fuk su<\/li>\n<li>Is\u0131tma So\u011futma<\/li>\n<li>Konut ve end\u00fcstriyel uygulamalar<\/li>\n<li>Bas\u0131n\u00e7l\u0131 hava tesisatlar\u0131<\/li>\n<\/ul>\n<p><strong>SICAKLIK<\/strong><\/p>\n<p>-10, +90 \u00b0C<\/p>\n<p><a href=\"https:\/\/govalf.com\/iletisim\/\">\u0130leti\u015fim<\/a><\/p>\n","protected":false},"excerpt":{"rendered":"<p>Pirin\u00e7 K\u00fcresel Vana Pirin\u00e7 K\u00fcresel Vana, s\u0131v\u0131 ya da gaz\u0131n ak\u0131\u015f\u0131n\u0131 kontrol eden bir kapatma vanas\u0131 olarak kullan\u0131lmaktad\u0131r. Bir deli\u011fe sahip d\u00f6ner bilye arac\u0131l\u0131\u011f\u0131yla hareket eder. Uzun s\u00fcreli s\u0131zd\u0131rmazl\u0131k kapasitesi ile sorunsuz bir \u015fekilde kullan\u0131labilir. Sistem g\u00fcvenli\u011fini \u00fcst d\u00fczeye getirebilecek \u00f6zellikleriyle geni\u015f bir kullan\u0131m alan\u0131na sahiptir. Bak\u0131r ve \u00e7inko kompozit malzemelerden \u00fcretilen pirin\u00e7 k\u00fcresel vanalar [&hellip;]<\/p>\n","protected":false},"featured_media":3592,"comment_status":"closed","ping_status":"closed","template":"","meta":{"_acf_changed":false},"product_brand":[],"product_cat":[69],"product_tag":[],"class_list":{"0":"post-2826","1":"product","2":"type-product","3":"status-publish","4":"has-post-thumbnail","6":"product_cat-pirinc","8":"first","9":"instock","10":"shipping-taxable","11":"purchasable","12":"product-type-simple"},"acf":[],"yoast_head":"<!-- This site is optimized with the Yoast SEO plugin v27.4 - https:\/\/yoast.com\/product\/yoast-seo-wordpress\/ -->\n<title>Pirin\u00e7 K\u00fcresel Vana - Go Valf Vana ve Pompa Sistemleri<\/title>\n<meta name=\"description\" content=\"Pirin\u00e7 K\u00fcresel Vana, s\u0131v\u0131 ya da gaz\u0131n ak\u0131\u015f\u0131n\u0131 kontrol eden bir kapatma vanas\u0131 olarak kullan\u0131lmaktad\u0131r. Bir deli\u011fe sahip d\u00f6ner\" \/>\n<meta name=\"robots\" content=\"index, follow, max-snippet:-1, max-image-preview:large, max-video-preview:-1\" \/>\n<link rel=\"canonical\" href=\"http:\/\/govalf.com\/tr\/product\/pirinc-kuresel-vana\/\" \/>\n<meta property=\"og:locale\" content=\"tr_TR\" \/>\n<meta property=\"og:type\" content=\"article\" \/>\n<meta property=\"og:title\" content=\"Pirin\u00e7 K\u00fcresel Vana - Go Valf Vana ve Pompa Sistemleri\" \/>\n<meta property=\"og:description\" content=\"Pirin\u00e7 K\u00fcresel Vana, s\u0131v\u0131 ya da gaz\u0131n ak\u0131\u015f\u0131n\u0131 kontrol eden bir kapatma vanas\u0131 olarak kullan\u0131lmaktad\u0131r. Bir deli\u011fe sahip d\u00f6ner\" \/>\n<meta property=\"og:url\" content=\"http:\/\/govalf.com\/tr\/product\/pirinc-kuresel-vana\/\" \/>\n<meta property=\"og:site_name\" content=\"Go Valf Vana ve Pompa Sistemleri\" \/>\n<meta property=\"article:modified_time\" content=\"2022-05-29T17:31:45+00:00\" \/>\n<meta property=\"og:image\" content=\"http:\/\/govalf.com\/wp-content\/uploads\/2022\/02\/PI\u0307RI\u0307NC\u0327-KU\u0308RESEL-VANA-1024x1024.png\" \/>\n\t<meta property=\"og:image:width\" content=\"1024\" \/>\n\t<meta property=\"og:image:height\" content=\"1024\" \/>\n\t<meta property=\"og:image:type\" content=\"image\/png\" \/>\n<meta name=\"twitter:card\" content=\"summary_large_image\" \/>\n<meta name=\"twitter:label1\" content=\"Tahmini okuma s\u00fcresi\" \/>\n\t<meta name=\"twitter:data1\" content=\"5 dakika\" \/>\n<script type=\"application\/ld+json\" class=\"yoast-schema-graph\">{\"@context\":\"https:\\\/\\\/schema.org\",\"@graph\":[{\"@type\":\"WebPage\",\"@id\":\"http:\\\/\\\/govalf.com\\\/tr\\\/product\\\/pirinc-kuresel-vana\\\/\",\"url\":\"http:\\\/\\\/govalf.com\\\/tr\\\/product\\\/pirinc-kuresel-vana\\\/\",\"name\":\"Pirin\u00e7 K\u00fcresel Vana - Go Valf Vana ve Pompa Sistemleri\",\"isPartOf\":{\"@id\":\"http:\\\/\\\/govalf.com\\\/ru\\\/#website\"},\"primaryImageOfPage\":{\"@id\":\"http:\\\/\\\/govalf.com\\\/tr\\\/product\\\/pirinc-kuresel-vana\\\/#primaryimage\"},\"image\":{\"@id\":\"http:\\\/\\\/govalf.com\\\/tr\\\/product\\\/pirinc-kuresel-vana\\\/#primaryimage\"},\"thumbnailUrl\":\"http:\\\/\\\/govalf.com\\\/wp-content\\\/uploads\\\/2022\\\/02\\\/PI\u0307RI\u0307NC\u0327-KU\u0308RESEL-VANA.png\",\"datePublished\":\"2022-02-17T19:35:17+00:00\",\"dateModified\":\"2022-05-29T17:31:45+00:00\",\"description\":\"Pirin\u00e7 K\u00fcresel Vana, s\u0131v\u0131 ya da gaz\u0131n ak\u0131\u015f\u0131n\u0131 kontrol eden bir kapatma vanas\u0131 olarak kullan\u0131lmaktad\u0131r. Bir deli\u011fe sahip d\u00f6ner\",\"breadcrumb\":{\"@id\":\"http:\\\/\\\/govalf.com\\\/tr\\\/product\\\/pirinc-kuresel-vana\\\/#breadcrumb\"},\"inLanguage\":\"tr\",\"potentialAction\":[{\"@type\":\"ReadAction\",\"target\":[\"http:\\\/\\\/govalf.com\\\/tr\\\/product\\\/pirinc-kuresel-vana\\\/\"]}]},{\"@type\":\"ImageObject\",\"inLanguage\":\"tr\",\"@id\":\"http:\\\/\\\/govalf.com\\\/tr\\\/product\\\/pirinc-kuresel-vana\\\/#primaryimage\",\"url\":\"http:\\\/\\\/govalf.com\\\/wp-content\\\/uploads\\\/2022\\\/02\\\/PI\u0307RI\u0307NC\u0327-KU\u0308RESEL-VANA.png\",\"contentUrl\":\"http:\\\/\\\/govalf.com\\\/wp-content\\\/uploads\\\/2022\\\/02\\\/PI\u0307RI\u0307NC\u0327-KU\u0308RESEL-VANA.png\",\"width\":5000,\"height\":5000,\"caption\":\"Pirin\u00e7 K\u00fcresel Vana\"},{\"@type\":\"BreadcrumbList\",\"@id\":\"http:\\\/\\\/govalf.com\\\/tr\\\/product\\\/pirinc-kuresel-vana\\\/#breadcrumb\",\"itemListElement\":[{\"@type\":\"ListItem\",\"position\":1,\"name\":\"Anasayfa\",\"item\":\"https:\\\/\\\/govalf.com\\\/tr\\\/\"},{\"@type\":\"ListItem\",\"position\":2,\"name\":\"Products\",\"item\":\"http:\\\/\\\/govalf.com\\\/fr\\\/des-produits\\\/\"},{\"@type\":\"ListItem\",\"position\":3,\"name\":\"Pirin\u00e7 K\u00fcresel Vana\"}]},{\"@type\":\"WebSite\",\"@id\":\"http:\\\/\\\/govalf.com\\\/ru\\\/#website\",\"url\":\"http:\\\/\\\/govalf.com\\\/ru\\\/\",\"name\":\"Go Valf Vana ve Pompa Sistemleri\",\"description\":\"Yang\u0131n S\u00f6nd\u00fcrme Sistemleri ve Ekipmanlar\u0131\",\"publisher\":{\"@id\":\"http:\\\/\\\/govalf.com\\\/ru\\\/#organization\"},\"potentialAction\":[{\"@type\":\"SearchAction\",\"target\":{\"@type\":\"EntryPoint\",\"urlTemplate\":\"http:\\\/\\\/govalf.com\\\/ru\\\/?s={search_term_string}\"},\"query-input\":{\"@type\":\"PropertyValueSpecification\",\"valueRequired\":true,\"valueName\":\"search_term_string\"}}],\"inLanguage\":\"tr\"},{\"@type\":\"Organization\",\"@id\":\"http:\\\/\\\/govalf.com\\\/ru\\\/#organization\",\"name\":\"Go Valf\",\"url\":\"http:\\\/\\\/govalf.com\\\/ru\\\/\",\"logo\":{\"@type\":\"ImageObject\",\"inLanguage\":\"tr\",\"@id\":\"http:\\\/\\\/govalf.com\\\/ru\\\/#\\\/schema\\\/logo\\\/image\\\/\",\"url\":\"https:\\\/\\\/govalf.com\\\/wp-content\\\/uploads\\\/2022\\\/02\\\/go-valf-logo.png\",\"contentUrl\":\"https:\\\/\\\/govalf.com\\\/wp-content\\\/uploads\\\/2022\\\/02\\\/go-valf-logo.png\",\"width\":504,\"height\":120,\"caption\":\"Go Valf\"},\"image\":{\"@id\":\"http:\\\/\\\/govalf.com\\\/ru\\\/#\\\/schema\\\/logo\\\/image\\\/\"}}]}<\/script>\n<!-- \/ Yoast SEO plugin. -->","yoast_head_json":{"title":"Pirin\u00e7 K\u00fcresel Vana - Go Valf Vana ve Pompa Sistemleri","description":"Pirin\u00e7 K\u00fcresel Vana, s\u0131v\u0131 ya da gaz\u0131n ak\u0131\u015f\u0131n\u0131 kontrol eden bir kapatma vanas\u0131 olarak kullan\u0131lmaktad\u0131r. Bir deli\u011fe sahip d\u00f6ner","robots":{"index":"index","follow":"follow","max-snippet":"max-snippet:-1","max-image-preview":"max-image-preview:large","max-video-preview":"max-video-preview:-1"},"canonical":"http:\/\/govalf.com\/tr\/product\/pirinc-kuresel-vana\/","og_locale":"tr_TR","og_type":"article","og_title":"Pirin\u00e7 K\u00fcresel Vana - Go Valf Vana ve Pompa Sistemleri","og_description":"Pirin\u00e7 K\u00fcresel Vana, s\u0131v\u0131 ya da gaz\u0131n ak\u0131\u015f\u0131n\u0131 kontrol eden bir kapatma vanas\u0131 olarak kullan\u0131lmaktad\u0131r. Bir deli\u011fe sahip d\u00f6ner","og_url":"http:\/\/govalf.com\/tr\/product\/pirinc-kuresel-vana\/","og_site_name":"Go Valf Vana ve Pompa Sistemleri","article_modified_time":"2022-05-29T17:31:45+00:00","og_image":[{"width":1024,"height":1024,"url":"http:\/\/govalf.com\/wp-content\/uploads\/2022\/02\/PI\u0307RI\u0307NC\u0327-KU\u0308RESEL-VANA-1024x1024.png","type":"image\/png"}],"twitter_card":"summary_large_image","twitter_misc":{"Tahmini okuma s\u00fcresi":"5 dakika"},"schema":{"@context":"https:\/\/schema.org","@graph":[{"@type":"WebPage","@id":"http:\/\/govalf.com\/tr\/product\/pirinc-kuresel-vana\/","url":"http:\/\/govalf.com\/tr\/product\/pirinc-kuresel-vana\/","name":"Pirin\u00e7 K\u00fcresel Vana - Go Valf Vana ve Pompa Sistemleri","isPartOf":{"@id":"http:\/\/govalf.com\/ru\/#website"},"primaryImageOfPage":{"@id":"http:\/\/govalf.com\/tr\/product\/pirinc-kuresel-vana\/#primaryimage"},"image":{"@id":"http:\/\/govalf.com\/tr\/product\/pirinc-kuresel-vana\/#primaryimage"},"thumbnailUrl":"http:\/\/govalf.com\/wp-content\/uploads\/2022\/02\/PI\u0307RI\u0307NC\u0327-KU\u0308RESEL-VANA.png","datePublished":"2022-02-17T19:35:17+00:00","dateModified":"2022-05-29T17:31:45+00:00","description":"Pirin\u00e7 K\u00fcresel Vana, s\u0131v\u0131 ya da gaz\u0131n ak\u0131\u015f\u0131n\u0131 kontrol eden bir kapatma vanas\u0131 olarak kullan\u0131lmaktad\u0131r. Bir deli\u011fe sahip d\u00f6ner","breadcrumb":{"@id":"http:\/\/govalf.com\/tr\/product\/pirinc-kuresel-vana\/#breadcrumb"},"inLanguage":"tr","potentialAction":[{"@type":"ReadAction","target":["http:\/\/govalf.com\/tr\/product\/pirinc-kuresel-vana\/"]}]},{"@type":"ImageObject","inLanguage":"tr","@id":"http:\/\/govalf.com\/tr\/product\/pirinc-kuresel-vana\/#primaryimage","url":"http:\/\/govalf.com\/wp-content\/uploads\/2022\/02\/PI\u0307RI\u0307NC\u0327-KU\u0308RESEL-VANA.png","contentUrl":"http:\/\/govalf.com\/wp-content\/uploads\/2022\/02\/PI\u0307RI\u0307NC\u0327-KU\u0308RESEL-VANA.png","width":5000,"height":5000,"caption":"Pirin\u00e7 K\u00fcresel Vana"},{"@type":"BreadcrumbList","@id":"http:\/\/govalf.com\/tr\/product\/pirinc-kuresel-vana\/#breadcrumb","itemListElement":[{"@type":"ListItem","position":1,"name":"Anasayfa","item":"https:\/\/govalf.com\/tr\/"},{"@type":"ListItem","position":2,"name":"Products","item":"http:\/\/govalf.com\/fr\/des-produits\/"},{"@type":"ListItem","position":3,"name":"Pirin\u00e7 K\u00fcresel Vana"}]},{"@type":"WebSite","@id":"http:\/\/govalf.com\/ru\/#website","url":"http:\/\/govalf.com\/ru\/","name":"Go Valf Vana ve Pompa Sistemleri","description":"Yang\u0131n S\u00f6nd\u00fcrme Sistemleri ve Ekipmanlar\u0131","publisher":{"@id":"http:\/\/govalf.com\/ru\/#organization"},"potentialAction":[{"@type":"SearchAction","target":{"@type":"EntryPoint","urlTemplate":"http:\/\/govalf.com\/ru\/?s={search_term_string}"},"query-input":{"@type":"PropertyValueSpecification","valueRequired":true,"valueName":"search_term_string"}}],"inLanguage":"tr"},{"@type":"Organization","@id":"http:\/\/govalf.com\/ru\/#organization","name":"Go Valf","url":"http:\/\/govalf.com\/ru\/","logo":{"@type":"ImageObject","inLanguage":"tr","@id":"http:\/\/govalf.com\/ru\/#\/schema\/logo\/image\/","url":"https:\/\/govalf.com\/wp-content\/uploads\/2022\/02\/go-valf-logo.png","contentUrl":"https:\/\/govalf.com\/wp-content\/uploads\/2022\/02\/go-valf-logo.png","width":504,"height":120,"caption":"Go Valf"},"image":{"@id":"http:\/\/govalf.com\/ru\/#\/schema\/logo\/image\/"}}]}},"_links":{"self":[{"href":"http:\/\/govalf.com\/tr\/wp-json\/wp\/v2\/product\/2826","targetHints":{"allow":["GET"]}}],"collection":[{"href":"http:\/\/govalf.com\/tr\/wp-json\/wp\/v2\/product"}],"about":[{"href":"http:\/\/govalf.com\/tr\/wp-json\/wp\/v2\/types\/product"}],"replies":[{"embeddable":true,"href":"http:\/\/govalf.com\/tr\/wp-json\/wp\/v2\/comments?post=2826"}],"wp:featuredmedia":[{"embeddable":true,"href":"http:\/\/govalf.com\/tr\/wp-json\/wp\/v2\/media\/3592"}],"wp:attachment":[{"href":"http:\/\/govalf.com\/tr\/wp-json\/wp\/v2\/media?parent=2826"}],"wp:term":[{"taxonomy":"product_brand","embeddable":true,"href":"http:\/\/govalf.com\/tr\/wp-json\/wp\/v2\/product_brand?post=2826"},{"taxonomy":"product_cat","embeddable":true,"href":"http:\/\/govalf.com\/tr\/wp-json\/wp\/v2\/product_cat?post=2826"},{"taxonomy":"product_tag","embeddable":true,"href":"http:\/\/govalf.com\/tr\/wp-json\/wp\/v2\/product_tag?post=2826"}],"curies":[{"name":"wp","href":"https:\/\/api.w.org\/{rel}","templated":true}]}}