{"id":2857,"date":"2022-02-17T19:42:33","date_gmt":"2022-02-17T19:42:33","guid":{"rendered":"https:\/\/govalf.com\/?post_type=product&#038;p=2857"},"modified":"2022-05-30T17:46:33","modified_gmt":"2022-05-30T17:46:33","slug":"radyator-vanasi-kose","status":"publish","type":"product","link":"http:\/\/govalf.com\/tr\/product\/radyator-vanasi-kose\/","title":{"rendered":"Radyat\u00f6r Vanas\u0131 K\u00f6\u015fe"},"content":{"rendered":"<h1>Radyat\u00f6r Vanas\u0131 K\u00f6\u015fe<\/h1>\n<p><strong>Radyat\u00f6r Vanas\u0131 K\u00f6\u015fe <\/strong>radyat\u00f6r\u00fcn s\u0131cakl\u0131\u011f\u0131n\u0131 ayarlamaya yarayan vanalard\u0131r. \u0130stenilen oda s\u0131cakl\u0131\u011f\u0131n\u0131 ayarlamak i\u00e7in radyat\u00f6r \u00fczerinde yer alan skalalara bakmak ve ayarlamalar\u0131 bu skalalara g\u00f6re yapmak olanakl\u0131d\u0131r. K\u00f6\u015fe radyat\u00f6r vanalar\u0131, radyat\u00f6rlerin k\u00f6\u015fe k\u0131s\u0131mlar\u0131na montajlan\u0131r. Bu sayede hem yer kaplamaz hem de rahat bir \u015fekilde kullan\u0131labilir.<\/p>\n<p>K\u00f6\u015fe radyat\u00f6r vana \u00fczerindeki pim yava\u015f bir \u015fekilde itildi\u011finde suyun ak\u0131\u015f\u0131 yava\u015flar. B\u00f6ylelikle radyat\u00f6r\u00fcn gereksiz yere \u0131s\u0131nmas\u0131 \u00f6nlenir. S\u0131cakl\u0131k ayar\u0131n\u0131n efektif bir \u015fekilde yap\u0131lmas\u0131n\u0131 olanakl\u0131 k\u0131lan bu t\u00fcr vanalar, s\u0131cak su giri\u015fine tak\u0131l\u0131rlar. Do\u011fru ak\u0131\u015f y\u00f6n\u00fcnde montaj yap\u0131lmas\u0131, sistemin sorunsuz bir \u015fekilde \u00e7al\u0131\u015fabilmesi ad\u0131na bir hayli \u00f6nemlidir. Bu nedenle montaj a\u015famas\u0131nda titiz bir \u00e7al\u0131\u015fma sergilenmelidir.<\/p>\n<h2>Radyat\u00f6r Vanas\u0131 K\u00f6\u015fe Nedir, Ne \u0130\u015fe Yarar?<\/h2>\n<p>DN15 \u00fcretim standartlar\u0131na g\u00f6re \u00fcretimi ger\u00e7ekle\u015ftirilen <strong>Radyat\u00f6r Vanas\u0131 K\u00f6\u015fe <\/strong>yenilik\u00e7i \u00f6zellikleri b\u00fcnyesinde bar\u0131nd\u0131ran bir \u00fcr\u00fcnd\u00fcr. Tasar\u0131m\u0131 TS 579 standartlar\u0131na g\u00f6re yap\u0131lmaktad\u0131r. Hem yatay hem de dikey bir \u015fekilde kullan\u0131labilen k\u00f6\u015fe radyat\u00f6r vanalar\u0131, MS58 kaliteli pirin\u00e7ten \u00fcretilmektedirler.<\/p>\n<p>Sahip oldu\u011fu \u00f6zellikler sayesinde d\u00fc\u015f\u00fck s\u0131cakl\u0131klarda y\u00fcksek bir performans g\u00f6sterirler. Oda s\u0131cakl\u0131\u011f\u0131n\u0131n istenilen seviyeye gelmesi i\u00e7in kullan\u0131lan bu t\u00fcr vanalar, k\u00f6\u015fe k\u0131s\u0131mlar\u0131nda yer alan ba\u011flant\u0131lar\u0131yla montaj edilir. \u0130stenilen oda s\u0131cakl\u0131\u011f\u0131 i\u00e7in vana \u00fczerinde yer alan pimler, oransal bir hareketi m\u00fcmk\u00fcn k\u0131lacak \u015fekilde yava\u015f\u00e7a d\u00f6nd\u00fcr\u00fcl\u00fcr. B\u00f6ylelikle su ak\u0131\u015f\u0131n\u0131 k\u0131smak ve radyat\u00f6r\u00fcn s\u0131cakl\u0131\u011f\u0131n\u0131 ayarlamak olanakl\u0131d\u0131r.<\/p>\n<h3>Nedir?<\/h3>\n<p>Radyat\u00f6rler, \u0131s\u0131nma ihtiyac\u0131n\u0131n kar\u015f\u0131lanmas\u0131 i\u00e7in kullan\u0131lan \u00fcr\u00fcnlerdir. Farkl\u0131 par\u00e7alar\u0131n bir araya gelmesiyle olu\u015fan radyat\u00f6rlerde, radyat\u00f6r s\u0131cakl\u0131\u011f\u0131n\u0131 sa\u011flamak i\u00e7in kullan\u0131lan en \u00f6nemli par\u00e7alardan biri radyat\u00f6r vanalar\u0131d\u0131r. <strong>Radyat\u00f6r Vanas\u0131 K\u00f6\u015fe, <\/strong>k\u00f6\u015fe k\u0131sm\u0131nda yer alan ba\u011flant\u0131 noktas\u0131 ile sisteme entegre edilir.<\/p>\n<p>Bu t\u00fcr vanalar, temel olarak a\u00e7\u0131l\u0131 vanalara benzemektedir. Genellikle dar alanlarda tercih edilen k\u00f6\u015fe radyat\u00f6r vanalar\u0131, yerden tasarruf edilmesini m\u00fcmk\u00fcn k\u0131lar. Duvara paralel bir \u015fekilde ve i\u00e7e d\u00f6n\u00fck olarak monte edildiklerini ifade etmek olanakl\u0131d\u0131r. Radyat\u00f6r i\u00e7in s\u0131cakl\u0131k ayarlamalar\u0131n\u0131 efektif bir \u015fekilde yapmak olanakl\u0131d\u0131r.<\/p>\n<h3>Ne \u0130\u015fe Yarar?<\/h3>\n<p><b>Ye<\/b>rden tasarruf edilmesi gerekti\u011finde kullan\u0131lan vana t\u00fcrlerinden bir tanesidir. K\u00f6\u015fe radyat\u00f6r vanalar\u0131n, genel hatlar\u0131yla \u015fu \u00f6zelliklere sahip olduklar\u0131n\u0131 s\u00f6yleyebiliriz:<\/p>\n<ul>\n<li>Hem yatay hem de dikey konumlarda kullan\u0131labilme \u00f6zellikleri bulunur.<\/li>\n<li>Duvara paralel olarak montajlanabildikleri i\u00e7in yerden tasarrufu olanakl\u0131 k\u0131lar.<\/li>\n<li>Vanaya ba\u011flanacak olan boru di\u015f boyunun, vana di\u015f boyundan daha k\u0131sa olmas\u0131 gereklidir.<\/li>\n<li>Montaj \u00f6ncesinde tesisatta bulunan toz, kum, tala\u015f gibi kal\u0131nt\u0131lar temizlenerek montaj bu i\u015flem sonras\u0131nda ger\u00e7ekle\u015ftirilmelidir.<\/li>\n<li>Ba\u011flant\u0131 di\u015fleri \u00fczerinde keten ya da a\u015f\u0131r\u0131 teflon kullan\u0131lmamal\u0131d\u0131r.<\/li>\n<li>Do\u011fru montaj kapsam\u0131nda ilk \u00f6nce rekor k\u0131sm\u0131 tesisata monte edilmelidir.<\/li>\n<\/ul>\n<p>Yenilik\u00e7i \u00f6zellikleri ile radyat\u00f6rdeki en \u00f6nemli par\u00e7alardan biri olan k\u00f6\u015fe radyat\u00f6r vanalar\u0131, kolay kullan\u0131m\u0131 da olanakl\u0131 hale getirmektedir. Bu nedenle kullan\u0131m alan\u0131n\u0131n geni\u015f oldu\u011funu, \u00f6zellikle dar alanlarda bu t\u00fcr vanalara ihtiya\u00e7 duyuldu\u011funu belirtmek m\u00fcmk\u00fcnd\u00fcr.<\/p>\n<h3>Nerelerde Kullan\u0131l\u0131r?<\/h3>\n<p><strong>Radyat\u00f6r Vanas\u0131 K\u00f6\u015fe <\/strong>kullan\u0131m alanlar\u0131 \u015fu \u015fekildedir:<\/p>\n<ul>\n<li>End\u00fcstriyel uygulamalar<\/li>\n<li>Radyat\u00f6rler<\/li>\n<li>Is\u0131tma sistemleri<\/li>\n<\/ul>\n<p>Bu ve bunun gibi alanlarda radyat\u00f6r vanalar\u0131n ihtiya\u00e7 duyulur. Pek \u00e7ok radyat\u00f6r vana t\u00fcr\u00fc bulunmakla birlikte k\u00f6\u015fe radyat\u00f6r vanalar\u0131n s\u0131kl\u0131kla tercih edildiklerini belirtmek m\u00fcmk\u00fcnd\u00fcr. \u00c7\u00fcnk\u00fc bu t\u00fcr vanalar, duvara paralel \u015fekilde monte edildikleri i\u00e7in fazladan yer i\u015fgal etme gibi durumlar\u0131 bulunmaz.<\/p>\n<p>Bu nedenle genellikle konutlarda yerden tasarruf i\u00e7in k\u00f6\u015fe radyat\u00f6r vanalar\u0131 kullan\u0131l\u0131r. Radyat\u00f6r vanalar\u0131 sayesinde radyat\u00f6r\u00fcn s\u0131cakl\u0131\u011f\u0131 istenilen seviyeye getirilebilir. B\u00f6ylelikle ortam\u0131n s\u0131cakl\u0131\u011f\u0131 da istenilen s\u0131cakl\u0131k seviyesine ula\u015ft\u0131r\u0131lm\u0131\u015f olur. Bu ba\u011flamda radyat\u00f6r vanalar\u0131n\u0131n, \u0131s\u0131tma sistemlerinin en \u00f6nemli par\u00e7alar\u0131ndan bir tanesi oldu\u011funu belirtmek m\u00fcmk\u00fcnd\u00fcr.<\/p>\n<p>&nbsp;<\/p>\n<p>&nbsp;<\/p>\n<table width=\"416\">\n<tbody>\n<tr>\n<td colspan=\"2\">\u00dcRET\u0130M STANDARTLARI<\/td>\n<\/tr>\n<tr>\n<td colspan=\"2\">DN15<\/td>\n<\/tr>\n<tr>\n<td width=\"152\">Tasar\u0131m<\/td>\n<td width=\"248\">TS 579<\/td>\n<\/tr>\n<tr>\n<td>Ba\u011flant\u0131<\/td>\n<td>Di\u015fli EN ISO 228-1<\/td>\n<\/tr>\n<tr>\n<td>Testler<\/td>\n<td>TS 579<\/td>\n<\/tr>\n<tr>\n<td>Markalama<\/td>\n<td>EN 19<\/td>\n<\/tr>\n<\/tbody>\n<\/table>\n<h3>\u00d6ZELL\u0130KLER\u0130<\/h3>\n<ul>\n<li>Radyat\u00f6r vanalar\u0131 mutlaka do\u011fru ak\u0131\u015f y\u00f6n\u00fcnde montaj yap\u0131lmal\u0131d\u0131r.<\/li>\n<li>Montajdan \u00f6nce tesisattaki tala\u015f, kum, toz ve ta\u015f gibi kal\u0131nt\u0131lar temizlenmelidir.<\/li>\n<li>Yatay ve dikey konumlarda kullan\u0131labilir.<\/li>\n<li>MS58 kaliteli pirin\u00e7ten \u00fcretilen FAF markal\u0131 pirin\u00e7 \u00fcr\u00fcnleri. D\u00fc\u015f\u00fck s\u0131cakl\u0131kta y\u00fcksek dayan\u0131kl\u0131l\u0131k ve darbe direncine sahiptir.<\/li>\n<li>Vanaya ba\u011flanacak boru di\u015f boyu, vana boru di\u015f boyundan k\u0131sa olmal\u0131d\u0131r.<\/li>\n<li>Ba\u011flant\u0131 di\u015fleri \u00fczerinde a\u015f\u0131r\u0131 teflon ve keten kullan\u0131m\u0131ndan ka\u00e7\u0131n\u0131lmal\u0131d\u0131r.<\/li>\n<li>\u00d6nce rekor k\u0131sm\u0131n\u0131 tesisata montaj yap\u0131n\u0131z. Vanay\u0131 kesinlikle rekor k\u0131sm\u0131ndan s\u0131k\u0131n. G\u00f6vdeden s\u0131karak montaj yap\u0131lmamal\u0131d\u0131r.<\/li>\n<\/ul>\n<p>UYGULAMA ALANLARI<\/p>\n<ul>\n<li>S\u0131cak su<\/li>\n<li>Radyat\u00f6rler<\/li>\n<li>End\u00fcstriyel Uygulamalar<\/li>\n<li>SICAKLIK<\/li>\n<li>+80 \u00b0C<\/li>\n<\/ul>\n<p><a href=\"https:\/\/govalf.com\/iletisim\/\">\u0130leti\u015fim<\/a><\/p>\n","protected":false},"excerpt":{"rendered":"<p>Radyat\u00f6r Vanas\u0131 K\u00f6\u015fe Radyat\u00f6r Vanas\u0131 K\u00f6\u015fe radyat\u00f6r\u00fcn s\u0131cakl\u0131\u011f\u0131n\u0131 ayarlamaya yarayan vanalard\u0131r. \u0130stenilen oda s\u0131cakl\u0131\u011f\u0131n\u0131 ayarlamak i\u00e7in radyat\u00f6r \u00fczerinde yer alan skalalara bakmak ve ayarlamalar\u0131 bu skalalara g\u00f6re yapmak olanakl\u0131d\u0131r. K\u00f6\u015fe radyat\u00f6r vanalar\u0131, radyat\u00f6rlerin k\u00f6\u015fe k\u0131s\u0131mlar\u0131na montajlan\u0131r. Bu sayede hem yer kaplamaz hem de rahat bir \u015fekilde kullan\u0131labilir. K\u00f6\u015fe radyat\u00f6r vana \u00fczerindeki pim yava\u015f bir \u015fekilde [&hellip;]<\/p>\n","protected":false},"featured_media":3572,"comment_status":"closed","ping_status":"closed","template":"","meta":{"_acf_changed":false},"product_brand":[],"product_cat":[69],"product_tag":[],"class_list":{"0":"post-2857","1":"product","2":"type-product","3":"status-publish","4":"has-post-thumbnail","6":"product_cat-pirinc","8":"first","9":"instock","10":"shipping-taxable","11":"purchasable","12":"product-type-simple"},"acf":[],"yoast_head":"<!-- This site is optimized with the Yoast SEO plugin v27.4 - https:\/\/yoast.com\/product\/yoast-seo-wordpress\/ -->\n<title>Radyat\u00f6r Vanas\u0131 K\u00f6\u015fe - Go Valf Vana ve Pompa Sistemleri<\/title>\n<meta name=\"description\" content=\"Radyat\u00f6r Vanas\u0131 K\u00f6\u015fe radyat\u00f6r\u00fcn s\u0131cakl\u0131\u011f\u0131n\u0131 ayarlamaya yarayan vanalard\u0131r. \u0130stenilen oda s\u0131cakl\u0131\u011f\u0131n\u0131 ayarlamak i\u00e7in radyat\u00f6r \u00fczerinde\" \/>\n<meta name=\"robots\" content=\"index, follow, max-snippet:-1, max-image-preview:large, max-video-preview:-1\" \/>\n<link rel=\"canonical\" href=\"https:\/\/govalf.com\/tr\/product\/radyator-vanasi-kose\/\" \/>\n<meta property=\"og:locale\" content=\"tr_TR\" \/>\n<meta property=\"og:type\" content=\"article\" \/>\n<meta property=\"og:title\" content=\"Radyat\u00f6r Vanas\u0131 K\u00f6\u015fe - Go Valf Vana ve Pompa Sistemleri\" \/>\n<meta property=\"og:description\" content=\"Radyat\u00f6r Vanas\u0131 K\u00f6\u015fe radyat\u00f6r\u00fcn s\u0131cakl\u0131\u011f\u0131n\u0131 ayarlamaya yarayan vanalard\u0131r. \u0130stenilen oda s\u0131cakl\u0131\u011f\u0131n\u0131 ayarlamak i\u00e7in radyat\u00f6r \u00fczerinde\" \/>\n<meta property=\"og:url\" content=\"https:\/\/govalf.com\/tr\/product\/radyator-vanasi-kose\/\" \/>\n<meta property=\"og:site_name\" content=\"Go Valf Vana ve Pompa Sistemleri\" \/>\n<meta property=\"article:modified_time\" content=\"2022-05-30T17:46:33+00:00\" \/>\n<meta property=\"og:image\" content=\"https:\/\/govalf.com\/wp-content\/uploads\/2022\/02\/RADYATO\u0308R-VANASI-KO\u0308S\u0327E-1024x1024.png\" \/>\n\t<meta property=\"og:image:width\" content=\"1024\" \/>\n\t<meta property=\"og:image:height\" content=\"1024\" \/>\n\t<meta property=\"og:image:type\" content=\"image\/png\" \/>\n<meta name=\"twitter:card\" content=\"summary_large_image\" \/>\n<meta name=\"twitter:label1\" content=\"Tahmini okuma s\u00fcresi\" \/>\n\t<meta name=\"twitter:data1\" content=\"5 dakika\" \/>\n<script type=\"application\/ld+json\" class=\"yoast-schema-graph\">{\"@context\":\"https:\\\/\\\/schema.org\",\"@graph\":[{\"@type\":\"WebPage\",\"@id\":\"https:\\\/\\\/govalf.com\\\/tr\\\/product\\\/radyator-vanasi-kose\\\/\",\"url\":\"https:\\\/\\\/govalf.com\\\/tr\\\/product\\\/radyator-vanasi-kose\\\/\",\"name\":\"Radyat\u00f6r Vanas\u0131 K\u00f6\u015fe - Go Valf Vana ve Pompa Sistemleri\",\"isPartOf\":{\"@id\":\"http:\\\/\\\/govalf.com\\\/ru\\\/#website\"},\"primaryImageOfPage\":{\"@id\":\"https:\\\/\\\/govalf.com\\\/tr\\\/product\\\/radyator-vanasi-kose\\\/#primaryimage\"},\"image\":{\"@id\":\"https:\\\/\\\/govalf.com\\\/tr\\\/product\\\/radyator-vanasi-kose\\\/#primaryimage\"},\"thumbnailUrl\":\"http:\\\/\\\/govalf.com\\\/wp-content\\\/uploads\\\/2022\\\/02\\\/RADYATO\u0308R-VANASI-KO\u0308S\u0327E.png\",\"datePublished\":\"2022-02-17T19:42:33+00:00\",\"dateModified\":\"2022-05-30T17:46:33+00:00\",\"description\":\"Radyat\u00f6r Vanas\u0131 K\u00f6\u015fe radyat\u00f6r\u00fcn s\u0131cakl\u0131\u011f\u0131n\u0131 ayarlamaya yarayan vanalard\u0131r. \u0130stenilen oda s\u0131cakl\u0131\u011f\u0131n\u0131 ayarlamak i\u00e7in radyat\u00f6r \u00fczerinde\",\"breadcrumb\":{\"@id\":\"https:\\\/\\\/govalf.com\\\/tr\\\/product\\\/radyator-vanasi-kose\\\/#breadcrumb\"},\"inLanguage\":\"tr\",\"potentialAction\":[{\"@type\":\"ReadAction\",\"target\":[\"https:\\\/\\\/govalf.com\\\/tr\\\/product\\\/radyator-vanasi-kose\\\/\"]}]},{\"@type\":\"ImageObject\",\"inLanguage\":\"tr\",\"@id\":\"https:\\\/\\\/govalf.com\\\/tr\\\/product\\\/radyator-vanasi-kose\\\/#primaryimage\",\"url\":\"http:\\\/\\\/govalf.com\\\/wp-content\\\/uploads\\\/2022\\\/02\\\/RADYATO\u0308R-VANASI-KO\u0308S\u0327E.png\",\"contentUrl\":\"http:\\\/\\\/govalf.com\\\/wp-content\\\/uploads\\\/2022\\\/02\\\/RADYATO\u0308R-VANASI-KO\u0308S\u0327E.png\",\"width\":5000,\"height\":5000,\"caption\":\"Radyat\u00f6r Vanas\u0131 K\u00f6\u015fe\"},{\"@type\":\"BreadcrumbList\",\"@id\":\"https:\\\/\\\/govalf.com\\\/tr\\\/product\\\/radyator-vanasi-kose\\\/#breadcrumb\",\"itemListElement\":[{\"@type\":\"ListItem\",\"position\":1,\"name\":\"Anasayfa\",\"item\":\"https:\\\/\\\/govalf.com\\\/tr\\\/\"},{\"@type\":\"ListItem\",\"position\":2,\"name\":\"Products\",\"item\":\"http:\\\/\\\/govalf.com\\\/ru\\\/%d0%bf%d1%80%d0%be%d0%b4%d1%83%d0%ba%d1%82%d1%8b\\\/\"},{\"@type\":\"ListItem\",\"position\":3,\"name\":\"Radyat\u00f6r Vanas\u0131 K\u00f6\u015fe\"}]},{\"@type\":\"WebSite\",\"@id\":\"http:\\\/\\\/govalf.com\\\/ru\\\/#website\",\"url\":\"http:\\\/\\\/govalf.com\\\/ru\\\/\",\"name\":\"Go Valf Vana ve Pompa Sistemleri\",\"description\":\"Yang\u0131n S\u00f6nd\u00fcrme Sistemleri ve Ekipmanlar\u0131\",\"publisher\":{\"@id\":\"http:\\\/\\\/govalf.com\\\/ru\\\/#organization\"},\"potentialAction\":[{\"@type\":\"SearchAction\",\"target\":{\"@type\":\"EntryPoint\",\"urlTemplate\":\"http:\\\/\\\/govalf.com\\\/ru\\\/?s={search_term_string}\"},\"query-input\":{\"@type\":\"PropertyValueSpecification\",\"valueRequired\":true,\"valueName\":\"search_term_string\"}}],\"inLanguage\":\"tr\"},{\"@type\":\"Organization\",\"@id\":\"http:\\\/\\\/govalf.com\\\/ru\\\/#organization\",\"name\":\"Go Valf\",\"url\":\"http:\\\/\\\/govalf.com\\\/ru\\\/\",\"logo\":{\"@type\":\"ImageObject\",\"inLanguage\":\"tr\",\"@id\":\"http:\\\/\\\/govalf.com\\\/ru\\\/#\\\/schema\\\/logo\\\/image\\\/\",\"url\":\"https:\\\/\\\/govalf.com\\\/wp-content\\\/uploads\\\/2022\\\/02\\\/go-valf-logo.png\",\"contentUrl\":\"https:\\\/\\\/govalf.com\\\/wp-content\\\/uploads\\\/2022\\\/02\\\/go-valf-logo.png\",\"width\":504,\"height\":120,\"caption\":\"Go Valf\"},\"image\":{\"@id\":\"http:\\\/\\\/govalf.com\\\/ru\\\/#\\\/schema\\\/logo\\\/image\\\/\"}}]}<\/script>\n<!-- \/ Yoast SEO plugin. -->","yoast_head_json":{"title":"Radyat\u00f6r Vanas\u0131 K\u00f6\u015fe - Go Valf Vana ve Pompa Sistemleri","description":"Radyat\u00f6r Vanas\u0131 K\u00f6\u015fe radyat\u00f6r\u00fcn s\u0131cakl\u0131\u011f\u0131n\u0131 ayarlamaya yarayan vanalard\u0131r. \u0130stenilen oda s\u0131cakl\u0131\u011f\u0131n\u0131 ayarlamak i\u00e7in radyat\u00f6r \u00fczerinde","robots":{"index":"index","follow":"follow","max-snippet":"max-snippet:-1","max-image-preview":"max-image-preview:large","max-video-preview":"max-video-preview:-1"},"canonical":"https:\/\/govalf.com\/tr\/product\/radyator-vanasi-kose\/","og_locale":"tr_TR","og_type":"article","og_title":"Radyat\u00f6r Vanas\u0131 K\u00f6\u015fe - Go Valf Vana ve Pompa Sistemleri","og_description":"Radyat\u00f6r Vanas\u0131 K\u00f6\u015fe radyat\u00f6r\u00fcn s\u0131cakl\u0131\u011f\u0131n\u0131 ayarlamaya yarayan vanalard\u0131r. \u0130stenilen oda s\u0131cakl\u0131\u011f\u0131n\u0131 ayarlamak i\u00e7in radyat\u00f6r \u00fczerinde","og_url":"https:\/\/govalf.com\/tr\/product\/radyator-vanasi-kose\/","og_site_name":"Go Valf Vana ve Pompa Sistemleri","article_modified_time":"2022-05-30T17:46:33+00:00","og_image":[{"width":1024,"height":1024,"url":"https:\/\/govalf.com\/wp-content\/uploads\/2022\/02\/RADYATO\u0308R-VANASI-KO\u0308S\u0327E-1024x1024.png","type":"image\/png"}],"twitter_card":"summary_large_image","twitter_misc":{"Tahmini okuma s\u00fcresi":"5 dakika"},"schema":{"@context":"https:\/\/schema.org","@graph":[{"@type":"WebPage","@id":"https:\/\/govalf.com\/tr\/product\/radyator-vanasi-kose\/","url":"https:\/\/govalf.com\/tr\/product\/radyator-vanasi-kose\/","name":"Radyat\u00f6r Vanas\u0131 K\u00f6\u015fe - Go Valf Vana ve Pompa Sistemleri","isPartOf":{"@id":"http:\/\/govalf.com\/ru\/#website"},"primaryImageOfPage":{"@id":"https:\/\/govalf.com\/tr\/product\/radyator-vanasi-kose\/#primaryimage"},"image":{"@id":"https:\/\/govalf.com\/tr\/product\/radyator-vanasi-kose\/#primaryimage"},"thumbnailUrl":"http:\/\/govalf.com\/wp-content\/uploads\/2022\/02\/RADYATO\u0308R-VANASI-KO\u0308S\u0327E.png","datePublished":"2022-02-17T19:42:33+00:00","dateModified":"2022-05-30T17:46:33+00:00","description":"Radyat\u00f6r Vanas\u0131 K\u00f6\u015fe radyat\u00f6r\u00fcn s\u0131cakl\u0131\u011f\u0131n\u0131 ayarlamaya yarayan vanalard\u0131r. \u0130stenilen oda s\u0131cakl\u0131\u011f\u0131n\u0131 ayarlamak i\u00e7in radyat\u00f6r \u00fczerinde","breadcrumb":{"@id":"https:\/\/govalf.com\/tr\/product\/radyator-vanasi-kose\/#breadcrumb"},"inLanguage":"tr","potentialAction":[{"@type":"ReadAction","target":["https:\/\/govalf.com\/tr\/product\/radyator-vanasi-kose\/"]}]},{"@type":"ImageObject","inLanguage":"tr","@id":"https:\/\/govalf.com\/tr\/product\/radyator-vanasi-kose\/#primaryimage","url":"http:\/\/govalf.com\/wp-content\/uploads\/2022\/02\/RADYATO\u0308R-VANASI-KO\u0308S\u0327E.png","contentUrl":"http:\/\/govalf.com\/wp-content\/uploads\/2022\/02\/RADYATO\u0308R-VANASI-KO\u0308S\u0327E.png","width":5000,"height":5000,"caption":"Radyat\u00f6r Vanas\u0131 K\u00f6\u015fe"},{"@type":"BreadcrumbList","@id":"https:\/\/govalf.com\/tr\/product\/radyator-vanasi-kose\/#breadcrumb","itemListElement":[{"@type":"ListItem","position":1,"name":"Anasayfa","item":"https:\/\/govalf.com\/tr\/"},{"@type":"ListItem","position":2,"name":"Products","item":"http:\/\/govalf.com\/ru\/%d0%bf%d1%80%d0%be%d0%b4%d1%83%d0%ba%d1%82%d1%8b\/"},{"@type":"ListItem","position":3,"name":"Radyat\u00f6r Vanas\u0131 K\u00f6\u015fe"}]},{"@type":"WebSite","@id":"http:\/\/govalf.com\/ru\/#website","url":"http:\/\/govalf.com\/ru\/","name":"Go Valf Vana ve Pompa Sistemleri","description":"Yang\u0131n S\u00f6nd\u00fcrme Sistemleri ve Ekipmanlar\u0131","publisher":{"@id":"http:\/\/govalf.com\/ru\/#organization"},"potentialAction":[{"@type":"SearchAction","target":{"@type":"EntryPoint","urlTemplate":"http:\/\/govalf.com\/ru\/?s={search_term_string}"},"query-input":{"@type":"PropertyValueSpecification","valueRequired":true,"valueName":"search_term_string"}}],"inLanguage":"tr"},{"@type":"Organization","@id":"http:\/\/govalf.com\/ru\/#organization","name":"Go Valf","url":"http:\/\/govalf.com\/ru\/","logo":{"@type":"ImageObject","inLanguage":"tr","@id":"http:\/\/govalf.com\/ru\/#\/schema\/logo\/image\/","url":"https:\/\/govalf.com\/wp-content\/uploads\/2022\/02\/go-valf-logo.png","contentUrl":"https:\/\/govalf.com\/wp-content\/uploads\/2022\/02\/go-valf-logo.png","width":504,"height":120,"caption":"Go Valf"},"image":{"@id":"http:\/\/govalf.com\/ru\/#\/schema\/logo\/image\/"}}]}},"_links":{"self":[{"href":"http:\/\/govalf.com\/tr\/wp-json\/wp\/v2\/product\/2857","targetHints":{"allow":["GET"]}}],"collection":[{"href":"http:\/\/govalf.com\/tr\/wp-json\/wp\/v2\/product"}],"about":[{"href":"http:\/\/govalf.com\/tr\/wp-json\/wp\/v2\/types\/product"}],"replies":[{"embeddable":true,"href":"http:\/\/govalf.com\/tr\/wp-json\/wp\/v2\/comments?post=2857"}],"wp:featuredmedia":[{"embeddable":true,"href":"http:\/\/govalf.com\/tr\/wp-json\/wp\/v2\/media\/3572"}],"wp:attachment":[{"href":"http:\/\/govalf.com\/tr\/wp-json\/wp\/v2\/media?parent=2857"}],"wp:term":[{"taxonomy":"product_brand","embeddable":true,"href":"http:\/\/govalf.com\/tr\/wp-json\/wp\/v2\/product_brand?post=2857"},{"taxonomy":"product_cat","embeddable":true,"href":"http:\/\/govalf.com\/tr\/wp-json\/wp\/v2\/product_cat?post=2857"},{"taxonomy":"product_tag","embeddable":true,"href":"http:\/\/govalf.com\/tr\/wp-json\/wp\/v2\/product_tag?post=2857"}],"curies":[{"name":"wp","href":"https:\/\/api.w.org\/{rel}","templated":true}]}}