{"id":2869,"date":"2022-02-18T06:29:12","date_gmt":"2022-02-18T06:29:12","guid":{"rendered":"https:\/\/govalf.com\/?post_type=product&#038;p=2869"},"modified":"2022-06-02T19:49:24","modified_gmt":"2022-06-02T19:49:24","slug":"sprinkler-baglanti-hortumlari","status":"publish","type":"product","link":"http:\/\/govalf.com\/tr\/product\/sprinkler-baglanti-hortumlari\/","title":{"rendered":"Sprinkler Ba\u011flant\u0131 Hortumlar\u0131"},"content":{"rendered":"<h1>Sprinkler Ba\u011flant\u0131 Hortumlar\u0131<\/h1>\n<p><strong>Sprinkler ba\u011flant\u0131 hortumlar\u0131<\/strong>, olas\u0131 bir yang\u0131n durumunda yang\u0131n s\u00f6nd\u00fcrme sisteminin devreye girmesiyle ilk m\u00fcdahalede bulunan elemanlar\u0131d\u0131r. Yang\u0131n s\u00f6nd\u00fcrme sistemlerinin en \u00f6nemli par\u00e7alar\u0131ndan biri olmakla birlikte ba\u011flant\u0131 hortumlar\u0131, esnek bir yap\u0131ya sahiptir. Esnek yap\u0131lar\u0131 sayesinde yer hareketlerine kar\u015f\u0131 absorbe etme \u00f6zelli\u011fine de sahiptir. \u00c7o\u011funlukla y\u00fcksekli\u011fi fazla olan alanlarda tavana monte edilen sprinkler ba\u011flant\u0131 hortumu, s\u0131v\u0131 g\u00fcc\u00fcn\u00fc ba\u011fl\u0131 bulunduklar\u0131 tesisattan al\u0131r. Genel olarak sprinkler sistemi, g\u00fcn\u00fcm\u00fczde yang\u0131nla m\u00fccadele etme konusunda en yayg\u0131n olarak tercih edilen sistemlerdir. Yang\u0131na m\u00fcdahalenin zor oldu\u011fu hemen her alanda kullan\u0131labilen bu sistemler, an\u0131nda ve h\u0131zla yang\u0131na m\u00fcdahale eder .<\/p>\n<h2>Sprinkler Ba\u011flant\u0131 Hortumlar\u0131 Nedir, Ne \u0130\u015fe Yarar?<\/h2>\n<p><strong>Sprinkler ba\u011flant\u0131 hortumlar\u0131<\/strong>, sprinkler sistemi i\u00e7erisinde; yang\u0131n hatt\u0131yla sistemi birbirine ba\u011flayan esnek yap\u0131daki elemanlard\u0131r. Ba\u011flant\u0131 hortumlar\u0131n\u0131n en temel g\u00f6revi s\u0131v\u0131 ak\u0131\u015f\u0131n\u0131 sa\u011flamak ve sahip oldu\u011fu esneklikle sistem i\u00e7erisinde s\u00f6n\u00fcmleme ger\u00e7ekle\u015ftirmektir. Paslanmaz \u00e7elikten imal edilen sprinkler hortumlar\u0131, dayan\u0131kl\u0131 bir yap\u0131ya sahiptir.<\/p>\n<p>Sprinkler ba\u011flant\u0131 hortumlar\u0131n\u0131n bir di\u011fer i\u015flevi de sistemin genel g\u00fcvenli\u011fi art\u0131rmak ve sorunsuz \u00e7al\u0131\u015fmas\u0131n\u0131 sa\u011flamak \u00fczerinedir. Ayr\u0131ca son derece kolay ve h\u0131zl\u0131 monte edilebiliyor olmalar\u0131 kullan\u0131m bak\u0131m\u0131ndan da kolayl\u0131k sa\u011flar. Ayn\u0131 zamanda sistem i\u00e7erisinde uzun s\u00fcreli kalan s\u0131v\u0131n\u0131n yaratt\u0131\u011f\u0131 korofiz gibi etkilere kar\u015f\u0131 da y\u00fcksek d\u00fczeyde dirence ve dayan\u0131kl\u0131l\u0131\u011fa sahiptir.<\/p>\n<h3>Sprinkler Ba\u011flant\u0131 Hortumlar\u0131 Nedir?<\/h3>\n<p><strong>Sprinkler ba\u011flant\u0131 hortumlar\u0131<\/strong>, yang\u0131n s\u00f6nd\u00fcrme sistemlerinde bulunan rijit boru hatlar\u0131ndaki ba\u011flant\u0131y\u0131 sa\u011flayan par\u00e7alard\u0131r. B\u00fcy\u00fck oranda esnek bir yap\u0131ya sahiptirler. Bu \u00f6zellikleriyle tesisat i\u00e7erisindeki biriken stresi absorbe etme kabiliyetini de g\u00f6sterirler. Bir di\u011fer isimleri ise flexi yang\u0131n s\u00f6nd\u00fcrme hortumlar\u0131d\u0131r.<\/p>\n<p>Sprinkler ba\u011flant\u0131 hortumlar\u0131n\u0131n sa\u011flad\u0131\u011f\u0131 bir\u00e7ok avantaj bulunur. \u00d6zellikle sistemde ortaya \u00e7\u0131kabilecek olas\u0131 aksakl\u0131klara kar\u015f\u0131 i\u015f\u00e7ilik, zaman ve maddi tasarruf sa\u011flar. Ba\u011flant\u0131n\u0131n ger\u00e7ekle\u015ftirildi\u011fi b\u00f6lgede ya da tesisat\u0131n geri kalan\u0131nda ortaya \u00e7\u0131kabilecek olas\u0131 aksakl\u0131klar\u0131n giderilmesini ya da bak\u0131m gibi rutin uygulamalar\u0131n daha kolay ger\u00e7ekle\u015ftirilebilmesini sa\u011flar. B\u00f6ylelikle i\u015f\u00e7ilikten \u00f6nemli \u00f6l\u00e7\u00fcde tasarruf etme avantaj\u0131 sunmaktad\u0131r.<\/p>\n<h3>Sprinkler Ba\u011flant\u0131 Hortumlar\u0131 Ne \u0130\u015fe Yarar?<\/h3>\n<p><strong>Sprinkler ba\u011flant\u0131 hortumlar\u0131<\/strong>, sprinkler tesisat\u0131ndaki hatlarda ya\u015fanabilecek olas\u0131 risklerin giderilmesi amac\u0131yla ba\u011flant\u0131 sa\u011flama i\u015flevine sahiptir. Olas\u0131 aksakl\u0131klarda sistemin t\u00fcm\u00fcyle ilgili i\u015flem yap\u0131lmas\u0131 yerine sadece b\u00f6lgesel m\u00fcdahale ger\u00e7ekle\u015febilmesini imkanl\u0131 hale getiren ba\u011flant\u0131 hortumlar\u0131, esnek yap\u0131lar\u0131 sayesinde sistem g\u00fcvenli\u011fine de \u00f6nemli bir katk\u0131 sunar. Bir\u00e7ok i\u015flevi bulunan bu hortumlar, maliyet a\u00e7\u0131s\u0131nda da \u00f6nemli avantajlar vadeder.<\/p>\n<p>Ayr\u0131ca sprinkler ba\u011flant\u0131 hortumlar\u0131n\u0131n, tesisat i\u00e7erisindeki bas\u0131n\u00e7 seviyesinin artmas\u0131na ba\u011fl\u0131 olarak de\u011fi\u015ftirilmesi gerekmez. Bu ba\u011flant\u0131 elemanlar\u0131, sisteme adapte olarak bas\u0131n\u00e7 dengesinin de\u011fi\u015fmesine kar\u015f\u0131n ayn\u0131 pozisyonda kalabilir. Paslanmaz \u00e7elik yap\u0131ya sahip olmalar\u0131 nedeniyle y\u00fcksek s\u0131cakl\u0131klara kar\u015f\u0131 olduk\u00e7a diren\u00e7li bir yap\u0131ya sahiptirler. Kolay bi\u00e7imde montaj i\u015flemleri tamamlanabildi\u011fi gibi maliyet bak\u0131m\u0131ndan olduk\u00e7a d\u00fc\u015f\u00fck maliyetlidirler.<\/p>\n<h3>Sprinkler Ba\u011flant\u0131 Hortumlar\u0131 Nerelerde Kullan\u0131l\u0131r?<\/h3>\n<p><strong>Sprinkler ba\u011flant\u0131 hortumlar\u0131<\/strong>, 16 bara kadar \u00e7al\u0131\u015fma bas\u0131nc\u0131na sahiptir. 200 mm kadar b\u00fck\u00fclme yar\u0131 \u00e7ap\u0131 bulunan ba\u011flant\u0131 hortumlar\u0131, g\u00fcn\u00fcm\u00fczde olduk\u00e7a geni\u015f yelpazeli bir kullan\u0131m alan\u0131n\u0131 i\u00e7erir. Yang\u0131n tesisatlar\u0131nda rijit boru hatlar\u0131n\u0131n bulundu\u011fu hemen her alanda kolayl\u0131kla kullan\u0131lmalar\u0131 m\u00fcmk\u00fcnd\u00fcr. \u00d6zellikle kamusal alanlarda sprinkler tesisat\u0131n\u0131n genel g\u00fcvenli\u011fini sa\u011flamak \u00fczere ba\u011flant\u0131 hortumlar\u0131na ihtiya\u00e7 duyulur.<\/p>\n<p>Sprinkler sisteminin ve dolay\u0131s\u0131yla ba\u011flant\u0131 hortumlar\u0131n\u0131n kullan\u0131ld\u0131klar\u0131 alanlar genel hatlar\u0131yla \u015fu \u015fekilde ifade edilebilir:<\/p>\n<ul>\n<li>Hastaneler, i\u015f merkezleri ve kamusal alanlar,<\/li>\n<li>E\u011fitim kurumlar\u0131, \u00e7e\u015fitli sa\u011fl\u0131k kurulu\u015flar\u0131,<\/li>\n<li>\u00dcretim tesisleri, fabrikalar,<\/li>\n<li>Al\u0131\u015fveri\u015f merkezleri ve ma\u011fazalar<\/li>\n<\/ul>\n<p>Bu alanlar\u0131n d\u0131\u015f\u0131nda da sprinkler sisteminin yang\u0131na kar\u015f\u0131 \u00f6nlem al\u0131nmas\u0131 gereken her t\u00fcrden durum ve alanda kullan\u0131lmas\u0131 olanakl\u0131d\u0131r.<\/p>\n<p>Sprinkler sistemi, yang\u0131n esnas\u0131nda otomatik devreye giren ve alevlerin \u00fczerine su s\u0131karak yang\u0131n\u0131n yay\u0131lmas\u0131n\u0131 \u00f6nleyen veya yang\u0131n\u0131 s\u00f6nd\u00fcren sistemlerdir. Bu sistemler binalar\u0131n tavan\u0131na yak\u0131n olarak yerle\u015ftirilir ve suyu ba\u011fl\u0131 olduklar\u0131 boru sistemi vas\u0131tas\u0131yla al\u0131rlar. Sprinkler sistemleri, yang\u0131na m\u00fcdahalenin zor oldu\u011fu veya ula\u015f\u0131lamad\u0131\u011f\u0131 yerlerde tercih edilirler.<\/p>\n<h2><strong>\u00d6zellikler<\/strong><\/h2>\n<ul>\n<li>Hortum Malzemesi:AISI 316L<\/li>\n<li>\u00d6rg\u00fc Malzemesi:AISI304<\/li>\n<li>Fitting Malzemesi:St37.2<\/li>\n<li>Ba\u011flant\u0131:1&#8243; Line \/\u00a0<sup>1<\/sup>\u2044<sub>2<\/sub>&#8221; Sprinkler<\/li>\n<li>Hortum:DN20 \/ DN25<\/li>\n<li>\u00c7al\u0131\u015fma Bas\u0131nc\u0131:16 Bar<\/li>\n<li>B\u00fck\u00fclme Yar\u0131\u00e7ap\u0131:Min. 200 mm<\/li>\n<\/ul>\n<h2><strong>Kullan\u0131m alanlar\u0131<\/strong><\/h2>\n<ul>\n<li>Al\u0131\u015fveri\u015f Merkezleri<\/li>\n<li>Hastaneler<\/li>\n<li>\u0130\u015f Merkezleri<\/li>\n<li>Okullar<\/li>\n<li>Fabrikalar<\/li>\n<li>Kamuya A\u00e7\u0131k Yap\u0131lar<\/li>\n<\/ul>\n<p><a href=\"https:\/\/govalf.com\/iletisim\/\">\u0130leti\u015fim<\/a><\/p>\n","protected":false},"excerpt":{"rendered":"<p>Sprinkler Ba\u011flant\u0131 Hortumlar\u0131 Sprinkler ba\u011flant\u0131 hortumlar\u0131, olas\u0131 bir yang\u0131n durumunda yang\u0131n s\u00f6nd\u00fcrme sisteminin devreye girmesiyle ilk m\u00fcdahalede bulunan elemanlar\u0131d\u0131r. Yang\u0131n s\u00f6nd\u00fcrme sistemlerinin en \u00f6nemli par\u00e7alar\u0131ndan biri olmakla birlikte ba\u011flant\u0131 hortumlar\u0131, esnek bir yap\u0131ya sahiptir. Esnek yap\u0131lar\u0131 sayesinde yer hareketlerine kar\u015f\u0131 absorbe etme \u00f6zelli\u011fine de sahiptir. \u00c7o\u011funlukla y\u00fcksekli\u011fi fazla olan alanlarda tavana monte edilen sprinkler ba\u011flant\u0131 [&hellip;]<\/p>\n","protected":false},"featured_media":2870,"comment_status":"closed","ping_status":"closed","template":"","meta":{"_acf_changed":false},"product_brand":[],"product_cat":[70],"product_tag":[],"class_list":{"0":"post-2869","1":"product","2":"type-product","3":"status-publish","4":"has-post-thumbnail","6":"product_cat-kompansator","8":"first","9":"instock","10":"shipping-taxable","11":"purchasable","12":"product-type-simple"},"acf":[],"yoast_head":"<!-- This site is optimized with the Yoast SEO plugin v27.4 - https:\/\/yoast.com\/product\/yoast-seo-wordpress\/ -->\n<title>Sprinkler Ba\u011flant\u0131 Hortumlar\u0131 - Go Valf Vana ve Pompa Sistemleri<\/title>\n<meta name=\"description\" content=\"Sprinkler ba\u011flant\u0131 hortumlar\u0131, olas\u0131 bir yang\u0131n durumunda yang\u0131n s\u00f6nd\u00fcrme sisteminin devreye girmesiyle ilk m\u00fcdahalede bulunan elemanlar\u0131d\u0131r.\" \/>\n<meta name=\"robots\" content=\"index, follow, max-snippet:-1, max-image-preview:large, max-video-preview:-1\" \/>\n<link rel=\"canonical\" href=\"http:\/\/govalf.com\/tr\/product\/sprinkler-baglanti-hortumlari\/\" \/>\n<meta property=\"og:locale\" content=\"tr_TR\" \/>\n<meta property=\"og:type\" content=\"article\" \/>\n<meta property=\"og:title\" content=\"Sprinkler Ba\u011flant\u0131 Hortumlar\u0131 - Go Valf Vana ve Pompa Sistemleri\" \/>\n<meta property=\"og:description\" content=\"Sprinkler ba\u011flant\u0131 hortumlar\u0131, olas\u0131 bir yang\u0131n durumunda yang\u0131n s\u00f6nd\u00fcrme sisteminin devreye girmesiyle ilk m\u00fcdahalede bulunan elemanlar\u0131d\u0131r.\" \/>\n<meta property=\"og:url\" content=\"http:\/\/govalf.com\/tr\/product\/sprinkler-baglanti-hortumlari\/\" \/>\n<meta property=\"og:site_name\" content=\"Go Valf Vana ve Pompa Sistemleri\" \/>\n<meta property=\"article:modified_time\" content=\"2022-06-02T19:49:24+00:00\" \/>\n<meta property=\"og:image\" content=\"http:\/\/govalf.com\/wp-content\/uploads\/2022\/02\/Sprinkler-Baglanti-Hortumlari.jpg\" \/>\n\t<meta property=\"og:image:width\" content=\"440\" \/>\n\t<meta property=\"og:image:height\" content=\"365\" \/>\n\t<meta property=\"og:image:type\" content=\"image\/jpeg\" \/>\n<meta name=\"twitter:card\" content=\"summary_large_image\" \/>\n<meta name=\"twitter:label1\" content=\"Tahmini okuma s\u00fcresi\" \/>\n\t<meta name=\"twitter:data1\" content=\"4 dakika\" \/>\n<script type=\"application\/ld+json\" class=\"yoast-schema-graph\">{\"@context\":\"https:\\\/\\\/schema.org\",\"@graph\":[{\"@type\":\"WebPage\",\"@id\":\"http:\\\/\\\/govalf.com\\\/tr\\\/product\\\/sprinkler-baglanti-hortumlari\\\/\",\"url\":\"http:\\\/\\\/govalf.com\\\/tr\\\/product\\\/sprinkler-baglanti-hortumlari\\\/\",\"name\":\"Sprinkler Ba\u011flant\u0131 Hortumlar\u0131 - Go Valf Vana ve Pompa Sistemleri\",\"isPartOf\":{\"@id\":\"http:\\\/\\\/govalf.com\\\/ru\\\/#website\"},\"primaryImageOfPage\":{\"@id\":\"http:\\\/\\\/govalf.com\\\/tr\\\/product\\\/sprinkler-baglanti-hortumlari\\\/#primaryimage\"},\"image\":{\"@id\":\"http:\\\/\\\/govalf.com\\\/tr\\\/product\\\/sprinkler-baglanti-hortumlari\\\/#primaryimage\"},\"thumbnailUrl\":\"http:\\\/\\\/govalf.com\\\/wp-content\\\/uploads\\\/2022\\\/02\\\/Sprinkler-Baglanti-Hortumlari.jpg\",\"datePublished\":\"2022-02-18T06:29:12+00:00\",\"dateModified\":\"2022-06-02T19:49:24+00:00\",\"description\":\"Sprinkler ba\u011flant\u0131 hortumlar\u0131, olas\u0131 bir yang\u0131n durumunda yang\u0131n s\u00f6nd\u00fcrme sisteminin devreye girmesiyle ilk m\u00fcdahalede bulunan elemanlar\u0131d\u0131r.\",\"breadcrumb\":{\"@id\":\"http:\\\/\\\/govalf.com\\\/tr\\\/product\\\/sprinkler-baglanti-hortumlari\\\/#breadcrumb\"},\"inLanguage\":\"tr\",\"potentialAction\":[{\"@type\":\"ReadAction\",\"target\":[\"http:\\\/\\\/govalf.com\\\/tr\\\/product\\\/sprinkler-baglanti-hortumlari\\\/\"]}]},{\"@type\":\"ImageObject\",\"inLanguage\":\"tr\",\"@id\":\"http:\\\/\\\/govalf.com\\\/tr\\\/product\\\/sprinkler-baglanti-hortumlari\\\/#primaryimage\",\"url\":\"http:\\\/\\\/govalf.com\\\/wp-content\\\/uploads\\\/2022\\\/02\\\/Sprinkler-Baglanti-Hortumlari.jpg\",\"contentUrl\":\"http:\\\/\\\/govalf.com\\\/wp-content\\\/uploads\\\/2022\\\/02\\\/Sprinkler-Baglanti-Hortumlari.jpg\",\"width\":440,\"height\":365,\"caption\":\"Sprinkler ba\u011flant\u0131 hortumlar\u0131\"},{\"@type\":\"BreadcrumbList\",\"@id\":\"http:\\\/\\\/govalf.com\\\/tr\\\/product\\\/sprinkler-baglanti-hortumlari\\\/#breadcrumb\",\"itemListElement\":[{\"@type\":\"ListItem\",\"position\":1,\"name\":\"Anasayfa\",\"item\":\"https:\\\/\\\/govalf.com\\\/tr\\\/\"},{\"@type\":\"ListItem\",\"position\":2,\"name\":\"Products\",\"item\":\"http:\\\/\\\/govalf.com\\\/fr\\\/des-produits\\\/\"},{\"@type\":\"ListItem\",\"position\":3,\"name\":\"Sprinkler Ba\u011flant\u0131 Hortumlar\u0131\"}]},{\"@type\":\"WebSite\",\"@id\":\"http:\\\/\\\/govalf.com\\\/ru\\\/#website\",\"url\":\"http:\\\/\\\/govalf.com\\\/ru\\\/\",\"name\":\"Go Valf Vana ve Pompa Sistemleri\",\"description\":\"Yang\u0131n S\u00f6nd\u00fcrme Sistemleri ve Ekipmanlar\u0131\",\"publisher\":{\"@id\":\"http:\\\/\\\/govalf.com\\\/ru\\\/#organization\"},\"potentialAction\":[{\"@type\":\"SearchAction\",\"target\":{\"@type\":\"EntryPoint\",\"urlTemplate\":\"http:\\\/\\\/govalf.com\\\/ru\\\/?s={search_term_string}\"},\"query-input\":{\"@type\":\"PropertyValueSpecification\",\"valueRequired\":true,\"valueName\":\"search_term_string\"}}],\"inLanguage\":\"tr\"},{\"@type\":\"Organization\",\"@id\":\"http:\\\/\\\/govalf.com\\\/ru\\\/#organization\",\"name\":\"Go Valf\",\"url\":\"http:\\\/\\\/govalf.com\\\/ru\\\/\",\"logo\":{\"@type\":\"ImageObject\",\"inLanguage\":\"tr\",\"@id\":\"http:\\\/\\\/govalf.com\\\/ru\\\/#\\\/schema\\\/logo\\\/image\\\/\",\"url\":\"https:\\\/\\\/govalf.com\\\/wp-content\\\/uploads\\\/2022\\\/02\\\/go-valf-logo.png\",\"contentUrl\":\"https:\\\/\\\/govalf.com\\\/wp-content\\\/uploads\\\/2022\\\/02\\\/go-valf-logo.png\",\"width\":504,\"height\":120,\"caption\":\"Go Valf\"},\"image\":{\"@id\":\"http:\\\/\\\/govalf.com\\\/ru\\\/#\\\/schema\\\/logo\\\/image\\\/\"}}]}<\/script>\n<!-- \/ Yoast SEO plugin. -->","yoast_head_json":{"title":"Sprinkler Ba\u011flant\u0131 Hortumlar\u0131 - Go Valf Vana ve Pompa Sistemleri","description":"Sprinkler ba\u011flant\u0131 hortumlar\u0131, olas\u0131 bir yang\u0131n durumunda yang\u0131n s\u00f6nd\u00fcrme sisteminin devreye girmesiyle ilk m\u00fcdahalede bulunan elemanlar\u0131d\u0131r.","robots":{"index":"index","follow":"follow","max-snippet":"max-snippet:-1","max-image-preview":"max-image-preview:large","max-video-preview":"max-video-preview:-1"},"canonical":"http:\/\/govalf.com\/tr\/product\/sprinkler-baglanti-hortumlari\/","og_locale":"tr_TR","og_type":"article","og_title":"Sprinkler Ba\u011flant\u0131 Hortumlar\u0131 - Go Valf Vana ve Pompa Sistemleri","og_description":"Sprinkler ba\u011flant\u0131 hortumlar\u0131, olas\u0131 bir yang\u0131n durumunda yang\u0131n s\u00f6nd\u00fcrme sisteminin devreye girmesiyle ilk m\u00fcdahalede bulunan elemanlar\u0131d\u0131r.","og_url":"http:\/\/govalf.com\/tr\/product\/sprinkler-baglanti-hortumlari\/","og_site_name":"Go Valf Vana ve Pompa Sistemleri","article_modified_time":"2022-06-02T19:49:24+00:00","og_image":[{"width":440,"height":365,"url":"http:\/\/govalf.com\/wp-content\/uploads\/2022\/02\/Sprinkler-Baglanti-Hortumlari.jpg","type":"image\/jpeg"}],"twitter_card":"summary_large_image","twitter_misc":{"Tahmini okuma s\u00fcresi":"4 dakika"},"schema":{"@context":"https:\/\/schema.org","@graph":[{"@type":"WebPage","@id":"http:\/\/govalf.com\/tr\/product\/sprinkler-baglanti-hortumlari\/","url":"http:\/\/govalf.com\/tr\/product\/sprinkler-baglanti-hortumlari\/","name":"Sprinkler Ba\u011flant\u0131 Hortumlar\u0131 - Go Valf Vana ve Pompa Sistemleri","isPartOf":{"@id":"http:\/\/govalf.com\/ru\/#website"},"primaryImageOfPage":{"@id":"http:\/\/govalf.com\/tr\/product\/sprinkler-baglanti-hortumlari\/#primaryimage"},"image":{"@id":"http:\/\/govalf.com\/tr\/product\/sprinkler-baglanti-hortumlari\/#primaryimage"},"thumbnailUrl":"http:\/\/govalf.com\/wp-content\/uploads\/2022\/02\/Sprinkler-Baglanti-Hortumlari.jpg","datePublished":"2022-02-18T06:29:12+00:00","dateModified":"2022-06-02T19:49:24+00:00","description":"Sprinkler ba\u011flant\u0131 hortumlar\u0131, olas\u0131 bir yang\u0131n durumunda yang\u0131n s\u00f6nd\u00fcrme sisteminin devreye girmesiyle ilk m\u00fcdahalede bulunan elemanlar\u0131d\u0131r.","breadcrumb":{"@id":"http:\/\/govalf.com\/tr\/product\/sprinkler-baglanti-hortumlari\/#breadcrumb"},"inLanguage":"tr","potentialAction":[{"@type":"ReadAction","target":["http:\/\/govalf.com\/tr\/product\/sprinkler-baglanti-hortumlari\/"]}]},{"@type":"ImageObject","inLanguage":"tr","@id":"http:\/\/govalf.com\/tr\/product\/sprinkler-baglanti-hortumlari\/#primaryimage","url":"http:\/\/govalf.com\/wp-content\/uploads\/2022\/02\/Sprinkler-Baglanti-Hortumlari.jpg","contentUrl":"http:\/\/govalf.com\/wp-content\/uploads\/2022\/02\/Sprinkler-Baglanti-Hortumlari.jpg","width":440,"height":365,"caption":"Sprinkler ba\u011flant\u0131 hortumlar\u0131"},{"@type":"BreadcrumbList","@id":"http:\/\/govalf.com\/tr\/product\/sprinkler-baglanti-hortumlari\/#breadcrumb","itemListElement":[{"@type":"ListItem","position":1,"name":"Anasayfa","item":"https:\/\/govalf.com\/tr\/"},{"@type":"ListItem","position":2,"name":"Products","item":"http:\/\/govalf.com\/fr\/des-produits\/"},{"@type":"ListItem","position":3,"name":"Sprinkler Ba\u011flant\u0131 Hortumlar\u0131"}]},{"@type":"WebSite","@id":"http:\/\/govalf.com\/ru\/#website","url":"http:\/\/govalf.com\/ru\/","name":"Go Valf Vana ve Pompa Sistemleri","description":"Yang\u0131n S\u00f6nd\u00fcrme Sistemleri ve Ekipmanlar\u0131","publisher":{"@id":"http:\/\/govalf.com\/ru\/#organization"},"potentialAction":[{"@type":"SearchAction","target":{"@type":"EntryPoint","urlTemplate":"http:\/\/govalf.com\/ru\/?s={search_term_string}"},"query-input":{"@type":"PropertyValueSpecification","valueRequired":true,"valueName":"search_term_string"}}],"inLanguage":"tr"},{"@type":"Organization","@id":"http:\/\/govalf.com\/ru\/#organization","name":"Go Valf","url":"http:\/\/govalf.com\/ru\/","logo":{"@type":"ImageObject","inLanguage":"tr","@id":"http:\/\/govalf.com\/ru\/#\/schema\/logo\/image\/","url":"https:\/\/govalf.com\/wp-content\/uploads\/2022\/02\/go-valf-logo.png","contentUrl":"https:\/\/govalf.com\/wp-content\/uploads\/2022\/02\/go-valf-logo.png","width":504,"height":120,"caption":"Go Valf"},"image":{"@id":"http:\/\/govalf.com\/ru\/#\/schema\/logo\/image\/"}}]}},"_links":{"self":[{"href":"http:\/\/govalf.com\/tr\/wp-json\/wp\/v2\/product\/2869","targetHints":{"allow":["GET"]}}],"collection":[{"href":"http:\/\/govalf.com\/tr\/wp-json\/wp\/v2\/product"}],"about":[{"href":"http:\/\/govalf.com\/tr\/wp-json\/wp\/v2\/types\/product"}],"replies":[{"embeddable":true,"href":"http:\/\/govalf.com\/tr\/wp-json\/wp\/v2\/comments?post=2869"}],"wp:featuredmedia":[{"embeddable":true,"href":"http:\/\/govalf.com\/tr\/wp-json\/wp\/v2\/media\/2870"}],"wp:attachment":[{"href":"http:\/\/govalf.com\/tr\/wp-json\/wp\/v2\/media?parent=2869"}],"wp:term":[{"taxonomy":"product_brand","embeddable":true,"href":"http:\/\/govalf.com\/tr\/wp-json\/wp\/v2\/product_brand?post=2869"},{"taxonomy":"product_cat","embeddable":true,"href":"http:\/\/govalf.com\/tr\/wp-json\/wp\/v2\/product_cat?post=2869"},{"taxonomy":"product_tag","embeddable":true,"href":"http:\/\/govalf.com\/tr\/wp-json\/wp\/v2\/product_tag?post=2869"}],"curies":[{"name":"wp","href":"https:\/\/api.w.org\/{rel}","templated":true}]}}