{"id":2875,"date":"2022-02-18T06:30:56","date_gmt":"2022-02-18T06:30:56","guid":{"rendered":"https:\/\/govalf.com\/?post_type=product&#038;p=2875"},"modified":"2022-05-30T17:27:57","modified_gmt":"2022-05-30T17:27:57","slug":"fan-coil-baglanti-elemanlari","status":"publish","type":"product","link":"http:\/\/govalf.com\/tr\/product\/fan-coil-baglanti-elemanlari\/","title":{"rendered":"Fan-Coil Ba\u011flant\u0131 Elemanlar\u0131"},"content":{"rendered":"<h1>Fan-Coil Ba\u011flant\u0131 Elemanlar\u0131<\/h1>\n<p><strong>Fan-Coil Ba\u011flant\u0131 Elemanlar\u0131 <\/strong>su kullan\u0131m\u0131 esas\u0131na dayal\u0131 so\u011futma ya da \u0131s\u0131tma sistemlerinin etkili bir \u015fekilde \u00e7al\u0131\u015fmas\u0131n\u0131 sa\u011flayan par\u00e7alard\u0131r. So\u011futma ve \u0131s\u0131tma sistemlerinin fan-coil \u00fcnitelerine ba\u011flanabilmesi i\u00e7in fan-coil ba\u011flant\u0131 elemanlar\u0131 kullan\u0131l\u0131r. \u00dcr\u00fcn\u00fcn hortum malzemesi AISI 304, AISI 316L\u2019dir.<\/p>\n<p>\u0130zolasyon malzemesi polipropilen k\u00f6p\u00fck, nipel-rekor ise paslanmaz \u00e7eliktir. Sahip oldu\u011fu \u00f6zellikler sayesinde tesisat i\u00e7erisinde g\u00fcr\u00fclt\u00fc ya da titre\u015fim olu\u015fmas\u0131n\u0131 engeller. Kaynak yerleri noktalar\u0131nda nemle birlikte meydana gelebilecek noktasal korozyonlar\u0131n \u00f6nlendi\u011fi g\u00f6r\u00fclmektedir. \u015eofben ba\u011flant\u0131lar\u0131, \u0131s\u0131tma sistemleri, depo ba\u011flant\u0131lar\u0131 gibi alanlarda kullan\u0131l\u0131r.<\/p>\n<h2>Nedir, Ne \u0130\u015fe Yarar?<\/h2>\n<p>E\u011filebilir ve b\u00fck\u00fclebilir yap\u0131s\u0131 ile kolay bir kullan\u0131m sunan <strong>Fan-Coil Ba\u011flant\u0131 Elemanlar\u0131<\/strong>, bas\u0131nca ve s\u0131cakl\u0131\u011fa dayan\u0131kl\u0131 hortumlardan meydana gelir. Su kullan\u0131m\u0131 esas\u0131na dayal\u0131 olan fan-coil, s\u0131cakl\u0131k dengeleme \u00e7\u00f6z\u00fcm\u00fc olarak farkl\u0131 alanlarda tercih edilir. Fan-coillerin sisteme ba\u011flanabilmesi i\u00e7in kullan\u0131lan y\u00fcksek performans g\u00f6steren hortumlar ise fan-coil ba\u011flant\u0131 elemanlar\u0131 olarak adland\u0131r\u0131l\u0131r.<\/p>\n<p>Uzun servis \u00f6mr\u00fcne sahip olan ba\u011flant\u0131 elemanlar\u0131, sistem i\u00e7erisinde uzun s\u00fcreli bir \u015fekilde kullan\u0131labilmektedir. Bunun yan\u0131 s\u0131ra \u00fcretim s\u0131ras\u0131nda kullan\u0131lan malzemeler, ba\u011flant\u0131 eleman\u0131n\u0131n korozyona maruz kalmas\u0131n\u0131 engeller. Geni\u015f bir kullan\u0131m alan\u0131na sahip olan fan-coiller, \u0131s\u0131tma ve so\u011futma ihtiya\u00e7lar\u0131n\u0131n alternatif \u00e7\u00f6z\u00fcmlerle kar\u015f\u0131lanabilmesini m\u00fcmk\u00fcn k\u0131lar.<\/p>\n<h3>Fan-Coil Ba\u011flant\u0131 Elemanlar\u0131 Nedir?<\/h3>\n<p><strong>Fan<\/strong>\u00a0coil \u00fcnitesinin \u0131s\u0131tma ya da so\u011futma sistemine ba\u011flant\u0131s\u0131n\u0131 sa\u011flayan \u00fcr\u00fcnlerdir. Ba\u011flant\u0131n\u0131n sistematik bir \u015fekilde yap\u0131lmas\u0131n\u0131 sa\u011flayan ba\u011flant\u0131 elemanlar\u0131, yenilik\u00e7i \u00f6zelliklere sahiptir. Hortum malzemesi belirli standartlara g\u00f6re \u00fcretilir. Bunun yan\u0131 s\u0131ra izolasyon malzemesinin \u00fcretiminde polipropilen k\u00f6p\u00fckler kullan\u0131larak \u00fcr\u00fcn\u00fcn uzun servis \u00f6mr\u00fcne sahip olmas\u0131 m\u00fcmk\u00fcn hale getirilir.<\/p>\n<p>\u00dcr\u00fcn\u00fcn montaj\u0131 olduk\u00e7a pratiktir. Montaj i\u00e7in ilk etapta hortumun nipel taraf\u0131 teflon veya keten ile sar\u0131l\u0131r. Ard\u0131ndan ba\u011flant\u0131 eleman\u0131 hatta titiz bir \u015fekilde ba\u011flan\u0131r. Hortumda herhangi bir burulma g\u00f6zlemlenmemesi nipel, ilk olarak sabit olan rakora ba\u011flanmal\u0131d\u0131r. Ba\u011flant\u0131n\u0131n sistematik bir \u015fekilde ger\u00e7ekle\u015ftirilmesi ile birlikte fan-coil kullan\u0131m\u0131na ba\u015flanabilir.<\/p>\n<h3>Fan-Coil Ba\u011flant\u0131 Elemanlar\u0131 Ne \u0130\u015fe Yarar?<\/h3>\n<p>G\u00fcn\u00fcm\u00fczde \u0131s\u0131tma ve so\u011futma sistemleri i\u00e7in farkl\u0131 \u00e7\u00f6z\u00fcmler kullan\u0131lmaktad\u0131r. Bu \u00e7\u00f6z\u00fcmlerden biri olan fan-coiller; rezistans t\u00fcr\u00fc serpantin ve fandan meydana gelen s\u0131cakl\u0131k dengeleme \u00e7\u00f6z\u00fcm\u00fc olarak tan\u0131mlanabilir. Su kullan\u0131m\u0131 esas\u0131na dayal\u0131 olan fan-coiller, sistem i\u00e7erisinde bulunan suyun s\u0131cakl\u0131\u011f\u0131na g\u00f6re s\u0131cak veya so\u011fuk hava \u00fcfleyerek ortamdaki s\u0131cakl\u0131\u011f\u0131n de\u011fi\u015fmesini sa\u011flar.<\/p>\n<p>Yenilik\u00e7i bir sistem olarak \u00f6n plana \u00e7\u0131kan fan-coillerin \u0131s\u0131tma ve so\u011futma sistemlerine ba\u011flanabilmesi i\u00e7in <strong>Fan-Coil Ba\u011flant\u0131 Elemanlar\u0131 <\/strong>kullan\u0131l\u0131r. Farkl\u0131 ebattaki hortumlardan meydana gelen ba\u011flant\u0131 elemanlar\u0131, ba\u011flant\u0131n\u0131n efektif bir \u015fekilde sa\u011flanabilmesi i\u00e7in olduk\u00e7a titiz bir \u015fekilde \u00fcretilir. Basit bir yap\u0131ya sahip oldu\u011fu i\u00e7in montaj i\u015flemi de olduk\u00e7a basittir. Fakat montaj s\u0131ras\u0131nda birtak\u0131m hususlara dikkat edilmesi gerekmekte olup bu sayede kurulum a\u015famas\u0131 sorunsuz bir \u015fekilde tamamlanabilir.<\/p>\n<h3>Fan-Coil Ba\u011flant\u0131 Elemanlar\u0131 Nerelerde Kullan\u0131l\u0131r?<\/h3>\n<p><strong>F<\/strong>an-coillerin kullan\u0131ld\u0131klar\u0131 her yerde tercih edilmektedir. \u00c7\u00fcnk\u00fc fan-coillerin \u0131s\u0131tma ya da so\u011futma sistemine ba\u011flant\u0131s\u0131n\u0131 sa\u011flad\u0131klar\u0131 i\u00e7in bu par\u00e7alara ihtiya\u00e7 duyulur. Bu ba\u011flamda, fan-coillerin, dolay\u0131s\u0131yla fan-coil ba\u011flant\u0131 elemanlar\u0131n\u0131n kullan\u0131ld\u0131klar\u0131 alanlar\u0131 \u015fu \u015fekilde s\u0131ralamak m\u00fcmk\u00fcnd\u00fcr:<\/p>\n<ul>\n<li>Ortak \u0131s\u0131tma ve so\u011futma taleplerinin bulundu\u011fu geni\u015f binalar<\/li>\n<li>Konaklama tesisleri<\/li>\n<li>Hastaneler<\/li>\n<li>Oteller<\/li>\n<li>Ofisler<\/li>\n<li>Y\u00fcksek katl\u0131 yap\u0131lar<\/li>\n<\/ul>\n<p>Belirtilen alanlar\u0131n her birinde fan-coillerin kullan\u0131labildiklerini s\u00f6ylemek olanakl\u0131d\u0131r. Fan-coillerin sisteme efektif bir \u015fekilde entegre edilmesinde tercih edilen ba\u011flant\u0131 elemanlar\u0131, belirli bir standarda g\u00f6re \u00fcretilir.<\/p>\n<p>Ayr\u0131ca \u00fcretim s\u0131ras\u0131nda a\u015f\u0131nmaya diren\u00e7li malzemeler kullan\u0131l\u0131r. Bu sayede \u00fcr\u00fcn uzun servis \u00f6mr\u00fcne sahip olur. Maliyet ve yerden tasarrufu m\u00fcmk\u00fcn k\u0131lan ba\u011flant\u0131 elemanlar\u0131, yenilik\u00e7i \u00f6zellikleriyle pek \u00e7ok sekt\u00f6rde tercih edilen bir \u00fcr\u00fcnd\u00fcr.<\/p>\n<p>Fan &#8211; coil ba\u011flant\u0131 par\u00e7alar\u0131 \u0131s\u0131tma \/ so\u011futma sistemlerinde da\u011f\u0131t\u0131m sistemi borular\u0131n\u0131n fan &#8211; coil \u00fcnitelerine esnek olarak ba\u011flanmas\u0131 i\u00e7in kullan\u0131l\u0131r.<\/p>\n<h2>\u00d6zellikler<\/h2>\n<ul>\n<li>Hortum Malzemesi: AISI 304, AISI 316L<\/li>\n<li>\u0130zolasyon Malzemesi: Polipropilen K\u00f6p\u00fck<\/li>\n<li>Nipel-Rekor: Karbon \u00c7elik (Cr-Ni Kapl\u0131)<\/li>\n<\/ul>\n<p><a href=\"https:\/\/govalf.com\/iletisim\/\">\u0130leti\u015fim<\/a><\/p>\n","protected":false},"excerpt":{"rendered":"<p>Fan-Coil Ba\u011flant\u0131 Elemanlar\u0131 Fan-Coil Ba\u011flant\u0131 Elemanlar\u0131 su kullan\u0131m\u0131 esas\u0131na dayal\u0131 so\u011futma ya da \u0131s\u0131tma sistemlerinin etkili bir \u015fekilde \u00e7al\u0131\u015fmas\u0131n\u0131 sa\u011flayan par\u00e7alard\u0131r. So\u011futma ve \u0131s\u0131tma sistemlerinin fan-coil \u00fcnitelerine ba\u011flanabilmesi i\u00e7in fan-coil ba\u011flant\u0131 elemanlar\u0131 kullan\u0131l\u0131r. \u00dcr\u00fcn\u00fcn hortum malzemesi AISI 304, AISI 316L\u2019dir. \u0130zolasyon malzemesi polipropilen k\u00f6p\u00fck, nipel-rekor ise paslanmaz \u00e7eliktir. Sahip oldu\u011fu \u00f6zellikler sayesinde tesisat i\u00e7erisinde g\u00fcr\u00fclt\u00fc [&hellip;]<\/p>\n","protected":false},"featured_media":2876,"comment_status":"closed","ping_status":"closed","template":"","meta":{"_acf_changed":false},"product_brand":[],"product_cat":[70],"product_tag":[],"class_list":{"0":"post-2875","1":"product","2":"type-product","3":"status-publish","4":"has-post-thumbnail","6":"product_cat-kompansator","8":"first","9":"instock","10":"shipping-taxable","11":"purchasable","12":"product-type-simple"},"acf":[],"yoast_head":"<!-- This site is optimized with the Yoast SEO plugin v27.4 - https:\/\/yoast.com\/product\/yoast-seo-wordpress\/ -->\n<title>Fan-Coil Ba\u011flant\u0131 Elemanlar\u0131 - Go Valf Vana ve Pompa Sistemleri<\/title>\n<meta name=\"description\" content=\"Fan-Coil Ba\u011flant\u0131 Elemanlar\u0131 su kullan\u0131m\u0131 esas\u0131na dayal\u0131 so\u011futma ya da \u0131s\u0131tma sistemlerinin etkili bir \u015fekilde \u00e7al\u0131\u015fmas\u0131n\u0131 sa\u011flayan\" \/>\n<meta name=\"robots\" content=\"index, follow, max-snippet:-1, max-image-preview:large, max-video-preview:-1\" \/>\n<link rel=\"canonical\" href=\"http:\/\/govalf.com\/tr\/product\/fan-coil-baglanti-elemanlari\/\" \/>\n<meta property=\"og:locale\" content=\"tr_TR\" \/>\n<meta property=\"og:type\" content=\"article\" \/>\n<meta property=\"og:title\" content=\"Fan-Coil Ba\u011flant\u0131 Elemanlar\u0131 - Go Valf Vana ve Pompa Sistemleri\" \/>\n<meta property=\"og:description\" content=\"Fan-Coil Ba\u011flant\u0131 Elemanlar\u0131 su kullan\u0131m\u0131 esas\u0131na dayal\u0131 so\u011futma ya da \u0131s\u0131tma sistemlerinin etkili bir \u015fekilde \u00e7al\u0131\u015fmas\u0131n\u0131 sa\u011flayan\" \/>\n<meta property=\"og:url\" content=\"http:\/\/govalf.com\/tr\/product\/fan-coil-baglanti-elemanlari\/\" \/>\n<meta property=\"og:site_name\" content=\"Go Valf Vana ve Pompa Sistemleri\" \/>\n<meta property=\"article:modified_time\" content=\"2022-05-30T17:27:57+00:00\" \/>\n<meta property=\"og:image\" content=\"http:\/\/govalf.com\/wp-content\/uploads\/2022\/02\/Fan-Coil-Baglanti-Elemanlari.jpg\" \/>\n\t<meta property=\"og:image:width\" content=\"440\" \/>\n\t<meta property=\"og:image:height\" content=\"365\" \/>\n\t<meta property=\"og:image:type\" content=\"image\/jpeg\" \/>\n<meta name=\"twitter:card\" content=\"summary_large_image\" \/>\n<meta name=\"twitter:label1\" content=\"Tahmini okuma s\u00fcresi\" \/>\n\t<meta name=\"twitter:data1\" content=\"4 dakika\" \/>\n<script type=\"application\/ld+json\" class=\"yoast-schema-graph\">{\"@context\":\"https:\\\/\\\/schema.org\",\"@graph\":[{\"@type\":\"WebPage\",\"@id\":\"http:\\\/\\\/govalf.com\\\/tr\\\/product\\\/fan-coil-baglanti-elemanlari\\\/\",\"url\":\"http:\\\/\\\/govalf.com\\\/tr\\\/product\\\/fan-coil-baglanti-elemanlari\\\/\",\"name\":\"Fan-Coil Ba\u011flant\u0131 Elemanlar\u0131 - Go Valf Vana ve Pompa Sistemleri\",\"isPartOf\":{\"@id\":\"http:\\\/\\\/govalf.com\\\/ru\\\/#website\"},\"primaryImageOfPage\":{\"@id\":\"http:\\\/\\\/govalf.com\\\/tr\\\/product\\\/fan-coil-baglanti-elemanlari\\\/#primaryimage\"},\"image\":{\"@id\":\"http:\\\/\\\/govalf.com\\\/tr\\\/product\\\/fan-coil-baglanti-elemanlari\\\/#primaryimage\"},\"thumbnailUrl\":\"http:\\\/\\\/govalf.com\\\/wp-content\\\/uploads\\\/2022\\\/02\\\/Fan-Coil-Baglanti-Elemanlari.jpg\",\"datePublished\":\"2022-02-18T06:30:56+00:00\",\"dateModified\":\"2022-05-30T17:27:57+00:00\",\"description\":\"Fan-Coil Ba\u011flant\u0131 Elemanlar\u0131 su kullan\u0131m\u0131 esas\u0131na dayal\u0131 so\u011futma ya da \u0131s\u0131tma sistemlerinin etkili bir \u015fekilde \u00e7al\u0131\u015fmas\u0131n\u0131 sa\u011flayan\",\"breadcrumb\":{\"@id\":\"http:\\\/\\\/govalf.com\\\/tr\\\/product\\\/fan-coil-baglanti-elemanlari\\\/#breadcrumb\"},\"inLanguage\":\"tr\",\"potentialAction\":[{\"@type\":\"ReadAction\",\"target\":[\"http:\\\/\\\/govalf.com\\\/tr\\\/product\\\/fan-coil-baglanti-elemanlari\\\/\"]}]},{\"@type\":\"ImageObject\",\"inLanguage\":\"tr\",\"@id\":\"http:\\\/\\\/govalf.com\\\/tr\\\/product\\\/fan-coil-baglanti-elemanlari\\\/#primaryimage\",\"url\":\"http:\\\/\\\/govalf.com\\\/wp-content\\\/uploads\\\/2022\\\/02\\\/Fan-Coil-Baglanti-Elemanlari.jpg\",\"contentUrl\":\"http:\\\/\\\/govalf.com\\\/wp-content\\\/uploads\\\/2022\\\/02\\\/Fan-Coil-Baglanti-Elemanlari.jpg\",\"width\":440,\"height\":365,\"caption\":\"Fan-Coil Ba\u011flant\u0131 Elemanlar\u0131\"},{\"@type\":\"BreadcrumbList\",\"@id\":\"http:\\\/\\\/govalf.com\\\/tr\\\/product\\\/fan-coil-baglanti-elemanlari\\\/#breadcrumb\",\"itemListElement\":[{\"@type\":\"ListItem\",\"position\":1,\"name\":\"Anasayfa\",\"item\":\"https:\\\/\\\/govalf.com\\\/tr\\\/\"},{\"@type\":\"ListItem\",\"position\":2,\"name\":\"Products\",\"item\":\"http:\\\/\\\/govalf.com\\\/fr\\\/des-produits\\\/\"},{\"@type\":\"ListItem\",\"position\":3,\"name\":\"Fan-Coil Ba\u011flant\u0131 Elemanlar\u0131\"}]},{\"@type\":\"WebSite\",\"@id\":\"http:\\\/\\\/govalf.com\\\/ru\\\/#website\",\"url\":\"http:\\\/\\\/govalf.com\\\/ru\\\/\",\"name\":\"Go Valf Vana ve Pompa Sistemleri\",\"description\":\"Yang\u0131n S\u00f6nd\u00fcrme Sistemleri ve Ekipmanlar\u0131\",\"publisher\":{\"@id\":\"http:\\\/\\\/govalf.com\\\/ru\\\/#organization\"},\"potentialAction\":[{\"@type\":\"SearchAction\",\"target\":{\"@type\":\"EntryPoint\",\"urlTemplate\":\"http:\\\/\\\/govalf.com\\\/ru\\\/?s={search_term_string}\"},\"query-input\":{\"@type\":\"PropertyValueSpecification\",\"valueRequired\":true,\"valueName\":\"search_term_string\"}}],\"inLanguage\":\"tr\"},{\"@type\":\"Organization\",\"@id\":\"http:\\\/\\\/govalf.com\\\/ru\\\/#organization\",\"name\":\"Go Valf\",\"url\":\"http:\\\/\\\/govalf.com\\\/ru\\\/\",\"logo\":{\"@type\":\"ImageObject\",\"inLanguage\":\"tr\",\"@id\":\"http:\\\/\\\/govalf.com\\\/ru\\\/#\\\/schema\\\/logo\\\/image\\\/\",\"url\":\"https:\\\/\\\/govalf.com\\\/wp-content\\\/uploads\\\/2022\\\/02\\\/go-valf-logo.png\",\"contentUrl\":\"https:\\\/\\\/govalf.com\\\/wp-content\\\/uploads\\\/2022\\\/02\\\/go-valf-logo.png\",\"width\":504,\"height\":120,\"caption\":\"Go Valf\"},\"image\":{\"@id\":\"http:\\\/\\\/govalf.com\\\/ru\\\/#\\\/schema\\\/logo\\\/image\\\/\"}}]}<\/script>\n<!-- \/ Yoast SEO plugin. -->","yoast_head_json":{"title":"Fan-Coil Ba\u011flant\u0131 Elemanlar\u0131 - Go Valf Vana ve Pompa Sistemleri","description":"Fan-Coil Ba\u011flant\u0131 Elemanlar\u0131 su kullan\u0131m\u0131 esas\u0131na dayal\u0131 so\u011futma ya da \u0131s\u0131tma sistemlerinin etkili bir \u015fekilde \u00e7al\u0131\u015fmas\u0131n\u0131 sa\u011flayan","robots":{"index":"index","follow":"follow","max-snippet":"max-snippet:-1","max-image-preview":"max-image-preview:large","max-video-preview":"max-video-preview:-1"},"canonical":"http:\/\/govalf.com\/tr\/product\/fan-coil-baglanti-elemanlari\/","og_locale":"tr_TR","og_type":"article","og_title":"Fan-Coil Ba\u011flant\u0131 Elemanlar\u0131 - Go Valf Vana ve Pompa Sistemleri","og_description":"Fan-Coil Ba\u011flant\u0131 Elemanlar\u0131 su kullan\u0131m\u0131 esas\u0131na dayal\u0131 so\u011futma ya da \u0131s\u0131tma sistemlerinin etkili bir \u015fekilde \u00e7al\u0131\u015fmas\u0131n\u0131 sa\u011flayan","og_url":"http:\/\/govalf.com\/tr\/product\/fan-coil-baglanti-elemanlari\/","og_site_name":"Go Valf Vana ve Pompa Sistemleri","article_modified_time":"2022-05-30T17:27:57+00:00","og_image":[{"width":440,"height":365,"url":"http:\/\/govalf.com\/wp-content\/uploads\/2022\/02\/Fan-Coil-Baglanti-Elemanlari.jpg","type":"image\/jpeg"}],"twitter_card":"summary_large_image","twitter_misc":{"Tahmini okuma s\u00fcresi":"4 dakika"},"schema":{"@context":"https:\/\/schema.org","@graph":[{"@type":"WebPage","@id":"http:\/\/govalf.com\/tr\/product\/fan-coil-baglanti-elemanlari\/","url":"http:\/\/govalf.com\/tr\/product\/fan-coil-baglanti-elemanlari\/","name":"Fan-Coil Ba\u011flant\u0131 Elemanlar\u0131 - Go Valf Vana ve Pompa Sistemleri","isPartOf":{"@id":"http:\/\/govalf.com\/ru\/#website"},"primaryImageOfPage":{"@id":"http:\/\/govalf.com\/tr\/product\/fan-coil-baglanti-elemanlari\/#primaryimage"},"image":{"@id":"http:\/\/govalf.com\/tr\/product\/fan-coil-baglanti-elemanlari\/#primaryimage"},"thumbnailUrl":"http:\/\/govalf.com\/wp-content\/uploads\/2022\/02\/Fan-Coil-Baglanti-Elemanlari.jpg","datePublished":"2022-02-18T06:30:56+00:00","dateModified":"2022-05-30T17:27:57+00:00","description":"Fan-Coil Ba\u011flant\u0131 Elemanlar\u0131 su kullan\u0131m\u0131 esas\u0131na dayal\u0131 so\u011futma ya da \u0131s\u0131tma sistemlerinin etkili bir \u015fekilde \u00e7al\u0131\u015fmas\u0131n\u0131 sa\u011flayan","breadcrumb":{"@id":"http:\/\/govalf.com\/tr\/product\/fan-coil-baglanti-elemanlari\/#breadcrumb"},"inLanguage":"tr","potentialAction":[{"@type":"ReadAction","target":["http:\/\/govalf.com\/tr\/product\/fan-coil-baglanti-elemanlari\/"]}]},{"@type":"ImageObject","inLanguage":"tr","@id":"http:\/\/govalf.com\/tr\/product\/fan-coil-baglanti-elemanlari\/#primaryimage","url":"http:\/\/govalf.com\/wp-content\/uploads\/2022\/02\/Fan-Coil-Baglanti-Elemanlari.jpg","contentUrl":"http:\/\/govalf.com\/wp-content\/uploads\/2022\/02\/Fan-Coil-Baglanti-Elemanlari.jpg","width":440,"height":365,"caption":"Fan-Coil Ba\u011flant\u0131 Elemanlar\u0131"},{"@type":"BreadcrumbList","@id":"http:\/\/govalf.com\/tr\/product\/fan-coil-baglanti-elemanlari\/#breadcrumb","itemListElement":[{"@type":"ListItem","position":1,"name":"Anasayfa","item":"https:\/\/govalf.com\/tr\/"},{"@type":"ListItem","position":2,"name":"Products","item":"http:\/\/govalf.com\/fr\/des-produits\/"},{"@type":"ListItem","position":3,"name":"Fan-Coil Ba\u011flant\u0131 Elemanlar\u0131"}]},{"@type":"WebSite","@id":"http:\/\/govalf.com\/ru\/#website","url":"http:\/\/govalf.com\/ru\/","name":"Go Valf Vana ve Pompa Sistemleri","description":"Yang\u0131n S\u00f6nd\u00fcrme Sistemleri ve Ekipmanlar\u0131","publisher":{"@id":"http:\/\/govalf.com\/ru\/#organization"},"potentialAction":[{"@type":"SearchAction","target":{"@type":"EntryPoint","urlTemplate":"http:\/\/govalf.com\/ru\/?s={search_term_string}"},"query-input":{"@type":"PropertyValueSpecification","valueRequired":true,"valueName":"search_term_string"}}],"inLanguage":"tr"},{"@type":"Organization","@id":"http:\/\/govalf.com\/ru\/#organization","name":"Go Valf","url":"http:\/\/govalf.com\/ru\/","logo":{"@type":"ImageObject","inLanguage":"tr","@id":"http:\/\/govalf.com\/ru\/#\/schema\/logo\/image\/","url":"https:\/\/govalf.com\/wp-content\/uploads\/2022\/02\/go-valf-logo.png","contentUrl":"https:\/\/govalf.com\/wp-content\/uploads\/2022\/02\/go-valf-logo.png","width":504,"height":120,"caption":"Go Valf"},"image":{"@id":"http:\/\/govalf.com\/ru\/#\/schema\/logo\/image\/"}}]}},"_links":{"self":[{"href":"http:\/\/govalf.com\/tr\/wp-json\/wp\/v2\/product\/2875","targetHints":{"allow":["GET"]}}],"collection":[{"href":"http:\/\/govalf.com\/tr\/wp-json\/wp\/v2\/product"}],"about":[{"href":"http:\/\/govalf.com\/tr\/wp-json\/wp\/v2\/types\/product"}],"replies":[{"embeddable":true,"href":"http:\/\/govalf.com\/tr\/wp-json\/wp\/v2\/comments?post=2875"}],"wp:featuredmedia":[{"embeddable":true,"href":"http:\/\/govalf.com\/tr\/wp-json\/wp\/v2\/media\/2876"}],"wp:attachment":[{"href":"http:\/\/govalf.com\/tr\/wp-json\/wp\/v2\/media?parent=2875"}],"wp:term":[{"taxonomy":"product_brand","embeddable":true,"href":"http:\/\/govalf.com\/tr\/wp-json\/wp\/v2\/product_brand?post=2875"},{"taxonomy":"product_cat","embeddable":true,"href":"http:\/\/govalf.com\/tr\/wp-json\/wp\/v2\/product_cat?post=2875"},{"taxonomy":"product_tag","embeddable":true,"href":"http:\/\/govalf.com\/tr\/wp-json\/wp\/v2\/product_tag?post=2875"}],"curies":[{"name":"wp","href":"https:\/\/api.w.org\/{rel}","templated":true}]}}