{"id":2881,"date":"2022-02-18T06:32:14","date_gmt":"2022-02-18T06:32:14","guid":{"rendered":"https:\/\/govalf.com\/?post_type=product&#038;p=2881"},"modified":"2022-05-30T17:23:58","modified_gmt":"2022-05-30T17:23:58","slug":"doner-flansli-kompansator","status":"publish","type":"product","link":"http:\/\/govalf.com\/tr\/product\/doner-flansli-kompansator\/","title":{"rendered":"D\u00f6ner flan\u015fl\u0131 kompansat\u00f6r"},"content":{"rendered":"<h1><strong>D\u00f6ner Flan\u015fl\u0131 Kompansat\u00f6r<\/strong><\/h1>\n<p><strong>D\u00f6ner flan\u015fl\u0131 kompansat\u00f6r,<\/strong> boru hatlar\u0131 i\u00e7in son derece hayati bir \u00f6neme sahip olan par\u00e7alard\u0131r. Boru hatt\u0131nda esneklik sa\u011flayan ve hareketin konforlu yap\u0131labilmesini sa\u011flayan bu kompansat\u00f6rler, farkl\u0131 ama\u00e7lar do\u011frultusunda da kullan\u0131labilir. G\u00fcn\u00fcm\u00fczde en yayg\u0131n kullan\u0131m alanlar\u0131ndan biri de s\u0131cak ya da so\u011fuk boru hatlar\u0131nda olu\u015fan genle\u015fme ve b\u00fcz\u00fclme gibi olumsuzluklar\u0131n giderilmesine y\u00f6neliktir. So\u011fuk ya da s\u0131cak s\u0131v\u0131 ak\u0131\u015f\u0131n\u0131n oldu\u011fu boru hatlar\u0131nda \u0131s\u0131nma ya da so\u011fumaya ba\u011fl\u0131 olarak geli\u015fen problemler \u00e7ok ciddi boyutlara ula\u015fabilir. Bu boru hatlar\u0131nda d\u00f6ner flanl\u015f\u0131 kompansat\u00f6rlerin kullan\u0131lmas\u0131, boru hatt\u0131n\u0131n ba\u011f\u0131ms\u0131z par\u00e7alara sahip olmas\u0131n\u0131 sa\u011flayacakt\u0131r. B\u00f6ylelikle ba\u011f\u0131ms\u0131z olarak hareket eden b\u00f6l\u00fcmler, \u0131s\u0131nma ya da so\u011fuman\u0131n yaratt\u0131\u011f\u0131 olumsuzluklardan minimal \u00f6l\u00e7\u00fclerde etkilenir. D\u00f6ner flan\u015fl\u0131 kompansat\u00f6rler, iste\u011fe ba\u011fl\u0131 olarak farkl\u0131 \u00e7aplarda \u00fcretebilmeye de uygundur. Dolay\u0131s\u0131yla hemen her b\u00fcy\u00fckl\u00fckte boru hatta i\u00e7in d\u00f6ner flan\u015fl\u0131 kompansat\u00f6rlerden faydalanmak m\u00fcmk\u00fcnd\u00fcr.<\/p>\n<h2><strong>D\u00f6ner Flan\u015fl\u0131 Kompansat\u00f6rler Nedir, Ne \u0130\u015fe Yarar?<\/strong><\/h2>\n<p><strong>D\u00f6ner flan\u015fl\u0131 kompansat\u00f6rler<\/strong>, esneklik \u00f6zelli\u011finin yan\u0131 s\u0131ra boru hatlar\u0131nda titre\u015fim engelleyici bir niteli\u011fe de sahiptir. Boru hatlar\u0131nda olu\u015fan titre\u015fimleri ve bu titre\u015fimlere ba\u011fl\u0131 olarak geli\u015fen deformasyonlara kar\u015f\u0131 bir \u00e7\u00f6z\u00fcm olarak da tercih edilebilir. Montaj bak\u0131m\u0131ndan da son derece kolay kullan\u0131ma uygun olan d\u00f6ner flan\u015fl\u0131 kompansat\u00f6rlerin standart malzemesi karbon \u00e7eliktir.<\/p>\n<p>Bununla birlikte kullan\u0131m alan\u0131na ya da ki\u015fisel taleplere g\u00f6re d\u00f6ner flan\u015fl\u0131 kompansat\u00f6rlerin paslanmaz \u00e7elik veya ba\u015fka bir malzemeden \u00fcretilmesi de m\u00fcmk\u00fcnd\u00fcr. Boru hatt\u0131n\u0131n niteli\u011fine ya da hat i\u00e7erisinde ihtiya\u00e7 duyulan durumlara g\u00f6re farkl\u0131 malzemeler tercih edilebilir. Bu durum, ayn\u0131 \u015fekilde d\u00f6ner flan\u015fl\u0131 kompansat\u00f6rlerin \u00e7aplar\u0131 i\u00e7in de ge\u00e7erlidir. Yine talepler do\u011frultusunda malzemenin farkl\u0131 \u00e7aplarda \u00fcretilmesi olanakl\u0131d\u0131r.<\/p>\n<h3><strong>D\u00f6ner Flan\u015fl\u0131 Kompansat\u00f6rler Nedir?<\/strong><\/h3>\n<p><strong>D\u00f6ner flan\u015fl\u0131 kompansat\u00f6rler<\/strong>, boru hatlar\u0131n\u0131n esneklik elde ederek, so\u011fuk ya da s\u0131cak s\u0131v\u0131 ak\u0131\u015f\u0131n\u0131n getirdi\u011fi olumsuzluklardan etkilenmesini engellemek amac\u0131yla kullan\u0131lan bir \u00fcr\u00fcnd\u00fcr. Kolayl\u0131kla monte i\u015flemi ger\u00e7ekle\u015ftirilebilen d\u00f6ner flan\u015fl\u0131 kompansat\u00f6r, b\u00fcz\u00fclme ve genle\u015fmeden kaynaklanan boru hatt\u0131 sorunlar\u0131n\u0131n tamamen ortadan kalkmas\u0131n\u0131 sa\u011flar.<\/p>\n<p>\u00d6zellikle ba\u015fta d\u0131\u015f boru hatt\u0131 tesisatlar\u0131 olmak \u00fczere baz\u0131 durumlarda tesisat\u0131n i\u00e7inden akan s\u0131v\u0131n\u0131n s\u0131cakl\u0131\u011f\u0131 ya da d\u0131\u015f etkenler nedeniyle boru hatlar\u0131nda \u00e7ok ciddi deformasyonlar olu\u015fabilmektedir. Bu deformasyonlar b\u00fct\u00fcn bir hatt\u0131 etkiledi\u011fi gibi baz\u0131 durumlarda ise b\u00f6lgesel etki g\u00f6sterebilir. D\u00f6ner flan\u015fl\u0131 kompansat\u00f6r, s\u0131cakl\u0131\u011f\u0131n etkisinden ba\u011f\u0131ms\u0131z olarak boru hatt\u0131n\u0131n sa\u011fl\u0131kl\u0131 \u015fekilde g\u00f6revini s\u00fcrd\u00fcrmesini sa\u011flar. B\u00f6ylelikle d\u0131\u015f etkenlerden kaynaklanan deformasyonlar\u0131n \u00f6n\u00fcne ge\u00e7ilebilir.<\/p>\n<h3><strong>D\u00f6ner Flan\u015fl\u0131 Kompansat\u00f6rler Ne \u0130\u015fe Yarar?<\/strong><\/h3>\n<p><strong>D\u00f6ner flan\u015fl\u0131 kompansat\u00f6rler<\/strong>, temel olarak \u00fc\u00e7 farkl\u0131 i\u015fleve sahiptir. S\u0131cak s\u0131v\u0131 ak\u0131\u015f\u0131n\u0131n yo\u011fun oldu\u011fu boru hatlar\u0131nda ciddi d\u00fczeyde genle\u015fme sorunuyla kar\u015f\u0131 kar\u015f\u0131ya kal\u0131nabilir. Genle\u015fme sorunu, tesisat\u0131n t\u00fcm \u00f6zelliklerini do\u011frudan etkiledi\u011fi gibi ayn\u0131 zamanda s\u0131v\u0131 bas\u0131nc\u0131na da etki de bulunur. D\u00f6ner flan\u015fl\u0131 kompansat\u00f6rlerin ilk i\u015flevi bu genle\u015fmeyi engellemek \u00fczerinedir.<\/p>\n<p>Bu t\u00fcrden kompansat\u00f6rlerin bir di\u011fer i\u015flevi de so\u011fuk s\u0131v\u0131 ak\u0131\u015f\u0131ndan kaynaklanan boru hatt\u0131ndaki b\u00fcz\u00fc\u015fmelerin engellenmesi \u00fczerinedir. D\u00f6ner flan\u015fl\u0131 kompansat\u00f6rler b\u00fcz\u00fc\u015fmeyi engelleyerek boru hatt\u0131n\u0131n bas\u0131n\u00e7 kayb\u0131 ya\u015famadan g\u00f6revini s\u00fcrd\u00fcrmesini sa\u011flar. D\u00f6ner flan\u015fl\u0131 kompansat\u00f6rlerin bir di\u011fer i\u015flevi de boru hatt\u0131ndaki titre\u015fimi engellemesidir. Baz\u0131 boru hatlar\u0131nda ortaya \u00e7\u0131kan y\u00fcksek bas\u0131n\u00e7lar, hatta ya da boru sisteminde deformasyona sebep olabilecek niteliktedir.<\/p>\n<h3><strong>D\u00f6ner Flan\u015fl\u0131 Kompansat\u00f6rler Nerelerde Kullan\u0131l\u0131r? <\/strong><\/h3>\n<p><strong>D\u00f6ner flan\u015fl\u0131 kompansat\u00f6rler<\/strong>; genle\u015fme, b\u00fcz\u00fc\u015fme ya da titre\u015fim gibi sorunlar\u0131n ya\u015fand\u0131\u011f\u0131 t\u00fcm boru hatlar\u0131nda kullan\u0131m i\u00e7in uygundur. Farkl\u0131 malzemelerden \u00fcretilebiliyor olmas\u0131 geni\u015f yelpazeli bir kullan\u0131m alan\u0131na sahip olmas\u0131n\u0131 sa\u011flam\u0131\u015ft\u0131r. Ayn\u0131 zamanda d\u00f6ner flan\u015fl\u0131 kompansat\u00f6r, farkl\u0131 \u00e7aplarda \u00fcretilebiliyor oldu\u011fundan her boru tesisat\u0131 i\u00e7in uygunluk ta\u015f\u0131r.<\/p>\n<p><a href=\"https:\/\/govalf.com\/iletisim\/\">\u0130leti\u015fim<\/a><\/p>\n<p>&nbsp;<\/p>\n","protected":false},"excerpt":{"rendered":"<p>\u00d8250 mm \u00e7aptan b\u00fcy\u00fck kompansat\u00f6rlerin se\u00e7imi i\u00e7in teknik servisimize ba\u015fvurunuz.<br \/>\nStandart ba\u011flant\u0131 malzemesi st37 karbon \u00e7eliktir. \u0130ste\u011fe ba\u011fl\u0131 olarak AISI304, AISI316 paslanmaz \u00e7elik veya talep edilen di\u011fer malzemelere g\u00f6re imalat yap\u0131labilir.<\/p>\n<h2>\u00d6zellikler<\/h2>\n<ul>\n<li>Ond\u00fclasyon Malzemesi:AISI304, 316, 316L, 321, 309, 310<\/li>\n<li>Flan\u015f Malzemesi:st37-2, AISI304, 316<\/li>\n<\/ul>\n","protected":false},"featured_media":2882,"comment_status":"closed","ping_status":"closed","template":"","meta":{"_acf_changed":false},"product_brand":[],"product_cat":[70],"product_tag":[],"class_list":{"0":"post-2881","1":"product","2":"type-product","3":"status-publish","4":"has-post-thumbnail","6":"product_cat-kompansator","8":"first","9":"instock","10":"shipping-taxable","11":"purchasable","12":"product-type-simple"},"acf":[],"yoast_head":"<!-- This site is optimized with the Yoast SEO plugin v27.4 - https:\/\/yoast.com\/product\/yoast-seo-wordpress\/ -->\n<title>D\u00f6ner flan\u015fl\u0131 kompansat\u00f6r - Go Valf Vana ve Pompa Sistemleri<\/title>\n<meta name=\"description\" content=\"D\u00f6ner flan\u015fl\u0131 kompansat\u00f6r ler, boru hatlar\u0131 i\u00e7in son derece hayati bir \u00f6neme sahip olan par\u00e7alard\u0131r. Boru hatt\u0131nda\" \/>\n<meta name=\"robots\" content=\"index, follow, max-snippet:-1, max-image-preview:large, max-video-preview:-1\" \/>\n<link rel=\"canonical\" href=\"http:\/\/govalf.com\/tr\/product\/doner-flansli-kompansator\/\" \/>\n<meta property=\"og:locale\" content=\"tr_TR\" \/>\n<meta property=\"og:type\" content=\"article\" \/>\n<meta property=\"og:title\" content=\"D\u00f6ner flan\u015fl\u0131 kompansat\u00f6r - Go Valf Vana ve Pompa Sistemleri\" \/>\n<meta property=\"og:description\" content=\"D\u00f6ner flan\u015fl\u0131 kompansat\u00f6r ler, boru hatlar\u0131 i\u00e7in son derece hayati bir \u00f6neme sahip olan par\u00e7alard\u0131r. Boru hatt\u0131nda\" \/>\n<meta property=\"og:url\" content=\"http:\/\/govalf.com\/tr\/product\/doner-flansli-kompansator\/\" \/>\n<meta property=\"og:site_name\" content=\"Go Valf Vana ve Pompa Sistemleri\" \/>\n<meta property=\"article:modified_time\" content=\"2022-05-30T17:23:58+00:00\" \/>\n<meta property=\"og:image\" content=\"http:\/\/govalf.com\/wp-content\/uploads\/2022\/02\/Doner-Flansli-Kompansatorler.jpg\" \/>\n\t<meta property=\"og:image:width\" content=\"440\" \/>\n\t<meta property=\"og:image:height\" content=\"365\" \/>\n\t<meta property=\"og:image:type\" content=\"image\/jpeg\" \/>\n<meta name=\"twitter:card\" content=\"summary_large_image\" \/>\n<meta name=\"twitter:label1\" content=\"Tahmini okuma s\u00fcresi\" \/>\n\t<meta name=\"twitter:data1\" content=\"4 dakika\" \/>\n<script type=\"application\/ld+json\" class=\"yoast-schema-graph\">{\"@context\":\"https:\\\/\\\/schema.org\",\"@graph\":[{\"@type\":\"WebPage\",\"@id\":\"http:\\\/\\\/govalf.com\\\/tr\\\/product\\\/doner-flansli-kompansator\\\/\",\"url\":\"http:\\\/\\\/govalf.com\\\/tr\\\/product\\\/doner-flansli-kompansator\\\/\",\"name\":\"D\u00f6ner flan\u015fl\u0131 kompansat\u00f6r - Go Valf Vana ve Pompa Sistemleri\",\"isPartOf\":{\"@id\":\"http:\\\/\\\/govalf.com\\\/ru\\\/#website\"},\"primaryImageOfPage\":{\"@id\":\"http:\\\/\\\/govalf.com\\\/tr\\\/product\\\/doner-flansli-kompansator\\\/#primaryimage\"},\"image\":{\"@id\":\"http:\\\/\\\/govalf.com\\\/tr\\\/product\\\/doner-flansli-kompansator\\\/#primaryimage\"},\"thumbnailUrl\":\"http:\\\/\\\/govalf.com\\\/wp-content\\\/uploads\\\/2022\\\/02\\\/Doner-Flansli-Kompansatorler.jpg\",\"datePublished\":\"2022-02-18T06:32:14+00:00\",\"dateModified\":\"2022-05-30T17:23:58+00:00\",\"description\":\"D\u00f6ner flan\u015fl\u0131 kompansat\u00f6r ler, boru hatlar\u0131 i\u00e7in son derece hayati bir \u00f6neme sahip olan par\u00e7alard\u0131r. Boru hatt\u0131nda\",\"breadcrumb\":{\"@id\":\"http:\\\/\\\/govalf.com\\\/tr\\\/product\\\/doner-flansli-kompansator\\\/#breadcrumb\"},\"inLanguage\":\"tr\",\"potentialAction\":[{\"@type\":\"ReadAction\",\"target\":[\"http:\\\/\\\/govalf.com\\\/tr\\\/product\\\/doner-flansli-kompansator\\\/\"]}]},{\"@type\":\"ImageObject\",\"inLanguage\":\"tr\",\"@id\":\"http:\\\/\\\/govalf.com\\\/tr\\\/product\\\/doner-flansli-kompansator\\\/#primaryimage\",\"url\":\"http:\\\/\\\/govalf.com\\\/wp-content\\\/uploads\\\/2022\\\/02\\\/Doner-Flansli-Kompansatorler.jpg\",\"contentUrl\":\"http:\\\/\\\/govalf.com\\\/wp-content\\\/uploads\\\/2022\\\/02\\\/Doner-Flansli-Kompansatorler.jpg\",\"width\":440,\"height\":365,\"caption\":\"D\u00f6ner flan\u015fl\u0131 kompansat\u00f6r\"},{\"@type\":\"BreadcrumbList\",\"@id\":\"http:\\\/\\\/govalf.com\\\/tr\\\/product\\\/doner-flansli-kompansator\\\/#breadcrumb\",\"itemListElement\":[{\"@type\":\"ListItem\",\"position\":1,\"name\":\"Anasayfa\",\"item\":\"https:\\\/\\\/govalf.com\\\/tr\\\/\"},{\"@type\":\"ListItem\",\"position\":2,\"name\":\"Products\",\"item\":\"http:\\\/\\\/govalf.com\\\/fr\\\/des-produits\\\/\"},{\"@type\":\"ListItem\",\"position\":3,\"name\":\"D\u00f6ner flan\u015fl\u0131 kompansat\u00f6r\"}]},{\"@type\":\"WebSite\",\"@id\":\"http:\\\/\\\/govalf.com\\\/ru\\\/#website\",\"url\":\"http:\\\/\\\/govalf.com\\\/ru\\\/\",\"name\":\"Go Valf Vana ve Pompa Sistemleri\",\"description\":\"Yang\u0131n S\u00f6nd\u00fcrme Sistemleri ve Ekipmanlar\u0131\",\"publisher\":{\"@id\":\"http:\\\/\\\/govalf.com\\\/ru\\\/#organization\"},\"potentialAction\":[{\"@type\":\"SearchAction\",\"target\":{\"@type\":\"EntryPoint\",\"urlTemplate\":\"http:\\\/\\\/govalf.com\\\/ru\\\/?s={search_term_string}\"},\"query-input\":{\"@type\":\"PropertyValueSpecification\",\"valueRequired\":true,\"valueName\":\"search_term_string\"}}],\"inLanguage\":\"tr\"},{\"@type\":\"Organization\",\"@id\":\"http:\\\/\\\/govalf.com\\\/ru\\\/#organization\",\"name\":\"Go Valf\",\"url\":\"http:\\\/\\\/govalf.com\\\/ru\\\/\",\"logo\":{\"@type\":\"ImageObject\",\"inLanguage\":\"tr\",\"@id\":\"http:\\\/\\\/govalf.com\\\/ru\\\/#\\\/schema\\\/logo\\\/image\\\/\",\"url\":\"https:\\\/\\\/govalf.com\\\/wp-content\\\/uploads\\\/2022\\\/02\\\/go-valf-logo.png\",\"contentUrl\":\"https:\\\/\\\/govalf.com\\\/wp-content\\\/uploads\\\/2022\\\/02\\\/go-valf-logo.png\",\"width\":504,\"height\":120,\"caption\":\"Go Valf\"},\"image\":{\"@id\":\"http:\\\/\\\/govalf.com\\\/ru\\\/#\\\/schema\\\/logo\\\/image\\\/\"}}]}<\/script>\n<!-- \/ Yoast SEO plugin. -->","yoast_head_json":{"title":"D\u00f6ner flan\u015fl\u0131 kompansat\u00f6r - Go Valf Vana ve Pompa Sistemleri","description":"D\u00f6ner flan\u015fl\u0131 kompansat\u00f6r ler, boru hatlar\u0131 i\u00e7in son derece hayati bir \u00f6neme sahip olan par\u00e7alard\u0131r. Boru hatt\u0131nda","robots":{"index":"index","follow":"follow","max-snippet":"max-snippet:-1","max-image-preview":"max-image-preview:large","max-video-preview":"max-video-preview:-1"},"canonical":"http:\/\/govalf.com\/tr\/product\/doner-flansli-kompansator\/","og_locale":"tr_TR","og_type":"article","og_title":"D\u00f6ner flan\u015fl\u0131 kompansat\u00f6r - Go Valf Vana ve Pompa Sistemleri","og_description":"D\u00f6ner flan\u015fl\u0131 kompansat\u00f6r ler, boru hatlar\u0131 i\u00e7in son derece hayati bir \u00f6neme sahip olan par\u00e7alard\u0131r. Boru hatt\u0131nda","og_url":"http:\/\/govalf.com\/tr\/product\/doner-flansli-kompansator\/","og_site_name":"Go Valf Vana ve Pompa Sistemleri","article_modified_time":"2022-05-30T17:23:58+00:00","og_image":[{"width":440,"height":365,"url":"http:\/\/govalf.com\/wp-content\/uploads\/2022\/02\/Doner-Flansli-Kompansatorler.jpg","type":"image\/jpeg"}],"twitter_card":"summary_large_image","twitter_misc":{"Tahmini okuma s\u00fcresi":"4 dakika"},"schema":{"@context":"https:\/\/schema.org","@graph":[{"@type":"WebPage","@id":"http:\/\/govalf.com\/tr\/product\/doner-flansli-kompansator\/","url":"http:\/\/govalf.com\/tr\/product\/doner-flansli-kompansator\/","name":"D\u00f6ner flan\u015fl\u0131 kompansat\u00f6r - Go Valf Vana ve Pompa Sistemleri","isPartOf":{"@id":"http:\/\/govalf.com\/ru\/#website"},"primaryImageOfPage":{"@id":"http:\/\/govalf.com\/tr\/product\/doner-flansli-kompansator\/#primaryimage"},"image":{"@id":"http:\/\/govalf.com\/tr\/product\/doner-flansli-kompansator\/#primaryimage"},"thumbnailUrl":"http:\/\/govalf.com\/wp-content\/uploads\/2022\/02\/Doner-Flansli-Kompansatorler.jpg","datePublished":"2022-02-18T06:32:14+00:00","dateModified":"2022-05-30T17:23:58+00:00","description":"D\u00f6ner flan\u015fl\u0131 kompansat\u00f6r ler, boru hatlar\u0131 i\u00e7in son derece hayati bir \u00f6neme sahip olan par\u00e7alard\u0131r. Boru hatt\u0131nda","breadcrumb":{"@id":"http:\/\/govalf.com\/tr\/product\/doner-flansli-kompansator\/#breadcrumb"},"inLanguage":"tr","potentialAction":[{"@type":"ReadAction","target":["http:\/\/govalf.com\/tr\/product\/doner-flansli-kompansator\/"]}]},{"@type":"ImageObject","inLanguage":"tr","@id":"http:\/\/govalf.com\/tr\/product\/doner-flansli-kompansator\/#primaryimage","url":"http:\/\/govalf.com\/wp-content\/uploads\/2022\/02\/Doner-Flansli-Kompansatorler.jpg","contentUrl":"http:\/\/govalf.com\/wp-content\/uploads\/2022\/02\/Doner-Flansli-Kompansatorler.jpg","width":440,"height":365,"caption":"D\u00f6ner flan\u015fl\u0131 kompansat\u00f6r"},{"@type":"BreadcrumbList","@id":"http:\/\/govalf.com\/tr\/product\/doner-flansli-kompansator\/#breadcrumb","itemListElement":[{"@type":"ListItem","position":1,"name":"Anasayfa","item":"https:\/\/govalf.com\/tr\/"},{"@type":"ListItem","position":2,"name":"Products","item":"http:\/\/govalf.com\/fr\/des-produits\/"},{"@type":"ListItem","position":3,"name":"D\u00f6ner flan\u015fl\u0131 kompansat\u00f6r"}]},{"@type":"WebSite","@id":"http:\/\/govalf.com\/ru\/#website","url":"http:\/\/govalf.com\/ru\/","name":"Go Valf Vana ve Pompa Sistemleri","description":"Yang\u0131n S\u00f6nd\u00fcrme Sistemleri ve Ekipmanlar\u0131","publisher":{"@id":"http:\/\/govalf.com\/ru\/#organization"},"potentialAction":[{"@type":"SearchAction","target":{"@type":"EntryPoint","urlTemplate":"http:\/\/govalf.com\/ru\/?s={search_term_string}"},"query-input":{"@type":"PropertyValueSpecification","valueRequired":true,"valueName":"search_term_string"}}],"inLanguage":"tr"},{"@type":"Organization","@id":"http:\/\/govalf.com\/ru\/#organization","name":"Go Valf","url":"http:\/\/govalf.com\/ru\/","logo":{"@type":"ImageObject","inLanguage":"tr","@id":"http:\/\/govalf.com\/ru\/#\/schema\/logo\/image\/","url":"https:\/\/govalf.com\/wp-content\/uploads\/2022\/02\/go-valf-logo.png","contentUrl":"https:\/\/govalf.com\/wp-content\/uploads\/2022\/02\/go-valf-logo.png","width":504,"height":120,"caption":"Go Valf"},"image":{"@id":"http:\/\/govalf.com\/ru\/#\/schema\/logo\/image\/"}}]}},"_links":{"self":[{"href":"http:\/\/govalf.com\/tr\/wp-json\/wp\/v2\/product\/2881","targetHints":{"allow":["GET"]}}],"collection":[{"href":"http:\/\/govalf.com\/tr\/wp-json\/wp\/v2\/product"}],"about":[{"href":"http:\/\/govalf.com\/tr\/wp-json\/wp\/v2\/types\/product"}],"replies":[{"embeddable":true,"href":"http:\/\/govalf.com\/tr\/wp-json\/wp\/v2\/comments?post=2881"}],"wp:featuredmedia":[{"embeddable":true,"href":"http:\/\/govalf.com\/tr\/wp-json\/wp\/v2\/media\/2882"}],"wp:attachment":[{"href":"http:\/\/govalf.com\/tr\/wp-json\/wp\/v2\/media?parent=2881"}],"wp:term":[{"taxonomy":"product_brand","embeddable":true,"href":"http:\/\/govalf.com\/tr\/wp-json\/wp\/v2\/product_brand?post=2881"},{"taxonomy":"product_cat","embeddable":true,"href":"http:\/\/govalf.com\/tr\/wp-json\/wp\/v2\/product_cat?post=2881"},{"taxonomy":"product_tag","embeddable":true,"href":"http:\/\/govalf.com\/tr\/wp-json\/wp\/v2\/product_tag?post=2881"}],"curies":[{"name":"wp","href":"https:\/\/api.w.org\/{rel}","templated":true}]}}