{"id":2887,"date":"2022-02-18T06:33:51","date_gmt":"2022-02-18T06:33:51","guid":{"rendered":"https:\/\/govalf.com\/?post_type=product&#038;p=2887"},"modified":"2022-05-29T17:42:24","modified_gmt":"2022-05-29T17:42:24","slug":"sabit-flansli-kompansatorler","status":"publish","type":"product","link":"http:\/\/govalf.com\/tr\/product\/sabit-flansli-kompansatorler\/","title":{"rendered":"Sabit Flan\u015fl\u0131 Kompansat\u00f6rler"},"content":{"rendered":"<h1>Sabit Flan\u015fl\u0131 Kompansat\u00f6rler<\/h1>\n<p><strong>Sabit Flan\u015fl\u0131 Kompansat\u00f6rler<\/strong>, s\u0131cak ve so\u011fuk ak\u0131\u015fkanlar ta\u015f\u0131yan boru hatlar\u0131ndaki genle\u015fme ya da b\u00fcz\u00fclme nedeniyle olu\u015fan boyutsal de\u011fi\u015fimleri gidermek i\u00e7in tasarlanmaktad\u0131r. \u00c7ok \u00f6zel bir tasar\u0131m ile \u00fcretilen bu t\u00fcr \u00fcr\u00fcnler, genle\u015fme par\u00e7alar\u0131 olarak da de\u011ferlendirilebilir. Boru hatt\u0131 i\u00e7erisinde olu\u015fabilen mekanik titre\u015fimleri de absorbe eden sabit flan\u015fl\u0131 kompansat\u00f6rler geni\u015f kullan\u0131m alanlar\u0131yla dikkat \u00e7ekmektedir.<\/p>\n<p>\u00dcr\u00fcn\u00fcn standart malzemesi st37 karbon \u00e7elik oldu\u011fu i\u00e7in g\u00fcvenli bir \u015fekilde kullan\u0131labilir. Ayr\u0131ca farkl\u0131 malzemelerle de \u00fcretilmeleri m\u00fcmk\u00fcnd\u00fcr. Bu nedenle titiz bir \u015fekilde \u00fcretildiklerini s\u00f6ylemek m\u00fcmk\u00fcnd\u00fcr. Standart bir ebada g\u00f6re \u00fcretilseler de daha b\u00fcy\u00fck kompansat\u00f6rlerin \u00fcretilmeleri de olanakl\u0131d\u0131r.<\/p>\n<h2>Sabit Flan\u015fl\u0131 Kompansat\u00f6rler Nedir, Ne \u0130\u015fe Yarar?<\/h2>\n<p>Boru hatlar\u0131nda, \u0131s\u0131 de\u011fi\u015fimleri nedeniyle genle\u015fme ya da b\u00fcz\u00fclmeler meydana gelebilir. B\u00f6yle bir durumda \u00f6nlem al\u0131nmad\u0131\u011f\u0131 takdirde sistem i\u00e7erisinde \u00e7e\u015fitli sorunlar olu\u015fabilir. <strong>S<\/strong>istemin ar\u0131zalanmas\u0131n\u0131 engellemek i\u00e7in tasarlanmaktad\u0131r. S\u0131cak veya so\u011fuk ak\u0131\u015fkan ta\u015f\u0131yan botu hatlar\u0131n\u0131n yan\u0131 s\u0131ra y\u00fcksek oranda \u0131s\u0131 de\u011fi\u015fimlerine maruz kalan hatlar, genle\u015febilir ya da b\u00fcz\u00fclebilir.<\/p>\n<p>Bu t\u00fcr durumlar, boru hatlar\u0131nda boyutsal de\u011fi\u015fimlerin olu\u015fmas\u0131na neden olur. Boyutsal de\u011fi\u015fimlerin olu\u015fmas\u0131n\u0131 sa\u011flayan par\u00e7alar kompansat\u00f6rler olarak adland\u0131r\u0131l\u0131r. Esnek metal k\u00f6r\u00fcklere sahiptir, bu sayede kolay bir \u015fekilde hareket eder. Bir\u00e7ok alanda tercih edilen Kompansat\u00f6rler, yenilik\u00e7i \u00f6zellikleriyle dikkat \u00e7ekmektedir.<\/p>\n<h3>Sabit Flan\u015fl\u0131 Kompansat\u00f6rler Nedir?<\/h3>\n<p>Boru hatlar\u0131n\u0131n \u0131s\u0131 de\u011fi\u015fimlerinde boyutsal de\u011fi\u015fim ya\u015famas\u0131, sistemin bozulmas\u0131na sebebiyet verebildi\u011fi i\u00e7in bu konuda destek sunacak ekipmanlar\u0131n kullan\u0131lmas\u0131 bir hayli \u00f6nemlidir. <b>I<\/b>s\u0131 de\u011fi\u015fimleri sonucunda sistemin korunmas\u0131n\u0131 sa\u011flayan par\u00e7alar olarak dikkat \u00e7eker.<\/p>\n<p>Bir\u00e7ok \u00f6zelli\u011fi b\u00fcnyesinde bar\u0131nd\u0131rmakta olan bu t\u00fcr kompansat\u00f6rler, geli\u015fmi\u015f bir kullan\u0131m\u0131 m\u00fcmk\u00fcn k\u0131lar. Kaliteli malzemelerden tasarland\u0131\u011f\u0131 i\u00e7in g\u00fcvenli bir kullan\u0131m sa\u011flar. Bu sayede uzun s\u00fcreli bir \u015fekilde kullan\u0131labilmekte olup boru hatlar\u0131n\u0131n ar\u0131zalanmas\u0131n\u0131 engeller. K\u00f6r\u00fck, flan\u015f \u00f6zellikleri ve pek \u00e7ok \u00f6zelli\u011fi sayesinde esnek bir kullan\u0131m\u0131 m\u00fcmk\u00fcn k\u0131lar.<\/p>\n<h3>Sabit Flan\u015fl\u0131 Kompansat\u00f6rler Ne \u0130\u015fe Yarar?<\/h3>\n<p><b>B<\/b>oru hatlar\u0131 i\u00e7erisinde yer alan par\u00e7alardan bir tanesidir. Boru hatlar\u0131ndaki uzunlamas\u0131na bir \u015fekilde eksenel y\u00f6nde uzama ve b\u00fcz\u00fclme hareketleri, kompansat\u00f6rler sayesinde absorbe edilir. Bu nedenle geni\u015f bir kullan\u0131m alan\u0131na sahip olduklar\u0131n\u0131 belirtmek olanakl\u0131d\u0131r.<\/p>\n<p>A\u015fa\u011f\u0131daki gibi s\u0131ralanabilen \u00f6zellikleri b\u00fcnyesinde bar\u0131nd\u0131r\u0131r:<\/p>\n<ul>\n<li>Boru hatt\u0131 i\u00e7erisinde s\u0131cakl\u0131k de\u011fi\u015fimleri nedeniyle meydana gelen b\u00fcz\u00fclme ve genle\u015fme hareketleri absorbe edilir.<\/li>\n<li>Paslanmaz \u00e7elikten tasarlanan k\u00f6r\u00fck sistemine sahiptir.<\/li>\n<li>Karbon \u00e7elikten \u00fcretilen flan\u015flar, sistemde s\u0131zd\u0131rmazl\u0131k \u00f6zelli\u011fini m\u00fcmk\u00fcn k\u0131lar.<\/li>\n<li>Sahip oldu\u011fu \u00f6zellikler, farkl\u0131 alanlarda rahatl\u0131kla kullan\u0131labilmesini olanakl\u0131 hale getirir.<\/li>\n<li>Titiz bir \u015fekilde uygulanmas\u0131 zorunludur.<\/li>\n<\/ul>\n<p>Belirtilen \u00f6zelliklerin her biri, kompansat\u00f6rlerin s\u0131kl\u0131kla tercih edilmesini sa\u011flar. Yenilik\u00e7i bir \u015fekilde tasarland\u0131klar\u0131 i\u00e7in konforlu bir \u015fekilde kullan\u0131labilir. 250 mm \u00e7apa kadar kompansat\u00f6rler tasarlansa da 250 mm\u2019den daha b\u00fcy\u00fck kompansat\u00f6rler de tasarlanabilir.<\/p>\n<h3>Sabit Flan\u015fl\u0131 Kompansat\u00f6rler Nerelerde Kullan\u0131l\u0131r?<\/h3>\n<p>Farkl\u0131 t\u00fcr modelleri bulunan kompansat\u00f6rler, teknolojik \u00f6zellikleri b\u00fcnyesinde bar\u0131nd\u0131ran bir \u00fcr\u00fcnd\u00fcr. <b>B<\/b>ir\u00e7ok alanda kullan\u0131lan kompansat\u00f6rler aras\u0131nda yer almaktad\u0131r. Bu t\u00fcr kompansat\u00f6rlerin kullan\u0131m alanlar\u0131 \u015fu \u015fekilde s\u0131ralanabilir:<\/p>\n<ul>\n<li>End\u00fcstriyel uygulamalar<\/li>\n<li>Eksene geni\u015flemeleri absorbe etmek<\/li>\n<li>T\u00fcm makineleri<\/li>\n<li>T\u00fcm motorlar<\/li>\n<li>Sistemdeki gerilim ve g\u00fcr\u00fclt\u00fcy\u00fc d\u00fc\u015f\u00fcrmek<\/li>\n<li>Gaz ve su hatlar\u0131<\/li>\n<li>T\u00fcm pompalar<\/li>\n<li>\u0130\u00e7me suyu hatlar\u0131 vb.<\/li>\n<\/ul>\n<p>Belirtilen alanlar\u0131n her birinde kullan\u0131lan sabit flan\u015fl\u0131 kompansat\u00f6rler, teknolojik \u00f6zellikleriyle dikkatleri \u00fczerine \u00e7ekmektedir. S\u0131cak ve so\u011fuk ak\u0131\u015fkan ta\u015f\u0131yan boru hatlar\u0131nda kullan\u0131lan bu t\u00fcr kompansat\u00f6rler, genle\u015fme veya b\u00fcz\u00fclme ile meydana gelen boyutsal de\u011fi\u015fimlerini giderir. Boru hatlar\u0131n\u0131n ar\u0131zalanmas\u0131n\u0131 engelledi\u011fi i\u00e7in kompansat\u00f6rlerin olduk\u00e7a \u00f6nemli oldu\u011funu belirtmek olanakl\u0131d\u0131r.<\/p>\n<p>&nbsp;<\/p>\n<p><a href=\"https:\/\/govalf.com\/iletisim\/\">\u0130leti\u015fim<\/a><\/p>\n","protected":false},"excerpt":{"rendered":"<p>\u00d8250 mm \u00e7aptan b\u00fcy\u00fck kompansat\u00f6rlerin se\u00e7imi i\u00e7in teknik servisimize ba\u015fvurunuz.<br \/>\nStandart ba\u011flant\u0131 malzemesi st37 karbon \u00e7eliktir. \u0130ste\u011fe ba\u011fl\u0131 olarak AISI304, AISI316 paslanmaz \u00e7elik veya talep edilen di\u011fer malzemelere g\u00f6re imalat yap\u0131labilir.<\/p>\n<h2>\u00d6zellikler<\/h2>\n<ul>\n<li>Ond\u00fclasyon Malzemesi:AISI304, 316, 316L, 321, 309, 310<\/li>\n<li>Flan\u015f Malzemesi:st37-2, AISI304, 316<\/li>\n<\/ul>\n","protected":false},"featured_media":2888,"comment_status":"closed","ping_status":"closed","template":"","meta":{"_acf_changed":false},"product_brand":[],"product_cat":[70],"product_tag":[],"class_list":{"0":"post-2887","1":"product","2":"type-product","3":"status-publish","4":"has-post-thumbnail","6":"product_cat-kompansator","8":"first","9":"instock","10":"shipping-taxable","11":"purchasable","12":"product-type-simple"},"acf":[],"yoast_head":"<!-- This site is optimized with the Yoast SEO plugin v27.4 - https:\/\/yoast.com\/product\/yoast-seo-wordpress\/ -->\n<title>Sabit Flan\u015fl\u0131 Kompansat\u00f6rler - Go Valf Vana ve Pompa Sistemleri<\/title>\n<meta name=\"description\" content=\"Sabit Flan\u015fl\u0131 Kompansat\u00f6rler, s\u0131cak ve so\u011fuk ak\u0131\u015fkanlar ta\u015f\u0131yan boru hatlar\u0131ndaki genle\u015fme ya da b\u00fcz\u00fclme nedeniyle olu\u015fan\" \/>\n<meta name=\"robots\" content=\"index, follow, max-snippet:-1, max-image-preview:large, max-video-preview:-1\" \/>\n<link rel=\"canonical\" href=\"http:\/\/govalf.com\/tr\/product\/sabit-flansli-kompansatorler\/\" \/>\n<meta property=\"og:locale\" content=\"tr_TR\" \/>\n<meta property=\"og:type\" content=\"article\" \/>\n<meta property=\"og:title\" content=\"Sabit Flan\u015fl\u0131 Kompansat\u00f6rler - Go Valf Vana ve Pompa Sistemleri\" \/>\n<meta property=\"og:description\" content=\"Sabit Flan\u015fl\u0131 Kompansat\u00f6rler, s\u0131cak ve so\u011fuk ak\u0131\u015fkanlar ta\u015f\u0131yan boru hatlar\u0131ndaki genle\u015fme ya da b\u00fcz\u00fclme nedeniyle olu\u015fan\" \/>\n<meta property=\"og:url\" content=\"http:\/\/govalf.com\/tr\/product\/sabit-flansli-kompansatorler\/\" \/>\n<meta property=\"og:site_name\" content=\"Go Valf Vana ve Pompa Sistemleri\" \/>\n<meta property=\"article:modified_time\" content=\"2022-05-29T17:42:24+00:00\" \/>\n<meta property=\"og:image\" content=\"http:\/\/govalf.com\/wp-content\/uploads\/2022\/02\/Sabit-Flansli-Kompansatorler.jpg\" \/>\n\t<meta property=\"og:image:width\" content=\"440\" \/>\n\t<meta property=\"og:image:height\" content=\"365\" \/>\n\t<meta property=\"og:image:type\" content=\"image\/jpeg\" \/>\n<meta name=\"twitter:card\" content=\"summary_large_image\" \/>\n<meta name=\"twitter:label1\" content=\"Tahmini okuma s\u00fcresi\" \/>\n\t<meta name=\"twitter:data1\" content=\"4 dakika\" \/>\n<script type=\"application\/ld+json\" class=\"yoast-schema-graph\">{\"@context\":\"https:\\\/\\\/schema.org\",\"@graph\":[{\"@type\":\"WebPage\",\"@id\":\"http:\\\/\\\/govalf.com\\\/tr\\\/product\\\/sabit-flansli-kompansatorler\\\/\",\"url\":\"http:\\\/\\\/govalf.com\\\/tr\\\/product\\\/sabit-flansli-kompansatorler\\\/\",\"name\":\"Sabit Flan\u015fl\u0131 Kompansat\u00f6rler - Go Valf Vana ve Pompa Sistemleri\",\"isPartOf\":{\"@id\":\"http:\\\/\\\/govalf.com\\\/ru\\\/#website\"},\"primaryImageOfPage\":{\"@id\":\"http:\\\/\\\/govalf.com\\\/tr\\\/product\\\/sabit-flansli-kompansatorler\\\/#primaryimage\"},\"image\":{\"@id\":\"http:\\\/\\\/govalf.com\\\/tr\\\/product\\\/sabit-flansli-kompansatorler\\\/#primaryimage\"},\"thumbnailUrl\":\"http:\\\/\\\/govalf.com\\\/wp-content\\\/uploads\\\/2022\\\/02\\\/Sabit-Flansli-Kompansatorler.jpg\",\"datePublished\":\"2022-02-18T06:33:51+00:00\",\"dateModified\":\"2022-05-29T17:42:24+00:00\",\"description\":\"Sabit Flan\u015fl\u0131 Kompansat\u00f6rler, s\u0131cak ve so\u011fuk ak\u0131\u015fkanlar ta\u015f\u0131yan boru hatlar\u0131ndaki genle\u015fme ya da b\u00fcz\u00fclme nedeniyle olu\u015fan\",\"breadcrumb\":{\"@id\":\"http:\\\/\\\/govalf.com\\\/tr\\\/product\\\/sabit-flansli-kompansatorler\\\/#breadcrumb\"},\"inLanguage\":\"tr\",\"potentialAction\":[{\"@type\":\"ReadAction\",\"target\":[\"http:\\\/\\\/govalf.com\\\/tr\\\/product\\\/sabit-flansli-kompansatorler\\\/\"]}]},{\"@type\":\"ImageObject\",\"inLanguage\":\"tr\",\"@id\":\"http:\\\/\\\/govalf.com\\\/tr\\\/product\\\/sabit-flansli-kompansatorler\\\/#primaryimage\",\"url\":\"http:\\\/\\\/govalf.com\\\/wp-content\\\/uploads\\\/2022\\\/02\\\/Sabit-Flansli-Kompansatorler.jpg\",\"contentUrl\":\"http:\\\/\\\/govalf.com\\\/wp-content\\\/uploads\\\/2022\\\/02\\\/Sabit-Flansli-Kompansatorler.jpg\",\"width\":440,\"height\":365,\"caption\":\"Sabit Flan\u015fl\u0131 Kompansat\u00f6rler\"},{\"@type\":\"BreadcrumbList\",\"@id\":\"http:\\\/\\\/govalf.com\\\/tr\\\/product\\\/sabit-flansli-kompansatorler\\\/#breadcrumb\",\"itemListElement\":[{\"@type\":\"ListItem\",\"position\":1,\"name\":\"Anasayfa\",\"item\":\"https:\\\/\\\/govalf.com\\\/tr\\\/\"},{\"@type\":\"ListItem\",\"position\":2,\"name\":\"Products\",\"item\":\"http:\\\/\\\/govalf.com\\\/fr\\\/des-produits\\\/\"},{\"@type\":\"ListItem\",\"position\":3,\"name\":\"Sabit Flan\u015fl\u0131 Kompansat\u00f6rler\"}]},{\"@type\":\"WebSite\",\"@id\":\"http:\\\/\\\/govalf.com\\\/ru\\\/#website\",\"url\":\"http:\\\/\\\/govalf.com\\\/ru\\\/\",\"name\":\"Go Valf Vana ve Pompa Sistemleri\",\"description\":\"Yang\u0131n S\u00f6nd\u00fcrme Sistemleri ve Ekipmanlar\u0131\",\"publisher\":{\"@id\":\"http:\\\/\\\/govalf.com\\\/ru\\\/#organization\"},\"potentialAction\":[{\"@type\":\"SearchAction\",\"target\":{\"@type\":\"EntryPoint\",\"urlTemplate\":\"http:\\\/\\\/govalf.com\\\/ru\\\/?s={search_term_string}\"},\"query-input\":{\"@type\":\"PropertyValueSpecification\",\"valueRequired\":true,\"valueName\":\"search_term_string\"}}],\"inLanguage\":\"tr\"},{\"@type\":\"Organization\",\"@id\":\"http:\\\/\\\/govalf.com\\\/ru\\\/#organization\",\"name\":\"Go Valf\",\"url\":\"http:\\\/\\\/govalf.com\\\/ru\\\/\",\"logo\":{\"@type\":\"ImageObject\",\"inLanguage\":\"tr\",\"@id\":\"http:\\\/\\\/govalf.com\\\/ru\\\/#\\\/schema\\\/logo\\\/image\\\/\",\"url\":\"https:\\\/\\\/govalf.com\\\/wp-content\\\/uploads\\\/2022\\\/02\\\/go-valf-logo.png\",\"contentUrl\":\"https:\\\/\\\/govalf.com\\\/wp-content\\\/uploads\\\/2022\\\/02\\\/go-valf-logo.png\",\"width\":504,\"height\":120,\"caption\":\"Go Valf\"},\"image\":{\"@id\":\"http:\\\/\\\/govalf.com\\\/ru\\\/#\\\/schema\\\/logo\\\/image\\\/\"}}]}<\/script>\n<!-- \/ Yoast SEO plugin. -->","yoast_head_json":{"title":"Sabit Flan\u015fl\u0131 Kompansat\u00f6rler - Go Valf Vana ve Pompa Sistemleri","description":"Sabit Flan\u015fl\u0131 Kompansat\u00f6rler, s\u0131cak ve so\u011fuk ak\u0131\u015fkanlar ta\u015f\u0131yan boru hatlar\u0131ndaki genle\u015fme ya da b\u00fcz\u00fclme nedeniyle olu\u015fan","robots":{"index":"index","follow":"follow","max-snippet":"max-snippet:-1","max-image-preview":"max-image-preview:large","max-video-preview":"max-video-preview:-1"},"canonical":"http:\/\/govalf.com\/tr\/product\/sabit-flansli-kompansatorler\/","og_locale":"tr_TR","og_type":"article","og_title":"Sabit Flan\u015fl\u0131 Kompansat\u00f6rler - Go Valf Vana ve Pompa Sistemleri","og_description":"Sabit Flan\u015fl\u0131 Kompansat\u00f6rler, s\u0131cak ve so\u011fuk ak\u0131\u015fkanlar ta\u015f\u0131yan boru hatlar\u0131ndaki genle\u015fme ya da b\u00fcz\u00fclme nedeniyle olu\u015fan","og_url":"http:\/\/govalf.com\/tr\/product\/sabit-flansli-kompansatorler\/","og_site_name":"Go Valf Vana ve Pompa Sistemleri","article_modified_time":"2022-05-29T17:42:24+00:00","og_image":[{"width":440,"height":365,"url":"http:\/\/govalf.com\/wp-content\/uploads\/2022\/02\/Sabit-Flansli-Kompansatorler.jpg","type":"image\/jpeg"}],"twitter_card":"summary_large_image","twitter_misc":{"Tahmini okuma s\u00fcresi":"4 dakika"},"schema":{"@context":"https:\/\/schema.org","@graph":[{"@type":"WebPage","@id":"http:\/\/govalf.com\/tr\/product\/sabit-flansli-kompansatorler\/","url":"http:\/\/govalf.com\/tr\/product\/sabit-flansli-kompansatorler\/","name":"Sabit Flan\u015fl\u0131 Kompansat\u00f6rler - Go Valf Vana ve Pompa Sistemleri","isPartOf":{"@id":"http:\/\/govalf.com\/ru\/#website"},"primaryImageOfPage":{"@id":"http:\/\/govalf.com\/tr\/product\/sabit-flansli-kompansatorler\/#primaryimage"},"image":{"@id":"http:\/\/govalf.com\/tr\/product\/sabit-flansli-kompansatorler\/#primaryimage"},"thumbnailUrl":"http:\/\/govalf.com\/wp-content\/uploads\/2022\/02\/Sabit-Flansli-Kompansatorler.jpg","datePublished":"2022-02-18T06:33:51+00:00","dateModified":"2022-05-29T17:42:24+00:00","description":"Sabit Flan\u015fl\u0131 Kompansat\u00f6rler, s\u0131cak ve so\u011fuk ak\u0131\u015fkanlar ta\u015f\u0131yan boru hatlar\u0131ndaki genle\u015fme ya da b\u00fcz\u00fclme nedeniyle olu\u015fan","breadcrumb":{"@id":"http:\/\/govalf.com\/tr\/product\/sabit-flansli-kompansatorler\/#breadcrumb"},"inLanguage":"tr","potentialAction":[{"@type":"ReadAction","target":["http:\/\/govalf.com\/tr\/product\/sabit-flansli-kompansatorler\/"]}]},{"@type":"ImageObject","inLanguage":"tr","@id":"http:\/\/govalf.com\/tr\/product\/sabit-flansli-kompansatorler\/#primaryimage","url":"http:\/\/govalf.com\/wp-content\/uploads\/2022\/02\/Sabit-Flansli-Kompansatorler.jpg","contentUrl":"http:\/\/govalf.com\/wp-content\/uploads\/2022\/02\/Sabit-Flansli-Kompansatorler.jpg","width":440,"height":365,"caption":"Sabit Flan\u015fl\u0131 Kompansat\u00f6rler"},{"@type":"BreadcrumbList","@id":"http:\/\/govalf.com\/tr\/product\/sabit-flansli-kompansatorler\/#breadcrumb","itemListElement":[{"@type":"ListItem","position":1,"name":"Anasayfa","item":"https:\/\/govalf.com\/tr\/"},{"@type":"ListItem","position":2,"name":"Products","item":"http:\/\/govalf.com\/fr\/des-produits\/"},{"@type":"ListItem","position":3,"name":"Sabit Flan\u015fl\u0131 Kompansat\u00f6rler"}]},{"@type":"WebSite","@id":"http:\/\/govalf.com\/ru\/#website","url":"http:\/\/govalf.com\/ru\/","name":"Go Valf Vana ve Pompa Sistemleri","description":"Yang\u0131n S\u00f6nd\u00fcrme Sistemleri ve Ekipmanlar\u0131","publisher":{"@id":"http:\/\/govalf.com\/ru\/#organization"},"potentialAction":[{"@type":"SearchAction","target":{"@type":"EntryPoint","urlTemplate":"http:\/\/govalf.com\/ru\/?s={search_term_string}"},"query-input":{"@type":"PropertyValueSpecification","valueRequired":true,"valueName":"search_term_string"}}],"inLanguage":"tr"},{"@type":"Organization","@id":"http:\/\/govalf.com\/ru\/#organization","name":"Go Valf","url":"http:\/\/govalf.com\/ru\/","logo":{"@type":"ImageObject","inLanguage":"tr","@id":"http:\/\/govalf.com\/ru\/#\/schema\/logo\/image\/","url":"https:\/\/govalf.com\/wp-content\/uploads\/2022\/02\/go-valf-logo.png","contentUrl":"https:\/\/govalf.com\/wp-content\/uploads\/2022\/02\/go-valf-logo.png","width":504,"height":120,"caption":"Go Valf"},"image":{"@id":"http:\/\/govalf.com\/ru\/#\/schema\/logo\/image\/"}}]}},"_links":{"self":[{"href":"http:\/\/govalf.com\/tr\/wp-json\/wp\/v2\/product\/2887","targetHints":{"allow":["GET"]}}],"collection":[{"href":"http:\/\/govalf.com\/tr\/wp-json\/wp\/v2\/product"}],"about":[{"href":"http:\/\/govalf.com\/tr\/wp-json\/wp\/v2\/types\/product"}],"replies":[{"embeddable":true,"href":"http:\/\/govalf.com\/tr\/wp-json\/wp\/v2\/comments?post=2887"}],"wp:featuredmedia":[{"embeddable":true,"href":"http:\/\/govalf.com\/tr\/wp-json\/wp\/v2\/media\/2888"}],"wp:attachment":[{"href":"http:\/\/govalf.com\/tr\/wp-json\/wp\/v2\/media?parent=2887"}],"wp:term":[{"taxonomy":"product_brand","embeddable":true,"href":"http:\/\/govalf.com\/tr\/wp-json\/wp\/v2\/product_brand?post=2887"},{"taxonomy":"product_cat","embeddable":true,"href":"http:\/\/govalf.com\/tr\/wp-json\/wp\/v2\/product_cat?post=2887"},{"taxonomy":"product_tag","embeddable":true,"href":"http:\/\/govalf.com\/tr\/wp-json\/wp\/v2\/product_tag?post=2887"}],"curies":[{"name":"wp","href":"https:\/\/api.w.org\/{rel}","templated":true}]}}