{"id":2899,"date":"2022-02-18T06:36:54","date_gmt":"2022-02-18T06:36:54","guid":{"rendered":"https:\/\/govalf.com\/?post_type=product&#038;p=2899"},"modified":"2022-05-30T17:35:14","modified_gmt":"2022-05-30T17:35:14","slug":"kaynak-boyunlu-kompansatorler","status":"publish","type":"product","link":"http:\/\/govalf.com\/tr\/product\/kaynak-boyunlu-kompansatorler\/","title":{"rendered":"Kaynak Boyunlu Kompansat\u00f6rler"},"content":{"rendered":"<h1>Kaynak Boyunlu Kompansat\u00f6rler<\/h1>\n<p>Metal k\u00f6r\u00fckl\u00fc kompansat\u00f6r grubunun bir \u00fcyesi olan <strong>Kaynak Boyunlu Kompansat\u00f6rler<\/strong>, y\u00fcksek bas\u0131n\u00e7l\u0131 uygulamalarda tercih edilen bir par\u00e7ad\u0131r. Bir tesisat i\u00e7erisinde s\u0131cakl\u0131k ya da titre\u015fim nedeniyle ortaya \u00e7\u0131kan genle\u015fme ve b\u00fcz\u00fclmelerin absorbe edilmesini sa\u011flar. Eksenel kompansat\u00f6r i\u00e7erisinde yer alan par\u00e7a, ba\u011flant\u0131 yerinin farkl\u0131l\u0131\u011f\u0131 nedeniyle ayr\u0131 bir t\u00fcrd\u00fcr. Fakat temel \u00e7al\u0131\u015fma prensibi di\u011ferleriyle ayn\u0131d\u0131r.<\/p>\n<p>Bir sistemde meydana gelen \u0131s\u0131 de\u011fi\u015fimleri, sistemin genle\u015fmesi ya da b\u00fcz\u00fclmesine neden olabilir. Bu duruma herhangi bir \u00e7\u00f6z\u00fcm bulunmad\u0131\u011f\u0131 takdirde sistemde form de\u011fi\u015fiklikleri meydana gelir. Kaynak boyunlu kompansat\u00f6rler, temel olarak bu sorunu \u00e7\u00f6z\u00fcmlemek i\u00e7in kullan\u0131l\u0131r. Bu nedenle olduk\u00e7a \u00f6nemli bir g\u00f6reve sahip oldu\u011fu bilinmektedir.<\/p>\n<h2>Kaynak Boyunlu Kompansat\u00f6rler Nedir, Ne \u0130\u015fe Yarar?<\/h2>\n<p><strong>Kaynak Boyunlu Kompansat\u00f6rler <\/strong>s\u0131cakl\u0131k ya da titre\u015fimlerin neden oldu\u011fu genle\u015fme ve b\u00fcz\u00fclmelerin sistemi bozmas\u0131n\u0131 \u00f6nlemek i\u00e7in kullan\u0131lan par\u00e7alard\u0131r. Sahip oldu\u011fu boru ekseni, olu\u015fan \u0131s\u0131l genle\u015fmeyi absorbe etme \u00f6zelli\u011fine sahiptir. Dolay\u0131s\u0131yla bu t\u00fcr kompansat\u00f6rler, pek \u00e7ok alanda kullan\u0131l\u0131r ve sistemin form de\u011fi\u015fikli\u011fi ya\u015famas\u0131n\u0131 engeller.<\/p>\n<p>Hafif yap\u0131s\u0131 ve kurulum maliyetinin d\u00fc\u015f\u00fck olmas\u0131, \u00fcr\u00fcn\u00fcn efektif bir \u015fekilde montajlanmas\u0131n\u0131 sa\u011flar. Ayr\u0131ca kullan\u0131m\u0131 kolayd\u0131r, herhangi bir bak\u0131m gerektirmez. \u0130\u00e7sel esneklikleri, birden fazla y\u00f6nden emme sa\u011flar, bu sayede absorbe etme g\u00fcc\u00fcn\u00fcn olduk\u00e7a y\u00fcksek oldu\u011fu bilinmektedir.<\/p>\n<h3>Nedir?<\/h3>\n<p>Bir sistemdeki \u0131s\u0131l genle\u015fmeleri absorbe etmek amac\u0131yla geli\u015ftirilen <strong>Kaynak Boyunlu Kompansat\u00f6rler <\/strong>sistemdeki titre\u015fimlerin kalkmas\u0131n\u0131 da sa\u011flar. Her iki ucunda da ba\u011flant\u0131 par\u00e7alar\u0131 bulunur. Bu ba\u011flant\u0131 par\u00e7alar\u0131 kaynak boyun olarak adland\u0131r\u0131l\u0131r. Bu t\u00fcr kompansat\u00f6rlerde ana eleman olarak k\u00f6r\u00fck kullan\u0131l\u0131r. K\u00f6r\u00fck \u00fcretiminde paslanmaz \u00e7elikten yararlan\u0131lmaktad\u0131r.<\/p>\n<p>Kompansat\u00f6rler olduk\u00e7a farkl\u0131 modellere sahiptir. Kullan\u0131lacaklar\u0131 yere g\u00f6re ba\u011flant\u0131 k\u0131s\u0131mlar\u0131n\u0131n farkl\u0131 oldu\u011fu bilinmektedir. Boyun k\u0131sm\u0131 bulunan ve bu sayede \u0131s\u0131l genle\u015fme ve titre\u015fimleri absorbe eden par\u00e7a kaynak boyunlu kompansat\u00f6rler, yenilik\u00e7i \u00f6zellikleriyle dikkat \u00e7ekmektedir. Bir genle\u015fme eleman\u0131 olarak de\u011ferlendirilen bu t\u00fcr \u00fcr\u00fcnler pompalar, makineler, k\u0131zg\u0131n buhar sistemleri olmak \u00fczere farkl\u0131 alanlarda kullan\u0131l\u0131r.<\/p>\n<h3>Ne \u0130\u015fe Yarar?<\/h3>\n<p><b>B<\/b>ir tesisatta \u0131s\u0131 de\u011fi\u015fimleri ve titre\u015fimleri nedeniyle ortaya \u00e7\u0131kabilecek sorunlar\u0131n giderilmesini sa\u011flayan genle\u015fme elemanlar\u0131d\u0131r. \u00dcr\u00fcnde bulunan k\u00f6r\u00fck k\u0131sm\u0131, absorbe i\u015flemlerinin efektif bir \u015fekilde yap\u0131lmas\u0131n\u0131 olanakl\u0131 k\u0131lar. Paslanmaz \u00e7elikten \u00fcretilen k\u00f6r\u00fcklerde zaman i\u00e7erisinde herhangi bir korozyon meydana gelmez.<\/p>\n<p>Bu t\u00fcr \u00fcr\u00fcnlerin montajlama i\u015flemleri olduk\u00e7a kolayd\u0131r. Montajlama i\u015flemi s\u0131ras\u0131nda;<\/p>\n<ul>\n<li>Boru hatlar\u0131 b\u00f6l\u00fcmlere ayr\u0131l\u0131r.<\/li>\n<li>Meydana gelen genle\u015fme miktar\u0131 hesaplan\u0131r.<\/li>\n<li>Belirlenen hesaplar \u00fczerinden montajlama i\u015flemi yap\u0131l\u0131r.<\/li>\n<\/ul>\n<p>\u0130ki sabit nokta aras\u0131nda bir adet eksenel kompansat\u00f6r yer almal\u0131d\u0131r. Montajlama i\u015flemleri yap\u0131l\u0131rken bu hususun dikkate al\u0131nmas\u0131 bir hayli \u00f6nemlidir. Bir di\u011fer \u00f6nemli husus, boru hatt\u0131 ve kompansat\u00f6r\u00fcn ayn\u0131 eksende olmas\u0131na b\u00fcy\u00fck \u00f6zen g\u00f6sterilmesidir. Hatal\u0131 montaj, par\u00e7an\u0131n etkili bir \u015fekilde \u00e7al\u0131\u015fmas\u0131n\u0131 engelleyecektir.<\/p>\n<h3>Nerelerde Kullan\u0131l\u0131r?<\/h3>\n<p><b>S<\/b>ahip oldu\u011fu \u00f6zellikler sayesinde geni\u015f bir kullan\u0131m alan\u0131na sahiptir. Ayr\u0131ca bir tesisat\u0131n efektif \u015fekilde \u00e7al\u0131\u015fmas\u0131na da katk\u0131da bulunur. Genle\u015fme elemanlar\u0131ndan biri olan kaynak boyunlu kompansat\u00f6rlerin kullan\u0131m alanlar\u0131n\u0131 a\u015fa\u011f\u0131daki gibi s\u0131ralamak m\u00fcmk\u00fcnd\u00fcr:<\/p>\n<ul>\n<li>Pompalar<\/li>\n<li>Makineler<\/li>\n<li>Bas\u0131n\u00e7l\u0131 hava hatlar\u0131<\/li>\n<li>Gaz hatlar\u0131<\/li>\n<li>Motorlar<\/li>\n<li>S\u0131cak ve so\u011fuk su sistemleri<\/li>\n<li>K\u0131zg\u0131n su ve ya\u011f sistemleri<\/li>\n<li>Buhar hatlar\u0131<\/li>\n<li>Egzoz uygulamalar\u0131<\/li>\n<\/ul>\n<p>Tesisat i\u00e7erisinde \u0131s\u0131 de\u011fi\u015fimleri ve titre\u015fimleri absorbe etme \u00f6zelli\u011fine sahip olan \u00fcr\u00fcn, yenilik\u00e7i \u00f6zellikleriyle de dikkat \u00e7ekmektedir. Kolay bir \u015fekilde montajlan\u0131r, basit bir \u00e7al\u0131\u015fma prensibine sahiptir. Tesisat\u0131n sorunsuzca \u00e7al\u0131\u015fmas\u0131n\u0131 sa\u011flayan \u00f6nemli par\u00e7alardan bir tanesidir. Bu nedenle geni\u015f bir kullan\u0131m alan\u0131na sahip oldu\u011funu ve s\u0131kl\u0131kla tercih edildi\u011fini ifade etmek olanakl\u0131d\u0131r.<\/p>\n<p><a href=\"https:\/\/govalf.com\/iletisim\/\">\u0130leti\u015fim<\/a><\/p>\n","protected":false},"excerpt":{"rendered":"<p>\u00d8250 mm \u00e7aptan b\u00fcy\u00fck kompansat\u00f6rlerin se\u00e7imi i\u00e7in teknik servisimize ba\u015fvurunuz.<br \/>\nStandart ba\u011flant\u0131 malzemesi st37 karbon \u00e7eliktir. \u0130ste\u011fe ba\u011fl\u0131 olarak AISI304, AISI316 paslanmaz \u00e7elik veya talep edilen di\u011fer malzemelere g\u00f6re imalat yap\u0131labilir.<\/p>\n<h2>\u00d6zellikler<\/h2>\n<ul>\n<li>Ond\u00fclasyon Malzemesi:AISI304, 316, 316L, 321, 309, 310<\/li>\n<li>Kaynak Boyun Malzemesi:st37-2, AISI304, 316<\/li>\n<\/ul>\n","protected":false},"featured_media":2900,"comment_status":"closed","ping_status":"closed","template":"","meta":{"_acf_changed":false},"product_brand":[],"product_cat":[70],"product_tag":[],"class_list":{"0":"post-2899","1":"product","2":"type-product","3":"status-publish","4":"has-post-thumbnail","6":"product_cat-kompansator","8":"first","9":"instock","10":"shipping-taxable","11":"purchasable","12":"product-type-simple"},"acf":[],"yoast_head":"<!-- This site is optimized with the Yoast SEO plugin v27.4 - https:\/\/yoast.com\/product\/yoast-seo-wordpress\/ -->\n<title>Kaynak Boyunlu Kompansat\u00f6rler - Go Valf Vana ve Pompa Sistemleri<\/title>\n<meta name=\"description\" content=\"Metal k\u00f6r\u00fckl\u00fc kompansat\u00f6r grubunun bir \u00fcyesi olan Kaynak Boyunlu Kompansat\u00f6rler, y\u00fcksek bas\u0131n\u00e7l\u0131 uygulamalarda tercih edilen bir par\u00e7ad\u0131r.\" \/>\n<meta name=\"robots\" content=\"index, follow, max-snippet:-1, max-image-preview:large, max-video-preview:-1\" \/>\n<link rel=\"canonical\" href=\"http:\/\/govalf.com\/tr\/product\/kaynak-boyunlu-kompansatorler\/\" \/>\n<meta property=\"og:locale\" content=\"tr_TR\" \/>\n<meta property=\"og:type\" content=\"article\" \/>\n<meta property=\"og:title\" content=\"Kaynak Boyunlu Kompansat\u00f6rler - Go Valf Vana ve Pompa Sistemleri\" \/>\n<meta property=\"og:description\" content=\"Metal k\u00f6r\u00fckl\u00fc kompansat\u00f6r grubunun bir \u00fcyesi olan Kaynak Boyunlu Kompansat\u00f6rler, y\u00fcksek bas\u0131n\u00e7l\u0131 uygulamalarda tercih edilen bir par\u00e7ad\u0131r.\" \/>\n<meta property=\"og:url\" content=\"http:\/\/govalf.com\/tr\/product\/kaynak-boyunlu-kompansatorler\/\" \/>\n<meta property=\"og:site_name\" content=\"Go Valf Vana ve Pompa Sistemleri\" \/>\n<meta property=\"article:modified_time\" content=\"2022-05-30T17:35:14+00:00\" \/>\n<meta property=\"og:image\" content=\"http:\/\/govalf.com\/wp-content\/uploads\/2022\/02\/Kaynak-Boyunlu-Kompansatorler.jpg\" \/>\n\t<meta property=\"og:image:width\" content=\"440\" \/>\n\t<meta property=\"og:image:height\" content=\"365\" \/>\n\t<meta property=\"og:image:type\" content=\"image\/jpeg\" \/>\n<meta name=\"twitter:card\" content=\"summary_large_image\" \/>\n<meta name=\"twitter:label1\" content=\"Tahmini okuma s\u00fcresi\" \/>\n\t<meta name=\"twitter:data1\" content=\"4 dakika\" \/>\n<script type=\"application\/ld+json\" class=\"yoast-schema-graph\">{\"@context\":\"https:\\\/\\\/schema.org\",\"@graph\":[{\"@type\":\"WebPage\",\"@id\":\"http:\\\/\\\/govalf.com\\\/tr\\\/product\\\/kaynak-boyunlu-kompansatorler\\\/\",\"url\":\"http:\\\/\\\/govalf.com\\\/tr\\\/product\\\/kaynak-boyunlu-kompansatorler\\\/\",\"name\":\"Kaynak Boyunlu Kompansat\u00f6rler - Go Valf Vana ve Pompa Sistemleri\",\"isPartOf\":{\"@id\":\"http:\\\/\\\/govalf.com\\\/ru\\\/#website\"},\"primaryImageOfPage\":{\"@id\":\"http:\\\/\\\/govalf.com\\\/tr\\\/product\\\/kaynak-boyunlu-kompansatorler\\\/#primaryimage\"},\"image\":{\"@id\":\"http:\\\/\\\/govalf.com\\\/tr\\\/product\\\/kaynak-boyunlu-kompansatorler\\\/#primaryimage\"},\"thumbnailUrl\":\"http:\\\/\\\/govalf.com\\\/wp-content\\\/uploads\\\/2022\\\/02\\\/Kaynak-Boyunlu-Kompansatorler.jpg\",\"datePublished\":\"2022-02-18T06:36:54+00:00\",\"dateModified\":\"2022-05-30T17:35:14+00:00\",\"description\":\"Metal k\u00f6r\u00fckl\u00fc kompansat\u00f6r grubunun bir \u00fcyesi olan Kaynak Boyunlu Kompansat\u00f6rler, y\u00fcksek bas\u0131n\u00e7l\u0131 uygulamalarda tercih edilen bir par\u00e7ad\u0131r.\",\"breadcrumb\":{\"@id\":\"http:\\\/\\\/govalf.com\\\/tr\\\/product\\\/kaynak-boyunlu-kompansatorler\\\/#breadcrumb\"},\"inLanguage\":\"tr\",\"potentialAction\":[{\"@type\":\"ReadAction\",\"target\":[\"http:\\\/\\\/govalf.com\\\/tr\\\/product\\\/kaynak-boyunlu-kompansatorler\\\/\"]}]},{\"@type\":\"ImageObject\",\"inLanguage\":\"tr\",\"@id\":\"http:\\\/\\\/govalf.com\\\/tr\\\/product\\\/kaynak-boyunlu-kompansatorler\\\/#primaryimage\",\"url\":\"http:\\\/\\\/govalf.com\\\/wp-content\\\/uploads\\\/2022\\\/02\\\/Kaynak-Boyunlu-Kompansatorler.jpg\",\"contentUrl\":\"http:\\\/\\\/govalf.com\\\/wp-content\\\/uploads\\\/2022\\\/02\\\/Kaynak-Boyunlu-Kompansatorler.jpg\",\"width\":440,\"height\":365,\"caption\":\"Kaynak Boyunlu Kompansat\u00f6rler\"},{\"@type\":\"BreadcrumbList\",\"@id\":\"http:\\\/\\\/govalf.com\\\/tr\\\/product\\\/kaynak-boyunlu-kompansatorler\\\/#breadcrumb\",\"itemListElement\":[{\"@type\":\"ListItem\",\"position\":1,\"name\":\"Anasayfa\",\"item\":\"https:\\\/\\\/govalf.com\\\/tr\\\/\"},{\"@type\":\"ListItem\",\"position\":2,\"name\":\"Products\",\"item\":\"http:\\\/\\\/govalf.com\\\/fr\\\/des-produits\\\/\"},{\"@type\":\"ListItem\",\"position\":3,\"name\":\"Kaynak Boyunlu Kompansat\u00f6rler\"}]},{\"@type\":\"WebSite\",\"@id\":\"http:\\\/\\\/govalf.com\\\/ru\\\/#website\",\"url\":\"http:\\\/\\\/govalf.com\\\/ru\\\/\",\"name\":\"Go Valf Vana ve Pompa Sistemleri\",\"description\":\"Yang\u0131n S\u00f6nd\u00fcrme Sistemleri ve Ekipmanlar\u0131\",\"publisher\":{\"@id\":\"http:\\\/\\\/govalf.com\\\/ru\\\/#organization\"},\"potentialAction\":[{\"@type\":\"SearchAction\",\"target\":{\"@type\":\"EntryPoint\",\"urlTemplate\":\"http:\\\/\\\/govalf.com\\\/ru\\\/?s={search_term_string}\"},\"query-input\":{\"@type\":\"PropertyValueSpecification\",\"valueRequired\":true,\"valueName\":\"search_term_string\"}}],\"inLanguage\":\"tr\"},{\"@type\":\"Organization\",\"@id\":\"http:\\\/\\\/govalf.com\\\/ru\\\/#organization\",\"name\":\"Go Valf\",\"url\":\"http:\\\/\\\/govalf.com\\\/ru\\\/\",\"logo\":{\"@type\":\"ImageObject\",\"inLanguage\":\"tr\",\"@id\":\"http:\\\/\\\/govalf.com\\\/ru\\\/#\\\/schema\\\/logo\\\/image\\\/\",\"url\":\"https:\\\/\\\/govalf.com\\\/wp-content\\\/uploads\\\/2022\\\/02\\\/go-valf-logo.png\",\"contentUrl\":\"https:\\\/\\\/govalf.com\\\/wp-content\\\/uploads\\\/2022\\\/02\\\/go-valf-logo.png\",\"width\":504,\"height\":120,\"caption\":\"Go Valf\"},\"image\":{\"@id\":\"http:\\\/\\\/govalf.com\\\/ru\\\/#\\\/schema\\\/logo\\\/image\\\/\"}}]}<\/script>\n<!-- \/ Yoast SEO plugin. -->","yoast_head_json":{"title":"Kaynak Boyunlu Kompansat\u00f6rler - Go Valf Vana ve Pompa Sistemleri","description":"Metal k\u00f6r\u00fckl\u00fc kompansat\u00f6r grubunun bir \u00fcyesi olan Kaynak Boyunlu Kompansat\u00f6rler, y\u00fcksek bas\u0131n\u00e7l\u0131 uygulamalarda tercih edilen bir par\u00e7ad\u0131r.","robots":{"index":"index","follow":"follow","max-snippet":"max-snippet:-1","max-image-preview":"max-image-preview:large","max-video-preview":"max-video-preview:-1"},"canonical":"http:\/\/govalf.com\/tr\/product\/kaynak-boyunlu-kompansatorler\/","og_locale":"tr_TR","og_type":"article","og_title":"Kaynak Boyunlu Kompansat\u00f6rler - Go Valf Vana ve Pompa Sistemleri","og_description":"Metal k\u00f6r\u00fckl\u00fc kompansat\u00f6r grubunun bir \u00fcyesi olan Kaynak Boyunlu Kompansat\u00f6rler, y\u00fcksek bas\u0131n\u00e7l\u0131 uygulamalarda tercih edilen bir par\u00e7ad\u0131r.","og_url":"http:\/\/govalf.com\/tr\/product\/kaynak-boyunlu-kompansatorler\/","og_site_name":"Go Valf Vana ve Pompa Sistemleri","article_modified_time":"2022-05-30T17:35:14+00:00","og_image":[{"width":440,"height":365,"url":"http:\/\/govalf.com\/wp-content\/uploads\/2022\/02\/Kaynak-Boyunlu-Kompansatorler.jpg","type":"image\/jpeg"}],"twitter_card":"summary_large_image","twitter_misc":{"Tahmini okuma s\u00fcresi":"4 dakika"},"schema":{"@context":"https:\/\/schema.org","@graph":[{"@type":"WebPage","@id":"http:\/\/govalf.com\/tr\/product\/kaynak-boyunlu-kompansatorler\/","url":"http:\/\/govalf.com\/tr\/product\/kaynak-boyunlu-kompansatorler\/","name":"Kaynak Boyunlu Kompansat\u00f6rler - Go Valf Vana ve Pompa Sistemleri","isPartOf":{"@id":"http:\/\/govalf.com\/ru\/#website"},"primaryImageOfPage":{"@id":"http:\/\/govalf.com\/tr\/product\/kaynak-boyunlu-kompansatorler\/#primaryimage"},"image":{"@id":"http:\/\/govalf.com\/tr\/product\/kaynak-boyunlu-kompansatorler\/#primaryimage"},"thumbnailUrl":"http:\/\/govalf.com\/wp-content\/uploads\/2022\/02\/Kaynak-Boyunlu-Kompansatorler.jpg","datePublished":"2022-02-18T06:36:54+00:00","dateModified":"2022-05-30T17:35:14+00:00","description":"Metal k\u00f6r\u00fckl\u00fc kompansat\u00f6r grubunun bir \u00fcyesi olan Kaynak Boyunlu Kompansat\u00f6rler, y\u00fcksek bas\u0131n\u00e7l\u0131 uygulamalarda tercih edilen bir par\u00e7ad\u0131r.","breadcrumb":{"@id":"http:\/\/govalf.com\/tr\/product\/kaynak-boyunlu-kompansatorler\/#breadcrumb"},"inLanguage":"tr","potentialAction":[{"@type":"ReadAction","target":["http:\/\/govalf.com\/tr\/product\/kaynak-boyunlu-kompansatorler\/"]}]},{"@type":"ImageObject","inLanguage":"tr","@id":"http:\/\/govalf.com\/tr\/product\/kaynak-boyunlu-kompansatorler\/#primaryimage","url":"http:\/\/govalf.com\/wp-content\/uploads\/2022\/02\/Kaynak-Boyunlu-Kompansatorler.jpg","contentUrl":"http:\/\/govalf.com\/wp-content\/uploads\/2022\/02\/Kaynak-Boyunlu-Kompansatorler.jpg","width":440,"height":365,"caption":"Kaynak Boyunlu Kompansat\u00f6rler"},{"@type":"BreadcrumbList","@id":"http:\/\/govalf.com\/tr\/product\/kaynak-boyunlu-kompansatorler\/#breadcrumb","itemListElement":[{"@type":"ListItem","position":1,"name":"Anasayfa","item":"https:\/\/govalf.com\/tr\/"},{"@type":"ListItem","position":2,"name":"Products","item":"http:\/\/govalf.com\/fr\/des-produits\/"},{"@type":"ListItem","position":3,"name":"Kaynak Boyunlu Kompansat\u00f6rler"}]},{"@type":"WebSite","@id":"http:\/\/govalf.com\/ru\/#website","url":"http:\/\/govalf.com\/ru\/","name":"Go Valf Vana ve Pompa Sistemleri","description":"Yang\u0131n S\u00f6nd\u00fcrme Sistemleri ve Ekipmanlar\u0131","publisher":{"@id":"http:\/\/govalf.com\/ru\/#organization"},"potentialAction":[{"@type":"SearchAction","target":{"@type":"EntryPoint","urlTemplate":"http:\/\/govalf.com\/ru\/?s={search_term_string}"},"query-input":{"@type":"PropertyValueSpecification","valueRequired":true,"valueName":"search_term_string"}}],"inLanguage":"tr"},{"@type":"Organization","@id":"http:\/\/govalf.com\/ru\/#organization","name":"Go Valf","url":"http:\/\/govalf.com\/ru\/","logo":{"@type":"ImageObject","inLanguage":"tr","@id":"http:\/\/govalf.com\/ru\/#\/schema\/logo\/image\/","url":"https:\/\/govalf.com\/wp-content\/uploads\/2022\/02\/go-valf-logo.png","contentUrl":"https:\/\/govalf.com\/wp-content\/uploads\/2022\/02\/go-valf-logo.png","width":504,"height":120,"caption":"Go Valf"},"image":{"@id":"http:\/\/govalf.com\/ru\/#\/schema\/logo\/image\/"}}]}},"_links":{"self":[{"href":"http:\/\/govalf.com\/tr\/wp-json\/wp\/v2\/product\/2899","targetHints":{"allow":["GET"]}}],"collection":[{"href":"http:\/\/govalf.com\/tr\/wp-json\/wp\/v2\/product"}],"about":[{"href":"http:\/\/govalf.com\/tr\/wp-json\/wp\/v2\/types\/product"}],"replies":[{"embeddable":true,"href":"http:\/\/govalf.com\/tr\/wp-json\/wp\/v2\/comments?post=2899"}],"wp:featuredmedia":[{"embeddable":true,"href":"http:\/\/govalf.com\/tr\/wp-json\/wp\/v2\/media\/2900"}],"wp:attachment":[{"href":"http:\/\/govalf.com\/tr\/wp-json\/wp\/v2\/media?parent=2899"}],"wp:term":[{"taxonomy":"product_brand","embeddable":true,"href":"http:\/\/govalf.com\/tr\/wp-json\/wp\/v2\/product_brand?post=2899"},{"taxonomy":"product_cat","embeddable":true,"href":"http:\/\/govalf.com\/tr\/wp-json\/wp\/v2\/product_cat?post=2899"},{"taxonomy":"product_tag","embeddable":true,"href":"http:\/\/govalf.com\/tr\/wp-json\/wp\/v2\/product_tag?post=2899"}],"curies":[{"name":"wp","href":"https:\/\/api.w.org\/{rel}","templated":true}]}}