{"id":2905,"date":"2022-02-18T06:38:03","date_gmt":"2022-02-18T06:38:03","guid":{"rendered":"https:\/\/govalf.com\/?post_type=product&#038;p=2905"},"modified":"2022-05-30T17:21:31","modified_gmt":"2022-05-30T17:21:31","slug":"distan-basincli-kompansator","status":"publish","type":"product","link":"http:\/\/govalf.com\/tr\/product\/distan-basincli-kompansator\/","title":{"rendered":"D\u0131\u015ftan Bas\u0131n\u00e7l\u0131 Kompansat\u00f6r"},"content":{"rendered":"<h1>D\u0131\u015ftan Bas\u0131n\u00e7l\u0131 Kompansat\u00f6r<\/h1>\n<p><strong>D\u0131\u015ftan Bas\u0131n\u00e7l\u0131 Kompansat\u00f6r<\/strong>, \u00e7ok uzun boru hatlar\u0131nda kullan\u0131lan bir kompansat\u00f6r t\u00fcr\u00fcd\u00fcr. Bu t\u00fcr boru hatlar\u0131nda y\u00fcksek genle\u015fme miktarlar\u0131n\u0131n absorbe edilebilmesi olduk\u00e7a g\u00fc\u00e7t\u00fcr. G\u00fc\u00e7l\u00fc bir absorbe i\u00e7in \u00e7ok bo\u011fumlu kompansat\u00f6rlerin kullan\u0131lmas\u0131 zorunluluktur. Fakat \u00e7ok bo\u011fumlu kompansat\u00f6rlerin burulma olas\u0131l\u0131\u011f\u0131 \u00e7ok fazlad\u0131r.<\/p>\n<p>D\u0131\u015ftan bas\u0131n\u00e7l\u0131 kompansat\u00f6rler, temel olarak ak\u0131\u015fkan\u0131n y\u00f6n\u00fcn\u00fc de\u011fi\u015ftirir. B\u00f6ylelikle bas\u0131n\u00e7 k\u00f6r\u00fck d\u0131\u015f\u0131na da uygulan\u0131r ve y\u00fcksek bas\u0131n\u00e7 ve genle\u015fme miktarlar\u0131na dayan\u0131kl\u0131 kompansat\u00f6rler olu\u015fturulur. Absorbe g\u00fcc\u00fcn\u00fcn y\u00fcksek olmas\u0131 sayesinde bu t\u00fcr kompansat\u00f6rlerin geni\u015f kullan\u0131m alanlar\u0131na sahip olduklar\u0131n\u0131 belirtmek m\u00fcmk\u00fcnd\u00fcr.<\/p>\n<p>Farkl\u0131 genle\u015fme miktarlar\u0131na ba\u011fl\u0131 olan \u00fcr\u00fcnler; 30, 60, 90 ve 120 mm genle\u015fmeli olarak imal edilir. Kullan\u0131lacak yere g\u00f6re tercih edilecek genle\u015fme miktar\u0131 farkl\u0131 olabilir.<\/p>\n<h2>Nedir, Ne i\u015fe Yarar?<\/h2>\n<p>Genellikle toprak alt\u0131 uygulamalar\u0131nda tercih edilen <strong>D\u0131\u015ftan Bas\u0131n\u00e7l\u0131 Kompansat\u00f6r <\/strong>y\u00fcksek genle\u015fme ve b\u00fcz\u00fclmeleri absorbe etme becerisine sahip kompansat\u00f6rlerdir. Temel olarak k\u00f6r\u00fck ve boru k\u0131s\u0131mlar\u0131ndan meydana gelir. K\u00f6r\u00fck k\u0131sm\u0131nda paslanmaz \u00e7elik kullan\u0131l\u0131r. Paslanmaz \u00e7elik, k\u00f6r\u00fc\u011f\u00fcn korozyona u\u011framas\u0131n\u0131 \u00f6nler.<\/p>\n<p>Boru k\u0131sm\u0131nda ise karbon \u00e7elik tercih edilmekte olup \u00fcr\u00fcn, uzun s\u00fcreli bir kullan\u0131m\u0131 m\u00fcmk\u00fcn k\u0131lar. Uzun boru hatlar\u0131nda y\u00fcksek absorbe i\u00e7in olduk\u00e7a fazla kompansat\u00f6r kullan\u0131lmas\u0131 gerekse de d\u0131\u015ftan bas\u0131n\u00e7l\u0131 kompansat\u00f6rler, sahip oldu\u011fu temel \u00e7al\u0131\u015fma prensibi ile bu ihtiyac\u0131 ortadan kald\u0131r\u0131r. B\u00f6ylelikle maliyet minimuma indirilmi\u015f olur.<\/p>\n<p>\u00dcr\u00fcnde yer alan k\u00f6r\u00fck k\u0131sm\u0131, ekseni koruyacak ve kompansat\u00f6r\u00fcn bas\u0131nca mukavemetini artt\u0131racak \u00f6zelliklere sahip oldu\u011fu bilinmektedir. Bu sayede boru hatt\u0131 i\u00e7erisinde efektif bir performansla \u00e7al\u0131\u015f\u0131r, sistemin \u0131s\u0131 de\u011fi\u015fimleri ve titre\u015fimlerden korunmas\u0131n\u0131 sa\u011flar.<\/p>\n<h3>D\u0131\u015ftan Bas\u0131n\u00e7l\u0131 Kompansat\u00f6r Nedir?<\/h3>\n<p><b>\u00d6<\/b>zel bir \u00e7al\u0131\u015fma prensibine sahiptir. Uzun boru hatlar\u0131nda kullan\u0131lan bu t\u00fcr kompansat\u00f6rler, ak\u0131\u015fkan\u0131n y\u00f6n\u00fcn\u00fc de\u011fi\u015ftirir ve ak\u0131\u015fkan\u0131n k\u00f6r\u00fck d\u0131\u015f\u0131na uygulanmas\u0131n\u0131 da m\u00fcmk\u00fcn k\u0131lar. Bu durum, y\u00fcksek genle\u015fme ya da b\u00fcz\u00fclme durumlar\u0131nda y\u00fcksek absorbe g\u00fcc\u00fcn\u00fcn devreye girmesini sa\u011flar.<\/p>\n<p>Genellikle 30, 60, 90 ve 120 mm genle\u015fme oranlar\u0131na sahip kompansat\u00f6rler bulunsa da \u00f6zel \u00fcretimler de ger\u00e7ekle\u015ftirilebilmektedir. B\u00f6ylelikle kullan\u0131lacak tesisata uygun kompansat\u00f6r tasar\u0131m\u0131 ger\u00e7ekle\u015ftirilir ve sistem i\u00e7erisinde y\u00fcksek absorbe g\u00fcc\u00fcne ula\u015f\u0131l\u0131r.<\/p>\n<h3>D\u0131\u015ftan Bas\u0131n\u00e7l\u0131 Kompansat\u00f6r Ne \u0130\u015fe Yarar?<\/h3>\n<p>Yenilik\u00e7i \u00f6zellikleri ve geli\u015fmi\u015f \u00e7al\u0131\u015fma prensibi ile dikkat \u00e7eken <strong>D\u0131\u015ftan Bas\u0131n\u00e7l\u0131 Kompansat\u00f6r <\/strong>uzun boru hatlar\u0131nda tercih edilen bir genle\u015fme eleman\u0131d\u0131r. Boru hatt\u0131n\u0131n \u0131s\u0131 de\u011fi\u015fimleri ya da titre\u015fimler nedeniyle form de\u011fi\u015fikli\u011fine u\u011framamas\u0131n\u0131 sa\u011flayan bu t\u00fcr elemanlar, fazla say\u0131da kompansat\u00f6r kullan\u0131lmas\u0131n\u0131 \u00f6nler.<\/p>\n<p>Maliyet ve yer a\u00e7\u0131s\u0131ndan tasarrufu m\u00fcmk\u00fcn k\u0131ld\u0131klar\u0131 i\u00e7in s\u0131kl\u0131kla uzun boru hatlar\u0131nda tercih edildiklerini s\u00f6ylemek olanakl\u0131d\u0131r. K\u00f6r\u00fck ve boru k\u0131sm\u0131na sahip olan kompansat\u00f6r, yenilik\u00e7i malzemelerle \u00fcretilmi\u015ftir. Paslanmaz \u00e7elik sayesinde k\u00f6r\u00fckte korozyon g\u00f6r\u00fclmez. Bunun yan\u0131 s\u0131ra boru k\u0131sm\u0131nda da karbon \u00e7elik kullan\u0131lm\u0131\u015ft\u0131r. B\u00f6ylelikle kompansat\u00f6r, uzun s\u00fcreli kullan\u0131m\u0131 olanakl\u0131 hale getirir.<\/p>\n<h3>D\u0131\u015ftan Bas\u0131n\u00e7l\u0131 Kompansat\u00f6r Nerelerde Kullan\u0131l\u0131r?<\/h3>\n<p><b>G<\/b>enellikle toprak alt\u0131 tesisatlar\u0131nda tercih edilen bir t\u00fcr kompansat\u00f6rd\u00fcr. Uzun boru sistemlerinde bir kurtar\u0131c\u0131 olan \u00fcr\u00fcn, bunun yan\u0131 s\u0131ra \u015fu alanlarda da tercih edilir:<\/p>\n<ul>\n<li>Emniyet fakt\u00f6rlerinin y\u00fcksek olmas\u0131 gereken ak\u0131\u015fkanlar (k\u0131zg\u0131n ya\u011f vb.)<\/li>\n<li>Bas\u0131n\u00e7l\u0131 hava<\/li>\n<li>S\u0131cak ve so\u011fuk su sistemleri<\/li>\n<\/ul>\n<p>Kompansat\u00f6r maliyetinin minimuma indirilmesini sa\u011flayan par\u00e7a, bir genle\u015fme eleman\u0131d\u0131r. Yenilik\u00e7i ve teknolojik \u00f6zellikleri sayesinde kullan\u0131ld\u0131klar\u0131 alanda y\u00fcksek genle\u015fme ve b\u00fcz\u00fclmeyi absorbe eder.<\/p>\n<p>Genellikle standart ebatlarda \u00fcretilse de farkl\u0131 boyutlar i\u00e7in \u00f6zel tasar\u0131mlar da ger\u00e7ekle\u015ftirilir. Ayr\u0131ca kullan\u0131lan malzemeler de iste\u011fe g\u00f6re de\u011fi\u015fiklik g\u00f6sterebilir. Sahip oldu\u011fu \u00f6zellikler ve dayan\u0131kl\u0131 yap\u0131s\u0131 sayesinde bulundu\u011fu sistemde uzun s\u00fcreli bir \u015fekilde ve sorunsuzca kullan\u0131labilir.<\/p>\n<p><a href=\"https:\/\/govalf.com\/iletisim\/\">\u0130leti\u015fim<\/a><\/p>\n","protected":false},"excerpt":{"rendered":"<p>\u00d8250 mm \u00e7aptan b\u00fcy\u00fck kompansat\u00f6rlerin se\u00e7imi i\u00e7in teknik servisimize ba\u015fvurunuz.<br \/>\nStandart ba\u011flant\u0131 malzemesi st37 karbon \u00e7eliktir. \u0130ste\u011fe ba\u011fl\u0131 olarak AISI304, AISI316 paslanmaz \u00e7elik veya talep edilen di\u011fer malzemelere g\u00f6re imalat yap\u0131labilir.<\/p>\n<h3>\u00d6zellikler<\/h3>\n<ul>\n<li>Ond\u00fclasyon Malzemesi:AISI304, 316, 316L, 321, 309, 310<\/li>\n<li>Flan\u015f Malzemesi:st37-2, AISI304, 316<\/li>\n<\/ul>\n","protected":false},"featured_media":2906,"comment_status":"closed","ping_status":"closed","template":"","meta":{"_acf_changed":false},"product_brand":[],"product_cat":[70],"product_tag":[],"class_list":{"0":"post-2905","1":"product","2":"type-product","3":"status-publish","4":"has-post-thumbnail","6":"product_cat-kompansator","8":"first","9":"instock","10":"shipping-taxable","11":"purchasable","12":"product-type-simple"},"acf":[],"yoast_head":"<!-- This site is optimized with the Yoast SEO plugin v27.4 - https:\/\/yoast.com\/product\/yoast-seo-wordpress\/ -->\n<title>D\u0131\u015ftan Bas\u0131n\u00e7l\u0131 Kompansat\u00f6r - Go Valf Vana ve Pompa Sistemleri<\/title>\n<meta name=\"description\" content=\"D\u0131\u015ftan Bas\u0131n\u00e7l\u0131 Kompansat\u00f6r, \u00e7ok uzun boru hatlar\u0131nda kullan\u0131lan bir kompansat\u00f6r t\u00fcr\u00fcd\u00fcr. Bu t\u00fcr boru hatlar\u0131nda y\u00fcksek genle\u015fme\" \/>\n<meta name=\"robots\" content=\"index, follow, max-snippet:-1, max-image-preview:large, max-video-preview:-1\" \/>\n<link rel=\"canonical\" href=\"http:\/\/govalf.com\/tr\/product\/distan-basincli-kompansator\/\" \/>\n<meta property=\"og:locale\" content=\"tr_TR\" \/>\n<meta property=\"og:type\" content=\"article\" \/>\n<meta property=\"og:title\" content=\"D\u0131\u015ftan Bas\u0131n\u00e7l\u0131 Kompansat\u00f6r - Go Valf Vana ve Pompa Sistemleri\" \/>\n<meta property=\"og:description\" content=\"D\u0131\u015ftan Bas\u0131n\u00e7l\u0131 Kompansat\u00f6r, \u00e7ok uzun boru hatlar\u0131nda kullan\u0131lan bir kompansat\u00f6r t\u00fcr\u00fcd\u00fcr. Bu t\u00fcr boru hatlar\u0131nda y\u00fcksek genle\u015fme\" \/>\n<meta property=\"og:url\" content=\"http:\/\/govalf.com\/tr\/product\/distan-basincli-kompansator\/\" \/>\n<meta property=\"og:site_name\" content=\"Go Valf Vana ve Pompa Sistemleri\" \/>\n<meta property=\"article:modified_time\" content=\"2022-05-30T17:21:31+00:00\" \/>\n<meta property=\"og:image\" content=\"http:\/\/govalf.com\/wp-content\/uploads\/2022\/02\/Distan-Basincli-Kompansator.jpg\" \/>\n\t<meta property=\"og:image:width\" content=\"440\" \/>\n\t<meta property=\"og:image:height\" content=\"365\" \/>\n\t<meta property=\"og:image:type\" content=\"image\/jpeg\" \/>\n<meta name=\"twitter:card\" content=\"summary_large_image\" \/>\n<meta name=\"twitter:label1\" content=\"Tahmini okuma s\u00fcresi\" \/>\n\t<meta name=\"twitter:data1\" content=\"4 dakika\" \/>\n<script type=\"application\/ld+json\" class=\"yoast-schema-graph\">{\"@context\":\"https:\\\/\\\/schema.org\",\"@graph\":[{\"@type\":\"WebPage\",\"@id\":\"http:\\\/\\\/govalf.com\\\/tr\\\/product\\\/distan-basincli-kompansator\\\/\",\"url\":\"http:\\\/\\\/govalf.com\\\/tr\\\/product\\\/distan-basincli-kompansator\\\/\",\"name\":\"D\u0131\u015ftan Bas\u0131n\u00e7l\u0131 Kompansat\u00f6r - Go Valf Vana ve Pompa Sistemleri\",\"isPartOf\":{\"@id\":\"http:\\\/\\\/govalf.com\\\/ru\\\/#website\"},\"primaryImageOfPage\":{\"@id\":\"http:\\\/\\\/govalf.com\\\/tr\\\/product\\\/distan-basincli-kompansator\\\/#primaryimage\"},\"image\":{\"@id\":\"http:\\\/\\\/govalf.com\\\/tr\\\/product\\\/distan-basincli-kompansator\\\/#primaryimage\"},\"thumbnailUrl\":\"http:\\\/\\\/govalf.com\\\/wp-content\\\/uploads\\\/2022\\\/02\\\/Distan-Basincli-Kompansator.jpg\",\"datePublished\":\"2022-02-18T06:38:03+00:00\",\"dateModified\":\"2022-05-30T17:21:31+00:00\",\"description\":\"D\u0131\u015ftan Bas\u0131n\u00e7l\u0131 Kompansat\u00f6r, \u00e7ok uzun boru hatlar\u0131nda kullan\u0131lan bir kompansat\u00f6r t\u00fcr\u00fcd\u00fcr. Bu t\u00fcr boru hatlar\u0131nda y\u00fcksek genle\u015fme\",\"breadcrumb\":{\"@id\":\"http:\\\/\\\/govalf.com\\\/tr\\\/product\\\/distan-basincli-kompansator\\\/#breadcrumb\"},\"inLanguage\":\"tr\",\"potentialAction\":[{\"@type\":\"ReadAction\",\"target\":[\"http:\\\/\\\/govalf.com\\\/tr\\\/product\\\/distan-basincli-kompansator\\\/\"]}]},{\"@type\":\"ImageObject\",\"inLanguage\":\"tr\",\"@id\":\"http:\\\/\\\/govalf.com\\\/tr\\\/product\\\/distan-basincli-kompansator\\\/#primaryimage\",\"url\":\"http:\\\/\\\/govalf.com\\\/wp-content\\\/uploads\\\/2022\\\/02\\\/Distan-Basincli-Kompansator.jpg\",\"contentUrl\":\"http:\\\/\\\/govalf.com\\\/wp-content\\\/uploads\\\/2022\\\/02\\\/Distan-Basincli-Kompansator.jpg\",\"width\":440,\"height\":365,\"caption\":\"D\u0131\u015ftan Bas\u0131n\u00e7l\u0131 Kompansat\u00f6r\"},{\"@type\":\"BreadcrumbList\",\"@id\":\"http:\\\/\\\/govalf.com\\\/tr\\\/product\\\/distan-basincli-kompansator\\\/#breadcrumb\",\"itemListElement\":[{\"@type\":\"ListItem\",\"position\":1,\"name\":\"Anasayfa\",\"item\":\"https:\\\/\\\/govalf.com\\\/tr\\\/\"},{\"@type\":\"ListItem\",\"position\":2,\"name\":\"Products\",\"item\":\"http:\\\/\\\/govalf.com\\\/fr\\\/des-produits\\\/\"},{\"@type\":\"ListItem\",\"position\":3,\"name\":\"D\u0131\u015ftan Bas\u0131n\u00e7l\u0131 Kompansat\u00f6r\"}]},{\"@type\":\"WebSite\",\"@id\":\"http:\\\/\\\/govalf.com\\\/ru\\\/#website\",\"url\":\"http:\\\/\\\/govalf.com\\\/ru\\\/\",\"name\":\"Go Valf Vana ve Pompa Sistemleri\",\"description\":\"Yang\u0131n S\u00f6nd\u00fcrme Sistemleri ve Ekipmanlar\u0131\",\"publisher\":{\"@id\":\"http:\\\/\\\/govalf.com\\\/ru\\\/#organization\"},\"potentialAction\":[{\"@type\":\"SearchAction\",\"target\":{\"@type\":\"EntryPoint\",\"urlTemplate\":\"http:\\\/\\\/govalf.com\\\/ru\\\/?s={search_term_string}\"},\"query-input\":{\"@type\":\"PropertyValueSpecification\",\"valueRequired\":true,\"valueName\":\"search_term_string\"}}],\"inLanguage\":\"tr\"},{\"@type\":\"Organization\",\"@id\":\"http:\\\/\\\/govalf.com\\\/ru\\\/#organization\",\"name\":\"Go Valf\",\"url\":\"http:\\\/\\\/govalf.com\\\/ru\\\/\",\"logo\":{\"@type\":\"ImageObject\",\"inLanguage\":\"tr\",\"@id\":\"http:\\\/\\\/govalf.com\\\/ru\\\/#\\\/schema\\\/logo\\\/image\\\/\",\"url\":\"https:\\\/\\\/govalf.com\\\/wp-content\\\/uploads\\\/2022\\\/02\\\/go-valf-logo.png\",\"contentUrl\":\"https:\\\/\\\/govalf.com\\\/wp-content\\\/uploads\\\/2022\\\/02\\\/go-valf-logo.png\",\"width\":504,\"height\":120,\"caption\":\"Go Valf\"},\"image\":{\"@id\":\"http:\\\/\\\/govalf.com\\\/ru\\\/#\\\/schema\\\/logo\\\/image\\\/\"}}]}<\/script>\n<!-- \/ Yoast SEO plugin. -->","yoast_head_json":{"title":"D\u0131\u015ftan Bas\u0131n\u00e7l\u0131 Kompansat\u00f6r - Go Valf Vana ve Pompa Sistemleri","description":"D\u0131\u015ftan Bas\u0131n\u00e7l\u0131 Kompansat\u00f6r, \u00e7ok uzun boru hatlar\u0131nda kullan\u0131lan bir kompansat\u00f6r t\u00fcr\u00fcd\u00fcr. Bu t\u00fcr boru hatlar\u0131nda y\u00fcksek genle\u015fme","robots":{"index":"index","follow":"follow","max-snippet":"max-snippet:-1","max-image-preview":"max-image-preview:large","max-video-preview":"max-video-preview:-1"},"canonical":"http:\/\/govalf.com\/tr\/product\/distan-basincli-kompansator\/","og_locale":"tr_TR","og_type":"article","og_title":"D\u0131\u015ftan Bas\u0131n\u00e7l\u0131 Kompansat\u00f6r - Go Valf Vana ve Pompa Sistemleri","og_description":"D\u0131\u015ftan Bas\u0131n\u00e7l\u0131 Kompansat\u00f6r, \u00e7ok uzun boru hatlar\u0131nda kullan\u0131lan bir kompansat\u00f6r t\u00fcr\u00fcd\u00fcr. Bu t\u00fcr boru hatlar\u0131nda y\u00fcksek genle\u015fme","og_url":"http:\/\/govalf.com\/tr\/product\/distan-basincli-kompansator\/","og_site_name":"Go Valf Vana ve Pompa Sistemleri","article_modified_time":"2022-05-30T17:21:31+00:00","og_image":[{"width":440,"height":365,"url":"http:\/\/govalf.com\/wp-content\/uploads\/2022\/02\/Distan-Basincli-Kompansator.jpg","type":"image\/jpeg"}],"twitter_card":"summary_large_image","twitter_misc":{"Tahmini okuma s\u00fcresi":"4 dakika"},"schema":{"@context":"https:\/\/schema.org","@graph":[{"@type":"WebPage","@id":"http:\/\/govalf.com\/tr\/product\/distan-basincli-kompansator\/","url":"http:\/\/govalf.com\/tr\/product\/distan-basincli-kompansator\/","name":"D\u0131\u015ftan Bas\u0131n\u00e7l\u0131 Kompansat\u00f6r - Go Valf Vana ve Pompa Sistemleri","isPartOf":{"@id":"http:\/\/govalf.com\/ru\/#website"},"primaryImageOfPage":{"@id":"http:\/\/govalf.com\/tr\/product\/distan-basincli-kompansator\/#primaryimage"},"image":{"@id":"http:\/\/govalf.com\/tr\/product\/distan-basincli-kompansator\/#primaryimage"},"thumbnailUrl":"http:\/\/govalf.com\/wp-content\/uploads\/2022\/02\/Distan-Basincli-Kompansator.jpg","datePublished":"2022-02-18T06:38:03+00:00","dateModified":"2022-05-30T17:21:31+00:00","description":"D\u0131\u015ftan Bas\u0131n\u00e7l\u0131 Kompansat\u00f6r, \u00e7ok uzun boru hatlar\u0131nda kullan\u0131lan bir kompansat\u00f6r t\u00fcr\u00fcd\u00fcr. Bu t\u00fcr boru hatlar\u0131nda y\u00fcksek genle\u015fme","breadcrumb":{"@id":"http:\/\/govalf.com\/tr\/product\/distan-basincli-kompansator\/#breadcrumb"},"inLanguage":"tr","potentialAction":[{"@type":"ReadAction","target":["http:\/\/govalf.com\/tr\/product\/distan-basincli-kompansator\/"]}]},{"@type":"ImageObject","inLanguage":"tr","@id":"http:\/\/govalf.com\/tr\/product\/distan-basincli-kompansator\/#primaryimage","url":"http:\/\/govalf.com\/wp-content\/uploads\/2022\/02\/Distan-Basincli-Kompansator.jpg","contentUrl":"http:\/\/govalf.com\/wp-content\/uploads\/2022\/02\/Distan-Basincli-Kompansator.jpg","width":440,"height":365,"caption":"D\u0131\u015ftan Bas\u0131n\u00e7l\u0131 Kompansat\u00f6r"},{"@type":"BreadcrumbList","@id":"http:\/\/govalf.com\/tr\/product\/distan-basincli-kompansator\/#breadcrumb","itemListElement":[{"@type":"ListItem","position":1,"name":"Anasayfa","item":"https:\/\/govalf.com\/tr\/"},{"@type":"ListItem","position":2,"name":"Products","item":"http:\/\/govalf.com\/fr\/des-produits\/"},{"@type":"ListItem","position":3,"name":"D\u0131\u015ftan Bas\u0131n\u00e7l\u0131 Kompansat\u00f6r"}]},{"@type":"WebSite","@id":"http:\/\/govalf.com\/ru\/#website","url":"http:\/\/govalf.com\/ru\/","name":"Go Valf Vana ve Pompa Sistemleri","description":"Yang\u0131n S\u00f6nd\u00fcrme Sistemleri ve Ekipmanlar\u0131","publisher":{"@id":"http:\/\/govalf.com\/ru\/#organization"},"potentialAction":[{"@type":"SearchAction","target":{"@type":"EntryPoint","urlTemplate":"http:\/\/govalf.com\/ru\/?s={search_term_string}"},"query-input":{"@type":"PropertyValueSpecification","valueRequired":true,"valueName":"search_term_string"}}],"inLanguage":"tr"},{"@type":"Organization","@id":"http:\/\/govalf.com\/ru\/#organization","name":"Go Valf","url":"http:\/\/govalf.com\/ru\/","logo":{"@type":"ImageObject","inLanguage":"tr","@id":"http:\/\/govalf.com\/ru\/#\/schema\/logo\/image\/","url":"https:\/\/govalf.com\/wp-content\/uploads\/2022\/02\/go-valf-logo.png","contentUrl":"https:\/\/govalf.com\/wp-content\/uploads\/2022\/02\/go-valf-logo.png","width":504,"height":120,"caption":"Go Valf"},"image":{"@id":"http:\/\/govalf.com\/ru\/#\/schema\/logo\/image\/"}}]}},"_links":{"self":[{"href":"http:\/\/govalf.com\/tr\/wp-json\/wp\/v2\/product\/2905","targetHints":{"allow":["GET"]}}],"collection":[{"href":"http:\/\/govalf.com\/tr\/wp-json\/wp\/v2\/product"}],"about":[{"href":"http:\/\/govalf.com\/tr\/wp-json\/wp\/v2\/types\/product"}],"replies":[{"embeddable":true,"href":"http:\/\/govalf.com\/tr\/wp-json\/wp\/v2\/comments?post=2905"}],"wp:featuredmedia":[{"embeddable":true,"href":"http:\/\/govalf.com\/tr\/wp-json\/wp\/v2\/media\/2906"}],"wp:attachment":[{"href":"http:\/\/govalf.com\/tr\/wp-json\/wp\/v2\/media?parent=2905"}],"wp:term":[{"taxonomy":"product_brand","embeddable":true,"href":"http:\/\/govalf.com\/tr\/wp-json\/wp\/v2\/product_brand?post=2905"},{"taxonomy":"product_cat","embeddable":true,"href":"http:\/\/govalf.com\/tr\/wp-json\/wp\/v2\/product_cat?post=2905"},{"taxonomy":"product_tag","embeddable":true,"href":"http:\/\/govalf.com\/tr\/wp-json\/wp\/v2\/product_tag?post=2905"}],"curies":[{"name":"wp","href":"https:\/\/api.w.org\/{rel}","templated":true}]}}