{"id":2923,"date":"2022-02-18T06:43:49","date_gmt":"2022-02-18T06:43:49","guid":{"rendered":"https:\/\/govalf.com\/?post_type=product&#038;p=2923"},"modified":"2022-05-30T17:33:20","modified_gmt":"2022-05-30T17:33:20","slug":"kardan-mafsalli-deprem-kompansatoru","status":"publish","type":"product","link":"http:\/\/govalf.com\/tr\/product\/kardan-mafsalli-deprem-kompansatoru\/","title":{"rendered":"Kardan Mafsall\u0131 Deprem Kompansat\u00f6r\u00fc"},"content":{"rendered":"<h1><strong>Kardan Mafsall\u0131 Deprem Kompansat\u00f6r\u00fc <\/strong><\/h1>\n<p><strong>Kardan mafsall\u0131 deprem kompansat\u00f6r\u00fc<\/strong>; a\u00e7\u0131sal, eksenel ya da yanal hareketlere kar\u015f\u0131 borulama sistemlerinin emniyetli bi\u00e7imde \u00e7al\u0131\u015fmas\u0131n\u0131 sa\u011flayan elemanlard\u0131r. \u00d6zellikle deprem gibi yer olaylar\u0131nda borulama sistemleri \u00fczerinde \u00f6nemli bir stres birikimi olu\u015fur. Bu stres birikimi, sistemin tamamen \u00e7al\u0131\u015fmas\u0131n\u0131 engelleyebilir ya da deformasyon olu\u015fturarak borulama sisteminin k\u0131s\u0131tl\u0131 olarak \u00e7al\u0131\u015fmas\u0131na neden olabilir. Deprem gibi yer olaylar\u0131n\u0131n yan\u0131 s\u0131ra sistemin kendi hareketlili\u011finden kaynaklanan sebepler do\u011frultusunda da a\u00e7\u0131sal, eksenel ya da yanal hareketler ortaya \u00e7\u0131kabilir. Sistemden kaynaklanan hareketler b\u00fcy\u00fck oranda yanal etkiye sahipken depremden kaynaklanan bozulmalar, \u00fc\u00e7 farkl\u0131 bi\u00e7imde ortaya \u00e7\u0131kabilir. Bu tarz durumlarda borulama sisteminin g\u00fcvenli\u011fini sa\u011flamak i\u00e7in deprem kompansat\u00f6rlerinin kullan\u0131lmas\u0131 gerekir.<\/p>\n<h2><strong>Kardan Mafsall\u0131 Deprem Kompansat\u00f6r\u00fc Nedir, Ne \u0130\u015fe Yarar?<\/strong><\/h2>\n<p><strong>Kardan mafsall\u0131 deprem kompansat\u00f6r\u00fc,<\/strong> \u00f6zellikle yang\u0131n s\u00f6nd\u00fcrme sistemlerinde en yayg\u0131n olarak tercih edilen eksen kaymalar\u0131n\u0131 \u00f6nleyici elemand\u0131r. Kardan mafsall\u0131 deprem kompansat\u00f6rlerini di\u011fer kompansat\u00f6rler \u00e7e\u015fitlerinden ay\u0131ran en temel \u00f6zellik, 3 farkl\u0131 bi\u00e7imde ger\u00e7ekle\u015fen e\u011filme hareketlerine kar\u015f\u0131 sistem g\u00fcvenli\u011fini sa\u011fl\u0131yor olmas\u0131d\u0131r.<\/p>\n<p>Bu durumun en temel sebebi deprem gibi yer olaylar\u0131n\u0131n sistem \u00fczerindeki etkilerini \u00f6ng\u00f6remiyor olmakt\u0131r. Dolay\u0131s\u0131yla deprem gibi yer olaylar\u0131ndan kaynaklanan olumsuzluklara kar\u015f\u0131 borulama sistemlerini muhafaza edebilmek i\u00e7in birden fazla eksende koruyuculuk vadeden kompansat\u00f6rlerin tercih edilmesi gerekir. \u00d6zellikle deprem b\u00f6lgelerinde kullan\u0131lan borulama tesisatlar\u0131 i\u00e7in bu tarz kompansat\u00f6rler hayati bir \u00f6neme sahiptir.<\/p>\n<h3><strong>Kardan Mafsall\u0131 Deprem Kompansat\u00f6r\u00fc Nedir?<\/strong><\/h3>\n<p><strong>Kardan mafsall\u0131 deprem kompansat\u00f6r\u00fc<\/strong>; deprem ya da toprak \u00e7\u00f6kmesi gibi yer hareketlerine kar\u015f\u0131 borulama tesisatlar\u0131n\u0131 korumak amac\u0131yla \u00fcretilen, hareketi absorbe ederek sitem g\u00fcvenli\u011fini sa\u011flayan, 3 farkl\u0131 eksen kaymas\u0131na kar\u015f\u0131 diren\u00e7li olan kompansat\u00f6r t\u00fcr\u00fcd\u00fcr. Kardan mafsall\u0131 deprem kompansat\u00f6rleri; yanal, eksenel ve a\u00e7\u0131sal olarak ger\u00e7ekle\u015fen her t\u00fcrden hareketi absorbe eder.<\/p>\n<p>B\u00f6ylelikle sismik olarak ortaya \u00e7\u0131kan sorunlara kar\u015f\u0131 sistemi tamamen koruyabilir. Kardan mafsall\u0131 deprem kompansat\u00f6rleri standart bir malzeme t\u00fcr\u00fcne g\u00f6re \u00fcretilmez. \u00c7o\u011funlukla karbon \u00e7elikten imal ediliyor olmakla birlikte iste\u011fe ba\u011fl\u0131 olarak paslanmaz \u00e7elikten de imal edilebilir. Ayn\u0131 zamanda \u00fcretim s\u00fcrecinde borulama tesisat\u0131 ve monte edilece\u011fi b\u00f6lgeye ili\u015fkin de detaylara sahip olunmal\u0131d\u0131r.<\/p>\n<h3><strong>Ne \u0130\u015fe Yarar?<\/strong><\/h3>\n<p><b>T<\/b>ercih ederken; borulama hatt\u0131 i\u00e7erisindeki s\u0131v\u0131n\u0131n miktar\u0131 ve niteli\u011fi, ba\u011flant\u0131 bi\u00e7imleri, olas\u0131 hareketlerin d\u00fczeyi, kullan\u0131m alan\u0131 gibi detaylar\u0131n d\u00fc\u015f\u00fcn\u00fclerek hareket edilmesi gerekir. Kardan mafsall\u0131 deprem kompansat\u00f6rlerinin bir\u00e7ok i\u015flevi bulundu\u011fu gibi en temel i\u015flevi; yanal, eksenel ve a\u00e7\u0131sal hareketleri absorbe etmektir.<\/p>\n<p>\u00dc\u00e7 farkl\u0131 bi\u00e7imde hareketi absorbe edebilme \u00f6zelli\u011fine sahip olan kardan mafsall\u0131 deprem kompansat\u00f6rleri, borulama tesisat\u0131nda ortaya \u00e7\u0131kabilecek k\u0131r\u0131lma ya da deformasyon gibi durumlar\u0131 engeller. \u00d6zellikle sismik faaliyetler sonucunda ya\u015fanan k\u0131r\u0131lma gibi olumsuzluklar, ba\u015fta yang\u0131n tesisatlar\u0131 olmak \u00fczere t\u00fcm borulama sistemlerinde \u00e7ok ciddi zararlar\u0131n ortaya \u00e7\u0131kmas\u0131na sebep olabilir.<\/p>\n<h3><strong>\u00a0Nerelerde Kullan\u0131l\u0131r? <\/strong><\/h3>\n<p><b>D<\/b>eprem riskinin y\u00fcksek oldu\u011fu b\u00f6lgelerde ya da sismik faaliyetin yo\u011fun oldu\u011fu alanlarda borulama sistemlerinin korunmas\u0131 amac\u0131yla kullan\u0131labilir. Son derece geni\u015f bir kullan\u0131m alan\u0131na sahip olmakla birlikte \u00f6zellikle yang\u0131n s\u00f6nd\u00fcrme sistemleri i\u00e7in vazge\u00e7ilmezdir. Sistemin g\u00fcvenli\u011fini sa\u011flamak ve emniyetli bi\u00e7imde \u00e7al\u0131\u015ft\u0131\u011f\u0131ndan emin olmak i\u00e7in kardan mafsall\u0131 deprem kompansat\u00f6rlerine ihtiya\u00e7 duyulur.<\/p>\n<p>Kardan mafsall\u0131 deprem kompansat\u00f6r\u00fc tercih ederken \u00fcretici firma ile ileti\u015fime ge\u00e7ilmesi gerekir. Tesisat\u0131n yap\u0131sal \u00f6zellikleri hakk\u0131nda bilgi verilmeli ve kompansat\u00f6r\u00fcn imal edilece\u011fi malzeme tercihinde bulunulmal\u0131d\u0131r. Ayn\u0131 zamanda farkl\u0131 ebat ve \u00e7aplarda \u00fcretilebilen kardan mafsall\u0131 kompansat\u00f6rler, her borulama tesisat\u0131 i\u00e7in uygun nitelikte olmayabilir.<\/p>\n<p>\u00d8250 mm \u00e7aptan b\u00fcy\u00fck kompansat\u00f6rlerin se\u00e7imi i\u00e7in teknik servisimize ba\u015fvurunuz.<br \/>\nStandart ba\u011flant\u0131 malzemesi st37 karbon \u00e7eliktir. \u0130ste\u011fe ba\u011fl\u0131 olarak AISI304, AISI316 paslanmaz \u00e7elik veya talep edilen di\u011fer malzemelere g\u00f6re imalat yap\u0131labilir.<\/p>\n<h2>\u00d6zellikler<\/h2>\n<ul>\n<li>Ond\u00fclasyon Malzemesi:AISI304, 316, 316L, 321, 309, 310<\/li>\n<li>Flan\u015f Malzemesi:st37-2, AISI304, 316<\/li>\n<li>Boru Malzemesi:st37-2, AISI304, 316<\/li>\n<li>Limit-Rod Malzemesi:st37-2, AISI304, 316<\/li>\n<\/ul>\n<p><a href=\"https:\/\/govalf.com\/iletisim\/\">\u0130leti\u015fim<\/a><\/p>\n","protected":false},"excerpt":{"rendered":"<p>Kardan Mafsall\u0131 Deprem Kompansat\u00f6r\u00fc Kardan mafsall\u0131 deprem kompansat\u00f6r\u00fc; a\u00e7\u0131sal, eksenel ya da yanal hareketlere kar\u015f\u0131 borulama sistemlerinin emniyetli bi\u00e7imde \u00e7al\u0131\u015fmas\u0131n\u0131 sa\u011flayan elemanlard\u0131r. \u00d6zellikle deprem gibi yer olaylar\u0131nda borulama sistemleri \u00fczerinde \u00f6nemli bir stres birikimi olu\u015fur. Bu stres birikimi, sistemin tamamen \u00e7al\u0131\u015fmas\u0131n\u0131 engelleyebilir ya da deformasyon olu\u015fturarak borulama sisteminin k\u0131s\u0131tl\u0131 olarak \u00e7al\u0131\u015fmas\u0131na neden olabilir. Deprem gibi [&hellip;]<\/p>\n","protected":false},"featured_media":2924,"comment_status":"closed","ping_status":"closed","template":"","meta":{"_acf_changed":false},"product_brand":[],"product_cat":[70],"product_tag":[],"class_list":{"0":"post-2923","1":"product","2":"type-product","3":"status-publish","4":"has-post-thumbnail","6":"product_cat-kompansator","8":"first","9":"instock","10":"shipping-taxable","11":"purchasable","12":"product-type-simple"},"acf":[],"yoast_head":"<!-- This site is optimized with the Yoast SEO plugin v27.4 - https:\/\/yoast.com\/product\/yoast-seo-wordpress\/ -->\n<title>Kardan Mafsall\u0131 Deprem Kompansat\u00f6r\u00fc - Nedir, Ne \u0130\u015fe Yarar?<\/title>\n<meta name=\"description\" content=\"Kardan mafsall\u0131 deprem kompansat\u00f6r\u00fc; a\u00e7\u0131sal, eksenel ya da yanal hareketlere kar\u015f\u0131 borulama sistemlerinin emniyetli bi\u00e7imde \u00e7al\u0131\u015fmas\u0131n\u0131\" \/>\n<meta name=\"robots\" content=\"index, follow, max-snippet:-1, max-image-preview:large, max-video-preview:-1\" \/>\n<link rel=\"canonical\" href=\"http:\/\/govalf.com\/tr\/product\/kardan-mafsalli-deprem-kompansatoru\/\" \/>\n<meta property=\"og:locale\" content=\"tr_TR\" \/>\n<meta property=\"og:type\" content=\"article\" \/>\n<meta property=\"og:title\" content=\"Kardan Mafsall\u0131 Deprem Kompansat\u00f6r\u00fc - Nedir, Ne \u0130\u015fe Yarar?\" \/>\n<meta property=\"og:description\" content=\"Kardan mafsall\u0131 deprem kompansat\u00f6r\u00fc; a\u00e7\u0131sal, eksenel ya da yanal hareketlere kar\u015f\u0131 borulama sistemlerinin emniyetli bi\u00e7imde \u00e7al\u0131\u015fmas\u0131n\u0131\" \/>\n<meta property=\"og:url\" content=\"http:\/\/govalf.com\/tr\/product\/kardan-mafsalli-deprem-kompansatoru\/\" \/>\n<meta property=\"og:site_name\" content=\"Go Valf Vana ve Pompa Sistemleri\" \/>\n<meta property=\"article:modified_time\" content=\"2022-05-30T17:33:20+00:00\" \/>\n<meta property=\"og:image\" content=\"http:\/\/govalf.com\/wp-content\/uploads\/2022\/02\/Kardan-Mafsalli-Deprem-Kompansatoru.jpg\" \/>\n\t<meta property=\"og:image:width\" content=\"440\" \/>\n\t<meta property=\"og:image:height\" content=\"365\" \/>\n\t<meta property=\"og:image:type\" content=\"image\/jpeg\" \/>\n<meta name=\"twitter:card\" content=\"summary_large_image\" \/>\n<meta name=\"twitter:label1\" content=\"Tahmini okuma s\u00fcresi\" \/>\n\t<meta name=\"twitter:data1\" content=\"4 dakika\" \/>\n<script type=\"application\/ld+json\" class=\"yoast-schema-graph\">{\"@context\":\"https:\\\/\\\/schema.org\",\"@graph\":[{\"@type\":\"WebPage\",\"@id\":\"http:\\\/\\\/govalf.com\\\/tr\\\/product\\\/kardan-mafsalli-deprem-kompansatoru\\\/\",\"url\":\"http:\\\/\\\/govalf.com\\\/tr\\\/product\\\/kardan-mafsalli-deprem-kompansatoru\\\/\",\"name\":\"Kardan Mafsall\u0131 Deprem Kompansat\u00f6r\u00fc - Nedir, Ne \u0130\u015fe Yarar?\",\"isPartOf\":{\"@id\":\"http:\\\/\\\/govalf.com\\\/ru\\\/#website\"},\"primaryImageOfPage\":{\"@id\":\"http:\\\/\\\/govalf.com\\\/tr\\\/product\\\/kardan-mafsalli-deprem-kompansatoru\\\/#primaryimage\"},\"image\":{\"@id\":\"http:\\\/\\\/govalf.com\\\/tr\\\/product\\\/kardan-mafsalli-deprem-kompansatoru\\\/#primaryimage\"},\"thumbnailUrl\":\"http:\\\/\\\/govalf.com\\\/wp-content\\\/uploads\\\/2022\\\/02\\\/Kardan-Mafsalli-Deprem-Kompansatoru.jpg\",\"datePublished\":\"2022-02-18T06:43:49+00:00\",\"dateModified\":\"2022-05-30T17:33:20+00:00\",\"description\":\"Kardan mafsall\u0131 deprem kompansat\u00f6r\u00fc; a\u00e7\u0131sal, eksenel ya da yanal hareketlere kar\u015f\u0131 borulama sistemlerinin emniyetli bi\u00e7imde \u00e7al\u0131\u015fmas\u0131n\u0131\",\"breadcrumb\":{\"@id\":\"http:\\\/\\\/govalf.com\\\/tr\\\/product\\\/kardan-mafsalli-deprem-kompansatoru\\\/#breadcrumb\"},\"inLanguage\":\"tr\",\"potentialAction\":[{\"@type\":\"ReadAction\",\"target\":[\"http:\\\/\\\/govalf.com\\\/tr\\\/product\\\/kardan-mafsalli-deprem-kompansatoru\\\/\"]}]},{\"@type\":\"ImageObject\",\"inLanguage\":\"tr\",\"@id\":\"http:\\\/\\\/govalf.com\\\/tr\\\/product\\\/kardan-mafsalli-deprem-kompansatoru\\\/#primaryimage\",\"url\":\"http:\\\/\\\/govalf.com\\\/wp-content\\\/uploads\\\/2022\\\/02\\\/Kardan-Mafsalli-Deprem-Kompansatoru.jpg\",\"contentUrl\":\"http:\\\/\\\/govalf.com\\\/wp-content\\\/uploads\\\/2022\\\/02\\\/Kardan-Mafsalli-Deprem-Kompansatoru.jpg\",\"width\":440,\"height\":365,\"caption\":\"Kardan mafsall\u0131 deprem kompansat\u00f6r\u00fc\"},{\"@type\":\"BreadcrumbList\",\"@id\":\"http:\\\/\\\/govalf.com\\\/tr\\\/product\\\/kardan-mafsalli-deprem-kompansatoru\\\/#breadcrumb\",\"itemListElement\":[{\"@type\":\"ListItem\",\"position\":1,\"name\":\"Anasayfa\",\"item\":\"https:\\\/\\\/govalf.com\\\/tr\\\/\"},{\"@type\":\"ListItem\",\"position\":2,\"name\":\"Products\",\"item\":\"http:\\\/\\\/govalf.com\\\/fr\\\/des-produits\\\/\"},{\"@type\":\"ListItem\",\"position\":3,\"name\":\"Kardan Mafsall\u0131 Deprem Kompansat\u00f6r\u00fc\"}]},{\"@type\":\"WebSite\",\"@id\":\"http:\\\/\\\/govalf.com\\\/ru\\\/#website\",\"url\":\"http:\\\/\\\/govalf.com\\\/ru\\\/\",\"name\":\"Go Valf Vana ve Pompa Sistemleri\",\"description\":\"Yang\u0131n S\u00f6nd\u00fcrme Sistemleri ve Ekipmanlar\u0131\",\"publisher\":{\"@id\":\"http:\\\/\\\/govalf.com\\\/ru\\\/#organization\"},\"potentialAction\":[{\"@type\":\"SearchAction\",\"target\":{\"@type\":\"EntryPoint\",\"urlTemplate\":\"http:\\\/\\\/govalf.com\\\/ru\\\/?s={search_term_string}\"},\"query-input\":{\"@type\":\"PropertyValueSpecification\",\"valueRequired\":true,\"valueName\":\"search_term_string\"}}],\"inLanguage\":\"tr\"},{\"@type\":\"Organization\",\"@id\":\"http:\\\/\\\/govalf.com\\\/ru\\\/#organization\",\"name\":\"Go Valf\",\"url\":\"http:\\\/\\\/govalf.com\\\/ru\\\/\",\"logo\":{\"@type\":\"ImageObject\",\"inLanguage\":\"tr\",\"@id\":\"http:\\\/\\\/govalf.com\\\/ru\\\/#\\\/schema\\\/logo\\\/image\\\/\",\"url\":\"https:\\\/\\\/govalf.com\\\/wp-content\\\/uploads\\\/2022\\\/02\\\/go-valf-logo.png\",\"contentUrl\":\"https:\\\/\\\/govalf.com\\\/wp-content\\\/uploads\\\/2022\\\/02\\\/go-valf-logo.png\",\"width\":504,\"height\":120,\"caption\":\"Go Valf\"},\"image\":{\"@id\":\"http:\\\/\\\/govalf.com\\\/ru\\\/#\\\/schema\\\/logo\\\/image\\\/\"}}]}<\/script>\n<!-- \/ Yoast SEO plugin. -->","yoast_head_json":{"title":"Kardan Mafsall\u0131 Deprem Kompansat\u00f6r\u00fc - Nedir, Ne \u0130\u015fe Yarar?","description":"Kardan mafsall\u0131 deprem kompansat\u00f6r\u00fc; a\u00e7\u0131sal, eksenel ya da yanal hareketlere kar\u015f\u0131 borulama sistemlerinin emniyetli bi\u00e7imde \u00e7al\u0131\u015fmas\u0131n\u0131","robots":{"index":"index","follow":"follow","max-snippet":"max-snippet:-1","max-image-preview":"max-image-preview:large","max-video-preview":"max-video-preview:-1"},"canonical":"http:\/\/govalf.com\/tr\/product\/kardan-mafsalli-deprem-kompansatoru\/","og_locale":"tr_TR","og_type":"article","og_title":"Kardan Mafsall\u0131 Deprem Kompansat\u00f6r\u00fc - Nedir, Ne \u0130\u015fe Yarar?","og_description":"Kardan mafsall\u0131 deprem kompansat\u00f6r\u00fc; a\u00e7\u0131sal, eksenel ya da yanal hareketlere kar\u015f\u0131 borulama sistemlerinin emniyetli bi\u00e7imde \u00e7al\u0131\u015fmas\u0131n\u0131","og_url":"http:\/\/govalf.com\/tr\/product\/kardan-mafsalli-deprem-kompansatoru\/","og_site_name":"Go Valf Vana ve Pompa Sistemleri","article_modified_time":"2022-05-30T17:33:20+00:00","og_image":[{"width":440,"height":365,"url":"http:\/\/govalf.com\/wp-content\/uploads\/2022\/02\/Kardan-Mafsalli-Deprem-Kompansatoru.jpg","type":"image\/jpeg"}],"twitter_card":"summary_large_image","twitter_misc":{"Tahmini okuma s\u00fcresi":"4 dakika"},"schema":{"@context":"https:\/\/schema.org","@graph":[{"@type":"WebPage","@id":"http:\/\/govalf.com\/tr\/product\/kardan-mafsalli-deprem-kompansatoru\/","url":"http:\/\/govalf.com\/tr\/product\/kardan-mafsalli-deprem-kompansatoru\/","name":"Kardan Mafsall\u0131 Deprem Kompansat\u00f6r\u00fc - Nedir, Ne \u0130\u015fe Yarar?","isPartOf":{"@id":"http:\/\/govalf.com\/ru\/#website"},"primaryImageOfPage":{"@id":"http:\/\/govalf.com\/tr\/product\/kardan-mafsalli-deprem-kompansatoru\/#primaryimage"},"image":{"@id":"http:\/\/govalf.com\/tr\/product\/kardan-mafsalli-deprem-kompansatoru\/#primaryimage"},"thumbnailUrl":"http:\/\/govalf.com\/wp-content\/uploads\/2022\/02\/Kardan-Mafsalli-Deprem-Kompansatoru.jpg","datePublished":"2022-02-18T06:43:49+00:00","dateModified":"2022-05-30T17:33:20+00:00","description":"Kardan mafsall\u0131 deprem kompansat\u00f6r\u00fc; a\u00e7\u0131sal, eksenel ya da yanal hareketlere kar\u015f\u0131 borulama sistemlerinin emniyetli bi\u00e7imde \u00e7al\u0131\u015fmas\u0131n\u0131","breadcrumb":{"@id":"http:\/\/govalf.com\/tr\/product\/kardan-mafsalli-deprem-kompansatoru\/#breadcrumb"},"inLanguage":"tr","potentialAction":[{"@type":"ReadAction","target":["http:\/\/govalf.com\/tr\/product\/kardan-mafsalli-deprem-kompansatoru\/"]}]},{"@type":"ImageObject","inLanguage":"tr","@id":"http:\/\/govalf.com\/tr\/product\/kardan-mafsalli-deprem-kompansatoru\/#primaryimage","url":"http:\/\/govalf.com\/wp-content\/uploads\/2022\/02\/Kardan-Mafsalli-Deprem-Kompansatoru.jpg","contentUrl":"http:\/\/govalf.com\/wp-content\/uploads\/2022\/02\/Kardan-Mafsalli-Deprem-Kompansatoru.jpg","width":440,"height":365,"caption":"Kardan mafsall\u0131 deprem kompansat\u00f6r\u00fc"},{"@type":"BreadcrumbList","@id":"http:\/\/govalf.com\/tr\/product\/kardan-mafsalli-deprem-kompansatoru\/#breadcrumb","itemListElement":[{"@type":"ListItem","position":1,"name":"Anasayfa","item":"https:\/\/govalf.com\/tr\/"},{"@type":"ListItem","position":2,"name":"Products","item":"http:\/\/govalf.com\/fr\/des-produits\/"},{"@type":"ListItem","position":3,"name":"Kardan Mafsall\u0131 Deprem Kompansat\u00f6r\u00fc"}]},{"@type":"WebSite","@id":"http:\/\/govalf.com\/ru\/#website","url":"http:\/\/govalf.com\/ru\/","name":"Go Valf Vana ve Pompa Sistemleri","description":"Yang\u0131n S\u00f6nd\u00fcrme Sistemleri ve Ekipmanlar\u0131","publisher":{"@id":"http:\/\/govalf.com\/ru\/#organization"},"potentialAction":[{"@type":"SearchAction","target":{"@type":"EntryPoint","urlTemplate":"http:\/\/govalf.com\/ru\/?s={search_term_string}"},"query-input":{"@type":"PropertyValueSpecification","valueRequired":true,"valueName":"search_term_string"}}],"inLanguage":"tr"},{"@type":"Organization","@id":"http:\/\/govalf.com\/ru\/#organization","name":"Go Valf","url":"http:\/\/govalf.com\/ru\/","logo":{"@type":"ImageObject","inLanguage":"tr","@id":"http:\/\/govalf.com\/ru\/#\/schema\/logo\/image\/","url":"https:\/\/govalf.com\/wp-content\/uploads\/2022\/02\/go-valf-logo.png","contentUrl":"https:\/\/govalf.com\/wp-content\/uploads\/2022\/02\/go-valf-logo.png","width":504,"height":120,"caption":"Go Valf"},"image":{"@id":"http:\/\/govalf.com\/ru\/#\/schema\/logo\/image\/"}}]}},"_links":{"self":[{"href":"http:\/\/govalf.com\/tr\/wp-json\/wp\/v2\/product\/2923","targetHints":{"allow":["GET"]}}],"collection":[{"href":"http:\/\/govalf.com\/tr\/wp-json\/wp\/v2\/product"}],"about":[{"href":"http:\/\/govalf.com\/tr\/wp-json\/wp\/v2\/types\/product"}],"replies":[{"embeddable":true,"href":"http:\/\/govalf.com\/tr\/wp-json\/wp\/v2\/comments?post=2923"}],"wp:featuredmedia":[{"embeddable":true,"href":"http:\/\/govalf.com\/tr\/wp-json\/wp\/v2\/media\/2924"}],"wp:attachment":[{"href":"http:\/\/govalf.com\/tr\/wp-json\/wp\/v2\/media?parent=2923"}],"wp:term":[{"taxonomy":"product_brand","embeddable":true,"href":"http:\/\/govalf.com\/tr\/wp-json\/wp\/v2\/product_brand?post=2923"},{"taxonomy":"product_cat","embeddable":true,"href":"http:\/\/govalf.com\/tr\/wp-json\/wp\/v2\/product_cat?post=2923"},{"taxonomy":"product_tag","embeddable":true,"href":"http:\/\/govalf.com\/tr\/wp-json\/wp\/v2\/product_tag?post=2923"}],"curies":[{"name":"wp","href":"https:\/\/api.w.org\/{rel}","templated":true}]}}