{"id":2929,"date":"2022-02-18T06:45:00","date_gmt":"2022-02-18T06:45:00","guid":{"rendered":"https:\/\/govalf.com\/?post_type=product&#038;p=2929"},"modified":"2022-06-02T19:41:32","modified_gmt":"2022-06-02T19:41:32","slug":"omega-tip-flex-dilatasyon-kompansatoru","status":"publish","type":"product","link":"http:\/\/govalf.com\/tr\/product\/omega-tip-flex-dilatasyon-kompansatoru\/","title":{"rendered":"Omega Tip Flex Dilatasyon Kompansat\u00f6r\u00fc"},"content":{"rendered":"<h1><strong>Omega Tip Flex Dilatasyon Kompansat\u00f6r\u00fc <\/strong><\/h1>\n<p><strong>Omega tip flex dilatasyon kompansat\u00f6r\u00fc<\/strong>, sprinkler sisteminde sismik hareketler nedeniyle ortaya \u00e7\u0131kabilecek olumsuzluklar\u0131 \u00f6nlemek amac\u0131yla kullan\u0131lan yard\u0131mc\u0131 elemanlard\u0131r. Sistem i\u00e7erisinde son derece hayati bir \u00f6nemleri bulunur. \u00d6zellikle sismik faaliyetlerin ya da yer alt\u0131 hareketlerinin yo\u011fun oldu\u011fu b\u00f6lgelerde kullan\u0131m\u0131, sistemin g\u00fcvenli\u011fi a\u00e7\u0131s\u0131ndan olduk\u00e7a \u00f6nemlidir. Yer hareketlerinden kaynaklanarak olu\u015fan stresi s\u00f6ml\u00fcmleme \u00f6zelli\u011fine sahip olan omega tip flex dilatasyon kompansat\u00f6r\u00fcn\u00fcn montaj\u0131 da olduk\u00e7a kolayd\u0131r. Ayr\u0131ca bu kompansat\u00f6rler esnek bir yap\u0131ya sahiptir ve her y\u00f6ne hareket ettirilebilir. Bir di\u011fer \u00f6zelli\u011fi de termal hareketlere kar\u015f\u0131 da \u00f6nemli bir g\u00fcvenlik sa\u011fl\u0131yor olmas\u0131d\u0131r.<\/p>\n<h2><strong>Omega Tip Flex Dilatasyon Kompansat\u00f6r\u00fc Nedir, Ne \u0130\u015fe Yarar?<\/strong><\/h2>\n<p><strong>Omega tip flex dilatasyon kompansat\u00f6r\u00fc<\/strong>, yang\u0131n s\u00f6nd\u00fcrme sistemlerinin ve sistem i\u00e7erisinde yer alan hassas par\u00e7alar\u0131n g\u00fcvenli\u011fini en y\u00fcksek \u015fekilde sa\u011flamak amac\u0131yla kullan\u0131lan \u00f6nemli elemanlard\u0131r. \u00d6zellikle sprinkler hatt\u0131n\u0131n g\u00fcvenli\u011fi a\u00e7\u0131s\u0131ndan olduk\u00e7a kritik bir g\u00f6revi \u00fcstlenir. Ayn\u0131 zamanda rijit boru hatlar\u0131nda ortaya \u00e7\u0131kabilecek k\u0131r\u0131lma, y\u0131rt\u0131lma ve \u00e7atlama gibi olumsuzluklar\u0131 \u00f6nleme \u00f6zelli\u011fine de sahiptir.<\/p>\n<p>Omega tip flex dilatasyon kompansat\u00f6r\u00fcn\u00fcn en \u00f6nemli \u00f6zelli\u011fi esnek bir yap\u0131ya sahip olmas\u0131d\u0131r. Pratik ve emniyetli olan bu kompansat\u00f6r, talep edilen farkl\u0131 ebat ve \u00e7aplarda da \u00fcretim i\u00e7in uygundur. Tek bir destek noktas\u0131na ihtiya\u00e7 duyuyor olmalar\u0131 sisteme kolayl\u0131kla adapte olarak montaj i\u015flemlerinin h\u0131zla tamamlanmas\u0131n\u0131 sa\u011flar.<\/p>\n<h3><strong>Nedir?<\/strong><\/h3>\n<p><b>Y<\/b>ang\u0131n tesisatlar\u0131nda dilatasyon ge\u00e7i\u015f noktalar\u0131na ba\u011flanan ve sistemin olas\u0131 sismik hareketlere kar\u015f\u0131 korunmas\u0131n\u0131 sa\u011flayan ba\u011flant\u0131 elemanlar\u0131d\u0131r. Sistem i\u00e7erisinde yer alan hassas par\u00e7alar\u0131n g\u00fcvenli\u011fini sa\u011flar. Ayn\u0131 zamanda sprinkler sisteminin olas\u0131 yer faaliyetlerinden kaynaklanarak ya\u015fayabilece\u011fi sorunlar\u0131 \u00f6nler.<\/p>\n<p>Yang\u0131n s\u00f6nd\u00fcrme sistemine ba\u011fl\u0131 olan rijit boru hatlar\u0131n\u0131n g\u00fcvenli\u011fini sa\u011flar. Bu hatlarda sismik faaliyetler nedeniyle ortaya \u00e7\u0131kabilecek k\u0131r\u0131lma ve \u00e7atlama gibi sorunlar\u0131n \u00f6n\u00fcne ge\u00e7er. Esnek yap\u0131ya sahip olmalar\u0131 nedeniyle farkl\u0131 y\u00f6nlerde hareket ettirilebilir. Ayn\u0131 zamanda termal hareketlere kar\u015f\u0131 da diren\u00e7li olan bu kompansat\u00f6r, hatta olu\u015fan stresi alma \u00f6zelli\u011fine sahiptir.<\/p>\n<h3><strong>Ne \u0130\u015fe Yarar?<\/strong><\/h3>\n<p><b>T<\/b>emel olarak yang\u0131n s\u00f6nd\u00fcrme sistemlerinin g\u00fcvenli\u011fini sa\u011flama i\u015flevine sahiptir. Sistemin genel anlam\u0131yla g\u00fcvenli\u011fini sa\u011flad\u0131\u011f\u0131 gibi ayn\u0131 zamanda sistem i\u00e7erisinde yer alan hassas ve maliyetli di\u011fer par\u00e7alar\u0131n da g\u00fcvenli\u011fini sa\u011flar. \u00d6zellikle yo\u011fun yer hareketlerinin ve sismik faaliyetlerin bulundu\u011fu b\u00f6lgelerde yang\u0131n s\u00f6nd\u00fcrme tesisatlar\u0131 i\u00e7in hayati bir \u00f6nemi bulunur.<\/p>\n<p>Flex dilatasyon kompansat\u00f6r\u00fc, yap\u0131 ile paralel bir hareket ger\u00e7ekle\u015ftirebilme \u00f6zelli\u011fine sahiptir. Dolay\u0131s\u0131yla sismik faaliyetler nedeniyle ortaya \u00e7\u0131kan harekete adapte olabilir. Yang\u0131n s\u00f6nd\u00fcrme sisteminin bu tarz olumsuzluklar kar\u015f\u0131s\u0131nda sa\u011fl\u0131kl\u0131 bi\u00e7imde \u00e7al\u0131\u015fmas\u0131n\u0131 da sa\u011flayan flex dilatasyon kompansat\u00f6r\u00fc, termal hareketleri alma i\u015flevine de sahiptir.<\/p>\n<h3><strong>Omega Tip Flex Dilatasyon Kompansat\u00f6r\u00fc Nerelerde Kullan\u0131l\u0131r? <\/strong><\/h3>\n<p><strong>Omega tip flex dilatasyon kompansat\u00f6r\u00fc<\/strong>, b\u00fcy\u00fck oranda yang\u0131n s\u00f6nd\u00fcrme sistemlerinde kullan\u0131l\u0131r. Sistemin genel g\u00fcvenli\u011fini sa\u011flamakla birlikte olduk\u00e7a etkili avantajlar vadeder. Kolay monte edilebilir, diren\u00e7li, esnek ve her y\u00f6ne hareket ettirilebilir yap\u0131s\u0131 sayesinde sisteme kolayl\u0131kla adapte olabilir. Bu tarz kompansat\u00f6rler, kullan\u0131m bak\u0131m\u0131ndan da olduk\u00e7a pratiktir.<\/p>\n<p>Omega tip flex dilatasyon kompansat\u00f6r\u00fcn\u00fcn, yang\u0131n tesisat\u0131 i\u00e7erisinde kullan\u0131m alan\u0131 ise dilatasyon ge\u00e7i\u015f noktalar\u0131d\u0131r. Deprem gibi sismik faaliyetler, ya da yer alt\u0131 hareketlerine kar\u015f\u0131 genel olarak sistemin g\u00fcvenli\u011fini sa\u011flamak maksad\u0131yla olu\u015fturulan bu dilatasyon noktalar\u0131na kolayl\u0131kla ve h\u0131zla monte edilebilir. \u00d6zellikle deprem riskinin y\u00fcksek oldu\u011fu b\u00f6lgelerde, olas\u0131 yang\u0131nlara kar\u015f\u0131 al\u0131nan yang\u0131n s\u00f6nd\u00fcrme \u00f6nlemlerinde sistem i\u00e7erisindeki rol\u00fc olduk\u00e7a kritik bir \u00f6neme sahiptir.<\/p>\n<p><a href=\"https:\/\/govalf.com\/iletisim\/\">\u0130leti\u015fim<\/a><\/p>\n","protected":false},"excerpt":{"rendered":"<p>&nbsp;<\/p>\n<h2>\u00d6zellikler<\/h2>\n<ul>\n<li>Hortum Malzemesi:AISI 304,AISI 316L<\/li>\n<li>\u00d6rg\u00fc Malzemesi:AISI 304<\/li>\n<li>Dirsek Malzemesi:St37.2<\/li>\n<li>Flan\u015f Malzemesi:St37.2<\/li>\n<li>Bas\u0131n\u00e7:PN16<\/li>\n<li>S\u0131cakl\u0131k:550<sup>o<\/sup><\/li>\n<li>Montaj\u0131 kolay ve daha k\u0131sad\u0131r<\/li>\n<li>Esnek ve her y\u00f6ne hareketlidir<\/li>\n<li>Termal hareketleri de al\u0131r<\/li>\n<li>Sadece tek destek gerekir<\/li>\n<\/ul>\n","protected":false},"featured_media":2930,"comment_status":"closed","ping_status":"closed","template":"","meta":{"_acf_changed":false},"product_brand":[],"product_cat":[70],"product_tag":[],"class_list":{"0":"post-2929","1":"product","2":"type-product","3":"status-publish","4":"has-post-thumbnail","6":"product_cat-kompansator","8":"first","9":"instock","10":"shipping-taxable","11":"purchasable","12":"product-type-simple"},"acf":[],"yoast_head":"<!-- This site is optimized with the Yoast SEO plugin v27.4 - https:\/\/yoast.com\/product\/yoast-seo-wordpress\/ -->\n<title>Omega Tip Flex Dilatasyon Kompansat\u00f6r\u00fc - Go Valf Vana ve Pompa Sistemleri<\/title>\n<meta name=\"description\" content=\"Omega tip flex dilatasyon kompansat\u00f6r\u00fc, sprinkler sisteminde sismik hareketler nedeniyle ortaya \u00e7\u0131kabilecek olumsuzluklar\u0131 \u00f6nlemek\" \/>\n<meta name=\"robots\" content=\"index, follow, max-snippet:-1, max-image-preview:large, max-video-preview:-1\" \/>\n<link rel=\"canonical\" href=\"http:\/\/govalf.com\/tr\/product\/omega-tip-flex-dilatasyon-kompansatoru\/\" \/>\n<meta property=\"og:locale\" content=\"tr_TR\" \/>\n<meta property=\"og:type\" content=\"article\" \/>\n<meta property=\"og:title\" content=\"Omega Tip Flex Dilatasyon Kompansat\u00f6r\u00fc - Go Valf Vana ve Pompa Sistemleri\" \/>\n<meta property=\"og:description\" content=\"Omega tip flex dilatasyon kompansat\u00f6r\u00fc, sprinkler sisteminde sismik hareketler nedeniyle ortaya \u00e7\u0131kabilecek olumsuzluklar\u0131 \u00f6nlemek\" \/>\n<meta property=\"og:url\" content=\"http:\/\/govalf.com\/tr\/product\/omega-tip-flex-dilatasyon-kompansatoru\/\" \/>\n<meta property=\"og:site_name\" content=\"Go Valf Vana ve Pompa Sistemleri\" \/>\n<meta property=\"article:modified_time\" content=\"2022-06-02T19:41:32+00:00\" \/>\n<meta property=\"og:image\" content=\"http:\/\/govalf.com\/wp-content\/uploads\/2022\/02\/Omega-Tip-Flex-Dilatasyon-Kompansatoru.jpg\" \/>\n\t<meta property=\"og:image:width\" content=\"440\" \/>\n\t<meta property=\"og:image:height\" content=\"365\" \/>\n\t<meta property=\"og:image:type\" content=\"image\/jpeg\" \/>\n<meta name=\"twitter:card\" content=\"summary_large_image\" \/>\n<meta name=\"twitter:label1\" content=\"Tahmini okuma s\u00fcresi\" \/>\n\t<meta name=\"twitter:data1\" content=\"3 dakika\" \/>\n<script type=\"application\/ld+json\" class=\"yoast-schema-graph\">{\"@context\":\"https:\\\/\\\/schema.org\",\"@graph\":[{\"@type\":\"WebPage\",\"@id\":\"http:\\\/\\\/govalf.com\\\/tr\\\/product\\\/omega-tip-flex-dilatasyon-kompansatoru\\\/\",\"url\":\"http:\\\/\\\/govalf.com\\\/tr\\\/product\\\/omega-tip-flex-dilatasyon-kompansatoru\\\/\",\"name\":\"Omega Tip Flex Dilatasyon Kompansat\u00f6r\u00fc - Go Valf Vana ve Pompa Sistemleri\",\"isPartOf\":{\"@id\":\"http:\\\/\\\/govalf.com\\\/ru\\\/#website\"},\"primaryImageOfPage\":{\"@id\":\"http:\\\/\\\/govalf.com\\\/tr\\\/product\\\/omega-tip-flex-dilatasyon-kompansatoru\\\/#primaryimage\"},\"image\":{\"@id\":\"http:\\\/\\\/govalf.com\\\/tr\\\/product\\\/omega-tip-flex-dilatasyon-kompansatoru\\\/#primaryimage\"},\"thumbnailUrl\":\"http:\\\/\\\/govalf.com\\\/wp-content\\\/uploads\\\/2022\\\/02\\\/Omega-Tip-Flex-Dilatasyon-Kompansatoru.jpg\",\"datePublished\":\"2022-02-18T06:45:00+00:00\",\"dateModified\":\"2022-06-02T19:41:32+00:00\",\"description\":\"Omega tip flex dilatasyon kompansat\u00f6r\u00fc, sprinkler sisteminde sismik hareketler nedeniyle ortaya \u00e7\u0131kabilecek olumsuzluklar\u0131 \u00f6nlemek\",\"breadcrumb\":{\"@id\":\"http:\\\/\\\/govalf.com\\\/tr\\\/product\\\/omega-tip-flex-dilatasyon-kompansatoru\\\/#breadcrumb\"},\"inLanguage\":\"tr\",\"potentialAction\":[{\"@type\":\"ReadAction\",\"target\":[\"http:\\\/\\\/govalf.com\\\/tr\\\/product\\\/omega-tip-flex-dilatasyon-kompansatoru\\\/\"]}]},{\"@type\":\"ImageObject\",\"inLanguage\":\"tr\",\"@id\":\"http:\\\/\\\/govalf.com\\\/tr\\\/product\\\/omega-tip-flex-dilatasyon-kompansatoru\\\/#primaryimage\",\"url\":\"http:\\\/\\\/govalf.com\\\/wp-content\\\/uploads\\\/2022\\\/02\\\/Omega-Tip-Flex-Dilatasyon-Kompansatoru.jpg\",\"contentUrl\":\"http:\\\/\\\/govalf.com\\\/wp-content\\\/uploads\\\/2022\\\/02\\\/Omega-Tip-Flex-Dilatasyon-Kompansatoru.jpg\",\"width\":440,\"height\":365,\"caption\":\"Omega tip flex dilatasyon kompansat\u00f6r\u00fc\"},{\"@type\":\"BreadcrumbList\",\"@id\":\"http:\\\/\\\/govalf.com\\\/tr\\\/product\\\/omega-tip-flex-dilatasyon-kompansatoru\\\/#breadcrumb\",\"itemListElement\":[{\"@type\":\"ListItem\",\"position\":1,\"name\":\"Anasayfa\",\"item\":\"https:\\\/\\\/govalf.com\\\/tr\\\/\"},{\"@type\":\"ListItem\",\"position\":2,\"name\":\"Products\",\"item\":\"http:\\\/\\\/govalf.com\\\/fr\\\/des-produits\\\/\"},{\"@type\":\"ListItem\",\"position\":3,\"name\":\"Omega Tip Flex Dilatasyon Kompansat\u00f6r\u00fc\"}]},{\"@type\":\"WebSite\",\"@id\":\"http:\\\/\\\/govalf.com\\\/ru\\\/#website\",\"url\":\"http:\\\/\\\/govalf.com\\\/ru\\\/\",\"name\":\"Go Valf Vana ve Pompa Sistemleri\",\"description\":\"Yang\u0131n S\u00f6nd\u00fcrme Sistemleri ve Ekipmanlar\u0131\",\"publisher\":{\"@id\":\"http:\\\/\\\/govalf.com\\\/ru\\\/#organization\"},\"potentialAction\":[{\"@type\":\"SearchAction\",\"target\":{\"@type\":\"EntryPoint\",\"urlTemplate\":\"http:\\\/\\\/govalf.com\\\/ru\\\/?s={search_term_string}\"},\"query-input\":{\"@type\":\"PropertyValueSpecification\",\"valueRequired\":true,\"valueName\":\"search_term_string\"}}],\"inLanguage\":\"tr\"},{\"@type\":\"Organization\",\"@id\":\"http:\\\/\\\/govalf.com\\\/ru\\\/#organization\",\"name\":\"Go Valf\",\"url\":\"http:\\\/\\\/govalf.com\\\/ru\\\/\",\"logo\":{\"@type\":\"ImageObject\",\"inLanguage\":\"tr\",\"@id\":\"http:\\\/\\\/govalf.com\\\/ru\\\/#\\\/schema\\\/logo\\\/image\\\/\",\"url\":\"https:\\\/\\\/govalf.com\\\/wp-content\\\/uploads\\\/2022\\\/02\\\/go-valf-logo.png\",\"contentUrl\":\"https:\\\/\\\/govalf.com\\\/wp-content\\\/uploads\\\/2022\\\/02\\\/go-valf-logo.png\",\"width\":504,\"height\":120,\"caption\":\"Go Valf\"},\"image\":{\"@id\":\"http:\\\/\\\/govalf.com\\\/ru\\\/#\\\/schema\\\/logo\\\/image\\\/\"}}]}<\/script>\n<!-- \/ Yoast SEO plugin. -->","yoast_head_json":{"title":"Omega Tip Flex Dilatasyon Kompansat\u00f6r\u00fc - Go Valf Vana ve Pompa Sistemleri","description":"Omega tip flex dilatasyon kompansat\u00f6r\u00fc, sprinkler sisteminde sismik hareketler nedeniyle ortaya \u00e7\u0131kabilecek olumsuzluklar\u0131 \u00f6nlemek","robots":{"index":"index","follow":"follow","max-snippet":"max-snippet:-1","max-image-preview":"max-image-preview:large","max-video-preview":"max-video-preview:-1"},"canonical":"http:\/\/govalf.com\/tr\/product\/omega-tip-flex-dilatasyon-kompansatoru\/","og_locale":"tr_TR","og_type":"article","og_title":"Omega Tip Flex Dilatasyon Kompansat\u00f6r\u00fc - Go Valf Vana ve Pompa Sistemleri","og_description":"Omega tip flex dilatasyon kompansat\u00f6r\u00fc, sprinkler sisteminde sismik hareketler nedeniyle ortaya \u00e7\u0131kabilecek olumsuzluklar\u0131 \u00f6nlemek","og_url":"http:\/\/govalf.com\/tr\/product\/omega-tip-flex-dilatasyon-kompansatoru\/","og_site_name":"Go Valf Vana ve Pompa Sistemleri","article_modified_time":"2022-06-02T19:41:32+00:00","og_image":[{"width":440,"height":365,"url":"http:\/\/govalf.com\/wp-content\/uploads\/2022\/02\/Omega-Tip-Flex-Dilatasyon-Kompansatoru.jpg","type":"image\/jpeg"}],"twitter_card":"summary_large_image","twitter_misc":{"Tahmini okuma s\u00fcresi":"3 dakika"},"schema":{"@context":"https:\/\/schema.org","@graph":[{"@type":"WebPage","@id":"http:\/\/govalf.com\/tr\/product\/omega-tip-flex-dilatasyon-kompansatoru\/","url":"http:\/\/govalf.com\/tr\/product\/omega-tip-flex-dilatasyon-kompansatoru\/","name":"Omega Tip Flex Dilatasyon Kompansat\u00f6r\u00fc - Go Valf Vana ve Pompa Sistemleri","isPartOf":{"@id":"http:\/\/govalf.com\/ru\/#website"},"primaryImageOfPage":{"@id":"http:\/\/govalf.com\/tr\/product\/omega-tip-flex-dilatasyon-kompansatoru\/#primaryimage"},"image":{"@id":"http:\/\/govalf.com\/tr\/product\/omega-tip-flex-dilatasyon-kompansatoru\/#primaryimage"},"thumbnailUrl":"http:\/\/govalf.com\/wp-content\/uploads\/2022\/02\/Omega-Tip-Flex-Dilatasyon-Kompansatoru.jpg","datePublished":"2022-02-18T06:45:00+00:00","dateModified":"2022-06-02T19:41:32+00:00","description":"Omega tip flex dilatasyon kompansat\u00f6r\u00fc, sprinkler sisteminde sismik hareketler nedeniyle ortaya \u00e7\u0131kabilecek olumsuzluklar\u0131 \u00f6nlemek","breadcrumb":{"@id":"http:\/\/govalf.com\/tr\/product\/omega-tip-flex-dilatasyon-kompansatoru\/#breadcrumb"},"inLanguage":"tr","potentialAction":[{"@type":"ReadAction","target":["http:\/\/govalf.com\/tr\/product\/omega-tip-flex-dilatasyon-kompansatoru\/"]}]},{"@type":"ImageObject","inLanguage":"tr","@id":"http:\/\/govalf.com\/tr\/product\/omega-tip-flex-dilatasyon-kompansatoru\/#primaryimage","url":"http:\/\/govalf.com\/wp-content\/uploads\/2022\/02\/Omega-Tip-Flex-Dilatasyon-Kompansatoru.jpg","contentUrl":"http:\/\/govalf.com\/wp-content\/uploads\/2022\/02\/Omega-Tip-Flex-Dilatasyon-Kompansatoru.jpg","width":440,"height":365,"caption":"Omega tip flex dilatasyon kompansat\u00f6r\u00fc"},{"@type":"BreadcrumbList","@id":"http:\/\/govalf.com\/tr\/product\/omega-tip-flex-dilatasyon-kompansatoru\/#breadcrumb","itemListElement":[{"@type":"ListItem","position":1,"name":"Anasayfa","item":"https:\/\/govalf.com\/tr\/"},{"@type":"ListItem","position":2,"name":"Products","item":"http:\/\/govalf.com\/fr\/des-produits\/"},{"@type":"ListItem","position":3,"name":"Omega Tip Flex Dilatasyon Kompansat\u00f6r\u00fc"}]},{"@type":"WebSite","@id":"http:\/\/govalf.com\/ru\/#website","url":"http:\/\/govalf.com\/ru\/","name":"Go Valf Vana ve Pompa Sistemleri","description":"Yang\u0131n S\u00f6nd\u00fcrme Sistemleri ve Ekipmanlar\u0131","publisher":{"@id":"http:\/\/govalf.com\/ru\/#organization"},"potentialAction":[{"@type":"SearchAction","target":{"@type":"EntryPoint","urlTemplate":"http:\/\/govalf.com\/ru\/?s={search_term_string}"},"query-input":{"@type":"PropertyValueSpecification","valueRequired":true,"valueName":"search_term_string"}}],"inLanguage":"tr"},{"@type":"Organization","@id":"http:\/\/govalf.com\/ru\/#organization","name":"Go Valf","url":"http:\/\/govalf.com\/ru\/","logo":{"@type":"ImageObject","inLanguage":"tr","@id":"http:\/\/govalf.com\/ru\/#\/schema\/logo\/image\/","url":"https:\/\/govalf.com\/wp-content\/uploads\/2022\/02\/go-valf-logo.png","contentUrl":"https:\/\/govalf.com\/wp-content\/uploads\/2022\/02\/go-valf-logo.png","width":504,"height":120,"caption":"Go Valf"},"image":{"@id":"http:\/\/govalf.com\/ru\/#\/schema\/logo\/image\/"}}]}},"_links":{"self":[{"href":"http:\/\/govalf.com\/tr\/wp-json\/wp\/v2\/product\/2929","targetHints":{"allow":["GET"]}}],"collection":[{"href":"http:\/\/govalf.com\/tr\/wp-json\/wp\/v2\/product"}],"about":[{"href":"http:\/\/govalf.com\/tr\/wp-json\/wp\/v2\/types\/product"}],"replies":[{"embeddable":true,"href":"http:\/\/govalf.com\/tr\/wp-json\/wp\/v2\/comments?post=2929"}],"wp:featuredmedia":[{"embeddable":true,"href":"http:\/\/govalf.com\/tr\/wp-json\/wp\/v2\/media\/2930"}],"wp:attachment":[{"href":"http:\/\/govalf.com\/tr\/wp-json\/wp\/v2\/media?parent=2929"}],"wp:term":[{"taxonomy":"product_brand","embeddable":true,"href":"http:\/\/govalf.com\/tr\/wp-json\/wp\/v2\/product_brand?post=2929"},{"taxonomy":"product_cat","embeddable":true,"href":"http:\/\/govalf.com\/tr\/wp-json\/wp\/v2\/product_cat?post=2929"},{"taxonomy":"product_tag","embeddable":true,"href":"http:\/\/govalf.com\/tr\/wp-json\/wp\/v2\/product_tag?post=2929"}],"curies":[{"name":"wp","href":"https:\/\/api.w.org\/{rel}","templated":true}]}}