{"id":3551,"date":"2022-03-06T14:24:54","date_gmt":"2022-03-06T14:24:54","guid":{"rendered":"https:\/\/govalf.com\/?post_type=product&#038;p=3551"},"modified":"2022-05-27T07:44:57","modified_gmt":"2022-05-27T07:44:57","slug":"sidewall-sprinkler","status":"publish","type":"product","link":"http:\/\/govalf.com\/tr\/product\/sidewall-sprinkler\/","title":{"rendered":"Sidewell Sprinkler"},"content":{"rendered":"<h1><strong>Sidewell Sprinkler <\/strong><\/h1>\n<p><strong>Sidewell Sprinkler<\/strong>; yang\u0131n s\u00f6nd\u00fcrme sistemlerinin en \u00f6nemli elemanlar\u0131d\u0131r. G\u00fcn\u00fcm\u00fczde olduk\u00e7a yayg\u0131n bir kullan\u0131m alan\u0131na sahip olan bu sprinkler; yang\u0131n an\u0131nda ya\u011fmurlama yapma g\u00f6revine sahiptir. Ayn\u0131 zamanda duvar sprinkleri olarak da an\u0131l\u0131r. \u00d6zellikle otel; konut; yurt ve benzeri alanlarda en \u00e7ok tercih edilen yang\u0131n s\u00f6nd\u00fcrme \u00e7\u00f6z\u00fcm\u00fcd\u00fcr. \u00c7o\u011funlukla iki h\u0131zda etki kapasitesine sahip olarak geli\u015ftirilen Sidewell Sprinklerin iki farkl\u0131 modeli bulunur. Standart tepki \u00f6zelli\u011fine sahip olan sprinkler ve h\u0131zl\u0131 sprinkler olmak \u00fczere iki \u015fekilde kategorize edilebilirler. Sidewell Sprinklerin d\u00fc\u015f\u00fck yer gereksinimine sahip olmas\u0131 ve etkili bir \u00e7\u00f6z\u00fcm \u00fcretiyor olmas\u0131; in\u015faat sekt\u00f6r\u00fcn\u00fcn farkl\u0131 alanlar\u0131nda yayg\u0131n olarak kullan\u0131lmas\u0131na sebep olmu\u015ftur.<\/p>\n<h2><strong>Sidewell Sprinkler Nedir; Ne \u0130\u015fe Yarar?<\/strong><\/h2>\n<p><strong>Sidewell Sprinkler<\/strong>; dik ya da e\u011fik olmak \u00fczere iki farkl\u0131 bi\u00e7imde ya\u011fmurlama yapabilen yang\u0131n \u00e7\u00f6z\u00fcmleridir. Yang\u0131n alarm sistemlerinin en \u00f6nemli bile\u015fenlerinden olan Sidewell Sprinklerin en temel \u00f6zelli\u011fi anl\u0131k m\u00fcdahale edebilme kapasitesine sahiptir. Bu sprinkler; \u00e7o\u011funlukla k\u00fc\u00e7\u00fck \u00e7apl\u0131 ince boru hatlar\u0131 yard\u0131m\u0131yla in\u015faat alan\u0131na entegre edilir.<\/p>\n<p>Y\u00fczey yap\u0131lar\u0131n\u0131n krom kaplama olmas\u0131; paslanma gibi sorunlar\u0131n ortaya \u00e7\u0131kmas\u0131n\u0131 engeller. D\u0131\u015far\u0131dan gelebilecek olas\u0131 deformasyonlara kar\u015f\u0131 da olduk\u00e7a diren\u00e7li olan bu sprinkler; yo\u011fun pop\u00fclasyonun bir arada bulundu\u011fu ya\u015fam alanlar\u0131nda kullan\u0131m i\u00e7in uygundur. Sidewell Sprinklerin kendine \u00f6zg\u00fc bir \u00e7al\u0131\u015fma prensibi vard\u0131r ve yang\u0131n durumlar\u0131nda harekete ge\u00e7mek i\u00e7in \u00f6zel olarak geli\u015ftirilmi\u015ftir.<\/p>\n<h3><strong>Sidewell Sprinkler Nedir?<\/strong><\/h3>\n<p><strong>Sidewell Sprinkler<\/strong>; yang\u0131n an\u0131nda ate\u015fe m\u00fcdahale etme g\u00f6revine sahip olan yang\u0131n s\u00f6nd\u00fcrme sistemi par\u00e7alar\u0131d\u0131r. Duvar sprinkleri olarak da an\u0131lan bu sprinkler \u00f6zel yap\u0131lar\u0131 sayesinde yatay ya da dikey su ak\u0131\u015f\u0131 sa\u011flayabilir. Kullan\u0131m\u0131 olduk\u00e7a basit olmakla birlikte kolay monte edilebiliyor olmas\u0131 ve bir\u00e7ok konuda tasarruf sa\u011fl\u0131yor olmas\u0131 en temel tercih edilme sebepleridir.<\/p>\n<p>Sidewell Sprinklerin \u00e7al\u0131\u015fma prensibini y\u00fcksek bas\u0131n\u00e7l\u0131 suyun yang\u0131ndan kaynaklanan alevlerin \u00fczerine b\u0131rak\u0131lmas\u0131 esas\u0131na dayan\u0131r. Yang\u0131n sisteminin alarma ge\u00e7mesiyle birlikte sprinkler; patlar. B\u00f6ylelikle yang\u0131n b\u00f6lgesinin \u00fczerine do\u011frudan ve kesintisiz bir su ak\u0131\u015f\u0131 sa\u011flan\u0131r. Burada en temel i\u015flevi tasar\u0131m\u0131 \u00f6zel olarak yap\u0131lan boru a\u011f\u0131 yerine getirir ve sistemin harekete ge\u00e7mesini sa\u011flar.<\/p>\n<h3><strong>Sidewell Sprinkler Ne \u0130\u015fe Yarar?<\/strong><\/h3>\n<p>Olduk\u00e7a g\u00fcvenli ve kolay kullan\u0131m imkan\u0131 sa\u011flayan <strong>Sidewell Sprinkler<\/strong>; yang\u0131na kar\u015f\u0131 koruman\u0131n sa\u011flanmas\u0131 arzu edilen alan\u0131n \u00fczerine konumland\u0131r\u0131l\u0131r. Sprinklerin buradaki en temel i\u015flevi suyun da\u011f\u0131t\u0131m\u0131n\u0131 sa\u011flamakt\u0131r. Yang\u0131n sistemlerinin en \u00f6nemli par\u00e7as\u0131 i\u015flevine sahip olan bu sprinkler; yang\u0131n b\u00f6lgesinin \u00fczerine s\u0131v\u0131n\u0131n iletilmesinde rol oynar.<\/p>\n<p>Sidwell Sprinklerin yang\u0131n s\u00f6nd\u00fcrme sistemi \u00fczerindeki en temel i\u015flevi; yang\u0131n an\u0131nda patlayarak su temas\u0131n\u0131n yang\u0131n b\u00f6lgesiyle sa\u011flanmas\u0131d\u0131r. Bu do\u011frultuda Sidewell Sprinklerin farkl\u0131 bi\u00e7imlerde monte edilmesi de m\u00fcmk\u00fcnd\u00fcr. Borulamadaki modellemeye g\u00f6re sprinkler; dedekt\u00f6r k\u0131sm\u0131 a\u015fa\u011f\u0131 veya yana bak\u0131lacak \u015fekilde konumland\u0131r\u0131larak monte edilebilir.<\/p>\n<h3><strong>Sidewell Sprinkler Nerelerde Kullan\u0131l\u0131r? <\/strong><\/h3>\n<p><strong>Sidewell Sprinkler<\/strong> son d\u00f6nemde olduk\u00e7a geni\u015f bir kullan\u0131m alan\u0131na sahiptir. G\u00fcn\u00fcm\u00fczde bir\u00e7ok in\u015faat Sidewell Sprinklerin kullan\u0131labilece\u011fi yap\u0131sal \u00f6zelliklere g\u00f6re projelendirilmektedir. \u00d6zellikle \u00e7ok katl\u0131 yap\u0131larda ve n\u00fcfus yo\u011funlu\u011funun y\u00fcksek oldu\u011fu alanlarda Sidewell Sprinklerin tercih edilmesi m\u00fcmk\u00fcnd\u00fcr. Ba\u015fta dikey \u00e7ok katl\u0131 yap\u0131lar olmak \u00fczere sprinkler her t\u00fcrl\u00fc yap\u0131da kullan\u0131labilir.<\/p>\n<p>G\u00fcn\u00fcm\u00fczde en yayg\u0131n olarak kullan\u0131m alanlar\u0131 ise okul; hastane; avm; rezidans; otel; konaklama tesisi gibi alanlard\u0131r. Y\u00fcksek insan n\u00fcfusunun birlikte bulundu\u011fu bu yap\u0131larda yang\u0131n g\u00fcvenli\u011finin en y\u00fcksek standartta sa\u011flanmas\u0131 gerekir. Ayn\u0131 zamanda yang\u0131n g\u00fcvenli\u011fi kadar yang\u0131na m\u00fcdahale h\u0131z\u0131 da bu tarz yap\u0131lar da olduk\u00e7a \u00f6nem arz eder. Dolay\u0131s\u0131yla Sidewell Sprinklerin h\u0131zl\u0131 tepki s\u00fcrelerinin belirtilen ya\u015fam alanlar\u0131nda yang\u0131n s\u00f6nd\u00fcrme \u00e7\u00f6z\u00fcmleri kapsam\u0131nda de\u011ferlendirilmesi m\u00fcmk\u00fcnd\u00fcr.<\/p>\n<p>Sprinkler, kullan\u0131m\u0131 kolay ve son derece g\u00fcvenlidir. Sprinkler, \u00f6zel olarak tasarlanan boru a\u011f\u0131 \u00fczerine korumaya ihtiya\u00e7 duyulan alan\u0131 kapsayacak \u015fekilde yerle\u015ftirilir. S\u0131zd\u0131rmazl\u0131k eleman\u0131n\u0131n \u00f6nemli par\u00e7alar\u0131ndan biri olan cam t\u00fcp i\u00e7indeki s\u0131v\u0131 yang\u0131n taraf\u0131ndan \u00fcretilen s\u0131cakl\u0131k nedeniyle geni\u015fler ve patlar. Yang\u0131n esnas\u0131nda ortam s\u0131cakl\u0131\u011f\u0131 beklenen maksimum ortam s\u0131cakl\u0131\u011f\u0131n\u0131n 30\u00b0C \u00fczerindeki s\u0131cakl\u0131klarda se\u00e7ilmesi gereklidir. Yang\u0131n \u00fczerindeki sprinkler cam t\u00fcp\u00fcn\u00fcn patlamas\u0131 ile bas\u0131n\u00e7 alt\u0131ndaki su deflekt\u00f6re (da\u011f\u0131t\u0131c\u0131) \u00e7arparak yang\u0131n \u00fczerine p\u00fcsk\u00fcrt\u00fcl\u00fcr. Sadece yang\u0131n esnas\u0131nda s\u0131cakl\u0131k art\u0131\u015f\u0131 olan sprinkler patlar ve su ak\u0131\u015f\u0131 sa\u011flan\u0131r.<\/p>\n<p><strong>Uygulamalar<\/strong><\/p>\n<ul>\n<li>Mimari nedenler ile barulaman\u0131n tavanda yap\u0131lamad\u0131\u011f\u0131 yerlerde tercih edilir.<\/li>\n<li>Otel<\/li>\n<li>Yurt<\/li>\n<li>Rezidans<\/li>\n<\/ul>\n<p><a href=\"https:\/\/govalf.com\/iletisim\/\">\u0130leti\u015fim<\/a><\/p>\n","protected":false},"excerpt":{"rendered":"<p>Sidewell Sprinkler Sidewell Sprinkler; yang\u0131n s\u00f6nd\u00fcrme sistemlerinin en \u00f6nemli elemanlar\u0131d\u0131r. G\u00fcn\u00fcm\u00fczde olduk\u00e7a yayg\u0131n bir kullan\u0131m alan\u0131na sahip olan bu sprinkler; yang\u0131n an\u0131nda ya\u011fmurlama yapma g\u00f6revine sahiptir. Ayn\u0131 zamanda duvar sprinkleri olarak da an\u0131l\u0131r. \u00d6zellikle otel; konut; yurt ve benzeri alanlarda en \u00e7ok tercih edilen yang\u0131n s\u00f6nd\u00fcrme \u00e7\u00f6z\u00fcm\u00fcd\u00fcr. \u00c7o\u011funlukla iki h\u0131zda etki kapasitesine sahip olarak geli\u015ftirilen [&hellip;]<\/p>\n","protected":false},"featured_media":3557,"comment_status":"open","ping_status":"closed","template":"","meta":{"_acf_changed":false},"product_brand":[],"product_cat":[68],"product_tag":[],"class_list":{"0":"post-3551","1":"product","2":"type-product","3":"status-publish","4":"has-post-thumbnail","6":"product_cat-yangin","8":"first","9":"instock","10":"shipping-taxable","11":"product-type-simple"},"acf":[],"yoast_head":"<!-- This site is optimized with the Yoast SEO plugin v27.4 - https:\/\/yoast.com\/product\/yoast-seo-wordpress\/ -->\n<title>Sidewell Sprinkler - Go Valf Vana ve Pompa Sistemleri<\/title>\n<meta name=\"description\" content=\"Sidewell Sprinkler; yang\u0131n s\u00f6nd\u00fcrme sistemlerinin en \u00f6nemli elemanlar\u0131d\u0131r. G\u00fcn\u00fcm\u00fczde olduk\u00e7a yayg\u0131n bir kullan\u0131m alan\u0131na\" \/>\n<meta name=\"robots\" content=\"index, follow, max-snippet:-1, max-image-preview:large, max-video-preview:-1\" \/>\n<link rel=\"canonical\" href=\"https:\/\/govalf.com\/tr\/product\/sidewall-sprinkler\/\" \/>\n<meta property=\"og:locale\" content=\"tr_TR\" \/>\n<meta property=\"og:type\" content=\"article\" \/>\n<meta property=\"og:title\" content=\"Sidewell Sprinkler - Go Valf Vana ve Pompa Sistemleri\" \/>\n<meta property=\"og:description\" content=\"Sidewell Sprinkler; yang\u0131n s\u00f6nd\u00fcrme sistemlerinin en \u00f6nemli elemanlar\u0131d\u0131r. G\u00fcn\u00fcm\u00fczde olduk\u00e7a yayg\u0131n bir kullan\u0131m alan\u0131na\" \/>\n<meta property=\"og:url\" content=\"https:\/\/govalf.com\/tr\/product\/sidewall-sprinkler\/\" \/>\n<meta property=\"og:site_name\" content=\"Go Valf Vana ve Pompa Sistemleri\" \/>\n<meta property=\"article:modified_time\" content=\"2022-05-27T07:44:57+00:00\" \/>\n<meta property=\"og:image\" content=\"https:\/\/govalf.com\/wp-content\/uploads\/2022\/03\/SI\u0307DEWALL-SPRI\u0307NKLER-1024x1024.png\" \/>\n\t<meta property=\"og:image:width\" content=\"1024\" \/>\n\t<meta property=\"og:image:height\" content=\"1024\" \/>\n\t<meta property=\"og:image:type\" content=\"image\/png\" \/>\n<meta name=\"twitter:card\" content=\"summary_large_image\" \/>\n<meta name=\"twitter:label1\" content=\"Tahmini okuma s\u00fcresi\" \/>\n\t<meta name=\"twitter:data1\" content=\"4 dakika\" \/>\n<script type=\"application\/ld+json\" class=\"yoast-schema-graph\">{\"@context\":\"https:\\\/\\\/schema.org\",\"@graph\":[{\"@type\":\"WebPage\",\"@id\":\"https:\\\/\\\/govalf.com\\\/tr\\\/product\\\/sidewall-sprinkler\\\/\",\"url\":\"https:\\\/\\\/govalf.com\\\/tr\\\/product\\\/sidewall-sprinkler\\\/\",\"name\":\"Sidewell Sprinkler - Go Valf Vana ve Pompa Sistemleri\",\"isPartOf\":{\"@id\":\"http:\\\/\\\/govalf.com\\\/ru\\\/#website\"},\"primaryImageOfPage\":{\"@id\":\"https:\\\/\\\/govalf.com\\\/tr\\\/product\\\/sidewall-sprinkler\\\/#primaryimage\"},\"image\":{\"@id\":\"https:\\\/\\\/govalf.com\\\/tr\\\/product\\\/sidewall-sprinkler\\\/#primaryimage\"},\"thumbnailUrl\":\"http:\\\/\\\/govalf.com\\\/wp-content\\\/uploads\\\/2022\\\/03\\\/SI\u0307DEWALL-SPRI\u0307NKLER.png\",\"datePublished\":\"2022-03-06T14:24:54+00:00\",\"dateModified\":\"2022-05-27T07:44:57+00:00\",\"description\":\"Sidewell Sprinkler; yang\u0131n s\u00f6nd\u00fcrme sistemlerinin en \u00f6nemli elemanlar\u0131d\u0131r. G\u00fcn\u00fcm\u00fczde olduk\u00e7a yayg\u0131n bir kullan\u0131m alan\u0131na\",\"breadcrumb\":{\"@id\":\"https:\\\/\\\/govalf.com\\\/tr\\\/product\\\/sidewall-sprinkler\\\/#breadcrumb\"},\"inLanguage\":\"tr\",\"potentialAction\":[{\"@type\":\"ReadAction\",\"target\":[\"https:\\\/\\\/govalf.com\\\/tr\\\/product\\\/sidewall-sprinkler\\\/\"]}]},{\"@type\":\"ImageObject\",\"inLanguage\":\"tr\",\"@id\":\"https:\\\/\\\/govalf.com\\\/tr\\\/product\\\/sidewall-sprinkler\\\/#primaryimage\",\"url\":\"http:\\\/\\\/govalf.com\\\/wp-content\\\/uploads\\\/2022\\\/03\\\/SI\u0307DEWALL-SPRI\u0307NKLER.png\",\"contentUrl\":\"http:\\\/\\\/govalf.com\\\/wp-content\\\/uploads\\\/2022\\\/03\\\/SI\u0307DEWALL-SPRI\u0307NKLER.png\",\"width\":5000,\"height\":5000,\"caption\":\"Sidewell Sprinkler\"},{\"@type\":\"BreadcrumbList\",\"@id\":\"https:\\\/\\\/govalf.com\\\/tr\\\/product\\\/sidewall-sprinkler\\\/#breadcrumb\",\"itemListElement\":[{\"@type\":\"ListItem\",\"position\":1,\"name\":\"Anasayfa\",\"item\":\"https:\\\/\\\/govalf.com\\\/tr\\\/\"},{\"@type\":\"ListItem\",\"position\":2,\"name\":\"Products\",\"item\":\"http:\\\/\\\/govalf.com\\\/ru\\\/%d0%bf%d1%80%d0%be%d0%b4%d1%83%d0%ba%d1%82%d1%8b\\\/\"},{\"@type\":\"ListItem\",\"position\":3,\"name\":\"Sidewell Sprinkler\"}]},{\"@type\":\"WebSite\",\"@id\":\"http:\\\/\\\/govalf.com\\\/ru\\\/#website\",\"url\":\"http:\\\/\\\/govalf.com\\\/ru\\\/\",\"name\":\"Go Valf Vana ve Pompa Sistemleri\",\"description\":\"Yang\u0131n S\u00f6nd\u00fcrme Sistemleri ve Ekipmanlar\u0131\",\"publisher\":{\"@id\":\"http:\\\/\\\/govalf.com\\\/ru\\\/#organization\"},\"potentialAction\":[{\"@type\":\"SearchAction\",\"target\":{\"@type\":\"EntryPoint\",\"urlTemplate\":\"http:\\\/\\\/govalf.com\\\/ru\\\/?s={search_term_string}\"},\"query-input\":{\"@type\":\"PropertyValueSpecification\",\"valueRequired\":true,\"valueName\":\"search_term_string\"}}],\"inLanguage\":\"tr\"},{\"@type\":\"Organization\",\"@id\":\"http:\\\/\\\/govalf.com\\\/ru\\\/#organization\",\"name\":\"Go Valf\",\"url\":\"http:\\\/\\\/govalf.com\\\/ru\\\/\",\"logo\":{\"@type\":\"ImageObject\",\"inLanguage\":\"tr\",\"@id\":\"http:\\\/\\\/govalf.com\\\/ru\\\/#\\\/schema\\\/logo\\\/image\\\/\",\"url\":\"https:\\\/\\\/govalf.com\\\/wp-content\\\/uploads\\\/2022\\\/02\\\/go-valf-logo.png\",\"contentUrl\":\"https:\\\/\\\/govalf.com\\\/wp-content\\\/uploads\\\/2022\\\/02\\\/go-valf-logo.png\",\"width\":504,\"height\":120,\"caption\":\"Go Valf\"},\"image\":{\"@id\":\"http:\\\/\\\/govalf.com\\\/ru\\\/#\\\/schema\\\/logo\\\/image\\\/\"}}]}<\/script>\n<!-- \/ Yoast SEO plugin. -->","yoast_head_json":{"title":"Sidewell Sprinkler - Go Valf Vana ve Pompa Sistemleri","description":"Sidewell Sprinkler; yang\u0131n s\u00f6nd\u00fcrme sistemlerinin en \u00f6nemli elemanlar\u0131d\u0131r. G\u00fcn\u00fcm\u00fczde olduk\u00e7a yayg\u0131n bir kullan\u0131m alan\u0131na","robots":{"index":"index","follow":"follow","max-snippet":"max-snippet:-1","max-image-preview":"max-image-preview:large","max-video-preview":"max-video-preview:-1"},"canonical":"https:\/\/govalf.com\/tr\/product\/sidewall-sprinkler\/","og_locale":"tr_TR","og_type":"article","og_title":"Sidewell Sprinkler - Go Valf Vana ve Pompa Sistemleri","og_description":"Sidewell Sprinkler; yang\u0131n s\u00f6nd\u00fcrme sistemlerinin en \u00f6nemli elemanlar\u0131d\u0131r. G\u00fcn\u00fcm\u00fczde olduk\u00e7a yayg\u0131n bir kullan\u0131m alan\u0131na","og_url":"https:\/\/govalf.com\/tr\/product\/sidewall-sprinkler\/","og_site_name":"Go Valf Vana ve Pompa Sistemleri","article_modified_time":"2022-05-27T07:44:57+00:00","og_image":[{"width":1024,"height":1024,"url":"https:\/\/govalf.com\/wp-content\/uploads\/2022\/03\/SI\u0307DEWALL-SPRI\u0307NKLER-1024x1024.png","type":"image\/png"}],"twitter_card":"summary_large_image","twitter_misc":{"Tahmini okuma s\u00fcresi":"4 dakika"},"schema":{"@context":"https:\/\/schema.org","@graph":[{"@type":"WebPage","@id":"https:\/\/govalf.com\/tr\/product\/sidewall-sprinkler\/","url":"https:\/\/govalf.com\/tr\/product\/sidewall-sprinkler\/","name":"Sidewell Sprinkler - Go Valf Vana ve Pompa Sistemleri","isPartOf":{"@id":"http:\/\/govalf.com\/ru\/#website"},"primaryImageOfPage":{"@id":"https:\/\/govalf.com\/tr\/product\/sidewall-sprinkler\/#primaryimage"},"image":{"@id":"https:\/\/govalf.com\/tr\/product\/sidewall-sprinkler\/#primaryimage"},"thumbnailUrl":"http:\/\/govalf.com\/wp-content\/uploads\/2022\/03\/SI\u0307DEWALL-SPRI\u0307NKLER.png","datePublished":"2022-03-06T14:24:54+00:00","dateModified":"2022-05-27T07:44:57+00:00","description":"Sidewell Sprinkler; yang\u0131n s\u00f6nd\u00fcrme sistemlerinin en \u00f6nemli elemanlar\u0131d\u0131r. G\u00fcn\u00fcm\u00fczde olduk\u00e7a yayg\u0131n bir kullan\u0131m alan\u0131na","breadcrumb":{"@id":"https:\/\/govalf.com\/tr\/product\/sidewall-sprinkler\/#breadcrumb"},"inLanguage":"tr","potentialAction":[{"@type":"ReadAction","target":["https:\/\/govalf.com\/tr\/product\/sidewall-sprinkler\/"]}]},{"@type":"ImageObject","inLanguage":"tr","@id":"https:\/\/govalf.com\/tr\/product\/sidewall-sprinkler\/#primaryimage","url":"http:\/\/govalf.com\/wp-content\/uploads\/2022\/03\/SI\u0307DEWALL-SPRI\u0307NKLER.png","contentUrl":"http:\/\/govalf.com\/wp-content\/uploads\/2022\/03\/SI\u0307DEWALL-SPRI\u0307NKLER.png","width":5000,"height":5000,"caption":"Sidewell Sprinkler"},{"@type":"BreadcrumbList","@id":"https:\/\/govalf.com\/tr\/product\/sidewall-sprinkler\/#breadcrumb","itemListElement":[{"@type":"ListItem","position":1,"name":"Anasayfa","item":"https:\/\/govalf.com\/tr\/"},{"@type":"ListItem","position":2,"name":"Products","item":"http:\/\/govalf.com\/ru\/%d0%bf%d1%80%d0%be%d0%b4%d1%83%d0%ba%d1%82%d1%8b\/"},{"@type":"ListItem","position":3,"name":"Sidewell Sprinkler"}]},{"@type":"WebSite","@id":"http:\/\/govalf.com\/ru\/#website","url":"http:\/\/govalf.com\/ru\/","name":"Go Valf Vana ve Pompa Sistemleri","description":"Yang\u0131n S\u00f6nd\u00fcrme Sistemleri ve Ekipmanlar\u0131","publisher":{"@id":"http:\/\/govalf.com\/ru\/#organization"},"potentialAction":[{"@type":"SearchAction","target":{"@type":"EntryPoint","urlTemplate":"http:\/\/govalf.com\/ru\/?s={search_term_string}"},"query-input":{"@type":"PropertyValueSpecification","valueRequired":true,"valueName":"search_term_string"}}],"inLanguage":"tr"},{"@type":"Organization","@id":"http:\/\/govalf.com\/ru\/#organization","name":"Go Valf","url":"http:\/\/govalf.com\/ru\/","logo":{"@type":"ImageObject","inLanguage":"tr","@id":"http:\/\/govalf.com\/ru\/#\/schema\/logo\/image\/","url":"https:\/\/govalf.com\/wp-content\/uploads\/2022\/02\/go-valf-logo.png","contentUrl":"https:\/\/govalf.com\/wp-content\/uploads\/2022\/02\/go-valf-logo.png","width":504,"height":120,"caption":"Go Valf"},"image":{"@id":"http:\/\/govalf.com\/ru\/#\/schema\/logo\/image\/"}}]}},"_links":{"self":[{"href":"http:\/\/govalf.com\/tr\/wp-json\/wp\/v2\/product\/3551","targetHints":{"allow":["GET"]}}],"collection":[{"href":"http:\/\/govalf.com\/tr\/wp-json\/wp\/v2\/product"}],"about":[{"href":"http:\/\/govalf.com\/tr\/wp-json\/wp\/v2\/types\/product"}],"replies":[{"embeddable":true,"href":"http:\/\/govalf.com\/tr\/wp-json\/wp\/v2\/comments?post=3551"}],"wp:featuredmedia":[{"embeddable":true,"href":"http:\/\/govalf.com\/tr\/wp-json\/wp\/v2\/media\/3557"}],"wp:attachment":[{"href":"http:\/\/govalf.com\/tr\/wp-json\/wp\/v2\/media?parent=3551"}],"wp:term":[{"taxonomy":"product_brand","embeddable":true,"href":"http:\/\/govalf.com\/tr\/wp-json\/wp\/v2\/product_brand?post=3551"},{"taxonomy":"product_cat","embeddable":true,"href":"http:\/\/govalf.com\/tr\/wp-json\/wp\/v2\/product_cat?post=3551"},{"taxonomy":"product_tag","embeddable":true,"href":"http:\/\/govalf.com\/tr\/wp-json\/wp\/v2\/product_tag?post=3551"}],"curies":[{"name":"wp","href":"https:\/\/api.w.org\/{rel}","templated":true}]}}