{"id":3702,"date":"2022-03-11T11:17:52","date_gmt":"2022-03-11T11:17:52","guid":{"rendered":"https:\/\/govalf.com\/?post_type=product&#038;p=3702"},"modified":"2022-05-27T07:23:10","modified_gmt":"2022-05-27T07:23:10","slug":"ifht-serisi","status":"publish","type":"product","link":"http:\/\/govalf.com\/tr\/product\/ifht-serisi\/","title":{"rendered":"IFHT Serisi"},"content":{"rendered":"<h1><strong>IFHT Serisi <\/strong><\/h1>\n<p><strong>IFHT Serisi<\/strong> jet fanlar; ind\u00fcksiyon \u00f6zelli\u011fine sahiptir. Havan\u0131n herhangi bir hava kanal\u0131na ihtiya\u00e7 duyulmadan harekete ge\u00e7irilmesini sa\u011flayan jet fanlar; \u00f6zellikle al\u00e7ak tavanl\u0131 alanlarda \u00fcst d\u00fczey bir hava sirk\u00fclasyonu sa\u011flar. Bu fanlar\u0131n en temel i\u015flevi; d\u00fc\u015f\u00fck hava bas\u0131nc\u0131 yaratarak ortamda bulunan gazlar\u0131n d\u0131\u015far\u0131 \u00e7\u0131kmas\u0131n\u0131 sa\u011flamakt\u0131r. S\u00f6z konusu gazlar egzoz gaz\u0131; duman ya da benzeri u\u00e7ucu bile\u015fenler olabilir. Jet fanlar\u0131n bu i\u015fleve sahip olmas\u0131; g\u00fcn\u00fcm\u00fczde \u00f6zellikle otopark gibi kapal\u0131 alanlarda yayg\u0131n olarak tercih edilmesine sebep olmu\u015ftur. Ayr\u0131ca bir\u00e7ok konuda avantaj sa\u011fl\u0131yor olmas\u0131 jet fanlar\u0131n tercih edilmesindeki bir di\u011fer \u00f6nemli sebeptir.<\/p>\n<h2><strong>IFHT Serisi Nedir; Ne \u0130\u015fe Yarar?<\/strong><\/h2>\n<p><strong>IFHT Serisi<\/strong> jet fanlar; zaman ve maddi tasarruf sa\u011flamak \u00fczerine geli\u015ftirilmi\u015ftir. Klasik hava temizleme sistemlerinde oldu\u011funun aksine jet fanlarda herhangi bir menfez ya da hava \u00e7\u0131k\u0131\u015f kanal\u0131 montaj\u0131 gerekmez. B\u00f6ylelikle i\u015fletmeler hava temizleme sistemini en k\u0131sa s\u00fcre i\u00e7erisinde kolayl\u0131kla ve konforla hizmet alanlar\u0131na dahil ederek kullan\u0131ma ba\u015flayabilir.<\/p>\n<p>Ayn\u0131 zamanda jet fanlar; maliyet bak\u0131m\u0131ndan da di\u011fer hava temizleme \u00e7\u00f6z\u00fcmlerine g\u00f6re daha d\u00fc\u015f\u00fck maliyetler i\u00e7erir. Jet fanlar\u0131n bir di\u011fer art\u0131s\u0131 da yo\u011fun bir enerji tasarrufu sa\u011fl\u0131yor olmas\u0131d\u0131r. Di\u011fer sistemlerde ihtiya\u00e7 duyulan y\u00fcksek enerji t\u00fcketimine jet fanlarda ihtiya\u00e7 duyulmaz. Dolay\u0131s\u0131yla daha d\u00fc\u015f\u00fck bir enerji ile en y\u00fcksek standartta verim elde edilmi\u015f olur.<\/p>\n<h3><strong>IFHT Serisi Nedir?<\/strong><\/h3>\n<p><strong>IFHT Serisi;<\/strong> \u00e7o\u011funlukla al\u00e7ak tavan \u00f6zelli\u011fine sahip kapal\u0131 alanlarda kullan\u0131lan bir hava jet fan t\u00fcr\u00fcd\u00fcr. Son derece minimal bir yap\u0131ya sahip olan bu jet fanlar; k\u0131sa s\u00fcrede monte edilerek kullan\u0131ma uygun hale getirilebilir. Ayr\u0131ca jet fanlar\u0131n sa\u011flad\u0131\u011f\u0131 bir di\u011fer avantaj da estetik bir g\u00f6r\u00fcn\u00fcme sahip olmas\u0131d\u0131r. Dolay\u0131s\u0131yla ortam i\u00e7erisinde k\u00f6t\u00fc bir g\u00f6r\u00fcnt\u00fc yaratmaz ve ortam\u0131n yap\u0131sal \u00f6zelliklerine adapte olabilir.<\/p>\n<p>Radyal kanat yap\u0131s\u0131na sahip olan IFHT Serisinin en \u00f6ne \u00e7\u0131kan \u00f6zelli\u011fi; hava kanal\u0131na ihtiya\u00e7 duymadan ortam havas\u0131n\u0131 yeniliyor olmas\u0131d\u0131r. G\u00f6vdesi galvaniz \u00e7elikten imal edilen jet fan; darbelere ve deformasyonlara kar\u015f\u0131 dayan\u0131kl\u0131 bir yap\u0131ya sahiptir. ISO 1940-1: G 6.3 standartlar\u0131na uygun olarak imal edilen IFHT Serisi; sahip oldu\u011fu tel kafesle \u00fcst\u00fcn bir koruma da vadeder.<\/p>\n<h3><strong>IFHT Serisi Ne \u0130\u015fe Yarar?<\/strong><\/h3>\n<p><strong>IFHT Serisi<\/strong> jet fan; 50; 75 ve 100 N iti\u015f g\u00fc\u00e7lerine sahip olan 3 farkl\u0131 model ile al\u00e7ak tavanl\u0131 kapal\u0131 alanlarda hava temizleme i\u015flevine sahiptir. Sahip oldu\u011fu niteliklerle bir\u00e7ok avantaj vadeden jet fanlar\u0131n elektrik terminal kutular\u0131; olas\u0131 bir yang\u0131n riskine kar\u015f\u0131 diren\u00e7li bir yap\u0131ya sahiptir. Jet fanlar\u0131n bir di\u011fer i\u015flevi de yang\u0131n durumlar\u0131nda hava ve duman tahliyesini sa\u011flamakt\u0131r.<\/p>\n<p>\u00d6zellikle al\u00e7ak tavanl\u0131 alanlarda yang\u0131n gibi olumsuzluklar\u0131n neden oldu\u011fu yo\u011fun duman olu\u015fumunda hava tahliyesi ger\u00e7ekle\u015ftirmek son derece zorlay\u0131c\u0131d\u0131r. Herhangi bir menfez ya da hava \u00e7\u0131k\u0131\u015f kanal\u0131na sahip olmayan jet fanlar; ortamdaki yo\u011fun duman\u0131 d\u0131\u015far\u0131 atarak yang\u0131n\u0131n sebep oldu\u011fu olumsuzlar\u0131 \u00f6nemli \u00f6l\u00e7\u00fcde minimalize eder.<\/p>\n<h3><strong>IFHT Serisi Nerelerde Kullan\u0131l\u0131r? <\/strong><\/h3>\n<p><strong>JFHT Serisi<\/strong> jet fan; belirtilmi\u015f oldu\u011fu gibi g\u00fcn\u00fcm\u00fczde en yayg\u0131n olarak kapal\u0131 otoparklarda tercih edilir. Bu tarz otoparklar \u00e7o\u011funlukla al\u00e7ak tavan yap\u0131s\u0131na sahip olmakla birlikte havaland\u0131rma konusunda ciddi sorunlara gebedir. Jet fanlar fazla yer kaplamayarak k\u0131sa s\u00fcre i\u00e7erisinde havan\u0131n arzu edilen standartlara ula\u015fmas\u0131n\u0131 sa\u011flar.<\/p>\n<p>Jet fanlar\u0131n g\u00fcn\u00fcm\u00fczde en yayg\u0131n olarak tercih edildi\u011fi bir di\u011fer alan da t\u00fcnellerdir. Yine al\u00e7ak tavan yap\u0131s\u0131yla dikkat \u00e7eken t\u00fcnellerde havaland\u0131rma sistemleri b\u00fcy\u00fck oranda y\u00fcksek d\u00fczeyde maliyet i\u00e7erir. Jet fanlar ise d\u00fc\u015f\u00fck maliyetlerle ortam havas\u0131n\u0131n en iyi \u015fekilde kontrol edilmesini sa\u011flayacak \u00e7\u00f6z\u00fcmlere sahiptir.<\/p>\n<p><span style=\"font-size: 10.5pt; line-height: 107%;\">IFHT serisi radyal (ind\u00fcksiyon) jet fanlar, havay\u0131 hava kanal\u0131 kullanmadan harekete ge\u00e7irir. Fan g\u00f6vdesi galvaniz \u00e7elik sacdan \u00fcretilmi\u015ftir. Geriye e\u011fik kanatl\u0131 rotor ISO 1940-1: G 6.3 standard\u0131na uygun olarak dengelenmi\u015ftir. \u00dczerinde elektrik ba\u011flant\u0131 kutusu bulunan fanlar, emi\u015f a\u011fz\u0131nda koruyucu tel kafese sahiptir. Seride 50, 75 ve 100 N iti\u015f g\u00fcc\u00fcne sahip 3 farkl\u0131 model bulunmaktad\u0131r.<\/span><\/p>\n<p><a href=\"https:\/\/govalf.com\/iletisim\/\">\u0130leti\u015fim<\/a><\/p>\n","protected":false},"excerpt":{"rendered":"<p>IFHT Serisi IFHT Serisi jet fanlar; ind\u00fcksiyon \u00f6zelli\u011fine sahiptir. Havan\u0131n herhangi bir hava kanal\u0131na ihtiya\u00e7 duyulmadan harekete ge\u00e7irilmesini sa\u011flayan jet fanlar; \u00f6zellikle al\u00e7ak tavanl\u0131 alanlarda \u00fcst d\u00fczey bir hava sirk\u00fclasyonu sa\u011flar. Bu fanlar\u0131n en temel i\u015flevi; d\u00fc\u015f\u00fck hava bas\u0131nc\u0131 yaratarak ortamda bulunan gazlar\u0131n d\u0131\u015far\u0131 \u00e7\u0131kmas\u0131n\u0131 sa\u011flamakt\u0131r. S\u00f6z konusu gazlar egzoz gaz\u0131; duman ya da benzeri [&hellip;]<\/p>\n","protected":false},"featured_media":3703,"comment_status":"open","ping_status":"closed","template":"","meta":{"_acf_changed":false},"product_brand":[],"product_cat":[102],"product_tag":[],"class_list":{"0":"post-3702","1":"product","2":"type-product","3":"status-publish","4":"has-post-thumbnail","6":"product_cat-fanlar","8":"first","9":"instock","10":"shipping-taxable","11":"product-type-simple"},"acf":[],"yoast_head":"<!-- This site is optimized with the Yoast SEO plugin v27.4 - https:\/\/yoast.com\/product\/yoast-seo-wordpress\/ -->\n<title>IFHT Serisi - Go Valf Vana ve Pompa Sistemleri<\/title>\n<meta name=\"description\" content=\"IFHT Serisi jet fanlar; ind\u00fcksiyon \u00f6zelli\u011fine sahiptir. Havan\u0131n herhangi bir hava kanal\u0131na ihtiya\u00e7 duyulmadan harekete ge\u00e7irilmesini\" \/>\n<meta name=\"robots\" content=\"index, follow, max-snippet:-1, max-image-preview:large, max-video-preview:-1\" \/>\n<link rel=\"canonical\" href=\"http:\/\/govalf.com\/tr\/product\/ifht-serisi\/\" \/>\n<meta property=\"og:locale\" content=\"tr_TR\" \/>\n<meta property=\"og:type\" content=\"article\" \/>\n<meta property=\"og:title\" content=\"IFHT Serisi - Go Valf Vana ve Pompa Sistemleri\" \/>\n<meta property=\"og:description\" content=\"IFHT Serisi jet fanlar; ind\u00fcksiyon \u00f6zelli\u011fine sahiptir. Havan\u0131n herhangi bir hava kanal\u0131na ihtiya\u00e7 duyulmadan harekete ge\u00e7irilmesini\" \/>\n<meta property=\"og:url\" content=\"http:\/\/govalf.com\/tr\/product\/ifht-serisi\/\" \/>\n<meta property=\"og:site_name\" content=\"Go Valf Vana ve Pompa Sistemleri\" \/>\n<meta property=\"article:modified_time\" content=\"2022-05-27T07:23:10+00:00\" \/>\n<meta property=\"og:image\" content=\"http:\/\/govalf.com\/wp-content\/uploads\/2022\/03\/JET-FANLAR-1024x1024.png\" \/>\n\t<meta property=\"og:image:width\" content=\"1024\" \/>\n\t<meta property=\"og:image:height\" content=\"1024\" \/>\n\t<meta property=\"og:image:type\" content=\"image\/png\" \/>\n<meta name=\"twitter:card\" content=\"summary_large_image\" \/>\n<meta name=\"twitter:label1\" content=\"Tahmini okuma s\u00fcresi\" \/>\n\t<meta name=\"twitter:data1\" content=\"4 dakika\" \/>\n<script type=\"application\/ld+json\" class=\"yoast-schema-graph\">{\"@context\":\"https:\\\/\\\/schema.org\",\"@graph\":[{\"@type\":\"WebPage\",\"@id\":\"http:\\\/\\\/govalf.com\\\/tr\\\/product\\\/ifht-serisi\\\/\",\"url\":\"http:\\\/\\\/govalf.com\\\/tr\\\/product\\\/ifht-serisi\\\/\",\"name\":\"IFHT Serisi - Go Valf Vana ve Pompa Sistemleri\",\"isPartOf\":{\"@id\":\"http:\\\/\\\/govalf.com\\\/ru\\\/#website\"},\"primaryImageOfPage\":{\"@id\":\"http:\\\/\\\/govalf.com\\\/tr\\\/product\\\/ifht-serisi\\\/#primaryimage\"},\"image\":{\"@id\":\"http:\\\/\\\/govalf.com\\\/tr\\\/product\\\/ifht-serisi\\\/#primaryimage\"},\"thumbnailUrl\":\"http:\\\/\\\/govalf.com\\\/wp-content\\\/uploads\\\/2022\\\/03\\\/JET-FANLAR.png\",\"datePublished\":\"2022-03-11T11:17:52+00:00\",\"dateModified\":\"2022-05-27T07:23:10+00:00\",\"description\":\"IFHT Serisi jet fanlar; ind\u00fcksiyon \u00f6zelli\u011fine sahiptir. Havan\u0131n herhangi bir hava kanal\u0131na ihtiya\u00e7 duyulmadan harekete ge\u00e7irilmesini\",\"breadcrumb\":{\"@id\":\"http:\\\/\\\/govalf.com\\\/tr\\\/product\\\/ifht-serisi\\\/#breadcrumb\"},\"inLanguage\":\"tr\",\"potentialAction\":[{\"@type\":\"ReadAction\",\"target\":[\"http:\\\/\\\/govalf.com\\\/tr\\\/product\\\/ifht-serisi\\\/\"]}]},{\"@type\":\"ImageObject\",\"inLanguage\":\"tr\",\"@id\":\"http:\\\/\\\/govalf.com\\\/tr\\\/product\\\/ifht-serisi\\\/#primaryimage\",\"url\":\"http:\\\/\\\/govalf.com\\\/wp-content\\\/uploads\\\/2022\\\/03\\\/JET-FANLAR.png\",\"contentUrl\":\"http:\\\/\\\/govalf.com\\\/wp-content\\\/uploads\\\/2022\\\/03\\\/JET-FANLAR.png\",\"width\":5000,\"height\":5000,\"caption\":\"IFHT Serisi jet fanlar\"},{\"@type\":\"BreadcrumbList\",\"@id\":\"http:\\\/\\\/govalf.com\\\/tr\\\/product\\\/ifht-serisi\\\/#breadcrumb\",\"itemListElement\":[{\"@type\":\"ListItem\",\"position\":1,\"name\":\"Anasayfa\",\"item\":\"https:\\\/\\\/govalf.com\\\/tr\\\/\"},{\"@type\":\"ListItem\",\"position\":2,\"name\":\"Products\",\"item\":\"http:\\\/\\\/govalf.com\\\/ru\\\/%d0%bf%d1%80%d0%be%d0%b4%d1%83%d0%ba%d1%82%d1%8b\\\/\"},{\"@type\":\"ListItem\",\"position\":3,\"name\":\"IFHT Serisi\"}]},{\"@type\":\"WebSite\",\"@id\":\"http:\\\/\\\/govalf.com\\\/ru\\\/#website\",\"url\":\"http:\\\/\\\/govalf.com\\\/ru\\\/\",\"name\":\"Go Valf Vana ve Pompa Sistemleri\",\"description\":\"Yang\u0131n S\u00f6nd\u00fcrme Sistemleri ve Ekipmanlar\u0131\",\"publisher\":{\"@id\":\"http:\\\/\\\/govalf.com\\\/ru\\\/#organization\"},\"potentialAction\":[{\"@type\":\"SearchAction\",\"target\":{\"@type\":\"EntryPoint\",\"urlTemplate\":\"http:\\\/\\\/govalf.com\\\/ru\\\/?s={search_term_string}\"},\"query-input\":{\"@type\":\"PropertyValueSpecification\",\"valueRequired\":true,\"valueName\":\"search_term_string\"}}],\"inLanguage\":\"tr\"},{\"@type\":\"Organization\",\"@id\":\"http:\\\/\\\/govalf.com\\\/ru\\\/#organization\",\"name\":\"Go Valf\",\"url\":\"http:\\\/\\\/govalf.com\\\/ru\\\/\",\"logo\":{\"@type\":\"ImageObject\",\"inLanguage\":\"tr\",\"@id\":\"http:\\\/\\\/govalf.com\\\/ru\\\/#\\\/schema\\\/logo\\\/image\\\/\",\"url\":\"https:\\\/\\\/govalf.com\\\/wp-content\\\/uploads\\\/2022\\\/02\\\/go-valf-logo.png\",\"contentUrl\":\"https:\\\/\\\/govalf.com\\\/wp-content\\\/uploads\\\/2022\\\/02\\\/go-valf-logo.png\",\"width\":504,\"height\":120,\"caption\":\"Go Valf\"},\"image\":{\"@id\":\"http:\\\/\\\/govalf.com\\\/ru\\\/#\\\/schema\\\/logo\\\/image\\\/\"}}]}<\/script>\n<!-- \/ Yoast SEO plugin. -->","yoast_head_json":{"title":"IFHT Serisi - Go Valf Vana ve Pompa Sistemleri","description":"IFHT Serisi jet fanlar; ind\u00fcksiyon \u00f6zelli\u011fine sahiptir. Havan\u0131n herhangi bir hava kanal\u0131na ihtiya\u00e7 duyulmadan harekete ge\u00e7irilmesini","robots":{"index":"index","follow":"follow","max-snippet":"max-snippet:-1","max-image-preview":"max-image-preview:large","max-video-preview":"max-video-preview:-1"},"canonical":"http:\/\/govalf.com\/tr\/product\/ifht-serisi\/","og_locale":"tr_TR","og_type":"article","og_title":"IFHT Serisi - Go Valf Vana ve Pompa Sistemleri","og_description":"IFHT Serisi jet fanlar; ind\u00fcksiyon \u00f6zelli\u011fine sahiptir. Havan\u0131n herhangi bir hava kanal\u0131na ihtiya\u00e7 duyulmadan harekete ge\u00e7irilmesini","og_url":"http:\/\/govalf.com\/tr\/product\/ifht-serisi\/","og_site_name":"Go Valf Vana ve Pompa Sistemleri","article_modified_time":"2022-05-27T07:23:10+00:00","og_image":[{"width":1024,"height":1024,"url":"http:\/\/govalf.com\/wp-content\/uploads\/2022\/03\/JET-FANLAR-1024x1024.png","type":"image\/png"}],"twitter_card":"summary_large_image","twitter_misc":{"Tahmini okuma s\u00fcresi":"4 dakika"},"schema":{"@context":"https:\/\/schema.org","@graph":[{"@type":"WebPage","@id":"http:\/\/govalf.com\/tr\/product\/ifht-serisi\/","url":"http:\/\/govalf.com\/tr\/product\/ifht-serisi\/","name":"IFHT Serisi - Go Valf Vana ve Pompa Sistemleri","isPartOf":{"@id":"http:\/\/govalf.com\/ru\/#website"},"primaryImageOfPage":{"@id":"http:\/\/govalf.com\/tr\/product\/ifht-serisi\/#primaryimage"},"image":{"@id":"http:\/\/govalf.com\/tr\/product\/ifht-serisi\/#primaryimage"},"thumbnailUrl":"http:\/\/govalf.com\/wp-content\/uploads\/2022\/03\/JET-FANLAR.png","datePublished":"2022-03-11T11:17:52+00:00","dateModified":"2022-05-27T07:23:10+00:00","description":"IFHT Serisi jet fanlar; ind\u00fcksiyon \u00f6zelli\u011fine sahiptir. Havan\u0131n herhangi bir hava kanal\u0131na ihtiya\u00e7 duyulmadan harekete ge\u00e7irilmesini","breadcrumb":{"@id":"http:\/\/govalf.com\/tr\/product\/ifht-serisi\/#breadcrumb"},"inLanguage":"tr","potentialAction":[{"@type":"ReadAction","target":["http:\/\/govalf.com\/tr\/product\/ifht-serisi\/"]}]},{"@type":"ImageObject","inLanguage":"tr","@id":"http:\/\/govalf.com\/tr\/product\/ifht-serisi\/#primaryimage","url":"http:\/\/govalf.com\/wp-content\/uploads\/2022\/03\/JET-FANLAR.png","contentUrl":"http:\/\/govalf.com\/wp-content\/uploads\/2022\/03\/JET-FANLAR.png","width":5000,"height":5000,"caption":"IFHT Serisi jet fanlar"},{"@type":"BreadcrumbList","@id":"http:\/\/govalf.com\/tr\/product\/ifht-serisi\/#breadcrumb","itemListElement":[{"@type":"ListItem","position":1,"name":"Anasayfa","item":"https:\/\/govalf.com\/tr\/"},{"@type":"ListItem","position":2,"name":"Products","item":"http:\/\/govalf.com\/ru\/%d0%bf%d1%80%d0%be%d0%b4%d1%83%d0%ba%d1%82%d1%8b\/"},{"@type":"ListItem","position":3,"name":"IFHT Serisi"}]},{"@type":"WebSite","@id":"http:\/\/govalf.com\/ru\/#website","url":"http:\/\/govalf.com\/ru\/","name":"Go Valf Vana ve Pompa Sistemleri","description":"Yang\u0131n S\u00f6nd\u00fcrme Sistemleri ve Ekipmanlar\u0131","publisher":{"@id":"http:\/\/govalf.com\/ru\/#organization"},"potentialAction":[{"@type":"SearchAction","target":{"@type":"EntryPoint","urlTemplate":"http:\/\/govalf.com\/ru\/?s={search_term_string}"},"query-input":{"@type":"PropertyValueSpecification","valueRequired":true,"valueName":"search_term_string"}}],"inLanguage":"tr"},{"@type":"Organization","@id":"http:\/\/govalf.com\/ru\/#organization","name":"Go Valf","url":"http:\/\/govalf.com\/ru\/","logo":{"@type":"ImageObject","inLanguage":"tr","@id":"http:\/\/govalf.com\/ru\/#\/schema\/logo\/image\/","url":"https:\/\/govalf.com\/wp-content\/uploads\/2022\/02\/go-valf-logo.png","contentUrl":"https:\/\/govalf.com\/wp-content\/uploads\/2022\/02\/go-valf-logo.png","width":504,"height":120,"caption":"Go Valf"},"image":{"@id":"http:\/\/govalf.com\/ru\/#\/schema\/logo\/image\/"}}]}},"_links":{"self":[{"href":"http:\/\/govalf.com\/tr\/wp-json\/wp\/v2\/product\/3702","targetHints":{"allow":["GET"]}}],"collection":[{"href":"http:\/\/govalf.com\/tr\/wp-json\/wp\/v2\/product"}],"about":[{"href":"http:\/\/govalf.com\/tr\/wp-json\/wp\/v2\/types\/product"}],"replies":[{"embeddable":true,"href":"http:\/\/govalf.com\/tr\/wp-json\/wp\/v2\/comments?post=3702"}],"wp:featuredmedia":[{"embeddable":true,"href":"http:\/\/govalf.com\/tr\/wp-json\/wp\/v2\/media\/3703"}],"wp:attachment":[{"href":"http:\/\/govalf.com\/tr\/wp-json\/wp\/v2\/media?parent=3702"}],"wp:term":[{"taxonomy":"product_brand","embeddable":true,"href":"http:\/\/govalf.com\/tr\/wp-json\/wp\/v2\/product_brand?post=3702"},{"taxonomy":"product_cat","embeddable":true,"href":"http:\/\/govalf.com\/tr\/wp-json\/wp\/v2\/product_cat?post=3702"},{"taxonomy":"product_tag","embeddable":true,"href":"http:\/\/govalf.com\/tr\/wp-json\/wp\/v2\/product_tag?post=3702"}],"curies":[{"name":"wp","href":"https:\/\/api.w.org\/{rel}","templated":true}]}}