{"id":3708,"date":"2022-03-11T11:20:08","date_gmt":"2022-03-11T11:20:08","guid":{"rendered":"https:\/\/govalf.com\/?post_type=product&#038;p=3708"},"modified":"2022-05-29T16:55:47","modified_gmt":"2022-05-29T16:55:47","slug":"tjfu-tjft-serisi","status":"publish","type":"product","link":"http:\/\/govalf.com\/tr\/product\/tjfu-tjft-serisi\/","title":{"rendered":"TJFU TJFT Serisi"},"content":{"rendered":"<h1>TJFU TJFT Serisi<\/h1>\n<p><strong>TJFU TJFT serisi<\/strong> aksiyel jet fanlar; kapal\u0131 alanlarda kullan\u0131lan ve sahip oldu\u011fu \u00f6zellikler sayesinde hava kanal\u0131 olmadan havan\u0131n hareket etmesini sa\u011flayan \u00fcr\u00fcnlerdir. Aksiyel jet fanlar; temel \u00e7al\u0131\u015fma prensibi ile hava ya da zehirli gazlar\u0131n sistemli bir \u015fekilde \u00e7\u0131k\u0131\u015f\u0131n\u0131 sa\u011flad\u0131\u011f\u0131 i\u00e7in kapal\u0131 alanlarda bu t\u00fcr \u00fcr\u00fcnlere ihtiya\u00e7 duyulmaktad\u0131r.<\/p>\n<p>Aksiyel jet fanlar\u0131n tercihinde bir\u00e7ok etken \u00f6n plana \u00e7\u0131ksa da en \u00f6nemli etken; bu t\u00fcr kanallar\u0131n bulundu\u011fu yerde hava kanallar\u0131na gereksinim olmamas\u0131d\u0131r. Ayr\u0131ca menfez ve dif\u00fcz\u00f6r yerle\u015fimine de gerek olmad\u0131\u011f\u0131 i\u00e7in hem zamandan hem de maliyetten tasarruf edilmesini m\u00fcmk\u00fcn k\u0131lar. TJFU TJFT serisi; aksiyel jet fanlar i\u00e7erisinde yer alan bir \u00fcr\u00fcnd\u00fcr.<\/p>\n<p>\u00dcr\u00fcn\u00fcn g\u00f6vdesi s\u0131cak dald\u0131rma galvanizden \u00fcretilmi\u015ftir. Bunun yan\u0131 s\u0131ra kanatlar\u0131nda al\u00fcminyum d\u00f6k\u00fcm tercih edilmi\u015ftir. B\u00f6ylelikle uzun s\u00fcreli kullan\u0131m\u0131 olanakl\u0131 hale getirerek kapal\u0131 alanlar\u0131n efektif bir \u015fekilde havalanmas\u0131n\u0131 sa\u011flar.<\/p>\n<h2>TJFU TJFT Serisi Nedir; Ne \u0130\u015fe Yarar?<\/h2>\n<p>Otopark; t\u00fcnel gibi b\u00fcy\u00fck kapal\u0131 alanlarda tercih edilen <strong>TJFU TJFT serisi<\/strong> yenilik\u00e7i bir tasar\u0131ma sahiptir. Temel g\u00f6revi; kapal\u0131 alanlarda ortamda bulunan duman; egzoz ya da havan\u0131n sistemli ve kontroll\u00fc bir \u015fekilde \u00e7\u0131k\u0131\u015f noktas\u0131na iletilmesini ve havan\u0131n temizlenmesini sa\u011flamakt\u0131r. \u00dcr\u00fcnde hava ak\u0131\u015f\u0131 y\u00fcksek h\u0131zlara ula\u015f\u0131r. Bu sayede verimlilik seviyesi de artar.<\/p>\n<p>Sahip oldu\u011fu \u00f6zellikler ile maksimum verimi hedefleyen \u00fcr\u00fcn; enerji ve zamandan tasarrufu m\u00fcmk\u00fcn k\u0131lar. \u00dcretimi s\u0131ras\u0131nda tercih edilen malzemelerin her biri; \u00fcr\u00fcn\u00fcn \u00e7ok daha uzun s\u00fcreli kullan\u0131lmas\u0131n\u0131 hedefledi\u011fi i\u00e7in bir\u00e7ok alanda bu t\u00fcr fanlar tercih edilmektedir.<\/p>\n<h3>TJFU TJFT Serisi Nedir?<\/h3>\n<p><b>K<\/b>apal\u0131 ortamlarda hava kanal\u0131na ihtiya\u00e7 duyulmadan ortam\u0131n temizlenmesini sa\u011flayan fanlard\u0131r. Aksiyel jet fanlar\u0131 kategorisine dahil olan \u00fcr\u00fcn; geni\u015f bir kullan\u0131m alan\u0131na sahiptir. Genellikle \u00e7ok b\u00fcy\u00fck kapal\u0131 alanlarda tercih edilir. Havan\u0131n sistemli bir \u015fekilde harekete ge\u00e7irilmesini sa\u011flayarak ortamdaki havan\u0131n temizlenmesini olanakl\u0131 hale getirir. D\u00fc\u015f\u00fck ses seviyelerinde \u00e7al\u0131\u015fabilir. Ayr\u0131ca maksimum itme g\u00fcc\u00fcne sahiptir.<\/p>\n<h3>TJFU TJFT Serisi Ne \u0130\u015fe Yarar?<\/h3>\n<p>Jet fanlar i\u00e7erisinde yer alan <strong>TJFU TJFT serisi <\/strong>yenilik\u00e7i \u00f6zellikleri b\u00fcnyesinde bar\u0131nd\u0131r\u0131r. Sahip oldu\u011fu \u00f6zellikler genel hatlar\u0131yla a\u015fa\u011f\u0131daki gibi s\u0131ralanabilir:<\/p>\n<ul>\n<li>G\u00f6vdesi s\u0131cak dald\u0131rma galvanizden \u00fcretilmi\u015ftir.<\/li>\n<li>Kanatlar\u0131nda al\u00fcminyum kullanm\u0131\u015ft\u0131r.<\/li>\n<li>Hem \u00f6n hem de arka k\u0131s\u0131mda iki susturucu yer al\u0131r. \u00c7an a\u011f\u0131zl\u0131 giri\u015fli; akustik dolgulu ve galvanizli \u00e7elik sacdan \u00fcretilen susturucular; \u00fcr\u00fcn\u00fcn d\u00fc\u015f\u00fck ses seviyelerinde \u00e7al\u0131\u015fmas\u0131n\u0131 sa\u011flar.<\/li>\n<li>Fanlar\u0131n \u00fczerinde elektrik ba\u011flant\u0131 kutusu bulunur.<\/li>\n<li>TJFT modelleri \u00e7ift y\u00f6nl\u00fcd\u00fcr.<\/li>\n<li>TJFU modelleri tek y\u00f6nl\u00fc olarak \u00fcretilir.<\/li>\n<\/ul>\n<p>Her bir \u00f6zellik; fanlar\u0131n y\u00fcksek verimlilik sa\u011flayacak \u015fekilde kullan\u0131m\u0131n\u0131 olanakl\u0131 hale getirir. Sahip oldu\u011fu \u00f6zellikler sayesinde fanlar; havay\u0131 optimum \u015fekilde y\u00f6nlendirebilir. Bu sayede ortamda bulunan havan\u0131n \u00e7ok daha efektif bir \u015fekilde temizlenmesini sa\u011flar.<\/p>\n<h3>TJFU TJFT Serisi Nerelerde Kullan\u0131l\u0131r?<\/h3>\n<p><b>O<\/b>topark; t\u00fcnel gibi b\u00fcy\u00fck kapal\u0131 alanlarda tercih edilir. G\u00fcnl\u00fck havaland\u0131rmada kullan\u0131lmakla birlikte yang\u0131n durumunda da kullan\u0131labilir. Gerekti\u011fi durumda \u00e7ift devirli olarak \u00e7al\u0131\u015fabilmesini sa\u011flayan \u00f6zelliklere sahiptir. Fanlar\u0131n \u00e7al\u0131\u015fmas\u0131 esnas\u0131nda ses \u00e7\u0131k\u0131\u015f\u0131n\u0131n minimuma indirilebilmesi i\u00e7in her iki taraf\u0131nda susturucu bulunur.<\/p>\n<p>Sahip oldu\u011fu \u00f6zelliklerin her biri; fanlar\u0131n y\u00fcksek verimlilikte \u00e7al\u0131\u015fabilmesini sa\u011flar. Dolay\u0131s\u0131yla kullan\u0131m alan\u0131n\u0131n geni\u015f oldu\u011fu bilinmektedir. Ayr\u0131ca bu t\u00fcr fanlar kullan\u0131ld\u0131\u011f\u0131nda hava kanallar\u0131na gereksinim olmad\u0131\u011f\u0131 i\u00e7in fanlar\u0131n farkl\u0131 alanlarda da tercih edildi\u011fini s\u00f6ylemek m\u00fcmk\u00fcnd\u00fcr. Yenilik\u00e7i \u00f6zellikleri; teknolojik tasar\u0131m\u0131 ve y\u00fcksek verimlili\u011fi hedefleyen \u00e7al\u0131\u015fma prensibiyle TJFU TJFT serisi \u00fcr\u00fcnler; uzun s\u00fcreli ve etkili bir \u015fekilde \u00e7al\u0131\u015fmay\u0131 sa\u011flar.<\/p>\n<p>Aksiyel jet fanlar kapal\u0131 otoparklarda, t\u00fcnellerde ve kapal\u0131 b\u00fcy\u00fck alanlarda havay\u0131 hava kanal\u0131 kullanmadan harekete ge\u00e7irebilen fanlard\u0131r. Aksiyel jet fanlar\u0131n g\u00f6vdesi s\u0131cak dald\u0131rma galvanizden, kanatlar\u0131 ise al\u00fcminyum d\u00f6k\u00fcmden \u00fcretilmi\u015ftir. Fanlar\u0131n \u00f6n\u00fcnde ve arkas\u0131nda \u00e7an a\u011f\u0131zl\u0131 giri\u015fli, akustik dolgulu, galvanizli \u00e7elik sacdan \u00fcretilmi\u015f iki adet susturucu bulunmaktad\u0131r. \u00dczerinde elektrik ba\u011flant\u0131 kutusu bulunan fanlar\u0131n 24 \u2013 387 N aras\u0131nda iti\u015f g\u00fcc\u00fcne sahip ve \u00d8315 \u2013 630 mm aras\u0131nda \u00e7ap se\u00e7enekleri sunan 20 farkl\u0131 modeli bulunmaktad\u0131r. TJFT modelleri \u00e7ift y\u00f6nl\u00fc, TJFU modelleri tek y\u00f6nl\u00fcd\u00fcr.<\/p>\n<p>Opsiyonel Olarak<br \/>\nTek y\u00f6nl\u00fc fanlar i\u00e7in koruyuculu giri\u015f ve \u00e7elik y\u00f6nlendiricili \u00e7\u0131k\u0131\u015f. \u00c7ift y\u00f6nl\u00fc fanlara giri\u015f ve \u00e7\u0131k\u0131\u015f i\u00e7in \u00e7elik y\u00f6nlendirici. Elektrik ba\u011flant\u0131 kutusu yerine fabrikas\u0131nda tak\u0131lm\u0131\u015f IP65 ak\u0131m kesici. Ak\u0131m kesici standart elektrik ba\u011flant\u0131 kutusu ile bir aksesuar da olarak verilebilir. RAL koduna uygun d\u0131\u015f boya.<\/p>\n<p><a href=\"https:\/\/govalf.com\/iletisim\/\">\u0130leti\u015fim<\/a><\/p>\n","protected":false},"excerpt":{"rendered":"<p>TJFU TJFT Serisi TJFU TJFT serisi aksiyel jet fanlar; kapal\u0131 alanlarda kullan\u0131lan ve sahip oldu\u011fu \u00f6zellikler sayesinde hava kanal\u0131 olmadan havan\u0131n hareket etmesini sa\u011flayan \u00fcr\u00fcnlerdir. Aksiyel jet fanlar; temel \u00e7al\u0131\u015fma prensibi ile hava ya da zehirli gazlar\u0131n sistemli bir \u015fekilde \u00e7\u0131k\u0131\u015f\u0131n\u0131 sa\u011flad\u0131\u011f\u0131 i\u00e7in kapal\u0131 alanlarda bu t\u00fcr \u00fcr\u00fcnlere ihtiya\u00e7 duyulmaktad\u0131r. Aksiyel jet fanlar\u0131n tercihinde bir\u00e7ok [&hellip;]<\/p>\n","protected":false},"featured_media":3709,"comment_status":"open","ping_status":"closed","template":"","meta":{"_acf_changed":false},"product_brand":[],"product_cat":[102],"product_tag":[],"class_list":{"0":"post-3708","1":"product","2":"type-product","3":"status-publish","4":"has-post-thumbnail","6":"product_cat-fanlar","8":"first","9":"instock","10":"shipping-taxable","11":"product-type-simple"},"acf":[],"yoast_head":"<!-- This site is optimized with the Yoast SEO plugin v27.4 - https:\/\/yoast.com\/product\/yoast-seo-wordpress\/ -->\n<title>TJFU TJFT Serisi - Go Valf Vana ve Pompa Sistemleri<\/title>\n<meta name=\"description\" content=\"TJFU TJFT Serisi serisi aksiyel jet fanlar; kapal\u0131 alanlarda kullan\u0131lan ve sahip oldu\u011fu \u00f6zellikler sayesinde hava kanal\u0131 olmadan havan\u0131n\" \/>\n<meta name=\"robots\" content=\"index, follow, max-snippet:-1, max-image-preview:large, max-video-preview:-1\" \/>\n<link rel=\"canonical\" href=\"http:\/\/govalf.com\/tr\/product\/tjfu-tjft-serisi\/\" \/>\n<meta property=\"og:locale\" content=\"tr_TR\" \/>\n<meta property=\"og:type\" content=\"article\" \/>\n<meta property=\"og:title\" content=\"TJFU TJFT Serisi - Go Valf Vana ve Pompa Sistemleri\" \/>\n<meta property=\"og:description\" content=\"TJFU TJFT Serisi serisi aksiyel jet fanlar; kapal\u0131 alanlarda kullan\u0131lan ve sahip oldu\u011fu \u00f6zellikler sayesinde hava kanal\u0131 olmadan havan\u0131n\" \/>\n<meta property=\"og:url\" content=\"http:\/\/govalf.com\/tr\/product\/tjfu-tjft-serisi\/\" \/>\n<meta property=\"og:site_name\" content=\"Go Valf Vana ve Pompa Sistemleri\" \/>\n<meta property=\"article:modified_time\" content=\"2022-05-29T16:55:47+00:00\" \/>\n<meta property=\"og:image\" content=\"http:\/\/govalf.com\/wp-content\/uploads\/2022\/03\/TJFU-TJFT-Serisi-1024x1024.png\" \/>\n\t<meta property=\"og:image:width\" content=\"1024\" \/>\n\t<meta property=\"og:image:height\" content=\"1024\" \/>\n\t<meta property=\"og:image:type\" content=\"image\/png\" \/>\n<meta name=\"twitter:card\" content=\"summary_large_image\" \/>\n<meta name=\"twitter:label1\" content=\"Tahmini okuma s\u00fcresi\" \/>\n\t<meta name=\"twitter:data1\" content=\"4 dakika\" \/>\n<script type=\"application\/ld+json\" class=\"yoast-schema-graph\">{\"@context\":\"https:\\\/\\\/schema.org\",\"@graph\":[{\"@type\":\"WebPage\",\"@id\":\"http:\\\/\\\/govalf.com\\\/tr\\\/product\\\/tjfu-tjft-serisi\\\/\",\"url\":\"http:\\\/\\\/govalf.com\\\/tr\\\/product\\\/tjfu-tjft-serisi\\\/\",\"name\":\"TJFU TJFT Serisi - Go Valf Vana ve Pompa Sistemleri\",\"isPartOf\":{\"@id\":\"http:\\\/\\\/govalf.com\\\/ru\\\/#website\"},\"primaryImageOfPage\":{\"@id\":\"http:\\\/\\\/govalf.com\\\/tr\\\/product\\\/tjfu-tjft-serisi\\\/#primaryimage\"},\"image\":{\"@id\":\"http:\\\/\\\/govalf.com\\\/tr\\\/product\\\/tjfu-tjft-serisi\\\/#primaryimage\"},\"thumbnailUrl\":\"http:\\\/\\\/govalf.com\\\/wp-content\\\/uploads\\\/2022\\\/03\\\/TJFU-TJFT-Serisi.png\",\"datePublished\":\"2022-03-11T11:20:08+00:00\",\"dateModified\":\"2022-05-29T16:55:47+00:00\",\"description\":\"TJFU TJFT Serisi serisi aksiyel jet fanlar; kapal\u0131 alanlarda kullan\u0131lan ve sahip oldu\u011fu \u00f6zellikler sayesinde hava kanal\u0131 olmadan havan\u0131n\",\"breadcrumb\":{\"@id\":\"http:\\\/\\\/govalf.com\\\/tr\\\/product\\\/tjfu-tjft-serisi\\\/#breadcrumb\"},\"inLanguage\":\"tr\",\"potentialAction\":[{\"@type\":\"ReadAction\",\"target\":[\"http:\\\/\\\/govalf.com\\\/tr\\\/product\\\/tjfu-tjft-serisi\\\/\"]}]},{\"@type\":\"ImageObject\",\"inLanguage\":\"tr\",\"@id\":\"http:\\\/\\\/govalf.com\\\/tr\\\/product\\\/tjfu-tjft-serisi\\\/#primaryimage\",\"url\":\"http:\\\/\\\/govalf.com\\\/wp-content\\\/uploads\\\/2022\\\/03\\\/TJFU-TJFT-Serisi.png\",\"contentUrl\":\"http:\\\/\\\/govalf.com\\\/wp-content\\\/uploads\\\/2022\\\/03\\\/TJFU-TJFT-Serisi.png\",\"width\":5000,\"height\":5000,\"caption\":\"TJFU \\\/ TJFT serisi\"},{\"@type\":\"BreadcrumbList\",\"@id\":\"http:\\\/\\\/govalf.com\\\/tr\\\/product\\\/tjfu-tjft-serisi\\\/#breadcrumb\",\"itemListElement\":[{\"@type\":\"ListItem\",\"position\":1,\"name\":\"Anasayfa\",\"item\":\"https:\\\/\\\/govalf.com\\\/tr\\\/\"},{\"@type\":\"ListItem\",\"position\":2,\"name\":\"Products\",\"item\":\"http:\\\/\\\/govalf.com\\\/ru\\\/%d0%bf%d1%80%d0%be%d0%b4%d1%83%d0%ba%d1%82%d1%8b\\\/\"},{\"@type\":\"ListItem\",\"position\":3,\"name\":\"TJFU TJFT Serisi\"}]},{\"@type\":\"WebSite\",\"@id\":\"http:\\\/\\\/govalf.com\\\/ru\\\/#website\",\"url\":\"http:\\\/\\\/govalf.com\\\/ru\\\/\",\"name\":\"Go Valf Vana ve Pompa Sistemleri\",\"description\":\"Yang\u0131n S\u00f6nd\u00fcrme Sistemleri ve Ekipmanlar\u0131\",\"publisher\":{\"@id\":\"http:\\\/\\\/govalf.com\\\/ru\\\/#organization\"},\"potentialAction\":[{\"@type\":\"SearchAction\",\"target\":{\"@type\":\"EntryPoint\",\"urlTemplate\":\"http:\\\/\\\/govalf.com\\\/ru\\\/?s={search_term_string}\"},\"query-input\":{\"@type\":\"PropertyValueSpecification\",\"valueRequired\":true,\"valueName\":\"search_term_string\"}}],\"inLanguage\":\"tr\"},{\"@type\":\"Organization\",\"@id\":\"http:\\\/\\\/govalf.com\\\/ru\\\/#organization\",\"name\":\"Go Valf\",\"url\":\"http:\\\/\\\/govalf.com\\\/ru\\\/\",\"logo\":{\"@type\":\"ImageObject\",\"inLanguage\":\"tr\",\"@id\":\"http:\\\/\\\/govalf.com\\\/ru\\\/#\\\/schema\\\/logo\\\/image\\\/\",\"url\":\"https:\\\/\\\/govalf.com\\\/wp-content\\\/uploads\\\/2022\\\/02\\\/go-valf-logo.png\",\"contentUrl\":\"https:\\\/\\\/govalf.com\\\/wp-content\\\/uploads\\\/2022\\\/02\\\/go-valf-logo.png\",\"width\":504,\"height\":120,\"caption\":\"Go Valf\"},\"image\":{\"@id\":\"http:\\\/\\\/govalf.com\\\/ru\\\/#\\\/schema\\\/logo\\\/image\\\/\"}}]}<\/script>\n<!-- \/ Yoast SEO plugin. -->","yoast_head_json":{"title":"TJFU TJFT Serisi - Go Valf Vana ve Pompa Sistemleri","description":"TJFU TJFT Serisi serisi aksiyel jet fanlar; kapal\u0131 alanlarda kullan\u0131lan ve sahip oldu\u011fu \u00f6zellikler sayesinde hava kanal\u0131 olmadan havan\u0131n","robots":{"index":"index","follow":"follow","max-snippet":"max-snippet:-1","max-image-preview":"max-image-preview:large","max-video-preview":"max-video-preview:-1"},"canonical":"http:\/\/govalf.com\/tr\/product\/tjfu-tjft-serisi\/","og_locale":"tr_TR","og_type":"article","og_title":"TJFU TJFT Serisi - Go Valf Vana ve Pompa Sistemleri","og_description":"TJFU TJFT Serisi serisi aksiyel jet fanlar; kapal\u0131 alanlarda kullan\u0131lan ve sahip oldu\u011fu \u00f6zellikler sayesinde hava kanal\u0131 olmadan havan\u0131n","og_url":"http:\/\/govalf.com\/tr\/product\/tjfu-tjft-serisi\/","og_site_name":"Go Valf Vana ve Pompa Sistemleri","article_modified_time":"2022-05-29T16:55:47+00:00","og_image":[{"width":1024,"height":1024,"url":"http:\/\/govalf.com\/wp-content\/uploads\/2022\/03\/TJFU-TJFT-Serisi-1024x1024.png","type":"image\/png"}],"twitter_card":"summary_large_image","twitter_misc":{"Tahmini okuma s\u00fcresi":"4 dakika"},"schema":{"@context":"https:\/\/schema.org","@graph":[{"@type":"WebPage","@id":"http:\/\/govalf.com\/tr\/product\/tjfu-tjft-serisi\/","url":"http:\/\/govalf.com\/tr\/product\/tjfu-tjft-serisi\/","name":"TJFU TJFT Serisi - Go Valf Vana ve Pompa Sistemleri","isPartOf":{"@id":"http:\/\/govalf.com\/ru\/#website"},"primaryImageOfPage":{"@id":"http:\/\/govalf.com\/tr\/product\/tjfu-tjft-serisi\/#primaryimage"},"image":{"@id":"http:\/\/govalf.com\/tr\/product\/tjfu-tjft-serisi\/#primaryimage"},"thumbnailUrl":"http:\/\/govalf.com\/wp-content\/uploads\/2022\/03\/TJFU-TJFT-Serisi.png","datePublished":"2022-03-11T11:20:08+00:00","dateModified":"2022-05-29T16:55:47+00:00","description":"TJFU TJFT Serisi serisi aksiyel jet fanlar; kapal\u0131 alanlarda kullan\u0131lan ve sahip oldu\u011fu \u00f6zellikler sayesinde hava kanal\u0131 olmadan havan\u0131n","breadcrumb":{"@id":"http:\/\/govalf.com\/tr\/product\/tjfu-tjft-serisi\/#breadcrumb"},"inLanguage":"tr","potentialAction":[{"@type":"ReadAction","target":["http:\/\/govalf.com\/tr\/product\/tjfu-tjft-serisi\/"]}]},{"@type":"ImageObject","inLanguage":"tr","@id":"http:\/\/govalf.com\/tr\/product\/tjfu-tjft-serisi\/#primaryimage","url":"http:\/\/govalf.com\/wp-content\/uploads\/2022\/03\/TJFU-TJFT-Serisi.png","contentUrl":"http:\/\/govalf.com\/wp-content\/uploads\/2022\/03\/TJFU-TJFT-Serisi.png","width":5000,"height":5000,"caption":"TJFU \/ TJFT serisi"},{"@type":"BreadcrumbList","@id":"http:\/\/govalf.com\/tr\/product\/tjfu-tjft-serisi\/#breadcrumb","itemListElement":[{"@type":"ListItem","position":1,"name":"Anasayfa","item":"https:\/\/govalf.com\/tr\/"},{"@type":"ListItem","position":2,"name":"Products","item":"http:\/\/govalf.com\/ru\/%d0%bf%d1%80%d0%be%d0%b4%d1%83%d0%ba%d1%82%d1%8b\/"},{"@type":"ListItem","position":3,"name":"TJFU TJFT Serisi"}]},{"@type":"WebSite","@id":"http:\/\/govalf.com\/ru\/#website","url":"http:\/\/govalf.com\/ru\/","name":"Go Valf Vana ve Pompa Sistemleri","description":"Yang\u0131n S\u00f6nd\u00fcrme Sistemleri ve Ekipmanlar\u0131","publisher":{"@id":"http:\/\/govalf.com\/ru\/#organization"},"potentialAction":[{"@type":"SearchAction","target":{"@type":"EntryPoint","urlTemplate":"http:\/\/govalf.com\/ru\/?s={search_term_string}"},"query-input":{"@type":"PropertyValueSpecification","valueRequired":true,"valueName":"search_term_string"}}],"inLanguage":"tr"},{"@type":"Organization","@id":"http:\/\/govalf.com\/ru\/#organization","name":"Go Valf","url":"http:\/\/govalf.com\/ru\/","logo":{"@type":"ImageObject","inLanguage":"tr","@id":"http:\/\/govalf.com\/ru\/#\/schema\/logo\/image\/","url":"https:\/\/govalf.com\/wp-content\/uploads\/2022\/02\/go-valf-logo.png","contentUrl":"https:\/\/govalf.com\/wp-content\/uploads\/2022\/02\/go-valf-logo.png","width":504,"height":120,"caption":"Go Valf"},"image":{"@id":"http:\/\/govalf.com\/ru\/#\/schema\/logo\/image\/"}}]}},"_links":{"self":[{"href":"http:\/\/govalf.com\/tr\/wp-json\/wp\/v2\/product\/3708","targetHints":{"allow":["GET"]}}],"collection":[{"href":"http:\/\/govalf.com\/tr\/wp-json\/wp\/v2\/product"}],"about":[{"href":"http:\/\/govalf.com\/tr\/wp-json\/wp\/v2\/types\/product"}],"replies":[{"embeddable":true,"href":"http:\/\/govalf.com\/tr\/wp-json\/wp\/v2\/comments?post=3708"}],"wp:featuredmedia":[{"embeddable":true,"href":"http:\/\/govalf.com\/tr\/wp-json\/wp\/v2\/media\/3709"}],"wp:attachment":[{"href":"http:\/\/govalf.com\/tr\/wp-json\/wp\/v2\/media?parent=3708"}],"wp:term":[{"taxonomy":"product_brand","embeddable":true,"href":"http:\/\/govalf.com\/tr\/wp-json\/wp\/v2\/product_brand?post=3708"},{"taxonomy":"product_cat","embeddable":true,"href":"http:\/\/govalf.com\/tr\/wp-json\/wp\/v2\/product_cat?post=3708"},{"taxonomy":"product_tag","embeddable":true,"href":"http:\/\/govalf.com\/tr\/wp-json\/wp\/v2\/product_tag?post=3708"}],"curies":[{"name":"wp","href":"https:\/\/api.w.org\/{rel}","templated":true}]}}