{"id":3750,"date":"2022-03-11T11:45:52","date_gmt":"2022-03-11T11:45:52","guid":{"rendered":"https:\/\/govalf.com\/?post_type=product&#038;p=3750"},"modified":"2022-05-27T07:16:29","modified_gmt":"2022-05-27T07:16:29","slug":"hat-tipi-yangin-pompalari","status":"publish","type":"product","link":"http:\/\/govalf.com\/tr\/product\/hat-tipi-yangin-pompalari\/","title":{"rendered":"Hat Tipi Yang\u0131n Pompalar\u0131"},"content":{"rendered":"<h1><strong>Hat Tipi Yang\u0131n Pompalar\u0131 <\/strong><\/h1>\n<p><strong>Hat tipi yang\u0131n pompalar\u0131<\/strong>; yang\u0131n s\u00f6nd\u00fcrme \u00e7\u00f6z\u00fcmleri kapsam\u0131nda en yayg\u0131n olarak kullan\u0131lan sistemlerdendir. \u00d6zellikle end\u00fcstriyel alanda fazlas\u0131yla tercih edilen hat tipi yang\u0131n pompalar\u0131n\u0131n bir\u00e7ok avantaj\u0131 bulunur. Bu avantajlar aras\u0131nda en \u00f6nemlisi par\u00e7a de\u011fi\u015ftirme konusunda kolayl\u0131k sa\u011flamas\u0131d\u0131r. Par\u00e7a yenilemesinin kolayl\u0131kla yap\u0131labilmesi ad\u0131na \u00f6zel olarak tasarlanan hat tipi yang\u0131n pompalar\u0131n\u0131n \u00e7al\u0131\u015fma prensibinde d\u00fc\u015fey miller \u00f6nemli rol oynar. Tek kademeli bir yap\u0131ya sahip olan hat tipi yang\u0131n pompalar\u0131n\u0131n g\u00f6vdesi salyangoz tipidir. Ayr\u0131ca par\u00e7alar\u0131 kolayl\u0131kla s\u00f6k\u00fclebiliyor olmas\u0131 nedeniyle bu yang\u0131n pompalar\u0131; kolay temizlenebilir ve bak\u0131m\u0131 rahatl\u0131kla yap\u0131labilir.<\/p>\n<h2><strong>Hat Tipi Yang\u0131n Pompalar\u0131 Nedir; Ne \u0130\u015fe Yarar?<\/strong><\/h2>\n<p><strong>Hat tipi yang\u0131n pompalar\u0131<\/strong>; d\u00fc\u015f\u00fck g\u00fc\u00e7l\u00fc elektrikli motoruyla do\u011frudan ve devirli bir kalk\u0131\u015f \u00f6zelli\u011fine sahiptir. Bu \u00f6zelli\u011fi uzun s\u00fcreli \u00e7al\u0131\u015fabilmesini m\u00fcmk\u00fcn k\u0131lar. Olas\u0131 yang\u0131n risklerine kar\u015f\u0131 yang\u0131n s\u00f6nd\u00fcrme sistemlerinin her an \u00e7al\u0131\u015fmaya haz\u0131r bir yap\u0131da bulunmas\u0131 talep edilir. Hat tipi yang\u0131n pompalar\u0131nda kullan\u0131lan elektrikli motor; bu talebi kar\u015f\u0131layabilir.<\/p>\n<p>Yang\u0131n pompalar\u0131nda standartlar NFPA ile belirlenmi\u015ftir. \u201cNational Fire Protection Association\u201d; yani NFPA standartlar\u0131; yang\u0131n pompalar\u0131n\u0131n temel gerekliliklerini belirleyen esaslar\u0131 ortaya koymu\u015ftur. Hat tipi yang\u0131n pompalar\u0131n\u0131n t\u00fcm \u00f6zellikleri NFPA standartlar\u0131n\u0131 kar\u015f\u0131layabilecek niteliktedir. Pompan\u0131n performans\u0131; NFPA standartlar\u0131n\u0131 kar\u015f\u0131lad\u0131\u011f\u0131 gibi ya\u015fam\u0131n farkl\u0131 alanlar\u0131nda kullan\u0131m olana\u011f\u0131 vadeder.<\/p>\n<h3><strong>Hat Tipi Yang\u0131n Pompalar\u0131 Nedir?<\/strong><\/h3>\n<p><b>D<\/b>\u00fc\u015fey milli yap\u0131ya sahip tek kademli olarak \u00e7al\u0131\u015fan g\u00f6vde yap\u0131s\u0131 salyangoz t\u00fcr\u00fc olan pompalard\u0131r. Hat tipi yang\u0131n pompalar\u0131nda santrif\u00fcj kullan\u0131lmaktad\u0131r. Santrif\u00fcj; son derece yayg\u0131n bir kullan\u0131m alan\u0131na sahip dairesel d\u00f6nme hareketiyle sistem i\u00e7erisindeki g\u00f6revini ger\u00e7ekle\u015ftiren bir alettir. Bu alet; hat tipi yang\u0131n pompalar\u0131n\u0131n genel \u00e7al\u0131\u015fma prensibini de olu\u015fturur.<\/p>\n<p>Hat tipi yang\u0131n pompalar\u0131nda vantuz ad\u0131 verilen otomatik hava tahliye vanas\u0131 bulunur. B\u00f6ylelikle olas\u0131 risk durumlar\u0131nda sistemin \u00e7al\u0131\u015fmas\u0131na engel olabilecek durumlardan ka\u00e7\u0131n\u0131l\u0131r. Ayr\u0131ca giri\u015f ve \u00e7\u0131k\u0131\u015fta bulunan manometreler; anma debilerini \u00f6l\u00e7erek ihtiya\u00e7lara uygun bas\u0131n\u00e7 sa\u011flar. Hat tipi yang\u0131n pompalar\u0131nda donmaya kar\u015f\u0131 s\u0131zd\u0131r\u0131c\u0131 \u00f6zelli\u011fe sahip olan vana da bulunmaktad\u0131r.<\/p>\n<h3><strong>Hat Tipi Yang\u0131n Pompalar\u0131 Ne \u0130\u015f Yarar?<\/strong><\/h3>\n<p><b>Y<\/b>ang\u0131n risklerine kar\u015f\u0131 geli\u015ftirilmi\u015f ve g\u00fcn\u00fcm\u00fczde en yayg\u0131n olarak tercih edilen yang\u0131n \u00e7\u00f6z\u00fcmlerindendir. End\u00fcstriyel alanda; hastanelerde; fabrikalarda; ma\u011fazalarda kullan\u0131ma uygun olan hat tipi yang\u0131n pompalar\u0131n\u0131n en \u00f6nemli \u00f6zelli\u011fi; k\u00fc\u00e7\u00fck yap\u0131ya sahip olmalar\u0131d\u0131r. Di\u011fer yang\u0131n s\u00f6nd\u00fcrme sistemlerine oranla daha az yer kaplarlar ve bu alanda kullan\u0131m\u0131 konusunda \u00f6nemli avantajlar sa\u011flar.<\/p>\n<p>Sadece elektrikli tahrikle kullan\u0131lan hat tipi yang\u0131n pompalar\u0131n\u0131n \u00fcstten kolayl\u0131kla \u00e7\u0131kar\u0131labilir yap\u0131s\u0131; bak\u0131m\u0131n\u0131n ve temizli\u011finin kolayl\u0131kla ger\u00e7ekle\u015ftirilebilmesini m\u00fcmk\u00fcn k\u0131lar. Dolay\u0131s\u0131yla yang\u0131n s\u00f6nd\u00fcrme sisteminin daima verimli bi\u00e7imde \u00e7al\u0131\u015fmaya haz\u0131r oldu\u011fundan emin olunabilir. Ayr\u0131ca tek bir boru hatt\u0131na ba\u011flanabiliyor olmalar\u0131; montaj konusunda da kolayl\u0131kla sa\u011flar.<\/p>\n<h3><strong>Hat Tipi Yang\u0131n Pompalar\u0131 Nerelerde Kullan\u0131l\u0131r? <\/strong><\/h3>\n<p><b>H<\/b>emen her end\u00fcstriyel alanda kullan\u0131m i\u00e7in uygundur. Ayn\u0131 zamanda y\u00fcksek katl\u0131 yap\u0131larda ya da geni\u015f yerle\u015fim alanlar\u0131nda da tercih edilebilir bir yang\u0131n s\u00f6nd\u00fcrme \u00e7\u00f6z\u00fcm\u00fcd\u00fcr. Bu tarz yap\u0131larda yang\u0131n risklerini minimalize etmek i\u00e7in y\u00fcksek bas\u0131n\u00e7l\u0131 suya ihtiya\u00e7 duyulur. Hat tipi yang\u0131n pompalar\u0131n\u0131n performans\u0131; talep edilen bas\u0131n\u00e7ta su aktar\u0131m\u0131 i\u00e7in uygun bir yap\u0131ya sahiptir.<\/p>\n<p>Yang\u0131n pompas\u0131 ya da yang\u0131n \u00e7\u00f6z\u00fcmleri aras\u0131nda tercihte bulunurken sistem performans\u0131na dikkat edilmelidir. \u00d6zellikle sistemde kullan\u0131lan malzemenin kalitesi ve yeterli bas\u0131n\u00e7 sa\u011flama konusundaki yeterlili\u011fi; do\u011fru \u015fekilde denetlenmelidir. Ayr\u0131ca sistemin yap\u0131sal olarak; kullan\u0131lacak alana uygun olup olmad\u0131\u011f\u0131na da dikkat edilmeli ve tercih s\u00fcrecinde bu kriter g\u00f6z \u00f6n\u00fcnde bulundurulmal\u0131d\u0131r.<\/p>\n<p><strong>Hat Tipi Yang\u0131n Pompalar\u0131<\/strong><\/p>\n<ul>\n<li>Tek kademeli, d\u00fc\u015fey milli, hat tipi salyangoz g\u00f6vdeli santrif\u00fcj pompalard\u0131r.<\/li>\n<li>Pompa performanslar\u0131 NFPA standartlar\u0131na uygundur.<\/li>\n<li>Tek emi\u015fli, kapal\u0131 \u00e7ark eksenel y\u00fcke kar\u015f\u0131 denge delikleri ve a\u015f\u0131nma halkalar\u0131yla dengelenmi\u015f, dinamik olarak balans\u0131 yap\u0131lm\u0131\u015ft\u0131r.<\/li>\n<li>Pompa ve motor ba\u011flant\u0131s\u0131 bir adapt\u00f6r arac\u0131l\u0131\u011f\u0131 ile ve \u00f6zel rijit kaplin kullan\u0131larak yap\u0131lmaktad\u0131r.<\/li>\n<li>Pompa, tesisattan, g\u00f6vdesi tesisata ba\u011fl\u0131 kalacak \u015fekilde ayr\u0131labildi\u011finden bak\u0131m onar\u0131m i\u015flemleri kolayca yap\u0131labilmektedir.<\/li>\n<li>NFPA yang\u0131n standard\u0131 gere\u011fi mil s\u0131zd\u0131rmazl\u0131\u011f\u0131 yumu\u015fak salmastralarla sa\u011flanmaktad\u0131r.<\/li>\n<li>Tasar\u0131ma esas par\u00e7a de\u011fi\u015ftirilebilirli\u011fi ilkesi benimsenmi\u015ftir. B\u00f6ylece yedek par\u00e7a tedariki h\u0131zland\u0131r\u0131lm\u0131\u015ft\u0131r.<\/li>\n<li>D\u00fc\u015f\u00fck elektrik motor g\u00fc\u00e7leriyle do\u011frudan kalk\u0131\u015f kolayl\u0131\u011f\u0131 sa\u011flar.<\/li>\n<\/ul>\n<p><a href=\"https:\/\/govalf.com\/iletisim\/\">\u0130leti\u015fim<\/a><\/p>\n","protected":false},"excerpt":{"rendered":"<p>Hat Tipi Yang\u0131n Pompalar\u0131 Hat tipi yang\u0131n pompalar\u0131; yang\u0131n s\u00f6nd\u00fcrme \u00e7\u00f6z\u00fcmleri kapsam\u0131nda en yayg\u0131n olarak kullan\u0131lan sistemlerdendir. \u00d6zellikle end\u00fcstriyel alanda fazlas\u0131yla tercih edilen hat tipi yang\u0131n pompalar\u0131n\u0131n bir\u00e7ok avantaj\u0131 bulunur. Bu avantajlar aras\u0131nda en \u00f6nemlisi par\u00e7a de\u011fi\u015ftirme konusunda kolayl\u0131k sa\u011flamas\u0131d\u0131r. Par\u00e7a yenilemesinin kolayl\u0131kla yap\u0131labilmesi ad\u0131na \u00f6zel olarak tasarlanan hat tipi yang\u0131n pompalar\u0131n\u0131n \u00e7al\u0131\u015fma prensibinde d\u00fc\u015fey [&hellip;]<\/p>\n","protected":false},"featured_media":3751,"comment_status":"open","ping_status":"closed","template":"","meta":{"_acf_changed":false},"product_brand":[],"product_cat":[104],"product_tag":[],"class_list":{"0":"post-3750","1":"product","2":"type-product","3":"status-publish","4":"has-post-thumbnail","6":"product_cat-pompa","8":"first","9":"instock","10":"shipping-taxable","11":"product-type-simple"},"acf":[],"yoast_head":"<!-- This site is optimized with the Yoast SEO plugin v27.4 - https:\/\/yoast.com\/product\/yoast-seo-wordpress\/ -->\n<title>Hat Tipi Yang\u0131n Pompalar\u0131 - Go Valf Vana ve Pompa Sistemleri<\/title>\n<meta name=\"description\" content=\"Hat tipi yang\u0131n pompalar\u0131; yang\u0131n s\u00f6nd\u00fcrme \u00e7\u00f6z\u00fcmleri kapsam\u0131nda en yayg\u0131n olarak kullan\u0131lan sistemlerdendir.\" \/>\n<meta name=\"robots\" content=\"index, follow, max-snippet:-1, max-image-preview:large, max-video-preview:-1\" \/>\n<link rel=\"canonical\" href=\"http:\/\/govalf.com\/tr\/product\/hat-tipi-yangin-pompalari\/\" \/>\n<meta property=\"og:locale\" content=\"tr_TR\" \/>\n<meta property=\"og:type\" content=\"article\" \/>\n<meta property=\"og:title\" content=\"Hat Tipi Yang\u0131n Pompalar\u0131 - Go Valf Vana ve Pompa Sistemleri\" \/>\n<meta property=\"og:description\" content=\"Hat tipi yang\u0131n pompalar\u0131; yang\u0131n s\u00f6nd\u00fcrme \u00e7\u00f6z\u00fcmleri kapsam\u0131nda en yayg\u0131n olarak kullan\u0131lan sistemlerdendir.\" \/>\n<meta property=\"og:url\" content=\"http:\/\/govalf.com\/tr\/product\/hat-tipi-yangin-pompalari\/\" \/>\n<meta property=\"og:site_name\" content=\"Go Valf Vana ve Pompa Sistemleri\" \/>\n<meta property=\"article:modified_time\" content=\"2022-05-27T07:16:29+00:00\" \/>\n<meta property=\"og:image\" content=\"http:\/\/govalf.com\/wp-content\/uploads\/2022\/03\/Hat-Tipi-Yangin-Pompalari-1024x1024.png\" \/>\n\t<meta property=\"og:image:width\" content=\"1024\" \/>\n\t<meta property=\"og:image:height\" content=\"1024\" \/>\n\t<meta property=\"og:image:type\" content=\"image\/png\" \/>\n<meta name=\"twitter:card\" content=\"summary_large_image\" \/>\n<meta name=\"twitter:label1\" content=\"Tahmini okuma s\u00fcresi\" \/>\n\t<meta name=\"twitter:data1\" content=\"4 dakika\" \/>\n<script type=\"application\/ld+json\" class=\"yoast-schema-graph\">{\"@context\":\"https:\\\/\\\/schema.org\",\"@graph\":[{\"@type\":\"WebPage\",\"@id\":\"http:\\\/\\\/govalf.com\\\/tr\\\/product\\\/hat-tipi-yangin-pompalari\\\/\",\"url\":\"http:\\\/\\\/govalf.com\\\/tr\\\/product\\\/hat-tipi-yangin-pompalari\\\/\",\"name\":\"Hat Tipi Yang\u0131n Pompalar\u0131 - Go Valf Vana ve Pompa Sistemleri\",\"isPartOf\":{\"@id\":\"http:\\\/\\\/govalf.com\\\/ru\\\/#website\"},\"primaryImageOfPage\":{\"@id\":\"http:\\\/\\\/govalf.com\\\/tr\\\/product\\\/hat-tipi-yangin-pompalari\\\/#primaryimage\"},\"image\":{\"@id\":\"http:\\\/\\\/govalf.com\\\/tr\\\/product\\\/hat-tipi-yangin-pompalari\\\/#primaryimage\"},\"thumbnailUrl\":\"http:\\\/\\\/govalf.com\\\/wp-content\\\/uploads\\\/2022\\\/03\\\/Hat-Tipi-Yangin-Pompalari.png\",\"datePublished\":\"2022-03-11T11:45:52+00:00\",\"dateModified\":\"2022-05-27T07:16:29+00:00\",\"description\":\"Hat tipi yang\u0131n pompalar\u0131; yang\u0131n s\u00f6nd\u00fcrme \u00e7\u00f6z\u00fcmleri kapsam\u0131nda en yayg\u0131n olarak kullan\u0131lan sistemlerdendir.\",\"breadcrumb\":{\"@id\":\"http:\\\/\\\/govalf.com\\\/tr\\\/product\\\/hat-tipi-yangin-pompalari\\\/#breadcrumb\"},\"inLanguage\":\"tr\",\"potentialAction\":[{\"@type\":\"ReadAction\",\"target\":[\"http:\\\/\\\/govalf.com\\\/tr\\\/product\\\/hat-tipi-yangin-pompalari\\\/\"]}]},{\"@type\":\"ImageObject\",\"inLanguage\":\"tr\",\"@id\":\"http:\\\/\\\/govalf.com\\\/tr\\\/product\\\/hat-tipi-yangin-pompalari\\\/#primaryimage\",\"url\":\"http:\\\/\\\/govalf.com\\\/wp-content\\\/uploads\\\/2022\\\/03\\\/Hat-Tipi-Yangin-Pompalari.png\",\"contentUrl\":\"http:\\\/\\\/govalf.com\\\/wp-content\\\/uploads\\\/2022\\\/03\\\/Hat-Tipi-Yangin-Pompalari.png\",\"width\":5000,\"height\":5000,\"caption\":\"Hat tipi yang\u0131n pompalar\u0131\"},{\"@type\":\"BreadcrumbList\",\"@id\":\"http:\\\/\\\/govalf.com\\\/tr\\\/product\\\/hat-tipi-yangin-pompalari\\\/#breadcrumb\",\"itemListElement\":[{\"@type\":\"ListItem\",\"position\":1,\"name\":\"Anasayfa\",\"item\":\"https:\\\/\\\/govalf.com\\\/tr\\\/\"},{\"@type\":\"ListItem\",\"position\":2,\"name\":\"Products\",\"item\":\"http:\\\/\\\/govalf.com\\\/ru\\\/%d0%bf%d1%80%d0%be%d0%b4%d1%83%d0%ba%d1%82%d1%8b\\\/\"},{\"@type\":\"ListItem\",\"position\":3,\"name\":\"Hat Tipi Yang\u0131n Pompalar\u0131\"}]},{\"@type\":\"WebSite\",\"@id\":\"http:\\\/\\\/govalf.com\\\/ru\\\/#website\",\"url\":\"http:\\\/\\\/govalf.com\\\/ru\\\/\",\"name\":\"Go Valf Vana ve Pompa Sistemleri\",\"description\":\"Yang\u0131n S\u00f6nd\u00fcrme Sistemleri ve Ekipmanlar\u0131\",\"publisher\":{\"@id\":\"http:\\\/\\\/govalf.com\\\/ru\\\/#organization\"},\"potentialAction\":[{\"@type\":\"SearchAction\",\"target\":{\"@type\":\"EntryPoint\",\"urlTemplate\":\"http:\\\/\\\/govalf.com\\\/ru\\\/?s={search_term_string}\"},\"query-input\":{\"@type\":\"PropertyValueSpecification\",\"valueRequired\":true,\"valueName\":\"search_term_string\"}}],\"inLanguage\":\"tr\"},{\"@type\":\"Organization\",\"@id\":\"http:\\\/\\\/govalf.com\\\/ru\\\/#organization\",\"name\":\"Go Valf\",\"url\":\"http:\\\/\\\/govalf.com\\\/ru\\\/\",\"logo\":{\"@type\":\"ImageObject\",\"inLanguage\":\"tr\",\"@id\":\"http:\\\/\\\/govalf.com\\\/ru\\\/#\\\/schema\\\/logo\\\/image\\\/\",\"url\":\"https:\\\/\\\/govalf.com\\\/wp-content\\\/uploads\\\/2022\\\/02\\\/go-valf-logo.png\",\"contentUrl\":\"https:\\\/\\\/govalf.com\\\/wp-content\\\/uploads\\\/2022\\\/02\\\/go-valf-logo.png\",\"width\":504,\"height\":120,\"caption\":\"Go Valf\"},\"image\":{\"@id\":\"http:\\\/\\\/govalf.com\\\/ru\\\/#\\\/schema\\\/logo\\\/image\\\/\"}}]}<\/script>\n<!-- \/ Yoast SEO plugin. -->","yoast_head_json":{"title":"Hat Tipi Yang\u0131n Pompalar\u0131 - Go Valf Vana ve Pompa Sistemleri","description":"Hat tipi yang\u0131n pompalar\u0131; yang\u0131n s\u00f6nd\u00fcrme \u00e7\u00f6z\u00fcmleri kapsam\u0131nda en yayg\u0131n olarak kullan\u0131lan sistemlerdendir.","robots":{"index":"index","follow":"follow","max-snippet":"max-snippet:-1","max-image-preview":"max-image-preview:large","max-video-preview":"max-video-preview:-1"},"canonical":"http:\/\/govalf.com\/tr\/product\/hat-tipi-yangin-pompalari\/","og_locale":"tr_TR","og_type":"article","og_title":"Hat Tipi Yang\u0131n Pompalar\u0131 - Go Valf Vana ve Pompa Sistemleri","og_description":"Hat tipi yang\u0131n pompalar\u0131; yang\u0131n s\u00f6nd\u00fcrme \u00e7\u00f6z\u00fcmleri kapsam\u0131nda en yayg\u0131n olarak kullan\u0131lan sistemlerdendir.","og_url":"http:\/\/govalf.com\/tr\/product\/hat-tipi-yangin-pompalari\/","og_site_name":"Go Valf Vana ve Pompa Sistemleri","article_modified_time":"2022-05-27T07:16:29+00:00","og_image":[{"width":1024,"height":1024,"url":"http:\/\/govalf.com\/wp-content\/uploads\/2022\/03\/Hat-Tipi-Yangin-Pompalari-1024x1024.png","type":"image\/png"}],"twitter_card":"summary_large_image","twitter_misc":{"Tahmini okuma s\u00fcresi":"4 dakika"},"schema":{"@context":"https:\/\/schema.org","@graph":[{"@type":"WebPage","@id":"http:\/\/govalf.com\/tr\/product\/hat-tipi-yangin-pompalari\/","url":"http:\/\/govalf.com\/tr\/product\/hat-tipi-yangin-pompalari\/","name":"Hat Tipi Yang\u0131n Pompalar\u0131 - Go Valf Vana ve Pompa Sistemleri","isPartOf":{"@id":"http:\/\/govalf.com\/ru\/#website"},"primaryImageOfPage":{"@id":"http:\/\/govalf.com\/tr\/product\/hat-tipi-yangin-pompalari\/#primaryimage"},"image":{"@id":"http:\/\/govalf.com\/tr\/product\/hat-tipi-yangin-pompalari\/#primaryimage"},"thumbnailUrl":"http:\/\/govalf.com\/wp-content\/uploads\/2022\/03\/Hat-Tipi-Yangin-Pompalari.png","datePublished":"2022-03-11T11:45:52+00:00","dateModified":"2022-05-27T07:16:29+00:00","description":"Hat tipi yang\u0131n pompalar\u0131; yang\u0131n s\u00f6nd\u00fcrme \u00e7\u00f6z\u00fcmleri kapsam\u0131nda en yayg\u0131n olarak kullan\u0131lan sistemlerdendir.","breadcrumb":{"@id":"http:\/\/govalf.com\/tr\/product\/hat-tipi-yangin-pompalari\/#breadcrumb"},"inLanguage":"tr","potentialAction":[{"@type":"ReadAction","target":["http:\/\/govalf.com\/tr\/product\/hat-tipi-yangin-pompalari\/"]}]},{"@type":"ImageObject","inLanguage":"tr","@id":"http:\/\/govalf.com\/tr\/product\/hat-tipi-yangin-pompalari\/#primaryimage","url":"http:\/\/govalf.com\/wp-content\/uploads\/2022\/03\/Hat-Tipi-Yangin-Pompalari.png","contentUrl":"http:\/\/govalf.com\/wp-content\/uploads\/2022\/03\/Hat-Tipi-Yangin-Pompalari.png","width":5000,"height":5000,"caption":"Hat tipi yang\u0131n pompalar\u0131"},{"@type":"BreadcrumbList","@id":"http:\/\/govalf.com\/tr\/product\/hat-tipi-yangin-pompalari\/#breadcrumb","itemListElement":[{"@type":"ListItem","position":1,"name":"Anasayfa","item":"https:\/\/govalf.com\/tr\/"},{"@type":"ListItem","position":2,"name":"Products","item":"http:\/\/govalf.com\/ru\/%d0%bf%d1%80%d0%be%d0%b4%d1%83%d0%ba%d1%82%d1%8b\/"},{"@type":"ListItem","position":3,"name":"Hat Tipi Yang\u0131n Pompalar\u0131"}]},{"@type":"WebSite","@id":"http:\/\/govalf.com\/ru\/#website","url":"http:\/\/govalf.com\/ru\/","name":"Go Valf Vana ve Pompa Sistemleri","description":"Yang\u0131n S\u00f6nd\u00fcrme Sistemleri ve Ekipmanlar\u0131","publisher":{"@id":"http:\/\/govalf.com\/ru\/#organization"},"potentialAction":[{"@type":"SearchAction","target":{"@type":"EntryPoint","urlTemplate":"http:\/\/govalf.com\/ru\/?s={search_term_string}"},"query-input":{"@type":"PropertyValueSpecification","valueRequired":true,"valueName":"search_term_string"}}],"inLanguage":"tr"},{"@type":"Organization","@id":"http:\/\/govalf.com\/ru\/#organization","name":"Go Valf","url":"http:\/\/govalf.com\/ru\/","logo":{"@type":"ImageObject","inLanguage":"tr","@id":"http:\/\/govalf.com\/ru\/#\/schema\/logo\/image\/","url":"https:\/\/govalf.com\/wp-content\/uploads\/2022\/02\/go-valf-logo.png","contentUrl":"https:\/\/govalf.com\/wp-content\/uploads\/2022\/02\/go-valf-logo.png","width":504,"height":120,"caption":"Go Valf"},"image":{"@id":"http:\/\/govalf.com\/ru\/#\/schema\/logo\/image\/"}}]}},"_links":{"self":[{"href":"http:\/\/govalf.com\/tr\/wp-json\/wp\/v2\/product\/3750","targetHints":{"allow":["GET"]}}],"collection":[{"href":"http:\/\/govalf.com\/tr\/wp-json\/wp\/v2\/product"}],"about":[{"href":"http:\/\/govalf.com\/tr\/wp-json\/wp\/v2\/types\/product"}],"replies":[{"embeddable":true,"href":"http:\/\/govalf.com\/tr\/wp-json\/wp\/v2\/comments?post=3750"}],"wp:featuredmedia":[{"embeddable":true,"href":"http:\/\/govalf.com\/tr\/wp-json\/wp\/v2\/media\/3751"}],"wp:attachment":[{"href":"http:\/\/govalf.com\/tr\/wp-json\/wp\/v2\/media?parent=3750"}],"wp:term":[{"taxonomy":"product_brand","embeddable":true,"href":"http:\/\/govalf.com\/tr\/wp-json\/wp\/v2\/product_brand?post=3750"},{"taxonomy":"product_cat","embeddable":true,"href":"http:\/\/govalf.com\/tr\/wp-json\/wp\/v2\/product_cat?post=3750"},{"taxonomy":"product_tag","embeddable":true,"href":"http:\/\/govalf.com\/tr\/wp-json\/wp\/v2\/product_tag?post=3750"}],"curies":[{"name":"wp","href":"https:\/\/api.w.org\/{rel}","templated":true}]}}