{"id":3756,"date":"2022-03-11T11:49:28","date_gmt":"2022-03-11T11:49:28","guid":{"rendered":"https:\/\/govalf.com\/?post_type=product&#038;p=3756"},"modified":"2022-05-27T07:38:49","modified_gmt":"2022-05-27T07:38:49","slug":"konteyner-tipi-yangin-sondurme-sistemleri","status":"publish","type":"product","link":"http:\/\/govalf.com\/tr\/product\/konteyner-tipi-yangin-sondurme-sistemleri\/","title":{"rendered":"Konteyner Tipi Yang\u0131n S\u00f6nd\u00fcrme Sistemleri"},"content":{"rendered":"<h1><strong>Konteyner Tipi Yang\u0131n S\u00f6nd\u00fcrme Sistemleri <\/strong><\/h1>\n<p><strong>Konteyner Tipi Yang\u0131n S\u00f6nd\u00fcrme Sistemleri<\/strong>; \u00f6zellikle yang\u0131n riskinin y\u00fcksek oldu\u011fu end\u00fcstriyel alanlarda kullan\u0131m i\u00e7in olduk\u00e7a verimli bir yang\u0131n s\u00f6nd\u00fcrme \u00e7\u00f6z\u00fcm\u00fcd\u00fcr. Konteyner i\u00e7erisine konumland\u0131r\u0131lan \u00f6zel bir sistem yard\u0131m\u0131yla belli bir alanda yang\u0131nla m\u00fccadele edilebilmesini sa\u011flayan bu sistemler; her yang\u0131n grubu pompa t\u00fcrlerine uygulanabilir. Yang\u0131n riskine kar\u015f\u0131 y\u00fcksek d\u00fczeyde g\u00fcvenirlik vadeden bu sistemler; \u00f6zellikle end\u00fcstriyel alanda ve madencilikte en yayg\u0131n olarak kullan\u0131lan yang\u0131n g\u00fcvenli\u011fi sa\u011flama \u00f6nlemidir. Ba\u015fta yang\u0131n sistemleri i\u00e7in uygun bir alana sahip olmayan \u00e7al\u0131\u015fma alanlar\u0131 olmak \u00fczere inisiyatif do\u011frultusunda her alanda kullan\u0131labilir.<\/p>\n<h2><strong>Konteyner Tipi Yang\u0131n S\u00f6nd\u00fcrme Sistemleri Nedir; Ne \u0130\u015fe Yarar?<\/strong><\/h2>\n<p><strong>K<\/strong>ullan\u0131c\u0131ya bir\u00e7ok avantaj vadeder. Bu avantajlardan en \u00f6nemlisi kurulum bak\u0131m\u0131ndan olduk\u00e7a h\u0131zl\u0131 monte edilebiliyor olmas\u0131d\u0131r. Bir di\u011fer \u00f6nemli avantaj\u0131 ise yang\u0131na kar\u015f\u0131 koruman\u0131n sa\u011flanaca\u011f\u0131 yap\u0131 veya b\u00f6lgeden ba\u011f\u0131ms\u0131z bir sistem olmas\u0131d\u0131r. Dolay\u0131s\u0131yla yap\u0131da \u00f6nemli bir yer ve alan tasarrufu sa\u011flar.<\/p>\n<p>Bununla birlikte konteyner tipi yang\u0131n s\u00f6nd\u00fcrme sistemlerinin sa\u011flad\u0131\u011f\u0131 bir di\u011fer avantaj da g\u00fcr\u00fclt\u00fc kirlili\u011finin ortadan kald\u0131r\u0131lmas\u0131d\u0131r. Y\u00fcksek yal\u0131t\u0131ml\u0131 bir yap\u0131ya sahip olan bu sistem; sesin izole edilmesini imkanl\u0131 hale getirir. Konteyner i\u00e7erisinde \u00e7al\u0131\u015fan motorlar\u0131n sebep oldu\u011fu ses; d\u0131\u015f b\u00f6lgeye aktar\u0131lmaz ve b\u00f6ylelikle g\u00fcr\u00fclt\u00fc kirlili\u011fi olu\u015fmaz.<\/p>\n<h3><strong>Konteyner Tipi Yang\u0131n S\u00f6nd\u00fcrme Sistemleri Nedir?<\/strong><\/h3>\n<p><b>B<\/b>ir konteyner i\u00e7erisinde yer alan sistemin FM200 ad\u0131 verilen kimyasal bir gazla yang\u0131na m\u00fcdahale etmesini sa\u011flayan bir yang\u0131n s\u00f6nd\u00fcrme sistemidir. FM200 gaz\u0131 kimyasal yap\u0131ya sahip olmakla birlikte insana ya da \u00e7evreye herhangi bir zarar\u0131 yoktur. Ayn\u0131 zamanda renk b\u0131rakmayan bu gaz; ay\u0131rt edilebilen bir kokuya sahiptir.<\/p>\n<p>Konteyner tipi yang\u0131n s\u00f6nd\u00fcrme sistemlerinin en \u00f6nemli \u00f6zelli\u011fi; depolama alan\u0131n\u0131n k\u0131s\u0131tl\u0131 oldu\u011fu b\u00f6lgelerde olduk\u00e7a verimli ve etkili bir koruma sa\u011fl\u0131yor olmas\u0131d\u0131r. Ayn\u0131 zamanda yang\u0131n riskinin y\u00fcksek oldu\u011fu alanlarda da kolayl\u0131kla kullan\u0131labilir. Ba\u015fta yan\u0131c\u0131 maddelerin depoland\u0131\u011f\u0131 alanlar olmak \u00fczere tehlikenin y\u00fcksek oldu\u011fu hemen her alanda bu sistemlerden yararlan\u0131labilir.<\/p>\n<h3><strong>Konteyner Tipi Yang\u0131n S\u00f6nd\u00fcrme Sistemleri Ne \u0130\u015fe Yarar?<\/strong><\/h3>\n<p><b>D<\/b>e\u011ferli \u00fcr\u00fcn ya da alanlar\u0131n korunmas\u0131nda olduk\u00e7a \u00f6zel bir misyona sahiptir. Banka kasalar\u0131; depolama alanlar\u0131; sit b\u00f6lgeleri; m\u00fczeler ya da ar\u015fivler bu de\u011ferli alanlar aras\u0131nda g\u00f6sterilebilir. Bu sistemin en temel i\u015flevi; yang\u0131n\u0131n boyutu ne olursa olsun kontrol alt\u0131na almak ve olas\u0131 riskleri en aza indirerek etkili bir \u00e7\u00f6z\u00fcm olu\u015fturmakt\u0131r.<\/p>\n<h3><strong>Konteyner Tipi Yang\u0131n S\u00f6nd\u00fcrme Sistemleri Nerelerde Kullan\u0131l\u0131r? <\/strong><\/h3>\n<p><b>G<\/b>\u00fcn\u00fcm\u00fczde g\u00fc\u00e7l\u00fc yang\u0131n \u00f6nlemi taleplerinin bulundu\u011fu hemen her alanda kullan\u0131m i\u00e7in uygundur. Bu tarz alanlarda en g\u00fcvenilir \u00e7\u00f6z\u00fcm\u00fc sunan sistem; ayn\u0131 zamanda yayg\u0131n olarak tercih edilir. Sistem; erken uyar\u0131 ve alg\u0131lama cihaz\u0131 ile \u00e7al\u0131\u015f\u0131r ve maksimum d\u00fczeyde g\u00fcvenlik \u00f6nleminin al\u0131nmas\u0131n\u0131 m\u00fcmk\u00fcn hale getirir.<\/p>\n<p>Maksimum yang\u0131n g\u00fcvenli\u011fi ihtiyac\u0131n\u0131n bulundu\u011fu her alanda bu sistemlerin tercih edilmesi olanakl\u0131d\u0131r. Konteyner Tipi Yang\u0131n S\u00f6nd\u00fcrme Sistemlerinin tercih edildi\u011fi alanlar genel hatlar\u0131yla \u015fu \u015fekilde s\u0131ralanabilir:<\/p>\n<ul>\n<li>Tar\u0131m; enerji; madencilik alanlar\u0131nda;<\/li>\n<li>End\u00fcstriyel tesislerde; b\u00fcy\u00fck fabrikalarda ve yang\u0131n riskinin y\u00fcksek oldu\u011fu \u00e7al\u0131\u015fma alanlar\u0131nda;<\/li>\n<li>Patlay\u0131c\u0131 madde depolamas\u0131n\u0131n yap\u0131ld\u0131\u011f\u0131 alanlarda ya da patlay\u0131c\u0131 madde \u00fcreten sanayi tesislerinde;<\/li>\n<li>Yap\u0131 i\u00e7erisinde uygun alan\u0131n bulunmad\u0131\u011f\u0131 t\u00fcm yap\u0131larda;<\/li>\n<li>Kuru temizleme tesislerinde;<\/li>\n<li>Banka kasalar\u0131nda; b\u00fcy\u00fck finans kurulu\u015flar\u0131n\u0131n merkezlerinde; depolarda; ar\u015fivlerde;<\/li>\n<li>M\u00fczeler ve kimyasal \u00fcretim yapan tesislerde;<\/li>\n<\/ul>\n<p>Konteyner Tipi Yang\u0131n S\u00f6nd\u00fcrme Sistemlerinin ihtiya\u00e7 duyulan hemen her alanda kullan\u0131lmas\u0131 m\u00fcmk\u00fcnd\u00fcr. Arzu edilmesi halinde sisteme birden fazla pompa entegre edilebilir. Dolay\u0131s\u0131yla ekstra g\u00fcvenlik \u00f6nlemine ihtiya\u00e7 duyulmas\u0131 halinde; ek \u00e7al\u0131\u015fmalar\u0131n yap\u0131lmas\u0131 da m\u00fcmk\u00fcnd\u00fcr. <!--more--><\/p>\n<p>Konteyner tipi yang\u0131n s\u00f6nd\u00fcrme sistemleri, t\u00fcm yang\u0131n grubu pompalar\u0131na (YNM, YPSP ve YPH serileri gibi) uygulanmaktad\u0131r.<br \/>\n\u2022 End\u00fcstriyel tesisler, madencilik, tar\u0131m, enerji gibi sekt\u00f6rlerde ve bina sistemlerinde, kolay montaj ve bak\u0131m i\u015flemleriyle yang\u0131n s\u00f6nd\u00fcrme uygulamalar\u0131na etkili \u00e7\u00f6z\u00fcmler getirmektedir.<br \/>\n\u2022 Pompalar\u0131n kullan\u0131lmak istenen alanda, \u00f6zellikle sit alan\u0131 gibi yerlerde bir bina i\u00e7ine konumland\u0131r\u0131lamayaca\u011f\u0131 durumlarda b\u00fcy\u00fck avantajlar sa\u011flar.<br \/>\n\u2022 Konteyner sistemi, i\u00e7inde yer alan pompan\u0131n d\u0131\u015f ortam\u0131n olumsuz etkilerinden korunmas\u0131n\u0131 sa\u011flad\u0131\u011f\u0131 gibi, pompa kaynakl\u0131 g\u00fcr\u00fclt\u00fcn\u00fcn de d\u0131\u015f ortama ge\u00e7i\u015fini izole eder.<\/p>\n<p><strong>\u00dcr\u00fcn A\u00e7\u0131klamas\u0131<\/strong><\/p>\n<ul>\n<li>Olu\u015fan ihtiya\u00e7lar do\u011frultusunda gereklilikleri kar\u015f\u0131lama amac\u0131yla birden fazla say\u0131da pompa kullan\u0131m\u0131na olanak sa\u011flar.<\/li>\n<li>Uluslararas\u0131 standartlardaki konteynerlerden imalat ger\u00e7ekle\u015ftirilebilir.<\/li>\n<li>\u00d6zellikle Konteyner kabin sistemli pompalar, kamyon, t\u0131r, tren, gemi, u\u00e7ak ile kolayl\u0131kla ta\u015f\u0131nabilir ve vin\u00e7 ile kald\u0131r\u0131labilir donan\u0131mlara sahiptir.<\/li>\n<\/ul>\n<p>&nbsp;<\/p>\n<p><a href=\"https:\/\/govalf.com\/iletisim\/\">\u0130leti\u015fim<\/a><\/p>\n","protected":false},"excerpt":{"rendered":"<p>Konteyner Tipi Yang\u0131n S\u00f6nd\u00fcrme Sistemleri Konteyner Tipi Yang\u0131n S\u00f6nd\u00fcrme Sistemleri; \u00f6zellikle yang\u0131n riskinin y\u00fcksek oldu\u011fu end\u00fcstriyel alanlarda kullan\u0131m i\u00e7in olduk\u00e7a verimli bir yang\u0131n s\u00f6nd\u00fcrme \u00e7\u00f6z\u00fcm\u00fcd\u00fcr. Konteyner i\u00e7erisine konumland\u0131r\u0131lan \u00f6zel bir sistem yard\u0131m\u0131yla belli bir alanda yang\u0131nla m\u00fccadele edilebilmesini sa\u011flayan bu sistemler; her yang\u0131n grubu pompa t\u00fcrlerine uygulanabilir. Yang\u0131n riskine kar\u015f\u0131 y\u00fcksek d\u00fczeyde g\u00fcvenirlik vadeden bu [&hellip;]<\/p>\n","protected":false},"featured_media":3757,"comment_status":"open","ping_status":"closed","template":"","meta":{"_acf_changed":false},"product_brand":[],"product_cat":[104],"product_tag":[],"class_list":{"0":"post-3756","1":"product","2":"type-product","3":"status-publish","4":"has-post-thumbnail","6":"product_cat-pompa","8":"first","9":"instock","10":"shipping-taxable","11":"product-type-simple"},"acf":[],"yoast_head":"<!-- This site is optimized with the Yoast SEO plugin v27.4 - https:\/\/yoast.com\/product\/yoast-seo-wordpress\/ -->\n<title>Konteyner Tipi Yang\u0131n S\u00f6nd\u00fcrme Sistemleri -<\/title>\n<meta name=\"description\" content=\"Konteyner Tipi Yang\u0131n S\u00f6nd\u00fcrme Sistemleri; \u00f6zellikle yang\u0131n riskinin y\u00fcksek oldu\u011fu end\u00fcstriyel alanlarda kullan\u0131m i\u00e7in olduk\u00e7a verimli\" \/>\n<meta name=\"robots\" content=\"index, follow, max-snippet:-1, max-image-preview:large, max-video-preview:-1\" \/>\n<link rel=\"canonical\" href=\"https:\/\/govalf.com\/tr\/product\/konteyner-tipi-yangin-sondurme-sistemleri\/\" \/>\n<meta property=\"og:locale\" content=\"tr_TR\" \/>\n<meta property=\"og:type\" content=\"article\" \/>\n<meta property=\"og:title\" content=\"Konteyner Tipi Yang\u0131n S\u00f6nd\u00fcrme Sistemleri -\" \/>\n<meta property=\"og:description\" content=\"Konteyner Tipi Yang\u0131n S\u00f6nd\u00fcrme Sistemleri; \u00f6zellikle yang\u0131n riskinin y\u00fcksek oldu\u011fu end\u00fcstriyel alanlarda kullan\u0131m i\u00e7in olduk\u00e7a verimli\" \/>\n<meta property=\"og:url\" content=\"https:\/\/govalf.com\/tr\/product\/konteyner-tipi-yangin-sondurme-sistemleri\/\" \/>\n<meta property=\"og:site_name\" content=\"Go Valf Vana ve Pompa Sistemleri\" \/>\n<meta property=\"article:modified_time\" content=\"2022-05-27T07:38:49+00:00\" \/>\n<meta property=\"og:image\" content=\"https:\/\/govalf.com\/wp-content\/uploads\/2022\/03\/KONTEYNER-TI\u0307PI\u0307-YANGIN-SO\u0308NDU\u0308RME-SI\u0307STEMLERI\u0307-1024x1024.png\" \/>\n\t<meta property=\"og:image:width\" content=\"1024\" \/>\n\t<meta property=\"og:image:height\" content=\"1024\" \/>\n\t<meta property=\"og:image:type\" content=\"image\/png\" \/>\n<meta name=\"twitter:card\" content=\"summary_large_image\" \/>\n<meta name=\"twitter:label1\" content=\"Tahmini okuma s\u00fcresi\" \/>\n\t<meta name=\"twitter:data1\" content=\"5 dakika\" \/>\n<script type=\"application\/ld+json\" class=\"yoast-schema-graph\">{\"@context\":\"https:\\\/\\\/schema.org\",\"@graph\":[{\"@type\":\"WebPage\",\"@id\":\"https:\\\/\\\/govalf.com\\\/tr\\\/product\\\/konteyner-tipi-yangin-sondurme-sistemleri\\\/\",\"url\":\"https:\\\/\\\/govalf.com\\\/tr\\\/product\\\/konteyner-tipi-yangin-sondurme-sistemleri\\\/\",\"name\":\"Konteyner Tipi Yang\u0131n S\u00f6nd\u00fcrme Sistemleri -\",\"isPartOf\":{\"@id\":\"http:\\\/\\\/govalf.com\\\/ru\\\/#website\"},\"primaryImageOfPage\":{\"@id\":\"https:\\\/\\\/govalf.com\\\/tr\\\/product\\\/konteyner-tipi-yangin-sondurme-sistemleri\\\/#primaryimage\"},\"image\":{\"@id\":\"https:\\\/\\\/govalf.com\\\/tr\\\/product\\\/konteyner-tipi-yangin-sondurme-sistemleri\\\/#primaryimage\"},\"thumbnailUrl\":\"http:\\\/\\\/govalf.com\\\/wp-content\\\/uploads\\\/2022\\\/03\\\/KONTEYNER-TI\u0307PI\u0307-YANGIN-SO\u0308NDU\u0308RME-SI\u0307STEMLERI\u0307.png\",\"datePublished\":\"2022-03-11T11:49:28+00:00\",\"dateModified\":\"2022-05-27T07:38:49+00:00\",\"description\":\"Konteyner Tipi Yang\u0131n S\u00f6nd\u00fcrme Sistemleri; \u00f6zellikle yang\u0131n riskinin y\u00fcksek oldu\u011fu end\u00fcstriyel alanlarda kullan\u0131m i\u00e7in olduk\u00e7a verimli\",\"breadcrumb\":{\"@id\":\"https:\\\/\\\/govalf.com\\\/tr\\\/product\\\/konteyner-tipi-yangin-sondurme-sistemleri\\\/#breadcrumb\"},\"inLanguage\":\"tr\",\"potentialAction\":[{\"@type\":\"ReadAction\",\"target\":[\"https:\\\/\\\/govalf.com\\\/tr\\\/product\\\/konteyner-tipi-yangin-sondurme-sistemleri\\\/\"]}]},{\"@type\":\"ImageObject\",\"inLanguage\":\"tr\",\"@id\":\"https:\\\/\\\/govalf.com\\\/tr\\\/product\\\/konteyner-tipi-yangin-sondurme-sistemleri\\\/#primaryimage\",\"url\":\"http:\\\/\\\/govalf.com\\\/wp-content\\\/uploads\\\/2022\\\/03\\\/KONTEYNER-TI\u0307PI\u0307-YANGIN-SO\u0308NDU\u0308RME-SI\u0307STEMLERI\u0307.png\",\"contentUrl\":\"http:\\\/\\\/govalf.com\\\/wp-content\\\/uploads\\\/2022\\\/03\\\/KONTEYNER-TI\u0307PI\u0307-YANGIN-SO\u0308NDU\u0308RME-SI\u0307STEMLERI\u0307.png\",\"width\":5000,\"height\":5000,\"caption\":\"Konteyner Tipi Yang\u0131n S\u00f6nd\u00fcrme Sistemleri\"},{\"@type\":\"BreadcrumbList\",\"@id\":\"https:\\\/\\\/govalf.com\\\/tr\\\/product\\\/konteyner-tipi-yangin-sondurme-sistemleri\\\/#breadcrumb\",\"itemListElement\":[{\"@type\":\"ListItem\",\"position\":1,\"name\":\"Anasayfa\",\"item\":\"https:\\\/\\\/govalf.com\\\/tr\\\/\"},{\"@type\":\"ListItem\",\"position\":2,\"name\":\"Products\",\"item\":\"http:\\\/\\\/govalf.com\\\/ru\\\/%d0%bf%d1%80%d0%be%d0%b4%d1%83%d0%ba%d1%82%d1%8b\\\/\"},{\"@type\":\"ListItem\",\"position\":3,\"name\":\"Konteyner Tipi Yang\u0131n S\u00f6nd\u00fcrme Sistemleri\"}]},{\"@type\":\"WebSite\",\"@id\":\"http:\\\/\\\/govalf.com\\\/ru\\\/#website\",\"url\":\"http:\\\/\\\/govalf.com\\\/ru\\\/\",\"name\":\"Go Valf Vana ve Pompa Sistemleri\",\"description\":\"Yang\u0131n S\u00f6nd\u00fcrme Sistemleri ve Ekipmanlar\u0131\",\"publisher\":{\"@id\":\"http:\\\/\\\/govalf.com\\\/ru\\\/#organization\"},\"potentialAction\":[{\"@type\":\"SearchAction\",\"target\":{\"@type\":\"EntryPoint\",\"urlTemplate\":\"http:\\\/\\\/govalf.com\\\/ru\\\/?s={search_term_string}\"},\"query-input\":{\"@type\":\"PropertyValueSpecification\",\"valueRequired\":true,\"valueName\":\"search_term_string\"}}],\"inLanguage\":\"tr\"},{\"@type\":\"Organization\",\"@id\":\"http:\\\/\\\/govalf.com\\\/ru\\\/#organization\",\"name\":\"Go Valf\",\"url\":\"http:\\\/\\\/govalf.com\\\/ru\\\/\",\"logo\":{\"@type\":\"ImageObject\",\"inLanguage\":\"tr\",\"@id\":\"http:\\\/\\\/govalf.com\\\/ru\\\/#\\\/schema\\\/logo\\\/image\\\/\",\"url\":\"https:\\\/\\\/govalf.com\\\/wp-content\\\/uploads\\\/2022\\\/02\\\/go-valf-logo.png\",\"contentUrl\":\"https:\\\/\\\/govalf.com\\\/wp-content\\\/uploads\\\/2022\\\/02\\\/go-valf-logo.png\",\"width\":504,\"height\":120,\"caption\":\"Go Valf\"},\"image\":{\"@id\":\"http:\\\/\\\/govalf.com\\\/ru\\\/#\\\/schema\\\/logo\\\/image\\\/\"}}]}<\/script>\n<!-- \/ Yoast SEO plugin. -->","yoast_head_json":{"title":"Konteyner Tipi Yang\u0131n S\u00f6nd\u00fcrme Sistemleri -","description":"Konteyner Tipi Yang\u0131n S\u00f6nd\u00fcrme Sistemleri; \u00f6zellikle yang\u0131n riskinin y\u00fcksek oldu\u011fu end\u00fcstriyel alanlarda kullan\u0131m i\u00e7in olduk\u00e7a verimli","robots":{"index":"index","follow":"follow","max-snippet":"max-snippet:-1","max-image-preview":"max-image-preview:large","max-video-preview":"max-video-preview:-1"},"canonical":"https:\/\/govalf.com\/tr\/product\/konteyner-tipi-yangin-sondurme-sistemleri\/","og_locale":"tr_TR","og_type":"article","og_title":"Konteyner Tipi Yang\u0131n S\u00f6nd\u00fcrme Sistemleri -","og_description":"Konteyner Tipi Yang\u0131n S\u00f6nd\u00fcrme Sistemleri; \u00f6zellikle yang\u0131n riskinin y\u00fcksek oldu\u011fu end\u00fcstriyel alanlarda kullan\u0131m i\u00e7in olduk\u00e7a verimli","og_url":"https:\/\/govalf.com\/tr\/product\/konteyner-tipi-yangin-sondurme-sistemleri\/","og_site_name":"Go Valf Vana ve Pompa Sistemleri","article_modified_time":"2022-05-27T07:38:49+00:00","og_image":[{"width":1024,"height":1024,"url":"https:\/\/govalf.com\/wp-content\/uploads\/2022\/03\/KONTEYNER-TI\u0307PI\u0307-YANGIN-SO\u0308NDU\u0308RME-SI\u0307STEMLERI\u0307-1024x1024.png","type":"image\/png"}],"twitter_card":"summary_large_image","twitter_misc":{"Tahmini okuma s\u00fcresi":"5 dakika"},"schema":{"@context":"https:\/\/schema.org","@graph":[{"@type":"WebPage","@id":"https:\/\/govalf.com\/tr\/product\/konteyner-tipi-yangin-sondurme-sistemleri\/","url":"https:\/\/govalf.com\/tr\/product\/konteyner-tipi-yangin-sondurme-sistemleri\/","name":"Konteyner Tipi Yang\u0131n S\u00f6nd\u00fcrme Sistemleri -","isPartOf":{"@id":"http:\/\/govalf.com\/ru\/#website"},"primaryImageOfPage":{"@id":"https:\/\/govalf.com\/tr\/product\/konteyner-tipi-yangin-sondurme-sistemleri\/#primaryimage"},"image":{"@id":"https:\/\/govalf.com\/tr\/product\/konteyner-tipi-yangin-sondurme-sistemleri\/#primaryimage"},"thumbnailUrl":"http:\/\/govalf.com\/wp-content\/uploads\/2022\/03\/KONTEYNER-TI\u0307PI\u0307-YANGIN-SO\u0308NDU\u0308RME-SI\u0307STEMLERI\u0307.png","datePublished":"2022-03-11T11:49:28+00:00","dateModified":"2022-05-27T07:38:49+00:00","description":"Konteyner Tipi Yang\u0131n S\u00f6nd\u00fcrme Sistemleri; \u00f6zellikle yang\u0131n riskinin y\u00fcksek oldu\u011fu end\u00fcstriyel alanlarda kullan\u0131m i\u00e7in olduk\u00e7a verimli","breadcrumb":{"@id":"https:\/\/govalf.com\/tr\/product\/konteyner-tipi-yangin-sondurme-sistemleri\/#breadcrumb"},"inLanguage":"tr","potentialAction":[{"@type":"ReadAction","target":["https:\/\/govalf.com\/tr\/product\/konteyner-tipi-yangin-sondurme-sistemleri\/"]}]},{"@type":"ImageObject","inLanguage":"tr","@id":"https:\/\/govalf.com\/tr\/product\/konteyner-tipi-yangin-sondurme-sistemleri\/#primaryimage","url":"http:\/\/govalf.com\/wp-content\/uploads\/2022\/03\/KONTEYNER-TI\u0307PI\u0307-YANGIN-SO\u0308NDU\u0308RME-SI\u0307STEMLERI\u0307.png","contentUrl":"http:\/\/govalf.com\/wp-content\/uploads\/2022\/03\/KONTEYNER-TI\u0307PI\u0307-YANGIN-SO\u0308NDU\u0308RME-SI\u0307STEMLERI\u0307.png","width":5000,"height":5000,"caption":"Konteyner Tipi Yang\u0131n S\u00f6nd\u00fcrme Sistemleri"},{"@type":"BreadcrumbList","@id":"https:\/\/govalf.com\/tr\/product\/konteyner-tipi-yangin-sondurme-sistemleri\/#breadcrumb","itemListElement":[{"@type":"ListItem","position":1,"name":"Anasayfa","item":"https:\/\/govalf.com\/tr\/"},{"@type":"ListItem","position":2,"name":"Products","item":"http:\/\/govalf.com\/ru\/%d0%bf%d1%80%d0%be%d0%b4%d1%83%d0%ba%d1%82%d1%8b\/"},{"@type":"ListItem","position":3,"name":"Konteyner Tipi Yang\u0131n S\u00f6nd\u00fcrme Sistemleri"}]},{"@type":"WebSite","@id":"http:\/\/govalf.com\/ru\/#website","url":"http:\/\/govalf.com\/ru\/","name":"Go Valf Vana ve Pompa Sistemleri","description":"Yang\u0131n S\u00f6nd\u00fcrme Sistemleri ve Ekipmanlar\u0131","publisher":{"@id":"http:\/\/govalf.com\/ru\/#organization"},"potentialAction":[{"@type":"SearchAction","target":{"@type":"EntryPoint","urlTemplate":"http:\/\/govalf.com\/ru\/?s={search_term_string}"},"query-input":{"@type":"PropertyValueSpecification","valueRequired":true,"valueName":"search_term_string"}}],"inLanguage":"tr"},{"@type":"Organization","@id":"http:\/\/govalf.com\/ru\/#organization","name":"Go Valf","url":"http:\/\/govalf.com\/ru\/","logo":{"@type":"ImageObject","inLanguage":"tr","@id":"http:\/\/govalf.com\/ru\/#\/schema\/logo\/image\/","url":"https:\/\/govalf.com\/wp-content\/uploads\/2022\/02\/go-valf-logo.png","contentUrl":"https:\/\/govalf.com\/wp-content\/uploads\/2022\/02\/go-valf-logo.png","width":504,"height":120,"caption":"Go Valf"},"image":{"@id":"http:\/\/govalf.com\/ru\/#\/schema\/logo\/image\/"}}]}},"_links":{"self":[{"href":"http:\/\/govalf.com\/tr\/wp-json\/wp\/v2\/product\/3756","targetHints":{"allow":["GET"]}}],"collection":[{"href":"http:\/\/govalf.com\/tr\/wp-json\/wp\/v2\/product"}],"about":[{"href":"http:\/\/govalf.com\/tr\/wp-json\/wp\/v2\/types\/product"}],"replies":[{"embeddable":true,"href":"http:\/\/govalf.com\/tr\/wp-json\/wp\/v2\/comments?post=3756"}],"wp:featuredmedia":[{"embeddable":true,"href":"http:\/\/govalf.com\/tr\/wp-json\/wp\/v2\/media\/3757"}],"wp:attachment":[{"href":"http:\/\/govalf.com\/tr\/wp-json\/wp\/v2\/media?parent=3756"}],"wp:term":[{"taxonomy":"product_brand","embeddable":true,"href":"http:\/\/govalf.com\/tr\/wp-json\/wp\/v2\/product_brand?post=3756"},{"taxonomy":"product_cat","embeddable":true,"href":"http:\/\/govalf.com\/tr\/wp-json\/wp\/v2\/product_cat?post=3756"},{"taxonomy":"product_tag","embeddable":true,"href":"http:\/\/govalf.com\/tr\/wp-json\/wp\/v2\/product_tag?post=3756"}],"curies":[{"name":"wp","href":"https:\/\/api.w.org\/{rel}","templated":true}]}}