{"id":6427,"date":"2022-08-04T18:11:32","date_gmt":"2022-08-04T18:11:32","guid":{"rendered":"https:\/\/govalf.com\/?post_type=product&#038;p=6427"},"modified":"2022-10-06T11:47:21","modified_gmt":"2022-10-06T11:47:21","slug":"profiller-ve-konsollar","status":"publish","type":"product","link":"http:\/\/govalf.com\/tr\/product\/profiller-ve-konsollar\/","title":{"rendered":"Profiller Ve Konsollar"},"content":{"rendered":"<p><strong>Profiller Ve Konsollar<\/strong><\/p>\n<p>Bu b\u00f6l\u00fcmde \u00f6nerilen\u00a0<strong>profiller ve konsollar<\/strong>\u00a0borular\u0131n veya ask\u0131 rotu ba\u011flant\u0131lar\u0131n\u0131n desteklenmesi i\u00e7in dizayn edilmi\u015ftir.\u00a0<strong>Konsollar<\/strong>\u00a0borular\u0131n dikey y\u00fczeylerden desteklenmesi i\u00e7in kullan\u0131\u015fl\u0131 \u00e7\u00f6z\u00fcmler \u00f6nermektedir. Malzemeler:\u00a0<strong>Profiller &amp; Konsollar<\/strong>\u00a0\u00fcretiminde \u00e7elik kullan\u0131lm\u0131\u015ft\u0131r. Di\u011fer malzemeler ile de \u00fcretim yap\u0131labilir.<\/p>\n<p>\u00d6ZELL\u0130KLER\u0130<\/p>\n<ul>\n<li>Kaplamalar: Mekanik desteklerin standart kaplamalar\u0131 \u00fcretimden sonra S\u0131cak Dald\u0131rma\u00a0<a href=\"https:\/\/tr.wikipedia.org\/wiki\/Galvaniz\">Galvaniz<\/a>(EN 1461) ve Elektro Galvaniz (EN ISO 2081) kaplamalard\u0131r. \u0130ste\u011fe ba\u011fl\u0131 di\u011fer \u00f6zel kaplamalar uygulanabilir.<\/li>\n<li>Onaylar (Belirtilen) : TSEK ve ISO 9001:2008, OHSAS 18001:2007, ISO 14001:2004 Sistemlerinde belirtilen \u015fartlarda \u00fcretilmi\u015ftir. T\u00fcm modellerin GOST K, GOST R ve SEPRO Sertifikas\u0131 mevcuttur.<\/li>\n<li>Bu b\u00f6l\u00fcmde yer alan b\u00fct\u00fcn boru ve ask\u0131 destek sistemleri aksi belirtilmedi\u011fi s\u00fcrece TS 301\/1-2-3-4,TS 1997, TS 416, DIN 2440-2441, DIN 1626, ISO 65, BS 1387, ASTM A-53, NFA 49-145, UNI 8863 uluslararas\u0131 standart borular i\u00e7in boyutland\u0131r\u0131lm\u0131\u015ft\u0131r.<\/li>\n<li>Baz\u0131 \u00e7elik \u00fcr\u00fcnler di\u011fer boru \u00e7aplar\u0131n\u0131 kar\u015f\u0131lamak i\u00e7in \u00f6zel olarak \u00fcretilebilirler, \u00f6rnek olarak pik boru, pvc boru vb.<\/li>\n<\/ul>\n<p>&nbsp;<\/p>\n<p><strong>HAKKIMIZDA<\/strong><\/p>\n<p><strong>GOVALF<\/strong><\/p>\n<p>GoValf ekibi olarak 2009 y\u0131l\u0131ndan bu yana T\u00fcrkiye\u2019de ve \u00e7evre \u00fclkelerde; g\u00fcncel teknolojilere uygun mekanik tesisat tedarik \u00e7\u00f6z\u00fcmlerini m\u00fc\u015fterilerimizle bulu\u015fturuyoruz. T\u00fcrkiye\u2019nin ve d\u00fcnyan\u0131n en se\u00e7kin markalar\u0131n\u0131 en uygun fiyatlarla m\u00fc\u015fterilerimize sunarken, her ge\u00e7en g\u00fcn \u00e7\u00f6z\u00fcm sundu\u011fumuz konular\u0131m\u0131za yenilerini ekliyoruz.<\/p>\n<p>Bug\u00fcn departmanlar\u0131m\u0131z\u0131;<\/p>\n<p>* Tesisat Ekipmanlar\u0131,<br \/>\n* Yang\u0131n S\u00f6nd\u00fcrme Sistemleri ve Ekipmanlar\u0131,<br \/>\n* Pompa ve Hidroforlar,<br \/>\n* Is\u0131tma \u00c7\u00f6z\u00fcmleri,<br \/>\n* \u0130klimlendirme ve Havaland\u0131rma<\/p>\n<p>konular\u0131nda s\u0131n\u0131fland\u0131rarak konusunda uzman ekiplerimizle, 100\u2019e yak\u0131n marka ile m\u00fc\u015fterilerimize projelerinde temelden teslime ayr\u0131cal\u0131kl\u0131 hizmetler sunuyoruz.<\/p>\n<p>Rekabetin her ge\u00e7en g\u00fcn daha da artt\u0131\u011f\u0131 sekt\u00f6r\u00fcm\u00fczde, teknolojileri takip ederek, kendi imal etti\u011fimiz \u00e7e\u015fitli \u00fcr\u00fcnler ile de kalitemizi ve \u00e7e\u015fitlili\u011fimizi artt\u0131rd\u0131k.<\/p>\n<p>\u00dcretti\u011fimiz mamullerin dizayn\u0131n\u0131, d\u00f6k\u00fcm\u00fcn\u00fc, imalat\u0131n\u0131, montaj\u0131n\u0131, test ve kontrollerini kendi tesislerimizde, kendi uzman ekibimizle yap\u0131yoruz.<\/p>\n<p><strong>M\u00fc\u015fteri Memnuniyeti \u0130lkemiz<\/strong><\/p>\n<p>\u00d6nceli\u011fimiz m\u00fc\u015fterilerimizin huzuru ve mutlulu\u011fudur. M\u00fc\u015fterilerimize GoValf g\u00fcvencesiyle hizmet veriyoruz. G\u00fcvenli, kaliteli, istikrarl\u0131 \u00e7al\u0131\u015fma anlay\u0131\u015f\u0131m\u0131z ve rekabet\u00e7i fiyatlar\u0131m\u0131zla sadece bug\u00fcn i\u00e7in de\u011fil ilelebet i\u015fbirli\u011fi i\u00e7erisinde olmak ad\u0131na var g\u00fcc\u00fcm\u00fczle \u00e7al\u0131\u015f\u0131yoruz. M\u00fc\u015fterilerimizin bizlere duydu\u011fu g\u00fcven, en b\u00fcy\u00fck sermayemizdir.<\/p>\n<p><strong>\u00a0<\/strong>Hizmetlerimizde veriye ve bilgiye dayal\u0131 ,m\u00fchendislik \u00e7\u00f6z\u00fcmleri ile birlikte m\u00fc\u015fteri isteklerine uyumlu, tedarik\u00e7ileri ile sa\u011fl\u0131kl\u0131 bir i\u015fbirli\u011fi i\u00e7inde olmay\u0131 ba\u015fararak en uygun fiyatlar\u0131 ve en kaliteli hizmetleri sizlere sunmaya \u00f6zen g\u00f6steriyoruz.<\/p>\n<p><a href=\"https:\/\/govalf.com\/iletisim\/\">\u0130leti\u015fim<\/a><\/p>\n<p>&nbsp;<\/p>\n","protected":false},"excerpt":{"rendered":"<p>Profiller Ve Konsollar Bu b\u00f6l\u00fcmde \u00f6nerilen\u00a0profiller ve konsollar\u00a0borular\u0131n veya ask\u0131 rotu ba\u011flant\u0131lar\u0131n\u0131n desteklenmesi i\u00e7in dizayn edilmi\u015ftir.\u00a0Konsollar\u00a0borular\u0131n dikey y\u00fczeylerden desteklenmesi i\u00e7in kullan\u0131\u015fl\u0131 \u00e7\u00f6z\u00fcmler \u00f6nermektedir. Malzemeler:\u00a0Profiller &amp; Konsollar\u00a0\u00fcretiminde \u00e7elik kullan\u0131lm\u0131\u015ft\u0131r. Di\u011fer malzemeler ile de \u00fcretim yap\u0131labilir. \u00d6ZELL\u0130KLER\u0130 Kaplamalar: Mekanik desteklerin standart kaplamalar\u0131 \u00fcretimden sonra S\u0131cak Dald\u0131rma\u00a0Galvaniz(EN 1461) ve Elektro Galvaniz (EN ISO 2081) kaplamalard\u0131r. \u0130ste\u011fe ba\u011fl\u0131 di\u011fer [&hellip;]<\/p>\n","protected":false},"featured_media":6428,"comment_status":"open","ping_status":"closed","template":"","meta":{"_acf_changed":false},"product_brand":[],"product_cat":[211],"product_tag":[],"class_list":{"0":"post-6427","1":"product","2":"type-product","3":"status-publish","4":"has-post-thumbnail","6":"product_cat-profiller-ve-konsollar","8":"first","9":"instock","10":"shipping-taxable","11":"product-type-simple"},"acf":[],"yoast_head":"<!-- This site is optimized with the Yoast SEO plugin v27.4 - https:\/\/yoast.com\/product\/yoast-seo-wordpress\/ -->\n<title>Profiller Ve Konsollar - Go Valf Vana ve Pompa Sistemleri<\/title>\n<meta name=\"description\" content=\"Bu b\u00f6l\u00fcmde \u00f6nerilen\u00a0profiller ve konsollar\u00a0borular\u0131n veya ask\u0131 rotu ba\u011flant\u0131lar\u0131n\u0131n desteklenmesi i\u00e7in dizayn edilmi\u015ftir.\u00a0\" \/>\n<meta name=\"robots\" content=\"index, follow, max-snippet:-1, max-image-preview:large, max-video-preview:-1\" \/>\n<link rel=\"canonical\" href=\"http:\/\/govalf.com\/tr\/product\/profiller-ve-konsollar\/\" \/>\n<meta property=\"og:locale\" content=\"tr_TR\" \/>\n<meta property=\"og:type\" content=\"article\" \/>\n<meta property=\"og:title\" content=\"Profiller Ve Konsollar - Go Valf Vana ve Pompa Sistemleri\" \/>\n<meta property=\"og:description\" content=\"Bu b\u00f6l\u00fcmde \u00f6nerilen\u00a0profiller ve konsollar\u00a0borular\u0131n veya ask\u0131 rotu ba\u011flant\u0131lar\u0131n\u0131n desteklenmesi i\u00e7in dizayn edilmi\u015ftir.\u00a0\" \/>\n<meta property=\"og:url\" content=\"http:\/\/govalf.com\/tr\/product\/profiller-ve-konsollar\/\" \/>\n<meta property=\"og:site_name\" content=\"Go Valf Vana ve Pompa Sistemleri\" \/>\n<meta property=\"article:modified_time\" content=\"2022-10-06T11:47:21+00:00\" \/>\n<meta property=\"og:image\" content=\"http:\/\/govalf.com\/wp-content\/uploads\/2022\/08\/Ekran-Resmi-2022-08-04-21.10.30-1024x760.png\" \/>\n\t<meta property=\"og:image:width\" content=\"1024\" \/>\n\t<meta property=\"og:image:height\" content=\"760\" \/>\n\t<meta property=\"og:image:type\" content=\"image\/png\" \/>\n<meta name=\"twitter:card\" content=\"summary_large_image\" \/>\n<meta name=\"twitter:label1\" content=\"Tahmini okuma s\u00fcresi\" \/>\n\t<meta name=\"twitter:data1\" content=\"2 dakika\" \/>\n<script type=\"application\/ld+json\" class=\"yoast-schema-graph\">{\"@context\":\"https:\\\/\\\/schema.org\",\"@graph\":[{\"@type\":\"WebPage\",\"@id\":\"http:\\\/\\\/govalf.com\\\/tr\\\/product\\\/profiller-ve-konsollar\\\/\",\"url\":\"http:\\\/\\\/govalf.com\\\/tr\\\/product\\\/profiller-ve-konsollar\\\/\",\"name\":\"Profiller Ve Konsollar - Go Valf Vana ve Pompa Sistemleri\",\"isPartOf\":{\"@id\":\"http:\\\/\\\/govalf.com\\\/ru\\\/#website\"},\"primaryImageOfPage\":{\"@id\":\"http:\\\/\\\/govalf.com\\\/tr\\\/product\\\/profiller-ve-konsollar\\\/#primaryimage\"},\"image\":{\"@id\":\"http:\\\/\\\/govalf.com\\\/tr\\\/product\\\/profiller-ve-konsollar\\\/#primaryimage\"},\"thumbnailUrl\":\"http:\\\/\\\/govalf.com\\\/wp-content\\\/uploads\\\/2022\\\/08\\\/Ekran-Resmi-2022-08-04-21.10.30.png\",\"datePublished\":\"2022-08-04T18:11:32+00:00\",\"dateModified\":\"2022-10-06T11:47:21+00:00\",\"description\":\"Bu b\u00f6l\u00fcmde \u00f6nerilen\u00a0profiller ve konsollar\u00a0borular\u0131n veya ask\u0131 rotu ba\u011flant\u0131lar\u0131n\u0131n desteklenmesi i\u00e7in dizayn edilmi\u015ftir.\u00a0\",\"breadcrumb\":{\"@id\":\"http:\\\/\\\/govalf.com\\\/tr\\\/product\\\/profiller-ve-konsollar\\\/#breadcrumb\"},\"inLanguage\":\"tr\",\"potentialAction\":[{\"@type\":\"ReadAction\",\"target\":[\"http:\\\/\\\/govalf.com\\\/tr\\\/product\\\/profiller-ve-konsollar\\\/\"]}]},{\"@type\":\"ImageObject\",\"inLanguage\":\"tr\",\"@id\":\"http:\\\/\\\/govalf.com\\\/tr\\\/product\\\/profiller-ve-konsollar\\\/#primaryimage\",\"url\":\"http:\\\/\\\/govalf.com\\\/wp-content\\\/uploads\\\/2022\\\/08\\\/Ekran-Resmi-2022-08-04-21.10.30.png\",\"contentUrl\":\"http:\\\/\\\/govalf.com\\\/wp-content\\\/uploads\\\/2022\\\/08\\\/Ekran-Resmi-2022-08-04-21.10.30.png\",\"width\":1572,\"height\":1166,\"caption\":\"Profiller ve Konsollar\"},{\"@type\":\"BreadcrumbList\",\"@id\":\"http:\\\/\\\/govalf.com\\\/tr\\\/product\\\/profiller-ve-konsollar\\\/#breadcrumb\",\"itemListElement\":[{\"@type\":\"ListItem\",\"position\":1,\"name\":\"Anasayfa\",\"item\":\"https:\\\/\\\/govalf.com\\\/tr\\\/\"},{\"@type\":\"ListItem\",\"position\":2,\"name\":\"Products\",\"item\":\"http:\\\/\\\/govalf.com\\\/ru\\\/%d0%bf%d1%80%d0%be%d0%b4%d1%83%d0%ba%d1%82%d1%8b\\\/\"},{\"@type\":\"ListItem\",\"position\":3,\"name\":\"Profiller Ve Konsollar\"}]},{\"@type\":\"WebSite\",\"@id\":\"http:\\\/\\\/govalf.com\\\/ru\\\/#website\",\"url\":\"http:\\\/\\\/govalf.com\\\/ru\\\/\",\"name\":\"Go Valf Vana ve Pompa Sistemleri\",\"description\":\"Yang\u0131n S\u00f6nd\u00fcrme Sistemleri ve Ekipmanlar\u0131\",\"publisher\":{\"@id\":\"http:\\\/\\\/govalf.com\\\/ru\\\/#organization\"},\"potentialAction\":[{\"@type\":\"SearchAction\",\"target\":{\"@type\":\"EntryPoint\",\"urlTemplate\":\"http:\\\/\\\/govalf.com\\\/ru\\\/?s={search_term_string}\"},\"query-input\":{\"@type\":\"PropertyValueSpecification\",\"valueRequired\":true,\"valueName\":\"search_term_string\"}}],\"inLanguage\":\"tr\"},{\"@type\":\"Organization\",\"@id\":\"http:\\\/\\\/govalf.com\\\/ru\\\/#organization\",\"name\":\"Go Valf\",\"url\":\"http:\\\/\\\/govalf.com\\\/ru\\\/\",\"logo\":{\"@type\":\"ImageObject\",\"inLanguage\":\"tr\",\"@id\":\"http:\\\/\\\/govalf.com\\\/ru\\\/#\\\/schema\\\/logo\\\/image\\\/\",\"url\":\"https:\\\/\\\/govalf.com\\\/wp-content\\\/uploads\\\/2022\\\/02\\\/go-valf-logo.png\",\"contentUrl\":\"https:\\\/\\\/govalf.com\\\/wp-content\\\/uploads\\\/2022\\\/02\\\/go-valf-logo.png\",\"width\":504,\"height\":120,\"caption\":\"Go Valf\"},\"image\":{\"@id\":\"http:\\\/\\\/govalf.com\\\/ru\\\/#\\\/schema\\\/logo\\\/image\\\/\"}}]}<\/script>\n<!-- \/ Yoast SEO plugin. -->","yoast_head_json":{"title":"Profiller Ve Konsollar - Go Valf Vana ve Pompa Sistemleri","description":"Bu b\u00f6l\u00fcmde \u00f6nerilen\u00a0profiller ve konsollar\u00a0borular\u0131n veya ask\u0131 rotu ba\u011flant\u0131lar\u0131n\u0131n desteklenmesi i\u00e7in dizayn edilmi\u015ftir.\u00a0","robots":{"index":"index","follow":"follow","max-snippet":"max-snippet:-1","max-image-preview":"max-image-preview:large","max-video-preview":"max-video-preview:-1"},"canonical":"http:\/\/govalf.com\/tr\/product\/profiller-ve-konsollar\/","og_locale":"tr_TR","og_type":"article","og_title":"Profiller Ve Konsollar - Go Valf Vana ve Pompa Sistemleri","og_description":"Bu b\u00f6l\u00fcmde \u00f6nerilen\u00a0profiller ve konsollar\u00a0borular\u0131n veya ask\u0131 rotu ba\u011flant\u0131lar\u0131n\u0131n desteklenmesi i\u00e7in dizayn edilmi\u015ftir.\u00a0","og_url":"http:\/\/govalf.com\/tr\/product\/profiller-ve-konsollar\/","og_site_name":"Go Valf Vana ve Pompa Sistemleri","article_modified_time":"2022-10-06T11:47:21+00:00","og_image":[{"width":1024,"height":760,"url":"http:\/\/govalf.com\/wp-content\/uploads\/2022\/08\/Ekran-Resmi-2022-08-04-21.10.30-1024x760.png","type":"image\/png"}],"twitter_card":"summary_large_image","twitter_misc":{"Tahmini okuma s\u00fcresi":"2 dakika"},"schema":{"@context":"https:\/\/schema.org","@graph":[{"@type":"WebPage","@id":"http:\/\/govalf.com\/tr\/product\/profiller-ve-konsollar\/","url":"http:\/\/govalf.com\/tr\/product\/profiller-ve-konsollar\/","name":"Profiller Ve Konsollar - Go Valf Vana ve Pompa Sistemleri","isPartOf":{"@id":"http:\/\/govalf.com\/ru\/#website"},"primaryImageOfPage":{"@id":"http:\/\/govalf.com\/tr\/product\/profiller-ve-konsollar\/#primaryimage"},"image":{"@id":"http:\/\/govalf.com\/tr\/product\/profiller-ve-konsollar\/#primaryimage"},"thumbnailUrl":"http:\/\/govalf.com\/wp-content\/uploads\/2022\/08\/Ekran-Resmi-2022-08-04-21.10.30.png","datePublished":"2022-08-04T18:11:32+00:00","dateModified":"2022-10-06T11:47:21+00:00","description":"Bu b\u00f6l\u00fcmde \u00f6nerilen\u00a0profiller ve konsollar\u00a0borular\u0131n veya ask\u0131 rotu ba\u011flant\u0131lar\u0131n\u0131n desteklenmesi i\u00e7in dizayn edilmi\u015ftir.\u00a0","breadcrumb":{"@id":"http:\/\/govalf.com\/tr\/product\/profiller-ve-konsollar\/#breadcrumb"},"inLanguage":"tr","potentialAction":[{"@type":"ReadAction","target":["http:\/\/govalf.com\/tr\/product\/profiller-ve-konsollar\/"]}]},{"@type":"ImageObject","inLanguage":"tr","@id":"http:\/\/govalf.com\/tr\/product\/profiller-ve-konsollar\/#primaryimage","url":"http:\/\/govalf.com\/wp-content\/uploads\/2022\/08\/Ekran-Resmi-2022-08-04-21.10.30.png","contentUrl":"http:\/\/govalf.com\/wp-content\/uploads\/2022\/08\/Ekran-Resmi-2022-08-04-21.10.30.png","width":1572,"height":1166,"caption":"Profiller ve Konsollar"},{"@type":"BreadcrumbList","@id":"http:\/\/govalf.com\/tr\/product\/profiller-ve-konsollar\/#breadcrumb","itemListElement":[{"@type":"ListItem","position":1,"name":"Anasayfa","item":"https:\/\/govalf.com\/tr\/"},{"@type":"ListItem","position":2,"name":"Products","item":"http:\/\/govalf.com\/ru\/%d0%bf%d1%80%d0%be%d0%b4%d1%83%d0%ba%d1%82%d1%8b\/"},{"@type":"ListItem","position":3,"name":"Profiller Ve Konsollar"}]},{"@type":"WebSite","@id":"http:\/\/govalf.com\/ru\/#website","url":"http:\/\/govalf.com\/ru\/","name":"Go Valf Vana ve Pompa Sistemleri","description":"Yang\u0131n S\u00f6nd\u00fcrme Sistemleri ve Ekipmanlar\u0131","publisher":{"@id":"http:\/\/govalf.com\/ru\/#organization"},"potentialAction":[{"@type":"SearchAction","target":{"@type":"EntryPoint","urlTemplate":"http:\/\/govalf.com\/ru\/?s={search_term_string}"},"query-input":{"@type":"PropertyValueSpecification","valueRequired":true,"valueName":"search_term_string"}}],"inLanguage":"tr"},{"@type":"Organization","@id":"http:\/\/govalf.com\/ru\/#organization","name":"Go Valf","url":"http:\/\/govalf.com\/ru\/","logo":{"@type":"ImageObject","inLanguage":"tr","@id":"http:\/\/govalf.com\/ru\/#\/schema\/logo\/image\/","url":"https:\/\/govalf.com\/wp-content\/uploads\/2022\/02\/go-valf-logo.png","contentUrl":"https:\/\/govalf.com\/wp-content\/uploads\/2022\/02\/go-valf-logo.png","width":504,"height":120,"caption":"Go Valf"},"image":{"@id":"http:\/\/govalf.com\/ru\/#\/schema\/logo\/image\/"}}]}},"_links":{"self":[{"href":"http:\/\/govalf.com\/tr\/wp-json\/wp\/v2\/product\/6427","targetHints":{"allow":["GET"]}}],"collection":[{"href":"http:\/\/govalf.com\/tr\/wp-json\/wp\/v2\/product"}],"about":[{"href":"http:\/\/govalf.com\/tr\/wp-json\/wp\/v2\/types\/product"}],"replies":[{"embeddable":true,"href":"http:\/\/govalf.com\/tr\/wp-json\/wp\/v2\/comments?post=6427"}],"wp:featuredmedia":[{"embeddable":true,"href":"http:\/\/govalf.com\/tr\/wp-json\/wp\/v2\/media\/6428"}],"wp:attachment":[{"href":"http:\/\/govalf.com\/tr\/wp-json\/wp\/v2\/media?parent=6427"}],"wp:term":[{"taxonomy":"product_brand","embeddable":true,"href":"http:\/\/govalf.com\/tr\/wp-json\/wp\/v2\/product_brand?post=6427"},{"taxonomy":"product_cat","embeddable":true,"href":"http:\/\/govalf.com\/tr\/wp-json\/wp\/v2\/product_cat?post=6427"},{"taxonomy":"product_tag","embeddable":true,"href":"http:\/\/govalf.com\/tr\/wp-json\/wp\/v2\/product_tag?post=6427"}],"curies":[{"name":"wp","href":"https:\/\/api.w.org\/{rel}","templated":true}]}}