{"id":8552,"date":"2023-01-10T05:19:23","date_gmt":"2023-01-10T05:19:23","guid":{"rendered":"https:\/\/govalf.com\/urun\/tek-serpantinli-isi-pompasi-boyleri\/"},"modified":"2023-04-07T11:49:58","modified_gmt":"2023-04-07T11:49:58","slug":"tek-serpantinli-isi-pompasi-boyleri","status":"publish","type":"product","link":"https:\/\/govalf.com\/ar\/product\/tek-serpantinli-isi-pompasi-boyleri\/","title":{"rendered":"\u063a\u0644\u0627\u064a\u0629 \u0645\u0636\u062e\u0629 \u062d\u0631\u0627\u0631\u0629 \u0648\u0627\u062d\u062f\u0629 \u0645\u0646 \u0627\u0644\u0632\u0631\u0628\u0646\u062a\u064a\u0646"},"content":{"rendered":"<p>\u063a\u0644\u0627\u064a\u0629 \u0645\u0636\u062e\u0629 \u062d\u0631\u0627\u0631\u0629 \u0648\u0627\u062d\u062f\u0629 \u0645\u0646 \u0627\u0644\u0632\u0631\u0628\u0646\u062a\u064a\u0646 ; \u063a\u0644\u0627\u064a\u0629 \u0633\u0631\u0628\u0646\u062a\u064a\u0646 \u0645\u0632\u062f\u0648\u062c\u0629 \u0627\u0644\u0623\u0646\u0627\u0628\u064a\u0628 \u0627\u0644\u0646\u062d\u0627\u0633\u064a\u0629 \u062a\u0648\u0641\u0631 \u0631\u0627\u062d\u0629 \u0639\u0627\u0644\u064a\u0629 \u0641\u064a \u0627\u0644\u0645\u0627\u0621 \u0627\u0644\u0633\u0627\u062e\u0646 \u061b<\/p>\n<p>&#8211; \u064a\u0639\u0645\u0644 \u0628\u0634\u0643\u0644 \u0643\u0627\u0645\u0644 \u0645\u0639 \u0623\u062c\u0647\u0632\u0629 \u0627\u0644\u062a\u0643\u062b\u064a\u0641 \u0648\u0627\u0644\u063a\u0644\u0627\u064a\u0627\u062a \u0648\u0627\u0644\u0645\u0636\u062e\u0627\u062a \u0627\u0644\u062d\u0631\u0627\u0631\u064a\u0629 \u0648\u0627\u0644\u0637\u0627\u0642\u0629 \u0627\u0644\u0634\u0645\u0633\u064a\u0629.<\/p>\n<p>\u0631\u0627\u062d\u0629 \u0639\u0627\u0644\u064a\u0629 \u0644\u0645\u064a\u0627\u0647 \u0627\u0644\u0634\u0631\u0628 \u0628\u064a\u0646 -160-5000 \u0644\u062a\u0631<\/p>\n<p>\u0627\u0644\u062d\u062f \u0627\u0644\u0623\u0642\u0635\u0649 \u0644\u0636\u063a\u0637 \u0627\u0644\u0639\u0645\u0644 (\u0627\u0644\u062a\u062e\u0632\u064a\u0646): 10 \u0628\u0627\u0631<\/p>\n<p>-\u0623\u0642\u0635\u0649 \u0636\u063a\u0637 \u0639\u0645\u0644 (\u0645\u0644\u0641): 16 \u0628\u0627\u0631<\/p>\n<p>&#8211; \u0623\u0642\u0635\u0649 \u062f\u0631\u062c\u0629 \u062d\u0631\u0627\u0631\u0629 \u0644\u0644\u062a\u0634\u063a\u064a\u0644 (\u0627\u0644\u0645\u0633\u062a\u0648\u062f\u0639): 95 \u062f\u0631\u062c\u0629 \u0645\u0626\u0648\u064a\u0629<\/p>\n<p>&#8211; \u0623\u0642\u0635\u0649 \u062f\u0631\u062c\u0629 \u062d\u0631\u0627\u0631\u0629 \u062a\u0634\u063a\u064a\u0644 (\u0645\u0644\u0641): 120 \u062f\u0631\u062c\u0629 \u0645\u0626\u0648\u064a\u0629<\/p>\n<p>-\u0627\u0644\u0625\u0646\u0634\u0627\u0621\u0627\u062a: \u0641\u0648\u0644\u0627\u0630 S235JR<\/p>\n<p>&#8211; \u0627\u0644\u062d\u062f \u0627\u0644\u0623\u062f\u0646\u0649 \u0645\u0646 \u062a\u0643\u0648\u064a\u0646 \u0627\u0644\u062c\u064a\u0631 \u0628\u0641\u0636\u0644 \u0633\u0637\u062d\u0647 \u0627\u0644\u0623\u0645\u0644\u0633. \u062d\u0645\u0627\u064a\u0629 \u0635\u062d\u064a\u0629 \u0645\u0646 \u0627\u0644\u0645\u0627\u0621 \u0627\u0644\u0633\u0627\u062e\u0646 \u0648\u062d\u0645\u0627\u064a\u0629 \u0645\u062b\u0627\u0644\u064a\u0629 \u0645\u0646 \u0627\u0644\u062a\u0622\u0643\u0644 \u0628\u0641\u0636\u0644 \u0637\u0644\u0627\u0621 \u0627\u0644\u0645\u064a\u0646\u0627 \u0639\u0627\u0644\u064a \u0627\u0644\u062c\u0648\u062f\u0629 \u0648\u0641\u0642\u064b\u0627 \u0644\u0645\u0639\u064a\u0627\u0631 DIN 4753-3<\/p>\n<p>&#8211; \u062d\u0645\u0627\u064a\u0629 \u0627\u0644\u0623\u0646\u0648\u062f \u0627\u0644\u0645\u063a\u0646\u064a\u0633\u064a\u0648\u0645<\/p>\n<p>-\u0639\u0632\u0644 \u062d\u0631\u0627\u0631\u064a \u0639\u0627\u0644\u064a<\/p>\n<p>-\u0647\u064a\u0643\u0644 \u0633\u0647\u0644 \u0627\u0644\u062a\u0631\u0643\u064a\u0628 \u0648\u0644\u0627 \u064a\u062d\u062a\u0627\u062c \u0625\u0644\u0649 \u0635\u064a\u0627\u0646\u0629 \u0625\u0644\u0649 \u062d\u062f \u0643\u0628\u064a\u0631<\/p>\n<p>&#8211; \u062d\u0645\u0627\u064a\u0629 \u0645\u0646 \u0627\u0644\u062a\u0622\u0643\u0644 \u0628\u0637\u0644\u0627\u0621 \u062e\u0627\u0631\u062c\u064a \u0628\u0627\u0644\u0645\u064a\u0646\u0627<\/p>\n<p>-\u0643\u0645 \u062c\u0647\u0627\u0632 \u0627\u0633\u062a\u0634\u0639\u0627\u0631 (1\/2 &#8220;) \u0648\u0645\u0642\u064a\u0627\u0633 \u062d\u0631\u0627\u0631\u0629.<\/p>\n<p>-\u0625\u0645\u0643\u0627\u0646\u064a\u0629 \u0627\u062a\u0635\u0627\u0644 \u0625\u0639\u0627\u062f\u0629 \u0627\u0644\u062a\u062f\u0648\u064a\u0631<\/p>\n<p>-\u0639\u0627\u0632\u0644\u0629<\/p>\n<p>160-5000 \u0644\u062a\u0631: 18 \u0643\u062c\u0645 \u0645 3 \u0644\u064a\u0646\u0629 PU \/ \u0631\u063a\u0648\u0629 \u0627\u0644\u0625\u0633\u0641\u0646\u062c<\/p>\n<p>&#8211; \u0637\u0644\u0627\u0621 \u063a\u0645\u062f \u062e\u0627\u0631\u062c\u064a<\/p>\n<p>100-1000 \u0644\u062a\u0631: Termowen \u060c \u0648\u0627\u0644\u062a\u064a \u062a\u0648\u0641\u0631 \u0623\u064a\u0636\u064b\u0627 \u0639\u0632\u0644\u064b\u0627 \u062d\u0631\u0627\u0631\u064a\u064b\u0627 \u0639\u0627\u0644\u064a \u0627\u0644\u0643\u062b\u0627\u0641\u0629<\/p>\n<p>1500-1000 \u0644\u062a\u0631: \u062c\u0644\u062f \u0635\u0646\u0627\u0639\u064a (Vinlex)<\/p>\n<p>&#8211; \u062a\u0645 \u062a\u0635\u0645\u064a\u0645\u0647 \u0648\u0641\u0642\u064b\u0627 \u0644\u0645\u0639\u0627\u064a\u064a\u0631 TS 736 \u0648 TS EN 13445-3.<\/p>\n","protected":false},"excerpt":{"rendered":"<p>\u063a\u0644\u0627\u064a\u0629 \u0645\u0636\u062e\u0629 \u062d\u0631\u0627\u0631\u0629 \u0648\u0627\u062d\u062f\u0629 \u0645\u0646 \u0627\u0644\u0632\u0631\u0628\u0646\u062a\u064a\u0646 ; \u063a\u0644\u0627\u064a\u0629 \u0633\u0631\u0628\u0646\u062a\u064a\u0646 \u0645\u0632\u062f\u0648\u062c\u0629 \u0627\u0644\u0623\u0646\u0627\u0628\u064a\u0628 \u0627\u0644\u0646\u062d\u0627\u0633\u064a\u0629 \u062a\u0648\u0641\u0631 \u0631\u0627\u062d\u0629 \u0639\u0627\u0644\u064a\u0629 \u0641\u064a \u0627\u0644\u0645\u0627\u0621 \u0627\u0644\u0633\u0627\u062e\u0646 \u061b &#8211; \u064a\u0639\u0645\u0644 \u0628\u0634\u0643\u0644 \u0643\u0627\u0645\u0644 \u0645\u0639 \u0623\u062c\u0647\u0632\u0629 \u0627\u0644\u062a\u0643\u062b\u064a\u0641 \u0648\u0627\u0644\u063a\u0644\u0627\u064a\u0627\u062a \u0648\u0627\u0644\u0645\u0636\u062e\u0627\u062a \u0627\u0644\u062d\u0631\u0627\u0631\u064a\u0629 \u0648\u0627\u0644\u0637\u0627\u0642\u0629 \u0627\u0644\u0634\u0645\u0633\u064a\u0629. \u0631\u0627\u062d\u0629 \u0639\u0627\u0644\u064a\u0629 \u0644\u0645\u064a\u0627\u0647 \u0627\u0644\u0634\u0631\u0628 \u0628\u064a\u0646 -160-5000 \u0644\u062a\u0631 \u0627\u0644\u062d\u062f \u0627\u0644\u0623\u0642\u0635\u0649 \u0644\u0636\u063a\u0637 \u0627\u0644\u0639\u0645\u0644 (\u0627\u0644\u062a\u062e\u0632\u064a\u0646): 10 \u0628\u0627\u0631 -\u0623\u0642\u0635\u0649 \u0636\u063a\u0637 \u0639\u0645\u0644 (\u0645\u0644\u0641): 16 \u0628\u0627\u0631 &#8211; \u0623\u0642\u0635\u0649 \u062f\u0631\u062c\u0629 \u062d\u0631\u0627\u0631\u0629 [&hellip;]<\/p>\n","protected":false},"featured_media":8521,"comment_status":"open","ping_status":"closed","template":"","meta":{"_acf_changed":false},"product_brand":[],"product_cat":[402],"product_tag":[],"class_list":{"0":"post-8552","1":"product","2":"type-product","3":"status-publish","4":"has-post-thumbnail","6":"product_cat-402","8":"first","9":"instock","10":"shipping-taxable","11":"product-type-simple"},"acf":[],"yoast_head":"<!-- This site is optimized with the Yoast SEO plugin v27.4 - https:\/\/yoast.com\/product\/yoast-seo-wordpress\/ -->\n<title>\u063a\u0644\u0627\u064a\u0629 \u0645\u0636\u062e\u0629 \u062d\u0631\u0627\u0631\u0629 \u0648\u0627\u062d\u062f\u0629 \u0645\u0646 \u0627\u0644\u0632\u0631\u0628\u0646\u062a\u064a\u0646 - Go Valf Vana ve Pompa Sistemleri<\/title>\n<meta name=\"description\" content=\"\u063a\u0644\u0627\u064a\u0629 \u0645\u0636\u062e\u0629 \u062d\u0631\u0627\u0631\u0629 \u0648\u0627\u062d\u062f\u0629 \u0645\u0646 \u0627\u0644\u0632\u0631\u0628\u0646\u062a\u064a\u0646 ; \u063a\u0644\u0627\u064a\u0629 \u0633\u0631\u0628\u0646\u062a\u064a\u0646 \u0645\u0632\u062f\u0648\u062c\u0629 \u0627\u0644\u0623\u0646\u0627\u0628\u064a\u0628 \u0627\u0644\u0646\u062d\u0627\u0633\u064a\u0629 \u062a\u0648\u0641\u0631 \u0631\u0627\u062d\u0629 \u0639\u0627\u0644\u064a\u0629 \u0641\u064a \u0627\u0644\u0645\u0627\u0621 \u0627\u0644\u0633\u0627\u062e\u0646\" \/>\n<meta name=\"robots\" content=\"index, follow, max-snippet:-1, max-image-preview:large, max-video-preview:-1\" \/>\n<link rel=\"canonical\" href=\"https:\/\/govalf.com\/ar\/product\/tek-serpantinli-isi-pompasi-boyleri\/\" \/>\n<meta property=\"og:locale\" content=\"ar_AR\" \/>\n<meta property=\"og:type\" content=\"article\" \/>\n<meta property=\"og:title\" content=\"\u063a\u0644\u0627\u064a\u0629 \u0645\u0636\u062e\u0629 \u062d\u0631\u0627\u0631\u0629 \u0648\u0627\u062d\u062f\u0629 \u0645\u0646 \u0627\u0644\u0632\u0631\u0628\u0646\u062a\u064a\u0646 - Go Valf Vana ve Pompa Sistemleri\" \/>\n<meta property=\"og:description\" content=\"\u063a\u0644\u0627\u064a\u0629 \u0645\u0636\u062e\u0629 \u062d\u0631\u0627\u0631\u0629 \u0648\u0627\u062d\u062f\u0629 \u0645\u0646 \u0627\u0644\u0632\u0631\u0628\u0646\u062a\u064a\u0646 ; \u063a\u0644\u0627\u064a\u0629 \u0633\u0631\u0628\u0646\u062a\u064a\u0646 \u0645\u0632\u062f\u0648\u062c\u0629 \u0627\u0644\u0623\u0646\u0627\u0628\u064a\u0628 \u0627\u0644\u0646\u062d\u0627\u0633\u064a\u0629 \u062a\u0648\u0641\u0631 \u0631\u0627\u062d\u0629 \u0639\u0627\u0644\u064a\u0629 \u0641\u064a \u0627\u0644\u0645\u0627\u0621 \u0627\u0644\u0633\u0627\u062e\u0646\" \/>\n<meta property=\"og:url\" content=\"https:\/\/govalf.com\/ar\/product\/tek-serpantinli-isi-pompasi-boyleri\/\" \/>\n<meta property=\"og:site_name\" content=\"Go Valf Vana ve Pompa Sistemleri\" \/>\n<meta property=\"article:modified_time\" content=\"2023-04-07T11:49:58+00:00\" \/>\n<meta property=\"og:image\" content=\"https:\/\/govalf.com\/wp-content\/uploads\/2023\/01\/TEK-SERPANTINLI-ISI-POMPASI-BOYLERI_.png\" \/>\n\t<meta property=\"og:image:width\" content=\"768\" \/>\n\t<meta property=\"og:image:height\" content=\"768\" \/>\n\t<meta property=\"og:image:type\" content=\"image\/png\" \/>\n<meta name=\"twitter:card\" content=\"summary_large_image\" \/>\n<script type=\"application\/ld+json\" class=\"yoast-schema-graph\">{\"@context\":\"https:\\\/\\\/schema.org\",\"@graph\":[{\"@type\":\"WebPage\",\"@id\":\"https:\\\/\\\/govalf.com\\\/ar\\\/product\\\/tek-serpantinli-isi-pompasi-boyleri\\\/\",\"url\":\"https:\\\/\\\/govalf.com\\\/ar\\\/product\\\/tek-serpantinli-isi-pompasi-boyleri\\\/\",\"name\":\"\u063a\u0644\u0627\u064a\u0629 \u0645\u0636\u062e\u0629 \u062d\u0631\u0627\u0631\u0629 \u0648\u0627\u062d\u062f\u0629 \u0645\u0646 \u0627\u0644\u0632\u0631\u0628\u0646\u062a\u064a\u0646 - Go Valf Vana ve Pompa Sistemleri\",\"isPartOf\":{\"@id\":\"https:\\\/\\\/govalf.com\\\/ar\\\/#website\"},\"primaryImageOfPage\":{\"@id\":\"https:\\\/\\\/govalf.com\\\/ar\\\/product\\\/tek-serpantinli-isi-pompasi-boyleri\\\/#primaryimage\"},\"image\":{\"@id\":\"https:\\\/\\\/govalf.com\\\/ar\\\/product\\\/tek-serpantinli-isi-pompasi-boyleri\\\/#primaryimage\"},\"thumbnailUrl\":\"https:\\\/\\\/govalf.com\\\/wp-content\\\/uploads\\\/2023\\\/01\\\/TEK-SERPANTINLI-ISI-POMPASI-BOYLERI_.png\",\"datePublished\":\"2023-01-10T05:19:23+00:00\",\"dateModified\":\"2023-04-07T11:49:58+00:00\",\"description\":\"\u063a\u0644\u0627\u064a\u0629 \u0645\u0636\u062e\u0629 \u062d\u0631\u0627\u0631\u0629 \u0648\u0627\u062d\u062f\u0629 \u0645\u0646 \u0627\u0644\u0632\u0631\u0628\u0646\u062a\u064a\u0646 ; \u063a\u0644\u0627\u064a\u0629 \u0633\u0631\u0628\u0646\u062a\u064a\u0646 \u0645\u0632\u062f\u0648\u062c\u0629 \u0627\u0644\u0623\u0646\u0627\u0628\u064a\u0628 \u0627\u0644\u0646\u062d\u0627\u0633\u064a\u0629 \u062a\u0648\u0641\u0631 \u0631\u0627\u062d\u0629 \u0639\u0627\u0644\u064a\u0629 \u0641\u064a \u0627\u0644\u0645\u0627\u0621 \u0627\u0644\u0633\u0627\u062e\u0646\",\"breadcrumb\":{\"@id\":\"https:\\\/\\\/govalf.com\\\/ar\\\/product\\\/tek-serpantinli-isi-pompasi-boyleri\\\/#breadcrumb\"},\"inLanguage\":\"ar\",\"potentialAction\":[{\"@type\":\"ReadAction\",\"target\":[\"https:\\\/\\\/govalf.com\\\/ar\\\/product\\\/tek-serpantinli-isi-pompasi-boyleri\\\/\"]}]},{\"@type\":\"ImageObject\",\"inLanguage\":\"ar\",\"@id\":\"https:\\\/\\\/govalf.com\\\/ar\\\/product\\\/tek-serpantinli-isi-pompasi-boyleri\\\/#primaryimage\",\"url\":\"https:\\\/\\\/govalf.com\\\/wp-content\\\/uploads\\\/2023\\\/01\\\/TEK-SERPANTINLI-ISI-POMPASI-BOYLERI_.png\",\"contentUrl\":\"https:\\\/\\\/govalf.com\\\/wp-content\\\/uploads\\\/2023\\\/01\\\/TEK-SERPANTINLI-ISI-POMPASI-BOYLERI_.png\",\"width\":768,\"height\":768},{\"@type\":\"BreadcrumbList\",\"@id\":\"https:\\\/\\\/govalf.com\\\/ar\\\/product\\\/tek-serpantinli-isi-pompasi-boyleri\\\/#breadcrumb\",\"itemListElement\":[{\"@type\":\"ListItem\",\"position\":1,\"name\":\"Anasayfa\",\"item\":\"https:\\\/\\\/govalf.com\\\/ar\\\/\"},{\"@type\":\"ListItem\",\"position\":2,\"name\":\"Products\",\"item\":\"https:\\\/\\\/govalf.com\\\/ar\\\/urunler%d9%85%d9%86%d8%aa%d8%ac%d8%a7%d8%aa\\\/\"},{\"@type\":\"ListItem\",\"position\":3,\"name\":\"\u063a\u0644\u0627\u064a\u0629 \u0645\u0636\u062e\u0629 \u062d\u0631\u0627\u0631\u0629 \u0648\u0627\u062d\u062f\u0629 \u0645\u0646 \u0627\u0644\u0632\u0631\u0628\u0646\u062a\u064a\u0646\"}]},{\"@type\":\"WebSite\",\"@id\":\"https:\\\/\\\/govalf.com\\\/ar\\\/#website\",\"url\":\"https:\\\/\\\/govalf.com\\\/ar\\\/\",\"name\":\"Go Valf Vana ve Pompa Sistemleri\",\"description\":\"Yang\u0131n S\u00f6nd\u00fcrme Sistemleri ve Ekipmanlar\u0131\",\"publisher\":{\"@id\":\"https:\\\/\\\/govalf.com\\\/ar\\\/#organization\"},\"potentialAction\":[{\"@type\":\"SearchAction\",\"target\":{\"@type\":\"EntryPoint\",\"urlTemplate\":\"https:\\\/\\\/govalf.com\\\/ar\\\/?s={search_term_string}\"},\"query-input\":{\"@type\":\"PropertyValueSpecification\",\"valueRequired\":true,\"valueName\":\"search_term_string\"}}],\"inLanguage\":\"ar\"},{\"@type\":\"Organization\",\"@id\":\"https:\\\/\\\/govalf.com\\\/ar\\\/#organization\",\"name\":\"Go Valf\",\"url\":\"https:\\\/\\\/govalf.com\\\/ar\\\/\",\"logo\":{\"@type\":\"ImageObject\",\"inLanguage\":\"ar\",\"@id\":\"https:\\\/\\\/govalf.com\\\/ar\\\/#\\\/schema\\\/logo\\\/image\\\/\",\"url\":\"https:\\\/\\\/govalf.com\\\/wp-content\\\/uploads\\\/2022\\\/02\\\/go-valf-logo.png\",\"contentUrl\":\"https:\\\/\\\/govalf.com\\\/wp-content\\\/uploads\\\/2022\\\/02\\\/go-valf-logo.png\",\"width\":504,\"height\":120,\"caption\":\"Go Valf\"},\"image\":{\"@id\":\"https:\\\/\\\/govalf.com\\\/ar\\\/#\\\/schema\\\/logo\\\/image\\\/\"}}]}<\/script>\n<!-- \/ Yoast SEO plugin. -->","yoast_head_json":{"title":"\u063a\u0644\u0627\u064a\u0629 \u0645\u0636\u062e\u0629 \u062d\u0631\u0627\u0631\u0629 \u0648\u0627\u062d\u062f\u0629 \u0645\u0646 \u0627\u0644\u0632\u0631\u0628\u0646\u062a\u064a\u0646 - Go Valf Vana ve Pompa Sistemleri","description":"\u063a\u0644\u0627\u064a\u0629 \u0645\u0636\u062e\u0629 \u062d\u0631\u0627\u0631\u0629 \u0648\u0627\u062d\u062f\u0629 \u0645\u0646 \u0627\u0644\u0632\u0631\u0628\u0646\u062a\u064a\u0646 ; \u063a\u0644\u0627\u064a\u0629 \u0633\u0631\u0628\u0646\u062a\u064a\u0646 \u0645\u0632\u062f\u0648\u062c\u0629 \u0627\u0644\u0623\u0646\u0627\u0628\u064a\u0628 \u0627\u0644\u0646\u062d\u0627\u0633\u064a\u0629 \u062a\u0648\u0641\u0631 \u0631\u0627\u062d\u0629 \u0639\u0627\u0644\u064a\u0629 \u0641\u064a \u0627\u0644\u0645\u0627\u0621 \u0627\u0644\u0633\u0627\u062e\u0646","robots":{"index":"index","follow":"follow","max-snippet":"max-snippet:-1","max-image-preview":"max-image-preview:large","max-video-preview":"max-video-preview:-1"},"canonical":"https:\/\/govalf.com\/ar\/product\/tek-serpantinli-isi-pompasi-boyleri\/","og_locale":"ar_AR","og_type":"article","og_title":"\u063a\u0644\u0627\u064a\u0629 \u0645\u0636\u062e\u0629 \u062d\u0631\u0627\u0631\u0629 \u0648\u0627\u062d\u062f\u0629 \u0645\u0646 \u0627\u0644\u0632\u0631\u0628\u0646\u062a\u064a\u0646 - Go Valf Vana ve Pompa Sistemleri","og_description":"\u063a\u0644\u0627\u064a\u0629 \u0645\u0636\u062e\u0629 \u062d\u0631\u0627\u0631\u0629 \u0648\u0627\u062d\u062f\u0629 \u0645\u0646 \u0627\u0644\u0632\u0631\u0628\u0646\u062a\u064a\u0646 ; \u063a\u0644\u0627\u064a\u0629 \u0633\u0631\u0628\u0646\u062a\u064a\u0646 \u0645\u0632\u062f\u0648\u062c\u0629 \u0627\u0644\u0623\u0646\u0627\u0628\u064a\u0628 \u0627\u0644\u0646\u062d\u0627\u0633\u064a\u0629 \u062a\u0648\u0641\u0631 \u0631\u0627\u062d\u0629 \u0639\u0627\u0644\u064a\u0629 \u0641\u064a \u0627\u0644\u0645\u0627\u0621 \u0627\u0644\u0633\u0627\u062e\u0646","og_url":"https:\/\/govalf.com\/ar\/product\/tek-serpantinli-isi-pompasi-boyleri\/","og_site_name":"Go Valf Vana ve Pompa Sistemleri","article_modified_time":"2023-04-07T11:49:58+00:00","og_image":[{"width":768,"height":768,"url":"https:\/\/govalf.com\/wp-content\/uploads\/2023\/01\/TEK-SERPANTINLI-ISI-POMPASI-BOYLERI_.png","type":"image\/png"}],"twitter_card":"summary_large_image","schema":{"@context":"https:\/\/schema.org","@graph":[{"@type":"WebPage","@id":"https:\/\/govalf.com\/ar\/product\/tek-serpantinli-isi-pompasi-boyleri\/","url":"https:\/\/govalf.com\/ar\/product\/tek-serpantinli-isi-pompasi-boyleri\/","name":"\u063a\u0644\u0627\u064a\u0629 \u0645\u0636\u062e\u0629 \u062d\u0631\u0627\u0631\u0629 \u0648\u0627\u062d\u062f\u0629 \u0645\u0646 \u0627\u0644\u0632\u0631\u0628\u0646\u062a\u064a\u0646 - Go Valf Vana ve Pompa Sistemleri","isPartOf":{"@id":"https:\/\/govalf.com\/ar\/#website"},"primaryImageOfPage":{"@id":"https:\/\/govalf.com\/ar\/product\/tek-serpantinli-isi-pompasi-boyleri\/#primaryimage"},"image":{"@id":"https:\/\/govalf.com\/ar\/product\/tek-serpantinli-isi-pompasi-boyleri\/#primaryimage"},"thumbnailUrl":"https:\/\/govalf.com\/wp-content\/uploads\/2023\/01\/TEK-SERPANTINLI-ISI-POMPASI-BOYLERI_.png","datePublished":"2023-01-10T05:19:23+00:00","dateModified":"2023-04-07T11:49:58+00:00","description":"\u063a\u0644\u0627\u064a\u0629 \u0645\u0636\u062e\u0629 \u062d\u0631\u0627\u0631\u0629 \u0648\u0627\u062d\u062f\u0629 \u0645\u0646 \u0627\u0644\u0632\u0631\u0628\u0646\u062a\u064a\u0646 ; \u063a\u0644\u0627\u064a\u0629 \u0633\u0631\u0628\u0646\u062a\u064a\u0646 \u0645\u0632\u062f\u0648\u062c\u0629 \u0627\u0644\u0623\u0646\u0627\u0628\u064a\u0628 \u0627\u0644\u0646\u062d\u0627\u0633\u064a\u0629 \u062a\u0648\u0641\u0631 \u0631\u0627\u062d\u0629 \u0639\u0627\u0644\u064a\u0629 \u0641\u064a \u0627\u0644\u0645\u0627\u0621 \u0627\u0644\u0633\u0627\u062e\u0646","breadcrumb":{"@id":"https:\/\/govalf.com\/ar\/product\/tek-serpantinli-isi-pompasi-boyleri\/#breadcrumb"},"inLanguage":"ar","potentialAction":[{"@type":"ReadAction","target":["https:\/\/govalf.com\/ar\/product\/tek-serpantinli-isi-pompasi-boyleri\/"]}]},{"@type":"ImageObject","inLanguage":"ar","@id":"https:\/\/govalf.com\/ar\/product\/tek-serpantinli-isi-pompasi-boyleri\/#primaryimage","url":"https:\/\/govalf.com\/wp-content\/uploads\/2023\/01\/TEK-SERPANTINLI-ISI-POMPASI-BOYLERI_.png","contentUrl":"https:\/\/govalf.com\/wp-content\/uploads\/2023\/01\/TEK-SERPANTINLI-ISI-POMPASI-BOYLERI_.png","width":768,"height":768},{"@type":"BreadcrumbList","@id":"https:\/\/govalf.com\/ar\/product\/tek-serpantinli-isi-pompasi-boyleri\/#breadcrumb","itemListElement":[{"@type":"ListItem","position":1,"name":"Anasayfa","item":"https:\/\/govalf.com\/ar\/"},{"@type":"ListItem","position":2,"name":"Products","item":"https:\/\/govalf.com\/ar\/urunler%d9%85%d9%86%d8%aa%d8%ac%d8%a7%d8%aa\/"},{"@type":"ListItem","position":3,"name":"\u063a\u0644\u0627\u064a\u0629 \u0645\u0636\u062e\u0629 \u062d\u0631\u0627\u0631\u0629 \u0648\u0627\u062d\u062f\u0629 \u0645\u0646 \u0627\u0644\u0632\u0631\u0628\u0646\u062a\u064a\u0646"}]},{"@type":"WebSite","@id":"https:\/\/govalf.com\/ar\/#website","url":"https:\/\/govalf.com\/ar\/","name":"Go Valf Vana ve Pompa Sistemleri","description":"Yang\u0131n S\u00f6nd\u00fcrme Sistemleri ve Ekipmanlar\u0131","publisher":{"@id":"https:\/\/govalf.com\/ar\/#organization"},"potentialAction":[{"@type":"SearchAction","target":{"@type":"EntryPoint","urlTemplate":"https:\/\/govalf.com\/ar\/?s={search_term_string}"},"query-input":{"@type":"PropertyValueSpecification","valueRequired":true,"valueName":"search_term_string"}}],"inLanguage":"ar"},{"@type":"Organization","@id":"https:\/\/govalf.com\/ar\/#organization","name":"Go Valf","url":"https:\/\/govalf.com\/ar\/","logo":{"@type":"ImageObject","inLanguage":"ar","@id":"https:\/\/govalf.com\/ar\/#\/schema\/logo\/image\/","url":"https:\/\/govalf.com\/wp-content\/uploads\/2022\/02\/go-valf-logo.png","contentUrl":"https:\/\/govalf.com\/wp-content\/uploads\/2022\/02\/go-valf-logo.png","width":504,"height":120,"caption":"Go Valf"},"image":{"@id":"https:\/\/govalf.com\/ar\/#\/schema\/logo\/image\/"}}]}},"_links":{"self":[{"href":"https:\/\/govalf.com\/ar\/wp-json\/wp\/v2\/product\/8552","targetHints":{"allow":["GET"]}}],"collection":[{"href":"https:\/\/govalf.com\/ar\/wp-json\/wp\/v2\/product"}],"about":[{"href":"https:\/\/govalf.com\/ar\/wp-json\/wp\/v2\/types\/product"}],"replies":[{"embeddable":true,"href":"https:\/\/govalf.com\/ar\/wp-json\/wp\/v2\/comments?post=8552"}],"wp:featuredmedia":[{"embeddable":true,"href":"https:\/\/govalf.com\/ar\/wp-json\/wp\/v2\/media\/8521"}],"wp:attachment":[{"href":"https:\/\/govalf.com\/ar\/wp-json\/wp\/v2\/media?parent=8552"}],"wp:term":[{"taxonomy":"product_brand","embeddable":true,"href":"https:\/\/govalf.com\/ar\/wp-json\/wp\/v2\/product_brand?post=8552"},{"taxonomy":"product_cat","embeddable":true,"href":"https:\/\/govalf.com\/ar\/wp-json\/wp\/v2\/product_cat?post=8552"},{"taxonomy":"product_tag","embeddable":true,"href":"https:\/\/govalf.com\/ar\/wp-json\/wp\/v2\/product_tag?post=8552"}],"curies":[{"name":"wp","href":"https:\/\/api.w.org\/{rel}","templated":true}]}}