{"id":4229,"date":"2022-03-11T11:30:53","date_gmt":"2022-03-22T10:42:51","guid":{"rendered":"https:\/\/govalf.com\/product\/diffuseur-a-fentes\/"},"modified":"2022-06-22T06:13:20","modified_gmt":"2022-06-22T06:13:20","slug":"diffuseur-a-fentes","status":"publish","type":"product","link":"https:\/\/govalf.com\/fr\/product\/diffuseur-a-fentes\/","title":{"rendered":"Diffuseur \u00e0 Fente"},"content":{"rendered":"<p>&nbsp;<\/p>\n<p>Le diffuseur \u00e0 fente est une pi\u00e8ce qui peut \u00eatre utilis\u00e9e dans presque tous les domaines de la climatisation. Cette partie, qui a pour mission d&rsquo;optimiser la r\u00e9partition de l&rsquo;air, a \u00e9galement pour fonction de r\u00e9gler le d\u00e9bit d&rsquo;air. Par cons\u00e9quent, on peut dire que le diffuseur \u00e0 fente a une t\u00e2che tr\u00e8s critique dans les solutions de climatisation. Cette partie, qui permet au syst\u00e8me de fonctionner conform\u00e9ment \u00e0 ses objectifs, a une structure longue et fine. Le fait que sa conception ait une structure esth\u00e9tique par rapport aux autres diffuseurs permet de l&rsquo;utiliser de mani\u00e8re d\u00e9corative dans les espaces de vie. Surtout dans les solutions de chauffage central ou de refroidissement, les diffuseurs \u00e0 fentes sont largement utilis\u00e9s.<\/p>\n<p><strong>Qu&rsquo;est-ce qu&rsquo;un diffuseur \u00e0 fentes et \u00e0 quoi sert-il\u00a0?<\/strong><\/p>\n<p>Le diffuseur \u00e0 fente fait partie des syst\u00e8mes de climatisation, \u00e9galement connu sous le nom de \u00ab\u00a0diffuseur \u00e0 fente lin\u00e9aire\u00a0\u00bb. Dans les syst\u00e8mes centraux, la t\u00e2che de cette partie est de distribuer l&rsquo;air dans le b\u00e2timent. Il effectue cette t\u00e2che \u00e0 l&rsquo;aide de canaux m\u00e9talliques. Le principe de fonctionnement du diffuseur est de transf\u00e9rer l&rsquo;air d&rsquo;une pi\u00e8ce vers d&rsquo;autres pi\u00e8ces \u00e0 l&rsquo;aide de diff\u00e9rents terminaux.<\/p>\n<p>Ainsi, le d\u00e9bit d&rsquo;air est am\u00e9lior\u00e9 et il a le standard demand\u00e9. Il est \u00e9galement possible d&rsquo;utiliser cette fonction du diffuseur \u00e0 fentes dans des solutions de chauffage et de refroidissement. L&rsquo;air froid ou chaud produit de mani\u00e8re centralis\u00e9e peut \u00eatre distribu\u00e9 dans diff\u00e9rents canaux \u00e0 l&rsquo;aide de terminaux. Les diffuseurs ont souvent des pales r\u00e9glables pour r\u00e9partir l&rsquo;air qu&rsquo;ils re\u00e7oivent du centre. Ces pales garantissent que l&rsquo;air peut \u00eatre contr\u00f4l\u00e9 et distribu\u00e9 de la mani\u00e8re la plus appropri\u00e9e en fonction des exigences en ligne avec l&rsquo;initiative.<\/p>\n<p><strong>Qu&rsquo;est-ce que le diffuseur de fente\u00a0?<\/strong><\/p>\n<p>Le diffuseur \u00e0 fente est une solution de ventilation largement pr\u00e9f\u00e9r\u00e9e, en particulier dans l&rsquo;industrie de la construction. Ces pi\u00e8ces, qui sont principalement positionn\u00e9es sur les plafonds, conviennent \u00e9galement aux cloisons s\u00e8ches et aux murs si n\u00e9cessaire. Il est \u00e9galement possible de positionner le diffuseur dans l&rsquo;une des zones au sol si n\u00e9cessaire. Avoir un large \u00e9ventail d&rsquo;utilisations est la raison la plus importante pour laquelle le diffuseur \u00e0 fente est souvent pr\u00e9f\u00e9r\u00e9.<\/p>\n<p>L&rsquo;avantage le plus important du diffuseur \u00e0 fente est que sa conception a une structure plus efficace par rapport aux diffuseurs conventionnels. Bien que les conceptions ovales et rondes soient appliqu\u00e9es dans les conceptions traditionnelles, cette conception peut emp\u00eacher la pi\u00e8ce d&rsquo;\u00eatre correctement positionn\u00e9e dans la pi\u00e8ce. La situation est diff\u00e9rente avec le Slot Diffuser. Sa structure fine et allong\u00e9e lui permet d&rsquo;\u00eatre utilis\u00e9 dans tous les domaines esth\u00e9tiques.<\/p>\n<p><strong>Que fait un diffuseur \u00e0 fentes\u00a0?<\/strong><\/p>\n<p>Le diffuseur \u00e0 fente a une conception appropri\u00e9e pour r\u00e9aliser des prises de vue verticales et horizontales. Conforme aux normes ETIAL \u2013 60, le diffuseur offre des avantages attractifs \u00e0 l&rsquo;utilisateur tant au niveau de la coloration que du design. Si vous le souhaitez, il est possible de peindre avec des peintures en poudre \u00e9lectrostatiques.<\/p>\n<p>Les diffuseurs \u00e0 fente sont les plus appr\u00e9ci\u00e9s parmi les diffuseurs en raison de leur possibilit\u00e9 de peinture, de leur adaptation facile \u00e0 l&rsquo;environnement et de leur facilit\u00e9 d&rsquo;utilisation. Cependant, il est possible de dire qu&rsquo;il est un peu plus co\u00fbteux que les autres diffuseurs. Les diffuseurs \u00e0 fentes ont des mod\u00e8les compos\u00e9s de 1, 2, 3 ou 4 fentes. Il est possible d&rsquo;obtenir la solution la plus efficace pour la climatisation en choisissant le nombre de cr\u00e9neaux en fonction des besoins.<\/p>\n<p><strong>O\u00f9 utiliser le diffuseur de fente\u00a0?<\/strong><\/p>\n<p>Le diffuseur \u00e0 fente convient \u00e0 une utilisation dans presque toutes les zones o\u00f9 il y a une demande de climatisation. Afin d&rsquo;obtenir le standard de tir le plus efficace du diffuseur, il convient de pr\u00eater attention \u00e0 la zone o\u00f9 il se trouve. Les probl\u00e8mes \u00e9ventuels peuvent \u00eatre r\u00e9solus avec diverses applications suppl\u00e9mentaires dans le processus d&rsquo;assemblage. Il est le plus souvent install\u00e9 \u00e0 l&rsquo;aide de caissons de raccordement.<\/p>\n<p>Bien que les caissons de raccordement offrent les caract\u00e9ristiques de prise de vue les plus efficaces, ils ont \u00e9galement un effet sur l&rsquo;isolation. De plus, les volets utilis\u00e9s en compl\u00e9ment de ces caissons permettent de r\u00e9gler facilement le diffuseur. Les bo\u00eetes en t\u00f4le galvanis\u00e9e peuvent \u00e9galement \u00eatre pr\u00e9f\u00e9r\u00e9es afin de fournir une isolation phonique plus efficace lors du processus d&rsquo;assemblage des diffuseurs \u00e0 fentes. Ces caissons prot\u00e9geront l&rsquo;acoustique tout en assurant une isolation phonique efficace.<\/p>\n","protected":false},"excerpt":{"rendered":"<p>&nbsp; Le diffuseur \u00e0 fente est une pi\u00e8ce qui peut \u00eatre utilis\u00e9e dans presque tous les domaines de la climatisation. Cette partie, qui a pour mission d&rsquo;optimiser la r\u00e9partition de l&rsquo;air, a \u00e9galement pour fonction de r\u00e9gler le d\u00e9bit d&rsquo;air. Par cons\u00e9quent, on peut dire que le diffuseur \u00e0 fente a une t\u00e2che tr\u00e8s critique [&hellip;]<\/p>\n","protected":false},"featured_media":3724,"comment_status":"open","ping_status":"closed","template":"","meta":{"_acf_changed":false},"product_brand":[],"product_cat":[116],"product_tag":[],"class_list":{"0":"post-4229","1":"product","2":"type-product","3":"status-publish","4":"has-post-thumbnail","6":"product_cat-canaux-dair-flexibles","8":"first","9":"instock","10":"shipping-taxable","11":"product-type-simple"},"acf":[],"yoast_head":"<!-- This site is optimized with the Yoast SEO plugin v27.4 - https:\/\/yoast.com\/product\/yoast-seo-wordpress\/ -->\n<title>Diffuseur \u00e0 Fente - Go Valf Vana ve Pompa Sistemleri<\/title>\n<meta name=\"robots\" content=\"index, follow, max-snippet:-1, max-image-preview:large, max-video-preview:-1\" \/>\n<link rel=\"canonical\" href=\"https:\/\/govalf.com\/fr\/product\/diffuseur-a-fentes\/\" \/>\n<meta property=\"og:locale\" content=\"fr_FR\" \/>\n<meta property=\"og:type\" content=\"article\" \/>\n<meta property=\"og:title\" content=\"Diffuseur \u00e0 Fente - Go Valf Vana ve Pompa Sistemleri\" \/>\n<meta property=\"og:description\" content=\"&nbsp; Le diffuseur \u00e0 fente est une pi\u00e8ce qui peut \u00eatre utilis\u00e9e dans presque tous les domaines de la climatisation. Cette partie, qui a pour mission d&rsquo;optimiser la r\u00e9partition de l&rsquo;air, a \u00e9galement pour fonction de r\u00e9gler le d\u00e9bit d&rsquo;air. Par cons\u00e9quent, on peut dire que le diffuseur \u00e0 fente a une t\u00e2che tr\u00e8s critique [&hellip;]\" \/>\n<meta property=\"og:url\" content=\"https:\/\/govalf.com\/fr\/product\/diffuseur-a-fentes\/\" \/>\n<meta property=\"og:site_name\" content=\"Go Valf Vana ve Pompa Sistemleri\" \/>\n<meta property=\"article:modified_time\" content=\"2022-06-22T06:13:20+00:00\" \/>\n<meta property=\"og:image\" content=\"https:\/\/govalf.com\/wp-content\/uploads\/2022\/03\/SLOT-DI\u0307FU\u0308ZO\u0308R-1024x1024.png\" \/>\n\t<meta property=\"og:image:width\" content=\"1024\" \/>\n\t<meta property=\"og:image:height\" content=\"1024\" \/>\n\t<meta property=\"og:image:type\" content=\"image\/png\" \/>\n<meta name=\"twitter:card\" content=\"summary_large_image\" \/>\n<meta name=\"twitter:label1\" content=\"Dur\u00e9e de lecture estim\u00e9e\" \/>\n\t<meta name=\"twitter:data1\" content=\"1 minute\" \/>\n<script type=\"application\/ld+json\" class=\"yoast-schema-graph\">{\"@context\":\"https:\\\/\\\/schema.org\",\"@graph\":[{\"@type\":\"WebPage\",\"@id\":\"https:\\\/\\\/govalf.com\\\/fr\\\/product\\\/diffuseur-a-fentes\\\/\",\"url\":\"https:\\\/\\\/govalf.com\\\/fr\\\/product\\\/diffuseur-a-fentes\\\/\",\"name\":\"Diffuseur \u00e0 Fente - Go Valf Vana ve Pompa Sistemleri\",\"isPartOf\":{\"@id\":\"https:\\\/\\\/govalf.com\\\/ar\\\/#website\"},\"primaryImageOfPage\":{\"@id\":\"https:\\\/\\\/govalf.com\\\/fr\\\/product\\\/diffuseur-a-fentes\\\/#primaryimage\"},\"image\":{\"@id\":\"https:\\\/\\\/govalf.com\\\/fr\\\/product\\\/diffuseur-a-fentes\\\/#primaryimage\"},\"thumbnailUrl\":\"https:\\\/\\\/govalf.com\\\/wp-content\\\/uploads\\\/2022\\\/03\\\/SLOT-DI\u0307FU\u0308ZO\u0308R.png\",\"datePublished\":\"2022-03-22T10:42:51+00:00\",\"dateModified\":\"2022-06-22T06:13:20+00:00\",\"breadcrumb\":{\"@id\":\"https:\\\/\\\/govalf.com\\\/fr\\\/product\\\/diffuseur-a-fentes\\\/#breadcrumb\"},\"inLanguage\":\"fr-FR\",\"potentialAction\":[{\"@type\":\"ReadAction\",\"target\":[\"https:\\\/\\\/govalf.com\\\/fr\\\/product\\\/diffuseur-a-fentes\\\/\"]}]},{\"@type\":\"ImageObject\",\"inLanguage\":\"fr-FR\",\"@id\":\"https:\\\/\\\/govalf.com\\\/fr\\\/product\\\/diffuseur-a-fentes\\\/#primaryimage\",\"url\":\"https:\\\/\\\/govalf.com\\\/wp-content\\\/uploads\\\/2022\\\/03\\\/SLOT-DI\u0307FU\u0308ZO\u0308R.png\",\"contentUrl\":\"https:\\\/\\\/govalf.com\\\/wp-content\\\/uploads\\\/2022\\\/03\\\/SLOT-DI\u0307FU\u0308ZO\u0308R.png\",\"width\":5000,\"height\":5000,\"caption\":\"Slot Dif\u00fcz\u00f6r\"},{\"@type\":\"BreadcrumbList\",\"@id\":\"https:\\\/\\\/govalf.com\\\/fr\\\/product\\\/diffuseur-a-fentes\\\/#breadcrumb\",\"itemListElement\":[{\"@type\":\"ListItem\",\"position\":1,\"name\":\"Anasayfa\",\"item\":\"https:\\\/\\\/govalf.com\\\/fr\\\/\"},{\"@type\":\"ListItem\",\"position\":2,\"name\":\"Products\",\"item\":\"https:\\\/\\\/govalf.com\\\/ar\\\/urunler%d9%85%d9%86%d8%aa%d8%ac%d8%a7%d8%aa\\\/\"},{\"@type\":\"ListItem\",\"position\":3,\"name\":\"Diffuseur \u00e0 Fente\"}]},{\"@type\":\"WebSite\",\"@id\":\"https:\\\/\\\/govalf.com\\\/ar\\\/#website\",\"url\":\"https:\\\/\\\/govalf.com\\\/ar\\\/\",\"name\":\"Go Valf Vana ve Pompa Sistemleri\",\"description\":\"Yang\u0131n S\u00f6nd\u00fcrme Sistemleri ve Ekipmanlar\u0131\",\"publisher\":{\"@id\":\"https:\\\/\\\/govalf.com\\\/ar\\\/#organization\"},\"potentialAction\":[{\"@type\":\"SearchAction\",\"target\":{\"@type\":\"EntryPoint\",\"urlTemplate\":\"https:\\\/\\\/govalf.com\\\/ar\\\/?s={search_term_string}\"},\"query-input\":{\"@type\":\"PropertyValueSpecification\",\"valueRequired\":true,\"valueName\":\"search_term_string\"}}],\"inLanguage\":\"fr-FR\"},{\"@type\":\"Organization\",\"@id\":\"https:\\\/\\\/govalf.com\\\/ar\\\/#organization\",\"name\":\"Go Valf\",\"url\":\"https:\\\/\\\/govalf.com\\\/ar\\\/\",\"logo\":{\"@type\":\"ImageObject\",\"inLanguage\":\"fr-FR\",\"@id\":\"https:\\\/\\\/govalf.com\\\/ar\\\/#\\\/schema\\\/logo\\\/image\\\/\",\"url\":\"https:\\\/\\\/govalf.com\\\/wp-content\\\/uploads\\\/2022\\\/02\\\/go-valf-logo.png\",\"contentUrl\":\"https:\\\/\\\/govalf.com\\\/wp-content\\\/uploads\\\/2022\\\/02\\\/go-valf-logo.png\",\"width\":504,\"height\":120,\"caption\":\"Go Valf\"},\"image\":{\"@id\":\"https:\\\/\\\/govalf.com\\\/ar\\\/#\\\/schema\\\/logo\\\/image\\\/\"}}]}<\/script>\n<!-- \/ Yoast SEO plugin. -->","yoast_head_json":{"title":"Diffuseur \u00e0 Fente - Go Valf Vana ve Pompa Sistemleri","robots":{"index":"index","follow":"follow","max-snippet":"max-snippet:-1","max-image-preview":"max-image-preview:large","max-video-preview":"max-video-preview:-1"},"canonical":"https:\/\/govalf.com\/fr\/product\/diffuseur-a-fentes\/","og_locale":"fr_FR","og_type":"article","og_title":"Diffuseur \u00e0 Fente - Go Valf Vana ve Pompa Sistemleri","og_description":"&nbsp; Le diffuseur \u00e0 fente est une pi\u00e8ce qui peut \u00eatre utilis\u00e9e dans presque tous les domaines de la climatisation. Cette partie, qui a pour mission d&rsquo;optimiser la r\u00e9partition de l&rsquo;air, a \u00e9galement pour fonction de r\u00e9gler le d\u00e9bit d&rsquo;air. Par cons\u00e9quent, on peut dire que le diffuseur \u00e0 fente a une t\u00e2che tr\u00e8s critique [&hellip;]","og_url":"https:\/\/govalf.com\/fr\/product\/diffuseur-a-fentes\/","og_site_name":"Go Valf Vana ve Pompa Sistemleri","article_modified_time":"2022-06-22T06:13:20+00:00","og_image":[{"width":1024,"height":1024,"url":"https:\/\/govalf.com\/wp-content\/uploads\/2022\/03\/SLOT-DI\u0307FU\u0308ZO\u0308R-1024x1024.png","type":"image\/png"}],"twitter_card":"summary_large_image","twitter_misc":{"Dur\u00e9e de lecture estim\u00e9e":"1 minute"},"schema":{"@context":"https:\/\/schema.org","@graph":[{"@type":"WebPage","@id":"https:\/\/govalf.com\/fr\/product\/diffuseur-a-fentes\/","url":"https:\/\/govalf.com\/fr\/product\/diffuseur-a-fentes\/","name":"Diffuseur \u00e0 Fente - Go Valf Vana ve Pompa Sistemleri","isPartOf":{"@id":"https:\/\/govalf.com\/ar\/#website"},"primaryImageOfPage":{"@id":"https:\/\/govalf.com\/fr\/product\/diffuseur-a-fentes\/#primaryimage"},"image":{"@id":"https:\/\/govalf.com\/fr\/product\/diffuseur-a-fentes\/#primaryimage"},"thumbnailUrl":"https:\/\/govalf.com\/wp-content\/uploads\/2022\/03\/SLOT-DI\u0307FU\u0308ZO\u0308R.png","datePublished":"2022-03-22T10:42:51+00:00","dateModified":"2022-06-22T06:13:20+00:00","breadcrumb":{"@id":"https:\/\/govalf.com\/fr\/product\/diffuseur-a-fentes\/#breadcrumb"},"inLanguage":"fr-FR","potentialAction":[{"@type":"ReadAction","target":["https:\/\/govalf.com\/fr\/product\/diffuseur-a-fentes\/"]}]},{"@type":"ImageObject","inLanguage":"fr-FR","@id":"https:\/\/govalf.com\/fr\/product\/diffuseur-a-fentes\/#primaryimage","url":"https:\/\/govalf.com\/wp-content\/uploads\/2022\/03\/SLOT-DI\u0307FU\u0308ZO\u0308R.png","contentUrl":"https:\/\/govalf.com\/wp-content\/uploads\/2022\/03\/SLOT-DI\u0307FU\u0308ZO\u0308R.png","width":5000,"height":5000,"caption":"Slot Dif\u00fcz\u00f6r"},{"@type":"BreadcrumbList","@id":"https:\/\/govalf.com\/fr\/product\/diffuseur-a-fentes\/#breadcrumb","itemListElement":[{"@type":"ListItem","position":1,"name":"Anasayfa","item":"https:\/\/govalf.com\/fr\/"},{"@type":"ListItem","position":2,"name":"Products","item":"https:\/\/govalf.com\/ar\/urunler%d9%85%d9%86%d8%aa%d8%ac%d8%a7%d8%aa\/"},{"@type":"ListItem","position":3,"name":"Diffuseur \u00e0 Fente"}]},{"@type":"WebSite","@id":"https:\/\/govalf.com\/ar\/#website","url":"https:\/\/govalf.com\/ar\/","name":"Go Valf Vana ve Pompa Sistemleri","description":"Yang\u0131n S\u00f6nd\u00fcrme Sistemleri ve Ekipmanlar\u0131","publisher":{"@id":"https:\/\/govalf.com\/ar\/#organization"},"potentialAction":[{"@type":"SearchAction","target":{"@type":"EntryPoint","urlTemplate":"https:\/\/govalf.com\/ar\/?s={search_term_string}"},"query-input":{"@type":"PropertyValueSpecification","valueRequired":true,"valueName":"search_term_string"}}],"inLanguage":"fr-FR"},{"@type":"Organization","@id":"https:\/\/govalf.com\/ar\/#organization","name":"Go Valf","url":"https:\/\/govalf.com\/ar\/","logo":{"@type":"ImageObject","inLanguage":"fr-FR","@id":"https:\/\/govalf.com\/ar\/#\/schema\/logo\/image\/","url":"https:\/\/govalf.com\/wp-content\/uploads\/2022\/02\/go-valf-logo.png","contentUrl":"https:\/\/govalf.com\/wp-content\/uploads\/2022\/02\/go-valf-logo.png","width":504,"height":120,"caption":"Go Valf"},"image":{"@id":"https:\/\/govalf.com\/ar\/#\/schema\/logo\/image\/"}}]}},"_links":{"self":[{"href":"https:\/\/govalf.com\/fr\/wp-json\/wp\/v2\/product\/4229","targetHints":{"allow":["GET"]}}],"collection":[{"href":"https:\/\/govalf.com\/fr\/wp-json\/wp\/v2\/product"}],"about":[{"href":"https:\/\/govalf.com\/fr\/wp-json\/wp\/v2\/types\/product"}],"replies":[{"embeddable":true,"href":"https:\/\/govalf.com\/fr\/wp-json\/wp\/v2\/comments?post=4229"}],"wp:featuredmedia":[{"embeddable":true,"href":"https:\/\/govalf.com\/fr\/wp-json\/wp\/v2\/media\/3724"}],"wp:attachment":[{"href":"https:\/\/govalf.com\/fr\/wp-json\/wp\/v2\/media?parent=4229"}],"wp:term":[{"taxonomy":"product_brand","embeddable":true,"href":"https:\/\/govalf.com\/fr\/wp-json\/wp\/v2\/product_brand?post=4229"},{"taxonomy":"product_cat","embeddable":true,"href":"https:\/\/govalf.com\/fr\/wp-json\/wp\/v2\/product_cat?post=4229"},{"taxonomy":"product_tag","embeddable":true,"href":"https:\/\/govalf.com\/fr\/wp-json\/wp\/v2\/product_tag?post=4229"}],"curies":[{"name":"wp","href":"https:\/\/api.w.org\/{rel}","templated":true}]}}