{"id":4238,"date":"2022-03-22T10:59:04","date_gmt":"2022-03-22T10:59:04","guid":{"rendered":"https:\/\/govalf.com\/product\/navire-anemostad\/"},"modified":"2022-06-08T10:01:11","modified_gmt":"2022-06-08T10:01:11","slug":"disque-diffuseur","status":"publish","type":"product","link":"https:\/\/govalf.com\/fr\/product\/disque-diffuseur\/","title":{"rendered":"Disque Diffuseur"},"content":{"rendered":"<p>Le diffuseur \u00e0 disque est un produit fr\u00e9quemment pr\u00e9f\u00e9r\u00e9 dans les syst\u00e8mes de ventilation de confort. Le produit, qui a une large gamme d&rsquo;utilisations, peut \u00eatre fabriqu\u00e9 \u00e0 partir de diff\u00e9rents mat\u00e9riaux. Bien qu&rsquo;il soit g\u00e9n\u00e9ralement fabriqu\u00e9 en aluminium, il peut \u00e9galement \u00eatre fabriqu\u00e9 \u00e0 partir de t\u00f4le galvanis\u00e9e. Il est fabriqu\u00e9 avec des ressorts en standard et comprend diff\u00e9rents types.<\/p>\n<p>Le produit, qui est pr\u00e9f\u00e9r\u00e9 dans les syst\u00e8mes de refroidissement, de chauffage, de climatisation et de ventilation \u00e0 basse ou moyenne pression, a une conception sp\u00e9ciale. \u00a0Il peut \u00eatre pr\u00e9f\u00e9r\u00e9 pour l&rsquo;aspiration ainsi que pour la fonction de soufflage. Gr\u00e2ce \u00e0 ses caract\u00e9ristiques, il peut \u00eatre install\u00e9 confortablement et facilement.<\/p>\n<h2>Qu&rsquo;est-ce qu&rsquo;un diffuseur de disque et ce qu&rsquo;il fait?<\/h2>\n<p>Le diffuseur \u00e0 disque, qui a une large gamme d&rsquo;utilisations, est g\u00e9n\u00e9ralement propos\u00e9 \u00e0 la vente comme produit utilis\u00e9 dans les syst\u00e8mes de ventilation de confort. Il peut \u00eatre pr\u00e9f\u00e9r\u00e9 dans les syst\u00e8mes de ventilation, de refroidissement ou de chauffage ainsi que dans les syst\u00e8mes de climatisation \u00e0 basse ou moyenne pression. La diff\u00e9rence de zone d&rsquo;utilisation indique que la fonction du produit varie \u00e9galement.<\/p>\n<p>La fonction de soufflage garantit que le produit est souvent pr\u00e9f\u00e9r\u00e9 dans les syst\u00e8mes de chauffage et de refroidissement. De plus, la puissance d&rsquo;aspiration permet au produit d&rsquo;\u00eatre l&rsquo;un des \u00e9l\u00e9ments essentiels des syst\u00e8mes de ventilation. Le produit ne contient pas de pi\u00e8ces m\u00e9talliques, le plastique ABS est pr\u00e9f\u00e9r\u00e9 dans tout le produit. Sa haute qualit\u00e9 de surface garantit qu&rsquo;il peut \u00eatre utilis\u00e9 dans n&rsquo;importe quel environnement et peut \u00eatre utilis\u00e9 sans aucun probl\u00e8me.<\/p>\n<h3>Qu&rsquo;est-ce qu&rsquo;un diffuseur de disque?<\/h3>\n<p>Parmi les produits sp\u00e9cialement con\u00e7us, le diffuseur \u00e0 disque peut \u00eatre utilis\u00e9 dans diff\u00e9rents domaines de type distributeur ou collecteur. Le produit, qui est pr\u00e9f\u00e9r\u00e9 dans de nombreux domaines, en particulier dans la salle de bain et les toilettes, a une puissance d&rsquo;aspiration \u00e9lev\u00e9e. De plus, la fonction de soufflage permet de l&rsquo;utiliser pour ajuster la valeur de temp\u00e9rature de l&rsquo;environnement.<\/p>\n<p>G\u00e9n\u00e9ralement, une feuille d&rsquo;aluminium ou galvanis\u00e9e est utilis\u00e9e dans la fabrication du produit. Sa structure int\u00e9gr\u00e9e garantit que les fuites d&rsquo;air entre les pi\u00e8ces peuvent \u00eatre \u00e9limin\u00e9es. L&rsquo;anneau de montage sur celui-ci permet d&rsquo;assembler le produit rapidement et pratiquement. Gr\u00e2ce \u00e0 ses caract\u00e9ristiques, anemostad est propos\u00e9 \u00e0 la vente comme un produit tr\u00e8s adapt\u00e9 au montage au plafond et au front.<\/p>\n<h3>Que fait un diffuseur \u00e0 disque ?<\/h3>\n<p>Le diffuseur \u00e0 disque est un produit qui contient de nombreuses fonctionnalit\u00e9s et est souvent pr\u00e9f\u00e9r\u00e9. Il est possible d&rsquo;\u00e9num\u00e9rer ses caract\u00e9ristiques en termes g\u00e9n\u00e9raux comme suit:<\/p>\n<ul>\n<li>Il peut \u00eatre pr\u00e9f\u00e9r\u00e9 dans les syst\u00e8mes de ventilation ainsi que dans les syst\u00e8mes de chauffage et de refroidissement pouvant fonctionner \u00e0 basse et moyenne pression.<\/li>\n<li>Sa conception a\u00e9rodynamique offre une perte de charge minimale.<\/li>\n<li>Sa haute qualit\u00e9 de surface permet d&rsquo;obtenir une harmonie esth\u00e9tique avec n&rsquo;importe quel environnement.<\/li>\n<li>Le collier de montage permet de le monter en tr\u00e8s peu de temps.<\/li>\n<li>Il peut \u00eatre facilement pr\u00e9f\u00e9r\u00e9 dans les canaux de soufflage et d&rsquo;aspiration.<\/li>\n<li>Bien qu&rsquo;il soit g\u00e9n\u00e9ralement fabriqu\u00e9 avec un bo\u00eetier aveugle, il peut \u00e9galement \u00eatre fabriqu\u00e9 avec un ressort ponctuel.<\/li>\n<li>Il peut \u00eatre pr\u00e9f\u00e9r\u00e9 dans les espaces toilettes et douches ainsi que dans les espaces sanitaires.<\/li>\n<\/ul>\n<p>Chacune des caract\u00e9ristiques sp\u00e9cifi\u00e9es permet au produit d&rsquo;avoir une large gamme d&rsquo;utilisations. \u00a0Le produit, qui peut \u00eatre pr\u00e9f\u00e9r\u00e9 dans les syst\u00e8mes de ventilation gr\u00e2ce \u00e0 sa puissance d&rsquo;aspiration \u00e9lev\u00e9e, peut \u00e9galement \u00eatre utilis\u00e9 comme \u00e9l\u00e9ment de syst\u00e8mes de chauffage et de refroidissement.<\/p>\n<h3>O\u00f9 est utilis\u00e9 le diffuseur de disque?<\/h3>\n<p>Attirant l&rsquo;attention avec ses caract\u00e9ristiques innovantes, le diffuseur \u00e0 disque a la particularit\u00e9 d&rsquo;\u00eatre un produit pouvant \u00eatre utilis\u00e9 dans diff\u00e9rents domaines. Bien qu&rsquo;il soit g\u00e9n\u00e9ralement utilis\u00e9 dans les douches et les salles de bains, il est \u00e9galement pr\u00e9f\u00e9r\u00e9 dans les toilettes. Le boulon de r\u00e9glage situ\u00e9 au c\u0153ur du produit permet de r\u00e9gler le d\u00e9bit d&rsquo;air dans la mesure souhait\u00e9e et facilement.<\/p>\n<p>R\u00e9aliser l&rsquo;assemblage conform\u00e9ment aux normes d\u00e9termin\u00e9es permet d&rsquo;obtenir beaucoup plus d&rsquo;efficacit\u00e9 du produit. L&rsquo;anneau de montage inclus dans le produit permet de monter le produit dans la zone d\u00e9sign\u00e9e en peu de temps. De plus, gr\u00e2ce \u00e0 sa structure de qualit\u00e9, il peut \u00eatre utilis\u00e9 pendant longtemps.<\/p>\n<p>Conception sp\u00e9ciale pour les syst\u00e8mes de chauffage, de refroidissement, de ventilation et de climatisation fonctionnant \u00e0 basse et moyenne pression, peut \u00eatre utilis\u00e9 \u00e0 la fois pour le soufflage et l&rsquo;aspiration, offre une tr\u00e8s faible valeur de perte de charge gr\u00e2ce \u00e0 sa conception a\u00e9rodynamique, est enti\u00e8rement en plastique ABS, sans m\u00e9tal pi\u00e8ces, peut \u00eatre utilis\u00e9 dans n&rsquo;importe quel environnement gr\u00e2ce \u00e0 sa grande qualit\u00e9 de surface.Il offre une harmonie esth\u00e9tique, gr\u00e2ce \u00e0 sa structure int\u00e9gr\u00e9e, les fuites d&rsquo;air entre les pi\u00e8ces sont \u00e9limin\u00e9es, et gr\u00e2ce \u00e0 sa bague de montage, il permet un montage facile en 1 minute.<\/p>\n<p>\u2022 Conception sp\u00e9ciale pour les syst\u00e8mes de chauffage, de refroidissement, de ventilation et de climatisation \u00e0 basse et moyenne pression<\/p>\n<p>\u2022\u00a0Peut \u00eatre utilis\u00e9 \u00e0 la fois pour le soufflage et l&rsquo;aspiration<\/p>\n<p>\u2022 Offre une tr\u00e8s faible valeur de perte de pression gr\u00e2ce \u00e0 sa conception a\u00e9rodynamique<\/p>\n<p>\u2022\u00a0Il est enti\u00e8rement fabriqu\u00e9 en plastique ABS sans pi\u00e8ces m\u00e9talliques.<\/p>\n<p>\u2022 Fournit une harmonie esth\u00e9tique avec n&rsquo;importe quel environnement gr\u00e2ce \u00e0 sa haute qualit\u00e9 de surface.<\/p>\n<p>\u2022 Les fuites d&rsquo;air entre les pi\u00e8ces sont \u00e9limin\u00e9es gr\u00e2ce \u00e0 sa structure int\u00e9gr\u00e9e.<\/p>\n<p>\u2022 Fournit un montage facile en 1 minute gr\u00e2ce \u00e0 sa bague de montage<\/p>\n<p>&nbsp;<\/p>\n<div class=\"title_style1\">\n<h2><a href=\"https:\/\/govalf.com\/fr\/la-communication\/\">LA COMMUNICATION<\/a><\/h2>\n<\/div>\n<div class=\"contact_list__wrapper\">\n<div class=\"contact1__item border-bottom-widget pb-35 mt-40\">\n<div class=\"contact1__thumb\"><\/div>\n<\/div>\n<\/div>\n","protected":false},"excerpt":{"rendered":"<p>Le diffuseur \u00e0 disque est un produit fr\u00e9quemment pr\u00e9f\u00e9r\u00e9 dans les syst\u00e8mes de ventilation de confort. Le produit, qui a une large gamme d&rsquo;utilisations, peut \u00eatre fabriqu\u00e9 \u00e0 partir de diff\u00e9rents mat\u00e9riaux. Bien qu&rsquo;il soit g\u00e9n\u00e9ralement fabriqu\u00e9 en aluminium, il peut \u00e9galement \u00eatre fabriqu\u00e9 \u00e0 partir de t\u00f4le galvanis\u00e9e. Il est fabriqu\u00e9 avec des ressorts [&hellip;]<\/p>\n","protected":false},"featured_media":5534,"comment_status":"open","ping_status":"closed","template":"","meta":{"_acf_changed":false},"product_brand":[],"product_cat":[116],"product_tag":[],"class_list":{"0":"post-4238","1":"product","2":"type-product","3":"status-publish","4":"has-post-thumbnail","6":"product_cat-canaux-dair-flexibles","8":"first","9":"instock","10":"shipping-taxable","11":"product-type-simple"},"acf":[],"yoast_head":"<!-- This site is optimized with the Yoast SEO plugin v27.4 - https:\/\/yoast.com\/product\/yoast-seo-wordpress\/ -->\n<title>Disque Diffuseur - Go Valf Vana ve Pompa Sistemleri<\/title>\n<meta name=\"description\" content=\"Le diffuseur \u00e0 disque est un produit fr\u00e9quemment pr\u00e9f\u00e9r\u00e9 dans les syst\u00e8mes de ventilation de confort. Le produit, qui a une large\" \/>\n<meta name=\"robots\" content=\"index, follow, max-snippet:-1, max-image-preview:large, max-video-preview:-1\" \/>\n<link rel=\"canonical\" href=\"https:\/\/govalf.com\/fr\/product\/disque-diffuseur\/\" \/>\n<meta property=\"og:locale\" content=\"fr_FR\" \/>\n<meta property=\"og:type\" content=\"article\" \/>\n<meta property=\"og:title\" content=\"Disque Diffuseur - Go Valf Vana ve Pompa Sistemleri\" \/>\n<meta property=\"og:description\" content=\"Le diffuseur \u00e0 disque est un produit fr\u00e9quemment pr\u00e9f\u00e9r\u00e9 dans les syst\u00e8mes de ventilation de confort. Le produit, qui a une large\" \/>\n<meta property=\"og:url\" content=\"https:\/\/govalf.com\/fr\/product\/disque-diffuseur\/\" \/>\n<meta property=\"og:site_name\" content=\"Go Valf Vana ve Pompa Sistemleri\" \/>\n<meta property=\"article:modified_time\" content=\"2022-06-08T10:01:11+00:00\" \/>\n<meta property=\"og:image\" content=\"https:\/\/govalf.com\/wp-content\/uploads\/2022\/03\/Disque-Diffuseur-scaled.webp\" \/>\n\t<meta property=\"og:image:width\" content=\"2560\" \/>\n\t<meta property=\"og:image:height\" content=\"2560\" \/>\n\t<meta property=\"og:image:type\" content=\"image\/webp\" \/>\n<meta name=\"twitter:card\" content=\"summary_large_image\" \/>\n<meta name=\"twitter:label1\" content=\"Dur\u00e9e de lecture estim\u00e9e\" \/>\n\t<meta name=\"twitter:data1\" content=\"2 minutes\" \/>\n<script type=\"application\/ld+json\" class=\"yoast-schema-graph\">{\"@context\":\"https:\\\/\\\/schema.org\",\"@graph\":[{\"@type\":\"WebPage\",\"@id\":\"https:\\\/\\\/govalf.com\\\/fr\\\/product\\\/disque-diffuseur\\\/\",\"url\":\"https:\\\/\\\/govalf.com\\\/fr\\\/product\\\/disque-diffuseur\\\/\",\"name\":\"Disque Diffuseur - Go Valf Vana ve Pompa Sistemleri\",\"isPartOf\":{\"@id\":\"https:\\\/\\\/govalf.com\\\/ar\\\/#website\"},\"primaryImageOfPage\":{\"@id\":\"https:\\\/\\\/govalf.com\\\/fr\\\/product\\\/disque-diffuseur\\\/#primaryimage\"},\"image\":{\"@id\":\"https:\\\/\\\/govalf.com\\\/fr\\\/product\\\/disque-diffuseur\\\/#primaryimage\"},\"thumbnailUrl\":\"https:\\\/\\\/govalf.com\\\/wp-content\\\/uploads\\\/2022\\\/03\\\/Disque-Diffuseur-scaled.webp\",\"datePublished\":\"2022-03-22T10:59:04+00:00\",\"dateModified\":\"2022-06-08T10:01:11+00:00\",\"description\":\"Le diffuseur \u00e0 disque est un produit fr\u00e9quemment pr\u00e9f\u00e9r\u00e9 dans les syst\u00e8mes de ventilation de confort. Le produit, qui a une large\",\"breadcrumb\":{\"@id\":\"https:\\\/\\\/govalf.com\\\/fr\\\/product\\\/disque-diffuseur\\\/#breadcrumb\"},\"inLanguage\":\"fr-FR\",\"potentialAction\":[{\"@type\":\"ReadAction\",\"target\":[\"https:\\\/\\\/govalf.com\\\/fr\\\/product\\\/disque-diffuseur\\\/\"]}]},{\"@type\":\"ImageObject\",\"inLanguage\":\"fr-FR\",\"@id\":\"https:\\\/\\\/govalf.com\\\/fr\\\/product\\\/disque-diffuseur\\\/#primaryimage\",\"url\":\"https:\\\/\\\/govalf.com\\\/wp-content\\\/uploads\\\/2022\\\/03\\\/Disque-Diffuseur-scaled.webp\",\"contentUrl\":\"https:\\\/\\\/govalf.com\\\/wp-content\\\/uploads\\\/2022\\\/03\\\/Disque-Diffuseur-scaled.webp\",\"width\":2560,\"height\":2560,\"caption\":\"Disque Diffuseur\"},{\"@type\":\"BreadcrumbList\",\"@id\":\"https:\\\/\\\/govalf.com\\\/fr\\\/product\\\/disque-diffuseur\\\/#breadcrumb\",\"itemListElement\":[{\"@type\":\"ListItem\",\"position\":1,\"name\":\"Anasayfa\",\"item\":\"https:\\\/\\\/govalf.com\\\/fr\\\/\"},{\"@type\":\"ListItem\",\"position\":2,\"name\":\"Products\",\"item\":\"https:\\\/\\\/govalf.com\\\/ar\\\/urunler%d9%85%d9%86%d8%aa%d8%ac%d8%a7%d8%aa\\\/\"},{\"@type\":\"ListItem\",\"position\":3,\"name\":\"Disque Diffuseur\"}]},{\"@type\":\"WebSite\",\"@id\":\"https:\\\/\\\/govalf.com\\\/ar\\\/#website\",\"url\":\"https:\\\/\\\/govalf.com\\\/ar\\\/\",\"name\":\"Go Valf Vana ve Pompa Sistemleri\",\"description\":\"Yang\u0131n S\u00f6nd\u00fcrme Sistemleri ve Ekipmanlar\u0131\",\"publisher\":{\"@id\":\"https:\\\/\\\/govalf.com\\\/ar\\\/#organization\"},\"potentialAction\":[{\"@type\":\"SearchAction\",\"target\":{\"@type\":\"EntryPoint\",\"urlTemplate\":\"https:\\\/\\\/govalf.com\\\/ar\\\/?s={search_term_string}\"},\"query-input\":{\"@type\":\"PropertyValueSpecification\",\"valueRequired\":true,\"valueName\":\"search_term_string\"}}],\"inLanguage\":\"fr-FR\"},{\"@type\":\"Organization\",\"@id\":\"https:\\\/\\\/govalf.com\\\/ar\\\/#organization\",\"name\":\"Go Valf\",\"url\":\"https:\\\/\\\/govalf.com\\\/ar\\\/\",\"logo\":{\"@type\":\"ImageObject\",\"inLanguage\":\"fr-FR\",\"@id\":\"https:\\\/\\\/govalf.com\\\/ar\\\/#\\\/schema\\\/logo\\\/image\\\/\",\"url\":\"https:\\\/\\\/govalf.com\\\/wp-content\\\/uploads\\\/2022\\\/02\\\/go-valf-logo.png\",\"contentUrl\":\"https:\\\/\\\/govalf.com\\\/wp-content\\\/uploads\\\/2022\\\/02\\\/go-valf-logo.png\",\"width\":504,\"height\":120,\"caption\":\"Go Valf\"},\"image\":{\"@id\":\"https:\\\/\\\/govalf.com\\\/ar\\\/#\\\/schema\\\/logo\\\/image\\\/\"}}]}<\/script>\n<!-- \/ Yoast SEO plugin. -->","yoast_head_json":{"title":"Disque Diffuseur - Go Valf Vana ve Pompa Sistemleri","description":"Le diffuseur \u00e0 disque est un produit fr\u00e9quemment pr\u00e9f\u00e9r\u00e9 dans les syst\u00e8mes de ventilation de confort. Le produit, qui a une large","robots":{"index":"index","follow":"follow","max-snippet":"max-snippet:-1","max-image-preview":"max-image-preview:large","max-video-preview":"max-video-preview:-1"},"canonical":"https:\/\/govalf.com\/fr\/product\/disque-diffuseur\/","og_locale":"fr_FR","og_type":"article","og_title":"Disque Diffuseur - Go Valf Vana ve Pompa Sistemleri","og_description":"Le diffuseur \u00e0 disque est un produit fr\u00e9quemment pr\u00e9f\u00e9r\u00e9 dans les syst\u00e8mes de ventilation de confort. Le produit, qui a une large","og_url":"https:\/\/govalf.com\/fr\/product\/disque-diffuseur\/","og_site_name":"Go Valf Vana ve Pompa Sistemleri","article_modified_time":"2022-06-08T10:01:11+00:00","og_image":[{"width":2560,"height":2560,"url":"https:\/\/govalf.com\/wp-content\/uploads\/2022\/03\/Disque-Diffuseur-scaled.webp","type":"image\/webp"}],"twitter_card":"summary_large_image","twitter_misc":{"Dur\u00e9e de lecture estim\u00e9e":"2 minutes"},"schema":{"@context":"https:\/\/schema.org","@graph":[{"@type":"WebPage","@id":"https:\/\/govalf.com\/fr\/product\/disque-diffuseur\/","url":"https:\/\/govalf.com\/fr\/product\/disque-diffuseur\/","name":"Disque Diffuseur - Go Valf Vana ve Pompa Sistemleri","isPartOf":{"@id":"https:\/\/govalf.com\/ar\/#website"},"primaryImageOfPage":{"@id":"https:\/\/govalf.com\/fr\/product\/disque-diffuseur\/#primaryimage"},"image":{"@id":"https:\/\/govalf.com\/fr\/product\/disque-diffuseur\/#primaryimage"},"thumbnailUrl":"https:\/\/govalf.com\/wp-content\/uploads\/2022\/03\/Disque-Diffuseur-scaled.webp","datePublished":"2022-03-22T10:59:04+00:00","dateModified":"2022-06-08T10:01:11+00:00","description":"Le diffuseur \u00e0 disque est un produit fr\u00e9quemment pr\u00e9f\u00e9r\u00e9 dans les syst\u00e8mes de ventilation de confort. Le produit, qui a une large","breadcrumb":{"@id":"https:\/\/govalf.com\/fr\/product\/disque-diffuseur\/#breadcrumb"},"inLanguage":"fr-FR","potentialAction":[{"@type":"ReadAction","target":["https:\/\/govalf.com\/fr\/product\/disque-diffuseur\/"]}]},{"@type":"ImageObject","inLanguage":"fr-FR","@id":"https:\/\/govalf.com\/fr\/product\/disque-diffuseur\/#primaryimage","url":"https:\/\/govalf.com\/wp-content\/uploads\/2022\/03\/Disque-Diffuseur-scaled.webp","contentUrl":"https:\/\/govalf.com\/wp-content\/uploads\/2022\/03\/Disque-Diffuseur-scaled.webp","width":2560,"height":2560,"caption":"Disque Diffuseur"},{"@type":"BreadcrumbList","@id":"https:\/\/govalf.com\/fr\/product\/disque-diffuseur\/#breadcrumb","itemListElement":[{"@type":"ListItem","position":1,"name":"Anasayfa","item":"https:\/\/govalf.com\/fr\/"},{"@type":"ListItem","position":2,"name":"Products","item":"https:\/\/govalf.com\/ar\/urunler%d9%85%d9%86%d8%aa%d8%ac%d8%a7%d8%aa\/"},{"@type":"ListItem","position":3,"name":"Disque Diffuseur"}]},{"@type":"WebSite","@id":"https:\/\/govalf.com\/ar\/#website","url":"https:\/\/govalf.com\/ar\/","name":"Go Valf Vana ve Pompa Sistemleri","description":"Yang\u0131n S\u00f6nd\u00fcrme Sistemleri ve Ekipmanlar\u0131","publisher":{"@id":"https:\/\/govalf.com\/ar\/#organization"},"potentialAction":[{"@type":"SearchAction","target":{"@type":"EntryPoint","urlTemplate":"https:\/\/govalf.com\/ar\/?s={search_term_string}"},"query-input":{"@type":"PropertyValueSpecification","valueRequired":true,"valueName":"search_term_string"}}],"inLanguage":"fr-FR"},{"@type":"Organization","@id":"https:\/\/govalf.com\/ar\/#organization","name":"Go Valf","url":"https:\/\/govalf.com\/ar\/","logo":{"@type":"ImageObject","inLanguage":"fr-FR","@id":"https:\/\/govalf.com\/ar\/#\/schema\/logo\/image\/","url":"https:\/\/govalf.com\/wp-content\/uploads\/2022\/02\/go-valf-logo.png","contentUrl":"https:\/\/govalf.com\/wp-content\/uploads\/2022\/02\/go-valf-logo.png","width":504,"height":120,"caption":"Go Valf"},"image":{"@id":"https:\/\/govalf.com\/ar\/#\/schema\/logo\/image\/"}}]}},"_links":{"self":[{"href":"https:\/\/govalf.com\/fr\/wp-json\/wp\/v2\/product\/4238","targetHints":{"allow":["GET"]}}],"collection":[{"href":"https:\/\/govalf.com\/fr\/wp-json\/wp\/v2\/product"}],"about":[{"href":"https:\/\/govalf.com\/fr\/wp-json\/wp\/v2\/types\/product"}],"replies":[{"embeddable":true,"href":"https:\/\/govalf.com\/fr\/wp-json\/wp\/v2\/comments?post=4238"}],"wp:featuredmedia":[{"embeddable":true,"href":"https:\/\/govalf.com\/fr\/wp-json\/wp\/v2\/media\/5534"}],"wp:attachment":[{"href":"https:\/\/govalf.com\/fr\/wp-json\/wp\/v2\/media?parent=4238"}],"wp:term":[{"taxonomy":"product_brand","embeddable":true,"href":"https:\/\/govalf.com\/fr\/wp-json\/wp\/v2\/product_brand?post=4238"},{"taxonomy":"product_cat","embeddable":true,"href":"https:\/\/govalf.com\/fr\/wp-json\/wp\/v2\/product_cat?post=4238"},{"taxonomy":"product_tag","embeddable":true,"href":"https:\/\/govalf.com\/fr\/wp-json\/wp\/v2\/product_tag?post=4238"}],"curies":[{"name":"wp","href":"https:\/\/api.w.org\/{rel}","templated":true}]}}